{"id":29471,"date":"2026-05-09T16:42:46","date_gmt":"2026-05-09T13:42:46","guid":{"rendered":"https:\/\/gegokids.ee\/?post_type=product&#038;p=29471"},"modified":"2026-05-09T16:42:46","modified_gmt":"2026-05-09T13:42:46","slug":"rammelaartje-satsidega-beebi-pudipoll","status":"publish","type":"product","link":"https:\/\/gegokids.ee\/en\/product\/rammelaartje-satsidega-beebi-pudipoll\/","title":{"rendered":"Rammelaartje satsidega beebi pudip\u00f5ll"},"content":{"rendered":"<p data-start=\"558\" data-end=\"812\">Rammelaartje satsidega beebi pudip\u00f5ll on valmistatud kvaliteetsest h\u00fcdrofiilsest puuvillast.<\/p>\n<p data-start=\"814\" data-end=\"1060\">Imav materjal aitab kiiresti niiskust ja v\u00e4ikseid plekke imada, mist\u00f5ttu sobib pudip\u00f5ll ideaalselt nii s\u00f6\u00f6mise, joomise kui ka ilastamise ajal kasutamiseks. Reguleeritav kinnitus v\u00f5imaldab mugavat ja turvalist sobivust erinevas vanuses beebidele.<\/p>\n<p data-start=\"1278\" data-end=\"1297\"><strong data-start=\"1278\" data-end=\"1297\">Toote omadused:<\/strong><\/p>\n<ul data-start=\"1298\" data-end=\"1542\">\n<li data-section-id=\"1ntwqj7\" data-start=\"1298\" data-end=\"1341\">H\u00fcdrofiilsest puuvillast beebi pudip\u00f5ll<\/li>\n<li data-section-id=\"g7604h\" data-start=\"1342\" data-end=\"1370\">Pehme ja hingav materjal<\/li>\n<li data-section-id=\"1v0j4f8\" data-start=\"1371\" data-end=\"1394\">Hea niiskuse imavus<\/li>\n<li data-section-id=\"g6uxl7\" data-start=\"1395\" data-end=\"1440\">Reguleeritav kinnitus mugavaks sobivuseks<\/li>\n<\/ul>","protected":false},"excerpt":{"rendered":"<p data-start=\"129\" data-end=\"311\">Pehmest h\u00fcdrofiilsest puuvillast satsidega beebi pudip\u00f5ll kaitseb riideid s\u00f6\u00f6mise ja ilastamise ajal. Imav materjal ning reguleeritav kinnitus tagavad mugava kasutamise.<\/p>","protected":false},"featured_media":29472,"comment_status":"open","ping_status":"closed","template":"","meta":[],"product_brand":[512],"product_cat":[285],"product_tag":[],"class_list":{"0":"post-29471","1":"product","2":"type-product","3":"status-publish","4":"has-post-thumbnail","6":"product_brand-rammelaartje","7":"product_cat-koik","9":"first","10":"instock","11":"shipping-taxable","12":"purchasable","13":"product-type-variable"},"yoast_head":"<!-- This site is optimized with the Yoast SEO plugin v26.9 - https:\/\/yoast.com\/product\/yoast-seo-wordpress\/ -->\n<title>Rammelaartje satsidega beebi pudip\u00f5ll | Gegokids<\/title>\n<meta name=\"description\" content=\"Armas satsidega h\u00fcdrofiilne beebi pudip\u00f5ll. Pehme, h\u00e4sti imav ja \u00f5rn tundlikule beebinahale. Ideaalne s\u00f6\u00f6giaegadeks ja igap\u00e4evaseks kasutamiseks.\" \/>\n<meta name=\"robots\" content=\"index, follow, max-snippet:-1, max-image-preview:large, max-video-preview:-1\" \/>\n<link rel=\"canonical\" href=\"https:\/\/gegokids.ee\/en\/product\/rammelaartje-satsidega-beebi-pudipoll\/\" \/>\n<meta property=\"og:locale\" content=\"en_US\" \/>\n<meta property=\"og:type\" content=\"article\" \/>\n<meta property=\"og:title\" content=\"Rammelaartje satsidega beebi pudip\u00f5ll | Gegokids\" \/>\n<meta property=\"og:description\" content=\"Armas satsidega h\u00fcdrofiilne beebi pudip\u00f5ll. Pehme, h\u00e4sti imav ja \u00f5rn tundlikule beebinahale. Ideaalne s\u00f6\u00f6giaegadeks ja igap\u00e4evaseks kasutamiseks.\" \/>\n<meta property=\"og:url\" content=\"https:\/\/gegokids.ee\/en\/product\/rammelaartje-satsidega-beebi-pudipoll\/\" \/>\n<meta property=\"og:site_name\" content=\"Gegokids\" \/>\n<meta property=\"article:publisher\" content=\"https:\/\/www.facebook.com\/GegoKids\" \/>\n<meta property=\"og:image\" content=\"https:\/\/gegokids.ee\/wp-content\/uploads\/2026\/05\/Gegokids-35.png\" \/>\n\t<meta property=\"og:image:width\" content=\"600\" \/>\n\t<meta property=\"og:image:height\" content=\"400\" \/>\n\t<meta property=\"og:image:type\" content=\"image\/png\" \/>\n<meta name=\"twitter:card\" content=\"summary_large_image\" \/>\n<meta name=\"twitter:label1\" content=\"Est. reading time\" \/>\n\t<meta name=\"twitter:data1\" content=\"1 minute\" \/>\n<script type=\"application\/ld+json\" class=\"yoast-schema-graph\">{\"@context\":\"https:\/\/schema.org\",\"@graph\":[{\"@type\":\"WebPage\",\"@id\":\"https:\/\/gegokids.ee\/toode\/rammelaartje-satsidega-beebi-pudipoll\/\",\"url\":\"https:\/\/gegokids.ee\/toode\/rammelaartje-satsidega-beebi-pudipoll\/\",\"name\":\"Rammelaartje satsidega beebi pudip\u00f5ll | Gegokids\",\"isPartOf\":{\"@id\":\"https:\/\/gegokids.ee\/#website\"},\"primaryImageOfPage\":{\"@id\":\"https:\/\/gegokids.ee\/toode\/rammelaartje-satsidega-beebi-pudipoll\/#primaryimage\"},\"image\":{\"@id\":\"https:\/\/gegokids.ee\/toode\/rammelaartje-satsidega-beebi-pudipoll\/#primaryimage\"},\"thumbnailUrl\":\"https:\/\/gegokids.ee\/wp-content\/uploads\/2026\/05\/Gegokids-35.png\",\"datePublished\":\"2026-05-09T13:42:46+00:00\",\"description\":\"Armas satsidega h\u00fcdrofiilne beebi pudip\u00f5ll. Pehme, h\u00e4sti imav ja \u00f5rn tundlikule beebinahale. Ideaalne s\u00f6\u00f6giaegadeks ja igap\u00e4evaseks kasutamiseks.\",\"breadcrumb\":{\"@id\":\"https:\/\/gegokids.ee\/toode\/rammelaartje-satsidega-beebi-pudipoll\/#breadcrumb\"},\"inLanguage\":\"en-US\",\"potentialAction\":[{\"@type\":\"ReadAction\",\"target\":[\"https:\/\/gegokids.ee\/toode\/rammelaartje-satsidega-beebi-pudipoll\/\"]}]},{\"@type\":\"ImageObject\",\"inLanguage\":\"en-US\",\"@id\":\"https:\/\/gegokids.ee\/toode\/rammelaartje-satsidega-beebi-pudipoll\/#primaryimage\",\"url\":\"https:\/\/gegokids.ee\/wp-content\/uploads\/2026\/05\/Gegokids-35.png\",\"contentUrl\":\"https:\/\/gegokids.ee\/wp-content\/uploads\/2026\/05\/Gegokids-35.png\",\"width\":600,\"height\":400},{\"@type\":\"BreadcrumbList\",\"@id\":\"https:\/\/gegokids.ee\/toode\/rammelaartje-satsidega-beebi-pudipoll\/#breadcrumb\",\"itemListElement\":[{\"@type\":\"ListItem\",\"position\":1,\"name\":\"Home\",\"item\":\"https:\/\/gegokids.ee\/en\/\"},{\"@type\":\"ListItem\",\"position\":2,\"name\":\"E-pood\",\"item\":\"https:\/\/gegokids.ee\/e-pood\/\"},{\"@type\":\"ListItem\",\"position\":3,\"name\":\"Rammelaartje satsidega beebi pudip\u00f5ll\"}]},{\"@type\":\"WebSite\",\"@id\":\"https:\/\/gegokids.ee\/#website\",\"url\":\"https:\/\/gegokids.ee\/\",\"name\":\"Gegokids\",\"description\":\"Kvaliteetsed ja turvalised laste m\u00e4nguasjad.\",\"publisher\":{\"@id\":\"https:\/\/gegokids.ee\/#organization\"},\"potentialAction\":[{\"@type\":\"SearchAction\",\"target\":{\"@type\":\"EntryPoint\",\"urlTemplate\":\"https:\/\/gegokids.ee\/?s={search_term_string}\"},\"query-input\":{\"@type\":\"PropertyValueSpecification\",\"valueRequired\":true,\"valueName\":\"search_term_string\"}}],\"inLanguage\":\"en-US\"},{\"@type\":\"Organization\",\"@id\":\"https:\/\/gegokids.ee\/#organization\",\"name\":\"Gegokids\",\"url\":\"https:\/\/gegokids.ee\/\",\"logo\":{\"@type\":\"ImageObject\",\"inLanguage\":\"en-US\",\"@id\":\"https:\/\/gegokids.ee\/#\/schema\/logo\/image\/\",\"url\":\"https:\/\/gegokids.ee\/wp-content\/uploads\/2022\/06\/logo2.png\",\"contentUrl\":\"https:\/\/gegokids.ee\/wp-content\/uploads\/2022\/06\/logo2.png\",\"width\":358,\"height\":104,\"caption\":\"Gegokids\"},\"image\":{\"@id\":\"https:\/\/gegokids.ee\/#\/schema\/logo\/image\/\"},\"sameAs\":[\"https:\/\/www.facebook.com\/GegoKids\",\"https:\/\/www.instagram.com\/gegokids.ee\/\"]}]}<\/script>\n<!-- \/ Yoast SEO plugin. -->","yoast_head_json":{"title":"Rammelaartje satsidega beebi pudip\u00f5ll | Gegokids","description":"Armas satsidega h\u00fcdrofiilne beebi pudip\u00f5ll. Pehme, h\u00e4sti imav ja \u00f5rn tundlikule beebinahale. Ideaalne s\u00f6\u00f6giaegadeks ja igap\u00e4evaseks kasutamiseks.","robots":{"index":"index","follow":"follow","max-snippet":"max-snippet:-1","max-image-preview":"max-image-preview:large","max-video-preview":"max-video-preview:-1"},"canonical":"https:\/\/gegokids.ee\/en\/product\/rammelaartje-satsidega-beebi-pudipoll\/","og_locale":"en_US","og_type":"article","og_title":"Rammelaartje satsidega beebi pudip\u00f5ll | Gegokids","og_description":"Armas satsidega h\u00fcdrofiilne beebi pudip\u00f5ll. Pehme, h\u00e4sti imav ja \u00f5rn tundlikule beebinahale. Ideaalne s\u00f6\u00f6giaegadeks ja igap\u00e4evaseks kasutamiseks.","og_url":"https:\/\/gegokids.ee\/en\/product\/rammelaartje-satsidega-beebi-pudipoll\/","og_site_name":"Gegokids","article_publisher":"https:\/\/www.facebook.com\/GegoKids","og_image":[{"width":600,"height":400,"url":"https:\/\/gegokids.ee\/wp-content\/uploads\/2026\/05\/Gegokids-35.png","type":"image\/png"}],"twitter_card":"summary_large_image","twitter_misc":{"Est. reading time":"1 minute"},"schema":{"@context":"https:\/\/schema.org","@graph":[{"@type":"WebPage","@id":"https:\/\/gegokids.ee\/toode\/rammelaartje-satsidega-beebi-pudipoll\/","url":"https:\/\/gegokids.ee\/toode\/rammelaartje-satsidega-beebi-pudipoll\/","name":"Rammelaartje satsidega beebi pudip\u00f5ll | Gegokids","isPartOf":{"@id":"https:\/\/gegokids.ee\/#website"},"primaryImageOfPage":{"@id":"https:\/\/gegokids.ee\/toode\/rammelaartje-satsidega-beebi-pudipoll\/#primaryimage"},"image":{"@id":"https:\/\/gegokids.ee\/toode\/rammelaartje-satsidega-beebi-pudipoll\/#primaryimage"},"thumbnailUrl":"https:\/\/gegokids.ee\/wp-content\/uploads\/2026\/05\/Gegokids-35.png","datePublished":"2026-05-09T13:42:46+00:00","description":"Armas satsidega h\u00fcdrofiilne beebi pudip\u00f5ll. Pehme, h\u00e4sti imav ja \u00f5rn tundlikule beebinahale. Ideaalne s\u00f6\u00f6giaegadeks ja igap\u00e4evaseks kasutamiseks.","breadcrumb":{"@id":"https:\/\/gegokids.ee\/toode\/rammelaartje-satsidega-beebi-pudipoll\/#breadcrumb"},"inLanguage":"en-US","potentialAction":[{"@type":"ReadAction","target":["https:\/\/gegokids.ee\/toode\/rammelaartje-satsidega-beebi-pudipoll\/"]}]},{"@type":"ImageObject","inLanguage":"en-US","@id":"https:\/\/gegokids.ee\/toode\/rammelaartje-satsidega-beebi-pudipoll\/#primaryimage","url":"https:\/\/gegokids.ee\/wp-content\/uploads\/2026\/05\/Gegokids-35.png","contentUrl":"https:\/\/gegokids.ee\/wp-content\/uploads\/2026\/05\/Gegokids-35.png","width":600,"height":400},{"@type":"BreadcrumbList","@id":"https:\/\/gegokids.ee\/toode\/rammelaartje-satsidega-beebi-pudipoll\/#breadcrumb","itemListElement":[{"@type":"ListItem","position":1,"name":"Home","item":"https:\/\/gegokids.ee\/en\/"},{"@type":"ListItem","position":2,"name":"E-pood","item":"https:\/\/gegokids.ee\/e-pood\/"},{"@type":"ListItem","position":3,"name":"Rammelaartje satsidega beebi pudip\u00f5ll"}]},{"@type":"WebSite","@id":"https:\/\/gegokids.ee\/#website","url":"https:\/\/gegokids.ee\/","name":"Gegokids","description":"Kvaliteetsed ja turvalised laste m\u00e4nguasjad.","publisher":{"@id":"https:\/\/gegokids.ee\/#organization"},"potentialAction":[{"@type":"SearchAction","target":{"@type":"EntryPoint","urlTemplate":"https:\/\/gegokids.ee\/?s={search_term_string}"},"query-input":{"@type":"PropertyValueSpecification","valueRequired":true,"valueName":"search_term_string"}}],"inLanguage":"en-US"},{"@type":"Organization","@id":"https:\/\/gegokids.ee\/#organization","name":"Gegokids","url":"https:\/\/gegokids.ee\/","logo":{"@type":"ImageObject","inLanguage":"en-US","@id":"https:\/\/gegokids.ee\/#\/schema\/logo\/image\/","url":"https:\/\/gegokids.ee\/wp-content\/uploads\/2022\/06\/logo2.png","contentUrl":"https:\/\/gegokids.ee\/wp-content\/uploads\/2022\/06\/logo2.png","width":358,"height":104,"caption":"Gegokids"},"image":{"@id":"https:\/\/gegokids.ee\/#\/schema\/logo\/image\/"},"sameAs":["https:\/\/www.facebook.com\/GegoKids","https:\/\/www.instagram.com\/gegokids.ee\/"]}]}},"_links":{"self":[{"href":"https:\/\/gegokids.ee\/en\/wp-json\/wp\/v2\/product\/29471","targetHints":{"allow":["GET"]}}],"collection":[{"href":"https:\/\/gegokids.ee\/en\/wp-json\/wp\/v2\/product"}],"about":[{"href":"https:\/\/gegokids.ee\/en\/wp-json\/wp\/v2\/types\/product"}],"replies":[{"embeddable":true,"href":"https:\/\/gegokids.ee\/en\/wp-json\/wp\/v2\/comments?post=29471"}],"version-history":[{"count":1,"href":"https:\/\/gegokids.ee\/en\/wp-json\/wp\/v2\/product\/29471\/revisions"}],"predecessor-version":[{"id":29483,"href":"https:\/\/gegokids.ee\/en\/wp-json\/wp\/v2\/product\/29471\/revisions\/29483"}],"wp:featuredmedia":[{"embeddable":true,"href":"https:\/\/gegokids.ee\/en\/wp-json\/wp\/v2\/media\/29472"}],"wp:attachment":[{"href":"https:\/\/gegokids.ee\/en\/wp-json\/wp\/v2\/media?parent=29471"}],"wp:term":[{"taxonomy":"product_brand","embeddable":true,"href":"https:\/\/gegokids.ee\/en\/wp-json\/wp\/v2\/product_brand?post=29471"},{"taxonomy":"product_cat","embeddable":true,"href":"https:\/\/gegokids.ee\/en\/wp-json\/wp\/v2\/product_cat?post=29471"},{"taxonomy":"product_tag","embeddable":true,"href":"https:\/\/gegokids.ee\/en\/wp-json\/wp\/v2\/product_tag?post=29471"}],"curies":[{"name":"wp","href":"https:\/\/api.w.org\/{rel}","templated":true}]}}