{"id":29453,"date":"2026-05-09T16:24:42","date_gmt":"2026-05-09T13:24:42","guid":{"rendered":"https:\/\/gegokids.ee\/?post_type=product&#038;p=29453"},"modified":"2026-05-09T16:31:22","modified_gmt":"2026-05-09T13:31:22","slug":"rammelaartje-puuvillane-trukkidega-kaelaratt","status":"publish","type":"product","link":"https:\/\/gegokids.ee\/en\/product\/rammelaartje-puuvillane-trukkidega-kaelaratt\/","title":{"rendered":"Rammelaartje puuvillane trukkidega kaelar\u00e4tt"},"content":{"rendered":"<p data-start=\"565\" data-end=\"820\">Rammelaartje praktiline ja stiilne beebi kaelar\u00e4tt on valmistatud pehmest ning hingavast puuvillast. Hea imavusega kangas aitab t\u00f5husalt kaitsta riideid ila, v\u00e4ikeste plekkide ja niiskuse eest. T\u00e4nu reguleeritavatele trukkidele saab pudip\u00f5lle mugavalt lapse kasvuga kohandada, tagades hea istuvuse erinevas vanuses beebidele.<\/p>\n<p data-start=\"1299\" data-end=\"1318\"><strong data-start=\"1299\" data-end=\"1318\">Toote omadused:<\/strong><\/p>\n<ul data-start=\"1319\" data-end=\"1531\">\n<li data-section-id=\"18n2f8g\" data-start=\"1319\" data-end=\"1349\">H\u00fcdrofiilne pudip\u00f5ll<\/li>\n<li data-section-id=\"fy0tvq\" data-start=\"1350\" data-end=\"1377\">Pehme ja hingav puuvill<\/li>\n<li data-section-id=\"15k8uea\" data-start=\"1402\" data-end=\"1447\">Reguleeritavad trukid mugavaks sobivuseks<\/li>\n<li data-section-id=\"dgywn2\" data-start=\"1448\" data-end=\"1478\">\u00d5rn tundlikule beebinahale<\/li>\n<li data-section-id=\"14iwt0p\" data-start=\"1496\" data-end=\"1531\">Sobib igap\u00e4evaseks kasutamiseks<\/li>\n<\/ul>\n<p data-start=\"1533\" data-end=\"1545\"><strong data-start=\"1533\" data-end=\"1545\">Hooldus:<\/strong><\/p>\n<ul data-start=\"1546\" data-end=\"1590\">\n<li data-section-id=\"17q5nxx\" data-start=\"1546\" data-end=\"1561\">Masinpestav<\/li>\n<li data-section-id=\"1hzg4dz\" data-start=\"1562\" data-end=\"1590\">Mitte kuivatada kuivatis<\/li>\n<\/ul>","protected":false},"excerpt":{"rendered":"<p data-start=\"150\" data-end=\"327\">Pehmest ja hingavast puuvillast h\u00fcdrofiilne beebi pudip\u00f5ll hoiab lapse kuivana ning kaitseb riideid ila ja v\u00e4ikeste plekkide eest. Reguleeritavad trukid tagavad mugava istuvuse.<\/p>","protected":false},"featured_media":29455,"comment_status":"open","ping_status":"closed","template":"","meta":[],"product_brand":[512],"product_cat":[285],"product_tag":[453,457],"class_list":{"0":"post-29453","1":"product","2":"type-product","3":"status-publish","4":"has-post-thumbnail","6":"product_brand-rammelaartje","7":"product_cat-koik","8":"product_tag-soogipolled-taskuga","9":"product_tag-beebidele-0-1-a","11":"first","12":"instock","13":"shipping-taxable","14":"purchasable","15":"product-type-variable"},"yoast_head":"<!-- This site is optimized with the Yoast SEO plugin v26.9 - https:\/\/yoast.com\/product\/yoast-seo-wordpress\/ -->\n<title>Rammelaartje puuvillane trukkidega kaelar\u00e4tt | Gegokids<\/title>\n<meta name=\"description\" content=\"Rammelaartje h\u00fcdrofiilne beebi pudip\u00f5ll bee\u017eis toonis. Pehme puuvillane kaelar\u00e4tt reguleeritavate trukkidega, mis aitab hoida beebi kuivana ja mugavana.\" \/>\n<meta name=\"robots\" content=\"index, follow, max-snippet:-1, max-image-preview:large, max-video-preview:-1\" \/>\n<link rel=\"canonical\" href=\"https:\/\/gegokids.ee\/en\/product\/rammelaartje-puuvillane-trukkidega-kaelaratt\/\" \/>\n<meta property=\"og:locale\" content=\"en_US\" \/>\n<meta property=\"og:type\" content=\"article\" \/>\n<meta property=\"og:title\" content=\"Rammelaartje puuvillane trukkidega kaelar\u00e4tt | Gegokids\" \/>\n<meta property=\"og:description\" content=\"Rammelaartje h\u00fcdrofiilne beebi pudip\u00f5ll bee\u017eis toonis. Pehme puuvillane kaelar\u00e4tt reguleeritavate trukkidega, mis aitab hoida beebi kuivana ja mugavana.\" \/>\n<meta property=\"og:url\" content=\"https:\/\/gegokids.ee\/en\/product\/rammelaartje-puuvillane-trukkidega-kaelaratt\/\" \/>\n<meta property=\"og:site_name\" content=\"Gegokids\" \/>\n<meta property=\"article:publisher\" content=\"https:\/\/www.facebook.com\/GegoKids\" \/>\n<meta property=\"article:modified_time\" content=\"2026-05-09T13:31:22+00:00\" \/>\n<meta property=\"og:image\" content=\"https:\/\/gegokids.ee\/wp-content\/uploads\/2026\/05\/Gegokids-34.png\" \/>\n\t<meta property=\"og:image:width\" content=\"600\" \/>\n\t<meta property=\"og:image:height\" content=\"400\" \/>\n\t<meta property=\"og:image:type\" content=\"image\/png\" \/>\n<meta name=\"twitter:card\" content=\"summary_large_image\" \/>\n<meta name=\"twitter:label1\" content=\"Est. reading time\" \/>\n\t<meta name=\"twitter:data1\" content=\"1 minute\" \/>\n<script type=\"application\/ld+json\" class=\"yoast-schema-graph\">{\"@context\":\"https:\/\/schema.org\",\"@graph\":[{\"@type\":\"WebPage\",\"@id\":\"https:\/\/gegokids.ee\/toode\/rammelaartje-puuvillane-trukkidega-kaelaratt\/\",\"url\":\"https:\/\/gegokids.ee\/toode\/rammelaartje-puuvillane-trukkidega-kaelaratt\/\",\"name\":\"Rammelaartje puuvillane trukkidega kaelar\u00e4tt | Gegokids\",\"isPartOf\":{\"@id\":\"https:\/\/gegokids.ee\/#website\"},\"primaryImageOfPage\":{\"@id\":\"https:\/\/gegokids.ee\/toode\/rammelaartje-puuvillane-trukkidega-kaelaratt\/#primaryimage\"},\"image\":{\"@id\":\"https:\/\/gegokids.ee\/toode\/rammelaartje-puuvillane-trukkidega-kaelaratt\/#primaryimage\"},\"thumbnailUrl\":\"https:\/\/gegokids.ee\/wp-content\/uploads\/2026\/05\/Gegokids-34.png\",\"datePublished\":\"2026-05-09T13:24:42+00:00\",\"dateModified\":\"2026-05-09T13:31:22+00:00\",\"description\":\"Rammelaartje h\u00fcdrofiilne beebi pudip\u00f5ll bee\u017eis toonis. Pehme puuvillane kaelar\u00e4tt reguleeritavate trukkidega, mis aitab hoida beebi kuivana ja mugavana.\",\"breadcrumb\":{\"@id\":\"https:\/\/gegokids.ee\/toode\/rammelaartje-puuvillane-trukkidega-kaelaratt\/#breadcrumb\"},\"inLanguage\":\"en-US\",\"potentialAction\":[{\"@type\":\"ReadAction\",\"target\":[\"https:\/\/gegokids.ee\/toode\/rammelaartje-puuvillane-trukkidega-kaelaratt\/\"]}]},{\"@type\":\"ImageObject\",\"inLanguage\":\"en-US\",\"@id\":\"https:\/\/gegokids.ee\/toode\/rammelaartje-puuvillane-trukkidega-kaelaratt\/#primaryimage\",\"url\":\"https:\/\/gegokids.ee\/wp-content\/uploads\/2026\/05\/Gegokids-34.png\",\"contentUrl\":\"https:\/\/gegokids.ee\/wp-content\/uploads\/2026\/05\/Gegokids-34.png\",\"width\":600,\"height\":400},{\"@type\":\"BreadcrumbList\",\"@id\":\"https:\/\/gegokids.ee\/toode\/rammelaartje-puuvillane-trukkidega-kaelaratt\/#breadcrumb\",\"itemListElement\":[{\"@type\":\"ListItem\",\"position\":1,\"name\":\"Home\",\"item\":\"https:\/\/gegokids.ee\/en\/\"},{\"@type\":\"ListItem\",\"position\":2,\"name\":\"E-pood\",\"item\":\"https:\/\/gegokids.ee\/e-pood\/\"},{\"@type\":\"ListItem\",\"position\":3,\"name\":\"Rammelaartje puuvillane trukkidega kaelar\u00e4tt\"}]},{\"@type\":\"WebSite\",\"@id\":\"https:\/\/gegokids.ee\/#website\",\"url\":\"https:\/\/gegokids.ee\/\",\"name\":\"Gegokids\",\"description\":\"Kvaliteetsed ja turvalised laste m\u00e4nguasjad.\",\"publisher\":{\"@id\":\"https:\/\/gegokids.ee\/#organization\"},\"potentialAction\":[{\"@type\":\"SearchAction\",\"target\":{\"@type\":\"EntryPoint\",\"urlTemplate\":\"https:\/\/gegokids.ee\/?s={search_term_string}\"},\"query-input\":{\"@type\":\"PropertyValueSpecification\",\"valueRequired\":true,\"valueName\":\"search_term_string\"}}],\"inLanguage\":\"en-US\"},{\"@type\":\"Organization\",\"@id\":\"https:\/\/gegokids.ee\/#organization\",\"name\":\"Gegokids\",\"url\":\"https:\/\/gegokids.ee\/\",\"logo\":{\"@type\":\"ImageObject\",\"inLanguage\":\"en-US\",\"@id\":\"https:\/\/gegokids.ee\/#\/schema\/logo\/image\/\",\"url\":\"https:\/\/gegokids.ee\/wp-content\/uploads\/2022\/06\/logo2.png\",\"contentUrl\":\"https:\/\/gegokids.ee\/wp-content\/uploads\/2022\/06\/logo2.png\",\"width\":358,\"height\":104,\"caption\":\"Gegokids\"},\"image\":{\"@id\":\"https:\/\/gegokids.ee\/#\/schema\/logo\/image\/\"},\"sameAs\":[\"https:\/\/www.facebook.com\/GegoKids\",\"https:\/\/www.instagram.com\/gegokids.ee\/\"]}]}<\/script>\n<!-- \/ Yoast SEO plugin. -->","yoast_head_json":{"title":"Rammelaartje puuvillane trukkidega kaelar\u00e4tt | Gegokids","description":"Rammelaartje h\u00fcdrofiilne beebi pudip\u00f5ll bee\u017eis toonis. Pehme puuvillane kaelar\u00e4tt reguleeritavate trukkidega, mis aitab hoida beebi kuivana ja mugavana.","robots":{"index":"index","follow":"follow","max-snippet":"max-snippet:-1","max-image-preview":"max-image-preview:large","max-video-preview":"max-video-preview:-1"},"canonical":"https:\/\/gegokids.ee\/en\/product\/rammelaartje-puuvillane-trukkidega-kaelaratt\/","og_locale":"en_US","og_type":"article","og_title":"Rammelaartje puuvillane trukkidega kaelar\u00e4tt | Gegokids","og_description":"Rammelaartje h\u00fcdrofiilne beebi pudip\u00f5ll bee\u017eis toonis. Pehme puuvillane kaelar\u00e4tt reguleeritavate trukkidega, mis aitab hoida beebi kuivana ja mugavana.","og_url":"https:\/\/gegokids.ee\/en\/product\/rammelaartje-puuvillane-trukkidega-kaelaratt\/","og_site_name":"Gegokids","article_publisher":"https:\/\/www.facebook.com\/GegoKids","article_modified_time":"2026-05-09T13:31:22+00:00","og_image":[{"width":600,"height":400,"url":"https:\/\/gegokids.ee\/wp-content\/uploads\/2026\/05\/Gegokids-34.png","type":"image\/png"}],"twitter_card":"summary_large_image","twitter_misc":{"Est. reading time":"1 minute"},"schema":{"@context":"https:\/\/schema.org","@graph":[{"@type":"WebPage","@id":"https:\/\/gegokids.ee\/toode\/rammelaartje-puuvillane-trukkidega-kaelaratt\/","url":"https:\/\/gegokids.ee\/toode\/rammelaartje-puuvillane-trukkidega-kaelaratt\/","name":"Rammelaartje puuvillane trukkidega kaelar\u00e4tt | Gegokids","isPartOf":{"@id":"https:\/\/gegokids.ee\/#website"},"primaryImageOfPage":{"@id":"https:\/\/gegokids.ee\/toode\/rammelaartje-puuvillane-trukkidega-kaelaratt\/#primaryimage"},"image":{"@id":"https:\/\/gegokids.ee\/toode\/rammelaartje-puuvillane-trukkidega-kaelaratt\/#primaryimage"},"thumbnailUrl":"https:\/\/gegokids.ee\/wp-content\/uploads\/2026\/05\/Gegokids-34.png","datePublished":"2026-05-09T13:24:42+00:00","dateModified":"2026-05-09T13:31:22+00:00","description":"Rammelaartje h\u00fcdrofiilne beebi pudip\u00f5ll bee\u017eis toonis. Pehme puuvillane kaelar\u00e4tt reguleeritavate trukkidega, mis aitab hoida beebi kuivana ja mugavana.","breadcrumb":{"@id":"https:\/\/gegokids.ee\/toode\/rammelaartje-puuvillane-trukkidega-kaelaratt\/#breadcrumb"},"inLanguage":"en-US","potentialAction":[{"@type":"ReadAction","target":["https:\/\/gegokids.ee\/toode\/rammelaartje-puuvillane-trukkidega-kaelaratt\/"]}]},{"@type":"ImageObject","inLanguage":"en-US","@id":"https:\/\/gegokids.ee\/toode\/rammelaartje-puuvillane-trukkidega-kaelaratt\/#primaryimage","url":"https:\/\/gegokids.ee\/wp-content\/uploads\/2026\/05\/Gegokids-34.png","contentUrl":"https:\/\/gegokids.ee\/wp-content\/uploads\/2026\/05\/Gegokids-34.png","width":600,"height":400},{"@type":"BreadcrumbList","@id":"https:\/\/gegokids.ee\/toode\/rammelaartje-puuvillane-trukkidega-kaelaratt\/#breadcrumb","itemListElement":[{"@type":"ListItem","position":1,"name":"Home","item":"https:\/\/gegokids.ee\/en\/"},{"@type":"ListItem","position":2,"name":"E-pood","item":"https:\/\/gegokids.ee\/e-pood\/"},{"@type":"ListItem","position":3,"name":"Rammelaartje puuvillane trukkidega kaelar\u00e4tt"}]},{"@type":"WebSite","@id":"https:\/\/gegokids.ee\/#website","url":"https:\/\/gegokids.ee\/","name":"Gegokids","description":"Kvaliteetsed ja turvalised laste m\u00e4nguasjad.","publisher":{"@id":"https:\/\/gegokids.ee\/#organization"},"potentialAction":[{"@type":"SearchAction","target":{"@type":"EntryPoint","urlTemplate":"https:\/\/gegokids.ee\/?s={search_term_string}"},"query-input":{"@type":"PropertyValueSpecification","valueRequired":true,"valueName":"search_term_string"}}],"inLanguage":"en-US"},{"@type":"Organization","@id":"https:\/\/gegokids.ee\/#organization","name":"Gegokids","url":"https:\/\/gegokids.ee\/","logo":{"@type":"ImageObject","inLanguage":"en-US","@id":"https:\/\/gegokids.ee\/#\/schema\/logo\/image\/","url":"https:\/\/gegokids.ee\/wp-content\/uploads\/2022\/06\/logo2.png","contentUrl":"https:\/\/gegokids.ee\/wp-content\/uploads\/2022\/06\/logo2.png","width":358,"height":104,"caption":"Gegokids"},"image":{"@id":"https:\/\/gegokids.ee\/#\/schema\/logo\/image\/"},"sameAs":["https:\/\/www.facebook.com\/GegoKids","https:\/\/www.instagram.com\/gegokids.ee\/"]}]}},"_links":{"self":[{"href":"https:\/\/gegokids.ee\/en\/wp-json\/wp\/v2\/product\/29453","targetHints":{"allow":["GET"]}}],"collection":[{"href":"https:\/\/gegokids.ee\/en\/wp-json\/wp\/v2\/product"}],"about":[{"href":"https:\/\/gegokids.ee\/en\/wp-json\/wp\/v2\/types\/product"}],"replies":[{"embeddable":true,"href":"https:\/\/gegokids.ee\/en\/wp-json\/wp\/v2\/comments?post=29453"}],"version-history":[{"count":1,"href":"https:\/\/gegokids.ee\/en\/wp-json\/wp\/v2\/product\/29453\/revisions"}],"predecessor-version":[{"id":29454,"href":"https:\/\/gegokids.ee\/en\/wp-json\/wp\/v2\/product\/29453\/revisions\/29454"}],"wp:featuredmedia":[{"embeddable":true,"href":"https:\/\/gegokids.ee\/en\/wp-json\/wp\/v2\/media\/29455"}],"wp:attachment":[{"href":"https:\/\/gegokids.ee\/en\/wp-json\/wp\/v2\/media?parent=29453"}],"wp:term":[{"taxonomy":"product_brand","embeddable":true,"href":"https:\/\/gegokids.ee\/en\/wp-json\/wp\/v2\/product_brand?post=29453"},{"taxonomy":"product_cat","embeddable":true,"href":"https:\/\/gegokids.ee\/en\/wp-json\/wp\/v2\/product_cat?post=29453"},{"taxonomy":"product_tag","embeddable":true,"href":"https:\/\/gegokids.ee\/en\/wp-json\/wp\/v2\/product_tag?post=29453"}],"curies":[{"name":"wp","href":"https:\/\/api.w.org\/{rel}","templated":true}]}}