{"id":29431,"date":"2026-05-09T15:47:52","date_gmt":"2026-05-09T12:47:52","guid":{"rendered":"https:\/\/gegokids.ee\/?post_type=product&#038;p=29431"},"modified":"2026-05-09T15:47:52","modified_gmt":"2026-05-09T12:47:52","slug":"rammelaartje-puidust-beebi-kammikomplekt","status":"publish","type":"product","link":"https:\/\/gegokids.ee\/en\/product\/rammelaartje-puidust-beebi-kammikomplekt\/","title":{"rendered":"Rammelaartje puidust beebi kammikomplekt"},"content":{"rendered":"<p data-start=\"543\" data-end=\"818\">Hoolitse oma beebi pehmete juuste eest Rammelaartje puidust beebiharja- ja kammikomplektiga. Hoolduskomplekt on valmistatud kvaliteetsest p\u00f6\u00f6gipuust ning loodud spetsiaalselt vasts\u00fcndinute ja v\u00e4ikeste laste tundlikule peanahale.<\/p>\n<p data-start=\"820\" data-end=\"1115\">Beebihari on \u00fclipehmete naturaalsete kitsekarvadest harjastega, mis aitavad \u00f5rnalt masseerida peanahka. Komplekti kuuluv puidust kamm siledate ja \u00fcmarate piidega aitab juukseid ettevaatlikult kammida.<\/p>\n<p data-start=\"1117\" data-end=\"1251\">Komplekt on h\u00fcpoallergeenne ja looduslik, mist\u00f5ttu sobib ideaalselt igap\u00e4evaseks kasutamiseks juba s\u00fcnnist alates.<\/p>\n<p data-start=\"1253\" data-end=\"1368\">See stiilne ja ajatu beebihoolduskomplekt on suurep\u00e4rane kingitus beebipeoks, katsikuks v\u00f5i v\u00e4rskele lapsevanemale.<\/p>\n<p data-start=\"1370\" data-end=\"1389\"><strong data-start=\"1370\" data-end=\"1389\">Toote omadused:<\/strong><\/p>\n<ul data-start=\"1390\" data-end=\"1700\">\n<li data-section-id=\"1xt63ck\" data-start=\"1390\" data-end=\"1430\">Valmistatud vastupidavast p\u00f6\u00f6gipuust<\/li>\n<li data-section-id=\"udhxli\" data-start=\"1469\" data-end=\"1504\">Sobib tundlikule beebipeanahale<\/li>\n<li data-section-id=\"udhxli\" data-start=\"1469\" data-end=\"1504\">Kamm \u00fcmarate piidega mugavaks kasutamiseks<\/li>\n<li data-section-id=\"ecqptc\" data-start=\"1589\" data-end=\"1633\">Kerge, ergonoomiline ja mugav k\u00e4es hoida<\/li>\n<li data-section-id=\"q0isvj\" data-start=\"1634\" data-end=\"1662\">H\u00fcpoallergeenne ja ohutu<\/li>\n<li data-section-id=\"kho71d\" data-start=\"1663\" data-end=\"1700\">Sobib kasutamiseks alates s\u00fcnnist<\/li>\n<\/ul>\n<p data-start=\"1702\" data-end=\"1724\"><strong data-start=\"1702\" data-end=\"1724\">Komplekt sisaldab:<\/strong><\/p>\n<ul data-start=\"1725\" data-end=\"1759\">\n<li data-section-id=\"1wvsezm\" data-start=\"1725\" data-end=\"1740\">1 beebihari<\/li>\n<li data-section-id=\"nh8b7t\" data-start=\"1741\" data-end=\"1759\">1 puidust kamm<\/li>\n<\/ul>","protected":false},"excerpt":{"rendered":"<p data-start=\"146\" data-end=\"306\">Puidust beebiharja- ja kammikomplekt pehmete kitsekarvadest harjastega. \u00d5rn vasts\u00fcndinu tundlikule peanahale ning ideaalne igap\u00e4evaseks hoolduseks.<\/p>","protected":false},"featured_media":29432,"comment_status":"open","ping_status":"closed","template":"","meta":[],"product_brand":[512],"product_cat":[476],"product_tag":[475,457,458],"class_list":{"0":"post-29431","1":"product","2":"type-product","3":"status-publish","4":"has-post-thumbnail","6":"product_brand-rammelaartje","7":"product_cat-lustakad-vannisobrad","8":"product_tag-vannitamine","9":"product_tag-beebidele-0-1-a","10":"product_tag-vaikelastele-1-3-a","12":"first","13":"instock","14":"shipping-taxable","15":"purchasable","16":"product-type-simple"},"yoast_head":"<!-- This site is optimized with the Yoast SEO plugin v26.9 - https:\/\/yoast.com\/product\/yoast-seo-wordpress\/ -->\n<title>Rammelaartje puidust beebi kammikomplekt | Gegokids<\/title>\n<meta name=\"description\" content=\"Rammelaartje puidust beebihari ja kamm vasts\u00fcndinule. Naturaalne p\u00f6\u00f6gipuit, pehmed kitsekarvad ja \u00f5rn hooldus tundlikule beebipeanahale alates s\u00fcnnist.\" \/>\n<meta name=\"robots\" content=\"index, follow, max-snippet:-1, max-image-preview:large, max-video-preview:-1\" \/>\n<link rel=\"canonical\" href=\"https:\/\/gegokids.ee\/en\/product\/rammelaartje-puidust-beebi-kammikomplekt\/\" \/>\n<meta property=\"og:locale\" content=\"en_US\" \/>\n<meta property=\"og:type\" content=\"article\" \/>\n<meta property=\"og:title\" content=\"Rammelaartje puidust beebi kammikomplekt | Gegokids\" \/>\n<meta property=\"og:description\" content=\"Rammelaartje puidust beebihari ja kamm vasts\u00fcndinule. Naturaalne p\u00f6\u00f6gipuit, pehmed kitsekarvad ja \u00f5rn hooldus tundlikule beebipeanahale alates s\u00fcnnist.\" \/>\n<meta property=\"og:url\" content=\"https:\/\/gegokids.ee\/en\/product\/rammelaartje-puidust-beebi-kammikomplekt\/\" \/>\n<meta property=\"og:site_name\" content=\"Gegokids\" \/>\n<meta property=\"article:publisher\" content=\"https:\/\/www.facebook.com\/GegoKids\" \/>\n<meta property=\"og:image\" content=\"https:\/\/gegokids.ee\/wp-content\/uploads\/2026\/05\/Gegokids-32.png\" \/>\n\t<meta property=\"og:image:width\" content=\"600\" \/>\n\t<meta property=\"og:image:height\" content=\"400\" \/>\n\t<meta property=\"og:image:type\" content=\"image\/png\" \/>\n<meta name=\"twitter:card\" content=\"summary_large_image\" \/>\n<meta name=\"twitter:label1\" content=\"Est. reading time\" \/>\n\t<meta name=\"twitter:data1\" content=\"1 minute\" \/>\n<script type=\"application\/ld+json\" class=\"yoast-schema-graph\">{\"@context\":\"https:\/\/schema.org\",\"@graph\":[{\"@type\":\"WebPage\",\"@id\":\"https:\/\/gegokids.ee\/toode\/rammelaartje-puidust-beebi-kammikomplekt\/\",\"url\":\"https:\/\/gegokids.ee\/toode\/rammelaartje-puidust-beebi-kammikomplekt\/\",\"name\":\"Rammelaartje puidust beebi kammikomplekt | Gegokids\",\"isPartOf\":{\"@id\":\"https:\/\/gegokids.ee\/#website\"},\"primaryImageOfPage\":{\"@id\":\"https:\/\/gegokids.ee\/toode\/rammelaartje-puidust-beebi-kammikomplekt\/#primaryimage\"},\"image\":{\"@id\":\"https:\/\/gegokids.ee\/toode\/rammelaartje-puidust-beebi-kammikomplekt\/#primaryimage\"},\"thumbnailUrl\":\"https:\/\/gegokids.ee\/wp-content\/uploads\/2026\/05\/Gegokids-32.png\",\"datePublished\":\"2026-05-09T12:47:52+00:00\",\"description\":\"Rammelaartje puidust beebihari ja kamm vasts\u00fcndinule. Naturaalne p\u00f6\u00f6gipuit, pehmed kitsekarvad ja \u00f5rn hooldus tundlikule beebipeanahale alates s\u00fcnnist.\",\"breadcrumb\":{\"@id\":\"https:\/\/gegokids.ee\/toode\/rammelaartje-puidust-beebi-kammikomplekt\/#breadcrumb\"},\"inLanguage\":\"en-US\",\"potentialAction\":[{\"@type\":\"ReadAction\",\"target\":[\"https:\/\/gegokids.ee\/toode\/rammelaartje-puidust-beebi-kammikomplekt\/\"]}]},{\"@type\":\"ImageObject\",\"inLanguage\":\"en-US\",\"@id\":\"https:\/\/gegokids.ee\/toode\/rammelaartje-puidust-beebi-kammikomplekt\/#primaryimage\",\"url\":\"https:\/\/gegokids.ee\/wp-content\/uploads\/2026\/05\/Gegokids-32.png\",\"contentUrl\":\"https:\/\/gegokids.ee\/wp-content\/uploads\/2026\/05\/Gegokids-32.png\",\"width\":600,\"height\":400},{\"@type\":\"BreadcrumbList\",\"@id\":\"https:\/\/gegokids.ee\/toode\/rammelaartje-puidust-beebi-kammikomplekt\/#breadcrumb\",\"itemListElement\":[{\"@type\":\"ListItem\",\"position\":1,\"name\":\"Home\",\"item\":\"https:\/\/gegokids.ee\/en\/\"},{\"@type\":\"ListItem\",\"position\":2,\"name\":\"E-pood\",\"item\":\"https:\/\/gegokids.ee\/e-pood\/\"},{\"@type\":\"ListItem\",\"position\":3,\"name\":\"Rammelaartje puidust beebi kammikomplekt\"}]},{\"@type\":\"WebSite\",\"@id\":\"https:\/\/gegokids.ee\/#website\",\"url\":\"https:\/\/gegokids.ee\/\",\"name\":\"Gegokids\",\"description\":\"Kvaliteetsed ja turvalised laste m\u00e4nguasjad.\",\"publisher\":{\"@id\":\"https:\/\/gegokids.ee\/#organization\"},\"potentialAction\":[{\"@type\":\"SearchAction\",\"target\":{\"@type\":\"EntryPoint\",\"urlTemplate\":\"https:\/\/gegokids.ee\/?s={search_term_string}\"},\"query-input\":{\"@type\":\"PropertyValueSpecification\",\"valueRequired\":true,\"valueName\":\"search_term_string\"}}],\"inLanguage\":\"en-US\"},{\"@type\":\"Organization\",\"@id\":\"https:\/\/gegokids.ee\/#organization\",\"name\":\"Gegokids\",\"url\":\"https:\/\/gegokids.ee\/\",\"logo\":{\"@type\":\"ImageObject\",\"inLanguage\":\"en-US\",\"@id\":\"https:\/\/gegokids.ee\/#\/schema\/logo\/image\/\",\"url\":\"https:\/\/gegokids.ee\/wp-content\/uploads\/2022\/06\/logo2.png\",\"contentUrl\":\"https:\/\/gegokids.ee\/wp-content\/uploads\/2022\/06\/logo2.png\",\"width\":358,\"height\":104,\"caption\":\"Gegokids\"},\"image\":{\"@id\":\"https:\/\/gegokids.ee\/#\/schema\/logo\/image\/\"},\"sameAs\":[\"https:\/\/www.facebook.com\/GegoKids\",\"https:\/\/www.instagram.com\/gegokids.ee\/\"]}]}<\/script>\n<!-- \/ Yoast SEO plugin. -->","yoast_head_json":{"title":"Rammelaartje puidust beebi kammikomplekt | Gegokids","description":"Rammelaartje puidust beebihari ja kamm vasts\u00fcndinule. Naturaalne p\u00f6\u00f6gipuit, pehmed kitsekarvad ja \u00f5rn hooldus tundlikule beebipeanahale alates s\u00fcnnist.","robots":{"index":"index","follow":"follow","max-snippet":"max-snippet:-1","max-image-preview":"max-image-preview:large","max-video-preview":"max-video-preview:-1"},"canonical":"https:\/\/gegokids.ee\/en\/product\/rammelaartje-puidust-beebi-kammikomplekt\/","og_locale":"en_US","og_type":"article","og_title":"Rammelaartje puidust beebi kammikomplekt | Gegokids","og_description":"Rammelaartje puidust beebihari ja kamm vasts\u00fcndinule. Naturaalne p\u00f6\u00f6gipuit, pehmed kitsekarvad ja \u00f5rn hooldus tundlikule beebipeanahale alates s\u00fcnnist.","og_url":"https:\/\/gegokids.ee\/en\/product\/rammelaartje-puidust-beebi-kammikomplekt\/","og_site_name":"Gegokids","article_publisher":"https:\/\/www.facebook.com\/GegoKids","og_image":[{"width":600,"height":400,"url":"https:\/\/gegokids.ee\/wp-content\/uploads\/2026\/05\/Gegokids-32.png","type":"image\/png"}],"twitter_card":"summary_large_image","twitter_misc":{"Est. reading time":"1 minute"},"schema":{"@context":"https:\/\/schema.org","@graph":[{"@type":"WebPage","@id":"https:\/\/gegokids.ee\/toode\/rammelaartje-puidust-beebi-kammikomplekt\/","url":"https:\/\/gegokids.ee\/toode\/rammelaartje-puidust-beebi-kammikomplekt\/","name":"Rammelaartje puidust beebi kammikomplekt | Gegokids","isPartOf":{"@id":"https:\/\/gegokids.ee\/#website"},"primaryImageOfPage":{"@id":"https:\/\/gegokids.ee\/toode\/rammelaartje-puidust-beebi-kammikomplekt\/#primaryimage"},"image":{"@id":"https:\/\/gegokids.ee\/toode\/rammelaartje-puidust-beebi-kammikomplekt\/#primaryimage"},"thumbnailUrl":"https:\/\/gegokids.ee\/wp-content\/uploads\/2026\/05\/Gegokids-32.png","datePublished":"2026-05-09T12:47:52+00:00","description":"Rammelaartje puidust beebihari ja kamm vasts\u00fcndinule. Naturaalne p\u00f6\u00f6gipuit, pehmed kitsekarvad ja \u00f5rn hooldus tundlikule beebipeanahale alates s\u00fcnnist.","breadcrumb":{"@id":"https:\/\/gegokids.ee\/toode\/rammelaartje-puidust-beebi-kammikomplekt\/#breadcrumb"},"inLanguage":"en-US","potentialAction":[{"@type":"ReadAction","target":["https:\/\/gegokids.ee\/toode\/rammelaartje-puidust-beebi-kammikomplekt\/"]}]},{"@type":"ImageObject","inLanguage":"en-US","@id":"https:\/\/gegokids.ee\/toode\/rammelaartje-puidust-beebi-kammikomplekt\/#primaryimage","url":"https:\/\/gegokids.ee\/wp-content\/uploads\/2026\/05\/Gegokids-32.png","contentUrl":"https:\/\/gegokids.ee\/wp-content\/uploads\/2026\/05\/Gegokids-32.png","width":600,"height":400},{"@type":"BreadcrumbList","@id":"https:\/\/gegokids.ee\/toode\/rammelaartje-puidust-beebi-kammikomplekt\/#breadcrumb","itemListElement":[{"@type":"ListItem","position":1,"name":"Home","item":"https:\/\/gegokids.ee\/en\/"},{"@type":"ListItem","position":2,"name":"E-pood","item":"https:\/\/gegokids.ee\/e-pood\/"},{"@type":"ListItem","position":3,"name":"Rammelaartje puidust beebi kammikomplekt"}]},{"@type":"WebSite","@id":"https:\/\/gegokids.ee\/#website","url":"https:\/\/gegokids.ee\/","name":"Gegokids","description":"Kvaliteetsed ja turvalised laste m\u00e4nguasjad.","publisher":{"@id":"https:\/\/gegokids.ee\/#organization"},"potentialAction":[{"@type":"SearchAction","target":{"@type":"EntryPoint","urlTemplate":"https:\/\/gegokids.ee\/?s={search_term_string}"},"query-input":{"@type":"PropertyValueSpecification","valueRequired":true,"valueName":"search_term_string"}}],"inLanguage":"en-US"},{"@type":"Organization","@id":"https:\/\/gegokids.ee\/#organization","name":"Gegokids","url":"https:\/\/gegokids.ee\/","logo":{"@type":"ImageObject","inLanguage":"en-US","@id":"https:\/\/gegokids.ee\/#\/schema\/logo\/image\/","url":"https:\/\/gegokids.ee\/wp-content\/uploads\/2022\/06\/logo2.png","contentUrl":"https:\/\/gegokids.ee\/wp-content\/uploads\/2022\/06\/logo2.png","width":358,"height":104,"caption":"Gegokids"},"image":{"@id":"https:\/\/gegokids.ee\/#\/schema\/logo\/image\/"},"sameAs":["https:\/\/www.facebook.com\/GegoKids","https:\/\/www.instagram.com\/gegokids.ee\/"]}]}},"_links":{"self":[{"href":"https:\/\/gegokids.ee\/en\/wp-json\/wp\/v2\/product\/29431","targetHints":{"allow":["GET"]}}],"collection":[{"href":"https:\/\/gegokids.ee\/en\/wp-json\/wp\/v2\/product"}],"about":[{"href":"https:\/\/gegokids.ee\/en\/wp-json\/wp\/v2\/types\/product"}],"replies":[{"embeddable":true,"href":"https:\/\/gegokids.ee\/en\/wp-json\/wp\/v2\/comments?post=29431"}],"version-history":[{"count":1,"href":"https:\/\/gegokids.ee\/en\/wp-json\/wp\/v2\/product\/29431\/revisions"}],"predecessor-version":[{"id":29435,"href":"https:\/\/gegokids.ee\/en\/wp-json\/wp\/v2\/product\/29431\/revisions\/29435"}],"wp:featuredmedia":[{"embeddable":true,"href":"https:\/\/gegokids.ee\/en\/wp-json\/wp\/v2\/media\/29432"}],"wp:attachment":[{"href":"https:\/\/gegokids.ee\/en\/wp-json\/wp\/v2\/media?parent=29431"}],"wp:term":[{"taxonomy":"product_brand","embeddable":true,"href":"https:\/\/gegokids.ee\/en\/wp-json\/wp\/v2\/product_brand?post=29431"},{"taxonomy":"product_cat","embeddable":true,"href":"https:\/\/gegokids.ee\/en\/wp-json\/wp\/v2\/product_cat?post=29431"},{"taxonomy":"product_tag","embeddable":true,"href":"https:\/\/gegokids.ee\/en\/wp-json\/wp\/v2\/product_tag?post=29431"}],"curies":[{"name":"wp","href":"https:\/\/api.w.org\/{rel}","templated":true}]}}