{"id":29286,"date":"2026-04-06T15:02:49","date_gmt":"2026-04-06T12:02:49","guid":{"rendered":"https:\/\/gegokids.ee\/?post_type=product&#038;p=29286"},"modified":"2026-04-06T15:03:33","modified_gmt":"2026-04-06T12:03:33","slug":"rammelaartje-vanniraamat","status":"publish","type":"product","link":"https:\/\/gegokids.ee\/en\/product\/rammelaartje-vanniraamat\/","title":{"rendered":"Rammelaartje vanniraamat"},"content":{"rendered":"<p data-start=\"753\" data-end=\"982\">Rammelaartje beebide vanniraamat muudab iga vannisk\u00e4igu lapse jaoks p\u00f5nevaks seikluseks. Kerge vanniraamat sobib ideaalselt v\u00e4ikestele k\u00e4tele.<\/p>\n<p data-start=\"984\" data-end=\"1196\">Erksad v\u00e4rvid ja l\u00f5busad illustratsioonid aitavad arendada beebi kujutlusv\u00f5imet, n\u00e4gemist ja uudishimu. T\u00e4nu veekindlatele lehtedele on raamat vastupidav ning sobib suurep\u00e4raselt igap\u00e4evaseks kasutamiseks vannis.<\/p>\n<p data-start=\"1305\" data-end=\"1324\"><strong data-start=\"1305\" data-end=\"1324\">Omadused:<\/strong><\/p>\n<ul data-start=\"1325\" data-end=\"1552\">\n<li data-section-id=\"1twknn2\" data-start=\"1325\" data-end=\"1354\">Sobib alates 6. elukuust<\/li>\n<li data-section-id=\"k33xy7\" data-start=\"1355\" data-end=\"1377\">M\u00f5\u00f5dud: 12 x 11 cm<\/li>\n<li data-section-id=\"nbj04k\" data-start=\"1378\" data-end=\"1412\">Materjal: EVA (pehme ja ohutu)<\/li>\n<li data-section-id=\"1rpdvy6\" data-start=\"1413\" data-end=\"1449\">Veekindlad ja vastupidavad lehed<\/li>\n<\/ul>\n<p data-start=\"1554\" data-end=\"1566\"><strong data-start=\"1554\" data-end=\"1566\">Hooldus:<\/strong><\/p>\n<ul data-start=\"1567\" data-end=\"1617\">\n<li data-section-id=\"mbksrq\" data-start=\"1567\" data-end=\"1594\">Puhastada niiske lapiga<\/li>\n<li data-section-id=\"1nrcjjd\" data-start=\"1595\" data-end=\"1617\">Kuivatada \u00f5hu k\u00e4es<\/li>\n<\/ul>","protected":false},"excerpt":{"rendered":"<p data-start=\"303\" data-end=\"521\">Rammelaartje kerge ja paindlik beebi vanniraamat muudab vanniaja l\u00f5busaks ja arendavaks kogemuseks. Veekindlad lehed, erksad v\u00e4rvid ja illustratsioonid toetavad lapse motoorikat ja kujutlusv\u00f5imet.<\/p>","protected":false},"featured_media":29287,"comment_status":"open","ping_status":"closed","template":"","meta":[],"product_brand":[512],"product_cat":[285,476,423],"product_tag":[475,457,458],"class_list":{"0":"post-29286","1":"product","2":"type-product","3":"status-publish","4":"has-post-thumbnail","6":"product_brand-rammelaartje","7":"product_cat-koik","8":"product_cat-lustakad-vannisobrad","9":"product_cat-laste-vannimanguasjad","10":"product_tag-vannitamine","11":"product_tag-beebidele-0-1-a","12":"product_tag-vaikelastele-1-3-a","14":"first","15":"instock","16":"shipping-taxable","17":"purchasable","18":"product-type-simple"},"yoast_head":"<!-- This site is optimized with the Yoast SEO plugin v26.9 - https:\/\/yoast.com\/product\/yoast-seo-wordpress\/ -->\n<title>Rammelaartje vanniraamat | Gegokids<\/title>\n<meta name=\"description\" content=\"Rammelaartje beebi vanniraamat on pehme, veekindel ja arendav m\u00e4nguasi. Sobib alates 6. elukuust. Ideaalne \u00f5ppimiseks ja m\u00e4nguks!\" \/>\n<meta name=\"robots\" content=\"index, follow, max-snippet:-1, max-image-preview:large, max-video-preview:-1\" \/>\n<link rel=\"canonical\" href=\"https:\/\/gegokids.ee\/en\/product\/rammelaartje-vanniraamat\/\" \/>\n<meta property=\"og:locale\" content=\"en_US\" \/>\n<meta property=\"og:type\" content=\"article\" \/>\n<meta property=\"og:title\" content=\"Rammelaartje vanniraamat | Gegokids\" \/>\n<meta property=\"og:description\" content=\"Rammelaartje beebi vanniraamat on pehme, veekindel ja arendav m\u00e4nguasi. Sobib alates 6. elukuust. Ideaalne \u00f5ppimiseks ja m\u00e4nguks!\" \/>\n<meta property=\"og:url\" content=\"https:\/\/gegokids.ee\/en\/product\/rammelaartje-vanniraamat\/\" \/>\n<meta property=\"og:site_name\" content=\"Gegokids\" \/>\n<meta property=\"article:publisher\" content=\"https:\/\/www.facebook.com\/GegoKids\" \/>\n<meta property=\"article:modified_time\" content=\"2026-04-06T12:03:33+00:00\" \/>\n<meta property=\"og:image\" content=\"https:\/\/gegokids.ee\/wp-content\/uploads\/2026\/04\/Gegokids-27.png\" \/>\n\t<meta property=\"og:image:width\" content=\"600\" \/>\n\t<meta property=\"og:image:height\" content=\"400\" \/>\n\t<meta property=\"og:image:type\" content=\"image\/png\" \/>\n<meta name=\"twitter:card\" content=\"summary_large_image\" \/>\n<meta name=\"twitter:label1\" content=\"Est. reading time\" \/>\n\t<meta name=\"twitter:data1\" content=\"1 minute\" \/>\n<script type=\"application\/ld+json\" class=\"yoast-schema-graph\">{\"@context\":\"https:\/\/schema.org\",\"@graph\":[{\"@type\":\"WebPage\",\"@id\":\"https:\/\/gegokids.ee\/toode\/rammelaartje-vanniraamat\/\",\"url\":\"https:\/\/gegokids.ee\/toode\/rammelaartje-vanniraamat\/\",\"name\":\"Rammelaartje vanniraamat | Gegokids\",\"isPartOf\":{\"@id\":\"https:\/\/gegokids.ee\/#website\"},\"primaryImageOfPage\":{\"@id\":\"https:\/\/gegokids.ee\/toode\/rammelaartje-vanniraamat\/#primaryimage\"},\"image\":{\"@id\":\"https:\/\/gegokids.ee\/toode\/rammelaartje-vanniraamat\/#primaryimage\"},\"thumbnailUrl\":\"https:\/\/gegokids.ee\/wp-content\/uploads\/2026\/04\/Gegokids-27.png\",\"datePublished\":\"2026-04-06T12:02:49+00:00\",\"dateModified\":\"2026-04-06T12:03:33+00:00\",\"description\":\"Rammelaartje beebi vanniraamat on pehme, veekindel ja arendav m\u00e4nguasi. Sobib alates 6. elukuust. Ideaalne \u00f5ppimiseks ja m\u00e4nguks!\",\"breadcrumb\":{\"@id\":\"https:\/\/gegokids.ee\/toode\/rammelaartje-vanniraamat\/#breadcrumb\"},\"inLanguage\":\"en-US\",\"potentialAction\":[{\"@type\":\"ReadAction\",\"target\":[\"https:\/\/gegokids.ee\/toode\/rammelaartje-vanniraamat\/\"]}]},{\"@type\":\"ImageObject\",\"inLanguage\":\"en-US\",\"@id\":\"https:\/\/gegokids.ee\/toode\/rammelaartje-vanniraamat\/#primaryimage\",\"url\":\"https:\/\/gegokids.ee\/wp-content\/uploads\/2026\/04\/Gegokids-27.png\",\"contentUrl\":\"https:\/\/gegokids.ee\/wp-content\/uploads\/2026\/04\/Gegokids-27.png\",\"width\":600,\"height\":400},{\"@type\":\"BreadcrumbList\",\"@id\":\"https:\/\/gegokids.ee\/toode\/rammelaartje-vanniraamat\/#breadcrumb\",\"itemListElement\":[{\"@type\":\"ListItem\",\"position\":1,\"name\":\"Home\",\"item\":\"https:\/\/gegokids.ee\/en\/\"},{\"@type\":\"ListItem\",\"position\":2,\"name\":\"E-pood\",\"item\":\"https:\/\/gegokids.ee\/e-pood\/\"},{\"@type\":\"ListItem\",\"position\":3,\"name\":\"Rammelaartje vanniraamat\"}]},{\"@type\":\"WebSite\",\"@id\":\"https:\/\/gegokids.ee\/#website\",\"url\":\"https:\/\/gegokids.ee\/\",\"name\":\"Gegokids\",\"description\":\"Kvaliteetsed ja turvalised laste m\u00e4nguasjad.\",\"publisher\":{\"@id\":\"https:\/\/gegokids.ee\/#organization\"},\"potentialAction\":[{\"@type\":\"SearchAction\",\"target\":{\"@type\":\"EntryPoint\",\"urlTemplate\":\"https:\/\/gegokids.ee\/?s={search_term_string}\"},\"query-input\":{\"@type\":\"PropertyValueSpecification\",\"valueRequired\":true,\"valueName\":\"search_term_string\"}}],\"inLanguage\":\"en-US\"},{\"@type\":\"Organization\",\"@id\":\"https:\/\/gegokids.ee\/#organization\",\"name\":\"Gegokids\",\"url\":\"https:\/\/gegokids.ee\/\",\"logo\":{\"@type\":\"ImageObject\",\"inLanguage\":\"en-US\",\"@id\":\"https:\/\/gegokids.ee\/#\/schema\/logo\/image\/\",\"url\":\"https:\/\/gegokids.ee\/wp-content\/uploads\/2022\/06\/logo2.png\",\"contentUrl\":\"https:\/\/gegokids.ee\/wp-content\/uploads\/2022\/06\/logo2.png\",\"width\":358,\"height\":104,\"caption\":\"Gegokids\"},\"image\":{\"@id\":\"https:\/\/gegokids.ee\/#\/schema\/logo\/image\/\"},\"sameAs\":[\"https:\/\/www.facebook.com\/GegoKids\",\"https:\/\/www.instagram.com\/gegokids.ee\/\"]}]}<\/script>\n<!-- \/ Yoast SEO plugin. -->","yoast_head_json":{"title":"Rammelaartje vanniraamat | Gegokids","description":"Rammelaartje beebi vanniraamat on pehme, veekindel ja arendav m\u00e4nguasi. Sobib alates 6. elukuust. Ideaalne \u00f5ppimiseks ja m\u00e4nguks!","robots":{"index":"index","follow":"follow","max-snippet":"max-snippet:-1","max-image-preview":"max-image-preview:large","max-video-preview":"max-video-preview:-1"},"canonical":"https:\/\/gegokids.ee\/en\/product\/rammelaartje-vanniraamat\/","og_locale":"en_US","og_type":"article","og_title":"Rammelaartje vanniraamat | Gegokids","og_description":"Rammelaartje beebi vanniraamat on pehme, veekindel ja arendav m\u00e4nguasi. Sobib alates 6. elukuust. Ideaalne \u00f5ppimiseks ja m\u00e4nguks!","og_url":"https:\/\/gegokids.ee\/en\/product\/rammelaartje-vanniraamat\/","og_site_name":"Gegokids","article_publisher":"https:\/\/www.facebook.com\/GegoKids","article_modified_time":"2026-04-06T12:03:33+00:00","og_image":[{"width":600,"height":400,"url":"https:\/\/gegokids.ee\/wp-content\/uploads\/2026\/04\/Gegokids-27.png","type":"image\/png"}],"twitter_card":"summary_large_image","twitter_misc":{"Est. reading time":"1 minute"},"schema":{"@context":"https:\/\/schema.org","@graph":[{"@type":"WebPage","@id":"https:\/\/gegokids.ee\/toode\/rammelaartje-vanniraamat\/","url":"https:\/\/gegokids.ee\/toode\/rammelaartje-vanniraamat\/","name":"Rammelaartje vanniraamat | Gegokids","isPartOf":{"@id":"https:\/\/gegokids.ee\/#website"},"primaryImageOfPage":{"@id":"https:\/\/gegokids.ee\/toode\/rammelaartje-vanniraamat\/#primaryimage"},"image":{"@id":"https:\/\/gegokids.ee\/toode\/rammelaartje-vanniraamat\/#primaryimage"},"thumbnailUrl":"https:\/\/gegokids.ee\/wp-content\/uploads\/2026\/04\/Gegokids-27.png","datePublished":"2026-04-06T12:02:49+00:00","dateModified":"2026-04-06T12:03:33+00:00","description":"Rammelaartje beebi vanniraamat on pehme, veekindel ja arendav m\u00e4nguasi. Sobib alates 6. elukuust. Ideaalne \u00f5ppimiseks ja m\u00e4nguks!","breadcrumb":{"@id":"https:\/\/gegokids.ee\/toode\/rammelaartje-vanniraamat\/#breadcrumb"},"inLanguage":"en-US","potentialAction":[{"@type":"ReadAction","target":["https:\/\/gegokids.ee\/toode\/rammelaartje-vanniraamat\/"]}]},{"@type":"ImageObject","inLanguage":"en-US","@id":"https:\/\/gegokids.ee\/toode\/rammelaartje-vanniraamat\/#primaryimage","url":"https:\/\/gegokids.ee\/wp-content\/uploads\/2026\/04\/Gegokids-27.png","contentUrl":"https:\/\/gegokids.ee\/wp-content\/uploads\/2026\/04\/Gegokids-27.png","width":600,"height":400},{"@type":"BreadcrumbList","@id":"https:\/\/gegokids.ee\/toode\/rammelaartje-vanniraamat\/#breadcrumb","itemListElement":[{"@type":"ListItem","position":1,"name":"Home","item":"https:\/\/gegokids.ee\/en\/"},{"@type":"ListItem","position":2,"name":"E-pood","item":"https:\/\/gegokids.ee\/e-pood\/"},{"@type":"ListItem","position":3,"name":"Rammelaartje vanniraamat"}]},{"@type":"WebSite","@id":"https:\/\/gegokids.ee\/#website","url":"https:\/\/gegokids.ee\/","name":"Gegokids","description":"Kvaliteetsed ja turvalised laste m\u00e4nguasjad.","publisher":{"@id":"https:\/\/gegokids.ee\/#organization"},"potentialAction":[{"@type":"SearchAction","target":{"@type":"EntryPoint","urlTemplate":"https:\/\/gegokids.ee\/?s={search_term_string}"},"query-input":{"@type":"PropertyValueSpecification","valueRequired":true,"valueName":"search_term_string"}}],"inLanguage":"en-US"},{"@type":"Organization","@id":"https:\/\/gegokids.ee\/#organization","name":"Gegokids","url":"https:\/\/gegokids.ee\/","logo":{"@type":"ImageObject","inLanguage":"en-US","@id":"https:\/\/gegokids.ee\/#\/schema\/logo\/image\/","url":"https:\/\/gegokids.ee\/wp-content\/uploads\/2022\/06\/logo2.png","contentUrl":"https:\/\/gegokids.ee\/wp-content\/uploads\/2022\/06\/logo2.png","width":358,"height":104,"caption":"Gegokids"},"image":{"@id":"https:\/\/gegokids.ee\/#\/schema\/logo\/image\/"},"sameAs":["https:\/\/www.facebook.com\/GegoKids","https:\/\/www.instagram.com\/gegokids.ee\/"]}]}},"_links":{"self":[{"href":"https:\/\/gegokids.ee\/en\/wp-json\/wp\/v2\/product\/29286","targetHints":{"allow":["GET"]}}],"collection":[{"href":"https:\/\/gegokids.ee\/en\/wp-json\/wp\/v2\/product"}],"about":[{"href":"https:\/\/gegokids.ee\/en\/wp-json\/wp\/v2\/types\/product"}],"replies":[{"embeddable":true,"href":"https:\/\/gegokids.ee\/en\/wp-json\/wp\/v2\/comments?post=29286"}],"version-history":[{"count":2,"href":"https:\/\/gegokids.ee\/en\/wp-json\/wp\/v2\/product\/29286\/revisions"}],"predecessor-version":[{"id":29291,"href":"https:\/\/gegokids.ee\/en\/wp-json\/wp\/v2\/product\/29286\/revisions\/29291"}],"wp:featuredmedia":[{"embeddable":true,"href":"https:\/\/gegokids.ee\/en\/wp-json\/wp\/v2\/media\/29287"}],"wp:attachment":[{"href":"https:\/\/gegokids.ee\/en\/wp-json\/wp\/v2\/media?parent=29286"}],"wp:term":[{"taxonomy":"product_brand","embeddable":true,"href":"https:\/\/gegokids.ee\/en\/wp-json\/wp\/v2\/product_brand?post=29286"},{"taxonomy":"product_cat","embeddable":true,"href":"https:\/\/gegokids.ee\/en\/wp-json\/wp\/v2\/product_cat?post=29286"},{"taxonomy":"product_tag","embeddable":true,"href":"https:\/\/gegokids.ee\/en\/wp-json\/wp\/v2\/product_tag?post=29286"}],"curies":[{"name":"wp","href":"https:\/\/api.w.org\/{rel}","templated":true}]}}