{"id":29211,"date":"2026-03-09T16:57:10","date_gmt":"2026-03-09T13:57:10","guid":{"rendered":"https:\/\/gegokids.ee\/?post_type=product&#038;p=29211"},"modified":"2026-03-09T17:33:06","modified_gmt":"2026-03-09T14:33:06","slug":"rammelaartje-laste-paikeseprillid-uv400","status":"publish","type":"product","link":"https:\/\/gegokids.ee\/en\/product\/rammelaartje-laste-paikeseprillid-uv400\/","title":{"rendered":"Rammelaartje laste p\u00e4ikeseprillid UV400"},"content":{"rendered":"<p data-start=\"702\" data-end=\"929\">Laste p\u00e4ikeseprillid UV400 kaitsega aitavad hoida lapse silmad p\u00e4ikese eest kaitstuna nii igap\u00e4evastel jalutusk\u00e4ikudel kui ka suvistel seiklustel. \u00dcmmarguse kujuga prillid on stiilsed ja sobivad h\u00e4sti v\u00e4ikestele kandjatele.<\/p>\n<p data-start=\"931\" data-end=\"1099\">Prillid on loodud 1\u20136-aastastele lastele, pakkudes mugavat ja kerget istuvust. UV400 kaitse aitab blokeerida kahjulikke UV-kiiri ning kaitsta lapse tundlikke silmi.<\/p>\n<p data-start=\"1101\" data-end=\"1317\">Need p\u00e4ikeseprillid sobivad h\u00e4sti nii randa, m\u00e4nguv\u00e4ljakule, reisile kui ka igap\u00e4evaseks kandmiseks. Prillid on valmistatud kvaliteetsetest ja mittetoksilistest materjalidest, mis sobivad h\u00e4sti laste aktiivse eluviisiga.<\/p>\n<p data-start=\"1101\" data-end=\"1317\"><strong>Toote andmed:<\/strong><\/p>\n<ul data-start=\"1468\" data-end=\"1706\">\n<li data-section-id=\"13mfyci\" data-start=\"1468\" data-end=\"1518\">\n<p data-start=\"1470\" data-end=\"1518\">UV400 kaitse p\u00e4ikese kahjulike kiirte eest<\/p>\n<\/li>\n<li data-section-id=\"gcerr9\" data-start=\"1519\" data-end=\"1561\">\n<p data-start=\"1521\" data-end=\"1561\">sobivad lastele vanuses 1\u20136 aastat<\/p>\n<\/li>\n<li data-section-id=\"16qjuol\" data-start=\"1562\" data-end=\"1593\">\n<p data-start=\"1564\" data-end=\"1593\">kerged ja mugavad kanda<\/p>\n<\/li>\n<li data-section-id=\"1eaks86\" data-start=\"1594\" data-end=\"1626\">\n<p data-start=\"1596\" data-end=\"1626\">stiilne \u00fcmmargune disain<\/p>\n<\/li>\n<li data-section-id=\"ayd4z8\" data-start=\"1627\" data-end=\"1656\">\n<p data-start=\"1629\" data-end=\"1656\">neutraalne taupe v\u00e4rv<\/p>\n<\/li>\n<li data-section-id=\"ot73ug\" data-start=\"1657\" data-end=\"1706\">\n<p data-start=\"1659\" data-end=\"1706\">valmistatud mittetoksilistest materjalidest<\/p>\n<\/li>\n<li data-section-id=\"ot73ug\" data-start=\"1657\" data-end=\"1706\">\n<p data-start=\"1659\" data-end=\"1706\">Kaal: 50 g<\/p>\n<\/li>\n<\/ul>\n<ul data-start=\"1730\" data-end=\"1950\">\n<li data-section-id=\"1qtsz5r\" data-start=\"1769\" data-end=\"1796\">\n<p data-start=\"1771\" data-end=\"1796\">Br\u00e4nd: Rammelaartje<\/p>\n<\/li>\n<li data-section-id=\"1m2lwqe\" data-start=\"1797\" data-end=\"1828\">\n<p data-start=\"1799\" data-end=\"1828\">Br\u00e4ndi asukoht: Holland<\/p>\n<\/li>\n<li data-section-id=\"ibweaa\" data-start=\"1829\" data-end=\"1899\">\n<p data-start=\"1831\" data-end=\"1899\">Omadused: taaskasutatud materjalid, zero-waste, mittetoksiline<\/p>\n<\/li>\n<\/ul>","protected":false},"excerpt":{"rendered":"<p data-start=\"262\" data-end=\"485\">Stiilsed laste \u00fcmmargused p\u00e4ikeseprillid UV400 kaitsega, mis aitavad kaitsta lapse silmi kahjuliku UV-kiirguse eest. Kerged ja mugavad prillid sobivad h\u00e4sti igap\u00e4evaseks kandmiseks nii rannas, m\u00e4nguv\u00e4ljakul kui ka jalutusk\u00e4ikudel.<\/p>","protected":false},"featured_media":29223,"comment_status":"open","ping_status":"closed","template":"","meta":[],"product_brand":[512],"product_cat":[285],"product_tag":[513,514,458],"class_list":{"0":"post-29211","1":"product","2":"type-product","3":"status-publish","4":"has-post-thumbnail","6":"product_brand-rammelaartje","7":"product_cat-koik","8":"product_tag-ouetooted","9":"product_tag-paikeseprillid","10":"product_tag-vaikelastele-1-3-a","12":"first","13":"instock","14":"shipping-taxable","15":"purchasable","16":"product-type-variable"},"yoast_head":"<!-- This site is optimized with the Yoast SEO plugin v26.9 - https:\/\/yoast.com\/product\/yoast-seo-wordpress\/ -->\n<title>Rammelaartje laste p\u00e4ikeseprillid UV400 | Gegokids<\/title>\n<meta name=\"description\" content=\"\u00dcmmargused laste p\u00e4ikeseprillid UV400 kaitsega. Kerged, mugavad ja stiilsed p\u00e4ikeseprillid lastele vanuses 1\u20136 aastat. Kaitsevad silmi p\u00e4ikese kahjulike kiirte eest.\" \/>\n<meta name=\"robots\" content=\"index, follow, max-snippet:-1, max-image-preview:large, max-video-preview:-1\" \/>\n<link rel=\"canonical\" href=\"https:\/\/gegokids.ee\/en\/product\/rammelaartje-laste-paikeseprillid-uv400\/\" \/>\n<meta property=\"og:locale\" content=\"en_US\" \/>\n<meta property=\"og:type\" content=\"article\" \/>\n<meta property=\"og:title\" content=\"Rammelaartje laste p\u00e4ikeseprillid UV400 | Gegokids\" \/>\n<meta property=\"og:description\" content=\"\u00dcmmargused laste p\u00e4ikeseprillid UV400 kaitsega. Kerged, mugavad ja stiilsed p\u00e4ikeseprillid lastele vanuses 1\u20136 aastat. Kaitsevad silmi p\u00e4ikese kahjulike kiirte eest.\" \/>\n<meta property=\"og:url\" content=\"https:\/\/gegokids.ee\/en\/product\/rammelaartje-laste-paikeseprillid-uv400\/\" \/>\n<meta property=\"og:site_name\" content=\"Gegokids\" \/>\n<meta property=\"article:publisher\" content=\"https:\/\/www.facebook.com\/GegoKids\" \/>\n<meta property=\"article:modified_time\" content=\"2026-03-09T14:33:06+00:00\" \/>\n<meta property=\"og:image\" content=\"https:\/\/gegokids.ee\/wp-content\/uploads\/2026\/03\/d8b29331-7fac-485b-873e-73c0c985532b.jpeg\" \/>\n\t<meta property=\"og:image:width\" content=\"1536\" \/>\n\t<meta property=\"og:image:height\" content=\"1024\" \/>\n\t<meta property=\"og:image:type\" content=\"image\/jpeg\" \/>\n<meta name=\"twitter:card\" content=\"summary_large_image\" \/>\n<meta name=\"twitter:label1\" content=\"Est. reading time\" \/>\n\t<meta name=\"twitter:data1\" content=\"1 minute\" \/>\n<script type=\"application\/ld+json\" class=\"yoast-schema-graph\">{\"@context\":\"https:\/\/schema.org\",\"@graph\":[{\"@type\":\"WebPage\",\"@id\":\"https:\/\/gegokids.ee\/toode\/rammelaartje-laste-paikeseprillid-uv400\/\",\"url\":\"https:\/\/gegokids.ee\/toode\/rammelaartje-laste-paikeseprillid-uv400\/\",\"name\":\"Rammelaartje laste p\u00e4ikeseprillid UV400 | Gegokids\",\"isPartOf\":{\"@id\":\"https:\/\/gegokids.ee\/#website\"},\"primaryImageOfPage\":{\"@id\":\"https:\/\/gegokids.ee\/toode\/rammelaartje-laste-paikeseprillid-uv400\/#primaryimage\"},\"image\":{\"@id\":\"https:\/\/gegokids.ee\/toode\/rammelaartje-laste-paikeseprillid-uv400\/#primaryimage\"},\"thumbnailUrl\":\"https:\/\/gegokids.ee\/wp-content\/uploads\/2026\/03\/d8b29331-7fac-485b-873e-73c0c985532b.jpeg\",\"datePublished\":\"2026-03-09T13:57:10+00:00\",\"dateModified\":\"2026-03-09T14:33:06+00:00\",\"description\":\"\u00dcmmargused laste p\u00e4ikeseprillid UV400 kaitsega. Kerged, mugavad ja stiilsed p\u00e4ikeseprillid lastele vanuses 1\u20136 aastat. Kaitsevad silmi p\u00e4ikese kahjulike kiirte eest.\",\"breadcrumb\":{\"@id\":\"https:\/\/gegokids.ee\/toode\/rammelaartje-laste-paikeseprillid-uv400\/#breadcrumb\"},\"inLanguage\":\"en-US\",\"potentialAction\":[{\"@type\":\"ReadAction\",\"target\":[\"https:\/\/gegokids.ee\/toode\/rammelaartje-laste-paikeseprillid-uv400\/\"]}]},{\"@type\":\"ImageObject\",\"inLanguage\":\"en-US\",\"@id\":\"https:\/\/gegokids.ee\/toode\/rammelaartje-laste-paikeseprillid-uv400\/#primaryimage\",\"url\":\"https:\/\/gegokids.ee\/wp-content\/uploads\/2026\/03\/d8b29331-7fac-485b-873e-73c0c985532b.jpeg\",\"contentUrl\":\"https:\/\/gegokids.ee\/wp-content\/uploads\/2026\/03\/d8b29331-7fac-485b-873e-73c0c985532b.jpeg\",\"width\":1536,\"height\":1024},{\"@type\":\"BreadcrumbList\",\"@id\":\"https:\/\/gegokids.ee\/toode\/rammelaartje-laste-paikeseprillid-uv400\/#breadcrumb\",\"itemListElement\":[{\"@type\":\"ListItem\",\"position\":1,\"name\":\"Home\",\"item\":\"https:\/\/gegokids.ee\/en\/\"},{\"@type\":\"ListItem\",\"position\":2,\"name\":\"E-pood\",\"item\":\"https:\/\/gegokids.ee\/e-pood\/\"},{\"@type\":\"ListItem\",\"position\":3,\"name\":\"Rammelaartje laste p\u00e4ikeseprillid UV400\"}]},{\"@type\":\"WebSite\",\"@id\":\"https:\/\/gegokids.ee\/#website\",\"url\":\"https:\/\/gegokids.ee\/\",\"name\":\"Gegokids\",\"description\":\"Kvaliteetsed ja turvalised laste m\u00e4nguasjad.\",\"publisher\":{\"@id\":\"https:\/\/gegokids.ee\/#organization\"},\"potentialAction\":[{\"@type\":\"SearchAction\",\"target\":{\"@type\":\"EntryPoint\",\"urlTemplate\":\"https:\/\/gegokids.ee\/?s={search_term_string}\"},\"query-input\":{\"@type\":\"PropertyValueSpecification\",\"valueRequired\":true,\"valueName\":\"search_term_string\"}}],\"inLanguage\":\"en-US\"},{\"@type\":\"Organization\",\"@id\":\"https:\/\/gegokids.ee\/#organization\",\"name\":\"Gegokids\",\"url\":\"https:\/\/gegokids.ee\/\",\"logo\":{\"@type\":\"ImageObject\",\"inLanguage\":\"en-US\",\"@id\":\"https:\/\/gegokids.ee\/#\/schema\/logo\/image\/\",\"url\":\"https:\/\/gegokids.ee\/wp-content\/uploads\/2022\/06\/logo2.png\",\"contentUrl\":\"https:\/\/gegokids.ee\/wp-content\/uploads\/2022\/06\/logo2.png\",\"width\":358,\"height\":104,\"caption\":\"Gegokids\"},\"image\":{\"@id\":\"https:\/\/gegokids.ee\/#\/schema\/logo\/image\/\"},\"sameAs\":[\"https:\/\/www.facebook.com\/GegoKids\",\"https:\/\/www.instagram.com\/gegokids.ee\/\"]}]}<\/script>\n<!-- \/ Yoast SEO plugin. -->","yoast_head_json":{"title":"Rammelaartje laste p\u00e4ikeseprillid UV400 | Gegokids","description":"\u00dcmmargused laste p\u00e4ikeseprillid UV400 kaitsega. Kerged, mugavad ja stiilsed p\u00e4ikeseprillid lastele vanuses 1\u20136 aastat. Kaitsevad silmi p\u00e4ikese kahjulike kiirte eest.","robots":{"index":"index","follow":"follow","max-snippet":"max-snippet:-1","max-image-preview":"max-image-preview:large","max-video-preview":"max-video-preview:-1"},"canonical":"https:\/\/gegokids.ee\/en\/product\/rammelaartje-laste-paikeseprillid-uv400\/","og_locale":"en_US","og_type":"article","og_title":"Rammelaartje laste p\u00e4ikeseprillid UV400 | Gegokids","og_description":"\u00dcmmargused laste p\u00e4ikeseprillid UV400 kaitsega. Kerged, mugavad ja stiilsed p\u00e4ikeseprillid lastele vanuses 1\u20136 aastat. Kaitsevad silmi p\u00e4ikese kahjulike kiirte eest.","og_url":"https:\/\/gegokids.ee\/en\/product\/rammelaartje-laste-paikeseprillid-uv400\/","og_site_name":"Gegokids","article_publisher":"https:\/\/www.facebook.com\/GegoKids","article_modified_time":"2026-03-09T14:33:06+00:00","og_image":[{"width":1536,"height":1024,"url":"https:\/\/gegokids.ee\/wp-content\/uploads\/2026\/03\/d8b29331-7fac-485b-873e-73c0c985532b.jpeg","type":"image\/jpeg"}],"twitter_card":"summary_large_image","twitter_misc":{"Est. reading time":"1 minute"},"schema":{"@context":"https:\/\/schema.org","@graph":[{"@type":"WebPage","@id":"https:\/\/gegokids.ee\/toode\/rammelaartje-laste-paikeseprillid-uv400\/","url":"https:\/\/gegokids.ee\/toode\/rammelaartje-laste-paikeseprillid-uv400\/","name":"Rammelaartje laste p\u00e4ikeseprillid UV400 | Gegokids","isPartOf":{"@id":"https:\/\/gegokids.ee\/#website"},"primaryImageOfPage":{"@id":"https:\/\/gegokids.ee\/toode\/rammelaartje-laste-paikeseprillid-uv400\/#primaryimage"},"image":{"@id":"https:\/\/gegokids.ee\/toode\/rammelaartje-laste-paikeseprillid-uv400\/#primaryimage"},"thumbnailUrl":"https:\/\/gegokids.ee\/wp-content\/uploads\/2026\/03\/d8b29331-7fac-485b-873e-73c0c985532b.jpeg","datePublished":"2026-03-09T13:57:10+00:00","dateModified":"2026-03-09T14:33:06+00:00","description":"\u00dcmmargused laste p\u00e4ikeseprillid UV400 kaitsega. Kerged, mugavad ja stiilsed p\u00e4ikeseprillid lastele vanuses 1\u20136 aastat. Kaitsevad silmi p\u00e4ikese kahjulike kiirte eest.","breadcrumb":{"@id":"https:\/\/gegokids.ee\/toode\/rammelaartje-laste-paikeseprillid-uv400\/#breadcrumb"},"inLanguage":"en-US","potentialAction":[{"@type":"ReadAction","target":["https:\/\/gegokids.ee\/toode\/rammelaartje-laste-paikeseprillid-uv400\/"]}]},{"@type":"ImageObject","inLanguage":"en-US","@id":"https:\/\/gegokids.ee\/toode\/rammelaartje-laste-paikeseprillid-uv400\/#primaryimage","url":"https:\/\/gegokids.ee\/wp-content\/uploads\/2026\/03\/d8b29331-7fac-485b-873e-73c0c985532b.jpeg","contentUrl":"https:\/\/gegokids.ee\/wp-content\/uploads\/2026\/03\/d8b29331-7fac-485b-873e-73c0c985532b.jpeg","width":1536,"height":1024},{"@type":"BreadcrumbList","@id":"https:\/\/gegokids.ee\/toode\/rammelaartje-laste-paikeseprillid-uv400\/#breadcrumb","itemListElement":[{"@type":"ListItem","position":1,"name":"Home","item":"https:\/\/gegokids.ee\/en\/"},{"@type":"ListItem","position":2,"name":"E-pood","item":"https:\/\/gegokids.ee\/e-pood\/"},{"@type":"ListItem","position":3,"name":"Rammelaartje laste p\u00e4ikeseprillid UV400"}]},{"@type":"WebSite","@id":"https:\/\/gegokids.ee\/#website","url":"https:\/\/gegokids.ee\/","name":"Gegokids","description":"Kvaliteetsed ja turvalised laste m\u00e4nguasjad.","publisher":{"@id":"https:\/\/gegokids.ee\/#organization"},"potentialAction":[{"@type":"SearchAction","target":{"@type":"EntryPoint","urlTemplate":"https:\/\/gegokids.ee\/?s={search_term_string}"},"query-input":{"@type":"PropertyValueSpecification","valueRequired":true,"valueName":"search_term_string"}}],"inLanguage":"en-US"},{"@type":"Organization","@id":"https:\/\/gegokids.ee\/#organization","name":"Gegokids","url":"https:\/\/gegokids.ee\/","logo":{"@type":"ImageObject","inLanguage":"en-US","@id":"https:\/\/gegokids.ee\/#\/schema\/logo\/image\/","url":"https:\/\/gegokids.ee\/wp-content\/uploads\/2022\/06\/logo2.png","contentUrl":"https:\/\/gegokids.ee\/wp-content\/uploads\/2022\/06\/logo2.png","width":358,"height":104,"caption":"Gegokids"},"image":{"@id":"https:\/\/gegokids.ee\/#\/schema\/logo\/image\/"},"sameAs":["https:\/\/www.facebook.com\/GegoKids","https:\/\/www.instagram.com\/gegokids.ee\/"]}]}},"_links":{"self":[{"href":"https:\/\/gegokids.ee\/en\/wp-json\/wp\/v2\/product\/29211","targetHints":{"allow":["GET"]}}],"collection":[{"href":"https:\/\/gegokids.ee\/en\/wp-json\/wp\/v2\/product"}],"about":[{"href":"https:\/\/gegokids.ee\/en\/wp-json\/wp\/v2\/types\/product"}],"replies":[{"embeddable":true,"href":"https:\/\/gegokids.ee\/en\/wp-json\/wp\/v2\/comments?post=29211"}],"version-history":[{"count":1,"href":"https:\/\/gegokids.ee\/en\/wp-json\/wp\/v2\/product\/29211\/revisions"}],"predecessor-version":[{"id":29220,"href":"https:\/\/gegokids.ee\/en\/wp-json\/wp\/v2\/product\/29211\/revisions\/29220"}],"wp:featuredmedia":[{"embeddable":true,"href":"https:\/\/gegokids.ee\/en\/wp-json\/wp\/v2\/media\/29223"}],"wp:attachment":[{"href":"https:\/\/gegokids.ee\/en\/wp-json\/wp\/v2\/media?parent=29211"}],"wp:term":[{"taxonomy":"product_brand","embeddable":true,"href":"https:\/\/gegokids.ee\/en\/wp-json\/wp\/v2\/product_brand?post=29211"},{"taxonomy":"product_cat","embeddable":true,"href":"https:\/\/gegokids.ee\/en\/wp-json\/wp\/v2\/product_cat?post=29211"},{"taxonomy":"product_tag","embeddable":true,"href":"https:\/\/gegokids.ee\/en\/wp-json\/wp\/v2\/product_tag?post=29211"}],"curies":[{"name":"wp","href":"https:\/\/api.w.org\/{rel}","templated":true}]}}