{"id":29192,"date":"2026-03-04T12:25:22","date_gmt":"2026-03-04T09:25:22","guid":{"rendered":"https:\/\/gegokids.ee\/?post_type=product&#038;p=29192"},"modified":"2026-03-04T12:25:22","modified_gmt":"2026-03-04T09:25:22","slug":"rammelaartje-silikoonist-lusika-ja-kahvli-komplekt","status":"publish","type":"product","link":"https:\/\/gegokids.ee\/en\/product\/rammelaartje-silikoonist-lusika-ja-kahvli-komplekt\/","title":{"rendered":"Rammelaartje silikoonist lusika ja kahvli komplekt"},"content":{"rendered":"<p>Silikoonist lusika ja kahvli komplekt aitab lapsel \u00f5ppida iseseisvalt s\u00f6\u00f6ma. S\u00f6\u00f6giriistadel on laiad ja mugavad k\u00e4epidemed, mida on v\u00e4ikestel k\u00e4tel lihtne hoida.<\/p>\n<p>S\u00f6\u00f6giriistad on valmistatud kvaliteetsest ja mittetoksilisest silikoonist, mis on lapsele ohutu ja vastupidav igap\u00e4evaseks kasutamiseks. Komplekt sobib h\u00e4sti kokku ka teiste silikoonist s\u00f6\u00f6gin\u00f5udega.<\/p>\n<p><strong>Toote omadused<\/strong><\/p>\n<ul>\n<li>komplektis lusikas ja kahvel<\/li>\n<li>pehme ja painduv silikoon<\/li>\n<li>laiad k\u00e4epidemed<\/li>\n<li>mittetoksiline ja ohutu materjal<\/li>\n<li>sobib igap\u00e4evaseks kasutamiseks<\/li>\n<\/ul>\n<p><strong>Toote andmed<\/strong><\/p>\n<ul>\n<li>Materjal: silikoon<\/li>\n<li>Tootmisriik: Poola<\/li>\n<li>Omadused: orgaaniline, zero-waste, mittetoksiline<\/li>\n<\/ul>","protected":false},"excerpt":{"rendered":"<p data-start=\"289\" data-end=\"494\">Pehmest silikoonist lusika ja kahvli komplekt, mis aitab lapsel \u00f5ppida iseseisvalt s\u00f6\u00f6ma. Laiad k\u00e4epidemed sobivad h\u00e4sti v\u00e4ikestele k\u00e4tele ning painduv materjal teeb kasutamise mugavaks ja turvaliseks.<\/p>","protected":false},"featured_media":29193,"comment_status":"open","ping_status":"closed","template":"","meta":[],"product_brand":[512],"product_cat":[285,422],"product_tag":[474,457,458],"class_list":{"0":"post-29192","1":"product","2":"type-product","3":"status-publish","4":"has-post-thumbnail","6":"product_brand-rammelaartje","7":"product_cat-koik","8":"product_cat-laste-soogikomplektid","9":"product_tag-soomistarvikud","10":"product_tag-beebidele-0-1-a","11":"product_tag-vaikelastele-1-3-a","13":"first","14":"instock","15":"shipping-taxable","16":"purchasable","17":"product-type-simple"},"yoast_head":"<!-- This site is optimized with the Yoast SEO plugin v26.9 - https:\/\/yoast.com\/product\/yoast-seo-wordpress\/ -->\n<title>Rammelaartje silikoonist lusika ja kahvli komplekt | Gegokids<\/title>\n<meta name=\"description\" content=\"Bee\u017e silikoonist lusika ja kahvli komplekt lastele. Painduv ja BPA-vaba materjal, mugavad k\u00e4epidemed ning sobib h\u00e4sti lapse iseseisva s\u00f6\u00f6mise \u00f5ppimiseks.\" \/>\n<meta name=\"robots\" content=\"index, follow, max-snippet:-1, max-image-preview:large, max-video-preview:-1\" \/>\n<link rel=\"canonical\" href=\"https:\/\/gegokids.ee\/en\/product\/rammelaartje-silikoonist-lusika-ja-kahvli-komplekt\/\" \/>\n<meta property=\"og:locale\" content=\"en_US\" \/>\n<meta property=\"og:type\" content=\"article\" \/>\n<meta property=\"og:title\" content=\"Rammelaartje silikoonist lusika ja kahvli komplekt | Gegokids\" \/>\n<meta property=\"og:description\" content=\"Bee\u017e silikoonist lusika ja kahvli komplekt lastele. Painduv ja BPA-vaba materjal, mugavad k\u00e4epidemed ning sobib h\u00e4sti lapse iseseisva s\u00f6\u00f6mise \u00f5ppimiseks.\" \/>\n<meta property=\"og:url\" content=\"https:\/\/gegokids.ee\/en\/product\/rammelaartje-silikoonist-lusika-ja-kahvli-komplekt\/\" \/>\n<meta property=\"og:site_name\" content=\"Gegokids\" \/>\n<meta property=\"article:publisher\" content=\"https:\/\/www.facebook.com\/GegoKids\" \/>\n<meta property=\"og:image\" content=\"https:\/\/gegokids.ee\/wp-content\/uploads\/2026\/03\/Gegokids-20.png\" \/>\n\t<meta property=\"og:image:width\" content=\"600\" \/>\n\t<meta property=\"og:image:height\" content=\"400\" \/>\n\t<meta property=\"og:image:type\" content=\"image\/png\" \/>\n<meta name=\"twitter:card\" content=\"summary_large_image\" \/>\n<meta name=\"twitter:label1\" content=\"Est. reading time\" \/>\n\t<meta name=\"twitter:data1\" content=\"1 minute\" \/>\n<script type=\"application\/ld+json\" class=\"yoast-schema-graph\">{\"@context\":\"https:\/\/schema.org\",\"@graph\":[{\"@type\":\"WebPage\",\"@id\":\"https:\/\/gegokids.ee\/en\/product\/rammelaartje-silikoonist-lusika-ja-kahvli-komplekt\/\",\"url\":\"https:\/\/gegokids.ee\/en\/product\/rammelaartje-silikoonist-lusika-ja-kahvli-komplekt\/\",\"name\":\"Rammelaartje silikoonist lusika ja kahvli komplekt | Gegokids\",\"isPartOf\":{\"@id\":\"https:\/\/gegokids.ee\/#website\"},\"primaryImageOfPage\":{\"@id\":\"https:\/\/gegokids.ee\/en\/product\/rammelaartje-silikoonist-lusika-ja-kahvli-komplekt\/#primaryimage\"},\"image\":{\"@id\":\"https:\/\/gegokids.ee\/en\/product\/rammelaartje-silikoonist-lusika-ja-kahvli-komplekt\/#primaryimage\"},\"thumbnailUrl\":\"https:\/\/gegokids.ee\/wp-content\/uploads\/2026\/03\/Gegokids-20.png\",\"datePublished\":\"2026-03-04T09:25:22+00:00\",\"description\":\"Bee\u017e silikoonist lusika ja kahvli komplekt lastele. Painduv ja BPA-vaba materjal, mugavad k\u00e4epidemed ning sobib h\u00e4sti lapse iseseisva s\u00f6\u00f6mise \u00f5ppimiseks.\",\"breadcrumb\":{\"@id\":\"https:\/\/gegokids.ee\/en\/product\/rammelaartje-silikoonist-lusika-ja-kahvli-komplekt\/#breadcrumb\"},\"inLanguage\":\"en-US\",\"potentialAction\":[{\"@type\":\"ReadAction\",\"target\":[\"https:\/\/gegokids.ee\/en\/product\/rammelaartje-silikoonist-lusika-ja-kahvli-komplekt\/\"]}]},{\"@type\":\"ImageObject\",\"inLanguage\":\"en-US\",\"@id\":\"https:\/\/gegokids.ee\/en\/product\/rammelaartje-silikoonist-lusika-ja-kahvli-komplekt\/#primaryimage\",\"url\":\"https:\/\/gegokids.ee\/wp-content\/uploads\/2026\/03\/Gegokids-20.png\",\"contentUrl\":\"https:\/\/gegokids.ee\/wp-content\/uploads\/2026\/03\/Gegokids-20.png\",\"width\":600,\"height\":400},{\"@type\":\"BreadcrumbList\",\"@id\":\"https:\/\/gegokids.ee\/en\/product\/rammelaartje-silikoonist-lusika-ja-kahvli-komplekt\/#breadcrumb\",\"itemListElement\":[{\"@type\":\"ListItem\",\"position\":1,\"name\":\"Home\",\"item\":\"https:\/\/gegokids.ee\/en\/\"},{\"@type\":\"ListItem\",\"position\":2,\"name\":\"E-pood\",\"item\":\"https:\/\/gegokids.ee\/e-pood\/\"},{\"@type\":\"ListItem\",\"position\":3,\"name\":\"Rammelaartje silikoonist lusika ja kahvli komplekt\"}]},{\"@type\":\"WebSite\",\"@id\":\"https:\/\/gegokids.ee\/#website\",\"url\":\"https:\/\/gegokids.ee\/\",\"name\":\"Gegokids\",\"description\":\"Kvaliteetsed ja turvalised laste m\u00e4nguasjad.\",\"publisher\":{\"@id\":\"https:\/\/gegokids.ee\/#organization\"},\"potentialAction\":[{\"@type\":\"SearchAction\",\"target\":{\"@type\":\"EntryPoint\",\"urlTemplate\":\"https:\/\/gegokids.ee\/?s={search_term_string}\"},\"query-input\":{\"@type\":\"PropertyValueSpecification\",\"valueRequired\":true,\"valueName\":\"search_term_string\"}}],\"inLanguage\":\"en-US\"},{\"@type\":\"Organization\",\"@id\":\"https:\/\/gegokids.ee\/#organization\",\"name\":\"Gegokids\",\"url\":\"https:\/\/gegokids.ee\/\",\"logo\":{\"@type\":\"ImageObject\",\"inLanguage\":\"en-US\",\"@id\":\"https:\/\/gegokids.ee\/#\/schema\/logo\/image\/\",\"url\":\"https:\/\/gegokids.ee\/wp-content\/uploads\/2022\/06\/logo2.png\",\"contentUrl\":\"https:\/\/gegokids.ee\/wp-content\/uploads\/2022\/06\/logo2.png\",\"width\":358,\"height\":104,\"caption\":\"Gegokids\"},\"image\":{\"@id\":\"https:\/\/gegokids.ee\/#\/schema\/logo\/image\/\"},\"sameAs\":[\"https:\/\/www.facebook.com\/GegoKids\",\"https:\/\/www.instagram.com\/gegokids.ee\/\"]}]}<\/script>\n<!-- \/ Yoast SEO plugin. -->","yoast_head_json":{"title":"Rammelaartje silikoonist lusika ja kahvli komplekt | Gegokids","description":"Bee\u017e silikoonist lusika ja kahvli komplekt lastele. Painduv ja BPA-vaba materjal, mugavad k\u00e4epidemed ning sobib h\u00e4sti lapse iseseisva s\u00f6\u00f6mise \u00f5ppimiseks.","robots":{"index":"index","follow":"follow","max-snippet":"max-snippet:-1","max-image-preview":"max-image-preview:large","max-video-preview":"max-video-preview:-1"},"canonical":"https:\/\/gegokids.ee\/en\/product\/rammelaartje-silikoonist-lusika-ja-kahvli-komplekt\/","og_locale":"en_US","og_type":"article","og_title":"Rammelaartje silikoonist lusika ja kahvli komplekt | Gegokids","og_description":"Bee\u017e silikoonist lusika ja kahvli komplekt lastele. Painduv ja BPA-vaba materjal, mugavad k\u00e4epidemed ning sobib h\u00e4sti lapse iseseisva s\u00f6\u00f6mise \u00f5ppimiseks.","og_url":"https:\/\/gegokids.ee\/en\/product\/rammelaartje-silikoonist-lusika-ja-kahvli-komplekt\/","og_site_name":"Gegokids","article_publisher":"https:\/\/www.facebook.com\/GegoKids","og_image":[{"width":600,"height":400,"url":"https:\/\/gegokids.ee\/wp-content\/uploads\/2026\/03\/Gegokids-20.png","type":"image\/png"}],"twitter_card":"summary_large_image","twitter_misc":{"Est. reading time":"1 minute"},"schema":{"@context":"https:\/\/schema.org","@graph":[{"@type":"WebPage","@id":"https:\/\/gegokids.ee\/en\/product\/rammelaartje-silikoonist-lusika-ja-kahvli-komplekt\/","url":"https:\/\/gegokids.ee\/en\/product\/rammelaartje-silikoonist-lusika-ja-kahvli-komplekt\/","name":"Rammelaartje silikoonist lusika ja kahvli komplekt | Gegokids","isPartOf":{"@id":"https:\/\/gegokids.ee\/#website"},"primaryImageOfPage":{"@id":"https:\/\/gegokids.ee\/en\/product\/rammelaartje-silikoonist-lusika-ja-kahvli-komplekt\/#primaryimage"},"image":{"@id":"https:\/\/gegokids.ee\/en\/product\/rammelaartje-silikoonist-lusika-ja-kahvli-komplekt\/#primaryimage"},"thumbnailUrl":"https:\/\/gegokids.ee\/wp-content\/uploads\/2026\/03\/Gegokids-20.png","datePublished":"2026-03-04T09:25:22+00:00","description":"Bee\u017e silikoonist lusika ja kahvli komplekt lastele. Painduv ja BPA-vaba materjal, mugavad k\u00e4epidemed ning sobib h\u00e4sti lapse iseseisva s\u00f6\u00f6mise \u00f5ppimiseks.","breadcrumb":{"@id":"https:\/\/gegokids.ee\/en\/product\/rammelaartje-silikoonist-lusika-ja-kahvli-komplekt\/#breadcrumb"},"inLanguage":"en-US","potentialAction":[{"@type":"ReadAction","target":["https:\/\/gegokids.ee\/en\/product\/rammelaartje-silikoonist-lusika-ja-kahvli-komplekt\/"]}]},{"@type":"ImageObject","inLanguage":"en-US","@id":"https:\/\/gegokids.ee\/en\/product\/rammelaartje-silikoonist-lusika-ja-kahvli-komplekt\/#primaryimage","url":"https:\/\/gegokids.ee\/wp-content\/uploads\/2026\/03\/Gegokids-20.png","contentUrl":"https:\/\/gegokids.ee\/wp-content\/uploads\/2026\/03\/Gegokids-20.png","width":600,"height":400},{"@type":"BreadcrumbList","@id":"https:\/\/gegokids.ee\/en\/product\/rammelaartje-silikoonist-lusika-ja-kahvli-komplekt\/#breadcrumb","itemListElement":[{"@type":"ListItem","position":1,"name":"Home","item":"https:\/\/gegokids.ee\/en\/"},{"@type":"ListItem","position":2,"name":"E-pood","item":"https:\/\/gegokids.ee\/e-pood\/"},{"@type":"ListItem","position":3,"name":"Rammelaartje silikoonist lusika ja kahvli komplekt"}]},{"@type":"WebSite","@id":"https:\/\/gegokids.ee\/#website","url":"https:\/\/gegokids.ee\/","name":"Gegokids","description":"Kvaliteetsed ja turvalised laste m\u00e4nguasjad.","publisher":{"@id":"https:\/\/gegokids.ee\/#organization"},"potentialAction":[{"@type":"SearchAction","target":{"@type":"EntryPoint","urlTemplate":"https:\/\/gegokids.ee\/?s={search_term_string}"},"query-input":{"@type":"PropertyValueSpecification","valueRequired":true,"valueName":"search_term_string"}}],"inLanguage":"en-US"},{"@type":"Organization","@id":"https:\/\/gegokids.ee\/#organization","name":"Gegokids","url":"https:\/\/gegokids.ee\/","logo":{"@type":"ImageObject","inLanguage":"en-US","@id":"https:\/\/gegokids.ee\/#\/schema\/logo\/image\/","url":"https:\/\/gegokids.ee\/wp-content\/uploads\/2022\/06\/logo2.png","contentUrl":"https:\/\/gegokids.ee\/wp-content\/uploads\/2022\/06\/logo2.png","width":358,"height":104,"caption":"Gegokids"},"image":{"@id":"https:\/\/gegokids.ee\/#\/schema\/logo\/image\/"},"sameAs":["https:\/\/www.facebook.com\/GegoKids","https:\/\/www.instagram.com\/gegokids.ee\/"]}]}},"_links":{"self":[{"href":"https:\/\/gegokids.ee\/en\/wp-json\/wp\/v2\/product\/29192","targetHints":{"allow":["GET"]}}],"collection":[{"href":"https:\/\/gegokids.ee\/en\/wp-json\/wp\/v2\/product"}],"about":[{"href":"https:\/\/gegokids.ee\/en\/wp-json\/wp\/v2\/types\/product"}],"replies":[{"embeddable":true,"href":"https:\/\/gegokids.ee\/en\/wp-json\/wp\/v2\/comments?post=29192"}],"version-history":[{"count":1,"href":"https:\/\/gegokids.ee\/en\/wp-json\/wp\/v2\/product\/29192\/revisions"}],"predecessor-version":[{"id":29195,"href":"https:\/\/gegokids.ee\/en\/wp-json\/wp\/v2\/product\/29192\/revisions\/29195"}],"wp:featuredmedia":[{"embeddable":true,"href":"https:\/\/gegokids.ee\/en\/wp-json\/wp\/v2\/media\/29193"}],"wp:attachment":[{"href":"https:\/\/gegokids.ee\/en\/wp-json\/wp\/v2\/media?parent=29192"}],"wp:term":[{"taxonomy":"product_brand","embeddable":true,"href":"https:\/\/gegokids.ee\/en\/wp-json\/wp\/v2\/product_brand?post=29192"},{"taxonomy":"product_cat","embeddable":true,"href":"https:\/\/gegokids.ee\/en\/wp-json\/wp\/v2\/product_cat?post=29192"},{"taxonomy":"product_tag","embeddable":true,"href":"https:\/\/gegokids.ee\/en\/wp-json\/wp\/v2\/product_tag?post=29192"}],"curies":[{"name":"wp","href":"https:\/\/api.w.org\/{rel}","templated":true}]}}