{"id":29034,"date":"2026-02-06T23:51:36","date_gmt":"2026-02-06T20:51:36","guid":{"rendered":"https:\/\/gegokids.ee\/?post_type=product&#038;p=29034"},"modified":"2026-02-08T23:54:15","modified_gmt":"2026-02-08T20:54:15","slug":"marcus-marcus-vaikeste-kate-lusikas-ja-kahvel","status":"publish","type":"product","link":"https:\/\/gegokids.ee\/en\/product\/marcus-marcus-vaikeste-kate-lusikas-ja-kahvel\/","title":{"rendered":"Marcus &#038; Marcus Panda v\u00e4ikeste k\u00e4te lusikas ja kahvel"},"content":{"rendered":"<p data-start=\"915\" data-end=\"1153\"><strong>Marcus &amp; Marcus Palm Grasp lusika ja kahvli komplekt<\/strong> on loodud just v\u00e4ikeste laste k\u00e4te ja arenguetappi silmas pidades. Paljud lapsed tunnevad end ebamugavalt pikkade s\u00f6\u00f6giriistadega, mis v\u00f5ivad iseseisva s\u00f6\u00f6mise hoopis keeruliseks muuta.<\/p>\n<p data-start=\"1155\" data-end=\"1470\">Selle komplekti l\u00fchendatud vars ja 90\u00b0 nurga all paiknev k\u00e4epide sobivad ideaalselt lapse peopesahaardesse. T\u00e4nu sellele saab laps s\u00f6\u00f6giriistu mugavalt hoida, arendada haardeoskust ning nautida iseseisvat s\u00f6\u00f6mist ilma frustratsioonita. See on ideaalne vahe-etapp enne \u00fcleminekut tavap\u00e4rastele laste s\u00f6\u00f6giriistadele.<\/p>\n<hr data-start=\"1592\" data-end=\"1595\" \/>\n<h4 data-start=\"1597\" data-end=\"1611\">Omadused<\/h4>\n<ul data-start=\"1612\" data-end=\"1792\">\n<li data-start=\"1612\" data-end=\"1636\">\n<p data-start=\"1614\" data-end=\"1636\">BPA- ja ftalaadivaba<\/p>\n<\/li>\n<li data-start=\"1637\" data-end=\"1684\">\n<p data-start=\"1639\" data-end=\"1684\">Ohutud s\u00f6\u00f6giriistad ilma teravate servadeta<\/p>\n<\/li>\n<li data-start=\"1685\" data-end=\"1737\">\n<p data-start=\"1687\" data-end=\"1737\">Peopesa haaramiseks m\u00f5eldud ergonoomiline disain<\/p>\n<\/li>\n<li data-start=\"1738\" data-end=\"1792\">\n<p data-start=\"1740\" data-end=\"1792\">Toetab lapse arenevat haaret ja iseseisvat s\u00f6\u00f6mist<\/p>\n<\/li>\n<\/ul>\n<hr data-start=\"1794\" data-end=\"1797\" \/>\n<h4 data-start=\"1799\" data-end=\"1825\">Hooldus ja puhastus<\/h4>\n<ul data-start=\"1826\" data-end=\"1952\">\n<li data-start=\"1826\" data-end=\"1870\">\n<p data-start=\"1828\" data-end=\"1870\">Sobib n\u00f5udepesumasina \u00fclemisele riiulile<\/p>\n<\/li>\n<li data-start=\"1871\" data-end=\"1902\">\n<p data-start=\"1873\" data-end=\"1902\">Sobib aurusterilisaatorisse<\/p>\n<\/li>\n<li data-start=\"1903\" data-end=\"1952\">\n<p data-start=\"1905\" data-end=\"1952\">Plekkide eemaldamiseks pesta sooja seebiveega<\/p>\n<\/li>\n<\/ul>\n<hr data-start=\"1954\" data-end=\"1957\" \/>\n<h4 data-start=\"1959\" data-end=\"1972\">M\u00f5\u00f5dud<\/h4>\n<ul data-start=\"1973\" data-end=\"2043\">\n<li data-start=\"1973\" data-end=\"2007\">\n<p data-start=\"1975\" data-end=\"2007\"><strong data-start=\"1975\" data-end=\"1986\">Kahvel:<\/strong> 9,5 \u00d7 2,9 \u00d7 2,9 cm<\/p>\n<\/li>\n<li data-start=\"2008\" data-end=\"2043\">\n<p data-start=\"2010\" data-end=\"2043\"><strong data-start=\"2010\" data-end=\"2022\">Lusikas:<\/strong> 9,5 \u00d7 2,1 \u00d7 2,9 cm<\/p>\n<\/li>\n<\/ul>\n<hr data-start=\"2045\" data-end=\"2048\" \/>\n<h4 data-start=\"2050\" data-end=\"2065\">Materjal<\/h4>\n<ul data-start=\"2066\" data-end=\"2121\">\n<li data-start=\"2066\" data-end=\"2096\">\n<p data-start=\"2068\" data-end=\"2096\">Toidukvaliteediga silikoon<\/p>\n<\/li>\n<li data-start=\"2097\" data-end=\"2121\">\n<p data-start=\"2099\" data-end=\"2121\">304 roostevaba teras<\/p>\n<\/li>\n<\/ul>\n<hr data-start=\"2123\" data-end=\"2126\" \/>\n<h4 data-start=\"2128\" data-end=\"2152\">Soovituslik vanus: <strong data-start=\"2153\" data-end=\"2166\">18 kuud+<\/strong><\/h4>","protected":false},"excerpt":{"rendered":"<p>Marcus &amp; Marcus Palm Grasp lusika ja kahvli komplekt on loodud just v\u00e4ikeste laste k\u00e4te ja arenguetappi silmas pidades. Paljud<\/p>","protected":false},"featured_media":29035,"comment_status":"open","ping_status":"closed","template":"","meta":[],"product_brand":[455],"product_cat":[285,422],"product_tag":[],"class_list":{"0":"post-29034","1":"product","2":"type-product","3":"status-publish","4":"has-post-thumbnail","6":"product_brand-marcus-marcus","7":"product_cat-koik","8":"product_cat-laste-soogikomplektid","10":"first","11":"instock","12":"shipping-taxable","13":"purchasable","14":"product-type-simple"},"yoast_head":"<!-- This site is optimized with the Yoast SEO plugin v26.9 - https:\/\/yoast.com\/product\/yoast-seo-wordpress\/ -->\n<title>Marcus &amp; Marcus Panda v\u00e4ikeste k\u00e4te lusikas ja kahvel | Gegokids<\/title>\n<meta name=\"description\" content=\"Marcus &amp; Marcus peopesa haaratav lusika ja kahvli komplekt toetab lapse iseseisvat s\u00f6\u00f6mist. L\u00fchike disain, ohutud servad ja mugav haare. Sobib alates 18 kuust.\" \/>\n<meta name=\"robots\" content=\"index, follow, max-snippet:-1, max-image-preview:large, max-video-preview:-1\" \/>\n<link rel=\"canonical\" href=\"https:\/\/gegokids.ee\/en\/product\/marcus-marcus-vaikeste-kate-lusikas-ja-kahvel\/\" \/>\n<meta property=\"og:locale\" content=\"en_US\" \/>\n<meta property=\"og:type\" content=\"article\" \/>\n<meta property=\"og:title\" content=\"Marcus &amp; Marcus Panda v\u00e4ikeste k\u00e4te lusikas ja kahvel | Gegokids\" \/>\n<meta property=\"og:description\" content=\"Marcus &amp; Marcus peopesa haaratav lusika ja kahvli komplekt toetab lapse iseseisvat s\u00f6\u00f6mist. L\u00fchike disain, ohutud servad ja mugav haare. Sobib alates 18 kuust.\" \/>\n<meta property=\"og:url\" content=\"https:\/\/gegokids.ee\/en\/product\/marcus-marcus-vaikeste-kate-lusikas-ja-kahvel\/\" \/>\n<meta property=\"og:site_name\" content=\"Gegokids\" \/>\n<meta property=\"article:publisher\" content=\"https:\/\/www.facebook.com\/GegoKids\" \/>\n<meta property=\"article:modified_time\" content=\"2026-02-08T20:54:15+00:00\" \/>\n<meta property=\"og:image\" content=\"https:\/\/gegokids.ee\/wp-content\/uploads\/2026\/02\/2nxtdoo3l581pe9t3tt9ue0tfmfq92u3.jpg\" \/>\n\t<meta property=\"og:image:width\" content=\"450\" \/>\n\t<meta property=\"og:image:height\" content=\"300\" \/>\n\t<meta property=\"og:image:type\" content=\"image\/jpeg\" \/>\n<meta name=\"twitter:card\" content=\"summary_large_image\" \/>\n<meta name=\"twitter:label1\" content=\"Est. reading time\" \/>\n\t<meta name=\"twitter:data1\" content=\"1 minute\" \/>\n<script type=\"application\/ld+json\" class=\"yoast-schema-graph\">{\"@context\":\"https:\/\/schema.org\",\"@graph\":[{\"@type\":\"WebPage\",\"@id\":\"https:\/\/gegokids.ee\/en\/product\/marcus-marcus-vaikeste-kate-lusikas-ja-kahvel\/\",\"url\":\"https:\/\/gegokids.ee\/en\/product\/marcus-marcus-vaikeste-kate-lusikas-ja-kahvel\/\",\"name\":\"Marcus & Marcus Panda v\u00e4ikeste k\u00e4te lusikas ja kahvel | Gegokids\",\"isPartOf\":{\"@id\":\"https:\/\/gegokids.ee\/#website\"},\"primaryImageOfPage\":{\"@id\":\"https:\/\/gegokids.ee\/en\/product\/marcus-marcus-vaikeste-kate-lusikas-ja-kahvel\/#primaryimage\"},\"image\":{\"@id\":\"https:\/\/gegokids.ee\/en\/product\/marcus-marcus-vaikeste-kate-lusikas-ja-kahvel\/#primaryimage\"},\"thumbnailUrl\":\"https:\/\/gegokids.ee\/wp-content\/uploads\/2026\/02\/2nxtdoo3l581pe9t3tt9ue0tfmfq92u3.jpg\",\"datePublished\":\"2026-02-06T20:51:36+00:00\",\"dateModified\":\"2026-02-08T20:54:15+00:00\",\"description\":\"Marcus & Marcus peopesa haaratav lusika ja kahvli komplekt toetab lapse iseseisvat s\u00f6\u00f6mist. L\u00fchike disain, ohutud servad ja mugav haare. Sobib alates 18 kuust.\",\"breadcrumb\":{\"@id\":\"https:\/\/gegokids.ee\/en\/product\/marcus-marcus-vaikeste-kate-lusikas-ja-kahvel\/#breadcrumb\"},\"inLanguage\":\"en-US\",\"potentialAction\":[{\"@type\":\"ReadAction\",\"target\":[\"https:\/\/gegokids.ee\/en\/product\/marcus-marcus-vaikeste-kate-lusikas-ja-kahvel\/\"]}]},{\"@type\":\"ImageObject\",\"inLanguage\":\"en-US\",\"@id\":\"https:\/\/gegokids.ee\/en\/product\/marcus-marcus-vaikeste-kate-lusikas-ja-kahvel\/#primaryimage\",\"url\":\"https:\/\/gegokids.ee\/wp-content\/uploads\/2026\/02\/2nxtdoo3l581pe9t3tt9ue0tfmfq92u3.jpg\",\"contentUrl\":\"https:\/\/gegokids.ee\/wp-content\/uploads\/2026\/02\/2nxtdoo3l581pe9t3tt9ue0tfmfq92u3.jpg\",\"width\":450,\"height\":300},{\"@type\":\"BreadcrumbList\",\"@id\":\"https:\/\/gegokids.ee\/en\/product\/marcus-marcus-vaikeste-kate-lusikas-ja-kahvel\/#breadcrumb\",\"itemListElement\":[{\"@type\":\"ListItem\",\"position\":1,\"name\":\"Home\",\"item\":\"https:\/\/gegokids.ee\/en\/\"},{\"@type\":\"ListItem\",\"position\":2,\"name\":\"E-pood\",\"item\":\"https:\/\/gegokids.ee\/e-pood\/\"},{\"@type\":\"ListItem\",\"position\":3,\"name\":\"Marcus &#038; Marcus Panda v\u00e4ikeste k\u00e4te lusikas ja kahvel\"}]},{\"@type\":\"WebSite\",\"@id\":\"https:\/\/gegokids.ee\/#website\",\"url\":\"https:\/\/gegokids.ee\/\",\"name\":\"Gegokids\",\"description\":\"Kvaliteetsed ja turvalised laste m\u00e4nguasjad.\",\"publisher\":{\"@id\":\"https:\/\/gegokids.ee\/#organization\"},\"potentialAction\":[{\"@type\":\"SearchAction\",\"target\":{\"@type\":\"EntryPoint\",\"urlTemplate\":\"https:\/\/gegokids.ee\/?s={search_term_string}\"},\"query-input\":{\"@type\":\"PropertyValueSpecification\",\"valueRequired\":true,\"valueName\":\"search_term_string\"}}],\"inLanguage\":\"en-US\"},{\"@type\":\"Organization\",\"@id\":\"https:\/\/gegokids.ee\/#organization\",\"name\":\"Gegokids\",\"url\":\"https:\/\/gegokids.ee\/\",\"logo\":{\"@type\":\"ImageObject\",\"inLanguage\":\"en-US\",\"@id\":\"https:\/\/gegokids.ee\/#\/schema\/logo\/image\/\",\"url\":\"https:\/\/gegokids.ee\/wp-content\/uploads\/2022\/06\/logo2.png\",\"contentUrl\":\"https:\/\/gegokids.ee\/wp-content\/uploads\/2022\/06\/logo2.png\",\"width\":358,\"height\":104,\"caption\":\"Gegokids\"},\"image\":{\"@id\":\"https:\/\/gegokids.ee\/#\/schema\/logo\/image\/\"},\"sameAs\":[\"https:\/\/www.facebook.com\/GegoKids\",\"https:\/\/www.instagram.com\/gegokids.ee\/\"]}]}<\/script>\n<!-- \/ Yoast SEO plugin. -->","yoast_head_json":{"title":"Marcus & Marcus Panda v\u00e4ikeste k\u00e4te lusikas ja kahvel | Gegokids","description":"Marcus & Marcus peopesa haaratav lusika ja kahvli komplekt toetab lapse iseseisvat s\u00f6\u00f6mist. L\u00fchike disain, ohutud servad ja mugav haare. Sobib alates 18 kuust.","robots":{"index":"index","follow":"follow","max-snippet":"max-snippet:-1","max-image-preview":"max-image-preview:large","max-video-preview":"max-video-preview:-1"},"canonical":"https:\/\/gegokids.ee\/en\/product\/marcus-marcus-vaikeste-kate-lusikas-ja-kahvel\/","og_locale":"en_US","og_type":"article","og_title":"Marcus & Marcus Panda v\u00e4ikeste k\u00e4te lusikas ja kahvel | Gegokids","og_description":"Marcus & Marcus peopesa haaratav lusika ja kahvli komplekt toetab lapse iseseisvat s\u00f6\u00f6mist. L\u00fchike disain, ohutud servad ja mugav haare. Sobib alates 18 kuust.","og_url":"https:\/\/gegokids.ee\/en\/product\/marcus-marcus-vaikeste-kate-lusikas-ja-kahvel\/","og_site_name":"Gegokids","article_publisher":"https:\/\/www.facebook.com\/GegoKids","article_modified_time":"2026-02-08T20:54:15+00:00","og_image":[{"width":450,"height":300,"url":"https:\/\/gegokids.ee\/wp-content\/uploads\/2026\/02\/2nxtdoo3l581pe9t3tt9ue0tfmfq92u3.jpg","type":"image\/jpeg"}],"twitter_card":"summary_large_image","twitter_misc":{"Est. reading time":"1 minute"},"schema":{"@context":"https:\/\/schema.org","@graph":[{"@type":"WebPage","@id":"https:\/\/gegokids.ee\/en\/product\/marcus-marcus-vaikeste-kate-lusikas-ja-kahvel\/","url":"https:\/\/gegokids.ee\/en\/product\/marcus-marcus-vaikeste-kate-lusikas-ja-kahvel\/","name":"Marcus & Marcus Panda v\u00e4ikeste k\u00e4te lusikas ja kahvel | Gegokids","isPartOf":{"@id":"https:\/\/gegokids.ee\/#website"},"primaryImageOfPage":{"@id":"https:\/\/gegokids.ee\/en\/product\/marcus-marcus-vaikeste-kate-lusikas-ja-kahvel\/#primaryimage"},"image":{"@id":"https:\/\/gegokids.ee\/en\/product\/marcus-marcus-vaikeste-kate-lusikas-ja-kahvel\/#primaryimage"},"thumbnailUrl":"https:\/\/gegokids.ee\/wp-content\/uploads\/2026\/02\/2nxtdoo3l581pe9t3tt9ue0tfmfq92u3.jpg","datePublished":"2026-02-06T20:51:36+00:00","dateModified":"2026-02-08T20:54:15+00:00","description":"Marcus & Marcus peopesa haaratav lusika ja kahvli komplekt toetab lapse iseseisvat s\u00f6\u00f6mist. L\u00fchike disain, ohutud servad ja mugav haare. Sobib alates 18 kuust.","breadcrumb":{"@id":"https:\/\/gegokids.ee\/en\/product\/marcus-marcus-vaikeste-kate-lusikas-ja-kahvel\/#breadcrumb"},"inLanguage":"en-US","potentialAction":[{"@type":"ReadAction","target":["https:\/\/gegokids.ee\/en\/product\/marcus-marcus-vaikeste-kate-lusikas-ja-kahvel\/"]}]},{"@type":"ImageObject","inLanguage":"en-US","@id":"https:\/\/gegokids.ee\/en\/product\/marcus-marcus-vaikeste-kate-lusikas-ja-kahvel\/#primaryimage","url":"https:\/\/gegokids.ee\/wp-content\/uploads\/2026\/02\/2nxtdoo3l581pe9t3tt9ue0tfmfq92u3.jpg","contentUrl":"https:\/\/gegokids.ee\/wp-content\/uploads\/2026\/02\/2nxtdoo3l581pe9t3tt9ue0tfmfq92u3.jpg","width":450,"height":300},{"@type":"BreadcrumbList","@id":"https:\/\/gegokids.ee\/en\/product\/marcus-marcus-vaikeste-kate-lusikas-ja-kahvel\/#breadcrumb","itemListElement":[{"@type":"ListItem","position":1,"name":"Home","item":"https:\/\/gegokids.ee\/en\/"},{"@type":"ListItem","position":2,"name":"E-pood","item":"https:\/\/gegokids.ee\/e-pood\/"},{"@type":"ListItem","position":3,"name":"Marcus &#038; Marcus Panda v\u00e4ikeste k\u00e4te lusikas ja kahvel"}]},{"@type":"WebSite","@id":"https:\/\/gegokids.ee\/#website","url":"https:\/\/gegokids.ee\/","name":"Gegokids","description":"Kvaliteetsed ja turvalised laste m\u00e4nguasjad.","publisher":{"@id":"https:\/\/gegokids.ee\/#organization"},"potentialAction":[{"@type":"SearchAction","target":{"@type":"EntryPoint","urlTemplate":"https:\/\/gegokids.ee\/?s={search_term_string}"},"query-input":{"@type":"PropertyValueSpecification","valueRequired":true,"valueName":"search_term_string"}}],"inLanguage":"en-US"},{"@type":"Organization","@id":"https:\/\/gegokids.ee\/#organization","name":"Gegokids","url":"https:\/\/gegokids.ee\/","logo":{"@type":"ImageObject","inLanguage":"en-US","@id":"https:\/\/gegokids.ee\/#\/schema\/logo\/image\/","url":"https:\/\/gegokids.ee\/wp-content\/uploads\/2022\/06\/logo2.png","contentUrl":"https:\/\/gegokids.ee\/wp-content\/uploads\/2022\/06\/logo2.png","width":358,"height":104,"caption":"Gegokids"},"image":{"@id":"https:\/\/gegokids.ee\/#\/schema\/logo\/image\/"},"sameAs":["https:\/\/www.facebook.com\/GegoKids","https:\/\/www.instagram.com\/gegokids.ee\/"]}]}},"_links":{"self":[{"href":"https:\/\/gegokids.ee\/en\/wp-json\/wp\/v2\/product\/29034","targetHints":{"allow":["GET"]}}],"collection":[{"href":"https:\/\/gegokids.ee\/en\/wp-json\/wp\/v2\/product"}],"about":[{"href":"https:\/\/gegokids.ee\/en\/wp-json\/wp\/v2\/types\/product"}],"replies":[{"embeddable":true,"href":"https:\/\/gegokids.ee\/en\/wp-json\/wp\/v2\/comments?post=29034"}],"version-history":[{"count":3,"href":"https:\/\/gegokids.ee\/en\/wp-json\/wp\/v2\/product\/29034\/revisions"}],"predecessor-version":[{"id":29039,"href":"https:\/\/gegokids.ee\/en\/wp-json\/wp\/v2\/product\/29034\/revisions\/29039"}],"wp:featuredmedia":[{"embeddable":true,"href":"https:\/\/gegokids.ee\/en\/wp-json\/wp\/v2\/media\/29035"}],"wp:attachment":[{"href":"https:\/\/gegokids.ee\/en\/wp-json\/wp\/v2\/media?parent=29034"}],"wp:term":[{"taxonomy":"product_brand","embeddable":true,"href":"https:\/\/gegokids.ee\/en\/wp-json\/wp\/v2\/product_brand?post=29034"},{"taxonomy":"product_cat","embeddable":true,"href":"https:\/\/gegokids.ee\/en\/wp-json\/wp\/v2\/product_cat?post=29034"},{"taxonomy":"product_tag","embeddable":true,"href":"https:\/\/gegokids.ee\/en\/wp-json\/wp\/v2\/product_tag?post=29034"}],"curies":[{"name":"wp","href":"https:\/\/api.w.org\/{rel}","templated":true}]}}