{"id":28789,"date":"2026-01-22T16:41:50","date_gmt":"2026-01-22T13:41:50","guid":{"rendered":"https:\/\/gegokids.ee\/?post_type=product&#038;p=28789"},"modified":"2026-01-30T23:41:05","modified_gmt":"2026-01-30T20:41:05","slug":"komplekt-young-explorer","status":"publish","type":"product","link":"https:\/\/gegokids.ee\/en\/product\/komplekt-young-explorer\/","title":{"rendered":"Komplekt \u201eYoung Explorer\u201c"},"content":{"rendered":"<p data-start=\"205\" data-end=\"499\">Ortonature <strong data-start=\"216\" data-end=\"261\">massaa\u017eimattide komplekt \u201eYoung Explorer\u201c<\/strong> on mitmek\u00fclgne puslemattide komplekt, mis sobib nii lastele kui ka t\u00e4iskasvanutele. Komplektis on erineva mustri ja reljeefse pinnaga matid, mis pakuvad vaheldust ning sobivad k\u00f5ndimiseks, seismiseks, m\u00e4ngimiseks ja liikumisharjutusteks.<\/p>\n<p data-start=\"501\" data-end=\"534\">Massaa\u017eimattidel liikumine aitab:<\/p>\n<ul data-start=\"535\" data-end=\"694\">\n<li data-start=\"535\" data-end=\"557\">\n<p data-start=\"537\" data-end=\"557\">ergutada jalataldu<\/p>\n<\/li>\n<li data-start=\"558\" data-end=\"580\">\n<p data-start=\"560\" data-end=\"580\">toetada vereringet<\/p>\n<\/li>\n<li data-start=\"581\" data-end=\"627\">\n<p data-start=\"583\" data-end=\"627\">aidata kaasa lampjalgsuse korrigeerimisele<\/p>\n<\/li>\n<li data-start=\"628\" data-end=\"656\">\n<p data-start=\"630\" data-end=\"656\">v\u00e4hendada jalgade turset<\/p>\n<\/li>\n<li data-start=\"657\" data-end=\"694\">\n<p data-start=\"659\" data-end=\"694\">arendada tasakaalu ja kehahoiakut<\/p>\n<\/li>\n<\/ul>\n<p data-start=\"696\" data-end=\"908\">Matid on valmistatud <strong data-start=\"717\" data-end=\"770\">kvaliteetsest PVC-materjalist (pol\u00fcvin\u00fc\u00fclkloriid)<\/strong> ning on <strong data-start=\"779\" data-end=\"804\">BPA- ja ftalaadivabad<\/strong>. Need on vastupidavad, kergesti puhastatavad ja sobivad pikaajaliseks kasutamiseks kodus v\u00f5i lasteaias.<\/p>\n<p data-start=\"910\" data-end=\"986\">Komplekt sobib h\u00e4sti igap\u00e4evaseks liikumiseks ning laste aktiivseks m\u00e4nguks.<\/p>\n<hr data-start=\"988\" data-end=\"991\" \/>\n<h4 data-start=\"993\" data-end=\"1045\">Komplekt \u201eYoung Explorer\u201c sisaldab 6 puslematti:<\/h4>\n<ul data-start=\"1046\" data-end=\"1136\">\n<li data-start=\"1046\" data-end=\"1058\">\n<p data-start=\"1048\" data-end=\"1058\">\u201eCactuses\u201c<\/p>\n<\/li>\n<li data-start=\"1059\" data-end=\"1082\">\n<p data-start=\"1061\" data-end=\"1082\">\u201eAmazonian Crocodile\u201c<\/p>\n<\/li>\n<li data-start=\"1083\" data-end=\"1099\">\n<p data-start=\"1085\" data-end=\"1099\">\u201eThe Hedgehog\u201c<\/p>\n<\/li>\n<li data-start=\"1100\" data-end=\"1110\">\n<p data-start=\"1102\" data-end=\"1110\">\u201eBreeze\u201c<\/p>\n<\/li>\n<li data-start=\"1111\" data-end=\"1120\">\n<p data-start=\"1113\" data-end=\"1120\">\u201eGrass\u201c<\/p>\n<\/li>\n<li data-start=\"1121\" data-end=\"1136\">\n<p data-start=\"1123\" data-end=\"1136\">\u201eLittle Hill\u201c<\/p>\n<\/li>\n<\/ul>","protected":false},"excerpt":{"rendered":"<p data-start=\"205\" data-end=\"499\">Ortonature <strong data-start=\"216\" data-end=\"261\">massaa\u017eimattide komplekt \u201eYoung Explorer\u201c<\/strong> on mitmek\u00fclgne puslemattide komplekt, mis sobib nii lastele kui ka t\u00e4iskasvanutele. Komplektis on erineva mustri ja reljeefse pinnaga matid, mis pakuvad vaheldust ning sobivad k\u00f5ndimiseks, seismiseks, m\u00e4ngimiseks ja liikumisharjutusteks.<\/p>\n<p data-start=\"501\" data-end=\"534\">Massaa\u017eimattidel liikumine aitab:<\/p>\n<ul data-start=\"535\" data-end=\"694\">\n<li data-start=\"535\" data-end=\"557\">\n<p data-start=\"537\" data-end=\"557\">ergutada jalataldu<\/p>\n<\/li>\n<li data-start=\"558\" data-end=\"580\">\n<p data-start=\"560\" data-end=\"580\">toetada vereringet<\/p>\n<\/li>\n<li data-start=\"581\" data-end=\"627\">\n<p data-start=\"583\" data-end=\"627\">aidata kaasa lampjalgsuse korrigeerimisele<\/p>\n<\/li>\n<li data-start=\"628\" data-end=\"656\">\n<p data-start=\"630\" data-end=\"656\">v\u00e4hendada jalgade turset<\/p>\n<\/li>\n<li data-start=\"657\" data-end=\"694\">\n<p data-start=\"659\" data-end=\"694\">arendada tasakaalu ja kehahoiakut<\/p>\n<\/li>\n<\/ul>\n<p data-start=\"696\" data-end=\"908\">","protected":false},"featured_media":28792,"comment_status":"open","ping_status":"closed","template":"","meta":[],"product_brand":[456],"product_cat":[285,425],"product_tag":[460,461],"class_list":{"0":"post-28789","1":"product","2":"type-product","3":"status-publish","4":"has-post-thumbnail","6":"product_brand-ortoto","7":"product_cat-koik","8":"product_cat-vahvad-matid-ja-kotid","9":"product_tag-arendavad-manguasjad","10":"product_tag-461","12":"first","13":"instock","14":"shipping-taxable","15":"purchasable","16":"product-type-simple"},"yoast_head":"<!-- This site is optimized with the Yoast SEO plugin v26.9 - https:\/\/yoast.com\/product\/yoast-seo-wordpress\/ -->\n<title>Komplekt \u201eYoung Explorer\u201c | Gegokids<\/title>\n<meta name=\"robots\" content=\"index, follow, max-snippet:-1, max-image-preview:large, max-video-preview:-1\" \/>\n<link rel=\"canonical\" href=\"https:\/\/gegokids.ee\/en\/product\/komplekt-young-explorer\/\" \/>\n<meta property=\"og:locale\" content=\"en_US\" \/>\n<meta property=\"og:type\" content=\"article\" \/>\n<meta property=\"og:title\" content=\"Komplekt \u201eYoung Explorer\u201c | Gegokids\" \/>\n<meta property=\"og:description\" content=\"Ortonature massaa\u017eimattide komplekt \u201eYoung Explorer\u201c on mitmek\u00fclgne puslemattide komplekt, mis sobib nii lastele kui ka t\u00e4iskasvanutele. Komplektis on erineva mustri ja reljeefse pinnaga matid, mis pakuvad vaheldust ning sobivad k\u00f5ndimiseks, seismiseks, m\u00e4ngimiseks ja liikumisharjutusteks. Massaa\u017eimattidel liikumine aitab:     ergutada jalataldu    toetada vereringet    aidata kaasa lampjalgsuse korrigeerimisele    v\u00e4hendada jalgade turset    arendada tasakaalu ja kehahoiakut\" \/>\n<meta property=\"og:url\" content=\"https:\/\/gegokids.ee\/en\/product\/komplekt-young-explorer\/\" \/>\n<meta property=\"og:site_name\" content=\"Gegokids\" \/>\n<meta property=\"article:publisher\" content=\"https:\/\/www.facebook.com\/GegoKids\" \/>\n<meta property=\"article:modified_time\" content=\"2026-01-30T20:41:05+00:00\" \/>\n<meta property=\"og:image\" content=\"https:\/\/gegokids.ee\/wp-content\/uploads\/2026\/01\/Gegokids.png\" \/>\n\t<meta property=\"og:image:width\" content=\"600\" \/>\n\t<meta property=\"og:image:height\" content=\"400\" \/>\n\t<meta property=\"og:image:type\" content=\"image\/png\" \/>\n<meta name=\"twitter:card\" content=\"summary_large_image\" \/>\n<meta name=\"twitter:label1\" content=\"Est. reading time\" \/>\n\t<meta name=\"twitter:data1\" content=\"1 minute\" \/>\n<script type=\"application\/ld+json\" class=\"yoast-schema-graph\">{\"@context\":\"https:\/\/schema.org\",\"@graph\":[{\"@type\":\"WebPage\",\"@id\":\"https:\/\/gegokids.ee\/en\/product\/komplekt-young-explorer\/\",\"url\":\"https:\/\/gegokids.ee\/en\/product\/komplekt-young-explorer\/\",\"name\":\"Komplekt \u201eYoung Explorer\u201c | Gegokids\",\"isPartOf\":{\"@id\":\"https:\/\/gegokids.ee\/#website\"},\"primaryImageOfPage\":{\"@id\":\"https:\/\/gegokids.ee\/en\/product\/komplekt-young-explorer\/#primaryimage\"},\"image\":{\"@id\":\"https:\/\/gegokids.ee\/en\/product\/komplekt-young-explorer\/#primaryimage\"},\"thumbnailUrl\":\"https:\/\/gegokids.ee\/wp-content\/uploads\/2026\/01\/Gegokids.png\",\"datePublished\":\"2026-01-22T13:41:50+00:00\",\"dateModified\":\"2026-01-30T20:41:05+00:00\",\"breadcrumb\":{\"@id\":\"https:\/\/gegokids.ee\/en\/product\/komplekt-young-explorer\/#breadcrumb\"},\"inLanguage\":\"en-US\",\"potentialAction\":[{\"@type\":\"ReadAction\",\"target\":[\"https:\/\/gegokids.ee\/en\/product\/komplekt-young-explorer\/\"]}]},{\"@type\":\"ImageObject\",\"inLanguage\":\"en-US\",\"@id\":\"https:\/\/gegokids.ee\/en\/product\/komplekt-young-explorer\/#primaryimage\",\"url\":\"https:\/\/gegokids.ee\/wp-content\/uploads\/2026\/01\/Gegokids.png\",\"contentUrl\":\"https:\/\/gegokids.ee\/wp-content\/uploads\/2026\/01\/Gegokids.png\",\"width\":600,\"height\":400},{\"@type\":\"BreadcrumbList\",\"@id\":\"https:\/\/gegokids.ee\/en\/product\/komplekt-young-explorer\/#breadcrumb\",\"itemListElement\":[{\"@type\":\"ListItem\",\"position\":1,\"name\":\"Home\",\"item\":\"https:\/\/gegokids.ee\/en\/\"},{\"@type\":\"ListItem\",\"position\":2,\"name\":\"E-pood\",\"item\":\"https:\/\/gegokids.ee\/e-pood\/\"},{\"@type\":\"ListItem\",\"position\":3,\"name\":\"Komplekt \u201eYoung Explorer\u201c\"}]},{\"@type\":\"WebSite\",\"@id\":\"https:\/\/gegokids.ee\/#website\",\"url\":\"https:\/\/gegokids.ee\/\",\"name\":\"Gegokids\",\"description\":\"Kvaliteetsed ja turvalised laste m\u00e4nguasjad.\",\"publisher\":{\"@id\":\"https:\/\/gegokids.ee\/#organization\"},\"potentialAction\":[{\"@type\":\"SearchAction\",\"target\":{\"@type\":\"EntryPoint\",\"urlTemplate\":\"https:\/\/gegokids.ee\/?s={search_term_string}\"},\"query-input\":{\"@type\":\"PropertyValueSpecification\",\"valueRequired\":true,\"valueName\":\"search_term_string\"}}],\"inLanguage\":\"en-US\"},{\"@type\":\"Organization\",\"@id\":\"https:\/\/gegokids.ee\/#organization\",\"name\":\"Gegokids\",\"url\":\"https:\/\/gegokids.ee\/\",\"logo\":{\"@type\":\"ImageObject\",\"inLanguage\":\"en-US\",\"@id\":\"https:\/\/gegokids.ee\/#\/schema\/logo\/image\/\",\"url\":\"https:\/\/gegokids.ee\/wp-content\/uploads\/2022\/06\/logo2.png\",\"contentUrl\":\"https:\/\/gegokids.ee\/wp-content\/uploads\/2022\/06\/logo2.png\",\"width\":358,\"height\":104,\"caption\":\"Gegokids\"},\"image\":{\"@id\":\"https:\/\/gegokids.ee\/#\/schema\/logo\/image\/\"},\"sameAs\":[\"https:\/\/www.facebook.com\/GegoKids\",\"https:\/\/www.instagram.com\/gegokids.ee\/\"]}]}<\/script>\n<!-- \/ Yoast SEO plugin. -->","yoast_head_json":{"title":"Komplekt \u201eYoung Explorer\u201c | Gegokids","robots":{"index":"index","follow":"follow","max-snippet":"max-snippet:-1","max-image-preview":"max-image-preview:large","max-video-preview":"max-video-preview:-1"},"canonical":"https:\/\/gegokids.ee\/en\/product\/komplekt-young-explorer\/","og_locale":"en_US","og_type":"article","og_title":"Komplekt \u201eYoung Explorer\u201c | Gegokids","og_description":"Ortonature massaa\u017eimattide komplekt \u201eYoung Explorer\u201c on mitmek\u00fclgne puslemattide komplekt, mis sobib nii lastele kui ka t\u00e4iskasvanutele. Komplektis on erineva mustri ja reljeefse pinnaga matid, mis pakuvad vaheldust ning sobivad k\u00f5ndimiseks, seismiseks, m\u00e4ngimiseks ja liikumisharjutusteks. Massaa\u017eimattidel liikumine aitab:     ergutada jalataldu    toetada vereringet    aidata kaasa lampjalgsuse korrigeerimisele    v\u00e4hendada jalgade turset    arendada tasakaalu ja kehahoiakut","og_url":"https:\/\/gegokids.ee\/en\/product\/komplekt-young-explorer\/","og_site_name":"Gegokids","article_publisher":"https:\/\/www.facebook.com\/GegoKids","article_modified_time":"2026-01-30T20:41:05+00:00","og_image":[{"width":600,"height":400,"url":"https:\/\/gegokids.ee\/wp-content\/uploads\/2026\/01\/Gegokids.png","type":"image\/png"}],"twitter_card":"summary_large_image","twitter_misc":{"Est. reading time":"1 minute"},"schema":{"@context":"https:\/\/schema.org","@graph":[{"@type":"WebPage","@id":"https:\/\/gegokids.ee\/en\/product\/komplekt-young-explorer\/","url":"https:\/\/gegokids.ee\/en\/product\/komplekt-young-explorer\/","name":"Komplekt \u201eYoung Explorer\u201c | Gegokids","isPartOf":{"@id":"https:\/\/gegokids.ee\/#website"},"primaryImageOfPage":{"@id":"https:\/\/gegokids.ee\/en\/product\/komplekt-young-explorer\/#primaryimage"},"image":{"@id":"https:\/\/gegokids.ee\/en\/product\/komplekt-young-explorer\/#primaryimage"},"thumbnailUrl":"https:\/\/gegokids.ee\/wp-content\/uploads\/2026\/01\/Gegokids.png","datePublished":"2026-01-22T13:41:50+00:00","dateModified":"2026-01-30T20:41:05+00:00","breadcrumb":{"@id":"https:\/\/gegokids.ee\/en\/product\/komplekt-young-explorer\/#breadcrumb"},"inLanguage":"en-US","potentialAction":[{"@type":"ReadAction","target":["https:\/\/gegokids.ee\/en\/product\/komplekt-young-explorer\/"]}]},{"@type":"ImageObject","inLanguage":"en-US","@id":"https:\/\/gegokids.ee\/en\/product\/komplekt-young-explorer\/#primaryimage","url":"https:\/\/gegokids.ee\/wp-content\/uploads\/2026\/01\/Gegokids.png","contentUrl":"https:\/\/gegokids.ee\/wp-content\/uploads\/2026\/01\/Gegokids.png","width":600,"height":400},{"@type":"BreadcrumbList","@id":"https:\/\/gegokids.ee\/en\/product\/komplekt-young-explorer\/#breadcrumb","itemListElement":[{"@type":"ListItem","position":1,"name":"Home","item":"https:\/\/gegokids.ee\/en\/"},{"@type":"ListItem","position":2,"name":"E-pood","item":"https:\/\/gegokids.ee\/e-pood\/"},{"@type":"ListItem","position":3,"name":"Komplekt \u201eYoung Explorer\u201c"}]},{"@type":"WebSite","@id":"https:\/\/gegokids.ee\/#website","url":"https:\/\/gegokids.ee\/","name":"Gegokids","description":"Kvaliteetsed ja turvalised laste m\u00e4nguasjad.","publisher":{"@id":"https:\/\/gegokids.ee\/#organization"},"potentialAction":[{"@type":"SearchAction","target":{"@type":"EntryPoint","urlTemplate":"https:\/\/gegokids.ee\/?s={search_term_string}"},"query-input":{"@type":"PropertyValueSpecification","valueRequired":true,"valueName":"search_term_string"}}],"inLanguage":"en-US"},{"@type":"Organization","@id":"https:\/\/gegokids.ee\/#organization","name":"Gegokids","url":"https:\/\/gegokids.ee\/","logo":{"@type":"ImageObject","inLanguage":"en-US","@id":"https:\/\/gegokids.ee\/#\/schema\/logo\/image\/","url":"https:\/\/gegokids.ee\/wp-content\/uploads\/2022\/06\/logo2.png","contentUrl":"https:\/\/gegokids.ee\/wp-content\/uploads\/2022\/06\/logo2.png","width":358,"height":104,"caption":"Gegokids"},"image":{"@id":"https:\/\/gegokids.ee\/#\/schema\/logo\/image\/"},"sameAs":["https:\/\/www.facebook.com\/GegoKids","https:\/\/www.instagram.com\/gegokids.ee\/"]}]}},"_links":{"self":[{"href":"https:\/\/gegokids.ee\/en\/wp-json\/wp\/v2\/product\/28789","targetHints":{"allow":["GET"]}}],"collection":[{"href":"https:\/\/gegokids.ee\/en\/wp-json\/wp\/v2\/product"}],"about":[{"href":"https:\/\/gegokids.ee\/en\/wp-json\/wp\/v2\/types\/product"}],"replies":[{"embeddable":true,"href":"https:\/\/gegokids.ee\/en\/wp-json\/wp\/v2\/comments?post=28789"}],"version-history":[{"count":1,"href":"https:\/\/gegokids.ee\/en\/wp-json\/wp\/v2\/product\/28789\/revisions"}],"predecessor-version":[{"id":28791,"href":"https:\/\/gegokids.ee\/en\/wp-json\/wp\/v2\/product\/28789\/revisions\/28791"}],"wp:featuredmedia":[{"embeddable":true,"href":"https:\/\/gegokids.ee\/en\/wp-json\/wp\/v2\/media\/28792"}],"wp:attachment":[{"href":"https:\/\/gegokids.ee\/en\/wp-json\/wp\/v2\/media?parent=28789"}],"wp:term":[{"taxonomy":"product_brand","embeddable":true,"href":"https:\/\/gegokids.ee\/en\/wp-json\/wp\/v2\/product_brand?post=28789"},{"taxonomy":"product_cat","embeddable":true,"href":"https:\/\/gegokids.ee\/en\/wp-json\/wp\/v2\/product_cat?post=28789"},{"taxonomy":"product_tag","embeddable":true,"href":"https:\/\/gegokids.ee\/en\/wp-json\/wp\/v2\/product_tag?post=28789"}],"curies":[{"name":"wp","href":"https:\/\/api.w.org\/{rel}","templated":true}]}}