{"id":28784,"date":"2026-01-22T16:28:25","date_gmt":"2026-01-22T13:28:25","guid":{"rendered":"https:\/\/gegokids.ee\/?post_type=product&#038;p=28784"},"modified":"2026-01-22T16:54:10","modified_gmt":"2026-01-22T13:54:10","slug":"komplekt-hedgehog-here","status":"publish","type":"product","link":"https:\/\/gegokids.ee\/en\/product\/komplekt-hedgehog-here\/","title":{"rendered":"Komplekt \u201eHedgehog Here\u201c"},"content":{"rendered":"<p data-start=\"237\" data-end=\"522\">Ortonature <strong data-start=\"248\" data-end=\"292\">massaa\u017eimattide komplekt \u201eHedgehog Here\u201c<\/strong> on mitmekesine puslemattide komplekt, mis sobib nii lastele kui ka t\u00e4iskasvanutele. Erineva mustri ja reljeefse pinnaga matid pakuvad vaheldust ning sobivad k\u00f5ndimiseks, seismiseks, m\u00e4ngimiseks ja lihtsateks liikumisharjutusteks.<\/p>\n<p data-start=\"524\" data-end=\"557\">Massaa\u017eimattidel liikumine aitab:<\/p>\n<ul data-start=\"558\" data-end=\"717\">\n<li data-start=\"558\" data-end=\"580\">\n<p data-start=\"560\" data-end=\"580\">ergutada jalataldu<\/p>\n<\/li>\n<li data-start=\"581\" data-end=\"603\">\n<p data-start=\"583\" data-end=\"603\">toetada vereringet<\/p>\n<\/li>\n<li data-start=\"604\" data-end=\"650\">\n<p data-start=\"606\" data-end=\"650\">aidata kaasa lampjalgsuse korrigeerimisele<\/p>\n<\/li>\n<li data-start=\"651\" data-end=\"679\">\n<p data-start=\"653\" data-end=\"679\">v\u00e4hendada jalgade turset<\/p>\n<\/li>\n<li data-start=\"680\" data-end=\"717\">\n<p data-start=\"682\" data-end=\"717\">arendada tasakaalu ja kehahoiakut<\/p>\n<\/li>\n<\/ul>\n<p data-start=\"719\" data-end=\"927\">Matid on valmistatud <strong data-start=\"740\" data-end=\"790\">sertifitseeritud kvaliteetsetest materjalidest<\/strong>, on <strong data-start=\"795\" data-end=\"820\">BPA- ja ftalaadivabad<\/strong>, vastupidavad ning kergesti puhastatavad. Sobivad igap\u00e4evaseks kasutamiseks kodus, m\u00e4ngutoas ja lasteaias.<\/p>\n<p data-start=\"929\" data-end=\"1027\">Komplekt sobib h\u00e4sti laste liikumism\u00e4ngudeks ning t\u00e4iskasvanutele jalgade aktiivseks kasutamiseks.<\/p>\n<hr data-start=\"1029\" data-end=\"1032\" \/>\n<h4 data-start=\"1034\" data-end=\"1085\">Komplekt \u201eHedgehog Here\u201c sisaldab 8 puslematti:<\/h4>\n<ul data-start=\"1086\" data-end=\"1184\">\n<li data-start=\"1086\" data-end=\"1106\">\n<p data-start=\"1088\" data-end=\"1106\">1 \u00d7 \u201eThe Hedgehog\u201c<\/p>\n<\/li>\n<li data-start=\"1107\" data-end=\"1122\">\n<p data-start=\"1109\" data-end=\"1122\">1 \u00d7 \u201eBerries\u201c<\/p>\n<\/li>\n<li data-start=\"1123\" data-end=\"1139\">\n<p data-start=\"1125\" data-end=\"1139\">1 \u00d7 \u201eCactuses\u201c<\/p>\n<\/li>\n<li data-start=\"1140\" data-end=\"1157\">\n<p data-start=\"1142\" data-end=\"1157\">1 \u00d7 \u201eUmbrellas\u201c<\/p>\n<\/li>\n<li data-start=\"1158\" data-end=\"1171\">\n<p data-start=\"1160\" data-end=\"1171\">2 \u00d7 \u201eGrass\u201c<\/p>\n<\/li>\n<li data-start=\"1172\" data-end=\"1184\">\n<p data-start=\"1174\" data-end=\"1184\">2 \u00d7 \u201eNuts\u201c<\/p>\n<\/li>\n<\/ul>\n<hr data-start=\"1186\" data-end=\"1189\" \/>\n<p data-start=\"1191\" data-end=\"1252\"><strong data-start=\"1191\" data-end=\"1212\">Soovitatav vanus:<\/strong> alates 2. eluaastast ja t\u00e4iskasvanutele<\/p>","protected":false},"excerpt":{"rendered":"<p data-start=\"237\" data-end=\"522\">Ortonature <strong data-start=\"248\" data-end=\"292\">massaa\u017eimattide komplekt \u201eHedgehog Here\u201c<\/strong> on mitmekesine puslemattide komplekt, mis sobib nii lastele kui ka t\u00e4iskasvanutele. Erineva mustri ja reljeefse pinnaga matid pakuvad vaheldust ning sobivad k\u00f5ndimiseks, seismiseks, m\u00e4ngimiseks ja lihtsateks liikumisharjutusteks.<\/p>\n<p data-start=\"524\" data-end=\"557\">Massaa\u017eimattidel liikumine aitab:<\/p>\n<ul data-start=\"558\" data-end=\"717\">\n<li data-start=\"558\" data-end=\"580\">\n<p data-start=\"560\" data-end=\"580\">ergutada jalataldu<\/p>\n<\/li>\n<li data-start=\"581\" data-end=\"603\">\n<p data-start=\"583\" data-end=\"603\">toetada vereringet<\/p>\n<\/li>\n<li data-start=\"604\" data-end=\"650\">\n<p data-start=\"606\" data-end=\"650\">aidata kaasa lampjalgsuse korrigeerimisele<\/p>\n<\/li>\n<li data-start=\"651\" data-end=\"679\">\n<p data-start=\"653\" data-end=\"679\">v\u00e4hendada jalgade turset<\/p>\n<\/li>\n<li data-start=\"680\" data-end=\"717\">\n<p data-start=\"682\" data-end=\"717\">arendada tasakaalu ja kehahoiakut<\/p>\n<\/li>\n<\/ul>","protected":false},"featured_media":28794,"comment_status":"open","ping_status":"closed","template":"","meta":[],"product_brand":[456],"product_cat":[285,425],"product_tag":[460,461],"class_list":{"0":"post-28784","1":"product","2":"type-product","3":"status-publish","4":"has-post-thumbnail","6":"product_brand-ortoto","7":"product_cat-koik","8":"product_cat-vahvad-matid-ja-kotid","9":"product_tag-arendavad-manguasjad","10":"product_tag-461","12":"first","13":"instock","14":"shipping-taxable","15":"purchasable","16":"product-type-simple"},"yoast_head":"<!-- This site is optimized with the Yoast SEO plugin v26.9 - https:\/\/yoast.com\/product\/yoast-seo-wordpress\/ -->\n<title>Komplekt \u201eHedgehog Here\u201c | Gegokids<\/title>\n<meta name=\"robots\" content=\"index, follow, max-snippet:-1, max-image-preview:large, max-video-preview:-1\" \/>\n<link rel=\"canonical\" href=\"https:\/\/gegokids.ee\/en\/product\/komplekt-hedgehog-here\/\" \/>\n<meta property=\"og:locale\" content=\"en_US\" \/>\n<meta property=\"og:type\" content=\"article\" \/>\n<meta property=\"og:title\" content=\"Komplekt \u201eHedgehog Here\u201c | Gegokids\" \/>\n<meta property=\"og:description\" content=\"Ortonature massaa\u017eimattide komplekt \u201eHedgehog Here\u201c on mitmekesine puslemattide komplekt, mis sobib nii lastele kui ka t\u00e4iskasvanutele. Erineva mustri ja reljeefse pinnaga matid pakuvad vaheldust ning sobivad k\u00f5ndimiseks, seismiseks, m\u00e4ngimiseks ja lihtsateks liikumisharjutusteks. Massaa\u017eimattidel liikumine aitab:     ergutada jalataldu    toetada vereringet    aidata kaasa lampjalgsuse korrigeerimisele    v\u00e4hendada jalgade turset    arendada tasakaalu ja kehahoiakut\" \/>\n<meta property=\"og:url\" content=\"https:\/\/gegokids.ee\/en\/product\/komplekt-hedgehog-here\/\" \/>\n<meta property=\"og:site_name\" content=\"Gegokids\" \/>\n<meta property=\"article:publisher\" content=\"https:\/\/www.facebook.com\/GegoKids\" \/>\n<meta property=\"article:modified_time\" content=\"2026-01-22T13:54:10+00:00\" \/>\n<meta property=\"og:image\" content=\"https:\/\/gegokids.ee\/wp-content\/uploads\/2026\/01\/Gegokids-2.png\" \/>\n\t<meta property=\"og:image:width\" content=\"600\" \/>\n\t<meta property=\"og:image:height\" content=\"400\" \/>\n\t<meta property=\"og:image:type\" content=\"image\/png\" \/>\n<meta name=\"twitter:card\" content=\"summary_large_image\" \/>\n<meta name=\"twitter:label1\" content=\"Est. reading time\" \/>\n\t<meta name=\"twitter:data1\" content=\"1 minute\" \/>\n<script type=\"application\/ld+json\" class=\"yoast-schema-graph\">{\"@context\":\"https:\/\/schema.org\",\"@graph\":[{\"@type\":\"WebPage\",\"@id\":\"https:\/\/gegokids.ee\/en\/product\/komplekt-hedgehog-here\/\",\"url\":\"https:\/\/gegokids.ee\/en\/product\/komplekt-hedgehog-here\/\",\"name\":\"Komplekt \u201eHedgehog Here\u201c | Gegokids\",\"isPartOf\":{\"@id\":\"https:\/\/gegokids.ee\/#website\"},\"primaryImageOfPage\":{\"@id\":\"https:\/\/gegokids.ee\/en\/product\/komplekt-hedgehog-here\/#primaryimage\"},\"image\":{\"@id\":\"https:\/\/gegokids.ee\/en\/product\/komplekt-hedgehog-here\/#primaryimage\"},\"thumbnailUrl\":\"https:\/\/gegokids.ee\/wp-content\/uploads\/2026\/01\/Gegokids-2.png\",\"datePublished\":\"2026-01-22T13:28:25+00:00\",\"dateModified\":\"2026-01-22T13:54:10+00:00\",\"breadcrumb\":{\"@id\":\"https:\/\/gegokids.ee\/en\/product\/komplekt-hedgehog-here\/#breadcrumb\"},\"inLanguage\":\"en-US\",\"potentialAction\":[{\"@type\":\"ReadAction\",\"target\":[\"https:\/\/gegokids.ee\/en\/product\/komplekt-hedgehog-here\/\"]}]},{\"@type\":\"ImageObject\",\"inLanguage\":\"en-US\",\"@id\":\"https:\/\/gegokids.ee\/en\/product\/komplekt-hedgehog-here\/#primaryimage\",\"url\":\"https:\/\/gegokids.ee\/wp-content\/uploads\/2026\/01\/Gegokids-2.png\",\"contentUrl\":\"https:\/\/gegokids.ee\/wp-content\/uploads\/2026\/01\/Gegokids-2.png\",\"width\":600,\"height\":400},{\"@type\":\"BreadcrumbList\",\"@id\":\"https:\/\/gegokids.ee\/en\/product\/komplekt-hedgehog-here\/#breadcrumb\",\"itemListElement\":[{\"@type\":\"ListItem\",\"position\":1,\"name\":\"Home\",\"item\":\"https:\/\/gegokids.ee\/en\/\"},{\"@type\":\"ListItem\",\"position\":2,\"name\":\"E-pood\",\"item\":\"https:\/\/gegokids.ee\/e-pood\/\"},{\"@type\":\"ListItem\",\"position\":3,\"name\":\"Komplekt \u201eHedgehog Here\u201c\"}]},{\"@type\":\"WebSite\",\"@id\":\"https:\/\/gegokids.ee\/#website\",\"url\":\"https:\/\/gegokids.ee\/\",\"name\":\"Gegokids\",\"description\":\"Kvaliteetsed ja turvalised laste m\u00e4nguasjad.\",\"publisher\":{\"@id\":\"https:\/\/gegokids.ee\/#organization\"},\"potentialAction\":[{\"@type\":\"SearchAction\",\"target\":{\"@type\":\"EntryPoint\",\"urlTemplate\":\"https:\/\/gegokids.ee\/?s={search_term_string}\"},\"query-input\":{\"@type\":\"PropertyValueSpecification\",\"valueRequired\":true,\"valueName\":\"search_term_string\"}}],\"inLanguage\":\"en-US\"},{\"@type\":\"Organization\",\"@id\":\"https:\/\/gegokids.ee\/#organization\",\"name\":\"Gegokids\",\"url\":\"https:\/\/gegokids.ee\/\",\"logo\":{\"@type\":\"ImageObject\",\"inLanguage\":\"en-US\",\"@id\":\"https:\/\/gegokids.ee\/#\/schema\/logo\/image\/\",\"url\":\"https:\/\/gegokids.ee\/wp-content\/uploads\/2022\/06\/logo2.png\",\"contentUrl\":\"https:\/\/gegokids.ee\/wp-content\/uploads\/2022\/06\/logo2.png\",\"width\":358,\"height\":104,\"caption\":\"Gegokids\"},\"image\":{\"@id\":\"https:\/\/gegokids.ee\/#\/schema\/logo\/image\/\"},\"sameAs\":[\"https:\/\/www.facebook.com\/GegoKids\",\"https:\/\/www.instagram.com\/gegokids.ee\/\"]}]}<\/script>\n<!-- \/ Yoast SEO plugin. -->","yoast_head_json":{"title":"Komplekt \u201eHedgehog Here\u201c | Gegokids","robots":{"index":"index","follow":"follow","max-snippet":"max-snippet:-1","max-image-preview":"max-image-preview:large","max-video-preview":"max-video-preview:-1"},"canonical":"https:\/\/gegokids.ee\/en\/product\/komplekt-hedgehog-here\/","og_locale":"en_US","og_type":"article","og_title":"Komplekt \u201eHedgehog Here\u201c | Gegokids","og_description":"Ortonature massaa\u017eimattide komplekt \u201eHedgehog Here\u201c on mitmekesine puslemattide komplekt, mis sobib nii lastele kui ka t\u00e4iskasvanutele. Erineva mustri ja reljeefse pinnaga matid pakuvad vaheldust ning sobivad k\u00f5ndimiseks, seismiseks, m\u00e4ngimiseks ja lihtsateks liikumisharjutusteks. Massaa\u017eimattidel liikumine aitab:     ergutada jalataldu    toetada vereringet    aidata kaasa lampjalgsuse korrigeerimisele    v\u00e4hendada jalgade turset    arendada tasakaalu ja kehahoiakut","og_url":"https:\/\/gegokids.ee\/en\/product\/komplekt-hedgehog-here\/","og_site_name":"Gegokids","article_publisher":"https:\/\/www.facebook.com\/GegoKids","article_modified_time":"2026-01-22T13:54:10+00:00","og_image":[{"width":600,"height":400,"url":"https:\/\/gegokids.ee\/wp-content\/uploads\/2026\/01\/Gegokids-2.png","type":"image\/png"}],"twitter_card":"summary_large_image","twitter_misc":{"Est. reading time":"1 minute"},"schema":{"@context":"https:\/\/schema.org","@graph":[{"@type":"WebPage","@id":"https:\/\/gegokids.ee\/en\/product\/komplekt-hedgehog-here\/","url":"https:\/\/gegokids.ee\/en\/product\/komplekt-hedgehog-here\/","name":"Komplekt \u201eHedgehog Here\u201c | Gegokids","isPartOf":{"@id":"https:\/\/gegokids.ee\/#website"},"primaryImageOfPage":{"@id":"https:\/\/gegokids.ee\/en\/product\/komplekt-hedgehog-here\/#primaryimage"},"image":{"@id":"https:\/\/gegokids.ee\/en\/product\/komplekt-hedgehog-here\/#primaryimage"},"thumbnailUrl":"https:\/\/gegokids.ee\/wp-content\/uploads\/2026\/01\/Gegokids-2.png","datePublished":"2026-01-22T13:28:25+00:00","dateModified":"2026-01-22T13:54:10+00:00","breadcrumb":{"@id":"https:\/\/gegokids.ee\/en\/product\/komplekt-hedgehog-here\/#breadcrumb"},"inLanguage":"en-US","potentialAction":[{"@type":"ReadAction","target":["https:\/\/gegokids.ee\/en\/product\/komplekt-hedgehog-here\/"]}]},{"@type":"ImageObject","inLanguage":"en-US","@id":"https:\/\/gegokids.ee\/en\/product\/komplekt-hedgehog-here\/#primaryimage","url":"https:\/\/gegokids.ee\/wp-content\/uploads\/2026\/01\/Gegokids-2.png","contentUrl":"https:\/\/gegokids.ee\/wp-content\/uploads\/2026\/01\/Gegokids-2.png","width":600,"height":400},{"@type":"BreadcrumbList","@id":"https:\/\/gegokids.ee\/en\/product\/komplekt-hedgehog-here\/#breadcrumb","itemListElement":[{"@type":"ListItem","position":1,"name":"Home","item":"https:\/\/gegokids.ee\/en\/"},{"@type":"ListItem","position":2,"name":"E-pood","item":"https:\/\/gegokids.ee\/e-pood\/"},{"@type":"ListItem","position":3,"name":"Komplekt \u201eHedgehog Here\u201c"}]},{"@type":"WebSite","@id":"https:\/\/gegokids.ee\/#website","url":"https:\/\/gegokids.ee\/","name":"Gegokids","description":"Kvaliteetsed ja turvalised laste m\u00e4nguasjad.","publisher":{"@id":"https:\/\/gegokids.ee\/#organization"},"potentialAction":[{"@type":"SearchAction","target":{"@type":"EntryPoint","urlTemplate":"https:\/\/gegokids.ee\/?s={search_term_string}"},"query-input":{"@type":"PropertyValueSpecification","valueRequired":true,"valueName":"search_term_string"}}],"inLanguage":"en-US"},{"@type":"Organization","@id":"https:\/\/gegokids.ee\/#organization","name":"Gegokids","url":"https:\/\/gegokids.ee\/","logo":{"@type":"ImageObject","inLanguage":"en-US","@id":"https:\/\/gegokids.ee\/#\/schema\/logo\/image\/","url":"https:\/\/gegokids.ee\/wp-content\/uploads\/2022\/06\/logo2.png","contentUrl":"https:\/\/gegokids.ee\/wp-content\/uploads\/2022\/06\/logo2.png","width":358,"height":104,"caption":"Gegokids"},"image":{"@id":"https:\/\/gegokids.ee\/#\/schema\/logo\/image\/"},"sameAs":["https:\/\/www.facebook.com\/GegoKids","https:\/\/www.instagram.com\/gegokids.ee\/"]}]}},"_links":{"self":[{"href":"https:\/\/gegokids.ee\/en\/wp-json\/wp\/v2\/product\/28784","targetHints":{"allow":["GET"]}}],"collection":[{"href":"https:\/\/gegokids.ee\/en\/wp-json\/wp\/v2\/product"}],"about":[{"href":"https:\/\/gegokids.ee\/en\/wp-json\/wp\/v2\/types\/product"}],"replies":[{"embeddable":true,"href":"https:\/\/gegokids.ee\/en\/wp-json\/wp\/v2\/comments?post=28784"}],"version-history":[{"count":2,"href":"https:\/\/gegokids.ee\/en\/wp-json\/wp\/v2\/product\/28784\/revisions"}],"predecessor-version":[{"id":28788,"href":"https:\/\/gegokids.ee\/en\/wp-json\/wp\/v2\/product\/28784\/revisions\/28788"}],"wp:featuredmedia":[{"embeddable":true,"href":"https:\/\/gegokids.ee\/en\/wp-json\/wp\/v2\/media\/28794"}],"wp:attachment":[{"href":"https:\/\/gegokids.ee\/en\/wp-json\/wp\/v2\/media?parent=28784"}],"wp:term":[{"taxonomy":"product_brand","embeddable":true,"href":"https:\/\/gegokids.ee\/en\/wp-json\/wp\/v2\/product_brand?post=28784"},{"taxonomy":"product_cat","embeddable":true,"href":"https:\/\/gegokids.ee\/en\/wp-json\/wp\/v2\/product_cat?post=28784"},{"taxonomy":"product_tag","embeddable":true,"href":"https:\/\/gegokids.ee\/en\/wp-json\/wp\/v2\/product_tag?post=28784"}],"curies":[{"name":"wp","href":"https:\/\/api.w.org\/{rel}","templated":true}]}}