{"id":28780,"date":"2026-01-22T16:20:50","date_gmt":"2026-01-22T13:20:50","guid":{"rendered":"https:\/\/gegokids.ee\/?post_type=product&#038;p=28780"},"modified":"2026-01-22T16:56:33","modified_gmt":"2026-01-22T13:56:33","slug":"komplekt-crocodile-here","status":"publish","type":"product","link":"https:\/\/gegokids.ee\/en\/product\/komplekt-crocodile-here\/","title":{"rendered":"Komplekt \u201eCrocodile Here\u201c"},"content":{"rendered":"<p data-start=\"298\" data-end=\"567\">Ortonature <strong data-start=\"309\" data-end=\"354\">massaa\u017eimattide komplekt \u201eCrocodile Here\u201c<\/strong> on mitmek\u00fclgne puslemattide komplekt, mille keskmes on Amazonase krokodilli motiiv. Komplekt sobib nii lastele kui ka t\u00e4iskasvanutele ning on m\u00f5eldud liikumiseks, k\u00f5ndimiseks ja igap\u00e4evaseks jalgade treenimiseks.<\/p>\n<p data-start=\"569\" data-end=\"620\">Reljeefse pinnaga massaa\u017eimattidel k\u00f5ndimine aitab:<\/p>\n<ul data-start=\"621\" data-end=\"777\">\n<li data-start=\"621\" data-end=\"643\">\n<p data-start=\"623\" data-end=\"643\">ergutada jalataldu<\/p>\n<\/li>\n<li data-start=\"644\" data-end=\"666\">\n<p data-start=\"646\" data-end=\"666\">toetada vereringet<\/p>\n<\/li>\n<li data-start=\"667\" data-end=\"713\">\n<p data-start=\"669\" data-end=\"713\">aidata kaasa lampjalgsuse korrigeerimisele<\/p>\n<\/li>\n<li data-start=\"714\" data-end=\"742\">\n<p data-start=\"716\" data-end=\"742\">v\u00e4hendada jalgade turset<\/p>\n<\/li>\n<li data-start=\"743\" data-end=\"777\">\n<p data-start=\"745\" data-end=\"777\">arendada tasakaalu ja kehataju<\/p>\n<\/li>\n<\/ul>\n<p data-start=\"779\" data-end=\"979\">Matid on valmistatud <strong data-start=\"800\" data-end=\"850\">sertifitseeritud kvaliteetsetest materjalidest<\/strong>, on <strong data-start=\"855\" data-end=\"880\">BPA- ja ftalaadivabad<\/strong>, vastupidavad ning kergesti puhastatavad. Sobivad kasutamiseks aastaid nii kodus kui ka lasteaias.<\/p>\n<p data-start=\"981\" data-end=\"1151\">Komplektis olevad erineva mustri ja reljeefiga matid hoiavad liikumise vaheldusrikka ja huvitavana, samal ajal pakkudes ka m\u00e4ngulist elementi t\u00e4nu krokodilli kujundusele.<\/p>","protected":false},"excerpt":{"rendered":"<p data-start=\"298\" data-end=\"567\">Ortonature <strong data-start=\"309\" data-end=\"354\">massaa\u017eimattide komplekt \u201eCrocodile Here\u201c<\/strong> on mitmek\u00fclgne puslemattide komplekt, mille keskmes on Amazonase krokodilli motiiv. Komplekt sobib nii lastele kui ka t\u00e4iskasvanutele ning on m\u00f5eldud liikumiseks, k\u00f5ndimiseks ja igap\u00e4evaseks jalgade treenimiseks.<\/p>\n<p data-start=\"569\" data-end=\"620\">Reljeefse pinnaga massaa\u017eimattidel k\u00f5ndimine aitab:<\/p>\n<ul data-start=\"621\" data-end=\"777\">\n<li data-start=\"621\" data-end=\"643\">\n<p data-start=\"623\" data-end=\"643\">ergutada jalataldu<\/p>\n<\/li>\n<li data-start=\"644\" data-end=\"666\">\n<p data-start=\"646\" data-end=\"666\">toetada vereringet<\/p>\n<\/li>\n<li data-start=\"667\" data-end=\"713\">\n<p data-start=\"669\" data-end=\"713\">aidata kaasa lampjalgsuse korrigeerimisele<\/p>\n<\/li>\n<li data-start=\"714\" data-end=\"742\">\n<p data-start=\"716\" data-end=\"742\">v\u00e4hendada jalgade turset<\/p>\n<\/li>\n<li data-start=\"743\" data-end=\"777\">\n<p data-start=\"745\" data-end=\"777\">arendada tasakaalu ja kehataju<\/p>\n<\/li>\n<\/ul>","protected":false},"featured_media":28796,"comment_status":"open","ping_status":"closed","template":"","meta":[],"product_brand":[456],"product_cat":[285,425],"product_tag":[460,461],"class_list":{"0":"post-28780","1":"product","2":"type-product","3":"status-publish","4":"has-post-thumbnail","6":"product_brand-ortoto","7":"product_cat-koik","8":"product_cat-vahvad-matid-ja-kotid","9":"product_tag-arendavad-manguasjad","10":"product_tag-461","12":"first","13":"instock","14":"shipping-taxable","15":"purchasable","16":"product-type-simple"},"yoast_head":"<!-- This site is optimized with the Yoast SEO plugin v26.9 - https:\/\/yoast.com\/product\/yoast-seo-wordpress\/ -->\n<title>Komplekt \u201eCrocodile Here\u201c | Gegokids<\/title>\n<meta name=\"robots\" content=\"index, follow, max-snippet:-1, max-image-preview:large, max-video-preview:-1\" \/>\n<link rel=\"canonical\" href=\"https:\/\/gegokids.ee\/en\/product\/komplekt-crocodile-here\/\" \/>\n<meta property=\"og:locale\" content=\"en_US\" \/>\n<meta property=\"og:type\" content=\"article\" \/>\n<meta property=\"og:title\" content=\"Komplekt \u201eCrocodile Here\u201c | Gegokids\" \/>\n<meta property=\"og:description\" content=\"Ortonature massaa\u017eimattide komplekt \u201eCrocodile Here\u201c on mitmek\u00fclgne puslemattide komplekt, mille keskmes on Amazonase krokodilli motiiv. Komplekt sobib nii lastele kui ka t\u00e4iskasvanutele ning on m\u00f5eldud liikumiseks, k\u00f5ndimiseks ja igap\u00e4evaseks jalgade treenimiseks. Reljeefse pinnaga massaa\u017eimattidel k\u00f5ndimine aitab:     ergutada jalataldu    toetada vereringet    aidata kaasa lampjalgsuse korrigeerimisele    v\u00e4hendada jalgade turset    arendada tasakaalu ja kehataju\" \/>\n<meta property=\"og:url\" content=\"https:\/\/gegokids.ee\/en\/product\/komplekt-crocodile-here\/\" \/>\n<meta property=\"og:site_name\" content=\"Gegokids\" \/>\n<meta property=\"article:publisher\" content=\"https:\/\/www.facebook.com\/GegoKids\" \/>\n<meta property=\"article:modified_time\" content=\"2026-01-22T13:56:33+00:00\" \/>\n<meta property=\"og:image\" content=\"https:\/\/gegokids.ee\/wp-content\/uploads\/2026\/01\/Gegokids-4.png\" \/>\n\t<meta property=\"og:image:width\" content=\"600\" \/>\n\t<meta property=\"og:image:height\" content=\"400\" \/>\n\t<meta property=\"og:image:type\" content=\"image\/png\" \/>\n<meta name=\"twitter:card\" content=\"summary_large_image\" \/>\n<meta name=\"twitter:label1\" content=\"Est. reading time\" \/>\n\t<meta name=\"twitter:data1\" content=\"1 minute\" \/>\n<script type=\"application\/ld+json\" class=\"yoast-schema-graph\">{\"@context\":\"https:\/\/schema.org\",\"@graph\":[{\"@type\":\"WebPage\",\"@id\":\"https:\/\/gegokids.ee\/en\/product\/komplekt-crocodile-here\/\",\"url\":\"https:\/\/gegokids.ee\/en\/product\/komplekt-crocodile-here\/\",\"name\":\"Komplekt \u201eCrocodile Here\u201c | Gegokids\",\"isPartOf\":{\"@id\":\"https:\/\/gegokids.ee\/#website\"},\"primaryImageOfPage\":{\"@id\":\"https:\/\/gegokids.ee\/en\/product\/komplekt-crocodile-here\/#primaryimage\"},\"image\":{\"@id\":\"https:\/\/gegokids.ee\/en\/product\/komplekt-crocodile-here\/#primaryimage\"},\"thumbnailUrl\":\"https:\/\/gegokids.ee\/wp-content\/uploads\/2026\/01\/Gegokids-4.png\",\"datePublished\":\"2026-01-22T13:20:50+00:00\",\"dateModified\":\"2026-01-22T13:56:33+00:00\",\"breadcrumb\":{\"@id\":\"https:\/\/gegokids.ee\/en\/product\/komplekt-crocodile-here\/#breadcrumb\"},\"inLanguage\":\"en-US\",\"potentialAction\":[{\"@type\":\"ReadAction\",\"target\":[\"https:\/\/gegokids.ee\/en\/product\/komplekt-crocodile-here\/\"]}]},{\"@type\":\"ImageObject\",\"inLanguage\":\"en-US\",\"@id\":\"https:\/\/gegokids.ee\/en\/product\/komplekt-crocodile-here\/#primaryimage\",\"url\":\"https:\/\/gegokids.ee\/wp-content\/uploads\/2026\/01\/Gegokids-4.png\",\"contentUrl\":\"https:\/\/gegokids.ee\/wp-content\/uploads\/2026\/01\/Gegokids-4.png\",\"width\":600,\"height\":400},{\"@type\":\"BreadcrumbList\",\"@id\":\"https:\/\/gegokids.ee\/en\/product\/komplekt-crocodile-here\/#breadcrumb\",\"itemListElement\":[{\"@type\":\"ListItem\",\"position\":1,\"name\":\"Home\",\"item\":\"https:\/\/gegokids.ee\/en\/\"},{\"@type\":\"ListItem\",\"position\":2,\"name\":\"E-pood\",\"item\":\"https:\/\/gegokids.ee\/e-pood\/\"},{\"@type\":\"ListItem\",\"position\":3,\"name\":\"Komplekt \u201eCrocodile Here\u201c\"}]},{\"@type\":\"WebSite\",\"@id\":\"https:\/\/gegokids.ee\/#website\",\"url\":\"https:\/\/gegokids.ee\/\",\"name\":\"Gegokids\",\"description\":\"Kvaliteetsed ja turvalised laste m\u00e4nguasjad.\",\"publisher\":{\"@id\":\"https:\/\/gegokids.ee\/#organization\"},\"potentialAction\":[{\"@type\":\"SearchAction\",\"target\":{\"@type\":\"EntryPoint\",\"urlTemplate\":\"https:\/\/gegokids.ee\/?s={search_term_string}\"},\"query-input\":{\"@type\":\"PropertyValueSpecification\",\"valueRequired\":true,\"valueName\":\"search_term_string\"}}],\"inLanguage\":\"en-US\"},{\"@type\":\"Organization\",\"@id\":\"https:\/\/gegokids.ee\/#organization\",\"name\":\"Gegokids\",\"url\":\"https:\/\/gegokids.ee\/\",\"logo\":{\"@type\":\"ImageObject\",\"inLanguage\":\"en-US\",\"@id\":\"https:\/\/gegokids.ee\/#\/schema\/logo\/image\/\",\"url\":\"https:\/\/gegokids.ee\/wp-content\/uploads\/2022\/06\/logo2.png\",\"contentUrl\":\"https:\/\/gegokids.ee\/wp-content\/uploads\/2022\/06\/logo2.png\",\"width\":358,\"height\":104,\"caption\":\"Gegokids\"},\"image\":{\"@id\":\"https:\/\/gegokids.ee\/#\/schema\/logo\/image\/\"},\"sameAs\":[\"https:\/\/www.facebook.com\/GegoKids\",\"https:\/\/www.instagram.com\/gegokids.ee\/\"]}]}<\/script>\n<!-- \/ Yoast SEO plugin. -->","yoast_head_json":{"title":"Komplekt \u201eCrocodile Here\u201c | Gegokids","robots":{"index":"index","follow":"follow","max-snippet":"max-snippet:-1","max-image-preview":"max-image-preview:large","max-video-preview":"max-video-preview:-1"},"canonical":"https:\/\/gegokids.ee\/en\/product\/komplekt-crocodile-here\/","og_locale":"en_US","og_type":"article","og_title":"Komplekt \u201eCrocodile Here\u201c | Gegokids","og_description":"Ortonature massaa\u017eimattide komplekt \u201eCrocodile Here\u201c on mitmek\u00fclgne puslemattide komplekt, mille keskmes on Amazonase krokodilli motiiv. Komplekt sobib nii lastele kui ka t\u00e4iskasvanutele ning on m\u00f5eldud liikumiseks, k\u00f5ndimiseks ja igap\u00e4evaseks jalgade treenimiseks. Reljeefse pinnaga massaa\u017eimattidel k\u00f5ndimine aitab:     ergutada jalataldu    toetada vereringet    aidata kaasa lampjalgsuse korrigeerimisele    v\u00e4hendada jalgade turset    arendada tasakaalu ja kehataju","og_url":"https:\/\/gegokids.ee\/en\/product\/komplekt-crocodile-here\/","og_site_name":"Gegokids","article_publisher":"https:\/\/www.facebook.com\/GegoKids","article_modified_time":"2026-01-22T13:56:33+00:00","og_image":[{"width":600,"height":400,"url":"https:\/\/gegokids.ee\/wp-content\/uploads\/2026\/01\/Gegokids-4.png","type":"image\/png"}],"twitter_card":"summary_large_image","twitter_misc":{"Est. reading time":"1 minute"},"schema":{"@context":"https:\/\/schema.org","@graph":[{"@type":"WebPage","@id":"https:\/\/gegokids.ee\/en\/product\/komplekt-crocodile-here\/","url":"https:\/\/gegokids.ee\/en\/product\/komplekt-crocodile-here\/","name":"Komplekt \u201eCrocodile Here\u201c | Gegokids","isPartOf":{"@id":"https:\/\/gegokids.ee\/#website"},"primaryImageOfPage":{"@id":"https:\/\/gegokids.ee\/en\/product\/komplekt-crocodile-here\/#primaryimage"},"image":{"@id":"https:\/\/gegokids.ee\/en\/product\/komplekt-crocodile-here\/#primaryimage"},"thumbnailUrl":"https:\/\/gegokids.ee\/wp-content\/uploads\/2026\/01\/Gegokids-4.png","datePublished":"2026-01-22T13:20:50+00:00","dateModified":"2026-01-22T13:56:33+00:00","breadcrumb":{"@id":"https:\/\/gegokids.ee\/en\/product\/komplekt-crocodile-here\/#breadcrumb"},"inLanguage":"en-US","potentialAction":[{"@type":"ReadAction","target":["https:\/\/gegokids.ee\/en\/product\/komplekt-crocodile-here\/"]}]},{"@type":"ImageObject","inLanguage":"en-US","@id":"https:\/\/gegokids.ee\/en\/product\/komplekt-crocodile-here\/#primaryimage","url":"https:\/\/gegokids.ee\/wp-content\/uploads\/2026\/01\/Gegokids-4.png","contentUrl":"https:\/\/gegokids.ee\/wp-content\/uploads\/2026\/01\/Gegokids-4.png","width":600,"height":400},{"@type":"BreadcrumbList","@id":"https:\/\/gegokids.ee\/en\/product\/komplekt-crocodile-here\/#breadcrumb","itemListElement":[{"@type":"ListItem","position":1,"name":"Home","item":"https:\/\/gegokids.ee\/en\/"},{"@type":"ListItem","position":2,"name":"E-pood","item":"https:\/\/gegokids.ee\/e-pood\/"},{"@type":"ListItem","position":3,"name":"Komplekt \u201eCrocodile Here\u201c"}]},{"@type":"WebSite","@id":"https:\/\/gegokids.ee\/#website","url":"https:\/\/gegokids.ee\/","name":"Gegokids","description":"Kvaliteetsed ja turvalised laste m\u00e4nguasjad.","publisher":{"@id":"https:\/\/gegokids.ee\/#organization"},"potentialAction":[{"@type":"SearchAction","target":{"@type":"EntryPoint","urlTemplate":"https:\/\/gegokids.ee\/?s={search_term_string}"},"query-input":{"@type":"PropertyValueSpecification","valueRequired":true,"valueName":"search_term_string"}}],"inLanguage":"en-US"},{"@type":"Organization","@id":"https:\/\/gegokids.ee\/#organization","name":"Gegokids","url":"https:\/\/gegokids.ee\/","logo":{"@type":"ImageObject","inLanguage":"en-US","@id":"https:\/\/gegokids.ee\/#\/schema\/logo\/image\/","url":"https:\/\/gegokids.ee\/wp-content\/uploads\/2022\/06\/logo2.png","contentUrl":"https:\/\/gegokids.ee\/wp-content\/uploads\/2022\/06\/logo2.png","width":358,"height":104,"caption":"Gegokids"},"image":{"@id":"https:\/\/gegokids.ee\/#\/schema\/logo\/image\/"},"sameAs":["https:\/\/www.facebook.com\/GegoKids","https:\/\/www.instagram.com\/gegokids.ee\/"]}]}},"_links":{"self":[{"href":"https:\/\/gegokids.ee\/en\/wp-json\/wp\/v2\/product\/28780","targetHints":{"allow":["GET"]}}],"collection":[{"href":"https:\/\/gegokids.ee\/en\/wp-json\/wp\/v2\/product"}],"about":[{"href":"https:\/\/gegokids.ee\/en\/wp-json\/wp\/v2\/types\/product"}],"replies":[{"embeddable":true,"href":"https:\/\/gegokids.ee\/en\/wp-json\/wp\/v2\/comments?post=28780"}],"version-history":[{"count":1,"href":"https:\/\/gegokids.ee\/en\/wp-json\/wp\/v2\/product\/28780\/revisions"}],"predecessor-version":[{"id":28783,"href":"https:\/\/gegokids.ee\/en\/wp-json\/wp\/v2\/product\/28780\/revisions\/28783"}],"wp:featuredmedia":[{"embeddable":true,"href":"https:\/\/gegokids.ee\/en\/wp-json\/wp\/v2\/media\/28796"}],"wp:attachment":[{"href":"https:\/\/gegokids.ee\/en\/wp-json\/wp\/v2\/media?parent=28780"}],"wp:term":[{"taxonomy":"product_brand","embeddable":true,"href":"https:\/\/gegokids.ee\/en\/wp-json\/wp\/v2\/product_brand?post=28780"},{"taxonomy":"product_cat","embeddable":true,"href":"https:\/\/gegokids.ee\/en\/wp-json\/wp\/v2\/product_cat?post=28780"},{"taxonomy":"product_tag","embeddable":true,"href":"https:\/\/gegokids.ee\/en\/wp-json\/wp\/v2\/product_tag?post=28780"}],"curies":[{"name":"wp","href":"https:\/\/api.w.org\/{rel}","templated":true}]}}