{"id":28770,"date":"2026-01-22T15:34:40","date_gmt":"2026-01-22T12:34:40","guid":{"rendered":"https:\/\/gegokids.ee\/?post_type=product&#038;p=28770"},"modified":"2026-01-22T16:51:58","modified_gmt":"2026-01-22T13:51:58","slug":"komplekt-natures-touch","status":"publish","type":"product","link":"https:\/\/gegokids.ee\/en\/product\/komplekt-natures-touch\/","title":{"rendered":"Komplekt \u201eNature\u2019s Touch\u201c"},"content":{"rendered":"<p data-start=\"322\" data-end=\"603\">Ortonature <strong data-start=\"333\" data-end=\"385\">sensoorne puslemattide komplekt \u201eNature\u2019s Touch\u201c<\/strong> on m\u00f5eldud lapsele, kes armastab liikuda, m\u00e4ngida ja maailma avastada. Loodusest inspireeritud mustrite ja erineva pinnaga puslematid annavad lapsele v\u00f5imaluse astuda, roomata ja m\u00e4ngida turvalisel ning pehmel alusel.<\/p>\n<p data-start=\"605\" data-end=\"740\">Puslemattidel liikumine aitab arendada lapse tasakaalu, koordinatsiooni ja lihast\u00f6\u00f6d ning toetab igap\u00e4evast liikumist juba varases eas.<\/p>\n<p data-start=\"742\" data-end=\"956\">Komplekti kuuluvad ka <strong data-start=\"764\" data-end=\"790\">t\u00e4hestikuga puslematid<\/strong>, mis aitavad lapsel m\u00e4ngu k\u00e4igus t\u00e4hti tundma \u00f5ppida. Laps n\u00e4eb, katsub ja kasutab t\u00e4hti loomulikus m\u00e4ngus, mis toetab keele arengut ja loob aluse lugema \u00f5ppimiseks.<\/p>\n<p data-start=\"958\" data-end=\"1033\">Sobib suurep\u00e4raselt nii m\u00e4ngutoas, lastetoas kui ka lasteaias kasutamiseks.<\/p>\n<p data-start=\"1035\" data-end=\"1082\"><strong data-start=\"1035\" data-end=\"1056\">Soovitatav vanus:<\/strong> kuni 5-aastastele lastele<\/p>\n<p>&nbsp;<\/p>\n<p><strong>Komplekt sisaldab:<\/strong><\/p>\n<ul data-start=\"1112\" data-end=\"1355\">\n<li data-start=\"1112\" data-end=\"1146\">\n<p data-start=\"1114\" data-end=\"1146\">\u201eMoon Trail\u201c \u2013 pehme puslematt<\/p>\n<\/li>\n<li data-start=\"1147\" data-end=\"1180\">\n<p data-start=\"1149\" data-end=\"1180\">\u201eSunflower\u201c \u2013 pehme puslematt<\/p>\n<\/li>\n<li data-start=\"1181\" data-end=\"1211\">\n<p data-start=\"1183\" data-end=\"1211\">\u201eClouds\u201c \u2013 pehme puslematt<\/p>\n<\/li>\n<li data-start=\"1212\" data-end=\"1246\">\n<p data-start=\"1214\" data-end=\"1246\">\u201eAlphabet 1\u201c \u2013 pehme puslematt<\/p>\n<\/li>\n<li data-start=\"1247\" data-end=\"1281\">\n<p data-start=\"1249\" data-end=\"1281\">\u201eAlphabet 2\u201c \u2013 pehme puslematt<\/p>\n<\/li>\n<li data-start=\"1282\" data-end=\"1315\">\n<p data-start=\"1284\" data-end=\"1315\">\u201eLily Pond\u201c \u2013 pehme puslematt<\/p>\n<\/li>\n<li data-start=\"1316\" data-end=\"1355\">\n<p data-start=\"1318\" data-end=\"1355\">\u201eRoad to Arizona\u201c \u2013 pehme puslematt<\/p>\n<\/li>\n<\/ul>","protected":false},"excerpt":{"rendered":"<p data-start=\"322\" data-end=\"603\">Ortonature <strong data-start=\"333\" data-end=\"385\">sensoorne puslemattide komplekt \u201eNature\u2019s Touch\u201c<\/strong> on m\u00f5eldud lapsele, kes armastab liikuda, m\u00e4ngida ja maailma avastada. Loodusest inspireeritud mustrite ja erineva pinnaga puslematid annavad lapsele v\u00f5imaluse astuda, roomata ja m\u00e4ngida turvalisel ning pehmel alusel.<\/p>\n<p data-start=\"605\" data-end=\"740\">Puslemattidel liikumine aitab arendada lapse tasakaalu, koordinatsiooni ja lihast\u00f6\u00f6d ning toetab igap\u00e4evast liikumist juba varases eas.<\/p>","protected":false},"featured_media":28793,"comment_status":"open","ping_status":"closed","template":"","meta":[],"product_brand":[456],"product_cat":[285],"product_tag":[460,458],"class_list":{"0":"post-28770","1":"product","2":"type-product","3":"status-publish","4":"has-post-thumbnail","6":"product_brand-ortoto","7":"product_cat-koik","8":"product_tag-arendavad-manguasjad","9":"product_tag-vaikelastele-1-3-a","11":"first","12":"instock","13":"shipping-taxable","14":"purchasable","15":"product-type-simple"},"yoast_head":"<!-- This site is optimized with the Yoast SEO plugin v26.9 - https:\/\/yoast.com\/product\/yoast-seo-wordpress\/ -->\n<title>Komplekt \u201eNature\u2019s Touch\u201c | Gegokids<\/title>\n<meta name=\"robots\" content=\"index, follow, max-snippet:-1, max-image-preview:large, max-video-preview:-1\" \/>\n<link rel=\"canonical\" href=\"https:\/\/gegokids.ee\/en\/product\/komplekt-natures-touch\/\" \/>\n<meta property=\"og:locale\" content=\"en_US\" \/>\n<meta property=\"og:type\" content=\"article\" \/>\n<meta property=\"og:title\" content=\"Komplekt \u201eNature\u2019s Touch\u201c | Gegokids\" \/>\n<meta property=\"og:description\" content=\"Ortonature sensoorne puslemattide komplekt \u201eNature\u2019s Touch\u201c on m\u00f5eldud lapsele, kes armastab liikuda, m\u00e4ngida ja maailma avastada. Loodusest inspireeritud mustrite ja erineva pinnaga puslematid annavad lapsele v\u00f5imaluse astuda, roomata ja m\u00e4ngida turvalisel ning pehmel alusel. Puslemattidel liikumine aitab arendada lapse tasakaalu, koordinatsiooni ja lihast\u00f6\u00f6d ning toetab igap\u00e4evast liikumist juba varases eas.\" \/>\n<meta property=\"og:url\" content=\"https:\/\/gegokids.ee\/en\/product\/komplekt-natures-touch\/\" \/>\n<meta property=\"og:site_name\" content=\"Gegokids\" \/>\n<meta property=\"article:publisher\" content=\"https:\/\/www.facebook.com\/GegoKids\" \/>\n<meta property=\"article:modified_time\" content=\"2026-01-22T13:51:58+00:00\" \/>\n<meta property=\"og:image\" content=\"https:\/\/gegokids.ee\/wp-content\/uploads\/2026\/01\/Gegokids-1.png\" \/>\n\t<meta property=\"og:image:width\" content=\"600\" \/>\n\t<meta property=\"og:image:height\" content=\"400\" \/>\n\t<meta property=\"og:image:type\" content=\"image\/png\" \/>\n<meta name=\"twitter:card\" content=\"summary_large_image\" \/>\n<meta name=\"twitter:label1\" content=\"Est. reading time\" \/>\n\t<meta name=\"twitter:data1\" content=\"1 minute\" \/>\n<script type=\"application\/ld+json\" class=\"yoast-schema-graph\">{\"@context\":\"https:\/\/schema.org\",\"@graph\":[{\"@type\":\"WebPage\",\"@id\":\"https:\/\/gegokids.ee\/en\/product\/komplekt-natures-touch\/\",\"url\":\"https:\/\/gegokids.ee\/en\/product\/komplekt-natures-touch\/\",\"name\":\"Komplekt \u201eNature\u2019s Touch\u201c | Gegokids\",\"isPartOf\":{\"@id\":\"https:\/\/gegokids.ee\/#website\"},\"primaryImageOfPage\":{\"@id\":\"https:\/\/gegokids.ee\/en\/product\/komplekt-natures-touch\/#primaryimage\"},\"image\":{\"@id\":\"https:\/\/gegokids.ee\/en\/product\/komplekt-natures-touch\/#primaryimage\"},\"thumbnailUrl\":\"https:\/\/gegokids.ee\/wp-content\/uploads\/2026\/01\/Gegokids-1.png\",\"datePublished\":\"2026-01-22T12:34:40+00:00\",\"dateModified\":\"2026-01-22T13:51:58+00:00\",\"breadcrumb\":{\"@id\":\"https:\/\/gegokids.ee\/en\/product\/komplekt-natures-touch\/#breadcrumb\"},\"inLanguage\":\"en-US\",\"potentialAction\":[{\"@type\":\"ReadAction\",\"target\":[\"https:\/\/gegokids.ee\/en\/product\/komplekt-natures-touch\/\"]}]},{\"@type\":\"ImageObject\",\"inLanguage\":\"en-US\",\"@id\":\"https:\/\/gegokids.ee\/en\/product\/komplekt-natures-touch\/#primaryimage\",\"url\":\"https:\/\/gegokids.ee\/wp-content\/uploads\/2026\/01\/Gegokids-1.png\",\"contentUrl\":\"https:\/\/gegokids.ee\/wp-content\/uploads\/2026\/01\/Gegokids-1.png\",\"width\":600,\"height\":400},{\"@type\":\"BreadcrumbList\",\"@id\":\"https:\/\/gegokids.ee\/en\/product\/komplekt-natures-touch\/#breadcrumb\",\"itemListElement\":[{\"@type\":\"ListItem\",\"position\":1,\"name\":\"Home\",\"item\":\"https:\/\/gegokids.ee\/en\/\"},{\"@type\":\"ListItem\",\"position\":2,\"name\":\"E-pood\",\"item\":\"https:\/\/gegokids.ee\/e-pood\/\"},{\"@type\":\"ListItem\",\"position\":3,\"name\":\"Komplekt \u201eNature\u2019s Touch\u201c\"}]},{\"@type\":\"WebSite\",\"@id\":\"https:\/\/gegokids.ee\/#website\",\"url\":\"https:\/\/gegokids.ee\/\",\"name\":\"Gegokids\",\"description\":\"Kvaliteetsed ja turvalised laste m\u00e4nguasjad.\",\"publisher\":{\"@id\":\"https:\/\/gegokids.ee\/#organization\"},\"potentialAction\":[{\"@type\":\"SearchAction\",\"target\":{\"@type\":\"EntryPoint\",\"urlTemplate\":\"https:\/\/gegokids.ee\/?s={search_term_string}\"},\"query-input\":{\"@type\":\"PropertyValueSpecification\",\"valueRequired\":true,\"valueName\":\"search_term_string\"}}],\"inLanguage\":\"en-US\"},{\"@type\":\"Organization\",\"@id\":\"https:\/\/gegokids.ee\/#organization\",\"name\":\"Gegokids\",\"url\":\"https:\/\/gegokids.ee\/\",\"logo\":{\"@type\":\"ImageObject\",\"inLanguage\":\"en-US\",\"@id\":\"https:\/\/gegokids.ee\/#\/schema\/logo\/image\/\",\"url\":\"https:\/\/gegokids.ee\/wp-content\/uploads\/2022\/06\/logo2.png\",\"contentUrl\":\"https:\/\/gegokids.ee\/wp-content\/uploads\/2022\/06\/logo2.png\",\"width\":358,\"height\":104,\"caption\":\"Gegokids\"},\"image\":{\"@id\":\"https:\/\/gegokids.ee\/#\/schema\/logo\/image\/\"},\"sameAs\":[\"https:\/\/www.facebook.com\/GegoKids\",\"https:\/\/www.instagram.com\/gegokids.ee\/\"]}]}<\/script>\n<!-- \/ Yoast SEO plugin. -->","yoast_head_json":{"title":"Komplekt \u201eNature\u2019s Touch\u201c | Gegokids","robots":{"index":"index","follow":"follow","max-snippet":"max-snippet:-1","max-image-preview":"max-image-preview:large","max-video-preview":"max-video-preview:-1"},"canonical":"https:\/\/gegokids.ee\/en\/product\/komplekt-natures-touch\/","og_locale":"en_US","og_type":"article","og_title":"Komplekt \u201eNature\u2019s Touch\u201c | Gegokids","og_description":"Ortonature sensoorne puslemattide komplekt \u201eNature\u2019s Touch\u201c on m\u00f5eldud lapsele, kes armastab liikuda, m\u00e4ngida ja maailma avastada. Loodusest inspireeritud mustrite ja erineva pinnaga puslematid annavad lapsele v\u00f5imaluse astuda, roomata ja m\u00e4ngida turvalisel ning pehmel alusel. Puslemattidel liikumine aitab arendada lapse tasakaalu, koordinatsiooni ja lihast\u00f6\u00f6d ning toetab igap\u00e4evast liikumist juba varases eas.","og_url":"https:\/\/gegokids.ee\/en\/product\/komplekt-natures-touch\/","og_site_name":"Gegokids","article_publisher":"https:\/\/www.facebook.com\/GegoKids","article_modified_time":"2026-01-22T13:51:58+00:00","og_image":[{"width":600,"height":400,"url":"https:\/\/gegokids.ee\/wp-content\/uploads\/2026\/01\/Gegokids-1.png","type":"image\/png"}],"twitter_card":"summary_large_image","twitter_misc":{"Est. reading time":"1 minute"},"schema":{"@context":"https:\/\/schema.org","@graph":[{"@type":"WebPage","@id":"https:\/\/gegokids.ee\/en\/product\/komplekt-natures-touch\/","url":"https:\/\/gegokids.ee\/en\/product\/komplekt-natures-touch\/","name":"Komplekt \u201eNature\u2019s Touch\u201c | Gegokids","isPartOf":{"@id":"https:\/\/gegokids.ee\/#website"},"primaryImageOfPage":{"@id":"https:\/\/gegokids.ee\/en\/product\/komplekt-natures-touch\/#primaryimage"},"image":{"@id":"https:\/\/gegokids.ee\/en\/product\/komplekt-natures-touch\/#primaryimage"},"thumbnailUrl":"https:\/\/gegokids.ee\/wp-content\/uploads\/2026\/01\/Gegokids-1.png","datePublished":"2026-01-22T12:34:40+00:00","dateModified":"2026-01-22T13:51:58+00:00","breadcrumb":{"@id":"https:\/\/gegokids.ee\/en\/product\/komplekt-natures-touch\/#breadcrumb"},"inLanguage":"en-US","potentialAction":[{"@type":"ReadAction","target":["https:\/\/gegokids.ee\/en\/product\/komplekt-natures-touch\/"]}]},{"@type":"ImageObject","inLanguage":"en-US","@id":"https:\/\/gegokids.ee\/en\/product\/komplekt-natures-touch\/#primaryimage","url":"https:\/\/gegokids.ee\/wp-content\/uploads\/2026\/01\/Gegokids-1.png","contentUrl":"https:\/\/gegokids.ee\/wp-content\/uploads\/2026\/01\/Gegokids-1.png","width":600,"height":400},{"@type":"BreadcrumbList","@id":"https:\/\/gegokids.ee\/en\/product\/komplekt-natures-touch\/#breadcrumb","itemListElement":[{"@type":"ListItem","position":1,"name":"Home","item":"https:\/\/gegokids.ee\/en\/"},{"@type":"ListItem","position":2,"name":"E-pood","item":"https:\/\/gegokids.ee\/e-pood\/"},{"@type":"ListItem","position":3,"name":"Komplekt \u201eNature\u2019s Touch\u201c"}]},{"@type":"WebSite","@id":"https:\/\/gegokids.ee\/#website","url":"https:\/\/gegokids.ee\/","name":"Gegokids","description":"Kvaliteetsed ja turvalised laste m\u00e4nguasjad.","publisher":{"@id":"https:\/\/gegokids.ee\/#organization"},"potentialAction":[{"@type":"SearchAction","target":{"@type":"EntryPoint","urlTemplate":"https:\/\/gegokids.ee\/?s={search_term_string}"},"query-input":{"@type":"PropertyValueSpecification","valueRequired":true,"valueName":"search_term_string"}}],"inLanguage":"en-US"},{"@type":"Organization","@id":"https:\/\/gegokids.ee\/#organization","name":"Gegokids","url":"https:\/\/gegokids.ee\/","logo":{"@type":"ImageObject","inLanguage":"en-US","@id":"https:\/\/gegokids.ee\/#\/schema\/logo\/image\/","url":"https:\/\/gegokids.ee\/wp-content\/uploads\/2022\/06\/logo2.png","contentUrl":"https:\/\/gegokids.ee\/wp-content\/uploads\/2022\/06\/logo2.png","width":358,"height":104,"caption":"Gegokids"},"image":{"@id":"https:\/\/gegokids.ee\/#\/schema\/logo\/image\/"},"sameAs":["https:\/\/www.facebook.com\/GegoKids","https:\/\/www.instagram.com\/gegokids.ee\/"]}]}},"_links":{"self":[{"href":"https:\/\/gegokids.ee\/en\/wp-json\/wp\/v2\/product\/28770","targetHints":{"allow":["GET"]}}],"collection":[{"href":"https:\/\/gegokids.ee\/en\/wp-json\/wp\/v2\/product"}],"about":[{"href":"https:\/\/gegokids.ee\/en\/wp-json\/wp\/v2\/types\/product"}],"replies":[{"embeddable":true,"href":"https:\/\/gegokids.ee\/en\/wp-json\/wp\/v2\/comments?post=28770"}],"version-history":[{"count":1,"href":"https:\/\/gegokids.ee\/en\/wp-json\/wp\/v2\/product\/28770\/revisions"}],"predecessor-version":[{"id":28772,"href":"https:\/\/gegokids.ee\/en\/wp-json\/wp\/v2\/product\/28770\/revisions\/28772"}],"wp:featuredmedia":[{"embeddable":true,"href":"https:\/\/gegokids.ee\/en\/wp-json\/wp\/v2\/media\/28793"}],"wp:attachment":[{"href":"https:\/\/gegokids.ee\/en\/wp-json\/wp\/v2\/media?parent=28770"}],"wp:term":[{"taxonomy":"product_brand","embeddable":true,"href":"https:\/\/gegokids.ee\/en\/wp-json\/wp\/v2\/product_brand?post=28770"},{"taxonomy":"product_cat","embeddable":true,"href":"https:\/\/gegokids.ee\/en\/wp-json\/wp\/v2\/product_cat?post=28770"},{"taxonomy":"product_tag","embeddable":true,"href":"https:\/\/gegokids.ee\/en\/wp-json\/wp\/v2\/product_tag?post=28770"}],"curies":[{"name":"wp","href":"https:\/\/api.w.org\/{rel}","templated":true}]}}