{"id":27793,"date":"2023-09-15T05:48:07","date_gmt":"2023-09-15T05:48:07","guid":{"rendered":"https:\/\/gegokids.ee\/?post_type=product&#038;p=27793"},"modified":"2026-02-08T18:16:41","modified_gmt":"2026-02-08T15:16:41","slug":"marcuse-ja-marcuse-triigitavad-nimesildid-40-tk","status":"publish","type":"product","link":"https:\/\/gegokids.ee\/en\/product\/marcuse-ja-marcuse-triigitavad-nimesildid-40-tk\/","title":{"rendered":"Marcuse ja Marcuse triigitavad nimesildid (40 tk)"},"content":{"rendered":"","protected":false},"excerpt":{"rendered":"<p><span style=\"color: #000000;\">Alati on hea m\u00f5te m\u00e4rgistada k\u00f5ik oma lapse koolitarbed, riided, kotid.<\/span><\/p>\n<p><span style=\"color: #000000;\">Marcus &amp; Marcus triigitavad nimesildid on lihtne viis oma laster\u00f5ivaste m\u00e4rgistamiseks. Kirjutage lihtsalt nimi sildile ja triikige k\u00fcpsetuspaberiga 8 sekundit riidele.<\/span><\/p>\n<p><span style=\"color: #000000;\">PUHASTAMINE JA HOOLDUS:<\/span><\/p>\n<p><span style=\"color: #000000;\">Enne pesemist laske sildil 24 tundi tarduda<\/span><br \/>\n<span style=\"color: #000000;\">Pesemiskindel<\/span><br \/>\n<span style=\"color: #000000;\">Kuivatikindel<\/span><br \/>\n<span style=\"color: #000000;\">Kaasas p\u00e4rgamentpaber<\/span><br \/>\n<span style=\"color: #000000;\">Kauakestev<\/span><br \/>\n<span style=\"color: #000000;\">TOOTE SUURUS:<\/span><\/p>\n<p><span style=\"color: #000000;\">60&#215;16 mm \u2013 13tk,<\/span><br \/>\n<span style=\"color: #000000;\">60 x 10 mm \u2013 27tk<\/span><\/p>\n<p><span style=\"color: #000000;\">MATERJAL:<\/span><br \/>\n<span style=\"color: #000000;\">PP<\/span><\/p>\n<p><span style=\"color: #000000;\">Tarne 2-5 t\u00f6\u00f6p\u00e4eva!<\/span><\/p>","protected":false},"featured_media":27787,"comment_status":"open","ping_status":"closed","template":"","meta":[],"product_brand":[455],"product_cat":[285,423,425],"product_tag":[445,458,459],"class_list":{"0":"post-27793","1":"product","2":"type-product","3":"status-publish","4":"has-post-thumbnail","6":"product_brand-marcus-marcus","7":"product_cat-koik","8":"product_cat-laste-vannimanguasjad","9":"product_cat-vahvad-matid-ja-kotid","10":"product_tag-kotid","11":"product_tag-vaikelastele-1-3-a","12":"product_tag-koolieelikutele-3","14":"first","15":"instock","16":"shipping-taxable","17":"purchasable","18":"product-type-simple"},"yoast_head":"<!-- This site is optimized with the Yoast SEO plugin v26.9 - https:\/\/yoast.com\/product\/yoast-seo-wordpress\/ -->\n<title>Marcuse ja Marcuse triigitavad nimesildid (40 tk) | Gegokids<\/title>\n<meta name=\"description\" content=\"Alati on hea m\u00f5te m\u00e4rgistada k\u00f5ik oma lapse koolitarbed, riided, kotid.Marcus &amp; Marcus triigitavad nimesildid on lihtne viis oma laster\u00f5ivaste m\u00e4rgistamiseks. Kirjutage lihtsalt nimi sildile ja triikige k\u00fcpsetuspaberiga 8 sekundit riidele.\" \/>\n<meta name=\"robots\" content=\"index, follow, max-snippet:-1, max-image-preview:large, max-video-preview:-1\" \/>\n<link rel=\"canonical\" href=\"https:\/\/gegokids.ee\/en\/product\/marcuse-ja-marcuse-triigitavad-nimesildid-40-tk\/\" \/>\n<meta property=\"og:locale\" content=\"en_US\" \/>\n<meta property=\"og:type\" content=\"article\" \/>\n<meta property=\"og:title\" content=\"Marcuse ja Marcuse triigitavad nimesildid (40 tk) | Gegokids\" \/>\n<meta property=\"og:description\" content=\"Alati on hea m\u00f5te m\u00e4rgistada k\u00f5ik oma lapse koolitarbed, riided, kotid.Marcus &amp; Marcus triigitavad nimesildid on lihtne viis oma laster\u00f5ivaste m\u00e4rgistamiseks. Kirjutage lihtsalt nimi sildile ja triikige k\u00fcpsetuspaberiga 8 sekundit riidele.\" \/>\n<meta property=\"og:url\" content=\"https:\/\/gegokids.ee\/en\/product\/marcuse-ja-marcuse-triigitavad-nimesildid-40-tk\/\" \/>\n<meta property=\"og:site_name\" content=\"Gegokids\" \/>\n<meta property=\"article:publisher\" content=\"https:\/\/www.facebook.com\/GegoKids\" \/>\n<meta property=\"article:modified_time\" content=\"2026-02-08T15:16:41+00:00\" \/>\n<meta property=\"og:image\" content=\"https:\/\/gegokids.ee\/wp-content\/uploads\/2023\/09\/IMG_0801-scaled.jpg\" \/>\n\t<meta property=\"og:image:width\" content=\"2560\" \/>\n\t<meta property=\"og:image:height\" content=\"1707\" \/>\n\t<meta property=\"og:image:type\" content=\"image\/jpeg\" \/>\n<meta name=\"twitter:card\" content=\"summary_large_image\" \/>\n<meta name=\"twitter:label1\" content=\"Est. reading time\" \/>\n\t<meta name=\"twitter:data1\" content=\"1 minute\" \/>\n<script type=\"application\/ld+json\" class=\"yoast-schema-graph\">{\"@context\":\"https:\/\/schema.org\",\"@graph\":[{\"@type\":\"WebPage\",\"@id\":\"https:\/\/gegokids.ee\/toode\/marcuse-ja-marcuse-triigitavad-nimesildid-40-tk\/\",\"url\":\"https:\/\/gegokids.ee\/toode\/marcuse-ja-marcuse-triigitavad-nimesildid-40-tk\/\",\"name\":\"Marcuse ja Marcuse triigitavad nimesildid (40 tk) | Gegokids\",\"isPartOf\":{\"@id\":\"https:\/\/gegokids.ee\/#website\"},\"primaryImageOfPage\":{\"@id\":\"https:\/\/gegokids.ee\/toode\/marcuse-ja-marcuse-triigitavad-nimesildid-40-tk\/#primaryimage\"},\"image\":{\"@id\":\"https:\/\/gegokids.ee\/toode\/marcuse-ja-marcuse-triigitavad-nimesildid-40-tk\/#primaryimage\"},\"thumbnailUrl\":\"https:\/\/gegokids.ee\/wp-content\/uploads\/2023\/09\/Untitled-design-48.jpg\",\"datePublished\":\"2023-09-15T05:48:07+00:00\",\"dateModified\":\"2026-02-08T15:16:41+00:00\",\"description\":\"Alati on hea m\u00f5te m\u00e4rgistada k\u00f5ik oma lapse koolitarbed, riided, kotid.Marcus & Marcus triigitavad nimesildid on lihtne viis oma laster\u00f5ivaste m\u00e4rgistamiseks. Kirjutage lihtsalt nimi sildile ja triikige k\u00fcpsetuspaberiga 8 sekundit riidele.\",\"breadcrumb\":{\"@id\":\"https:\/\/gegokids.ee\/toode\/marcuse-ja-marcuse-triigitavad-nimesildid-40-tk\/#breadcrumb\"},\"inLanguage\":\"en-US\",\"potentialAction\":[{\"@type\":\"ReadAction\",\"target\":[\"https:\/\/gegokids.ee\/toode\/marcuse-ja-marcuse-triigitavad-nimesildid-40-tk\/\"]}]},{\"@type\":\"ImageObject\",\"inLanguage\":\"en-US\",\"@id\":\"https:\/\/gegokids.ee\/toode\/marcuse-ja-marcuse-triigitavad-nimesildid-40-tk\/#primaryimage\",\"url\":\"https:\/\/gegokids.ee\/wp-content\/uploads\/2023\/09\/Untitled-design-48.jpg\",\"contentUrl\":\"https:\/\/gegokids.ee\/wp-content\/uploads\/2023\/09\/Untitled-design-48.jpg\",\"width\":800,\"height\":533},{\"@type\":\"BreadcrumbList\",\"@id\":\"https:\/\/gegokids.ee\/toode\/marcuse-ja-marcuse-triigitavad-nimesildid-40-tk\/#breadcrumb\",\"itemListElement\":[{\"@type\":\"ListItem\",\"position\":1,\"name\":\"Home\",\"item\":\"https:\/\/gegokids.ee\/en\/\"},{\"@type\":\"ListItem\",\"position\":2,\"name\":\"E-pood\",\"item\":\"https:\/\/gegokids.ee\/e-pood\/\"},{\"@type\":\"ListItem\",\"position\":3,\"name\":\"Marcuse ja Marcuse triigitavad nimesildid (40 tk)\"}]},{\"@type\":\"WebSite\",\"@id\":\"https:\/\/gegokids.ee\/#website\",\"url\":\"https:\/\/gegokids.ee\/\",\"name\":\"Gegokids\",\"description\":\"Kvaliteetsed ja turvalised laste m\u00e4nguasjad.\",\"publisher\":{\"@id\":\"https:\/\/gegokids.ee\/#organization\"},\"potentialAction\":[{\"@type\":\"SearchAction\",\"target\":{\"@type\":\"EntryPoint\",\"urlTemplate\":\"https:\/\/gegokids.ee\/?s={search_term_string}\"},\"query-input\":{\"@type\":\"PropertyValueSpecification\",\"valueRequired\":true,\"valueName\":\"search_term_string\"}}],\"inLanguage\":\"en-US\"},{\"@type\":\"Organization\",\"@id\":\"https:\/\/gegokids.ee\/#organization\",\"name\":\"Gegokids\",\"url\":\"https:\/\/gegokids.ee\/\",\"logo\":{\"@type\":\"ImageObject\",\"inLanguage\":\"en-US\",\"@id\":\"https:\/\/gegokids.ee\/#\/schema\/logo\/image\/\",\"url\":\"https:\/\/gegokids.ee\/wp-content\/uploads\/2022\/06\/logo2.png\",\"contentUrl\":\"https:\/\/gegokids.ee\/wp-content\/uploads\/2022\/06\/logo2.png\",\"width\":358,\"height\":104,\"caption\":\"Gegokids\"},\"image\":{\"@id\":\"https:\/\/gegokids.ee\/#\/schema\/logo\/image\/\"},\"sameAs\":[\"https:\/\/www.facebook.com\/GegoKids\",\"https:\/\/www.instagram.com\/gegokids.ee\/\"]}]}<\/script>\n<!-- \/ Yoast SEO plugin. -->","yoast_head_json":{"title":"Marcuse ja Marcuse triigitavad nimesildid (40 tk) | Gegokids","description":"Alati on hea m\u00f5te m\u00e4rgistada k\u00f5ik oma lapse koolitarbed, riided, kotid.Marcus & Marcus triigitavad nimesildid on lihtne viis oma laster\u00f5ivaste m\u00e4rgistamiseks. Kirjutage lihtsalt nimi sildile ja triikige k\u00fcpsetuspaberiga 8 sekundit riidele.","robots":{"index":"index","follow":"follow","max-snippet":"max-snippet:-1","max-image-preview":"max-image-preview:large","max-video-preview":"max-video-preview:-1"},"canonical":"https:\/\/gegokids.ee\/en\/product\/marcuse-ja-marcuse-triigitavad-nimesildid-40-tk\/","og_locale":"en_US","og_type":"article","og_title":"Marcuse ja Marcuse triigitavad nimesildid (40 tk) | Gegokids","og_description":"Alati on hea m\u00f5te m\u00e4rgistada k\u00f5ik oma lapse koolitarbed, riided, kotid.Marcus & Marcus triigitavad nimesildid on lihtne viis oma laster\u00f5ivaste m\u00e4rgistamiseks. Kirjutage lihtsalt nimi sildile ja triikige k\u00fcpsetuspaberiga 8 sekundit riidele.","og_url":"https:\/\/gegokids.ee\/en\/product\/marcuse-ja-marcuse-triigitavad-nimesildid-40-tk\/","og_site_name":"Gegokids","article_publisher":"https:\/\/www.facebook.com\/GegoKids","article_modified_time":"2026-02-08T15:16:41+00:00","og_image":[{"width":2560,"height":1707,"url":"https:\/\/gegokids.ee\/wp-content\/uploads\/2023\/09\/IMG_0801-scaled.jpg","type":"image\/jpeg"}],"twitter_card":"summary_large_image","twitter_misc":{"Est. reading time":"1 minute"},"schema":{"@context":"https:\/\/schema.org","@graph":[{"@type":"WebPage","@id":"https:\/\/gegokids.ee\/toode\/marcuse-ja-marcuse-triigitavad-nimesildid-40-tk\/","url":"https:\/\/gegokids.ee\/toode\/marcuse-ja-marcuse-triigitavad-nimesildid-40-tk\/","name":"Marcuse ja Marcuse triigitavad nimesildid (40 tk) | Gegokids","isPartOf":{"@id":"https:\/\/gegokids.ee\/#website"},"primaryImageOfPage":{"@id":"https:\/\/gegokids.ee\/toode\/marcuse-ja-marcuse-triigitavad-nimesildid-40-tk\/#primaryimage"},"image":{"@id":"https:\/\/gegokids.ee\/toode\/marcuse-ja-marcuse-triigitavad-nimesildid-40-tk\/#primaryimage"},"thumbnailUrl":"https:\/\/gegokids.ee\/wp-content\/uploads\/2023\/09\/Untitled-design-48.jpg","datePublished":"2023-09-15T05:48:07+00:00","dateModified":"2026-02-08T15:16:41+00:00","description":"Alati on hea m\u00f5te m\u00e4rgistada k\u00f5ik oma lapse koolitarbed, riided, kotid.Marcus & Marcus triigitavad nimesildid on lihtne viis oma laster\u00f5ivaste m\u00e4rgistamiseks. Kirjutage lihtsalt nimi sildile ja triikige k\u00fcpsetuspaberiga 8 sekundit riidele.","breadcrumb":{"@id":"https:\/\/gegokids.ee\/toode\/marcuse-ja-marcuse-triigitavad-nimesildid-40-tk\/#breadcrumb"},"inLanguage":"en-US","potentialAction":[{"@type":"ReadAction","target":["https:\/\/gegokids.ee\/toode\/marcuse-ja-marcuse-triigitavad-nimesildid-40-tk\/"]}]},{"@type":"ImageObject","inLanguage":"en-US","@id":"https:\/\/gegokids.ee\/toode\/marcuse-ja-marcuse-triigitavad-nimesildid-40-tk\/#primaryimage","url":"https:\/\/gegokids.ee\/wp-content\/uploads\/2023\/09\/Untitled-design-48.jpg","contentUrl":"https:\/\/gegokids.ee\/wp-content\/uploads\/2023\/09\/Untitled-design-48.jpg","width":800,"height":533},{"@type":"BreadcrumbList","@id":"https:\/\/gegokids.ee\/toode\/marcuse-ja-marcuse-triigitavad-nimesildid-40-tk\/#breadcrumb","itemListElement":[{"@type":"ListItem","position":1,"name":"Home","item":"https:\/\/gegokids.ee\/en\/"},{"@type":"ListItem","position":2,"name":"E-pood","item":"https:\/\/gegokids.ee\/e-pood\/"},{"@type":"ListItem","position":3,"name":"Marcuse ja Marcuse triigitavad nimesildid (40 tk)"}]},{"@type":"WebSite","@id":"https:\/\/gegokids.ee\/#website","url":"https:\/\/gegokids.ee\/","name":"Gegokids","description":"Kvaliteetsed ja turvalised laste m\u00e4nguasjad.","publisher":{"@id":"https:\/\/gegokids.ee\/#organization"},"potentialAction":[{"@type":"SearchAction","target":{"@type":"EntryPoint","urlTemplate":"https:\/\/gegokids.ee\/?s={search_term_string}"},"query-input":{"@type":"PropertyValueSpecification","valueRequired":true,"valueName":"search_term_string"}}],"inLanguage":"en-US"},{"@type":"Organization","@id":"https:\/\/gegokids.ee\/#organization","name":"Gegokids","url":"https:\/\/gegokids.ee\/","logo":{"@type":"ImageObject","inLanguage":"en-US","@id":"https:\/\/gegokids.ee\/#\/schema\/logo\/image\/","url":"https:\/\/gegokids.ee\/wp-content\/uploads\/2022\/06\/logo2.png","contentUrl":"https:\/\/gegokids.ee\/wp-content\/uploads\/2022\/06\/logo2.png","width":358,"height":104,"caption":"Gegokids"},"image":{"@id":"https:\/\/gegokids.ee\/#\/schema\/logo\/image\/"},"sameAs":["https:\/\/www.facebook.com\/GegoKids","https:\/\/www.instagram.com\/gegokids.ee\/"]}]}},"_links":{"self":[{"href":"https:\/\/gegokids.ee\/en\/wp-json\/wp\/v2\/product\/27793","targetHints":{"allow":["GET"]}}],"collection":[{"href":"https:\/\/gegokids.ee\/en\/wp-json\/wp\/v2\/product"}],"about":[{"href":"https:\/\/gegokids.ee\/en\/wp-json\/wp\/v2\/types\/product"}],"replies":[{"embeddable":true,"href":"https:\/\/gegokids.ee\/en\/wp-json\/wp\/v2\/comments?post=27793"}],"version-history":[{"count":3,"href":"https:\/\/gegokids.ee\/en\/wp-json\/wp\/v2\/product\/27793\/revisions"}],"predecessor-version":[{"id":28694,"href":"https:\/\/gegokids.ee\/en\/wp-json\/wp\/v2\/product\/27793\/revisions\/28694"}],"wp:featuredmedia":[{"embeddable":true,"href":"https:\/\/gegokids.ee\/en\/wp-json\/wp\/v2\/media\/27787"}],"wp:attachment":[{"href":"https:\/\/gegokids.ee\/en\/wp-json\/wp\/v2\/media?parent=27793"}],"wp:term":[{"taxonomy":"product_brand","embeddable":true,"href":"https:\/\/gegokids.ee\/en\/wp-json\/wp\/v2\/product_brand?post=27793"},{"taxonomy":"product_cat","embeddable":true,"href":"https:\/\/gegokids.ee\/en\/wp-json\/wp\/v2\/product_cat?post=27793"},{"taxonomy":"product_tag","embeddable":true,"href":"https:\/\/gegokids.ee\/en\/wp-json\/wp\/v2\/product_tag?post=27793"}],"curies":[{"name":"wp","href":"https:\/\/api.w.org\/{rel}","templated":true}]}}