{"id":27786,"date":"2023-09-15T05:47:52","date_gmt":"2023-09-15T05:47:52","guid":{"rendered":"https:\/\/gegokids.ee\/?post_type=product&#038;p=27786"},"modified":"2026-02-08T18:05:14","modified_gmt":"2026-02-08T15:05:14","slug":"marcuse-ja-marcuse-kleebitavad-nimesildid-40-tk","status":"publish","type":"product","link":"https:\/\/gegokids.ee\/en\/product\/marcuse-ja-marcuse-kleebitavad-nimesildid-40-tk\/","title":{"rendered":"Marcuse ja Marcuse kleebitavad nimesildid (40 tk)"},"content":{"rendered":"","protected":false},"excerpt":{"rendered":"<p><span style=\"color: #000000;\">Alati on hea m\u00f5te m\u00e4rgistada k\u00f5ik oma lapse koolitarbed. Marcuse ja Marcuse kleebitavate nimesiltide pakendis on 40 kleebist. Lihtsalt kirjutage<\/span>\u00a0<span style=\"color: #000000;\">nime kaitsekile alla ja kleepige need v\u00e4rvilised veekindlad sildid veele<\/span><span style=\"color: #000000;\">pudelile v\u00f5i toidupurgile, m\u00e4nguasjadele jne.<\/span><\/p>\n<p><span style=\"color: #000000;\">PUHASTAMINE JA HOOLDUS:<\/span><br \/>\n<span style=\"color: #000000;\">\u2022 Veekindel<\/span><\/p>\n<p><span style=\"color: #000000;\">TOOTE SUURUS:<\/span><\/p>\n<p><span style=\"color: #000000;\">60&#215;16 mm \u2013 13tk,<\/span><br \/>\n<span style=\"color: #000000;\">60 x 10 mm \u2013 27tk<\/span><\/p>\n<p><span style=\"color: #000000;\">MATERJAL:<\/span><br \/>\n<span style=\"color: #000000;\">PP<\/span><\/p>\n<p><span style=\"color: #000000;\">Tarne 2-5 t\u00f6\u00f6p\u00e4eva!<\/span><\/p>","protected":false},"featured_media":27787,"comment_status":"open","ping_status":"closed","template":"","meta":[],"product_brand":[455],"product_cat":[426,285,424],"product_tag":[458,459],"class_list":{"0":"post-27786","1":"product","2":"type-product","3":"status-publish","4":"has-post-thumbnail","6":"product_brand-marcus-marcus","7":"product_cat-kingiideed","8":"product_cat-koik","9":"product_cat-nutikad-hoiustamiskarbid","10":"product_tag-vaikelastele-1-3-a","11":"product_tag-koolieelikutele-3","13":"first","14":"instock","15":"shipping-taxable","16":"purchasable","17":"product-type-simple"},"yoast_head":"<!-- This site is optimized with the Yoast SEO plugin v26.9 - https:\/\/yoast.com\/product\/yoast-seo-wordpress\/ -->\n<title>Marcuse ja Marcuse kleebitavad nimesildid (40 tk) | Gegokids<\/title>\n<meta name=\"description\" content=\"Alati on hea m\u00f5te m\u00e4rgistada k\u00f5ik oma lapse koolitarbed. Marcuse ja Marcuse kleebitavate nimesiltide pakendis on 40 kleebist. Lihtsalt kirjutage\u00a0nime kaitsekile alla ja kleepige need v\u00e4rvilised veekindlad sildid veelepudelile v\u00f5i toidupurgile, m\u00e4nguasjadele jne.\" \/>\n<meta name=\"robots\" content=\"index, follow, max-snippet:-1, max-image-preview:large, max-video-preview:-1\" \/>\n<link rel=\"canonical\" href=\"https:\/\/gegokids.ee\/en\/product\/marcuse-ja-marcuse-kleebitavad-nimesildid-40-tk\/\" \/>\n<meta property=\"og:locale\" content=\"en_US\" \/>\n<meta property=\"og:type\" content=\"article\" \/>\n<meta property=\"og:title\" content=\"Marcuse ja Marcuse kleebitavad nimesildid (40 tk) | Gegokids\" \/>\n<meta property=\"og:description\" content=\"Alati on hea m\u00f5te m\u00e4rgistada k\u00f5ik oma lapse koolitarbed. Marcuse ja Marcuse kleebitavate nimesiltide pakendis on 40 kleebist. Lihtsalt kirjutage\u00a0nime kaitsekile alla ja kleepige need v\u00e4rvilised veekindlad sildid veelepudelile v\u00f5i toidupurgile, m\u00e4nguasjadele jne.\" \/>\n<meta property=\"og:url\" content=\"https:\/\/gegokids.ee\/en\/product\/marcuse-ja-marcuse-kleebitavad-nimesildid-40-tk\/\" \/>\n<meta property=\"og:site_name\" content=\"Gegokids\" \/>\n<meta property=\"article:publisher\" content=\"https:\/\/www.facebook.com\/GegoKids\" \/>\n<meta property=\"article:modified_time\" content=\"2026-02-08T15:05:14+00:00\" \/>\n<meta property=\"og:image\" content=\"https:\/\/gegokids.ee\/wp-content\/uploads\/2023\/09\/IMG_0801-scaled.jpg\" \/>\n\t<meta property=\"og:image:width\" content=\"2560\" \/>\n\t<meta property=\"og:image:height\" content=\"1707\" \/>\n\t<meta property=\"og:image:type\" content=\"image\/jpeg\" \/>\n<meta name=\"twitter:card\" content=\"summary_large_image\" \/>\n<meta name=\"twitter:label1\" content=\"Est. reading time\" \/>\n\t<meta name=\"twitter:data1\" content=\"1 minute\" \/>\n<script type=\"application\/ld+json\" class=\"yoast-schema-graph\">{\"@context\":\"https:\/\/schema.org\",\"@graph\":[{\"@type\":\"WebPage\",\"@id\":\"https:\/\/gegokids.ee\/toode\/marcuse-ja-marcuse-kleebitavad-nimesildid-40-tk\/\",\"url\":\"https:\/\/gegokids.ee\/toode\/marcuse-ja-marcuse-kleebitavad-nimesildid-40-tk\/\",\"name\":\"Marcuse ja Marcuse kleebitavad nimesildid (40 tk) | Gegokids\",\"isPartOf\":{\"@id\":\"https:\/\/gegokids.ee\/#website\"},\"primaryImageOfPage\":{\"@id\":\"https:\/\/gegokids.ee\/toode\/marcuse-ja-marcuse-kleebitavad-nimesildid-40-tk\/#primaryimage\"},\"image\":{\"@id\":\"https:\/\/gegokids.ee\/toode\/marcuse-ja-marcuse-kleebitavad-nimesildid-40-tk\/#primaryimage\"},\"thumbnailUrl\":\"https:\/\/gegokids.ee\/wp-content\/uploads\/2023\/09\/Untitled-design-48.jpg\",\"datePublished\":\"2023-09-15T05:47:52+00:00\",\"dateModified\":\"2026-02-08T15:05:14+00:00\",\"description\":\"Alati on hea m\u00f5te m\u00e4rgistada k\u00f5ik oma lapse koolitarbed. Marcuse ja Marcuse kleebitavate nimesiltide pakendis on 40 kleebist. Lihtsalt kirjutage\u00a0nime kaitsekile alla ja kleepige need v\u00e4rvilised veekindlad sildid veelepudelile v\u00f5i toidupurgile, m\u00e4nguasjadele jne.\",\"breadcrumb\":{\"@id\":\"https:\/\/gegokids.ee\/toode\/marcuse-ja-marcuse-kleebitavad-nimesildid-40-tk\/#breadcrumb\"},\"inLanguage\":\"en-US\",\"potentialAction\":[{\"@type\":\"ReadAction\",\"target\":[\"https:\/\/gegokids.ee\/toode\/marcuse-ja-marcuse-kleebitavad-nimesildid-40-tk\/\"]}]},{\"@type\":\"ImageObject\",\"inLanguage\":\"en-US\",\"@id\":\"https:\/\/gegokids.ee\/toode\/marcuse-ja-marcuse-kleebitavad-nimesildid-40-tk\/#primaryimage\",\"url\":\"https:\/\/gegokids.ee\/wp-content\/uploads\/2023\/09\/Untitled-design-48.jpg\",\"contentUrl\":\"https:\/\/gegokids.ee\/wp-content\/uploads\/2023\/09\/Untitled-design-48.jpg\",\"width\":800,\"height\":533},{\"@type\":\"BreadcrumbList\",\"@id\":\"https:\/\/gegokids.ee\/toode\/marcuse-ja-marcuse-kleebitavad-nimesildid-40-tk\/#breadcrumb\",\"itemListElement\":[{\"@type\":\"ListItem\",\"position\":1,\"name\":\"Home\",\"item\":\"https:\/\/gegokids.ee\/en\/\"},{\"@type\":\"ListItem\",\"position\":2,\"name\":\"E-pood\",\"item\":\"https:\/\/gegokids.ee\/e-pood\/\"},{\"@type\":\"ListItem\",\"position\":3,\"name\":\"Marcuse ja Marcuse kleebitavad nimesildid (40 tk)\"}]},{\"@type\":\"WebSite\",\"@id\":\"https:\/\/gegokids.ee\/#website\",\"url\":\"https:\/\/gegokids.ee\/\",\"name\":\"Gegokids\",\"description\":\"Kvaliteetsed ja turvalised laste m\u00e4nguasjad.\",\"publisher\":{\"@id\":\"https:\/\/gegokids.ee\/#organization\"},\"potentialAction\":[{\"@type\":\"SearchAction\",\"target\":{\"@type\":\"EntryPoint\",\"urlTemplate\":\"https:\/\/gegokids.ee\/?s={search_term_string}\"},\"query-input\":{\"@type\":\"PropertyValueSpecification\",\"valueRequired\":true,\"valueName\":\"search_term_string\"}}],\"inLanguage\":\"en-US\"},{\"@type\":\"Organization\",\"@id\":\"https:\/\/gegokids.ee\/#organization\",\"name\":\"Gegokids\",\"url\":\"https:\/\/gegokids.ee\/\",\"logo\":{\"@type\":\"ImageObject\",\"inLanguage\":\"en-US\",\"@id\":\"https:\/\/gegokids.ee\/#\/schema\/logo\/image\/\",\"url\":\"https:\/\/gegokids.ee\/wp-content\/uploads\/2022\/06\/logo2.png\",\"contentUrl\":\"https:\/\/gegokids.ee\/wp-content\/uploads\/2022\/06\/logo2.png\",\"width\":358,\"height\":104,\"caption\":\"Gegokids\"},\"image\":{\"@id\":\"https:\/\/gegokids.ee\/#\/schema\/logo\/image\/\"},\"sameAs\":[\"https:\/\/www.facebook.com\/GegoKids\",\"https:\/\/www.instagram.com\/gegokids.ee\/\"]}]}<\/script>\n<!-- \/ Yoast SEO plugin. -->","yoast_head_json":{"title":"Marcuse ja Marcuse kleebitavad nimesildid (40 tk) | Gegokids","description":"Alati on hea m\u00f5te m\u00e4rgistada k\u00f5ik oma lapse koolitarbed. Marcuse ja Marcuse kleebitavate nimesiltide pakendis on 40 kleebist. Lihtsalt kirjutage\u00a0nime kaitsekile alla ja kleepige need v\u00e4rvilised veekindlad sildid veelepudelile v\u00f5i toidupurgile, m\u00e4nguasjadele jne.","robots":{"index":"index","follow":"follow","max-snippet":"max-snippet:-1","max-image-preview":"max-image-preview:large","max-video-preview":"max-video-preview:-1"},"canonical":"https:\/\/gegokids.ee\/en\/product\/marcuse-ja-marcuse-kleebitavad-nimesildid-40-tk\/","og_locale":"en_US","og_type":"article","og_title":"Marcuse ja Marcuse kleebitavad nimesildid (40 tk) | Gegokids","og_description":"Alati on hea m\u00f5te m\u00e4rgistada k\u00f5ik oma lapse koolitarbed. Marcuse ja Marcuse kleebitavate nimesiltide pakendis on 40 kleebist. Lihtsalt kirjutage\u00a0nime kaitsekile alla ja kleepige need v\u00e4rvilised veekindlad sildid veelepudelile v\u00f5i toidupurgile, m\u00e4nguasjadele jne.","og_url":"https:\/\/gegokids.ee\/en\/product\/marcuse-ja-marcuse-kleebitavad-nimesildid-40-tk\/","og_site_name":"Gegokids","article_publisher":"https:\/\/www.facebook.com\/GegoKids","article_modified_time":"2026-02-08T15:05:14+00:00","og_image":[{"width":2560,"height":1707,"url":"https:\/\/gegokids.ee\/wp-content\/uploads\/2023\/09\/IMG_0801-scaled.jpg","type":"image\/jpeg"}],"twitter_card":"summary_large_image","twitter_misc":{"Est. reading time":"1 minute"},"schema":{"@context":"https:\/\/schema.org","@graph":[{"@type":"WebPage","@id":"https:\/\/gegokids.ee\/toode\/marcuse-ja-marcuse-kleebitavad-nimesildid-40-tk\/","url":"https:\/\/gegokids.ee\/toode\/marcuse-ja-marcuse-kleebitavad-nimesildid-40-tk\/","name":"Marcuse ja Marcuse kleebitavad nimesildid (40 tk) | Gegokids","isPartOf":{"@id":"https:\/\/gegokids.ee\/#website"},"primaryImageOfPage":{"@id":"https:\/\/gegokids.ee\/toode\/marcuse-ja-marcuse-kleebitavad-nimesildid-40-tk\/#primaryimage"},"image":{"@id":"https:\/\/gegokids.ee\/toode\/marcuse-ja-marcuse-kleebitavad-nimesildid-40-tk\/#primaryimage"},"thumbnailUrl":"https:\/\/gegokids.ee\/wp-content\/uploads\/2023\/09\/Untitled-design-48.jpg","datePublished":"2023-09-15T05:47:52+00:00","dateModified":"2026-02-08T15:05:14+00:00","description":"Alati on hea m\u00f5te m\u00e4rgistada k\u00f5ik oma lapse koolitarbed. Marcuse ja Marcuse kleebitavate nimesiltide pakendis on 40 kleebist. Lihtsalt kirjutage\u00a0nime kaitsekile alla ja kleepige need v\u00e4rvilised veekindlad sildid veelepudelile v\u00f5i toidupurgile, m\u00e4nguasjadele jne.","breadcrumb":{"@id":"https:\/\/gegokids.ee\/toode\/marcuse-ja-marcuse-kleebitavad-nimesildid-40-tk\/#breadcrumb"},"inLanguage":"en-US","potentialAction":[{"@type":"ReadAction","target":["https:\/\/gegokids.ee\/toode\/marcuse-ja-marcuse-kleebitavad-nimesildid-40-tk\/"]}]},{"@type":"ImageObject","inLanguage":"en-US","@id":"https:\/\/gegokids.ee\/toode\/marcuse-ja-marcuse-kleebitavad-nimesildid-40-tk\/#primaryimage","url":"https:\/\/gegokids.ee\/wp-content\/uploads\/2023\/09\/Untitled-design-48.jpg","contentUrl":"https:\/\/gegokids.ee\/wp-content\/uploads\/2023\/09\/Untitled-design-48.jpg","width":800,"height":533},{"@type":"BreadcrumbList","@id":"https:\/\/gegokids.ee\/toode\/marcuse-ja-marcuse-kleebitavad-nimesildid-40-tk\/#breadcrumb","itemListElement":[{"@type":"ListItem","position":1,"name":"Home","item":"https:\/\/gegokids.ee\/en\/"},{"@type":"ListItem","position":2,"name":"E-pood","item":"https:\/\/gegokids.ee\/e-pood\/"},{"@type":"ListItem","position":3,"name":"Marcuse ja Marcuse kleebitavad nimesildid (40 tk)"}]},{"@type":"WebSite","@id":"https:\/\/gegokids.ee\/#website","url":"https:\/\/gegokids.ee\/","name":"Gegokids","description":"Kvaliteetsed ja turvalised laste m\u00e4nguasjad.","publisher":{"@id":"https:\/\/gegokids.ee\/#organization"},"potentialAction":[{"@type":"SearchAction","target":{"@type":"EntryPoint","urlTemplate":"https:\/\/gegokids.ee\/?s={search_term_string}"},"query-input":{"@type":"PropertyValueSpecification","valueRequired":true,"valueName":"search_term_string"}}],"inLanguage":"en-US"},{"@type":"Organization","@id":"https:\/\/gegokids.ee\/#organization","name":"Gegokids","url":"https:\/\/gegokids.ee\/","logo":{"@type":"ImageObject","inLanguage":"en-US","@id":"https:\/\/gegokids.ee\/#\/schema\/logo\/image\/","url":"https:\/\/gegokids.ee\/wp-content\/uploads\/2022\/06\/logo2.png","contentUrl":"https:\/\/gegokids.ee\/wp-content\/uploads\/2022\/06\/logo2.png","width":358,"height":104,"caption":"Gegokids"},"image":{"@id":"https:\/\/gegokids.ee\/#\/schema\/logo\/image\/"},"sameAs":["https:\/\/www.facebook.com\/GegoKids","https:\/\/www.instagram.com\/gegokids.ee\/"]}]}},"_links":{"self":[{"href":"https:\/\/gegokids.ee\/en\/wp-json\/wp\/v2\/product\/27786","targetHints":{"allow":["GET"]}}],"collection":[{"href":"https:\/\/gegokids.ee\/en\/wp-json\/wp\/v2\/product"}],"about":[{"href":"https:\/\/gegokids.ee\/en\/wp-json\/wp\/v2\/types\/product"}],"replies":[{"embeddable":true,"href":"https:\/\/gegokids.ee\/en\/wp-json\/wp\/v2\/comments?post=27786"}],"version-history":[{"count":4,"href":"https:\/\/gegokids.ee\/en\/wp-json\/wp\/v2\/product\/27786\/revisions"}],"predecessor-version":[{"id":28976,"href":"https:\/\/gegokids.ee\/en\/wp-json\/wp\/v2\/product\/27786\/revisions\/28976"}],"wp:featuredmedia":[{"embeddable":true,"href":"https:\/\/gegokids.ee\/en\/wp-json\/wp\/v2\/media\/27787"}],"wp:attachment":[{"href":"https:\/\/gegokids.ee\/en\/wp-json\/wp\/v2\/media?parent=27786"}],"wp:term":[{"taxonomy":"product_brand","embeddable":true,"href":"https:\/\/gegokids.ee\/en\/wp-json\/wp\/v2\/product_brand?post=27786"},{"taxonomy":"product_cat","embeddable":true,"href":"https:\/\/gegokids.ee\/en\/wp-json\/wp\/v2\/product_cat?post=27786"},{"taxonomy":"product_tag","embeddable":true,"href":"https:\/\/gegokids.ee\/en\/wp-json\/wp\/v2\/product_tag?post=27786"}],"curies":[{"name":"wp","href":"https:\/\/api.w.org\/{rel}","templated":true}]}}