{"id":27781,"date":"2023-09-15T05:06:54","date_gmt":"2023-09-15T05:06:54","guid":{"rendered":"https:\/\/gegokids.ee\/?post_type=product&#038;p=27781"},"modified":"2026-02-09T02:03:48","modified_gmt":"2026-02-08T23:03:48","slug":"marcus-marcus-kokkupandav-suupistekonteiner-roheline","status":"publish","type":"product","link":"https:\/\/gegokids.ee\/en\/product\/marcus-marcus-kokkupandav-suupistekonteiner-roheline\/","title":{"rendered":"Marcus &amp; Marcus kokkupandav suupistekonteiner"},"content":{"rendered":"<p><span style=\"color: #000000;\">V\u00f5tke Marcus &amp; Marcus kokkupandava suupistekonteineri abil kuivi suupisteid k\u00f5ikjale. Toidukvaliteediga silikoonist konteiner on kerge ja kokkupandav, et seda oleks lihtne kaasa v\u00f5tta ja hoiustada. Meie kokkupandavad kausid on vormitud BPA- ja ftalaadivabadest materjalidest ning on suurep\u00e4rane alternatiiv t\u00f5mblukuga kilekottidele.<\/span><\/p>\n<p><span style=\"color: #000000;\">FUNKTSIOONID:<\/span><br \/>\n<span style=\"color: #000000;\">-BPA\/ftalaadivaba<\/span><br \/>\n<span style=\"color: #000000;\">&#8211; Kokkupandav disain lihtsaks hoiustamiseks<\/span><br \/>\n<span style=\"color: #000000;\">&#8211; Kinnitage kaas, et k\u00f5ik kuivad suupisted maha ei valguks<\/span><br \/>\n<span style=\"color: #000000;\">&#8211; Serveerimism\u00f5\u00f5t ette n\u00e4htud<\/span><\/p>\n<p><span style=\"color: #000000;\">PUHASTAMINE JA HOOLDUS:<\/span><br \/>\n<span style=\"color: #000000;\">&#8211; \u00dclemisel restil n\u00f5udepesumasinas pestav<\/span><br \/>\n<span style=\"color: #000000;\">&#8211; Ohutu s\u00fcgavk\u00fclmikusse panemisel<\/span><br \/>\n<span style=\"color: #000000;\">&#8211; Mikrolaineahjus ohutu<\/span><br \/>\n<span style=\"color: #000000;\">-Auruga steriliseeritav<\/span><br \/>\n<span style=\"color: #000000;\">-Plekke saab eemaldada kuuma-seebiveega pestes<\/span><\/p>\n<p><span style=\"color: #000000;\">TOOTE SUURUS:<\/span><br \/>\n<span style=\"color: #000000;\">130 x 130 x 66,5 mm<\/span><br \/>\n<span style=\"color: #000000;\">Mahutavus: 400 ml<\/span><\/p>\n<p><span style=\"color: #000000;\">MATERJAL:<\/span><br \/>\n<span style=\"color: #000000;\">Toidukvaliteediga silikoonkumm<\/span><\/p>\n<p><span style=\"color: #000000;\">TALUVUSTEMPERATUUR:<\/span><br \/>\n<span style=\"color: #000000;\">-20\u00b0C kuni 220\u00b0C \/ -4\u00b0F kuni 430\u00b0F<\/span><\/p>\n<p>&nbsp;<\/p>\n<p><span style=\"color: #000000;\">Tarne 3-8 t\u00f6\u00f6p\u00e4eva!<\/span><\/p>","protected":false},"excerpt":{"rendered":"<p><span style=\"color: #000000;\">V\u00f5tke Marcus &amp; Marcus kokkupandava suupistekonteineri abil kuivi suupisteid k\u00f5ikjale. Toidukvaliteediga silikoonist konteiner on kerge ja kokkupandav, et seda oleks lihtne kaasa v\u00f5tta ja hoiustada. Meie kokkupandavad kausid on vormitud BPA- ja ftalaadivabadest materjalidest ning on suurep\u00e4rane alternatiiv t\u00f5mblukuga kilekottidele.<\/span><\/p>","protected":false},"featured_media":27799,"comment_status":"open","ping_status":"closed","template":"","meta":[],"product_brand":[455],"product_cat":[285,422,424],"product_tag":[474],"class_list":{"0":"post-27781","1":"product","2":"type-product","3":"status-publish","4":"has-post-thumbnail","6":"product_brand-marcus-marcus","7":"product_cat-koik","8":"product_cat-laste-soogikomplektid","9":"product_cat-nutikad-hoiustamiskarbid","10":"product_tag-soomistarvikud","12":"first","13":"instock","14":"shipping-taxable","15":"purchasable","16":"product-type-variable"},"yoast_head":"<!-- This site is optimized with the Yoast SEO plugin v26.9 - https:\/\/yoast.com\/product\/yoast-seo-wordpress\/ -->\n<title>Marcus &amp; Marcus kokkupandav suupistekonteiner | Gegokids<\/title>\n<meta name=\"description\" content=\"Silikoonist kokkupandav sn\u00e4kikarp sobib kuivade suupistete hoiustamiseks. Marcus &amp; Marcus suupistekarp on kerge, vastupidav ja korduvkasutatav.\" \/>\n<meta name=\"robots\" content=\"index, follow, max-snippet:-1, max-image-preview:large, max-video-preview:-1\" \/>\n<link rel=\"canonical\" href=\"https:\/\/gegokids.ee\/en\/product\/marcus-marcus-kokkupandav-suupistekonteiner-roheline\/\" \/>\n<meta property=\"og:locale\" content=\"en_US\" \/>\n<meta property=\"og:type\" content=\"article\" \/>\n<meta property=\"og:title\" content=\"Marcus &amp; Marcus kokkupandav suupistekonteiner | Gegokids\" \/>\n<meta property=\"og:description\" content=\"Silikoonist kokkupandav sn\u00e4kikarp sobib kuivade suupistete hoiustamiseks. Marcus &amp; Marcus suupistekarp on kerge, vastupidav ja korduvkasutatav.\" \/>\n<meta property=\"og:url\" content=\"https:\/\/gegokids.ee\/en\/product\/marcus-marcus-kokkupandav-suupistekonteiner-roheline\/\" \/>\n<meta property=\"og:site_name\" content=\"Gegokids\" \/>\n<meta property=\"article:publisher\" content=\"https:\/\/www.facebook.com\/GegoKids\" \/>\n<meta property=\"article:modified_time\" content=\"2026-02-08T23:03:48+00:00\" \/>\n<meta property=\"og:image\" content=\"https:\/\/gegokids.ee\/wp-content\/uploads\/2023\/09\/Untitled-design-51.jpg\" \/>\n\t<meta property=\"og:image:width\" content=\"800\" \/>\n\t<meta property=\"og:image:height\" content=\"533\" \/>\n\t<meta property=\"og:image:type\" content=\"image\/jpeg\" \/>\n<meta name=\"twitter:card\" content=\"summary_large_image\" \/>\n<meta name=\"twitter:label1\" content=\"Est. reading time\" \/>\n\t<meta name=\"twitter:data1\" content=\"1 minute\" \/>\n<script type=\"application\/ld+json\" class=\"yoast-schema-graph\">{\"@context\":\"https:\/\/schema.org\",\"@graph\":[{\"@type\":\"WebPage\",\"@id\":\"https:\/\/gegokids.ee\/toode\/marcus-marcus-kokkupandav-suupistekonteiner-roheline\/\",\"url\":\"https:\/\/gegokids.ee\/toode\/marcus-marcus-kokkupandav-suupistekonteiner-roheline\/\",\"name\":\"Marcus &amp; Marcus kokkupandav suupistekonteiner | Gegokids\",\"isPartOf\":{\"@id\":\"https:\/\/gegokids.ee\/#website\"},\"primaryImageOfPage\":{\"@id\":\"https:\/\/gegokids.ee\/toode\/marcus-marcus-kokkupandav-suupistekonteiner-roheline\/#primaryimage\"},\"image\":{\"@id\":\"https:\/\/gegokids.ee\/toode\/marcus-marcus-kokkupandav-suupistekonteiner-roheline\/#primaryimage\"},\"thumbnailUrl\":\"https:\/\/gegokids.ee\/wp-content\/uploads\/2023\/09\/Untitled-design-51.jpg\",\"datePublished\":\"2023-09-15T05:06:54+00:00\",\"dateModified\":\"2026-02-08T23:03:48+00:00\",\"description\":\"Silikoonist kokkupandav sn\u00e4kikarp sobib kuivade suupistete hoiustamiseks. Marcus & Marcus suupistekarp on kerge, vastupidav ja korduvkasutatav.\",\"breadcrumb\":{\"@id\":\"https:\/\/gegokids.ee\/toode\/marcus-marcus-kokkupandav-suupistekonteiner-roheline\/#breadcrumb\"},\"inLanguage\":\"en-US\",\"potentialAction\":[{\"@type\":\"ReadAction\",\"target\":[\"https:\/\/gegokids.ee\/toode\/marcus-marcus-kokkupandav-suupistekonteiner-roheline\/\"]}]},{\"@type\":\"ImageObject\",\"inLanguage\":\"en-US\",\"@id\":\"https:\/\/gegokids.ee\/toode\/marcus-marcus-kokkupandav-suupistekonteiner-roheline\/#primaryimage\",\"url\":\"https:\/\/gegokids.ee\/wp-content\/uploads\/2023\/09\/Untitled-design-51.jpg\",\"contentUrl\":\"https:\/\/gegokids.ee\/wp-content\/uploads\/2023\/09\/Untitled-design-51.jpg\",\"width\":800,\"height\":533},{\"@type\":\"BreadcrumbList\",\"@id\":\"https:\/\/gegokids.ee\/toode\/marcus-marcus-kokkupandav-suupistekonteiner-roheline\/#breadcrumb\",\"itemListElement\":[{\"@type\":\"ListItem\",\"position\":1,\"name\":\"Home\",\"item\":\"https:\/\/gegokids.ee\/en\/\"},{\"@type\":\"ListItem\",\"position\":2,\"name\":\"E-pood\",\"item\":\"https:\/\/gegokids.ee\/e-pood\/\"},{\"@type\":\"ListItem\",\"position\":3,\"name\":\"Marcus &amp; Marcus kokkupandav suupistekonteiner\"}]},{\"@type\":\"WebSite\",\"@id\":\"https:\/\/gegokids.ee\/#website\",\"url\":\"https:\/\/gegokids.ee\/\",\"name\":\"Gegokids\",\"description\":\"Kvaliteetsed ja turvalised laste m\u00e4nguasjad.\",\"publisher\":{\"@id\":\"https:\/\/gegokids.ee\/#organization\"},\"potentialAction\":[{\"@type\":\"SearchAction\",\"target\":{\"@type\":\"EntryPoint\",\"urlTemplate\":\"https:\/\/gegokids.ee\/?s={search_term_string}\"},\"query-input\":{\"@type\":\"PropertyValueSpecification\",\"valueRequired\":true,\"valueName\":\"search_term_string\"}}],\"inLanguage\":\"en-US\"},{\"@type\":\"Organization\",\"@id\":\"https:\/\/gegokids.ee\/#organization\",\"name\":\"Gegokids\",\"url\":\"https:\/\/gegokids.ee\/\",\"logo\":{\"@type\":\"ImageObject\",\"inLanguage\":\"en-US\",\"@id\":\"https:\/\/gegokids.ee\/#\/schema\/logo\/image\/\",\"url\":\"https:\/\/gegokids.ee\/wp-content\/uploads\/2022\/06\/logo2.png\",\"contentUrl\":\"https:\/\/gegokids.ee\/wp-content\/uploads\/2022\/06\/logo2.png\",\"width\":358,\"height\":104,\"caption\":\"Gegokids\"},\"image\":{\"@id\":\"https:\/\/gegokids.ee\/#\/schema\/logo\/image\/\"},\"sameAs\":[\"https:\/\/www.facebook.com\/GegoKids\",\"https:\/\/www.instagram.com\/gegokids.ee\/\"]}]}<\/script>\n<!-- \/ Yoast SEO plugin. -->","yoast_head_json":{"title":"Marcus &amp; Marcus kokkupandav suupistekonteiner | Gegokids","description":"Silikoonist kokkupandav sn\u00e4kikarp sobib kuivade suupistete hoiustamiseks. Marcus & Marcus suupistekarp on kerge, vastupidav ja korduvkasutatav.","robots":{"index":"index","follow":"follow","max-snippet":"max-snippet:-1","max-image-preview":"max-image-preview:large","max-video-preview":"max-video-preview:-1"},"canonical":"https:\/\/gegokids.ee\/en\/product\/marcus-marcus-kokkupandav-suupistekonteiner-roheline\/","og_locale":"en_US","og_type":"article","og_title":"Marcus &amp; Marcus kokkupandav suupistekonteiner | Gegokids","og_description":"Silikoonist kokkupandav sn\u00e4kikarp sobib kuivade suupistete hoiustamiseks. Marcus & Marcus suupistekarp on kerge, vastupidav ja korduvkasutatav.","og_url":"https:\/\/gegokids.ee\/en\/product\/marcus-marcus-kokkupandav-suupistekonteiner-roheline\/","og_site_name":"Gegokids","article_publisher":"https:\/\/www.facebook.com\/GegoKids","article_modified_time":"2026-02-08T23:03:48+00:00","og_image":[{"width":800,"height":533,"url":"https:\/\/gegokids.ee\/wp-content\/uploads\/2023\/09\/Untitled-design-51.jpg","type":"image\/jpeg"}],"twitter_card":"summary_large_image","twitter_misc":{"Est. reading time":"1 minute"},"schema":{"@context":"https:\/\/schema.org","@graph":[{"@type":"WebPage","@id":"https:\/\/gegokids.ee\/toode\/marcus-marcus-kokkupandav-suupistekonteiner-roheline\/","url":"https:\/\/gegokids.ee\/toode\/marcus-marcus-kokkupandav-suupistekonteiner-roheline\/","name":"Marcus &amp; Marcus kokkupandav suupistekonteiner | Gegokids","isPartOf":{"@id":"https:\/\/gegokids.ee\/#website"},"primaryImageOfPage":{"@id":"https:\/\/gegokids.ee\/toode\/marcus-marcus-kokkupandav-suupistekonteiner-roheline\/#primaryimage"},"image":{"@id":"https:\/\/gegokids.ee\/toode\/marcus-marcus-kokkupandav-suupistekonteiner-roheline\/#primaryimage"},"thumbnailUrl":"https:\/\/gegokids.ee\/wp-content\/uploads\/2023\/09\/Untitled-design-51.jpg","datePublished":"2023-09-15T05:06:54+00:00","dateModified":"2026-02-08T23:03:48+00:00","description":"Silikoonist kokkupandav sn\u00e4kikarp sobib kuivade suupistete hoiustamiseks. Marcus & Marcus suupistekarp on kerge, vastupidav ja korduvkasutatav.","breadcrumb":{"@id":"https:\/\/gegokids.ee\/toode\/marcus-marcus-kokkupandav-suupistekonteiner-roheline\/#breadcrumb"},"inLanguage":"en-US","potentialAction":[{"@type":"ReadAction","target":["https:\/\/gegokids.ee\/toode\/marcus-marcus-kokkupandav-suupistekonteiner-roheline\/"]}]},{"@type":"ImageObject","inLanguage":"en-US","@id":"https:\/\/gegokids.ee\/toode\/marcus-marcus-kokkupandav-suupistekonteiner-roheline\/#primaryimage","url":"https:\/\/gegokids.ee\/wp-content\/uploads\/2023\/09\/Untitled-design-51.jpg","contentUrl":"https:\/\/gegokids.ee\/wp-content\/uploads\/2023\/09\/Untitled-design-51.jpg","width":800,"height":533},{"@type":"BreadcrumbList","@id":"https:\/\/gegokids.ee\/toode\/marcus-marcus-kokkupandav-suupistekonteiner-roheline\/#breadcrumb","itemListElement":[{"@type":"ListItem","position":1,"name":"Home","item":"https:\/\/gegokids.ee\/en\/"},{"@type":"ListItem","position":2,"name":"E-pood","item":"https:\/\/gegokids.ee\/e-pood\/"},{"@type":"ListItem","position":3,"name":"Marcus &amp; Marcus kokkupandav suupistekonteiner"}]},{"@type":"WebSite","@id":"https:\/\/gegokids.ee\/#website","url":"https:\/\/gegokids.ee\/","name":"Gegokids","description":"Kvaliteetsed ja turvalised laste m\u00e4nguasjad.","publisher":{"@id":"https:\/\/gegokids.ee\/#organization"},"potentialAction":[{"@type":"SearchAction","target":{"@type":"EntryPoint","urlTemplate":"https:\/\/gegokids.ee\/?s={search_term_string}"},"query-input":{"@type":"PropertyValueSpecification","valueRequired":true,"valueName":"search_term_string"}}],"inLanguage":"en-US"},{"@type":"Organization","@id":"https:\/\/gegokids.ee\/#organization","name":"Gegokids","url":"https:\/\/gegokids.ee\/","logo":{"@type":"ImageObject","inLanguage":"en-US","@id":"https:\/\/gegokids.ee\/#\/schema\/logo\/image\/","url":"https:\/\/gegokids.ee\/wp-content\/uploads\/2022\/06\/logo2.png","contentUrl":"https:\/\/gegokids.ee\/wp-content\/uploads\/2022\/06\/logo2.png","width":358,"height":104,"caption":"Gegokids"},"image":{"@id":"https:\/\/gegokids.ee\/#\/schema\/logo\/image\/"},"sameAs":["https:\/\/www.facebook.com\/GegoKids","https:\/\/www.instagram.com\/gegokids.ee\/"]}]}},"_links":{"self":[{"href":"https:\/\/gegokids.ee\/en\/wp-json\/wp\/v2\/product\/27781","targetHints":{"allow":["GET"]}}],"collection":[{"href":"https:\/\/gegokids.ee\/en\/wp-json\/wp\/v2\/product"}],"about":[{"href":"https:\/\/gegokids.ee\/en\/wp-json\/wp\/v2\/types\/product"}],"replies":[{"embeddable":true,"href":"https:\/\/gegokids.ee\/en\/wp-json\/wp\/v2\/comments?post=27781"}],"version-history":[{"count":5,"href":"https:\/\/gegokids.ee\/en\/wp-json\/wp\/v2\/product\/27781\/revisions"}],"predecessor-version":[{"id":29089,"href":"https:\/\/gegokids.ee\/en\/wp-json\/wp\/v2\/product\/27781\/revisions\/29089"}],"wp:featuredmedia":[{"embeddable":true,"href":"https:\/\/gegokids.ee\/en\/wp-json\/wp\/v2\/media\/27799"}],"wp:attachment":[{"href":"https:\/\/gegokids.ee\/en\/wp-json\/wp\/v2\/media?parent=27781"}],"wp:term":[{"taxonomy":"product_brand","embeddable":true,"href":"https:\/\/gegokids.ee\/en\/wp-json\/wp\/v2\/product_brand?post=27781"},{"taxonomy":"product_cat","embeddable":true,"href":"https:\/\/gegokids.ee\/en\/wp-json\/wp\/v2\/product_cat?post=27781"},{"taxonomy":"product_tag","embeddable":true,"href":"https:\/\/gegokids.ee\/en\/wp-json\/wp\/v2\/product_tag?post=27781"}],"curies":[{"name":"wp","href":"https:\/\/api.w.org\/{rel}","templated":true}]}}