{"id":27759,"date":"2023-09-14T18:37:00","date_gmt":"2023-09-14T18:37:00","guid":{"rendered":"https:\/\/gegokids.ee\/?post_type=product&#038;p=27759"},"modified":"2026-02-08T18:54:58","modified_gmt":"2026-02-08T15:54:58","slug":"marcus-marcus-antibakteriaalne-tritan-korrepudel-400ml-lavendel","status":"publish","type":"product","link":"https:\/\/gegokids.ee\/en\/product\/marcus-marcus-antibakteriaalne-tritan-korrepudel-400ml-lavendel\/","title":{"rendered":"Marcus &amp; Marcus \u2013 Antibakteriaalne Tritan K\u00f5rrepudel (400ml) \u2013 Lavendel"},"content":{"rendered":"","protected":false},"excerpt":{"rendered":"<p><span style=\"color: #000000;\">Germrepeli* pudelile on sisseehitatud antimikroobsed omadused, mis loovad p\u00fcsiva barj\u00e4\u00e4ri kahjulike bakterite vastu, millel on kauakestev mikroobe t\u00f5rjuv v\u00f5ime ja mis ei lagune tavalise pesemise korral. Pudelis p\u00fcsib vedelik puhtana ning t\u00f5rjub baktereid. GERMREPEL pudel on t\u00f6\u00f6stuses esimene ja muudab puhta joomise liikvel olles revolutsiooniliseks.<\/span><\/p>\n<p><span style=\"color: #000000;\">Funktsioonid:<\/span><\/p>\n<p><span style=\"color: #000000;\">Lekkekindel korduvkasutatav, vastupidav<\/span><br \/>\n<span style=\"color: #000000;\">Materjal: Tritan, PP, silikoonkumm<\/span><br \/>\n<span style=\"color: #000000;\">BPA\/ftalaadivaba<\/span><br \/>\n<span style=\"color: #000000;\">H\u00fcgieeniline l\u00fckandkaas silikoonk\u00f5rrega<\/span><br \/>\n<span style=\"color: #000000;\">Pehmest silikoonist huulik on vastupidav ja seda on lihtne r\u00fc\u00fcbata<\/span><br \/>\n<span style=\"color: #000000;\">Tugev tritaanist v\u00e4lispind<\/span><br \/>\n<span style=\"color: #000000;\">Lekkekindel disain<\/span><br \/>\n<span style=\"color: #000000;\">Sobib 12M+<\/span><\/p>\n<p><span style=\"color: #000000;\">*Haigusi p\u00f5hjustavad bakterid v\u00f5ivad kergesti sattuda joogipudelitesse. Puhas pudel on optimaalse tervise ja heaolu tagamiseks h\u00e4davajalik. GERM<\/span><span style=\"color: #000000;\">REPEL pudel: esimene tipptasemel tootesari, mis t\u00f5rjub kahjulikke baktereid ilma tavalisi leostuvaid biotsiide kasutamata<\/span><br \/>\n<span style=\"color: #000000;\">Amazing Square koost\u00f6\u00f6s Nano and Advanced Materials Institute Ltd-ga (NAMI) on olnud l\u00e4bimurdelise tehnoloogia teerajaja, mis t\u00f5stab positsiooni.<\/span><br \/>\n<span style=\"color: #000000;\">Uue GERMREPEL \u00a0pudeliga on teil juurdep\u00e4\u00e4s puhtale joogipudelile \u00f6\u00f6p\u00e4evaringselt.<\/span><br \/>\n<span style=\"color: #000000;\">GERMREPEL \u00a0pudel on t\u00f6\u00f6stuses esimene ja muudab puhta joomise liikvel olles revolutsiooniliseks.<\/span><\/p>\n<p><span style=\"color: #000000;\">Tarne 2-5 t\u00f6\u00f6p\u00e4eva!<\/span><\/p>","protected":false},"featured_media":27760,"comment_status":"open","ping_status":"closed","template":"","meta":[],"product_brand":[455],"product_cat":[426,285,422],"product_tag":[446,474,458],"class_list":{"0":"post-27759","1":"product","2":"type-product","3":"status-publish","4":"has-post-thumbnail","6":"product_brand-marcus-marcus","7":"product_cat-kingiideed","8":"product_cat-koik","9":"product_cat-laste-soogikomplektid","10":"product_tag-joogipudelid","11":"product_tag-soomistarvikud","12":"product_tag-vaikelastele-1-3-a","14":"first","15":"instock","16":"shipping-taxable","17":"purchasable","18":"product-type-simple"},"yoast_head":"<!-- This site is optimized with the Yoast SEO plugin v26.9 - https:\/\/yoast.com\/product\/yoast-seo-wordpress\/ -->\n<title>Marcus &amp; Marcus \u2013 Antibakteriaalne Tritan K\u00f5rrepudel (400ml) \u2013 Lavendel | Gegokids<\/title>\n<meta name=\"robots\" content=\"index, follow, max-snippet:-1, max-image-preview:large, max-video-preview:-1\" \/>\n<link rel=\"canonical\" href=\"https:\/\/gegokids.ee\/en\/product\/marcus-marcus-antibakteriaalne-tritan-korrepudel-400ml-lavendel\/\" \/>\n<meta property=\"og:locale\" content=\"en_US\" \/>\n<meta property=\"og:type\" content=\"article\" \/>\n<meta property=\"og:title\" content=\"Marcus &amp; Marcus \u2013 Antibakteriaalne Tritan K\u00f5rrepudel (400ml) \u2013 Lavendel | Gegokids\" \/>\n<meta property=\"og:description\" content=\"Germrepeli* pudelile on sisseehitatud antimikroobsed omadused, mis loovad p\u00fcsiva barj\u00e4\u00e4ri kahjulike bakterite vastu, millel on kauakestev mikroobe t\u00f5rjuv v\u00f5ime ja mis ei lagune tavalise pesemise korral. Pudelis p\u00fcsib vedelik puhtana ning t\u00f5rjub baktereid. GERMREPEL pudel on t\u00f6\u00f6stuses esimene ja muudab puhta joomise liikvel olles revolutsiooniliseks.  Funktsioonid:  Lekkekindel korduvkasutatav, vastupidav Materjal: Tritan, PP, silikoonkumm BPA\/ftalaadivaba H\u00fcgieeniline l\u00fckandkaas silikoonk\u00f5rrega Pehmest silikoonist huulik on vastupidav ja seda on lihtne r\u00fc\u00fcbata Tugev tritaanist v\u00e4lispind Lekkekindel disain Sobib 12M+  *Haigusi p\u00f5hjustavad bakterid v\u00f5ivad kergesti sattuda joogipudelitesse. Puhas pudel on optimaalse tervise ja heaolu tagamiseks h\u00e4davajalik. GERMREPEL pudel: esimene tipptasemel tootesari, mis t\u00f5rjub kahjulikke baktereid ilma tavalisi leostuvaid biotsiide kasutamata Amazing Square koost\u00f6\u00f6s Nano and Advanced Materials Institute Ltd-ga (NAMI) on olnud l\u00e4bimurdelise tehnoloogia teerajaja, mis t\u00f5stab positsiooni. Uue GERMREPEL \u00a0pudeliga on teil juurdep\u00e4\u00e4s puhtale joogipudelile \u00f6\u00f6p\u00e4evaringselt. GERMREPEL \u00a0pudel on t\u00f6\u00f6stuses esimene ja muudab puhta joomise liikvel olles revolutsiooniliseks.  Tarne 2-5 t\u00f6\u00f6p\u00e4eva!\" \/>\n<meta property=\"og:url\" content=\"https:\/\/gegokids.ee\/en\/product\/marcus-marcus-antibakteriaalne-tritan-korrepudel-400ml-lavendel\/\" \/>\n<meta property=\"og:site_name\" content=\"Gegokids\" \/>\n<meta property=\"article:publisher\" content=\"https:\/\/www.facebook.com\/GegoKids\" \/>\n<meta property=\"article:modified_time\" content=\"2026-02-08T15:54:58+00:00\" \/>\n<meta property=\"og:image\" content=\"https:\/\/gegokids.ee\/wp-content\/uploads\/2023\/09\/MNMKD56-lifestyle-10-scaled.jpg\" \/>\n\t<meta property=\"og:image:width\" content=\"2560\" \/>\n\t<meta property=\"og:image:height\" content=\"1707\" \/>\n\t<meta property=\"og:image:type\" content=\"image\/jpeg\" \/>\n<meta name=\"twitter:card\" content=\"summary_large_image\" \/>\n<meta name=\"twitter:label1\" content=\"Est. reading time\" \/>\n\t<meta name=\"twitter:data1\" content=\"1 minute\" \/>\n<script type=\"application\/ld+json\" class=\"yoast-schema-graph\">{\"@context\":\"https:\/\/schema.org\",\"@graph\":[{\"@type\":\"WebPage\",\"@id\":\"https:\/\/gegokids.ee\/toode\/marcus-marcus-antibakteriaalne-tritan-korrepudel-400ml-lavendel\/\",\"url\":\"https:\/\/gegokids.ee\/toode\/marcus-marcus-antibakteriaalne-tritan-korrepudel-400ml-lavendel\/\",\"name\":\"Marcus &amp; Marcus \u2013 Antibakteriaalne Tritan K\u00f5rrepudel (400ml) \u2013 Lavendel | Gegokids\",\"isPartOf\":{\"@id\":\"https:\/\/gegokids.ee\/#website\"},\"primaryImageOfPage\":{\"@id\":\"https:\/\/gegokids.ee\/toode\/marcus-marcus-antibakteriaalne-tritan-korrepudel-400ml-lavendel\/#primaryimage\"},\"image\":{\"@id\":\"https:\/\/gegokids.ee\/toode\/marcus-marcus-antibakteriaalne-tritan-korrepudel-400ml-lavendel\/#primaryimage\"},\"thumbnailUrl\":\"https:\/\/gegokids.ee\/wp-content\/uploads\/2023\/09\/Untitled-design-41.jpg\",\"datePublished\":\"2023-09-14T18:37:00+00:00\",\"dateModified\":\"2026-02-08T15:54:58+00:00\",\"breadcrumb\":{\"@id\":\"https:\/\/gegokids.ee\/toode\/marcus-marcus-antibakteriaalne-tritan-korrepudel-400ml-lavendel\/#breadcrumb\"},\"inLanguage\":\"en-US\",\"potentialAction\":[{\"@type\":\"ReadAction\",\"target\":[\"https:\/\/gegokids.ee\/toode\/marcus-marcus-antibakteriaalne-tritan-korrepudel-400ml-lavendel\/\"]}]},{\"@type\":\"ImageObject\",\"inLanguage\":\"en-US\",\"@id\":\"https:\/\/gegokids.ee\/toode\/marcus-marcus-antibakteriaalne-tritan-korrepudel-400ml-lavendel\/#primaryimage\",\"url\":\"https:\/\/gegokids.ee\/wp-content\/uploads\/2023\/09\/Untitled-design-41.jpg\",\"contentUrl\":\"https:\/\/gegokids.ee\/wp-content\/uploads\/2023\/09\/Untitled-design-41.jpg\",\"width\":800,\"height\":533},{\"@type\":\"BreadcrumbList\",\"@id\":\"https:\/\/gegokids.ee\/toode\/marcus-marcus-antibakteriaalne-tritan-korrepudel-400ml-lavendel\/#breadcrumb\",\"itemListElement\":[{\"@type\":\"ListItem\",\"position\":1,\"name\":\"Home\",\"item\":\"https:\/\/gegokids.ee\/en\/\"},{\"@type\":\"ListItem\",\"position\":2,\"name\":\"E-pood\",\"item\":\"https:\/\/gegokids.ee\/e-pood\/\"},{\"@type\":\"ListItem\",\"position\":3,\"name\":\"Marcus &amp; Marcus \u2013 Antibakteriaalne Tritan K\u00f5rrepudel (400ml) \u2013 Lavendel\"}]},{\"@type\":\"WebSite\",\"@id\":\"https:\/\/gegokids.ee\/#website\",\"url\":\"https:\/\/gegokids.ee\/\",\"name\":\"Gegokids\",\"description\":\"Kvaliteetsed ja turvalised laste m\u00e4nguasjad.\",\"publisher\":{\"@id\":\"https:\/\/gegokids.ee\/#organization\"},\"potentialAction\":[{\"@type\":\"SearchAction\",\"target\":{\"@type\":\"EntryPoint\",\"urlTemplate\":\"https:\/\/gegokids.ee\/?s={search_term_string}\"},\"query-input\":{\"@type\":\"PropertyValueSpecification\",\"valueRequired\":true,\"valueName\":\"search_term_string\"}}],\"inLanguage\":\"en-US\"},{\"@type\":\"Organization\",\"@id\":\"https:\/\/gegokids.ee\/#organization\",\"name\":\"Gegokids\",\"url\":\"https:\/\/gegokids.ee\/\",\"logo\":{\"@type\":\"ImageObject\",\"inLanguage\":\"en-US\",\"@id\":\"https:\/\/gegokids.ee\/#\/schema\/logo\/image\/\",\"url\":\"https:\/\/gegokids.ee\/wp-content\/uploads\/2022\/06\/logo2.png\",\"contentUrl\":\"https:\/\/gegokids.ee\/wp-content\/uploads\/2022\/06\/logo2.png\",\"width\":358,\"height\":104,\"caption\":\"Gegokids\"},\"image\":{\"@id\":\"https:\/\/gegokids.ee\/#\/schema\/logo\/image\/\"},\"sameAs\":[\"https:\/\/www.facebook.com\/GegoKids\",\"https:\/\/www.instagram.com\/gegokids.ee\/\"]}]}<\/script>\n<!-- \/ Yoast SEO plugin. -->","yoast_head_json":{"title":"Marcus &amp; Marcus \u2013 Antibakteriaalne Tritan K\u00f5rrepudel (400ml) \u2013 Lavendel | Gegokids","robots":{"index":"index","follow":"follow","max-snippet":"max-snippet:-1","max-image-preview":"max-image-preview:large","max-video-preview":"max-video-preview:-1"},"canonical":"https:\/\/gegokids.ee\/en\/product\/marcus-marcus-antibakteriaalne-tritan-korrepudel-400ml-lavendel\/","og_locale":"en_US","og_type":"article","og_title":"Marcus &amp; Marcus \u2013 Antibakteriaalne Tritan K\u00f5rrepudel (400ml) \u2013 Lavendel | Gegokids","og_description":"Germrepeli* pudelile on sisseehitatud antimikroobsed omadused, mis loovad p\u00fcsiva barj\u00e4\u00e4ri kahjulike bakterite vastu, millel on kauakestev mikroobe t\u00f5rjuv v\u00f5ime ja mis ei lagune tavalise pesemise korral. Pudelis p\u00fcsib vedelik puhtana ning t\u00f5rjub baktereid. GERMREPEL pudel on t\u00f6\u00f6stuses esimene ja muudab puhta joomise liikvel olles revolutsiooniliseks.  Funktsioonid:  Lekkekindel korduvkasutatav, vastupidav Materjal: Tritan, PP, silikoonkumm BPA\/ftalaadivaba H\u00fcgieeniline l\u00fckandkaas silikoonk\u00f5rrega Pehmest silikoonist huulik on vastupidav ja seda on lihtne r\u00fc\u00fcbata Tugev tritaanist v\u00e4lispind Lekkekindel disain Sobib 12M+  *Haigusi p\u00f5hjustavad bakterid v\u00f5ivad kergesti sattuda joogipudelitesse. Puhas pudel on optimaalse tervise ja heaolu tagamiseks h\u00e4davajalik. GERMREPEL pudel: esimene tipptasemel tootesari, mis t\u00f5rjub kahjulikke baktereid ilma tavalisi leostuvaid biotsiide kasutamata Amazing Square koost\u00f6\u00f6s Nano and Advanced Materials Institute Ltd-ga (NAMI) on olnud l\u00e4bimurdelise tehnoloogia teerajaja, mis t\u00f5stab positsiooni. Uue GERMREPEL \u00a0pudeliga on teil juurdep\u00e4\u00e4s puhtale joogipudelile \u00f6\u00f6p\u00e4evaringselt. GERMREPEL \u00a0pudel on t\u00f6\u00f6stuses esimene ja muudab puhta joomise liikvel olles revolutsiooniliseks.  Tarne 2-5 t\u00f6\u00f6p\u00e4eva!","og_url":"https:\/\/gegokids.ee\/en\/product\/marcus-marcus-antibakteriaalne-tritan-korrepudel-400ml-lavendel\/","og_site_name":"Gegokids","article_publisher":"https:\/\/www.facebook.com\/GegoKids","article_modified_time":"2026-02-08T15:54:58+00:00","og_image":[{"width":2560,"height":1707,"url":"https:\/\/gegokids.ee\/wp-content\/uploads\/2023\/09\/MNMKD56-lifestyle-10-scaled.jpg","type":"image\/jpeg"}],"twitter_card":"summary_large_image","twitter_misc":{"Est. reading time":"1 minute"},"schema":{"@context":"https:\/\/schema.org","@graph":[{"@type":"WebPage","@id":"https:\/\/gegokids.ee\/toode\/marcus-marcus-antibakteriaalne-tritan-korrepudel-400ml-lavendel\/","url":"https:\/\/gegokids.ee\/toode\/marcus-marcus-antibakteriaalne-tritan-korrepudel-400ml-lavendel\/","name":"Marcus &amp; Marcus \u2013 Antibakteriaalne Tritan K\u00f5rrepudel (400ml) \u2013 Lavendel | Gegokids","isPartOf":{"@id":"https:\/\/gegokids.ee\/#website"},"primaryImageOfPage":{"@id":"https:\/\/gegokids.ee\/toode\/marcus-marcus-antibakteriaalne-tritan-korrepudel-400ml-lavendel\/#primaryimage"},"image":{"@id":"https:\/\/gegokids.ee\/toode\/marcus-marcus-antibakteriaalne-tritan-korrepudel-400ml-lavendel\/#primaryimage"},"thumbnailUrl":"https:\/\/gegokids.ee\/wp-content\/uploads\/2023\/09\/Untitled-design-41.jpg","datePublished":"2023-09-14T18:37:00+00:00","dateModified":"2026-02-08T15:54:58+00:00","breadcrumb":{"@id":"https:\/\/gegokids.ee\/toode\/marcus-marcus-antibakteriaalne-tritan-korrepudel-400ml-lavendel\/#breadcrumb"},"inLanguage":"en-US","potentialAction":[{"@type":"ReadAction","target":["https:\/\/gegokids.ee\/toode\/marcus-marcus-antibakteriaalne-tritan-korrepudel-400ml-lavendel\/"]}]},{"@type":"ImageObject","inLanguage":"en-US","@id":"https:\/\/gegokids.ee\/toode\/marcus-marcus-antibakteriaalne-tritan-korrepudel-400ml-lavendel\/#primaryimage","url":"https:\/\/gegokids.ee\/wp-content\/uploads\/2023\/09\/Untitled-design-41.jpg","contentUrl":"https:\/\/gegokids.ee\/wp-content\/uploads\/2023\/09\/Untitled-design-41.jpg","width":800,"height":533},{"@type":"BreadcrumbList","@id":"https:\/\/gegokids.ee\/toode\/marcus-marcus-antibakteriaalne-tritan-korrepudel-400ml-lavendel\/#breadcrumb","itemListElement":[{"@type":"ListItem","position":1,"name":"Home","item":"https:\/\/gegokids.ee\/en\/"},{"@type":"ListItem","position":2,"name":"E-pood","item":"https:\/\/gegokids.ee\/e-pood\/"},{"@type":"ListItem","position":3,"name":"Marcus &amp; Marcus \u2013 Antibakteriaalne Tritan K\u00f5rrepudel (400ml) \u2013 Lavendel"}]},{"@type":"WebSite","@id":"https:\/\/gegokids.ee\/#website","url":"https:\/\/gegokids.ee\/","name":"Gegokids","description":"Kvaliteetsed ja turvalised laste m\u00e4nguasjad.","publisher":{"@id":"https:\/\/gegokids.ee\/#organization"},"potentialAction":[{"@type":"SearchAction","target":{"@type":"EntryPoint","urlTemplate":"https:\/\/gegokids.ee\/?s={search_term_string}"},"query-input":{"@type":"PropertyValueSpecification","valueRequired":true,"valueName":"search_term_string"}}],"inLanguage":"en-US"},{"@type":"Organization","@id":"https:\/\/gegokids.ee\/#organization","name":"Gegokids","url":"https:\/\/gegokids.ee\/","logo":{"@type":"ImageObject","inLanguage":"en-US","@id":"https:\/\/gegokids.ee\/#\/schema\/logo\/image\/","url":"https:\/\/gegokids.ee\/wp-content\/uploads\/2022\/06\/logo2.png","contentUrl":"https:\/\/gegokids.ee\/wp-content\/uploads\/2022\/06\/logo2.png","width":358,"height":104,"caption":"Gegokids"},"image":{"@id":"https:\/\/gegokids.ee\/#\/schema\/logo\/image\/"},"sameAs":["https:\/\/www.facebook.com\/GegoKids","https:\/\/www.instagram.com\/gegokids.ee\/"]}]}},"_links":{"self":[{"href":"https:\/\/gegokids.ee\/en\/wp-json\/wp\/v2\/product\/27759","targetHints":{"allow":["GET"]}}],"collection":[{"href":"https:\/\/gegokids.ee\/en\/wp-json\/wp\/v2\/product"}],"about":[{"href":"https:\/\/gegokids.ee\/en\/wp-json\/wp\/v2\/types\/product"}],"replies":[{"embeddable":true,"href":"https:\/\/gegokids.ee\/en\/wp-json\/wp\/v2\/comments?post=27759"}],"version-history":[{"count":2,"href":"https:\/\/gegokids.ee\/en\/wp-json\/wp\/v2\/product\/27759\/revisions"}],"predecessor-version":[{"id":28697,"href":"https:\/\/gegokids.ee\/en\/wp-json\/wp\/v2\/product\/27759\/revisions\/28697"}],"wp:featuredmedia":[{"embeddable":true,"href":"https:\/\/gegokids.ee\/en\/wp-json\/wp\/v2\/media\/27760"}],"wp:attachment":[{"href":"https:\/\/gegokids.ee\/en\/wp-json\/wp\/v2\/media?parent=27759"}],"wp:term":[{"taxonomy":"product_brand","embeddable":true,"href":"https:\/\/gegokids.ee\/en\/wp-json\/wp\/v2\/product_brand?post=27759"},{"taxonomy":"product_cat","embeddable":true,"href":"https:\/\/gegokids.ee\/en\/wp-json\/wp\/v2\/product_cat?post=27759"},{"taxonomy":"product_tag","embeddable":true,"href":"https:\/\/gegokids.ee\/en\/wp-json\/wp\/v2\/product_tag?post=27759"}],"curies":[{"name":"wp","href":"https:\/\/api.w.org\/{rel}","templated":true}]}}