{"id":27742,"date":"2023-09-14T11:04:45","date_gmt":"2023-09-14T11:04:45","guid":{"rendered":"https:\/\/gegokids.ee\/?post_type=product&#038;p=27742"},"modified":"2026-02-09T02:00:10","modified_gmt":"2026-02-08T23:00:10","slug":"marcus-marcus-2-astmeline-roostevabast-terasest-soogikarp-jalgpall","status":"publish","type":"product","link":"https:\/\/gegokids.ee\/en\/product\/marcus-marcus-2-astmeline-roostevabast-terasest-soogikarp-jalgpall\/","title":{"rendered":"Marcus &amp; Marcus 2-astmeline roostevabast terasest s\u00f6\u00f6gikarp \u2013 Jalgpall"},"content":{"rendered":"<p><span style=\"color: #000000;\">FUNKTSIOONID:<\/span><br \/>\n<span style=\"color: #000000;\">-BPA\/ftalaadivaba<\/span><br \/>\n<span style=\"color: #000000;\">&#8211; Korduvkasutatav<\/span><br \/>\n<span style=\"color: #000000;\">-Lekkekindel<\/span><\/p>\n<p><span style=\"color: #000000;\">PUHASTAMINE JA HOOLDUS:<\/span><br \/>\n<span style=\"color: #000000;\">&#8211; Pestav n\u00f5udepesumasinas, mikrolaineahjus ja s\u00fcgavk\u00fclmas<\/span><br \/>\n<span style=\"color: #000000;\">&#8211; Peske iga t\u00fckk eraldi enne esmakordset kasutamist ja p\u00e4rast iga kasutamist<\/span><br \/>\n<span style=\"color: #000000;\">-\u00c4rge kasutage abrasiivseid puhastus- ja pleegitusvahendeid<\/span><br \/>\n<span style=\"color: #000000;\">&#8211; \u00c4rge kasutage printimisel kriimustuste v\u00e4ltimiseks k\u00fc\u00fcrimislappe<\/span><br \/>\n<span style=\"color: #000000;\">&#8211; \u00c4rge j\u00e4tke tooteid otsese p\u00e4ikesevalguse k\u00e4tte ega soojusallika l\u00e4hedusse<\/span><br \/>\n<span style=\"color: #000000;\">&#8211; Ohutu UV \/ auruga sterilisaatoriga<\/span><\/p>\n<p><span style=\"color: #000000;\">MATERJAL:<\/span><br \/>\n<span style=\"color: #000000;\">Kaas: PP<\/span><br \/>\n<span style=\"color: #000000;\">Tihendusr\u00f5ngas, kandik: toidukvaliteediga silikoonkumm<\/span><\/p>\n<p><span style=\"color: #000000;\">TALUVUSTEMPERATUUR:<\/span><br \/>\n<span style=\"color: #000000;\">Kaas: -20 \u00b0C kuni 110 \u00b0C \/ -4 \u00b0F kuni 230 \u00b0F<\/span><br \/>\n<span style=\"color: #000000;\">Tihendusr\u00f5ngas \/ silikoonalus: -20 \u00b0C kuni 220 \u00b0C \/ -4 \u00b0F kuni 430 \u00b0F<\/span><br \/>\n<span style=\"color: #000000;\">Mahuti: 18\/8 roostevaba teras<\/span><\/p>\n<p><span style=\"color: #000000;\">SUURUS JA KAAL:<\/span><br \/>\n<span style=\"color: #000000;\">167 (laius) x 45 (s) x 122 (k\u00f5rgus) mm<\/span><br \/>\n<span style=\"color: #000000;\">600 ml<\/span><br \/>\n<span style=\"color: #000000;\">264 g<\/span><\/p>\n<p>&nbsp;<\/p>\n<p><span style=\"color: #000000;\">Tarne 3-8 t\u00f6\u00f6p\u00e4eva!<\/span><\/p>","protected":false},"excerpt":{"rendered":"<p><span style=\"color: #000000;\">Marcus &amp; Marcus 2 astmeline roostevaba l\u00f5unakarp v\u00f5imaldab vanematel pakkida oma laste l\u00f5unas\u00f6\u00f6ki mitmel erineval viisil. Seda saab kasutada kahe kihina, asetades toidusilikoonaluse roostevabast terasest kasti peale. V\u00f5i kasutage lihtsalt lekkekindla kaanega roostevabast terasest s\u00f6\u00f6gikarpi, sisestades kaasasoleva tihendusr\u00f5nga. L\u00f5unakarp on saadaval kahe atraktiivse teemaga, jalgpall ja vikerkaar.<\/span><\/p>","protected":false},"featured_media":27801,"comment_status":"open","ping_status":"closed","template":"","meta":[],"product_brand":[455],"product_cat":[285,422,424],"product_tag":[474,457,458],"class_list":{"0":"post-27742","1":"product","2":"type-product","3":"status-publish","4":"has-post-thumbnail","6":"product_brand-marcus-marcus","7":"product_cat-koik","8":"product_cat-laste-soogikomplektid","9":"product_cat-nutikad-hoiustamiskarbid","10":"product_tag-soomistarvikud","11":"product_tag-beebidele-0-1-a","12":"product_tag-vaikelastele-1-3-a","14":"first","15":"instock","16":"shipping-taxable","17":"purchasable","18":"product-type-simple"},"yoast_head":"<!-- This site is optimized with the Yoast SEO plugin v26.9 - https:\/\/yoast.com\/product\/yoast-seo-wordpress\/ -->\n<title>Marcus &amp; Marcus 2-astmeline roostevabast terasest s\u00f6\u00f6gikarp \u2013 Jalgpall | Gegokids<\/title>\n<meta name=\"description\" content=\"Roostevabast terasest l\u00f5unakarp lastele, mis v\u00f5imaldab toitu kihiti pakkida. Marcus &amp; Marcus karp on korduvkasutatav, lekkevaba ja praktiline.\" \/>\n<meta name=\"robots\" content=\"index, follow, max-snippet:-1, max-image-preview:large, max-video-preview:-1\" \/>\n<link rel=\"canonical\" href=\"https:\/\/gegokids.ee\/en\/product\/marcus-marcus-2-astmeline-roostevabast-terasest-soogikarp-jalgpall\/\" \/>\n<meta property=\"og:locale\" content=\"en_US\" \/>\n<meta property=\"og:type\" content=\"article\" \/>\n<meta property=\"og:title\" content=\"Marcus &amp; Marcus 2-astmeline roostevabast terasest s\u00f6\u00f6gikarp \u2013 Jalgpall | Gegokids\" \/>\n<meta property=\"og:description\" content=\"Roostevabast terasest l\u00f5unakarp lastele, mis v\u00f5imaldab toitu kihiti pakkida. Marcus &amp; Marcus karp on korduvkasutatav, lekkevaba ja praktiline.\" \/>\n<meta property=\"og:url\" content=\"https:\/\/gegokids.ee\/en\/product\/marcus-marcus-2-astmeline-roostevabast-terasest-soogikarp-jalgpall\/\" \/>\n<meta property=\"og:site_name\" content=\"Gegokids\" \/>\n<meta property=\"article:publisher\" content=\"https:\/\/www.facebook.com\/GegoKids\" \/>\n<meta property=\"article:modified_time\" content=\"2026-02-08T23:00:10+00:00\" \/>\n<meta property=\"og:image\" content=\"https:\/\/gegokids.ee\/wp-content\/uploads\/2023\/09\/Untitled-design-54.jpg\" \/>\n\t<meta property=\"og:image:width\" content=\"800\" \/>\n\t<meta property=\"og:image:height\" content=\"533\" \/>\n\t<meta property=\"og:image:type\" content=\"image\/jpeg\" \/>\n<meta name=\"twitter:card\" content=\"summary_large_image\" \/>\n<meta name=\"twitter:label1\" content=\"Est. reading time\" \/>\n\t<meta name=\"twitter:data1\" content=\"1 minute\" \/>\n<script type=\"application\/ld+json\" class=\"yoast-schema-graph\">{\"@context\":\"https:\/\/schema.org\",\"@graph\":[{\"@type\":\"WebPage\",\"@id\":\"https:\/\/gegokids.ee\/toode\/marcus-marcus-2-astmeline-roostevabast-terasest-soogikarp-jalgpall\/\",\"url\":\"https:\/\/gegokids.ee\/toode\/marcus-marcus-2-astmeline-roostevabast-terasest-soogikarp-jalgpall\/\",\"name\":\"Marcus &amp; Marcus 2-astmeline roostevabast terasest s\u00f6\u00f6gikarp \u2013 Jalgpall | Gegokids\",\"isPartOf\":{\"@id\":\"https:\/\/gegokids.ee\/#website\"},\"primaryImageOfPage\":{\"@id\":\"https:\/\/gegokids.ee\/toode\/marcus-marcus-2-astmeline-roostevabast-terasest-soogikarp-jalgpall\/#primaryimage\"},\"image\":{\"@id\":\"https:\/\/gegokids.ee\/toode\/marcus-marcus-2-astmeline-roostevabast-terasest-soogikarp-jalgpall\/#primaryimage\"},\"thumbnailUrl\":\"https:\/\/gegokids.ee\/wp-content\/uploads\/2023\/09\/Untitled-design-54.jpg\",\"datePublished\":\"2023-09-14T11:04:45+00:00\",\"dateModified\":\"2026-02-08T23:00:10+00:00\",\"description\":\"Roostevabast terasest l\u00f5unakarp lastele, mis v\u00f5imaldab toitu kihiti pakkida. Marcus & Marcus karp on korduvkasutatav, lekkevaba ja praktiline.\",\"breadcrumb\":{\"@id\":\"https:\/\/gegokids.ee\/toode\/marcus-marcus-2-astmeline-roostevabast-terasest-soogikarp-jalgpall\/#breadcrumb\"},\"inLanguage\":\"en-US\",\"potentialAction\":[{\"@type\":\"ReadAction\",\"target\":[\"https:\/\/gegokids.ee\/toode\/marcus-marcus-2-astmeline-roostevabast-terasest-soogikarp-jalgpall\/\"]}]},{\"@type\":\"ImageObject\",\"inLanguage\":\"en-US\",\"@id\":\"https:\/\/gegokids.ee\/toode\/marcus-marcus-2-astmeline-roostevabast-terasest-soogikarp-jalgpall\/#primaryimage\",\"url\":\"https:\/\/gegokids.ee\/wp-content\/uploads\/2023\/09\/Untitled-design-54.jpg\",\"contentUrl\":\"https:\/\/gegokids.ee\/wp-content\/uploads\/2023\/09\/Untitled-design-54.jpg\",\"width\":800,\"height\":533},{\"@type\":\"BreadcrumbList\",\"@id\":\"https:\/\/gegokids.ee\/toode\/marcus-marcus-2-astmeline-roostevabast-terasest-soogikarp-jalgpall\/#breadcrumb\",\"itemListElement\":[{\"@type\":\"ListItem\",\"position\":1,\"name\":\"Home\",\"item\":\"https:\/\/gegokids.ee\/en\/\"},{\"@type\":\"ListItem\",\"position\":2,\"name\":\"E-pood\",\"item\":\"https:\/\/gegokids.ee\/e-pood\/\"},{\"@type\":\"ListItem\",\"position\":3,\"name\":\"Marcus &amp; Marcus 2-astmeline roostevabast terasest s\u00f6\u00f6gikarp \u2013 Jalgpall\"}]},{\"@type\":\"WebSite\",\"@id\":\"https:\/\/gegokids.ee\/#website\",\"url\":\"https:\/\/gegokids.ee\/\",\"name\":\"Gegokids\",\"description\":\"Kvaliteetsed ja turvalised laste m\u00e4nguasjad.\",\"publisher\":{\"@id\":\"https:\/\/gegokids.ee\/#organization\"},\"potentialAction\":[{\"@type\":\"SearchAction\",\"target\":{\"@type\":\"EntryPoint\",\"urlTemplate\":\"https:\/\/gegokids.ee\/?s={search_term_string}\"},\"query-input\":{\"@type\":\"PropertyValueSpecification\",\"valueRequired\":true,\"valueName\":\"search_term_string\"}}],\"inLanguage\":\"en-US\"},{\"@type\":\"Organization\",\"@id\":\"https:\/\/gegokids.ee\/#organization\",\"name\":\"Gegokids\",\"url\":\"https:\/\/gegokids.ee\/\",\"logo\":{\"@type\":\"ImageObject\",\"inLanguage\":\"en-US\",\"@id\":\"https:\/\/gegokids.ee\/#\/schema\/logo\/image\/\",\"url\":\"https:\/\/gegokids.ee\/wp-content\/uploads\/2022\/06\/logo2.png\",\"contentUrl\":\"https:\/\/gegokids.ee\/wp-content\/uploads\/2022\/06\/logo2.png\",\"width\":358,\"height\":104,\"caption\":\"Gegokids\"},\"image\":{\"@id\":\"https:\/\/gegokids.ee\/#\/schema\/logo\/image\/\"},\"sameAs\":[\"https:\/\/www.facebook.com\/GegoKids\",\"https:\/\/www.instagram.com\/gegokids.ee\/\"]}]}<\/script>\n<!-- \/ Yoast SEO plugin. -->","yoast_head_json":{"title":"Marcus &amp; Marcus 2-astmeline roostevabast terasest s\u00f6\u00f6gikarp \u2013 Jalgpall | Gegokids","description":"Roostevabast terasest l\u00f5unakarp lastele, mis v\u00f5imaldab toitu kihiti pakkida. Marcus & Marcus karp on korduvkasutatav, lekkevaba ja praktiline.","robots":{"index":"index","follow":"follow","max-snippet":"max-snippet:-1","max-image-preview":"max-image-preview:large","max-video-preview":"max-video-preview:-1"},"canonical":"https:\/\/gegokids.ee\/en\/product\/marcus-marcus-2-astmeline-roostevabast-terasest-soogikarp-jalgpall\/","og_locale":"en_US","og_type":"article","og_title":"Marcus &amp; Marcus 2-astmeline roostevabast terasest s\u00f6\u00f6gikarp \u2013 Jalgpall | Gegokids","og_description":"Roostevabast terasest l\u00f5unakarp lastele, mis v\u00f5imaldab toitu kihiti pakkida. Marcus & Marcus karp on korduvkasutatav, lekkevaba ja praktiline.","og_url":"https:\/\/gegokids.ee\/en\/product\/marcus-marcus-2-astmeline-roostevabast-terasest-soogikarp-jalgpall\/","og_site_name":"Gegokids","article_publisher":"https:\/\/www.facebook.com\/GegoKids","article_modified_time":"2026-02-08T23:00:10+00:00","og_image":[{"width":800,"height":533,"url":"https:\/\/gegokids.ee\/wp-content\/uploads\/2023\/09\/Untitled-design-54.jpg","type":"image\/jpeg"}],"twitter_card":"summary_large_image","twitter_misc":{"Est. reading time":"1 minute"},"schema":{"@context":"https:\/\/schema.org","@graph":[{"@type":"WebPage","@id":"https:\/\/gegokids.ee\/toode\/marcus-marcus-2-astmeline-roostevabast-terasest-soogikarp-jalgpall\/","url":"https:\/\/gegokids.ee\/toode\/marcus-marcus-2-astmeline-roostevabast-terasest-soogikarp-jalgpall\/","name":"Marcus &amp; Marcus 2-astmeline roostevabast terasest s\u00f6\u00f6gikarp \u2013 Jalgpall | Gegokids","isPartOf":{"@id":"https:\/\/gegokids.ee\/#website"},"primaryImageOfPage":{"@id":"https:\/\/gegokids.ee\/toode\/marcus-marcus-2-astmeline-roostevabast-terasest-soogikarp-jalgpall\/#primaryimage"},"image":{"@id":"https:\/\/gegokids.ee\/toode\/marcus-marcus-2-astmeline-roostevabast-terasest-soogikarp-jalgpall\/#primaryimage"},"thumbnailUrl":"https:\/\/gegokids.ee\/wp-content\/uploads\/2023\/09\/Untitled-design-54.jpg","datePublished":"2023-09-14T11:04:45+00:00","dateModified":"2026-02-08T23:00:10+00:00","description":"Roostevabast terasest l\u00f5unakarp lastele, mis v\u00f5imaldab toitu kihiti pakkida. Marcus & Marcus karp on korduvkasutatav, lekkevaba ja praktiline.","breadcrumb":{"@id":"https:\/\/gegokids.ee\/toode\/marcus-marcus-2-astmeline-roostevabast-terasest-soogikarp-jalgpall\/#breadcrumb"},"inLanguage":"en-US","potentialAction":[{"@type":"ReadAction","target":["https:\/\/gegokids.ee\/toode\/marcus-marcus-2-astmeline-roostevabast-terasest-soogikarp-jalgpall\/"]}]},{"@type":"ImageObject","inLanguage":"en-US","@id":"https:\/\/gegokids.ee\/toode\/marcus-marcus-2-astmeline-roostevabast-terasest-soogikarp-jalgpall\/#primaryimage","url":"https:\/\/gegokids.ee\/wp-content\/uploads\/2023\/09\/Untitled-design-54.jpg","contentUrl":"https:\/\/gegokids.ee\/wp-content\/uploads\/2023\/09\/Untitled-design-54.jpg","width":800,"height":533},{"@type":"BreadcrumbList","@id":"https:\/\/gegokids.ee\/toode\/marcus-marcus-2-astmeline-roostevabast-terasest-soogikarp-jalgpall\/#breadcrumb","itemListElement":[{"@type":"ListItem","position":1,"name":"Home","item":"https:\/\/gegokids.ee\/en\/"},{"@type":"ListItem","position":2,"name":"E-pood","item":"https:\/\/gegokids.ee\/e-pood\/"},{"@type":"ListItem","position":3,"name":"Marcus &amp; Marcus 2-astmeline roostevabast terasest s\u00f6\u00f6gikarp \u2013 Jalgpall"}]},{"@type":"WebSite","@id":"https:\/\/gegokids.ee\/#website","url":"https:\/\/gegokids.ee\/","name":"Gegokids","description":"Kvaliteetsed ja turvalised laste m\u00e4nguasjad.","publisher":{"@id":"https:\/\/gegokids.ee\/#organization"},"potentialAction":[{"@type":"SearchAction","target":{"@type":"EntryPoint","urlTemplate":"https:\/\/gegokids.ee\/?s={search_term_string}"},"query-input":{"@type":"PropertyValueSpecification","valueRequired":true,"valueName":"search_term_string"}}],"inLanguage":"en-US"},{"@type":"Organization","@id":"https:\/\/gegokids.ee\/#organization","name":"Gegokids","url":"https:\/\/gegokids.ee\/","logo":{"@type":"ImageObject","inLanguage":"en-US","@id":"https:\/\/gegokids.ee\/#\/schema\/logo\/image\/","url":"https:\/\/gegokids.ee\/wp-content\/uploads\/2022\/06\/logo2.png","contentUrl":"https:\/\/gegokids.ee\/wp-content\/uploads\/2022\/06\/logo2.png","width":358,"height":104,"caption":"Gegokids"},"image":{"@id":"https:\/\/gegokids.ee\/#\/schema\/logo\/image\/"},"sameAs":["https:\/\/www.facebook.com\/GegoKids","https:\/\/www.instagram.com\/gegokids.ee\/"]}]}},"_links":{"self":[{"href":"https:\/\/gegokids.ee\/en\/wp-json\/wp\/v2\/product\/27742","targetHints":{"allow":["GET"]}}],"collection":[{"href":"https:\/\/gegokids.ee\/en\/wp-json\/wp\/v2\/product"}],"about":[{"href":"https:\/\/gegokids.ee\/en\/wp-json\/wp\/v2\/types\/product"}],"replies":[{"embeddable":true,"href":"https:\/\/gegokids.ee\/en\/wp-json\/wp\/v2\/comments?post=27742"}],"version-history":[{"count":3,"href":"https:\/\/gegokids.ee\/en\/wp-json\/wp\/v2\/product\/27742\/revisions"}],"predecessor-version":[{"id":29085,"href":"https:\/\/gegokids.ee\/en\/wp-json\/wp\/v2\/product\/27742\/revisions\/29085"}],"wp:featuredmedia":[{"embeddable":true,"href":"https:\/\/gegokids.ee\/en\/wp-json\/wp\/v2\/media\/27801"}],"wp:attachment":[{"href":"https:\/\/gegokids.ee\/en\/wp-json\/wp\/v2\/media?parent=27742"}],"wp:term":[{"taxonomy":"product_brand","embeddable":true,"href":"https:\/\/gegokids.ee\/en\/wp-json\/wp\/v2\/product_brand?post=27742"},{"taxonomy":"product_cat","embeddable":true,"href":"https:\/\/gegokids.ee\/en\/wp-json\/wp\/v2\/product_cat?post=27742"},{"taxonomy":"product_tag","embeddable":true,"href":"https:\/\/gegokids.ee\/en\/wp-json\/wp\/v2\/product_tag?post=27742"}],"curies":[{"name":"wp","href":"https:\/\/api.w.org\/{rel}","templated":true}]}}