{"id":27711,"date":"2023-09-14T09:31:46","date_gmt":"2023-09-14T09:31:46","guid":{"rendered":"https:\/\/gegokids.ee\/?post_type=product&#038;p=27711"},"modified":"2026-02-09T02:06:06","modified_gmt":"2026-02-08T23:06:06","slug":"marcus-marcus-silikoonist-pinal","status":"publish","type":"product","link":"https:\/\/gegokids.ee\/en\/product\/marcus-marcus-silikoonist-pinal\/","title":{"rendered":"Marcus &amp; Marcus Silikoonist pinal"},"content":{"rendered":"<p><span style=\"color: #000000;\">Kandke oma kirjatarbeid stiilselt Marcuse &amp; Marcuse silikoonpliiatsiga jalgpalli- v\u00f5i vikerkaareprintidega. Suurus on \u00fclimugav kogu kirjatarvete kooli toomiseks.<\/span><\/p>\n<p><span style=\"color: #000000;\">Omadused:<\/span><br \/>\n<span style=\"color: #000000;\">-BPA\/FTALAADI VABA<\/span><br \/>\n<span style=\"color: #000000;\">&#8211; Ideaalne suurus kirjatarvete jaoks<\/span><\/p>\n<p><span style=\"color: #000000;\">MATERJAL:<\/span><br \/>\n<span style=\"color: #000000;\">Toidukvaliteediga silikoon<\/span><\/p>\n<p><span style=\"color: #000000;\">TALUVUSTEMPERATUUR:<\/span><br \/>\n<span style=\"color: #000000;\">-20\u00b0C kuni 220\u00b0C\u00a0<\/span><\/p>\n<p><span style=\"color: #000000;\">PUHASTAMINE JA HOOLDUS:<\/span><br \/>\n<span style=\"color: #000000;\">-P\u00fchkige niiske lapiga puhtaks<\/span><\/p>\n<p><span style=\"color: #000000;\">SUURUS:<\/span><br \/>\n<span style=\"color: #000000;\">190 x 17 x 125<\/span><\/p>\n<p>&nbsp;<\/p>\n<p><span style=\"color: #000000;\">Tarne 3-8 t\u00f6\u00f6p\u00e4eva!<\/span><\/p>","protected":false},"excerpt":{"rendered":"<p><span style=\"color: #000000;\">Kandke oma kirjatarbeid stiilselt Marcuse &amp; Marcuse silikoonpliiatsiga jalgpalli- v\u00f5i vikerkaareprintidega. Suurus on \u00fclimugav kogu kirjatarvete kooli toomiseks.<\/span><\/p>","protected":false},"featured_media":27803,"comment_status":"open","ping_status":"closed","template":"","meta":[],"product_brand":[455],"product_cat":[285,425],"product_tag":[445,461,459],"class_list":{"0":"post-27711","1":"product","2":"type-product","3":"status-publish","4":"has-post-thumbnail","6":"product_brand-marcus-marcus","7":"product_cat-koik","8":"product_cat-vahvad-matid-ja-kotid","9":"product_tag-kotid","10":"product_tag-461","11":"product_tag-koolieelikutele-3","13":"first","14":"instock","15":"shipping-taxable","16":"purchasable","17":"product-type-variable"},"yoast_head":"<!-- This site is optimized with the Yoast SEO plugin v26.9 - https:\/\/yoast.com\/product\/yoast-seo-wordpress\/ -->\n<title>Marcus &amp; Marcus Silikoonist pinal | Gegokids<\/title>\n<meta name=\"description\" content=\"Silikoonist pinal lastele ja \u00f5pilastele, mis on vastupidav ja lihtsasti puhastatav. Marcus &amp; Marcus pinal mahutab k\u00f5ik vajalikud kirjatarbed.\" \/>\n<meta name=\"robots\" content=\"index, follow, max-snippet:-1, max-image-preview:large, max-video-preview:-1\" \/>\n<link rel=\"canonical\" href=\"https:\/\/gegokids.ee\/en\/product\/marcus-marcus-silikoonist-pinal\/\" \/>\n<meta property=\"og:locale\" content=\"en_US\" \/>\n<meta property=\"og:type\" content=\"article\" \/>\n<meta property=\"og:title\" content=\"Marcus &amp; Marcus Silikoonist pinal | Gegokids\" \/>\n<meta property=\"og:description\" content=\"Silikoonist pinal lastele ja \u00f5pilastele, mis on vastupidav ja lihtsasti puhastatav. Marcus &amp; Marcus pinal mahutab k\u00f5ik vajalikud kirjatarbed.\" \/>\n<meta property=\"og:url\" content=\"https:\/\/gegokids.ee\/en\/product\/marcus-marcus-silikoonist-pinal\/\" \/>\n<meta property=\"og:site_name\" content=\"Gegokids\" \/>\n<meta property=\"article:publisher\" content=\"https:\/\/www.facebook.com\/GegoKids\" \/>\n<meta property=\"article:modified_time\" content=\"2026-02-08T23:06:06+00:00\" \/>\n<meta property=\"og:image\" content=\"https:\/\/gegokids.ee\/wp-content\/uploads\/2023\/09\/Untitled-design-55.jpg\" \/>\n\t<meta property=\"og:image:width\" content=\"800\" \/>\n\t<meta property=\"og:image:height\" content=\"533\" \/>\n\t<meta property=\"og:image:type\" content=\"image\/jpeg\" \/>\n<meta name=\"twitter:card\" content=\"summary_large_image\" \/>\n<meta name=\"twitter:label1\" content=\"Est. reading time\" \/>\n\t<meta name=\"twitter:data1\" content=\"1 minute\" \/>\n<script type=\"application\/ld+json\" class=\"yoast-schema-graph\">{\"@context\":\"https:\/\/schema.org\",\"@graph\":[{\"@type\":\"WebPage\",\"@id\":\"https:\/\/gegokids.ee\/en\/product\/marcus-marcus-silikoonist-pinal\/\",\"url\":\"https:\/\/gegokids.ee\/en\/product\/marcus-marcus-silikoonist-pinal\/\",\"name\":\"Marcus &amp; Marcus Silikoonist pinal | Gegokids\",\"isPartOf\":{\"@id\":\"https:\/\/gegokids.ee\/#website\"},\"primaryImageOfPage\":{\"@id\":\"https:\/\/gegokids.ee\/en\/product\/marcus-marcus-silikoonist-pinal\/#primaryimage\"},\"image\":{\"@id\":\"https:\/\/gegokids.ee\/en\/product\/marcus-marcus-silikoonist-pinal\/#primaryimage\"},\"thumbnailUrl\":\"https:\/\/gegokids.ee\/wp-content\/uploads\/2023\/09\/Untitled-design-55.jpg\",\"datePublished\":\"2023-09-14T09:31:46+00:00\",\"dateModified\":\"2026-02-08T23:06:06+00:00\",\"description\":\"Silikoonist pinal lastele ja \u00f5pilastele, mis on vastupidav ja lihtsasti puhastatav. Marcus & Marcus pinal mahutab k\u00f5ik vajalikud kirjatarbed.\",\"breadcrumb\":{\"@id\":\"https:\/\/gegokids.ee\/en\/product\/marcus-marcus-silikoonist-pinal\/#breadcrumb\"},\"inLanguage\":\"en-US\",\"potentialAction\":[{\"@type\":\"ReadAction\",\"target\":[\"https:\/\/gegokids.ee\/en\/product\/marcus-marcus-silikoonist-pinal\/\"]}]},{\"@type\":\"ImageObject\",\"inLanguage\":\"en-US\",\"@id\":\"https:\/\/gegokids.ee\/en\/product\/marcus-marcus-silikoonist-pinal\/#primaryimage\",\"url\":\"https:\/\/gegokids.ee\/wp-content\/uploads\/2023\/09\/Untitled-design-55.jpg\",\"contentUrl\":\"https:\/\/gegokids.ee\/wp-content\/uploads\/2023\/09\/Untitled-design-55.jpg\",\"width\":800,\"height\":533},{\"@type\":\"BreadcrumbList\",\"@id\":\"https:\/\/gegokids.ee\/en\/product\/marcus-marcus-silikoonist-pinal\/#breadcrumb\",\"itemListElement\":[{\"@type\":\"ListItem\",\"position\":1,\"name\":\"Home\",\"item\":\"https:\/\/gegokids.ee\/en\/\"},{\"@type\":\"ListItem\",\"position\":2,\"name\":\"E-pood\",\"item\":\"https:\/\/gegokids.ee\/e-pood\/\"},{\"@type\":\"ListItem\",\"position\":3,\"name\":\"Marcus &amp; Marcus Silikoonist pinal\"}]},{\"@type\":\"WebSite\",\"@id\":\"https:\/\/gegokids.ee\/#website\",\"url\":\"https:\/\/gegokids.ee\/\",\"name\":\"Gegokids\",\"description\":\"Kvaliteetsed ja turvalised laste m\u00e4nguasjad.\",\"publisher\":{\"@id\":\"https:\/\/gegokids.ee\/#organization\"},\"potentialAction\":[{\"@type\":\"SearchAction\",\"target\":{\"@type\":\"EntryPoint\",\"urlTemplate\":\"https:\/\/gegokids.ee\/?s={search_term_string}\"},\"query-input\":{\"@type\":\"PropertyValueSpecification\",\"valueRequired\":true,\"valueName\":\"search_term_string\"}}],\"inLanguage\":\"en-US\"},{\"@type\":\"Organization\",\"@id\":\"https:\/\/gegokids.ee\/#organization\",\"name\":\"Gegokids\",\"url\":\"https:\/\/gegokids.ee\/\",\"logo\":{\"@type\":\"ImageObject\",\"inLanguage\":\"en-US\",\"@id\":\"https:\/\/gegokids.ee\/#\/schema\/logo\/image\/\",\"url\":\"https:\/\/gegokids.ee\/wp-content\/uploads\/2022\/06\/logo2.png\",\"contentUrl\":\"https:\/\/gegokids.ee\/wp-content\/uploads\/2022\/06\/logo2.png\",\"width\":358,\"height\":104,\"caption\":\"Gegokids\"},\"image\":{\"@id\":\"https:\/\/gegokids.ee\/#\/schema\/logo\/image\/\"},\"sameAs\":[\"https:\/\/www.facebook.com\/GegoKids\",\"https:\/\/www.instagram.com\/gegokids.ee\/\"]}]}<\/script>\n<!-- \/ Yoast SEO plugin. -->","yoast_head_json":{"title":"Marcus &amp; Marcus Silikoonist pinal | Gegokids","description":"Silikoonist pinal lastele ja \u00f5pilastele, mis on vastupidav ja lihtsasti puhastatav. Marcus & Marcus pinal mahutab k\u00f5ik vajalikud kirjatarbed.","robots":{"index":"index","follow":"follow","max-snippet":"max-snippet:-1","max-image-preview":"max-image-preview:large","max-video-preview":"max-video-preview:-1"},"canonical":"https:\/\/gegokids.ee\/en\/product\/marcus-marcus-silikoonist-pinal\/","og_locale":"en_US","og_type":"article","og_title":"Marcus &amp; Marcus Silikoonist pinal | Gegokids","og_description":"Silikoonist pinal lastele ja \u00f5pilastele, mis on vastupidav ja lihtsasti puhastatav. Marcus & Marcus pinal mahutab k\u00f5ik vajalikud kirjatarbed.","og_url":"https:\/\/gegokids.ee\/en\/product\/marcus-marcus-silikoonist-pinal\/","og_site_name":"Gegokids","article_publisher":"https:\/\/www.facebook.com\/GegoKids","article_modified_time":"2026-02-08T23:06:06+00:00","og_image":[{"width":800,"height":533,"url":"https:\/\/gegokids.ee\/wp-content\/uploads\/2023\/09\/Untitled-design-55.jpg","type":"image\/jpeg"}],"twitter_card":"summary_large_image","twitter_misc":{"Est. reading time":"1 minute"},"schema":{"@context":"https:\/\/schema.org","@graph":[{"@type":"WebPage","@id":"https:\/\/gegokids.ee\/en\/product\/marcus-marcus-silikoonist-pinal\/","url":"https:\/\/gegokids.ee\/en\/product\/marcus-marcus-silikoonist-pinal\/","name":"Marcus &amp; Marcus Silikoonist pinal | Gegokids","isPartOf":{"@id":"https:\/\/gegokids.ee\/#website"},"primaryImageOfPage":{"@id":"https:\/\/gegokids.ee\/en\/product\/marcus-marcus-silikoonist-pinal\/#primaryimage"},"image":{"@id":"https:\/\/gegokids.ee\/en\/product\/marcus-marcus-silikoonist-pinal\/#primaryimage"},"thumbnailUrl":"https:\/\/gegokids.ee\/wp-content\/uploads\/2023\/09\/Untitled-design-55.jpg","datePublished":"2023-09-14T09:31:46+00:00","dateModified":"2026-02-08T23:06:06+00:00","description":"Silikoonist pinal lastele ja \u00f5pilastele, mis on vastupidav ja lihtsasti puhastatav. Marcus & Marcus pinal mahutab k\u00f5ik vajalikud kirjatarbed.","breadcrumb":{"@id":"https:\/\/gegokids.ee\/en\/product\/marcus-marcus-silikoonist-pinal\/#breadcrumb"},"inLanguage":"en-US","potentialAction":[{"@type":"ReadAction","target":["https:\/\/gegokids.ee\/en\/product\/marcus-marcus-silikoonist-pinal\/"]}]},{"@type":"ImageObject","inLanguage":"en-US","@id":"https:\/\/gegokids.ee\/en\/product\/marcus-marcus-silikoonist-pinal\/#primaryimage","url":"https:\/\/gegokids.ee\/wp-content\/uploads\/2023\/09\/Untitled-design-55.jpg","contentUrl":"https:\/\/gegokids.ee\/wp-content\/uploads\/2023\/09\/Untitled-design-55.jpg","width":800,"height":533},{"@type":"BreadcrumbList","@id":"https:\/\/gegokids.ee\/en\/product\/marcus-marcus-silikoonist-pinal\/#breadcrumb","itemListElement":[{"@type":"ListItem","position":1,"name":"Home","item":"https:\/\/gegokids.ee\/en\/"},{"@type":"ListItem","position":2,"name":"E-pood","item":"https:\/\/gegokids.ee\/e-pood\/"},{"@type":"ListItem","position":3,"name":"Marcus &amp; Marcus Silikoonist pinal"}]},{"@type":"WebSite","@id":"https:\/\/gegokids.ee\/#website","url":"https:\/\/gegokids.ee\/","name":"Gegokids","description":"Kvaliteetsed ja turvalised laste m\u00e4nguasjad.","publisher":{"@id":"https:\/\/gegokids.ee\/#organization"},"potentialAction":[{"@type":"SearchAction","target":{"@type":"EntryPoint","urlTemplate":"https:\/\/gegokids.ee\/?s={search_term_string}"},"query-input":{"@type":"PropertyValueSpecification","valueRequired":true,"valueName":"search_term_string"}}],"inLanguage":"en-US"},{"@type":"Organization","@id":"https:\/\/gegokids.ee\/#organization","name":"Gegokids","url":"https:\/\/gegokids.ee\/","logo":{"@type":"ImageObject","inLanguage":"en-US","@id":"https:\/\/gegokids.ee\/#\/schema\/logo\/image\/","url":"https:\/\/gegokids.ee\/wp-content\/uploads\/2022\/06\/logo2.png","contentUrl":"https:\/\/gegokids.ee\/wp-content\/uploads\/2022\/06\/logo2.png","width":358,"height":104,"caption":"Gegokids"},"image":{"@id":"https:\/\/gegokids.ee\/#\/schema\/logo\/image\/"},"sameAs":["https:\/\/www.facebook.com\/GegoKids","https:\/\/www.instagram.com\/gegokids.ee\/"]}]}},"_links":{"self":[{"href":"https:\/\/gegokids.ee\/en\/wp-json\/wp\/v2\/product\/27711","targetHints":{"allow":["GET"]}}],"collection":[{"href":"https:\/\/gegokids.ee\/en\/wp-json\/wp\/v2\/product"}],"about":[{"href":"https:\/\/gegokids.ee\/en\/wp-json\/wp\/v2\/types\/product"}],"replies":[{"embeddable":true,"href":"https:\/\/gegokids.ee\/en\/wp-json\/wp\/v2\/comments?post=27711"}],"version-history":[{"count":5,"href":"https:\/\/gegokids.ee\/en\/wp-json\/wp\/v2\/product\/27711\/revisions"}],"predecessor-version":[{"id":29090,"href":"https:\/\/gegokids.ee\/en\/wp-json\/wp\/v2\/product\/27711\/revisions\/29090"}],"wp:featuredmedia":[{"embeddable":true,"href":"https:\/\/gegokids.ee\/en\/wp-json\/wp\/v2\/media\/27803"}],"wp:attachment":[{"href":"https:\/\/gegokids.ee\/en\/wp-json\/wp\/v2\/media?parent=27711"}],"wp:term":[{"taxonomy":"product_brand","embeddable":true,"href":"https:\/\/gegokids.ee\/en\/wp-json\/wp\/v2\/product_brand?post=27711"},{"taxonomy":"product_cat","embeddable":true,"href":"https:\/\/gegokids.ee\/en\/wp-json\/wp\/v2\/product_cat?post=27711"},{"taxonomy":"product_tag","embeddable":true,"href":"https:\/\/gegokids.ee\/en\/wp-json\/wp\/v2\/product_tag?post=27711"}],"curies":[{"name":"wp","href":"https:\/\/api.w.org\/{rel}","templated":true}]}}