{"id":27668,"date":"2023-08-03T08:56:40","date_gmt":"2023-08-03T08:56:40","guid":{"rendered":"https:\/\/gegokids.ee\/?post_type=product&#038;p=27668"},"modified":"2026-01-22T17:41:04","modified_gmt":"2026-01-22T14:41:04","slug":"marcus-marcus-vaikelapse-2-uhes-seljakott-vikerkaar","status":"publish","type":"product","link":"https:\/\/gegokids.ee\/en\/product\/marcus-marcus-vaikelapse-2-uhes-seljakott-vikerkaar\/","title":{"rendered":"Marcus &amp; Marcus V\u00e4ikelapse 2-\u00fches seljakott &#8220;Vikerkaar&#8221;"},"content":{"rendered":"","protected":false},"excerpt":{"rendered":"<p><span style=\"color: #000000\">Marcus &amp; Marcus V\u00e4ikelapse \u00a02-\u00fches seljakott annab lastele 2 erinevat stiili \u00fche kotiga. Seljakoti esitasku saab lahti lukustada ja kasutada seda eraldi rist\u00f5lakottina. Olenemata sellest, kas olete jalgpalli- v\u00f5i vikerkaaref\u00e4nn, on seljakotid t\u00e4is lummavaid disainidetaile, mis on selle praktilise ja moodsa seljakotti t\u00e4ienduseks.<\/span><\/p>\n<p><span style=\"color: #000000\">FUNKTSIOONID:<\/span><br \/>\n<span style=\"color: #000000\">&#8211; 2-in-1 disain, kasutage seljakotina \/ rist\u00f5lakottina<\/span><br \/>\n<span style=\"color: #000000\">&#8211; K\u00fcljetasku veepudelile<\/span><br \/>\n<span style=\"color: #000000\">&#8211; Kirjutage sees olevale nimesildile<\/span><br \/>\n<span style=\"color: #000000\">&#8211; Atraktiivne 3D- disain<\/span><br \/>\n<span style=\"color: #000000\">&#8211; Eemaldatavat esitaskut saab kasutada \u00f5lakotina<\/span><\/p>\n<p><span style=\"color: #000000\">MATERJAL:<\/span><br \/>\n<span style=\"color: #000000\">Seljakott: 100% pol\u00fcester<\/span><br \/>\n<span style=\"color: #000000\">Risti \u00f5lakott: 100% pol\u00fcester + PVC\/PU nahk<\/span><\/p>\n<p><span style=\"color: #000000\">PUHASTAMINE JA HOOLDUS:<\/span><br \/>\n<span style=\"color: #000000\">-P\u00fchkige niiske lapiga puhtaks<\/span><\/p>\n<p><span style=\"color: #000000\">SUURUS:<\/span><br \/>\n<span style=\"color: #000000\">Seljakott: 240 x 130 x 290 \/ 9,5 x 5,2 x 11,4 tolli<\/span><br \/>\n<span style=\"color: #000000\">Risti \u00f5lakott: 200 x 35 x 130 \/ 7,9 x 1,4 x 5,1 tolli<\/span><\/p>","protected":false},"featured_media":27670,"comment_status":"open","ping_status":"closed","template":"","meta":[],"product_brand":[455],"product_cat":[285,425],"product_tag":[],"class_list":{"0":"post-27668","1":"product","2":"type-product","3":"status-publish","4":"has-post-thumbnail","6":"product_brand-marcus-marcus","7":"product_cat-koik","8":"product_cat-vahvad-matid-ja-kotid","10":"first","11":"instock","12":"shipping-taxable","13":"purchasable","14":"product-type-simple"},"yoast_head":"<!-- This site is optimized with the Yoast SEO plugin v26.9 - https:\/\/yoast.com\/product\/yoast-seo-wordpress\/ -->\n<title>Marcus &amp; Marcus V\u00e4ikelapse 2-\u00fches seljakott &quot;Vikerkaar&quot; | Gegokids<\/title>\n<meta name=\"robots\" content=\"index, follow, max-snippet:-1, max-image-preview:large, max-video-preview:-1\" \/>\n<link rel=\"canonical\" href=\"https:\/\/gegokids.ee\/en\/product\/marcus-marcus-vaikelapse-2-uhes-seljakott-vikerkaar\/\" \/>\n<meta property=\"og:locale\" content=\"en_US\" \/>\n<meta property=\"og:type\" content=\"article\" \/>\n<meta property=\"og:title\" content=\"Marcus &amp; Marcus V\u00e4ikelapse 2-\u00fches seljakott &quot;Vikerkaar&quot; | Gegokids\" \/>\n<meta property=\"og:description\" content=\"Marcus &amp; Marcus V\u00e4ikelapse \u00a02-\u00fches seljakott annab lastele 2 erinevat stiili \u00fche kotiga. Seljakoti esitasku saab lahti lukustada ja kasutada seda eraldi rist\u00f5lakottina. Olenemata sellest, kas olete jalgpalli- v\u00f5i vikerkaaref\u00e4nn, on seljakotid t\u00e4is lummavaid disainidetaile, mis on selle praktilise ja moodsa seljakotti t\u00e4ienduseks.  FUNKTSIOONID: - 2-in-1 disain, kasutage seljakotina \/ rist\u00f5lakottina - K\u00fcljetasku veepudelile - Kirjutage sees olevale nimesildile - Atraktiivne 3D- disain - Eemaldatavat esitaskut saab kasutada \u00f5lakotina  MATERJAL: Seljakott: 100% pol\u00fcester Risti \u00f5lakott: 100% pol\u00fcester + PVC\/PU nahk  PUHASTAMINE JA HOOLDUS: -P\u00fchkige niiske lapiga puhtaks  SUURUS: Seljakott: 240 x 130 x 290 \/ 9,5 x 5,2 x 11,4 tolli Risti \u00f5lakott: 200 x 35 x 130 \/ 7,9 x 1,4 x 5,1 tolli\" \/>\n<meta property=\"og:url\" content=\"https:\/\/gegokids.ee\/en\/product\/marcus-marcus-vaikelapse-2-uhes-seljakott-vikerkaar\/\" \/>\n<meta property=\"og:site_name\" content=\"Gegokids\" \/>\n<meta property=\"article:publisher\" content=\"https:\/\/www.facebook.com\/GegoKids\" \/>\n<meta property=\"article:modified_time\" content=\"2026-01-22T14:41:04+00:00\" \/>\n<meta property=\"og:image\" content=\"https:\/\/gegokids.ee\/wp-content\/uploads\/2023\/08\/Untitled-design-32.jpg\" \/>\n\t<meta property=\"og:image:width\" content=\"800\" \/>\n\t<meta property=\"og:image:height\" content=\"533\" \/>\n\t<meta property=\"og:image:type\" content=\"image\/jpeg\" \/>\n<meta name=\"twitter:card\" content=\"summary_large_image\" \/>\n<script type=\"application\/ld+json\" class=\"yoast-schema-graph\">{\"@context\":\"https:\/\/schema.org\",\"@graph\":[{\"@type\":\"WebPage\",\"@id\":\"https:\/\/gegokids.ee\/toode\/marcus-marcus-vaikelapse-2-uhes-seljakott-vikerkaar\/\",\"url\":\"https:\/\/gegokids.ee\/toode\/marcus-marcus-vaikelapse-2-uhes-seljakott-vikerkaar\/\",\"name\":\"Marcus &amp; Marcus V\u00e4ikelapse 2-\u00fches seljakott \\\"Vikerkaar\\\" | Gegokids\",\"isPartOf\":{\"@id\":\"https:\/\/gegokids.ee\/#website\"},\"primaryImageOfPage\":{\"@id\":\"https:\/\/gegokids.ee\/toode\/marcus-marcus-vaikelapse-2-uhes-seljakott-vikerkaar\/#primaryimage\"},\"image\":{\"@id\":\"https:\/\/gegokids.ee\/toode\/marcus-marcus-vaikelapse-2-uhes-seljakott-vikerkaar\/#primaryimage\"},\"thumbnailUrl\":\"https:\/\/gegokids.ee\/wp-content\/uploads\/2023\/08\/Untitled-design-32.jpg\",\"datePublished\":\"2023-08-03T08:56:40+00:00\",\"dateModified\":\"2026-01-22T14:41:04+00:00\",\"breadcrumb\":{\"@id\":\"https:\/\/gegokids.ee\/toode\/marcus-marcus-vaikelapse-2-uhes-seljakott-vikerkaar\/#breadcrumb\"},\"inLanguage\":\"en-US\",\"potentialAction\":[{\"@type\":\"ReadAction\",\"target\":[\"https:\/\/gegokids.ee\/toode\/marcus-marcus-vaikelapse-2-uhes-seljakott-vikerkaar\/\"]}]},{\"@type\":\"ImageObject\",\"inLanguage\":\"en-US\",\"@id\":\"https:\/\/gegokids.ee\/toode\/marcus-marcus-vaikelapse-2-uhes-seljakott-vikerkaar\/#primaryimage\",\"url\":\"https:\/\/gegokids.ee\/wp-content\/uploads\/2023\/08\/Untitled-design-32.jpg\",\"contentUrl\":\"https:\/\/gegokids.ee\/wp-content\/uploads\/2023\/08\/Untitled-design-32.jpg\",\"width\":800,\"height\":533},{\"@type\":\"BreadcrumbList\",\"@id\":\"https:\/\/gegokids.ee\/toode\/marcus-marcus-vaikelapse-2-uhes-seljakott-vikerkaar\/#breadcrumb\",\"itemListElement\":[{\"@type\":\"ListItem\",\"position\":1,\"name\":\"Home\",\"item\":\"https:\/\/gegokids.ee\/en\/\"},{\"@type\":\"ListItem\",\"position\":2,\"name\":\"E-pood\",\"item\":\"https:\/\/gegokids.ee\/e-pood\/\"},{\"@type\":\"ListItem\",\"position\":3,\"name\":\"Marcus &amp; Marcus V\u00e4ikelapse 2-\u00fches seljakott &#8220;Vikerkaar&#8221;\"}]},{\"@type\":\"WebSite\",\"@id\":\"https:\/\/gegokids.ee\/#website\",\"url\":\"https:\/\/gegokids.ee\/\",\"name\":\"Gegokids\",\"description\":\"Kvaliteetsed ja turvalised laste m\u00e4nguasjad.\",\"publisher\":{\"@id\":\"https:\/\/gegokids.ee\/#organization\"},\"potentialAction\":[{\"@type\":\"SearchAction\",\"target\":{\"@type\":\"EntryPoint\",\"urlTemplate\":\"https:\/\/gegokids.ee\/?s={search_term_string}\"},\"query-input\":{\"@type\":\"PropertyValueSpecification\",\"valueRequired\":true,\"valueName\":\"search_term_string\"}}],\"inLanguage\":\"en-US\"},{\"@type\":\"Organization\",\"@id\":\"https:\/\/gegokids.ee\/#organization\",\"name\":\"Gegokids\",\"url\":\"https:\/\/gegokids.ee\/\",\"logo\":{\"@type\":\"ImageObject\",\"inLanguage\":\"en-US\",\"@id\":\"https:\/\/gegokids.ee\/#\/schema\/logo\/image\/\",\"url\":\"https:\/\/gegokids.ee\/wp-content\/uploads\/2022\/06\/logo2.png\",\"contentUrl\":\"https:\/\/gegokids.ee\/wp-content\/uploads\/2022\/06\/logo2.png\",\"width\":358,\"height\":104,\"caption\":\"Gegokids\"},\"image\":{\"@id\":\"https:\/\/gegokids.ee\/#\/schema\/logo\/image\/\"},\"sameAs\":[\"https:\/\/www.facebook.com\/GegoKids\",\"https:\/\/www.instagram.com\/gegokids.ee\/\"]}]}<\/script>\n<!-- \/ Yoast SEO plugin. -->","yoast_head_json":{"title":"Marcus &amp; Marcus V\u00e4ikelapse 2-\u00fches seljakott \"Vikerkaar\" | Gegokids","robots":{"index":"index","follow":"follow","max-snippet":"max-snippet:-1","max-image-preview":"max-image-preview:large","max-video-preview":"max-video-preview:-1"},"canonical":"https:\/\/gegokids.ee\/en\/product\/marcus-marcus-vaikelapse-2-uhes-seljakott-vikerkaar\/","og_locale":"en_US","og_type":"article","og_title":"Marcus &amp; Marcus V\u00e4ikelapse 2-\u00fches seljakott \"Vikerkaar\" | Gegokids","og_description":"Marcus &amp; Marcus V\u00e4ikelapse \u00a02-\u00fches seljakott annab lastele 2 erinevat stiili \u00fche kotiga. Seljakoti esitasku saab lahti lukustada ja kasutada seda eraldi rist\u00f5lakottina. Olenemata sellest, kas olete jalgpalli- v\u00f5i vikerkaaref\u00e4nn, on seljakotid t\u00e4is lummavaid disainidetaile, mis on selle praktilise ja moodsa seljakotti t\u00e4ienduseks.  FUNKTSIOONID: - 2-in-1 disain, kasutage seljakotina \/ rist\u00f5lakottina - K\u00fcljetasku veepudelile - Kirjutage sees olevale nimesildile - Atraktiivne 3D- disain - Eemaldatavat esitaskut saab kasutada \u00f5lakotina  MATERJAL: Seljakott: 100% pol\u00fcester Risti \u00f5lakott: 100% pol\u00fcester + PVC\/PU nahk  PUHASTAMINE JA HOOLDUS: -P\u00fchkige niiske lapiga puhtaks  SUURUS: Seljakott: 240 x 130 x 290 \/ 9,5 x 5,2 x 11,4 tolli Risti \u00f5lakott: 200 x 35 x 130 \/ 7,9 x 1,4 x 5,1 tolli","og_url":"https:\/\/gegokids.ee\/en\/product\/marcus-marcus-vaikelapse-2-uhes-seljakott-vikerkaar\/","og_site_name":"Gegokids","article_publisher":"https:\/\/www.facebook.com\/GegoKids","article_modified_time":"2026-01-22T14:41:04+00:00","og_image":[{"width":800,"height":533,"url":"https:\/\/gegokids.ee\/wp-content\/uploads\/2023\/08\/Untitled-design-32.jpg","type":"image\/jpeg"}],"twitter_card":"summary_large_image","schema":{"@context":"https:\/\/schema.org","@graph":[{"@type":"WebPage","@id":"https:\/\/gegokids.ee\/toode\/marcus-marcus-vaikelapse-2-uhes-seljakott-vikerkaar\/","url":"https:\/\/gegokids.ee\/toode\/marcus-marcus-vaikelapse-2-uhes-seljakott-vikerkaar\/","name":"Marcus &amp; Marcus V\u00e4ikelapse 2-\u00fches seljakott \"Vikerkaar\" | Gegokids","isPartOf":{"@id":"https:\/\/gegokids.ee\/#website"},"primaryImageOfPage":{"@id":"https:\/\/gegokids.ee\/toode\/marcus-marcus-vaikelapse-2-uhes-seljakott-vikerkaar\/#primaryimage"},"image":{"@id":"https:\/\/gegokids.ee\/toode\/marcus-marcus-vaikelapse-2-uhes-seljakott-vikerkaar\/#primaryimage"},"thumbnailUrl":"https:\/\/gegokids.ee\/wp-content\/uploads\/2023\/08\/Untitled-design-32.jpg","datePublished":"2023-08-03T08:56:40+00:00","dateModified":"2026-01-22T14:41:04+00:00","breadcrumb":{"@id":"https:\/\/gegokids.ee\/toode\/marcus-marcus-vaikelapse-2-uhes-seljakott-vikerkaar\/#breadcrumb"},"inLanguage":"en-US","potentialAction":[{"@type":"ReadAction","target":["https:\/\/gegokids.ee\/toode\/marcus-marcus-vaikelapse-2-uhes-seljakott-vikerkaar\/"]}]},{"@type":"ImageObject","inLanguage":"en-US","@id":"https:\/\/gegokids.ee\/toode\/marcus-marcus-vaikelapse-2-uhes-seljakott-vikerkaar\/#primaryimage","url":"https:\/\/gegokids.ee\/wp-content\/uploads\/2023\/08\/Untitled-design-32.jpg","contentUrl":"https:\/\/gegokids.ee\/wp-content\/uploads\/2023\/08\/Untitled-design-32.jpg","width":800,"height":533},{"@type":"BreadcrumbList","@id":"https:\/\/gegokids.ee\/toode\/marcus-marcus-vaikelapse-2-uhes-seljakott-vikerkaar\/#breadcrumb","itemListElement":[{"@type":"ListItem","position":1,"name":"Home","item":"https:\/\/gegokids.ee\/en\/"},{"@type":"ListItem","position":2,"name":"E-pood","item":"https:\/\/gegokids.ee\/e-pood\/"},{"@type":"ListItem","position":3,"name":"Marcus &amp; Marcus V\u00e4ikelapse 2-\u00fches seljakott &#8220;Vikerkaar&#8221;"}]},{"@type":"WebSite","@id":"https:\/\/gegokids.ee\/#website","url":"https:\/\/gegokids.ee\/","name":"Gegokids","description":"Kvaliteetsed ja turvalised laste m\u00e4nguasjad.","publisher":{"@id":"https:\/\/gegokids.ee\/#organization"},"potentialAction":[{"@type":"SearchAction","target":{"@type":"EntryPoint","urlTemplate":"https:\/\/gegokids.ee\/?s={search_term_string}"},"query-input":{"@type":"PropertyValueSpecification","valueRequired":true,"valueName":"search_term_string"}}],"inLanguage":"en-US"},{"@type":"Organization","@id":"https:\/\/gegokids.ee\/#organization","name":"Gegokids","url":"https:\/\/gegokids.ee\/","logo":{"@type":"ImageObject","inLanguage":"en-US","@id":"https:\/\/gegokids.ee\/#\/schema\/logo\/image\/","url":"https:\/\/gegokids.ee\/wp-content\/uploads\/2022\/06\/logo2.png","contentUrl":"https:\/\/gegokids.ee\/wp-content\/uploads\/2022\/06\/logo2.png","width":358,"height":104,"caption":"Gegokids"},"image":{"@id":"https:\/\/gegokids.ee\/#\/schema\/logo\/image\/"},"sameAs":["https:\/\/www.facebook.com\/GegoKids","https:\/\/www.instagram.com\/gegokids.ee\/"]}]}},"_links":{"self":[{"href":"https:\/\/gegokids.ee\/en\/wp-json\/wp\/v2\/product\/27668","targetHints":{"allow":["GET"]}}],"collection":[{"href":"https:\/\/gegokids.ee\/en\/wp-json\/wp\/v2\/product"}],"about":[{"href":"https:\/\/gegokids.ee\/en\/wp-json\/wp\/v2\/types\/product"}],"replies":[{"embeddable":true,"href":"https:\/\/gegokids.ee\/en\/wp-json\/wp\/v2\/comments?post=27668"}],"version-history":[{"count":2,"href":"https:\/\/gegokids.ee\/en\/wp-json\/wp\/v2\/product\/27668\/revisions"}],"predecessor-version":[{"id":27678,"href":"https:\/\/gegokids.ee\/en\/wp-json\/wp\/v2\/product\/27668\/revisions\/27678"}],"wp:featuredmedia":[{"embeddable":true,"href":"https:\/\/gegokids.ee\/en\/wp-json\/wp\/v2\/media\/27670"}],"wp:attachment":[{"href":"https:\/\/gegokids.ee\/en\/wp-json\/wp\/v2\/media?parent=27668"}],"wp:term":[{"taxonomy":"product_brand","embeddable":true,"href":"https:\/\/gegokids.ee\/en\/wp-json\/wp\/v2\/product_brand?post=27668"},{"taxonomy":"product_cat","embeddable":true,"href":"https:\/\/gegokids.ee\/en\/wp-json\/wp\/v2\/product_cat?post=27668"},{"taxonomy":"product_tag","embeddable":true,"href":"https:\/\/gegokids.ee\/en\/wp-json\/wp\/v2\/product_tag?post=27668"}],"curies":[{"name":"wp","href":"https:\/\/api.w.org\/{rel}","templated":true}]}}