{"id":27606,"date":"2023-05-18T17:30:10","date_gmt":"2023-05-18T17:30:10","guid":{"rendered":"https:\/\/gegokids.ee\/?post_type=product&#038;p=27606"},"modified":"2026-02-08T19:20:12","modified_gmt":"2026-02-08T16:20:12","slug":"marcus-marcus-roostevaba-joogipudel-350ml","status":"publish","type":"product","link":"https:\/\/gegokids.ee\/en\/product\/marcus-marcus-roostevaba-joogipudel-350ml\/","title":{"rendered":"Marcus &amp; Marcus roostevabast terasest joogipudel: 350ml"},"content":{"rendered":"<p><span style=\"color: #000000;\">Marucsi ja Marcuse roostevabast terasest isoleeritud veepudel on ideaalne, et teie v\u00e4ike laps saaks seda iseseisvalt kasutada. See hoiab joogid teatud aja jooksul nii k\u00fclmana kui ka kuumana. Lekkekindla disainiga on lastel lihtne veepudelit erinevate tegevuste jaoks kaasa v\u00f5tta. Ja seda on t\u00e4iskasvanutele lihtne puhastada.<\/span><\/p>\n<p><span style=\"color: #000000;\">FUNKTSIOONID:<\/span><br \/>\n<span style=\"color: #000000;\">-BPA\/ftalaadivaba<\/span><br \/>\n<span style=\"color: #000000;\">&#8211; Kahekordne seina vaakum isolatsioon<\/span><br \/>\n<span style=\"color: #000000;\">&#8211; Hoida soojas 7 tundi<\/span><br \/>\n<span style=\"color: #000000;\">&#8211; Hoida jahedas 12 tundi<\/span><br \/>\n<span style=\"color: #000000;\">&#8211; Korduvkasutatav<\/span><br \/>\n<span style=\"color: #000000;\">-Lekkekindel<\/span><\/p>\n<p><span style=\"color: #000000;\">PUHASTAMINE JA HOOLDUS:<\/span><br \/>\n<span style=\"color: #000000;\">&#8211; \u00dclarestiga n\u00f5udepesumasin<\/span><br \/>\n<span style=\"color: #000000;\">&#8211; Peske iga t\u00fckk eraldi enne esmakordset kasutamist ja p\u00e4rast iga kasutamist<\/span><br \/>\n<span style=\"color: #000000;\">-\u00c4rge kasutage abrasiivseid puhastus- ja pleegitusvahendeid<\/span><br \/>\n<span style=\"color: #000000;\">&#8211; \u00c4rge kasutage printimisel kriimustuste v\u00e4ltimiseks k\u00fc\u00fcrimislappe<\/span><br \/>\n<span style=\"color: #000000;\">&#8211; \u00c4rge j\u00e4tke tooteid otsese p\u00e4ikesevalguse k\u00e4tte ega soojusallika l\u00e4hedusse<\/span><br \/>\n<span style=\"color: #000000;\">&#8211; \u00c4rge pange plastosi keevasse vette, kuna see v\u00f5ib p\u00f5hjustada deformeerumist v\u00f5i lekkimist<\/span><br \/>\n<span style=\"color: #000000;\">-\u00c4rge kukutage ega koputage vastu k\u00f5va eset, see v\u00f5ib m\u00f5lkida ja vaakumit halvendada<\/span><br \/>\n<span style=\"color: #000000;\">&#8211; \u00c4rge hoidke veepudelis kuiva j\u00e4\u00e4d ja gaseeritud jooke<\/span><\/p>\n<p><span style=\"color: #000000;\">MATERJAL:<\/span><br \/>\n<span style=\"color: #000000;\">Kaas: PP, toidukvaliteediga silikoonkumm<\/span><br \/>\n<span style=\"color: #000000;\">Pudel: 18\/8 roostevaba teras<\/span><\/p>\n<p><span style=\"color: #000000;\">SUURUS JA KAAL:<\/span><br \/>\n<span style=\"color: #000000;\">87 (laius) x 70 (s) x 162 (k\u00f5rgus) mm<\/span><br \/>\n<span style=\"color: #000000;\">350 ml<\/span><br \/>\n<span style=\"color: #000000;\">180 g<\/span><\/p>\n<p><span style=\"color: #000000;\"><strong>Tarne 3-8 t\u00f6\u00f6p\u00e4eva!<\/strong><\/span><\/p>","protected":false},"excerpt":{"rendered":"<p><span style=\"color: #000000;\">Marucs ja Marcus roostevabast terasest isoleeritud veepudel on ideaalne, et teie v\u00e4ike laps saaks seda iseseisvalt kasutada. See hoiab joogid teatud aja jooksul nii k\u00fclmana kui ka kuumana. Lekkekindla disainiga on lastel lihtne veepudelit erinevate tegevuste jaoks kaasa v\u00f5tta. Ja seda on t\u00e4iskasvanutele lihtne puhastada.<\/span><\/p>\n<p>&nbsp;<\/p>","protected":false},"featured_media":27620,"comment_status":"open","ping_status":"closed","template":"","meta":[],"product_brand":[455],"product_cat":[426,285,422],"product_tag":[446,474,458],"class_list":{"0":"post-27606","1":"product","2":"type-product","3":"status-publish","4":"has-post-thumbnail","6":"product_brand-marcus-marcus","7":"product_cat-kingiideed","8":"product_cat-koik","9":"product_cat-laste-soogikomplektid","10":"product_tag-joogipudelid","11":"product_tag-soomistarvikud","12":"product_tag-vaikelastele-1-3-a","14":"first","15":"instock","16":"shipping-taxable","17":"purchasable","18":"product-type-variable"},"yoast_head":"<!-- This site is optimized with the Yoast SEO plugin v26.9 - https:\/\/yoast.com\/product\/yoast-seo-wordpress\/ -->\n<title>Marcus &amp; Marcus roostevabast terasest joogipudel: 350ml | Gegokids<\/title>\n<meta name=\"description\" content=\"Marucs ja Marcus roostevabast terasest isoleeritud veepudel on ideaalne, et teie v\u00e4ike laps saaks seda iseseisvalt kasutada. See hoiab joogid teatud aja jooksul nii k\u00fclmana kui ka kuumana. Lekkekindla disainiga on lastel lihtne veepudelit erinevate tegevuste jaoks kaasa v\u00f5tta. Ja seda on t\u00e4iskasvanutele lihtne puhastada.\" \/>\n<meta name=\"robots\" content=\"index, follow, max-snippet:-1, max-image-preview:large, max-video-preview:-1\" \/>\n<link rel=\"canonical\" href=\"https:\/\/gegokids.ee\/en\/product\/marcus-marcus-roostevaba-joogipudel-350ml\/\" \/>\n<meta property=\"og:locale\" content=\"en_US\" \/>\n<meta property=\"og:type\" content=\"article\" \/>\n<meta property=\"og:title\" content=\"Marcus &amp; Marcus roostevabast terasest joogipudel: 350ml | Gegokids\" \/>\n<meta property=\"og:description\" content=\"Marucs ja Marcus roostevabast terasest isoleeritud veepudel on ideaalne, et teie v\u00e4ike laps saaks seda iseseisvalt kasutada. See hoiab joogid teatud aja jooksul nii k\u00fclmana kui ka kuumana. Lekkekindla disainiga on lastel lihtne veepudelit erinevate tegevuste jaoks kaasa v\u00f5tta. Ja seda on t\u00e4iskasvanutele lihtne puhastada.\" \/>\n<meta property=\"og:url\" content=\"https:\/\/gegokids.ee\/en\/product\/marcus-marcus-roostevaba-joogipudel-350ml\/\" \/>\n<meta property=\"og:site_name\" content=\"Gegokids\" \/>\n<meta property=\"article:publisher\" content=\"https:\/\/www.facebook.com\/GegoKids\" \/>\n<meta property=\"article:modified_time\" content=\"2026-02-08T16:20:12+00:00\" \/>\n<meta property=\"og:image\" content=\"https:\/\/gegokids.ee\/wp-content\/uploads\/2023\/05\/MNMKD50_FB3.jpg\" \/>\n\t<meta property=\"og:image:width\" content=\"1200\" \/>\n\t<meta property=\"og:image:height\" content=\"1600\" \/>\n\t<meta property=\"og:image:type\" content=\"image\/jpeg\" \/>\n<meta name=\"twitter:card\" content=\"summary_large_image\" \/>\n<meta name=\"twitter:label1\" content=\"Est. reading time\" \/>\n\t<meta name=\"twitter:data1\" content=\"2 minutes\" \/>\n<script type=\"application\/ld+json\" class=\"yoast-schema-graph\">{\"@context\":\"https:\/\/schema.org\",\"@graph\":[{\"@type\":\"WebPage\",\"@id\":\"https:\/\/gegokids.ee\/toode\/marcus-marcus-roostevaba-joogipudel-350ml\/\",\"url\":\"https:\/\/gegokids.ee\/toode\/marcus-marcus-roostevaba-joogipudel-350ml\/\",\"name\":\"Marcus &amp; Marcus roostevabast terasest joogipudel: 350ml | Gegokids\",\"isPartOf\":{\"@id\":\"https:\/\/gegokids.ee\/#website\"},\"primaryImageOfPage\":{\"@id\":\"https:\/\/gegokids.ee\/toode\/marcus-marcus-roostevaba-joogipudel-350ml\/#primaryimage\"},\"image\":{\"@id\":\"https:\/\/gegokids.ee\/toode\/marcus-marcus-roostevaba-joogipudel-350ml\/#primaryimage\"},\"thumbnailUrl\":\"https:\/\/gegokids.ee\/wp-content\/uploads\/2023\/05\/Untitled-design-25.jpg\",\"datePublished\":\"2023-05-18T17:30:10+00:00\",\"dateModified\":\"2026-02-08T16:20:12+00:00\",\"description\":\"Marucs ja Marcus roostevabast terasest isoleeritud veepudel on ideaalne, et teie v\u00e4ike laps saaks seda iseseisvalt kasutada. See hoiab joogid teatud aja jooksul nii k\u00fclmana kui ka kuumana. Lekkekindla disainiga on lastel lihtne veepudelit erinevate tegevuste jaoks kaasa v\u00f5tta. Ja seda on t\u00e4iskasvanutele lihtne puhastada.\",\"breadcrumb\":{\"@id\":\"https:\/\/gegokids.ee\/toode\/marcus-marcus-roostevaba-joogipudel-350ml\/#breadcrumb\"},\"inLanguage\":\"en-US\",\"potentialAction\":[{\"@type\":\"ReadAction\",\"target\":[\"https:\/\/gegokids.ee\/toode\/marcus-marcus-roostevaba-joogipudel-350ml\/\"]}]},{\"@type\":\"ImageObject\",\"inLanguage\":\"en-US\",\"@id\":\"https:\/\/gegokids.ee\/toode\/marcus-marcus-roostevaba-joogipudel-350ml\/#primaryimage\",\"url\":\"https:\/\/gegokids.ee\/wp-content\/uploads\/2023\/05\/Untitled-design-25.jpg\",\"contentUrl\":\"https:\/\/gegokids.ee\/wp-content\/uploads\/2023\/05\/Untitled-design-25.jpg\",\"width\":600,\"height\":400},{\"@type\":\"BreadcrumbList\",\"@id\":\"https:\/\/gegokids.ee\/toode\/marcus-marcus-roostevaba-joogipudel-350ml\/#breadcrumb\",\"itemListElement\":[{\"@type\":\"ListItem\",\"position\":1,\"name\":\"Home\",\"item\":\"https:\/\/gegokids.ee\/en\/\"},{\"@type\":\"ListItem\",\"position\":2,\"name\":\"E-pood\",\"item\":\"https:\/\/gegokids.ee\/e-pood\/\"},{\"@type\":\"ListItem\",\"position\":3,\"name\":\"Marcus &amp; Marcus roostevabast terasest joogipudel: 350ml\"}]},{\"@type\":\"WebSite\",\"@id\":\"https:\/\/gegokids.ee\/#website\",\"url\":\"https:\/\/gegokids.ee\/\",\"name\":\"Gegokids\",\"description\":\"Kvaliteetsed ja turvalised laste m\u00e4nguasjad.\",\"publisher\":{\"@id\":\"https:\/\/gegokids.ee\/#organization\"},\"potentialAction\":[{\"@type\":\"SearchAction\",\"target\":{\"@type\":\"EntryPoint\",\"urlTemplate\":\"https:\/\/gegokids.ee\/?s={search_term_string}\"},\"query-input\":{\"@type\":\"PropertyValueSpecification\",\"valueRequired\":true,\"valueName\":\"search_term_string\"}}],\"inLanguage\":\"en-US\"},{\"@type\":\"Organization\",\"@id\":\"https:\/\/gegokids.ee\/#organization\",\"name\":\"Gegokids\",\"url\":\"https:\/\/gegokids.ee\/\",\"logo\":{\"@type\":\"ImageObject\",\"inLanguage\":\"en-US\",\"@id\":\"https:\/\/gegokids.ee\/#\/schema\/logo\/image\/\",\"url\":\"https:\/\/gegokids.ee\/wp-content\/uploads\/2022\/06\/logo2.png\",\"contentUrl\":\"https:\/\/gegokids.ee\/wp-content\/uploads\/2022\/06\/logo2.png\",\"width\":358,\"height\":104,\"caption\":\"Gegokids\"},\"image\":{\"@id\":\"https:\/\/gegokids.ee\/#\/schema\/logo\/image\/\"},\"sameAs\":[\"https:\/\/www.facebook.com\/GegoKids\",\"https:\/\/www.instagram.com\/gegokids.ee\/\"]}]}<\/script>\n<!-- \/ Yoast SEO plugin. -->","yoast_head_json":{"title":"Marcus &amp; Marcus roostevabast terasest joogipudel: 350ml | Gegokids","description":"Marucs ja Marcus roostevabast terasest isoleeritud veepudel on ideaalne, et teie v\u00e4ike laps saaks seda iseseisvalt kasutada. See hoiab joogid teatud aja jooksul nii k\u00fclmana kui ka kuumana. Lekkekindla disainiga on lastel lihtne veepudelit erinevate tegevuste jaoks kaasa v\u00f5tta. Ja seda on t\u00e4iskasvanutele lihtne puhastada.","robots":{"index":"index","follow":"follow","max-snippet":"max-snippet:-1","max-image-preview":"max-image-preview:large","max-video-preview":"max-video-preview:-1"},"canonical":"https:\/\/gegokids.ee\/en\/product\/marcus-marcus-roostevaba-joogipudel-350ml\/","og_locale":"en_US","og_type":"article","og_title":"Marcus &amp; Marcus roostevabast terasest joogipudel: 350ml | Gegokids","og_description":"Marucs ja Marcus roostevabast terasest isoleeritud veepudel on ideaalne, et teie v\u00e4ike laps saaks seda iseseisvalt kasutada. See hoiab joogid teatud aja jooksul nii k\u00fclmana kui ka kuumana. Lekkekindla disainiga on lastel lihtne veepudelit erinevate tegevuste jaoks kaasa v\u00f5tta. Ja seda on t\u00e4iskasvanutele lihtne puhastada.","og_url":"https:\/\/gegokids.ee\/en\/product\/marcus-marcus-roostevaba-joogipudel-350ml\/","og_site_name":"Gegokids","article_publisher":"https:\/\/www.facebook.com\/GegoKids","article_modified_time":"2026-02-08T16:20:12+00:00","og_image":[{"width":1200,"height":1600,"url":"https:\/\/gegokids.ee\/wp-content\/uploads\/2023\/05\/MNMKD50_FB3.jpg","type":"image\/jpeg"}],"twitter_card":"summary_large_image","twitter_misc":{"Est. reading time":"2 minutes"},"schema":{"@context":"https:\/\/schema.org","@graph":[{"@type":"WebPage","@id":"https:\/\/gegokids.ee\/toode\/marcus-marcus-roostevaba-joogipudel-350ml\/","url":"https:\/\/gegokids.ee\/toode\/marcus-marcus-roostevaba-joogipudel-350ml\/","name":"Marcus &amp; Marcus roostevabast terasest joogipudel: 350ml | Gegokids","isPartOf":{"@id":"https:\/\/gegokids.ee\/#website"},"primaryImageOfPage":{"@id":"https:\/\/gegokids.ee\/toode\/marcus-marcus-roostevaba-joogipudel-350ml\/#primaryimage"},"image":{"@id":"https:\/\/gegokids.ee\/toode\/marcus-marcus-roostevaba-joogipudel-350ml\/#primaryimage"},"thumbnailUrl":"https:\/\/gegokids.ee\/wp-content\/uploads\/2023\/05\/Untitled-design-25.jpg","datePublished":"2023-05-18T17:30:10+00:00","dateModified":"2026-02-08T16:20:12+00:00","description":"Marucs ja Marcus roostevabast terasest isoleeritud veepudel on ideaalne, et teie v\u00e4ike laps saaks seda iseseisvalt kasutada. See hoiab joogid teatud aja jooksul nii k\u00fclmana kui ka kuumana. Lekkekindla disainiga on lastel lihtne veepudelit erinevate tegevuste jaoks kaasa v\u00f5tta. Ja seda on t\u00e4iskasvanutele lihtne puhastada.","breadcrumb":{"@id":"https:\/\/gegokids.ee\/toode\/marcus-marcus-roostevaba-joogipudel-350ml\/#breadcrumb"},"inLanguage":"en-US","potentialAction":[{"@type":"ReadAction","target":["https:\/\/gegokids.ee\/toode\/marcus-marcus-roostevaba-joogipudel-350ml\/"]}]},{"@type":"ImageObject","inLanguage":"en-US","@id":"https:\/\/gegokids.ee\/toode\/marcus-marcus-roostevaba-joogipudel-350ml\/#primaryimage","url":"https:\/\/gegokids.ee\/wp-content\/uploads\/2023\/05\/Untitled-design-25.jpg","contentUrl":"https:\/\/gegokids.ee\/wp-content\/uploads\/2023\/05\/Untitled-design-25.jpg","width":600,"height":400},{"@type":"BreadcrumbList","@id":"https:\/\/gegokids.ee\/toode\/marcus-marcus-roostevaba-joogipudel-350ml\/#breadcrumb","itemListElement":[{"@type":"ListItem","position":1,"name":"Home","item":"https:\/\/gegokids.ee\/en\/"},{"@type":"ListItem","position":2,"name":"E-pood","item":"https:\/\/gegokids.ee\/e-pood\/"},{"@type":"ListItem","position":3,"name":"Marcus &amp; Marcus roostevabast terasest joogipudel: 350ml"}]},{"@type":"WebSite","@id":"https:\/\/gegokids.ee\/#website","url":"https:\/\/gegokids.ee\/","name":"Gegokids","description":"Kvaliteetsed ja turvalised laste m\u00e4nguasjad.","publisher":{"@id":"https:\/\/gegokids.ee\/#organization"},"potentialAction":[{"@type":"SearchAction","target":{"@type":"EntryPoint","urlTemplate":"https:\/\/gegokids.ee\/?s={search_term_string}"},"query-input":{"@type":"PropertyValueSpecification","valueRequired":true,"valueName":"search_term_string"}}],"inLanguage":"en-US"},{"@type":"Organization","@id":"https:\/\/gegokids.ee\/#organization","name":"Gegokids","url":"https:\/\/gegokids.ee\/","logo":{"@type":"ImageObject","inLanguage":"en-US","@id":"https:\/\/gegokids.ee\/#\/schema\/logo\/image\/","url":"https:\/\/gegokids.ee\/wp-content\/uploads\/2022\/06\/logo2.png","contentUrl":"https:\/\/gegokids.ee\/wp-content\/uploads\/2022\/06\/logo2.png","width":358,"height":104,"caption":"Gegokids"},"image":{"@id":"https:\/\/gegokids.ee\/#\/schema\/logo\/image\/"},"sameAs":["https:\/\/www.facebook.com\/GegoKids","https:\/\/www.instagram.com\/gegokids.ee\/"]}]}},"_links":{"self":[{"href":"https:\/\/gegokids.ee\/en\/wp-json\/wp\/v2\/product\/27606","targetHints":{"allow":["GET"]}}],"collection":[{"href":"https:\/\/gegokids.ee\/en\/wp-json\/wp\/v2\/product"}],"about":[{"href":"https:\/\/gegokids.ee\/en\/wp-json\/wp\/v2\/types\/product"}],"replies":[{"embeddable":true,"href":"https:\/\/gegokids.ee\/en\/wp-json\/wp\/v2\/comments?post=27606"}],"version-history":[{"count":5,"href":"https:\/\/gegokids.ee\/en\/wp-json\/wp\/v2\/product\/27606\/revisions"}],"predecessor-version":[{"id":29020,"href":"https:\/\/gegokids.ee\/en\/wp-json\/wp\/v2\/product\/27606\/revisions\/29020"}],"wp:featuredmedia":[{"embeddable":true,"href":"https:\/\/gegokids.ee\/en\/wp-json\/wp\/v2\/media\/27620"}],"wp:attachment":[{"href":"https:\/\/gegokids.ee\/en\/wp-json\/wp\/v2\/media?parent=27606"}],"wp:term":[{"taxonomy":"product_brand","embeddable":true,"href":"https:\/\/gegokids.ee\/en\/wp-json\/wp\/v2\/product_brand?post=27606"},{"taxonomy":"product_cat","embeddable":true,"href":"https:\/\/gegokids.ee\/en\/wp-json\/wp\/v2\/product_cat?post=27606"},{"taxonomy":"product_tag","embeddable":true,"href":"https:\/\/gegokids.ee\/en\/wp-json\/wp\/v2\/product_tag?post=27606"}],"curies":[{"name":"wp","href":"https:\/\/api.w.org\/{rel}","templated":true}]}}