{"id":27602,"date":"2023-05-18T16:40:39","date_gmt":"2023-05-18T16:40:39","guid":{"rendered":"https:\/\/gegokids.ee\/?post_type=product&#038;p=27602"},"modified":"2026-02-09T01:03:52","modified_gmt":"2026-02-08T22:03:52","slug":"marcus-marcus-panda-oppimistass","status":"publish","type":"product","link":"https:\/\/gegokids.ee\/en\/product\/marcus-marcus-panda-oppimistass\/","title":{"rendered":"Marcus &amp; Marcus Panda \u00f5ppimistass"},"content":{"rendered":"","protected":false},"excerpt":{"rendered":"<div class=\"e213-26 x-text\">\n<p><span style=\"color: #000000;\">Marcus &amp; Marcus silikoonist mini \u00f5ppimistass on valmistatud BPA- ja ftalaadivabast silikoonist, mis on purunemiskindel.<\/span><br \/>\n<span style=\"color: #000000;\">V\u00f5ib-olla meeldib teie pisikesele teid klaasist joomist j\u00e4ljendada. Tassi suurus mahutab 120 ml vett, mis ei ole alustamiseks liiga raske, kontuuriga on kujundatud tass v\u00e4ikestele k\u00e4tele loomulikku sobivust. Lai aluskonstruktsioon aitab v\u00e4ltida kerget \u00fcmberminekut.\u00a0<\/span><\/p>\n<p><span style=\"color: #000000;\">OMADUSED:<\/span><br \/>\n<span style=\"color: #000000;\">Toidukvaliteediga silikoonkumm<\/span><br \/>\n<span style=\"color: #000000;\">N\u00f5udepesumasinas \u00fclemisel riiulil ohutu pesta<\/span><br \/>\n<span style=\"color: #000000;\">Ohutu UV\/Auru sterilisaatoriga puhastada<\/span><br \/>\n<span style=\"color: #000000;\">Contour Edge pakub v\u00e4ikestele k\u00e4tele loomulikku sobivust<\/span><br \/>\n<span style=\"color: #000000;\">Lai alus hoiab \u00e4ra \u00fcmber kallutamise<\/span><br \/>\n<span style=\"color: #000000;\">Pehme silikoon kaitseb lapse arenevaid hambaid<\/span><\/p>\n<p><span style=\"color: #000000;\">PUHASTAMINE JA HOOLDUS:<\/span><br \/>\n<span style=\"color: #000000;\">\u00dclemise restiga n\u00f5udepesumasinas pestav<\/span><br \/>\n<span style=\"color: #000000;\">UV-sterilisaator<\/span><br \/>\n<span style=\"color: #000000;\">Aurusterilisaator ohutu kasutamiseks<\/span><br \/>\n<span style=\"color: #000000;\">Mikrolaineahjus ohutu kasutamiseks<\/span><br \/>\n<span style=\"color: #000000;\">Peske iga t\u00fckk eraldi enne esmakordset kasutamist ja p\u00e4rast iga kasutamist<\/span><br \/>\n<span style=\"color: #000000;\">Plekid saab eemaldada kuuma seebiveega pestes<\/span><\/p>\n<p><span style=\"color: #000000;\">VANUS:<\/span><br \/>\n<span style=\"color: #000000;\">6+ kuud<\/span><\/p>\n<p><span style=\"color: #000000;\">TOOTE SUURUS:<\/span><br \/>\n<span style=\"color: #000000;\">Mahutavus: 120ml\u00a0<\/span><br \/>\n<span style=\"color: #000000;\">63 [laius] x 63 [s] x 71 [k\u00f5rgus] mm<\/span><\/p>\n<p><span style=\"color: #000000;\">MATERJAL:<\/span><br \/>\n<span style=\"color: #000000;\">Toidukvaliteediga silikoonkumm<\/span><\/p>\n<p><span style=\"color: #000000;\">TALUVUSTEMPERATUUR:<\/span><br \/>\n<span style=\"color: #000000;\">-20\u00b0C kuni 220\u00b0C<\/span><\/p>\n<\/div>\n<div class=\"e213-28 x-text\"><\/div>\n<div><\/div>\n<div><span style=\"font-size: 12pt; color: #000000;\"><strong>Tarne 2-5 t\u00f6\u00f6p\u00e4eva!<\/strong><\/span><\/div>\n","protected":false},"featured_media":27603,"comment_status":"open","ping_status":"closed","template":"","meta":[],"product_brand":[455],"product_cat":[285,422],"product_tag":[446,474,457,458,461],"class_list":{"0":"post-27602","1":"product","2":"type-product","3":"status-publish","4":"has-post-thumbnail","6":"product_brand-marcus-marcus","7":"product_cat-koik","8":"product_cat-laste-soogikomplektid","9":"product_tag-joogipudelid","10":"product_tag-soomistarvikud","11":"product_tag-beebidele-0-1-a","12":"product_tag-vaikelastele-1-3-a","13":"product_tag-461","15":"first","16":"instock","17":"shipping-taxable","18":"purchasable","19":"product-type-simple"},"yoast_head":"<!-- This site is optimized with the Yoast SEO plugin v26.9 - https:\/\/yoast.com\/product\/yoast-seo-wordpress\/ -->\n<title>Marcus &amp; Marcus Panda \u00f5ppimistass | Gegokids<\/title>\n<meta name=\"description\" content=\"Marcus &amp; Marcus silikoonist mini \u00f5ppimistass on valmistatud BPA- ja ftalaadivabast silikoonist, mis on purunemiskindel.V\u00f5ib-olla meeldib teie pisikesele teid klaasist joomist j\u00e4ljendada. Tassi suurus mahutab 120 ml vett, mis ei ole alustamiseks liiga raske, kontuuriga on kujundatud tass v\u00e4ikestele k\u00e4tele loomulikku sobivust. Lai aluskonstruktsioon aitab v\u00e4ltida kerget \u00fcmberminekut.\u00a0\" \/>\n<meta name=\"robots\" content=\"index, follow, max-snippet:-1, max-image-preview:large, max-video-preview:-1\" \/>\n<link rel=\"canonical\" href=\"https:\/\/gegokids.ee\/en\/product\/marcus-marcus-panda-oppimistass\/\" \/>\n<meta property=\"og:locale\" content=\"en_US\" \/>\n<meta property=\"og:type\" content=\"article\" \/>\n<meta property=\"og:title\" content=\"Marcus &amp; Marcus Panda \u00f5ppimistass | Gegokids\" \/>\n<meta property=\"og:description\" content=\"Marcus &amp; Marcus silikoonist mini \u00f5ppimistass on valmistatud BPA- ja ftalaadivabast silikoonist, mis on purunemiskindel.V\u00f5ib-olla meeldib teie pisikesele teid klaasist joomist j\u00e4ljendada. Tassi suurus mahutab 120 ml vett, mis ei ole alustamiseks liiga raske, kontuuriga on kujundatud tass v\u00e4ikestele k\u00e4tele loomulikku sobivust. Lai aluskonstruktsioon aitab v\u00e4ltida kerget \u00fcmberminekut.\u00a0\" \/>\n<meta property=\"og:url\" content=\"https:\/\/gegokids.ee\/en\/product\/marcus-marcus-panda-oppimistass\/\" \/>\n<meta property=\"og:site_name\" content=\"Gegokids\" \/>\n<meta property=\"article:publisher\" content=\"https:\/\/www.facebook.com\/GegoKids\" \/>\n<meta property=\"article:modified_time\" content=\"2026-02-08T22:03:52+00:00\" \/>\n<meta property=\"og:image\" content=\"https:\/\/gegokids.ee\/wp-content\/uploads\/2023\/05\/Untitled-design-23.jpg\" \/>\n\t<meta property=\"og:image:width\" content=\"600\" \/>\n\t<meta property=\"og:image:height\" content=\"400\" \/>\n\t<meta property=\"og:image:type\" content=\"image\/jpeg\" \/>\n<meta name=\"twitter:card\" content=\"summary_large_image\" \/>\n<meta name=\"twitter:label1\" content=\"Est. reading time\" \/>\n\t<meta name=\"twitter:data1\" content=\"1 minute\" \/>\n<script type=\"application\/ld+json\" class=\"yoast-schema-graph\">{\"@context\":\"https:\/\/schema.org\",\"@graph\":[{\"@type\":\"WebPage\",\"@id\":\"https:\/\/gegokids.ee\/toode\/marcus-marcus-panda-oppimistass\/\",\"url\":\"https:\/\/gegokids.ee\/toode\/marcus-marcus-panda-oppimistass\/\",\"name\":\"Marcus &amp; Marcus Panda \u00f5ppimistass | Gegokids\",\"isPartOf\":{\"@id\":\"https:\/\/gegokids.ee\/#website\"},\"primaryImageOfPage\":{\"@id\":\"https:\/\/gegokids.ee\/toode\/marcus-marcus-panda-oppimistass\/#primaryimage\"},\"image\":{\"@id\":\"https:\/\/gegokids.ee\/toode\/marcus-marcus-panda-oppimistass\/#primaryimage\"},\"thumbnailUrl\":\"https:\/\/gegokids.ee\/wp-content\/uploads\/2023\/05\/Untitled-design-23.jpg\",\"datePublished\":\"2023-05-18T16:40:39+00:00\",\"dateModified\":\"2026-02-08T22:03:52+00:00\",\"description\":\"Marcus & Marcus silikoonist mini \u00f5ppimistass on valmistatud BPA- ja ftalaadivabast silikoonist, mis on purunemiskindel.V\u00f5ib-olla meeldib teie pisikesele teid klaasist joomist j\u00e4ljendada. Tassi suurus mahutab 120 ml vett, mis ei ole alustamiseks liiga raske, kontuuriga on kujundatud tass v\u00e4ikestele k\u00e4tele loomulikku sobivust. Lai aluskonstruktsioon aitab v\u00e4ltida kerget \u00fcmberminekut.\u00a0\",\"breadcrumb\":{\"@id\":\"https:\/\/gegokids.ee\/toode\/marcus-marcus-panda-oppimistass\/#breadcrumb\"},\"inLanguage\":\"en-US\",\"potentialAction\":[{\"@type\":\"ReadAction\",\"target\":[\"https:\/\/gegokids.ee\/toode\/marcus-marcus-panda-oppimistass\/\"]}]},{\"@type\":\"ImageObject\",\"inLanguage\":\"en-US\",\"@id\":\"https:\/\/gegokids.ee\/toode\/marcus-marcus-panda-oppimistass\/#primaryimage\",\"url\":\"https:\/\/gegokids.ee\/wp-content\/uploads\/2023\/05\/Untitled-design-23.jpg\",\"contentUrl\":\"https:\/\/gegokids.ee\/wp-content\/uploads\/2023\/05\/Untitled-design-23.jpg\",\"width\":600,\"height\":400},{\"@type\":\"BreadcrumbList\",\"@id\":\"https:\/\/gegokids.ee\/toode\/marcus-marcus-panda-oppimistass\/#breadcrumb\",\"itemListElement\":[{\"@type\":\"ListItem\",\"position\":1,\"name\":\"Home\",\"item\":\"https:\/\/gegokids.ee\/en\/\"},{\"@type\":\"ListItem\",\"position\":2,\"name\":\"E-pood\",\"item\":\"https:\/\/gegokids.ee\/e-pood\/\"},{\"@type\":\"ListItem\",\"position\":3,\"name\":\"Marcus &amp; Marcus Panda \u00f5ppimistass\"}]},{\"@type\":\"WebSite\",\"@id\":\"https:\/\/gegokids.ee\/#website\",\"url\":\"https:\/\/gegokids.ee\/\",\"name\":\"Gegokids\",\"description\":\"Kvaliteetsed ja turvalised laste m\u00e4nguasjad.\",\"publisher\":{\"@id\":\"https:\/\/gegokids.ee\/#organization\"},\"potentialAction\":[{\"@type\":\"SearchAction\",\"target\":{\"@type\":\"EntryPoint\",\"urlTemplate\":\"https:\/\/gegokids.ee\/?s={search_term_string}\"},\"query-input\":{\"@type\":\"PropertyValueSpecification\",\"valueRequired\":true,\"valueName\":\"search_term_string\"}}],\"inLanguage\":\"en-US\"},{\"@type\":\"Organization\",\"@id\":\"https:\/\/gegokids.ee\/#organization\",\"name\":\"Gegokids\",\"url\":\"https:\/\/gegokids.ee\/\",\"logo\":{\"@type\":\"ImageObject\",\"inLanguage\":\"en-US\",\"@id\":\"https:\/\/gegokids.ee\/#\/schema\/logo\/image\/\",\"url\":\"https:\/\/gegokids.ee\/wp-content\/uploads\/2022\/06\/logo2.png\",\"contentUrl\":\"https:\/\/gegokids.ee\/wp-content\/uploads\/2022\/06\/logo2.png\",\"width\":358,\"height\":104,\"caption\":\"Gegokids\"},\"image\":{\"@id\":\"https:\/\/gegokids.ee\/#\/schema\/logo\/image\/\"},\"sameAs\":[\"https:\/\/www.facebook.com\/GegoKids\",\"https:\/\/www.instagram.com\/gegokids.ee\/\"]}]}<\/script>\n<!-- \/ Yoast SEO plugin. -->","yoast_head_json":{"title":"Marcus &amp; Marcus Panda \u00f5ppimistass | Gegokids","description":"Marcus & Marcus silikoonist mini \u00f5ppimistass on valmistatud BPA- ja ftalaadivabast silikoonist, mis on purunemiskindel.V\u00f5ib-olla meeldib teie pisikesele teid klaasist joomist j\u00e4ljendada. Tassi suurus mahutab 120 ml vett, mis ei ole alustamiseks liiga raske, kontuuriga on kujundatud tass v\u00e4ikestele k\u00e4tele loomulikku sobivust. Lai aluskonstruktsioon aitab v\u00e4ltida kerget \u00fcmberminekut.\u00a0","robots":{"index":"index","follow":"follow","max-snippet":"max-snippet:-1","max-image-preview":"max-image-preview:large","max-video-preview":"max-video-preview:-1"},"canonical":"https:\/\/gegokids.ee\/en\/product\/marcus-marcus-panda-oppimistass\/","og_locale":"en_US","og_type":"article","og_title":"Marcus &amp; Marcus Panda \u00f5ppimistass | Gegokids","og_description":"Marcus & Marcus silikoonist mini \u00f5ppimistass on valmistatud BPA- ja ftalaadivabast silikoonist, mis on purunemiskindel.V\u00f5ib-olla meeldib teie pisikesele teid klaasist joomist j\u00e4ljendada. Tassi suurus mahutab 120 ml vett, mis ei ole alustamiseks liiga raske, kontuuriga on kujundatud tass v\u00e4ikestele k\u00e4tele loomulikku sobivust. Lai aluskonstruktsioon aitab v\u00e4ltida kerget \u00fcmberminekut.\u00a0","og_url":"https:\/\/gegokids.ee\/en\/product\/marcus-marcus-panda-oppimistass\/","og_site_name":"Gegokids","article_publisher":"https:\/\/www.facebook.com\/GegoKids","article_modified_time":"2026-02-08T22:03:52+00:00","og_image":[{"width":600,"height":400,"url":"https:\/\/gegokids.ee\/wp-content\/uploads\/2023\/05\/Untitled-design-23.jpg","type":"image\/jpeg"}],"twitter_card":"summary_large_image","twitter_misc":{"Est. reading time":"1 minute"},"schema":{"@context":"https:\/\/schema.org","@graph":[{"@type":"WebPage","@id":"https:\/\/gegokids.ee\/toode\/marcus-marcus-panda-oppimistass\/","url":"https:\/\/gegokids.ee\/toode\/marcus-marcus-panda-oppimistass\/","name":"Marcus &amp; Marcus Panda \u00f5ppimistass | Gegokids","isPartOf":{"@id":"https:\/\/gegokids.ee\/#website"},"primaryImageOfPage":{"@id":"https:\/\/gegokids.ee\/toode\/marcus-marcus-panda-oppimistass\/#primaryimage"},"image":{"@id":"https:\/\/gegokids.ee\/toode\/marcus-marcus-panda-oppimistass\/#primaryimage"},"thumbnailUrl":"https:\/\/gegokids.ee\/wp-content\/uploads\/2023\/05\/Untitled-design-23.jpg","datePublished":"2023-05-18T16:40:39+00:00","dateModified":"2026-02-08T22:03:52+00:00","description":"Marcus & Marcus silikoonist mini \u00f5ppimistass on valmistatud BPA- ja ftalaadivabast silikoonist, mis on purunemiskindel.V\u00f5ib-olla meeldib teie pisikesele teid klaasist joomist j\u00e4ljendada. Tassi suurus mahutab 120 ml vett, mis ei ole alustamiseks liiga raske, kontuuriga on kujundatud tass v\u00e4ikestele k\u00e4tele loomulikku sobivust. Lai aluskonstruktsioon aitab v\u00e4ltida kerget \u00fcmberminekut.\u00a0","breadcrumb":{"@id":"https:\/\/gegokids.ee\/toode\/marcus-marcus-panda-oppimistass\/#breadcrumb"},"inLanguage":"en-US","potentialAction":[{"@type":"ReadAction","target":["https:\/\/gegokids.ee\/toode\/marcus-marcus-panda-oppimistass\/"]}]},{"@type":"ImageObject","inLanguage":"en-US","@id":"https:\/\/gegokids.ee\/toode\/marcus-marcus-panda-oppimistass\/#primaryimage","url":"https:\/\/gegokids.ee\/wp-content\/uploads\/2023\/05\/Untitled-design-23.jpg","contentUrl":"https:\/\/gegokids.ee\/wp-content\/uploads\/2023\/05\/Untitled-design-23.jpg","width":600,"height":400},{"@type":"BreadcrumbList","@id":"https:\/\/gegokids.ee\/toode\/marcus-marcus-panda-oppimistass\/#breadcrumb","itemListElement":[{"@type":"ListItem","position":1,"name":"Home","item":"https:\/\/gegokids.ee\/en\/"},{"@type":"ListItem","position":2,"name":"E-pood","item":"https:\/\/gegokids.ee\/e-pood\/"},{"@type":"ListItem","position":3,"name":"Marcus &amp; Marcus Panda \u00f5ppimistass"}]},{"@type":"WebSite","@id":"https:\/\/gegokids.ee\/#website","url":"https:\/\/gegokids.ee\/","name":"Gegokids","description":"Kvaliteetsed ja turvalised laste m\u00e4nguasjad.","publisher":{"@id":"https:\/\/gegokids.ee\/#organization"},"potentialAction":[{"@type":"SearchAction","target":{"@type":"EntryPoint","urlTemplate":"https:\/\/gegokids.ee\/?s={search_term_string}"},"query-input":{"@type":"PropertyValueSpecification","valueRequired":true,"valueName":"search_term_string"}}],"inLanguage":"en-US"},{"@type":"Organization","@id":"https:\/\/gegokids.ee\/#organization","name":"Gegokids","url":"https:\/\/gegokids.ee\/","logo":{"@type":"ImageObject","inLanguage":"en-US","@id":"https:\/\/gegokids.ee\/#\/schema\/logo\/image\/","url":"https:\/\/gegokids.ee\/wp-content\/uploads\/2022\/06\/logo2.png","contentUrl":"https:\/\/gegokids.ee\/wp-content\/uploads\/2022\/06\/logo2.png","width":358,"height":104,"caption":"Gegokids"},"image":{"@id":"https:\/\/gegokids.ee\/#\/schema\/logo\/image\/"},"sameAs":["https:\/\/www.facebook.com\/GegoKids","https:\/\/www.instagram.com\/gegokids.ee\/"]}]}},"_links":{"self":[{"href":"https:\/\/gegokids.ee\/en\/wp-json\/wp\/v2\/product\/27602","targetHints":{"allow":["GET"]}}],"collection":[{"href":"https:\/\/gegokids.ee\/en\/wp-json\/wp\/v2\/product"}],"about":[{"href":"https:\/\/gegokids.ee\/en\/wp-json\/wp\/v2\/types\/product"}],"replies":[{"embeddable":true,"href":"https:\/\/gegokids.ee\/en\/wp-json\/wp\/v2\/comments?post=27602"}],"version-history":[{"count":2,"href":"https:\/\/gegokids.ee\/en\/wp-json\/wp\/v2\/product\/27602\/revisions"}],"predecessor-version":[{"id":28735,"href":"https:\/\/gegokids.ee\/en\/wp-json\/wp\/v2\/product\/27602\/revisions\/28735"}],"wp:featuredmedia":[{"embeddable":true,"href":"https:\/\/gegokids.ee\/en\/wp-json\/wp\/v2\/media\/27603"}],"wp:attachment":[{"href":"https:\/\/gegokids.ee\/en\/wp-json\/wp\/v2\/media?parent=27602"}],"wp:term":[{"taxonomy":"product_brand","embeddable":true,"href":"https:\/\/gegokids.ee\/en\/wp-json\/wp\/v2\/product_brand?post=27602"},{"taxonomy":"product_cat","embeddable":true,"href":"https:\/\/gegokids.ee\/en\/wp-json\/wp\/v2\/product_cat?post=27602"},{"taxonomy":"product_tag","embeddable":true,"href":"https:\/\/gegokids.ee\/en\/wp-json\/wp\/v2\/product_tag?post=27602"}],"curies":[{"name":"wp","href":"https:\/\/api.w.org\/{rel}","templated":true}]}}