{"id":27595,"date":"2023-05-18T16:32:36","date_gmt":"2023-05-18T16:32:36","guid":{"rendered":"https:\/\/gegokids.ee\/?post_type=product&#038;p=27595"},"modified":"2026-02-09T01:57:30","modified_gmt":"2026-02-08T22:57:30","slug":"marcus-marcus-panda-soogipoll","status":"publish","type":"product","link":"https:\/\/gegokids.ee\/en\/product\/marcus-marcus-panda-soogipoll\/","title":{"rendered":"Marcus &amp; Marcus Panda s\u00f6\u00f6gip\u00f5ll"},"content":{"rendered":"<div class=\"e213-33 x-text x-text-headline\">\n<div class=\"x-text-content\">\n<div class=\"x-text-content-text\">\n<h1 class=\"x-text-content-text-primary\"><span style=\"font-family: georgia, palatino, serif; font-size: 12pt; color: #000000;\">Omadused:<\/span><\/h1>\n<\/div>\n<\/div>\n<\/div>\n<div class=\"e213-35 x-text\">\n<ul>\n<li><span style=\"font-family: georgia, palatino, serif; font-size: 12pt; color: #000000;\">BPA\/Ftalaatide vaba<\/span><\/li>\n<li><span style=\"font-family: georgia, palatino, serif; font-size: 12pt; color: #000000;\">Reguleeritav pehme kinnitus<\/span><\/li>\n<li><span style=\"font-family: georgia, palatino, serif; font-size: 12pt; color: #000000;\">Lai pind rinnal ja \u00f5lgadel<\/span><\/li>\n<li><span style=\"font-family: georgia, palatino, serif; font-size: 12pt; color: #000000;\">Ekstra suur kogumistasku<\/span><\/li>\n<li><span style=\"font-family: georgia, palatino, serif; font-size: 12pt; color: #000000;\">Pehme silikoon on \u00f5rn lapse naha vastu<\/span><\/li>\n<li><span style=\"font-family: georgia, palatino, serif; font-size: 12pt; color: #000000;\">Tasku saab hoiustada s\u00f6\u00f6giriistasid<\/span><\/li>\n<\/ul>\n<\/div>\n<div class=\"e213-37 x-text x-text-headline\">\n<div class=\"x-text-content\">\n<div class=\"x-text-content-text\">\n<h1 class=\"x-text-content-text-primary\"><span style=\"font-family: georgia, palatino, serif; font-size: 12pt; color: #000000;\">Hooldus:<\/span><\/h1>\n<\/div>\n<\/div>\n<\/div>\n<div class=\"e213-39 x-text\">\n<ul>\n<li><span style=\"font-family: georgia, palatino, serif; font-size: 12pt; color: #000000;\">Pestav n\u00f5udepesumasinas \u00fclemisel riiulil<\/span><\/li>\n<li><span style=\"font-family: georgia, palatino, serif; font-size: 12pt; color: #000000;\">UV steriliseeritav<\/span><\/li>\n<li><span style=\"font-family: georgia, palatino, serif; font-size: 12pt; color: #000000;\">Auruga steriliseeritav<\/span><\/li>\n<li><span style=\"font-family: georgia, palatino, serif; font-size: 12pt; color: #000000;\">Plekid on eemaldatavad sooja seebiveega<\/span><\/li>\n<li><span style=\"font-family: georgia, palatino, serif; font-size: 12pt; color: #000000;\">\u00c4rge keetke ega kraapige p\u00f5lle, v\u00e4ltimaks pinna kulumist<\/span><\/li>\n<\/ul>\n<p><span style=\"font-family: georgia, palatino, serif; font-size: 12pt; color: #000000;\">Vanus:<\/span><\/p>\n<\/div>\n<div class=\"e213-41 x-row\">\n<div class=\"x-row-inner\">\n<div class=\"e213-42 x-col\">\n<div class=\"x-anchor-content\">\n<div class=\"x-anchor-text\"><span class=\"x-anchor-text-primary\" style=\"font-family: georgia, palatino, serif; font-size: 12pt; color: #000000;\">6 kuud+<\/span><\/div>\n<\/div>\n<\/div>\n<\/div>\n<\/div>","protected":false},"excerpt":{"rendered":"<div class=\"e213-26 x-text\"><span style=\"font-size: 12pt; color: #000000;\">Hoia s\u00fc\u00fces oma laps puhtana! Lapsevanemad teavad milline v\u00f5ib olla v\u00e4ikese lapse s\u00f6\u00f6mine l\u00e4bi aegade. Ekstra suur kogumistasku on piisavalt suur, et p\u00fc\u00fcda kinni maha kukkuv toit. Pehme veluurist kinnitus aitab p\u00f5lle reguleerida vastavalt lapsele ja ei vigasta last. P\u00f5lled on valmistatud toidusilikoonist ja on \u00e4\u00e4rmiselt pehme pealispinnaga. P\u00f5ll on mustusth\u00fclgav ning lihtsasti puhastatav ja kiiresti kuivav. \u00a0<\/span><\/div>\n<div class=\"e213-28 x-text\"><\/div>\n<div><\/div>\n<div><\/div>\n<div><span style=\"font-size: 12pt; color: #000000;\"><strong>Tarne 3-8 t\u00f6\u00f6p\u00e4eva!<\/strong><\/span><\/div>","protected":false},"featured_media":27596,"comment_status":"open","ping_status":"closed","template":"","meta":[],"product_brand":[455],"product_cat":[285,422],"product_tag":[453,474,457,458],"class_list":{"0":"post-27595","1":"product","2":"type-product","3":"status-publish","4":"has-post-thumbnail","6":"product_brand-marcus-marcus","7":"product_cat-koik","8":"product_cat-laste-soogikomplektid","9":"product_tag-soogipolled-taskuga","10":"product_tag-soomistarvikud","11":"product_tag-beebidele-0-1-a","12":"product_tag-vaikelastele-1-3-a","14":"first","15":"instock","16":"shipping-taxable","17":"purchasable","18":"product-type-simple"},"yoast_head":"<!-- This site is optimized with the Yoast SEO plugin v26.9 - https:\/\/yoast.com\/product\/yoast-seo-wordpress\/ -->\n<title>Marcus &amp; Marcus Panda s\u00f6\u00f6gip\u00f5ll | Gegokids<\/title>\n<meta name=\"description\" content=\"Laia katvusega silikoonist beebip\u00f5ll kaitseb riideid s\u00f6\u00f6mise ajal. Marcus &amp; Marcus p\u00f5ll on pehme, kergesti puhastatav ja sobib alates 6 kuust.\" \/>\n<meta name=\"robots\" content=\"index, follow, max-snippet:-1, max-image-preview:large, max-video-preview:-1\" \/>\n<link rel=\"canonical\" href=\"https:\/\/gegokids.ee\/en\/product\/marcus-marcus-panda-soogipoll\/\" \/>\n<meta property=\"og:locale\" content=\"en_US\" \/>\n<meta property=\"og:type\" content=\"article\" \/>\n<meta property=\"og:title\" content=\"Marcus &amp; Marcus Panda s\u00f6\u00f6gip\u00f5ll | Gegokids\" \/>\n<meta property=\"og:description\" content=\"Laia katvusega silikoonist beebip\u00f5ll kaitseb riideid s\u00f6\u00f6mise ajal. Marcus &amp; Marcus p\u00f5ll on pehme, kergesti puhastatav ja sobib alates 6 kuust.\" \/>\n<meta property=\"og:url\" content=\"https:\/\/gegokids.ee\/en\/product\/marcus-marcus-panda-soogipoll\/\" \/>\n<meta property=\"og:site_name\" content=\"Gegokids\" \/>\n<meta property=\"article:publisher\" content=\"https:\/\/www.facebook.com\/GegoKids\" \/>\n<meta property=\"article:modified_time\" content=\"2026-02-08T22:57:30+00:00\" \/>\n<meta property=\"og:image\" content=\"https:\/\/gegokids.ee\/wp-content\/uploads\/2023\/05\/Untitled-design-21.jpg\" \/>\n\t<meta property=\"og:image:width\" content=\"600\" \/>\n\t<meta property=\"og:image:height\" content=\"400\" \/>\n\t<meta property=\"og:image:type\" content=\"image\/jpeg\" \/>\n<meta name=\"twitter:card\" content=\"summary_large_image\" \/>\n<meta name=\"twitter:label1\" content=\"Est. reading time\" \/>\n\t<meta name=\"twitter:data1\" content=\"1 minute\" \/>\n<script type=\"application\/ld+json\" class=\"yoast-schema-graph\">{\"@context\":\"https:\/\/schema.org\",\"@graph\":[{\"@type\":\"WebPage\",\"@id\":\"https:\/\/gegokids.ee\/toode\/marcus-marcus-panda-soogipoll\/\",\"url\":\"https:\/\/gegokids.ee\/toode\/marcus-marcus-panda-soogipoll\/\",\"name\":\"Marcus &amp; Marcus Panda s\u00f6\u00f6gip\u00f5ll | Gegokids\",\"isPartOf\":{\"@id\":\"https:\/\/gegokids.ee\/#website\"},\"primaryImageOfPage\":{\"@id\":\"https:\/\/gegokids.ee\/toode\/marcus-marcus-panda-soogipoll\/#primaryimage\"},\"image\":{\"@id\":\"https:\/\/gegokids.ee\/toode\/marcus-marcus-panda-soogipoll\/#primaryimage\"},\"thumbnailUrl\":\"https:\/\/gegokids.ee\/wp-content\/uploads\/2023\/05\/Untitled-design-21.jpg\",\"datePublished\":\"2023-05-18T16:32:36+00:00\",\"dateModified\":\"2026-02-08T22:57:30+00:00\",\"description\":\"Laia katvusega silikoonist beebip\u00f5ll kaitseb riideid s\u00f6\u00f6mise ajal. Marcus & Marcus p\u00f5ll on pehme, kergesti puhastatav ja sobib alates 6 kuust.\",\"breadcrumb\":{\"@id\":\"https:\/\/gegokids.ee\/toode\/marcus-marcus-panda-soogipoll\/#breadcrumb\"},\"inLanguage\":\"en-US\",\"potentialAction\":[{\"@type\":\"ReadAction\",\"target\":[\"https:\/\/gegokids.ee\/toode\/marcus-marcus-panda-soogipoll\/\"]}]},{\"@type\":\"ImageObject\",\"inLanguage\":\"en-US\",\"@id\":\"https:\/\/gegokids.ee\/toode\/marcus-marcus-panda-soogipoll\/#primaryimage\",\"url\":\"https:\/\/gegokids.ee\/wp-content\/uploads\/2023\/05\/Untitled-design-21.jpg\",\"contentUrl\":\"https:\/\/gegokids.ee\/wp-content\/uploads\/2023\/05\/Untitled-design-21.jpg\",\"width\":600,\"height\":400},{\"@type\":\"BreadcrumbList\",\"@id\":\"https:\/\/gegokids.ee\/toode\/marcus-marcus-panda-soogipoll\/#breadcrumb\",\"itemListElement\":[{\"@type\":\"ListItem\",\"position\":1,\"name\":\"Home\",\"item\":\"https:\/\/gegokids.ee\/en\/\"},{\"@type\":\"ListItem\",\"position\":2,\"name\":\"E-pood\",\"item\":\"https:\/\/gegokids.ee\/e-pood\/\"},{\"@type\":\"ListItem\",\"position\":3,\"name\":\"Marcus &amp; Marcus Panda s\u00f6\u00f6gip\u00f5ll\"}]},{\"@type\":\"WebSite\",\"@id\":\"https:\/\/gegokids.ee\/#website\",\"url\":\"https:\/\/gegokids.ee\/\",\"name\":\"Gegokids\",\"description\":\"Kvaliteetsed ja turvalised laste m\u00e4nguasjad.\",\"publisher\":{\"@id\":\"https:\/\/gegokids.ee\/#organization\"},\"potentialAction\":[{\"@type\":\"SearchAction\",\"target\":{\"@type\":\"EntryPoint\",\"urlTemplate\":\"https:\/\/gegokids.ee\/?s={search_term_string}\"},\"query-input\":{\"@type\":\"PropertyValueSpecification\",\"valueRequired\":true,\"valueName\":\"search_term_string\"}}],\"inLanguage\":\"en-US\"},{\"@type\":\"Organization\",\"@id\":\"https:\/\/gegokids.ee\/#organization\",\"name\":\"Gegokids\",\"url\":\"https:\/\/gegokids.ee\/\",\"logo\":{\"@type\":\"ImageObject\",\"inLanguage\":\"en-US\",\"@id\":\"https:\/\/gegokids.ee\/#\/schema\/logo\/image\/\",\"url\":\"https:\/\/gegokids.ee\/wp-content\/uploads\/2022\/06\/logo2.png\",\"contentUrl\":\"https:\/\/gegokids.ee\/wp-content\/uploads\/2022\/06\/logo2.png\",\"width\":358,\"height\":104,\"caption\":\"Gegokids\"},\"image\":{\"@id\":\"https:\/\/gegokids.ee\/#\/schema\/logo\/image\/\"},\"sameAs\":[\"https:\/\/www.facebook.com\/GegoKids\",\"https:\/\/www.instagram.com\/gegokids.ee\/\"]}]}<\/script>\n<!-- \/ Yoast SEO plugin. -->","yoast_head_json":{"title":"Marcus &amp; Marcus Panda s\u00f6\u00f6gip\u00f5ll | Gegokids","description":"Laia katvusega silikoonist beebip\u00f5ll kaitseb riideid s\u00f6\u00f6mise ajal. Marcus & Marcus p\u00f5ll on pehme, kergesti puhastatav ja sobib alates 6 kuust.","robots":{"index":"index","follow":"follow","max-snippet":"max-snippet:-1","max-image-preview":"max-image-preview:large","max-video-preview":"max-video-preview:-1"},"canonical":"https:\/\/gegokids.ee\/en\/product\/marcus-marcus-panda-soogipoll\/","og_locale":"en_US","og_type":"article","og_title":"Marcus &amp; Marcus Panda s\u00f6\u00f6gip\u00f5ll | Gegokids","og_description":"Laia katvusega silikoonist beebip\u00f5ll kaitseb riideid s\u00f6\u00f6mise ajal. Marcus & Marcus p\u00f5ll on pehme, kergesti puhastatav ja sobib alates 6 kuust.","og_url":"https:\/\/gegokids.ee\/en\/product\/marcus-marcus-panda-soogipoll\/","og_site_name":"Gegokids","article_publisher":"https:\/\/www.facebook.com\/GegoKids","article_modified_time":"2026-02-08T22:57:30+00:00","og_image":[{"width":600,"height":400,"url":"https:\/\/gegokids.ee\/wp-content\/uploads\/2023\/05\/Untitled-design-21.jpg","type":"image\/jpeg"}],"twitter_card":"summary_large_image","twitter_misc":{"Est. reading time":"1 minute"},"schema":{"@context":"https:\/\/schema.org","@graph":[{"@type":"WebPage","@id":"https:\/\/gegokids.ee\/toode\/marcus-marcus-panda-soogipoll\/","url":"https:\/\/gegokids.ee\/toode\/marcus-marcus-panda-soogipoll\/","name":"Marcus &amp; Marcus Panda s\u00f6\u00f6gip\u00f5ll | Gegokids","isPartOf":{"@id":"https:\/\/gegokids.ee\/#website"},"primaryImageOfPage":{"@id":"https:\/\/gegokids.ee\/toode\/marcus-marcus-panda-soogipoll\/#primaryimage"},"image":{"@id":"https:\/\/gegokids.ee\/toode\/marcus-marcus-panda-soogipoll\/#primaryimage"},"thumbnailUrl":"https:\/\/gegokids.ee\/wp-content\/uploads\/2023\/05\/Untitled-design-21.jpg","datePublished":"2023-05-18T16:32:36+00:00","dateModified":"2026-02-08T22:57:30+00:00","description":"Laia katvusega silikoonist beebip\u00f5ll kaitseb riideid s\u00f6\u00f6mise ajal. Marcus & Marcus p\u00f5ll on pehme, kergesti puhastatav ja sobib alates 6 kuust.","breadcrumb":{"@id":"https:\/\/gegokids.ee\/toode\/marcus-marcus-panda-soogipoll\/#breadcrumb"},"inLanguage":"en-US","potentialAction":[{"@type":"ReadAction","target":["https:\/\/gegokids.ee\/toode\/marcus-marcus-panda-soogipoll\/"]}]},{"@type":"ImageObject","inLanguage":"en-US","@id":"https:\/\/gegokids.ee\/toode\/marcus-marcus-panda-soogipoll\/#primaryimage","url":"https:\/\/gegokids.ee\/wp-content\/uploads\/2023\/05\/Untitled-design-21.jpg","contentUrl":"https:\/\/gegokids.ee\/wp-content\/uploads\/2023\/05\/Untitled-design-21.jpg","width":600,"height":400},{"@type":"BreadcrumbList","@id":"https:\/\/gegokids.ee\/toode\/marcus-marcus-panda-soogipoll\/#breadcrumb","itemListElement":[{"@type":"ListItem","position":1,"name":"Home","item":"https:\/\/gegokids.ee\/en\/"},{"@type":"ListItem","position":2,"name":"E-pood","item":"https:\/\/gegokids.ee\/e-pood\/"},{"@type":"ListItem","position":3,"name":"Marcus &amp; Marcus Panda s\u00f6\u00f6gip\u00f5ll"}]},{"@type":"WebSite","@id":"https:\/\/gegokids.ee\/#website","url":"https:\/\/gegokids.ee\/","name":"Gegokids","description":"Kvaliteetsed ja turvalised laste m\u00e4nguasjad.","publisher":{"@id":"https:\/\/gegokids.ee\/#organization"},"potentialAction":[{"@type":"SearchAction","target":{"@type":"EntryPoint","urlTemplate":"https:\/\/gegokids.ee\/?s={search_term_string}"},"query-input":{"@type":"PropertyValueSpecification","valueRequired":true,"valueName":"search_term_string"}}],"inLanguage":"en-US"},{"@type":"Organization","@id":"https:\/\/gegokids.ee\/#organization","name":"Gegokids","url":"https:\/\/gegokids.ee\/","logo":{"@type":"ImageObject","inLanguage":"en-US","@id":"https:\/\/gegokids.ee\/#\/schema\/logo\/image\/","url":"https:\/\/gegokids.ee\/wp-content\/uploads\/2022\/06\/logo2.png","contentUrl":"https:\/\/gegokids.ee\/wp-content\/uploads\/2022\/06\/logo2.png","width":358,"height":104,"caption":"Gegokids"},"image":{"@id":"https:\/\/gegokids.ee\/#\/schema\/logo\/image\/"},"sameAs":["https:\/\/www.facebook.com\/GegoKids","https:\/\/www.instagram.com\/gegokids.ee\/"]}]}},"_links":{"self":[{"href":"https:\/\/gegokids.ee\/en\/wp-json\/wp\/v2\/product\/27595","targetHints":{"allow":["GET"]}}],"collection":[{"href":"https:\/\/gegokids.ee\/en\/wp-json\/wp\/v2\/product"}],"about":[{"href":"https:\/\/gegokids.ee\/en\/wp-json\/wp\/v2\/types\/product"}],"replies":[{"embeddable":true,"href":"https:\/\/gegokids.ee\/en\/wp-json\/wp\/v2\/comments?post=27595"}],"version-history":[{"count":3,"href":"https:\/\/gegokids.ee\/en\/wp-json\/wp\/v2\/product\/27595\/revisions"}],"predecessor-version":[{"id":29084,"href":"https:\/\/gegokids.ee\/en\/wp-json\/wp\/v2\/product\/27595\/revisions\/29084"}],"wp:featuredmedia":[{"embeddable":true,"href":"https:\/\/gegokids.ee\/en\/wp-json\/wp\/v2\/media\/27596"}],"wp:attachment":[{"href":"https:\/\/gegokids.ee\/en\/wp-json\/wp\/v2\/media?parent=27595"}],"wp:term":[{"taxonomy":"product_brand","embeddable":true,"href":"https:\/\/gegokids.ee\/en\/wp-json\/wp\/v2\/product_brand?post=27595"},{"taxonomy":"product_cat","embeddable":true,"href":"https:\/\/gegokids.ee\/en\/wp-json\/wp\/v2\/product_cat?post=27595"},{"taxonomy":"product_tag","embeddable":true,"href":"https:\/\/gegokids.ee\/en\/wp-json\/wp\/v2\/product_tag?post=27595"}],"curies":[{"name":"wp","href":"https:\/\/api.w.org\/{rel}","templated":true}]}}