{"id":27376,"date":"2023-02-20T17:52:53","date_gmt":"2023-02-20T17:52:53","guid":{"rendered":"https:\/\/gegokids.ee\/?post_type=product&#038;p=27376"},"modified":"2026-02-08T19:21:56","modified_gmt":"2026-02-08T16:21:56","slug":"marcus-marcus-lounakarp-vahetatavate-sektoritega","status":"publish","type":"product","link":"https:\/\/gegokids.ee\/en\/product\/marcus-marcus-lounakarp-vahetatavate-sektoritega\/","title":{"rendered":"Marcus &amp; Marcus L\u00f5unakarp vahetatavate sektoritega"},"content":{"rendered":"<p><span style=\"color: #000000;\">TOOTE SUURUS:<\/span><\/p>\n<p><span style=\"color: #000000;\">185 x 52 x 130 mm<\/span><\/p>\n<p><span style=\"color: #000000;\">700 ml<\/span><\/p>\n<p><span style=\"color: #000000;\">TEMPERATUUR:<\/span><\/p>\n<p><span style=\"color: #000000;\">-20\u00b0C kuni 110\u00b0C<\/span><\/p>\n<p><span style=\"color: #000000;\">MATERJALID:<\/span><\/p>\n<p><span style=\"color: #000000;\">PP, toidukvaliteediga silikoon<\/span><\/p>","protected":false},"excerpt":{"rendered":"<p><span style=\"color: #000000;\">Looge Marcus &amp; Marcus L\u00f5unakarbiga oma sektsioonid! Igal l\u00f5unakarbil on 2 eemaldatavat silikoonist jagajat, et saaksite kaasa v\u00f5tta toidusegu. Bento kast on kompaktne ja kerge, mis sobib suurep\u00e4raselt lastele tervisliku l\u00f5unas\u00f6\u00f6gi toomiseks kooli.<\/span><\/p>\n<p><span style=\"color: #000000;\">FUNKTSIOONID:<\/span><\/p>\n<p><span style=\"color: #000000;\">\u2022 BPA\/ftalaadivaba<\/span><br \/>\n<span style=\"color: #000000;\">\u2022 N\u00f5udepesumasinas pestav<\/span><br \/>\n<span style=\"color: #000000;\">\u2022 Mikrolaineahjus kasutatav<\/span><br \/>\n<span style=\"color: #000000;\">\u2022 UV \/ auruga steriliseerija puhastatav<\/span><br \/>\n<span style=\"color: #000000;\">\u2022 S\u00fcgavk\u00fclmakindel<\/span><\/p>\n<p><span style=\"color: #000000;\">PUHASTAMINE JA HOOLDUS:<\/span><\/p>\n<p><span style=\"color: #000000;\">\u2022 \u00dclemine restiga n\u00f5udepesumasin<\/span><br \/>\n<span style=\"color: #000000;\">\u2022 Peske iga t\u00fckk eraldi enne esmakordset kasutamist ja p\u00e4rast iga kasutamist<\/span><br \/>\n<span style=\"color: #000000;\">\u2022 \u00c4rge kasutage abrasiivseid puhastus- ja pleegitusvahendeid<\/span><br \/>\n<span style=\"color: #000000;\">\u2022 \u00c4rge kasutage printimisel kriimustuste v\u00e4ltimiseks k\u00fc\u00fcrimislappe<\/span><br \/>\n<span style=\"color: #000000;\">\u2022 \u00c4rge j\u00e4tke tooteid otsese p\u00e4ikesevalguse k\u00e4tte ega soojusallika l\u00e4hedusse<\/span><\/p>\n<p>&nbsp;<\/p>\n<p><span style=\"color: #000000;\">Tarne 2-5 t\u00f6\u00f6p\u00e4eva!<\/span><\/p>","protected":false},"featured_media":27804,"comment_status":"open","ping_status":"closed","template":"","meta":[],"product_brand":[455],"product_cat":[285,422,424],"product_tag":[474,458,461],"class_list":{"0":"post-27376","1":"product","2":"type-product","3":"status-publish","4":"has-post-thumbnail","6":"product_brand-marcus-marcus","7":"product_cat-koik","8":"product_cat-laste-soogikomplektid","9":"product_cat-nutikad-hoiustamiskarbid","10":"product_tag-soomistarvikud","11":"product_tag-vaikelastele-1-3-a","12":"product_tag-461","14":"first","15":"instock","16":"shipping-taxable","17":"purchasable","18":"product-type-simple"},"yoast_head":"<!-- This site is optimized with the Yoast SEO plugin v26.9 - https:\/\/yoast.com\/product\/yoast-seo-wordpress\/ -->\n<title>Marcus &amp; Marcus L\u00f5unakarp vahetatavate sektoritega | Gegokids<\/title>\n<meta name=\"description\" content=\"Igal l\u00f5unakarbil on 2 eemaldatavat silikoonist jagajat, et saaksite kaasa v\u00f5tta toidusegu. Bento kast on kompaktne ja kerge, mis sobib suurep\u00e4raselt lastele tervisliku l\u00f5unas\u00f6\u00f6gi toomiseks kooli.\" \/>\n<meta name=\"robots\" content=\"index, follow, max-snippet:-1, max-image-preview:large, max-video-preview:-1\" \/>\n<link rel=\"canonical\" href=\"https:\/\/gegokids.ee\/en\/product\/marcus-marcus-lounakarp-vahetatavate-sektoritega\/\" \/>\n<meta property=\"og:locale\" content=\"en_US\" \/>\n<meta property=\"og:type\" content=\"article\" \/>\n<meta property=\"og:title\" content=\"Marcus &amp; Marcus L\u00f5unakarp vahetatavate sektoritega | Gegokids\" \/>\n<meta property=\"og:description\" content=\"Igal l\u00f5unakarbil on 2 eemaldatavat silikoonist jagajat, et saaksite kaasa v\u00f5tta toidusegu. Bento kast on kompaktne ja kerge, mis sobib suurep\u00e4raselt lastele tervisliku l\u00f5unas\u00f6\u00f6gi toomiseks kooli.\" \/>\n<meta property=\"og:url\" content=\"https:\/\/gegokids.ee\/en\/product\/marcus-marcus-lounakarp-vahetatavate-sektoritega\/\" \/>\n<meta property=\"og:site_name\" content=\"Gegokids\" \/>\n<meta property=\"article:publisher\" content=\"https:\/\/www.facebook.com\/GegoKids\" \/>\n<meta property=\"article:modified_time\" content=\"2026-02-08T16:21:56+00:00\" \/>\n<meta property=\"og:image\" content=\"https:\/\/gegokids.ee\/wp-content\/uploads\/2023\/02\/Untitled-design-56.jpg\" \/>\n\t<meta property=\"og:image:width\" content=\"800\" \/>\n\t<meta property=\"og:image:height\" content=\"533\" \/>\n\t<meta property=\"og:image:type\" content=\"image\/jpeg\" \/>\n<meta name=\"twitter:card\" content=\"summary_large_image\" \/>\n<meta name=\"twitter:label1\" content=\"Est. reading time\" \/>\n\t<meta name=\"twitter:data1\" content=\"1 minute\" \/>\n<script type=\"application\/ld+json\" class=\"yoast-schema-graph\">{\"@context\":\"https:\/\/schema.org\",\"@graph\":[{\"@type\":\"WebPage\",\"@id\":\"https:\/\/gegokids.ee\/toode\/marcus-marcus-lounakarp-vahetatavate-sektoritega\/\",\"url\":\"https:\/\/gegokids.ee\/toode\/marcus-marcus-lounakarp-vahetatavate-sektoritega\/\",\"name\":\"Marcus &amp; Marcus L\u00f5unakarp vahetatavate sektoritega | Gegokids\",\"isPartOf\":{\"@id\":\"https:\/\/gegokids.ee\/#website\"},\"primaryImageOfPage\":{\"@id\":\"https:\/\/gegokids.ee\/toode\/marcus-marcus-lounakarp-vahetatavate-sektoritega\/#primaryimage\"},\"image\":{\"@id\":\"https:\/\/gegokids.ee\/toode\/marcus-marcus-lounakarp-vahetatavate-sektoritega\/#primaryimage\"},\"thumbnailUrl\":\"https:\/\/gegokids.ee\/wp-content\/uploads\/2023\/02\/Untitled-design-56.jpg\",\"datePublished\":\"2023-02-20T17:52:53+00:00\",\"dateModified\":\"2026-02-08T16:21:56+00:00\",\"description\":\"Igal l\u00f5unakarbil on 2 eemaldatavat silikoonist jagajat, et saaksite kaasa v\u00f5tta toidusegu. Bento kast on kompaktne ja kerge, mis sobib suurep\u00e4raselt lastele tervisliku l\u00f5unas\u00f6\u00f6gi toomiseks kooli.\",\"breadcrumb\":{\"@id\":\"https:\/\/gegokids.ee\/toode\/marcus-marcus-lounakarp-vahetatavate-sektoritega\/#breadcrumb\"},\"inLanguage\":\"en-US\",\"potentialAction\":[{\"@type\":\"ReadAction\",\"target\":[\"https:\/\/gegokids.ee\/toode\/marcus-marcus-lounakarp-vahetatavate-sektoritega\/\"]}]},{\"@type\":\"ImageObject\",\"inLanguage\":\"en-US\",\"@id\":\"https:\/\/gegokids.ee\/toode\/marcus-marcus-lounakarp-vahetatavate-sektoritega\/#primaryimage\",\"url\":\"https:\/\/gegokids.ee\/wp-content\/uploads\/2023\/02\/Untitled-design-56.jpg\",\"contentUrl\":\"https:\/\/gegokids.ee\/wp-content\/uploads\/2023\/02\/Untitled-design-56.jpg\",\"width\":800,\"height\":533},{\"@type\":\"BreadcrumbList\",\"@id\":\"https:\/\/gegokids.ee\/toode\/marcus-marcus-lounakarp-vahetatavate-sektoritega\/#breadcrumb\",\"itemListElement\":[{\"@type\":\"ListItem\",\"position\":1,\"name\":\"Home\",\"item\":\"https:\/\/gegokids.ee\/en\/\"},{\"@type\":\"ListItem\",\"position\":2,\"name\":\"E-pood\",\"item\":\"https:\/\/gegokids.ee\/e-pood\/\"},{\"@type\":\"ListItem\",\"position\":3,\"name\":\"Marcus &amp; Marcus L\u00f5unakarp vahetatavate sektoritega\"}]},{\"@type\":\"WebSite\",\"@id\":\"https:\/\/gegokids.ee\/#website\",\"url\":\"https:\/\/gegokids.ee\/\",\"name\":\"Gegokids\",\"description\":\"Kvaliteetsed ja turvalised laste m\u00e4nguasjad.\",\"publisher\":{\"@id\":\"https:\/\/gegokids.ee\/#organization\"},\"potentialAction\":[{\"@type\":\"SearchAction\",\"target\":{\"@type\":\"EntryPoint\",\"urlTemplate\":\"https:\/\/gegokids.ee\/?s={search_term_string}\"},\"query-input\":{\"@type\":\"PropertyValueSpecification\",\"valueRequired\":true,\"valueName\":\"search_term_string\"}}],\"inLanguage\":\"en-US\"},{\"@type\":\"Organization\",\"@id\":\"https:\/\/gegokids.ee\/#organization\",\"name\":\"Gegokids\",\"url\":\"https:\/\/gegokids.ee\/\",\"logo\":{\"@type\":\"ImageObject\",\"inLanguage\":\"en-US\",\"@id\":\"https:\/\/gegokids.ee\/#\/schema\/logo\/image\/\",\"url\":\"https:\/\/gegokids.ee\/wp-content\/uploads\/2022\/06\/logo2.png\",\"contentUrl\":\"https:\/\/gegokids.ee\/wp-content\/uploads\/2022\/06\/logo2.png\",\"width\":358,\"height\":104,\"caption\":\"Gegokids\"},\"image\":{\"@id\":\"https:\/\/gegokids.ee\/#\/schema\/logo\/image\/\"},\"sameAs\":[\"https:\/\/www.facebook.com\/GegoKids\",\"https:\/\/www.instagram.com\/gegokids.ee\/\"]}]}<\/script>\n<!-- \/ Yoast SEO plugin. -->","yoast_head_json":{"title":"Marcus &amp; Marcus L\u00f5unakarp vahetatavate sektoritega | Gegokids","description":"Igal l\u00f5unakarbil on 2 eemaldatavat silikoonist jagajat, et saaksite kaasa v\u00f5tta toidusegu. Bento kast on kompaktne ja kerge, mis sobib suurep\u00e4raselt lastele tervisliku l\u00f5unas\u00f6\u00f6gi toomiseks kooli.","robots":{"index":"index","follow":"follow","max-snippet":"max-snippet:-1","max-image-preview":"max-image-preview:large","max-video-preview":"max-video-preview:-1"},"canonical":"https:\/\/gegokids.ee\/en\/product\/marcus-marcus-lounakarp-vahetatavate-sektoritega\/","og_locale":"en_US","og_type":"article","og_title":"Marcus &amp; Marcus L\u00f5unakarp vahetatavate sektoritega | Gegokids","og_description":"Igal l\u00f5unakarbil on 2 eemaldatavat silikoonist jagajat, et saaksite kaasa v\u00f5tta toidusegu. Bento kast on kompaktne ja kerge, mis sobib suurep\u00e4raselt lastele tervisliku l\u00f5unas\u00f6\u00f6gi toomiseks kooli.","og_url":"https:\/\/gegokids.ee\/en\/product\/marcus-marcus-lounakarp-vahetatavate-sektoritega\/","og_site_name":"Gegokids","article_publisher":"https:\/\/www.facebook.com\/GegoKids","article_modified_time":"2026-02-08T16:21:56+00:00","og_image":[{"width":800,"height":533,"url":"https:\/\/gegokids.ee\/wp-content\/uploads\/2023\/02\/Untitled-design-56.jpg","type":"image\/jpeg"}],"twitter_card":"summary_large_image","twitter_misc":{"Est. reading time":"1 minute"},"schema":{"@context":"https:\/\/schema.org","@graph":[{"@type":"WebPage","@id":"https:\/\/gegokids.ee\/toode\/marcus-marcus-lounakarp-vahetatavate-sektoritega\/","url":"https:\/\/gegokids.ee\/toode\/marcus-marcus-lounakarp-vahetatavate-sektoritega\/","name":"Marcus &amp; Marcus L\u00f5unakarp vahetatavate sektoritega | Gegokids","isPartOf":{"@id":"https:\/\/gegokids.ee\/#website"},"primaryImageOfPage":{"@id":"https:\/\/gegokids.ee\/toode\/marcus-marcus-lounakarp-vahetatavate-sektoritega\/#primaryimage"},"image":{"@id":"https:\/\/gegokids.ee\/toode\/marcus-marcus-lounakarp-vahetatavate-sektoritega\/#primaryimage"},"thumbnailUrl":"https:\/\/gegokids.ee\/wp-content\/uploads\/2023\/02\/Untitled-design-56.jpg","datePublished":"2023-02-20T17:52:53+00:00","dateModified":"2026-02-08T16:21:56+00:00","description":"Igal l\u00f5unakarbil on 2 eemaldatavat silikoonist jagajat, et saaksite kaasa v\u00f5tta toidusegu. Bento kast on kompaktne ja kerge, mis sobib suurep\u00e4raselt lastele tervisliku l\u00f5unas\u00f6\u00f6gi toomiseks kooli.","breadcrumb":{"@id":"https:\/\/gegokids.ee\/toode\/marcus-marcus-lounakarp-vahetatavate-sektoritega\/#breadcrumb"},"inLanguage":"en-US","potentialAction":[{"@type":"ReadAction","target":["https:\/\/gegokids.ee\/toode\/marcus-marcus-lounakarp-vahetatavate-sektoritega\/"]}]},{"@type":"ImageObject","inLanguage":"en-US","@id":"https:\/\/gegokids.ee\/toode\/marcus-marcus-lounakarp-vahetatavate-sektoritega\/#primaryimage","url":"https:\/\/gegokids.ee\/wp-content\/uploads\/2023\/02\/Untitled-design-56.jpg","contentUrl":"https:\/\/gegokids.ee\/wp-content\/uploads\/2023\/02\/Untitled-design-56.jpg","width":800,"height":533},{"@type":"BreadcrumbList","@id":"https:\/\/gegokids.ee\/toode\/marcus-marcus-lounakarp-vahetatavate-sektoritega\/#breadcrumb","itemListElement":[{"@type":"ListItem","position":1,"name":"Home","item":"https:\/\/gegokids.ee\/en\/"},{"@type":"ListItem","position":2,"name":"E-pood","item":"https:\/\/gegokids.ee\/e-pood\/"},{"@type":"ListItem","position":3,"name":"Marcus &amp; Marcus L\u00f5unakarp vahetatavate sektoritega"}]},{"@type":"WebSite","@id":"https:\/\/gegokids.ee\/#website","url":"https:\/\/gegokids.ee\/","name":"Gegokids","description":"Kvaliteetsed ja turvalised laste m\u00e4nguasjad.","publisher":{"@id":"https:\/\/gegokids.ee\/#organization"},"potentialAction":[{"@type":"SearchAction","target":{"@type":"EntryPoint","urlTemplate":"https:\/\/gegokids.ee\/?s={search_term_string}"},"query-input":{"@type":"PropertyValueSpecification","valueRequired":true,"valueName":"search_term_string"}}],"inLanguage":"en-US"},{"@type":"Organization","@id":"https:\/\/gegokids.ee\/#organization","name":"Gegokids","url":"https:\/\/gegokids.ee\/","logo":{"@type":"ImageObject","inLanguage":"en-US","@id":"https:\/\/gegokids.ee\/#\/schema\/logo\/image\/","url":"https:\/\/gegokids.ee\/wp-content\/uploads\/2022\/06\/logo2.png","contentUrl":"https:\/\/gegokids.ee\/wp-content\/uploads\/2022\/06\/logo2.png","width":358,"height":104,"caption":"Gegokids"},"image":{"@id":"https:\/\/gegokids.ee\/#\/schema\/logo\/image\/"},"sameAs":["https:\/\/www.facebook.com\/GegoKids","https:\/\/www.instagram.com\/gegokids.ee\/"]}]}},"_links":{"self":[{"href":"https:\/\/gegokids.ee\/en\/wp-json\/wp\/v2\/product\/27376","targetHints":{"allow":["GET"]}}],"collection":[{"href":"https:\/\/gegokids.ee\/en\/wp-json\/wp\/v2\/product"}],"about":[{"href":"https:\/\/gegokids.ee\/en\/wp-json\/wp\/v2\/types\/product"}],"replies":[{"embeddable":true,"href":"https:\/\/gegokids.ee\/en\/wp-json\/wp\/v2\/comments?post=27376"}],"version-history":[{"count":5,"href":"https:\/\/gegokids.ee\/en\/wp-json\/wp\/v2\/product\/27376\/revisions"}],"predecessor-version":[{"id":28703,"href":"https:\/\/gegokids.ee\/en\/wp-json\/wp\/v2\/product\/27376\/revisions\/28703"}],"wp:featuredmedia":[{"embeddable":true,"href":"https:\/\/gegokids.ee\/en\/wp-json\/wp\/v2\/media\/27804"}],"wp:attachment":[{"href":"https:\/\/gegokids.ee\/en\/wp-json\/wp\/v2\/media?parent=27376"}],"wp:term":[{"taxonomy":"product_brand","embeddable":true,"href":"https:\/\/gegokids.ee\/en\/wp-json\/wp\/v2\/product_brand?post=27376"},{"taxonomy":"product_cat","embeddable":true,"href":"https:\/\/gegokids.ee\/en\/wp-json\/wp\/v2\/product_cat?post=27376"},{"taxonomy":"product_tag","embeddable":true,"href":"https:\/\/gegokids.ee\/en\/wp-json\/wp\/v2\/product_tag?post=27376"}],"curies":[{"name":"wp","href":"https:\/\/api.w.org\/{rel}","templated":true}]}}