{"id":27365,"date":"2023-02-20T09:03:21","date_gmt":"2023-02-20T09:03:21","guid":{"rendered":"https:\/\/gegokids.ee\/?post_type=product&#038;p=27365"},"modified":"2026-02-09T01:55:42","modified_gmt":"2026-02-08T22:55:42","slug":"marcus-marcus-toidutermos","status":"publish","type":"product","link":"https:\/\/gegokids.ee\/en\/product\/marcus-marcus-toidutermos\/","title":{"rendered":"Marcus &amp; Marcus Toidutermos"},"content":{"rendered":"<p><span style=\"color: #000000;\">FUNKTSIOONID:<\/span><\/p>\n<p><span style=\"color: #000000;\">\u2022 BPA\/ftalaadivaba<\/span><br \/>\n<span style=\"color: #000000;\">\u2022 N\u00f5udepesumasinas pestav<\/span><br \/>\n<span style=\"color: #000000;\">\u2022 Hoia soojas 5 tundi ja jahedas 12 tundi<\/span><\/p>\n<p><span style=\"color: #000000;\">PUHASTAMINE JA HOOLDUS:<\/span><\/p>\n<p><span style=\"color: #000000;\">n\u00f5udepesumasinas pestav \u00fclemine rest; siiski on soovitatav k\u00e4sitsi pesta<\/span><br \/>\n<span style=\"color: #000000;\">Peske iga t\u00fckk eraldi enne esmakordset kasutamist ja p\u00e4rast iga kasutamist<\/span><br \/>\n<span style=\"color: #000000;\">\u00c4rge kasutage abrasiivseid puhastus- ja pleegitusvahendeid<\/span><br \/>\n<span style=\"color: #000000;\">\u00c4rge kasutage pesemisel kriimustuste v\u00e4ltimiseks k\u00fc\u00fcrimislappe<\/span><br \/>\n<span style=\"color: #000000;\">\u00c4rge j\u00e4tke tooteid otsese p\u00e4ikesevalguse k\u00e4tte ega soojusallika l\u00e4hedusse<\/span><br \/>\n<span style=\"color: #000000;\">\u00c4rge j\u00e4tke toitu termotoidupurki pikemaks ajaks ilma p\u00f5hjalikult loputamata ja kasutuskordade vahel kuivatamata<\/span><br \/>\n<span style=\"color: #000000;\">\u00c4rge pange plastosi keevasse vette, kuna see v\u00f5ib p\u00f5hjustada deformatsiooni v\u00f5i lekkimist<\/span><br \/>\n<span style=\"color: #000000;\">\u00c4rge pillake maha ega koputage vastu k\u00f5va eset. See m\u00f5lkib ja lagundab vaakumit<\/span><br \/>\n<span style=\"color: #000000;\">\u00c4rge hoidke kuiva j\u00e4\u00e4d ja gaseeritud jooki termotoidupurgis<\/span><br \/>\n<span style=\"color: #000000;\">TOOTE SUURUS:<\/span><\/p>\n<p><span style=\"color: #000000;\">\u00d886 x 133 mm<\/span><\/p>\n<p><span style=\"color: #000000;\">300 ml<\/span><\/p>\n<p><span style=\"color: #000000;\">MATERJAL:<\/span><\/p>\n<p><span style=\"color: #000000;\">Kaas: PP, silikoonkumm<\/span><br \/>\n<span style=\"color: #000000;\">Mahuti: roostevaba teras<\/span><\/p>","protected":false},"excerpt":{"rendered":"<p><span style=\"color: #000000;\">Kahekordse seinaga vaakum isolatsioon hoiab lapse suurused portsjonid soojas 5 tundi v\u00f5i k\u00fclmas 12 tundi. Tooge selle lekkekindla toidupurgiga kooli tervislikud toidud v\u00f5i beebile beebitoidud!<\/span><\/p>\n<p>&nbsp;<\/p>\n<p><span style=\"color: #000000;\">Tarne 3-8 t\u00f6\u00f6p\u00e4eva!<\/span><\/p>","protected":false},"featured_media":27366,"comment_status":"open","ping_status":"closed","template":"","meta":[],"product_brand":[455],"product_cat":[285,422,424],"product_tag":[474,457,458,461,459],"class_list":{"0":"post-27365","1":"product","2":"type-product","3":"status-publish","4":"has-post-thumbnail","6":"product_brand-marcus-marcus","7":"product_cat-koik","8":"product_cat-laste-soogikomplektid","9":"product_cat-nutikad-hoiustamiskarbid","10":"product_tag-soomistarvikud","11":"product_tag-beebidele-0-1-a","12":"product_tag-vaikelastele-1-3-a","13":"product_tag-461","14":"product_tag-koolieelikutele-3","16":"first","17":"instock","18":"shipping-taxable","19":"purchasable","20":"product-type-simple"},"yoast_head":"<!-- This site is optimized with the Yoast SEO plugin v26.9 - https:\/\/yoast.com\/product\/yoast-seo-wordpress\/ -->\n<title>Marcus &amp; Marcus Toidutermos | Gegokids<\/title>\n<meta name=\"description\" content=\"Marcus &amp; Marcus termotoidupurk hoiab laste toidud soojana kuni 5 tundi v\u00f5i k\u00fclmana kuni 12 tundi. Lekkevaba, vastupidav ja ideaalne kooli kaasa v\u00f5tmiseks.\" \/>\n<meta name=\"robots\" content=\"index, follow, max-snippet:-1, max-image-preview:large, max-video-preview:-1\" \/>\n<link rel=\"canonical\" href=\"https:\/\/gegokids.ee\/en\/product\/marcus-marcus-toidutermos\/\" \/>\n<meta property=\"og:locale\" content=\"en_US\" \/>\n<meta property=\"og:type\" content=\"article\" \/>\n<meta property=\"og:title\" content=\"Marcus &amp; Marcus Toidutermos | Gegokids\" \/>\n<meta property=\"og:description\" content=\"Marcus &amp; Marcus termotoidupurk hoiab laste toidud soojana kuni 5 tundi v\u00f5i k\u00fclmana kuni 12 tundi. Lekkevaba, vastupidav ja ideaalne kooli kaasa v\u00f5tmiseks.\" \/>\n<meta property=\"og:url\" content=\"https:\/\/gegokids.ee\/en\/product\/marcus-marcus-toidutermos\/\" \/>\n<meta property=\"og:site_name\" content=\"Gegokids\" \/>\n<meta property=\"article:publisher\" content=\"https:\/\/www.facebook.com\/GegoKids\" \/>\n<meta property=\"article:modified_time\" content=\"2026-02-08T22:55:42+00:00\" \/>\n<meta property=\"og:image\" content=\"https:\/\/gegokids.ee\/wp-content\/uploads\/2023\/02\/Untitled-design-5.jpg\" \/>\n\t<meta property=\"og:image:width\" content=\"800\" \/>\n\t<meta property=\"og:image:height\" content=\"533\" \/>\n\t<meta property=\"og:image:type\" content=\"image\/jpeg\" \/>\n<meta name=\"twitter:card\" content=\"summary_large_image\" \/>\n<meta name=\"twitter:label1\" content=\"Est. reading time\" \/>\n\t<meta name=\"twitter:data1\" content=\"1 minute\" \/>\n<script type=\"application\/ld+json\" class=\"yoast-schema-graph\">{\"@context\":\"https:\/\/schema.org\",\"@graph\":[{\"@type\":\"WebPage\",\"@id\":\"https:\/\/gegokids.ee\/toode\/marcus-marcus-toidutermos\/\",\"url\":\"https:\/\/gegokids.ee\/toode\/marcus-marcus-toidutermos\/\",\"name\":\"Marcus &amp; Marcus Toidutermos | Gegokids\",\"isPartOf\":{\"@id\":\"https:\/\/gegokids.ee\/#website\"},\"primaryImageOfPage\":{\"@id\":\"https:\/\/gegokids.ee\/toode\/marcus-marcus-toidutermos\/#primaryimage\"},\"image\":{\"@id\":\"https:\/\/gegokids.ee\/toode\/marcus-marcus-toidutermos\/#primaryimage\"},\"thumbnailUrl\":\"https:\/\/gegokids.ee\/wp-content\/uploads\/2023\/02\/Untitled-design-5.jpg\",\"datePublished\":\"2023-02-20T09:03:21+00:00\",\"dateModified\":\"2026-02-08T22:55:42+00:00\",\"description\":\"Marcus & Marcus termotoidupurk hoiab laste toidud soojana kuni 5 tundi v\u00f5i k\u00fclmana kuni 12 tundi. Lekkevaba, vastupidav ja ideaalne kooli kaasa v\u00f5tmiseks.\",\"breadcrumb\":{\"@id\":\"https:\/\/gegokids.ee\/toode\/marcus-marcus-toidutermos\/#breadcrumb\"},\"inLanguage\":\"en-US\",\"potentialAction\":[{\"@type\":\"ReadAction\",\"target\":[\"https:\/\/gegokids.ee\/toode\/marcus-marcus-toidutermos\/\"]}]},{\"@type\":\"ImageObject\",\"inLanguage\":\"en-US\",\"@id\":\"https:\/\/gegokids.ee\/toode\/marcus-marcus-toidutermos\/#primaryimage\",\"url\":\"https:\/\/gegokids.ee\/wp-content\/uploads\/2023\/02\/Untitled-design-5.jpg\",\"contentUrl\":\"https:\/\/gegokids.ee\/wp-content\/uploads\/2023\/02\/Untitled-design-5.jpg\",\"width\":800,\"height\":533},{\"@type\":\"BreadcrumbList\",\"@id\":\"https:\/\/gegokids.ee\/toode\/marcus-marcus-toidutermos\/#breadcrumb\",\"itemListElement\":[{\"@type\":\"ListItem\",\"position\":1,\"name\":\"Home\",\"item\":\"https:\/\/gegokids.ee\/en\/\"},{\"@type\":\"ListItem\",\"position\":2,\"name\":\"E-pood\",\"item\":\"https:\/\/gegokids.ee\/e-pood\/\"},{\"@type\":\"ListItem\",\"position\":3,\"name\":\"Marcus &amp; Marcus Toidutermos\"}]},{\"@type\":\"WebSite\",\"@id\":\"https:\/\/gegokids.ee\/#website\",\"url\":\"https:\/\/gegokids.ee\/\",\"name\":\"Gegokids\",\"description\":\"Kvaliteetsed ja turvalised laste m\u00e4nguasjad.\",\"publisher\":{\"@id\":\"https:\/\/gegokids.ee\/#organization\"},\"potentialAction\":[{\"@type\":\"SearchAction\",\"target\":{\"@type\":\"EntryPoint\",\"urlTemplate\":\"https:\/\/gegokids.ee\/?s={search_term_string}\"},\"query-input\":{\"@type\":\"PropertyValueSpecification\",\"valueRequired\":true,\"valueName\":\"search_term_string\"}}],\"inLanguage\":\"en-US\"},{\"@type\":\"Organization\",\"@id\":\"https:\/\/gegokids.ee\/#organization\",\"name\":\"Gegokids\",\"url\":\"https:\/\/gegokids.ee\/\",\"logo\":{\"@type\":\"ImageObject\",\"inLanguage\":\"en-US\",\"@id\":\"https:\/\/gegokids.ee\/#\/schema\/logo\/image\/\",\"url\":\"https:\/\/gegokids.ee\/wp-content\/uploads\/2022\/06\/logo2.png\",\"contentUrl\":\"https:\/\/gegokids.ee\/wp-content\/uploads\/2022\/06\/logo2.png\",\"width\":358,\"height\":104,\"caption\":\"Gegokids\"},\"image\":{\"@id\":\"https:\/\/gegokids.ee\/#\/schema\/logo\/image\/\"},\"sameAs\":[\"https:\/\/www.facebook.com\/GegoKids\",\"https:\/\/www.instagram.com\/gegokids.ee\/\"]}]}<\/script>\n<!-- \/ Yoast SEO plugin. -->","yoast_head_json":{"title":"Marcus &amp; Marcus Toidutermos | Gegokids","description":"Marcus & Marcus termotoidupurk hoiab laste toidud soojana kuni 5 tundi v\u00f5i k\u00fclmana kuni 12 tundi. Lekkevaba, vastupidav ja ideaalne kooli kaasa v\u00f5tmiseks.","robots":{"index":"index","follow":"follow","max-snippet":"max-snippet:-1","max-image-preview":"max-image-preview:large","max-video-preview":"max-video-preview:-1"},"canonical":"https:\/\/gegokids.ee\/en\/product\/marcus-marcus-toidutermos\/","og_locale":"en_US","og_type":"article","og_title":"Marcus &amp; Marcus Toidutermos | Gegokids","og_description":"Marcus & Marcus termotoidupurk hoiab laste toidud soojana kuni 5 tundi v\u00f5i k\u00fclmana kuni 12 tundi. Lekkevaba, vastupidav ja ideaalne kooli kaasa v\u00f5tmiseks.","og_url":"https:\/\/gegokids.ee\/en\/product\/marcus-marcus-toidutermos\/","og_site_name":"Gegokids","article_publisher":"https:\/\/www.facebook.com\/GegoKids","article_modified_time":"2026-02-08T22:55:42+00:00","og_image":[{"width":800,"height":533,"url":"https:\/\/gegokids.ee\/wp-content\/uploads\/2023\/02\/Untitled-design-5.jpg","type":"image\/jpeg"}],"twitter_card":"summary_large_image","twitter_misc":{"Est. reading time":"1 minute"},"schema":{"@context":"https:\/\/schema.org","@graph":[{"@type":"WebPage","@id":"https:\/\/gegokids.ee\/toode\/marcus-marcus-toidutermos\/","url":"https:\/\/gegokids.ee\/toode\/marcus-marcus-toidutermos\/","name":"Marcus &amp; Marcus Toidutermos | Gegokids","isPartOf":{"@id":"https:\/\/gegokids.ee\/#website"},"primaryImageOfPage":{"@id":"https:\/\/gegokids.ee\/toode\/marcus-marcus-toidutermos\/#primaryimage"},"image":{"@id":"https:\/\/gegokids.ee\/toode\/marcus-marcus-toidutermos\/#primaryimage"},"thumbnailUrl":"https:\/\/gegokids.ee\/wp-content\/uploads\/2023\/02\/Untitled-design-5.jpg","datePublished":"2023-02-20T09:03:21+00:00","dateModified":"2026-02-08T22:55:42+00:00","description":"Marcus & Marcus termotoidupurk hoiab laste toidud soojana kuni 5 tundi v\u00f5i k\u00fclmana kuni 12 tundi. Lekkevaba, vastupidav ja ideaalne kooli kaasa v\u00f5tmiseks.","breadcrumb":{"@id":"https:\/\/gegokids.ee\/toode\/marcus-marcus-toidutermos\/#breadcrumb"},"inLanguage":"en-US","potentialAction":[{"@type":"ReadAction","target":["https:\/\/gegokids.ee\/toode\/marcus-marcus-toidutermos\/"]}]},{"@type":"ImageObject","inLanguage":"en-US","@id":"https:\/\/gegokids.ee\/toode\/marcus-marcus-toidutermos\/#primaryimage","url":"https:\/\/gegokids.ee\/wp-content\/uploads\/2023\/02\/Untitled-design-5.jpg","contentUrl":"https:\/\/gegokids.ee\/wp-content\/uploads\/2023\/02\/Untitled-design-5.jpg","width":800,"height":533},{"@type":"BreadcrumbList","@id":"https:\/\/gegokids.ee\/toode\/marcus-marcus-toidutermos\/#breadcrumb","itemListElement":[{"@type":"ListItem","position":1,"name":"Home","item":"https:\/\/gegokids.ee\/en\/"},{"@type":"ListItem","position":2,"name":"E-pood","item":"https:\/\/gegokids.ee\/e-pood\/"},{"@type":"ListItem","position":3,"name":"Marcus &amp; Marcus Toidutermos"}]},{"@type":"WebSite","@id":"https:\/\/gegokids.ee\/#website","url":"https:\/\/gegokids.ee\/","name":"Gegokids","description":"Kvaliteetsed ja turvalised laste m\u00e4nguasjad.","publisher":{"@id":"https:\/\/gegokids.ee\/#organization"},"potentialAction":[{"@type":"SearchAction","target":{"@type":"EntryPoint","urlTemplate":"https:\/\/gegokids.ee\/?s={search_term_string}"},"query-input":{"@type":"PropertyValueSpecification","valueRequired":true,"valueName":"search_term_string"}}],"inLanguage":"en-US"},{"@type":"Organization","@id":"https:\/\/gegokids.ee\/#organization","name":"Gegokids","url":"https:\/\/gegokids.ee\/","logo":{"@type":"ImageObject","inLanguage":"en-US","@id":"https:\/\/gegokids.ee\/#\/schema\/logo\/image\/","url":"https:\/\/gegokids.ee\/wp-content\/uploads\/2022\/06\/logo2.png","contentUrl":"https:\/\/gegokids.ee\/wp-content\/uploads\/2022\/06\/logo2.png","width":358,"height":104,"caption":"Gegokids"},"image":{"@id":"https:\/\/gegokids.ee\/#\/schema\/logo\/image\/"},"sameAs":["https:\/\/www.facebook.com\/GegoKids","https:\/\/www.instagram.com\/gegokids.ee\/"]}]}},"_links":{"self":[{"href":"https:\/\/gegokids.ee\/en\/wp-json\/wp\/v2\/product\/27365","targetHints":{"allow":["GET"]}}],"collection":[{"href":"https:\/\/gegokids.ee\/en\/wp-json\/wp\/v2\/product"}],"about":[{"href":"https:\/\/gegokids.ee\/en\/wp-json\/wp\/v2\/types\/product"}],"replies":[{"embeddable":true,"href":"https:\/\/gegokids.ee\/en\/wp-json\/wp\/v2\/comments?post=27365"}],"version-history":[{"count":4,"href":"https:\/\/gegokids.ee\/en\/wp-json\/wp\/v2\/product\/27365\/revisions"}],"predecessor-version":[{"id":29083,"href":"https:\/\/gegokids.ee\/en\/wp-json\/wp\/v2\/product\/27365\/revisions\/29083"}],"wp:featuredmedia":[{"embeddable":true,"href":"https:\/\/gegokids.ee\/en\/wp-json\/wp\/v2\/media\/27366"}],"wp:attachment":[{"href":"https:\/\/gegokids.ee\/en\/wp-json\/wp\/v2\/media?parent=27365"}],"wp:term":[{"taxonomy":"product_brand","embeddable":true,"href":"https:\/\/gegokids.ee\/en\/wp-json\/wp\/v2\/product_brand?post=27365"},{"taxonomy":"product_cat","embeddable":true,"href":"https:\/\/gegokids.ee\/en\/wp-json\/wp\/v2\/product_cat?post=27365"},{"taxonomy":"product_tag","embeddable":true,"href":"https:\/\/gegokids.ee\/en\/wp-json\/wp\/v2\/product_tag?post=27365"}],"curies":[{"name":"wp","href":"https:\/\/api.w.org\/{rel}","templated":true}]}}