{"id":27273,"date":"2023-02-11T19:50:39","date_gmt":"2023-02-11T19:50:39","guid":{"rendered":"https:\/\/gegokids.ee\/?post_type=product&#038;p=27273"},"modified":"2026-03-18T16:17:35","modified_gmt":"2026-03-18T13:17:35","slug":"marcus-marcus-ppsu-oppimispudel","status":"publish","type":"product","link":"https:\/\/gegokids.ee\/en\/product\/marcus-marcus-ppsu-oppimispudel\/","title":{"rendered":"Marcus &amp; Marcus PPSU \u00f5ppimispudel: 180ml"},"content":{"rendered":"<p><span style=\"color: #000000;\">FUNKTSIOONID:<\/span><\/p>\n<p><span style=\"color: #000000;\">BPA\/ftalaadivaba<\/span><br \/>\n<span style=\"color: #000000;\">K\u00f5ik \u00fches pudelis<\/span><br \/>\n<span style=\"color: #000000;\">Lihtsad osad lihtsaks kokkupanekuks ja pesemiseks<\/span><br \/>\n<span style=\"color: #000000;\">Silikoonist tila<\/span><br \/>\n<span style=\"color: #000000;\">Plaatina silikoonkumm<\/span><br \/>\n<span style=\"color: #000000;\">Lekkekindel disain<\/span><br \/>\n<span style=\"color: #000000;\">Lihtne sulgemine<\/span><br \/>\n<span style=\"color: #000000;\">V\u00e4iksem \u00f5hutusava<\/span><br \/>\n<span style=\"color: #000000;\">Lekkekindel disain<\/span><\/p>\n<p><span style=\"color: #000000;\">Pehme p\u00f5hk \u00f5rnade igemete jaoks<\/span><br \/>\n<span style=\"color: #000000;\">Laia kaelaga pudel<\/span><br \/>\n<span style=\"color: #000000;\">Mahum\u00e4rgised<\/span><br \/>\n<span style=\"color: #000000;\">Vastupidav<\/span><br \/>\n<span style=\"color: #000000;\">Kerge<\/span><br \/>\n<span style=\"color: #000000;\">K\u00f5rge kuumakindlus<\/span><br \/>\n<span style=\"color: #000000;\">K\u00e4epidemed peopesaga<\/span><br \/>\n<span style=\"color: #000000;\">Peopesa k\u00e4epideme disain<\/span><br \/>\n<span style=\"color: #000000;\">Kerge k\u00e4epide<\/span><br \/>\n<span style=\"color: #000000;\">Libisemisvastane muster<\/span><\/p>\n<p><span style=\"color: #000000;\">PUHASTAMINE JA HOOLDUS:<\/span><\/p>\n<p><span style=\"color: #000000;\">\u00dclemisel restil n\u00f5udepesumasinas pestav<\/span><br \/>\n<span style=\"color: #000000;\">UV-steriliseerijas kasutatav<\/span><br \/>\n<span style=\"color: #000000;\">Aurusterilisaatoris kasutatav<\/span><br \/>\n<span style=\"color: #000000;\">Plekid saab eemaldada kuuma seebiveega pestes<\/span><br \/>\n<span style=\"color: #000000;\">\u00c4rge kasutage mikrolaineahjus<\/span><br \/>\n<span style=\"color: #000000;\">EN14350 vastavus<\/span><br \/>\n<span style=\"color: #000000;\">VANUS:<\/span><\/p>\n<p><span style=\"color: #000000;\">6 + kuud<\/span><\/p>\n<p><span style=\"color: #000000;\">TOOTE SUURUS:<\/span><\/p>\n<p><span style=\"color: #000000;\">\u00dclemineku lutipudel: 65 x 65 x 140 mm<\/span><br \/>\n<span style=\"color: #000000;\">Silikoonist k\u00f5rrekomplekt: 50,5 x 50,5 x 142 mm<\/span><br \/>\n<span style=\"color: #000000;\">Silikoonvelje tila: 52,7 x 50,5 x 24,5 mm<\/span><br \/>\n<span style=\"color: #000000;\">K\u00e4epideme k\u00e4epide: 129 x 65 x 52 mm<\/span><br \/>\n<span style=\"color: #000000;\">Mahutavus: 180 ml \/ 6 fl untsi.<\/span><\/p>\n<p><span style=\"color: #000000;\">TALUVUSTEMPERATUUR:<\/span><\/p>\n<p><span style=\"color: #000000;\">Lutipudel (-20\u00b0C kuni 180\u00b0C)<\/span><br \/>\n<span style=\"color: #000000;\">Silikoonk\u00f5rs (-20\u00b0C kuni 220\u00b0C)<\/span><br \/>\n<span style=\"color: #000000;\">Kaelarihm\/kaas (-20\u00b0C kuni 110\u00b0C)<\/span><\/p>","protected":false},"excerpt":{"rendered":"<p><span style=\"color: #000000;\">Annab teile ideaalse lahenduse teie v\u00e4ikelastele p\u00f5hupudelitelt \u00fcleminekuks. Aidake v\u00e4iksel arendada r\u00fc\u00fcpamisoskust, et j\u00e4ljendada klaasist joomist. Seda k\u00f5ike saab teha sama lutipudeliga, lisades komplektist erinevaid tarvikuid. Alustage kaasasolevatest k\u00e4epidemetest ja eemaldage see, kui teie v\u00e4ike laps on valmis pudelit hoidma t\u00e4pselt nagu t\u00f5elist klaasi. Ja pudel on lekkimiskindla disainiga, et vanemad saaksid olla muretu, kui teie lapsed \u00f5pivad.<\/span><\/p>\n<p>&nbsp;<\/p>\n<p><span style=\"color: #000000;\">Tarne 3-8 t\u00f6\u00f6p\u00e4eva!<\/span><\/p>","protected":false},"featured_media":28985,"comment_status":"open","ping_status":"closed","template":"","meta":[],"product_brand":[455],"product_cat":[285,422],"product_tag":[446,474,457,458],"class_list":{"0":"post-27273","1":"product","2":"type-product","3":"status-publish","4":"has-post-thumbnail","6":"product_brand-marcus-marcus","7":"product_cat-koik","8":"product_cat-laste-soogikomplektid","9":"product_tag-joogipudelid","10":"product_tag-soomistarvikud","11":"product_tag-beebidele-0-1-a","12":"product_tag-vaikelastele-1-3-a","14":"first","15":"instock","16":"shipping-taxable","17":"purchasable","18":"product-type-variable"},"yoast_head":"<!-- This site is optimized with the Yoast SEO plugin v26.9 - https:\/\/yoast.com\/product\/yoast-seo-wordpress\/ -->\n<title>Marcus &amp; Marcus PPSU \u00f5ppimispudel: 180ml | Gegokids<\/title>\n<meta name=\"description\" content=\"Marcus &amp; Marcus PPSU \u00fcleminekupudel aitab lapsel \u00f5ppida joomist nagu klaasist. Lekkevaba disain, pehme silikoon ja vahetatavad osad. Sobib alates 6. elukuust.\" \/>\n<meta name=\"robots\" content=\"index, follow, max-snippet:-1, max-image-preview:large, max-video-preview:-1\" \/>\n<link rel=\"canonical\" href=\"https:\/\/gegokids.ee\/en\/product\/marcus-marcus-ppsu-oppimispudel\/\" \/>\n<meta property=\"og:locale\" content=\"en_US\" \/>\n<meta property=\"og:type\" content=\"article\" \/>\n<meta property=\"og:title\" content=\"Marcus &amp; Marcus PPSU \u00f5ppimispudel: 180ml | Gegokids\" \/>\n<meta property=\"og:description\" content=\"Marcus &amp; Marcus PPSU \u00fcleminekupudel aitab lapsel \u00f5ppida joomist nagu klaasist. Lekkevaba disain, pehme silikoon ja vahetatavad osad. Sobib alates 6. elukuust.\" \/>\n<meta property=\"og:url\" content=\"https:\/\/gegokids.ee\/en\/product\/marcus-marcus-ppsu-oppimispudel\/\" \/>\n<meta property=\"og:site_name\" content=\"Gegokids\" \/>\n<meta property=\"article:publisher\" content=\"https:\/\/www.facebook.com\/GegoKids\" \/>\n<meta property=\"article:modified_time\" content=\"2026-03-18T13:17:35+00:00\" \/>\n<meta property=\"og:image\" content=\"https:\/\/gegokids.ee\/wp-content\/uploads\/2023\/02\/Gegokids-8.png\" \/>\n\t<meta property=\"og:image:width\" content=\"600\" \/>\n\t<meta property=\"og:image:height\" content=\"400\" \/>\n\t<meta property=\"og:image:type\" content=\"image\/png\" \/>\n<meta name=\"twitter:card\" content=\"summary_large_image\" \/>\n<meta name=\"twitter:label1\" content=\"Est. reading time\" \/>\n\t<meta name=\"twitter:data1\" content=\"1 minute\" \/>\n<script type=\"application\/ld+json\" class=\"yoast-schema-graph\">{\"@context\":\"https:\/\/schema.org\",\"@graph\":[{\"@type\":\"WebPage\",\"@id\":\"https:\/\/gegokids.ee\/toode\/marcus-marcus-ppsu-oppimispudel\/\",\"url\":\"https:\/\/gegokids.ee\/toode\/marcus-marcus-ppsu-oppimispudel\/\",\"name\":\"Marcus &amp; Marcus PPSU \u00f5ppimispudel: 180ml | Gegokids\",\"isPartOf\":{\"@id\":\"https:\/\/gegokids.ee\/#website\"},\"primaryImageOfPage\":{\"@id\":\"https:\/\/gegokids.ee\/toode\/marcus-marcus-ppsu-oppimispudel\/#primaryimage\"},\"image\":{\"@id\":\"https:\/\/gegokids.ee\/toode\/marcus-marcus-ppsu-oppimispudel\/#primaryimage\"},\"thumbnailUrl\":\"https:\/\/gegokids.ee\/wp-content\/uploads\/2023\/02\/Gegokids-8.png\",\"datePublished\":\"2023-02-11T19:50:39+00:00\",\"dateModified\":\"2026-03-18T13:17:35+00:00\",\"description\":\"Marcus & Marcus PPSU \u00fcleminekupudel aitab lapsel \u00f5ppida joomist nagu klaasist. Lekkevaba disain, pehme silikoon ja vahetatavad osad. Sobib alates 6. elukuust.\",\"breadcrumb\":{\"@id\":\"https:\/\/gegokids.ee\/toode\/marcus-marcus-ppsu-oppimispudel\/#breadcrumb\"},\"inLanguage\":\"en-US\",\"potentialAction\":[{\"@type\":\"ReadAction\",\"target\":[\"https:\/\/gegokids.ee\/toode\/marcus-marcus-ppsu-oppimispudel\/\"]}]},{\"@type\":\"ImageObject\",\"inLanguage\":\"en-US\",\"@id\":\"https:\/\/gegokids.ee\/toode\/marcus-marcus-ppsu-oppimispudel\/#primaryimage\",\"url\":\"https:\/\/gegokids.ee\/wp-content\/uploads\/2023\/02\/Gegokids-8.png\",\"contentUrl\":\"https:\/\/gegokids.ee\/wp-content\/uploads\/2023\/02\/Gegokids-8.png\",\"width\":600,\"height\":400},{\"@type\":\"BreadcrumbList\",\"@id\":\"https:\/\/gegokids.ee\/toode\/marcus-marcus-ppsu-oppimispudel\/#breadcrumb\",\"itemListElement\":[{\"@type\":\"ListItem\",\"position\":1,\"name\":\"Home\",\"item\":\"https:\/\/gegokids.ee\/en\/\"},{\"@type\":\"ListItem\",\"position\":2,\"name\":\"E-pood\",\"item\":\"https:\/\/gegokids.ee\/e-pood\/\"},{\"@type\":\"ListItem\",\"position\":3,\"name\":\"Marcus &amp; Marcus PPSU \u00f5ppimispudel: 180ml\"}]},{\"@type\":\"WebSite\",\"@id\":\"https:\/\/gegokids.ee\/#website\",\"url\":\"https:\/\/gegokids.ee\/\",\"name\":\"Gegokids\",\"description\":\"Kvaliteetsed ja turvalised laste m\u00e4nguasjad.\",\"publisher\":{\"@id\":\"https:\/\/gegokids.ee\/#organization\"},\"potentialAction\":[{\"@type\":\"SearchAction\",\"target\":{\"@type\":\"EntryPoint\",\"urlTemplate\":\"https:\/\/gegokids.ee\/?s={search_term_string}\"},\"query-input\":{\"@type\":\"PropertyValueSpecification\",\"valueRequired\":true,\"valueName\":\"search_term_string\"}}],\"inLanguage\":\"en-US\"},{\"@type\":\"Organization\",\"@id\":\"https:\/\/gegokids.ee\/#organization\",\"name\":\"Gegokids\",\"url\":\"https:\/\/gegokids.ee\/\",\"logo\":{\"@type\":\"ImageObject\",\"inLanguage\":\"en-US\",\"@id\":\"https:\/\/gegokids.ee\/#\/schema\/logo\/image\/\",\"url\":\"https:\/\/gegokids.ee\/wp-content\/uploads\/2022\/06\/logo2.png\",\"contentUrl\":\"https:\/\/gegokids.ee\/wp-content\/uploads\/2022\/06\/logo2.png\",\"width\":358,\"height\":104,\"caption\":\"Gegokids\"},\"image\":{\"@id\":\"https:\/\/gegokids.ee\/#\/schema\/logo\/image\/\"},\"sameAs\":[\"https:\/\/www.facebook.com\/GegoKids\",\"https:\/\/www.instagram.com\/gegokids.ee\/\"]}]}<\/script>\n<!-- \/ Yoast SEO plugin. -->","yoast_head_json":{"title":"Marcus &amp; Marcus PPSU \u00f5ppimispudel: 180ml | Gegokids","description":"Marcus & Marcus PPSU \u00fcleminekupudel aitab lapsel \u00f5ppida joomist nagu klaasist. Lekkevaba disain, pehme silikoon ja vahetatavad osad. Sobib alates 6. elukuust.","robots":{"index":"index","follow":"follow","max-snippet":"max-snippet:-1","max-image-preview":"max-image-preview:large","max-video-preview":"max-video-preview:-1"},"canonical":"https:\/\/gegokids.ee\/en\/product\/marcus-marcus-ppsu-oppimispudel\/","og_locale":"en_US","og_type":"article","og_title":"Marcus &amp; Marcus PPSU \u00f5ppimispudel: 180ml | Gegokids","og_description":"Marcus & Marcus PPSU \u00fcleminekupudel aitab lapsel \u00f5ppida joomist nagu klaasist. Lekkevaba disain, pehme silikoon ja vahetatavad osad. Sobib alates 6. elukuust.","og_url":"https:\/\/gegokids.ee\/en\/product\/marcus-marcus-ppsu-oppimispudel\/","og_site_name":"Gegokids","article_publisher":"https:\/\/www.facebook.com\/GegoKids","article_modified_time":"2026-03-18T13:17:35+00:00","og_image":[{"width":600,"height":400,"url":"https:\/\/gegokids.ee\/wp-content\/uploads\/2023\/02\/Gegokids-8.png","type":"image\/png"}],"twitter_card":"summary_large_image","twitter_misc":{"Est. reading time":"1 minute"},"schema":{"@context":"https:\/\/schema.org","@graph":[{"@type":"WebPage","@id":"https:\/\/gegokids.ee\/toode\/marcus-marcus-ppsu-oppimispudel\/","url":"https:\/\/gegokids.ee\/toode\/marcus-marcus-ppsu-oppimispudel\/","name":"Marcus &amp; Marcus PPSU \u00f5ppimispudel: 180ml | Gegokids","isPartOf":{"@id":"https:\/\/gegokids.ee\/#website"},"primaryImageOfPage":{"@id":"https:\/\/gegokids.ee\/toode\/marcus-marcus-ppsu-oppimispudel\/#primaryimage"},"image":{"@id":"https:\/\/gegokids.ee\/toode\/marcus-marcus-ppsu-oppimispudel\/#primaryimage"},"thumbnailUrl":"https:\/\/gegokids.ee\/wp-content\/uploads\/2023\/02\/Gegokids-8.png","datePublished":"2023-02-11T19:50:39+00:00","dateModified":"2026-03-18T13:17:35+00:00","description":"Marcus & Marcus PPSU \u00fcleminekupudel aitab lapsel \u00f5ppida joomist nagu klaasist. Lekkevaba disain, pehme silikoon ja vahetatavad osad. Sobib alates 6. elukuust.","breadcrumb":{"@id":"https:\/\/gegokids.ee\/toode\/marcus-marcus-ppsu-oppimispudel\/#breadcrumb"},"inLanguage":"en-US","potentialAction":[{"@type":"ReadAction","target":["https:\/\/gegokids.ee\/toode\/marcus-marcus-ppsu-oppimispudel\/"]}]},{"@type":"ImageObject","inLanguage":"en-US","@id":"https:\/\/gegokids.ee\/toode\/marcus-marcus-ppsu-oppimispudel\/#primaryimage","url":"https:\/\/gegokids.ee\/wp-content\/uploads\/2023\/02\/Gegokids-8.png","contentUrl":"https:\/\/gegokids.ee\/wp-content\/uploads\/2023\/02\/Gegokids-8.png","width":600,"height":400},{"@type":"BreadcrumbList","@id":"https:\/\/gegokids.ee\/toode\/marcus-marcus-ppsu-oppimispudel\/#breadcrumb","itemListElement":[{"@type":"ListItem","position":1,"name":"Home","item":"https:\/\/gegokids.ee\/en\/"},{"@type":"ListItem","position":2,"name":"E-pood","item":"https:\/\/gegokids.ee\/e-pood\/"},{"@type":"ListItem","position":3,"name":"Marcus &amp; Marcus PPSU \u00f5ppimispudel: 180ml"}]},{"@type":"WebSite","@id":"https:\/\/gegokids.ee\/#website","url":"https:\/\/gegokids.ee\/","name":"Gegokids","description":"Kvaliteetsed ja turvalised laste m\u00e4nguasjad.","publisher":{"@id":"https:\/\/gegokids.ee\/#organization"},"potentialAction":[{"@type":"SearchAction","target":{"@type":"EntryPoint","urlTemplate":"https:\/\/gegokids.ee\/?s={search_term_string}"},"query-input":{"@type":"PropertyValueSpecification","valueRequired":true,"valueName":"search_term_string"}}],"inLanguage":"en-US"},{"@type":"Organization","@id":"https:\/\/gegokids.ee\/#organization","name":"Gegokids","url":"https:\/\/gegokids.ee\/","logo":{"@type":"ImageObject","inLanguage":"en-US","@id":"https:\/\/gegokids.ee\/#\/schema\/logo\/image\/","url":"https:\/\/gegokids.ee\/wp-content\/uploads\/2022\/06\/logo2.png","contentUrl":"https:\/\/gegokids.ee\/wp-content\/uploads\/2022\/06\/logo2.png","width":358,"height":104,"caption":"Gegokids"},"image":{"@id":"https:\/\/gegokids.ee\/#\/schema\/logo\/image\/"},"sameAs":["https:\/\/www.facebook.com\/GegoKids","https:\/\/www.instagram.com\/gegokids.ee\/"]}]}},"_links":{"self":[{"href":"https:\/\/gegokids.ee\/en\/wp-json\/wp\/v2\/product\/27273","targetHints":{"allow":["GET"]}}],"collection":[{"href":"https:\/\/gegokids.ee\/en\/wp-json\/wp\/v2\/product"}],"about":[{"href":"https:\/\/gegokids.ee\/en\/wp-json\/wp\/v2\/types\/product"}],"replies":[{"embeddable":true,"href":"https:\/\/gegokids.ee\/en\/wp-json\/wp\/v2\/comments?post=27273"}],"version-history":[{"count":5,"href":"https:\/\/gegokids.ee\/en\/wp-json\/wp\/v2\/product\/27273\/revisions"}],"predecessor-version":[{"id":28987,"href":"https:\/\/gegokids.ee\/en\/wp-json\/wp\/v2\/product\/27273\/revisions\/28987"}],"wp:featuredmedia":[{"embeddable":true,"href":"https:\/\/gegokids.ee\/en\/wp-json\/wp\/v2\/media\/28985"}],"wp:attachment":[{"href":"https:\/\/gegokids.ee\/en\/wp-json\/wp\/v2\/media?parent=27273"}],"wp:term":[{"taxonomy":"product_brand","embeddable":true,"href":"https:\/\/gegokids.ee\/en\/wp-json\/wp\/v2\/product_brand?post=27273"},{"taxonomy":"product_cat","embeddable":true,"href":"https:\/\/gegokids.ee\/en\/wp-json\/wp\/v2\/product_cat?post=27273"},{"taxonomy":"product_tag","embeddable":true,"href":"https:\/\/gegokids.ee\/en\/wp-json\/wp\/v2\/product_tag?post=27273"}],"curies":[{"name":"wp","href":"https:\/\/api.w.org\/{rel}","templated":true}]}}