{"id":27010,"date":"2022-11-16T10:13:29","date_gmt":"2022-11-16T10:13:29","guid":{"rendered":"https:\/\/gegokids.ee\/?post_type=product&#038;p=27010"},"modified":"2026-02-09T02:09:52","modified_gmt":"2026-02-08T23:09:52","slug":"marcus-marcus-loovad-soogitarvikud-vaike-kokk","status":"publish","type":"product","link":"https:\/\/gegokids.ee\/en\/product\/marcus-marcus-loovad-soogitarvikud-vaike-kokk\/","title":{"rendered":"Marcus &amp; Marcus Loovad s\u00f6\u00f6gitarvikud &#8220;V\u00e4ike Kokk&#8221;"},"content":{"rendered":"<p><span style=\"color: #000000;\">PUHASTAMINE JA HOOLDUS:<\/span><\/p>\n<p><span style=\"color: #000000;\">\u00dclemisel restil n\u00f5udepesumasinas pestav<\/span><br \/>\n<span style=\"color: #000000;\">Aurusterilisaatoris kasutatav<\/span><br \/>\n<span style=\"color: #000000;\">Plekid saab eemaldada kuuma seebiveega pestes<\/span><br \/>\n<span style=\"color: #000000;\">S\u00fcgavk\u00fclmakindel<\/span><\/p>\n<p><span style=\"color: #000000;\">VANUS:<\/span><\/p>\n<p><span style=\"color: #000000;\">6 kuud+<\/span><\/p>\n<p><span style=\"color: #000000;\">MATERJAL:<\/span><\/p>\n<p><span style=\"color: #000000;\">Toidukvaliteediga silikoon<\/span><\/p>\n<p><span style=\"color: #000000;\">TALUVUSTEMPERATUUR:<\/span><\/p>\n<p><span style=\"color: #000000;\">-20\u00b0C kuni 220\u00b0C<\/span><\/p>","protected":false},"excerpt":{"rendered":"<p><span style=\"color: #000000;\">Teeme s\u00f6\u00f6giaja l\u00f5busaks! S\u00f6\u00f6giaja l\u00f5busaks muutmine on lastele mitmel viisil kasulik. Lisaks tervislike toitumisharjumuste \u00f5ppimisele on s\u00f6\u00f6giaeg lastele parim aeg oma sotsiaalsete, suhtlemis- ja eneseabioskuste arendamiseks. Marcus &amp; Marcuse loomingulised lauan\u00f5ud on lihtne viis oma lauale r\u00f5\u00f5msameelsust tuua. Loov v\u00e4ikelaste s\u00f6\u00f6giaja komplekt &#8220;V\u00e4ike Kokk&#8221; on varustatud iminapaga taldrikuga, laia kattega p\u00f5llega ning peopesa haaratava kahvli ja lusika komplektiga.<\/span><\/p>\n<p><span style=\"color: #000000;\">Sobib ideaalselt v\u00e4ikesele s\u00f6\u00f6ma \u00f5ppijale!<\/span><\/p>\n<p><span style=\"color: #000000;\"><strong>Tarne 3-8 t\u00f6\u00f6p\u00e4eva!<\/strong><\/span><\/p>","protected":false},"featured_media":29076,"comment_status":"open","ping_status":"closed","template":"","meta":[],"product_brand":[455],"product_cat":[426,285,422],"product_tag":[453,474,457,458,461],"class_list":{"0":"post-27010","1":"product","2":"type-product","3":"status-publish","4":"has-post-thumbnail","6":"product_brand-marcus-marcus","7":"product_cat-kingiideed","8":"product_cat-koik","9":"product_cat-laste-soogikomplektid","10":"product_tag-soogipolled-taskuga","11":"product_tag-soomistarvikud","12":"product_tag-beebidele-0-1-a","13":"product_tag-vaikelastele-1-3-a","14":"product_tag-461","16":"first","17":"instock","18":"shipping-taxable","19":"purchasable","20":"product-type-variable"},"yoast_head":"<!-- This site is optimized with the Yoast SEO plugin v26.9 - https:\/\/yoast.com\/product\/yoast-seo-wordpress\/ -->\n<title>Marcus &amp; Marcus Loovad s\u00f6\u00f6gitarvikud &quot;V\u00e4ike Kokk&quot; | Gegokids<\/title>\n<meta name=\"description\" content=\"Marcus &amp; Marcus s\u00f6\u00f6gikomplekt muudab s\u00f6\u00f6gikorra m\u00e4nguliseks ja l\u00f5busaks. Vaakumiga taldrik, silikoonp\u00f5ll ja s\u00f6\u00f6giriistad toetavad iseseisvat s\u00f6\u00f6mist. Sobib alates 6 kuust.\" \/>\n<meta name=\"robots\" content=\"index, follow, max-snippet:-1, max-image-preview:large, max-video-preview:-1\" \/>\n<link rel=\"canonical\" href=\"https:\/\/gegokids.ee\/en\/product\/marcus-marcus-loovad-soogitarvikud-vaike-kokk\/\" \/>\n<meta property=\"og:locale\" content=\"en_US\" \/>\n<meta property=\"og:type\" content=\"article\" \/>\n<meta property=\"og:title\" content=\"Marcus &amp; Marcus Loovad s\u00f6\u00f6gitarvikud &quot;V\u00e4ike Kokk&quot; | Gegokids\" \/>\n<meta property=\"og:description\" content=\"Marcus &amp; Marcus s\u00f6\u00f6gikomplekt muudab s\u00f6\u00f6gikorra m\u00e4nguliseks ja l\u00f5busaks. Vaakumiga taldrik, silikoonp\u00f5ll ja s\u00f6\u00f6giriistad toetavad iseseisvat s\u00f6\u00f6mist. Sobib alates 6 kuust.\" \/>\n<meta property=\"og:url\" content=\"https:\/\/gegokids.ee\/en\/product\/marcus-marcus-loovad-soogitarvikud-vaike-kokk\/\" \/>\n<meta property=\"og:site_name\" content=\"Gegokids\" \/>\n<meta property=\"article:publisher\" content=\"https:\/\/www.facebook.com\/GegoKids\" \/>\n<meta property=\"article:modified_time\" content=\"2026-02-08T23:09:52+00:00\" \/>\n<meta property=\"og:image\" content=\"https:\/\/gegokids.ee\/wp-content\/uploads\/2022\/11\/MNMLS17_pd_1_CP_small-scaled.jpg\" \/>\n\t<meta property=\"og:image:width\" content=\"2560\" \/>\n\t<meta property=\"og:image:height\" content=\"1811\" \/>\n\t<meta property=\"og:image:type\" content=\"image\/jpeg\" \/>\n<meta name=\"twitter:card\" content=\"summary_large_image\" \/>\n<meta name=\"twitter:label1\" content=\"Est. reading time\" \/>\n\t<meta name=\"twitter:data1\" content=\"1 minute\" \/>\n<script type=\"application\/ld+json\" class=\"yoast-schema-graph\">{\"@context\":\"https:\/\/schema.org\",\"@graph\":[{\"@type\":\"WebPage\",\"@id\":\"https:\/\/gegokids.ee\/toode\/marcus-marcus-loovad-soogitarvikud-vaike-kokk\/\",\"url\":\"https:\/\/gegokids.ee\/toode\/marcus-marcus-loovad-soogitarvikud-vaike-kokk\/\",\"name\":\"Marcus &amp; Marcus Loovad s\u00f6\u00f6gitarvikud \\\"V\u00e4ike Kokk\\\" | Gegokids\",\"isPartOf\":{\"@id\":\"https:\/\/gegokids.ee\/#website\"},\"primaryImageOfPage\":{\"@id\":\"https:\/\/gegokids.ee\/toode\/marcus-marcus-loovad-soogitarvikud-vaike-kokk\/#primaryimage\"},\"image\":{\"@id\":\"https:\/\/gegokids.ee\/toode\/marcus-marcus-loovad-soogitarvikud-vaike-kokk\/#primaryimage\"},\"thumbnailUrl\":\"https:\/\/gegokids.ee\/wp-content\/uploads\/2022\/11\/MNMLS17_pd_1_CP_small-scaled.jpg\",\"datePublished\":\"2022-11-16T10:13:29+00:00\",\"dateModified\":\"2026-02-08T23:09:52+00:00\",\"description\":\"Marcus & Marcus s\u00f6\u00f6gikomplekt muudab s\u00f6\u00f6gikorra m\u00e4nguliseks ja l\u00f5busaks. Vaakumiga taldrik, silikoonp\u00f5ll ja s\u00f6\u00f6giriistad toetavad iseseisvat s\u00f6\u00f6mist. Sobib alates 6 kuust.\",\"breadcrumb\":{\"@id\":\"https:\/\/gegokids.ee\/toode\/marcus-marcus-loovad-soogitarvikud-vaike-kokk\/#breadcrumb\"},\"inLanguage\":\"en-US\",\"potentialAction\":[{\"@type\":\"ReadAction\",\"target\":[\"https:\/\/gegokids.ee\/toode\/marcus-marcus-loovad-soogitarvikud-vaike-kokk\/\"]}]},{\"@type\":\"ImageObject\",\"inLanguage\":\"en-US\",\"@id\":\"https:\/\/gegokids.ee\/toode\/marcus-marcus-loovad-soogitarvikud-vaike-kokk\/#primaryimage\",\"url\":\"https:\/\/gegokids.ee\/wp-content\/uploads\/2022\/11\/MNMLS17_pd_1_CP_small-scaled.jpg\",\"contentUrl\":\"https:\/\/gegokids.ee\/wp-content\/uploads\/2022\/11\/MNMLS17_pd_1_CP_small-scaled.jpg\",\"width\":2560,\"height\":1811},{\"@type\":\"BreadcrumbList\",\"@id\":\"https:\/\/gegokids.ee\/toode\/marcus-marcus-loovad-soogitarvikud-vaike-kokk\/#breadcrumb\",\"itemListElement\":[{\"@type\":\"ListItem\",\"position\":1,\"name\":\"Home\",\"item\":\"https:\/\/gegokids.ee\/en\/\"},{\"@type\":\"ListItem\",\"position\":2,\"name\":\"E-pood\",\"item\":\"https:\/\/gegokids.ee\/e-pood\/\"},{\"@type\":\"ListItem\",\"position\":3,\"name\":\"Marcus &amp; Marcus Loovad s\u00f6\u00f6gitarvikud &#8220;V\u00e4ike Kokk&#8221;\"}]},{\"@type\":\"WebSite\",\"@id\":\"https:\/\/gegokids.ee\/#website\",\"url\":\"https:\/\/gegokids.ee\/\",\"name\":\"Gegokids\",\"description\":\"Kvaliteetsed ja turvalised laste m\u00e4nguasjad.\",\"publisher\":{\"@id\":\"https:\/\/gegokids.ee\/#organization\"},\"potentialAction\":[{\"@type\":\"SearchAction\",\"target\":{\"@type\":\"EntryPoint\",\"urlTemplate\":\"https:\/\/gegokids.ee\/?s={search_term_string}\"},\"query-input\":{\"@type\":\"PropertyValueSpecification\",\"valueRequired\":true,\"valueName\":\"search_term_string\"}}],\"inLanguage\":\"en-US\"},{\"@type\":\"Organization\",\"@id\":\"https:\/\/gegokids.ee\/#organization\",\"name\":\"Gegokids\",\"url\":\"https:\/\/gegokids.ee\/\",\"logo\":{\"@type\":\"ImageObject\",\"inLanguage\":\"en-US\",\"@id\":\"https:\/\/gegokids.ee\/#\/schema\/logo\/image\/\",\"url\":\"https:\/\/gegokids.ee\/wp-content\/uploads\/2022\/06\/logo2.png\",\"contentUrl\":\"https:\/\/gegokids.ee\/wp-content\/uploads\/2022\/06\/logo2.png\",\"width\":358,\"height\":104,\"caption\":\"Gegokids\"},\"image\":{\"@id\":\"https:\/\/gegokids.ee\/#\/schema\/logo\/image\/\"},\"sameAs\":[\"https:\/\/www.facebook.com\/GegoKids\",\"https:\/\/www.instagram.com\/gegokids.ee\/\"]}]}<\/script>\n<!-- \/ Yoast SEO plugin. -->","yoast_head_json":{"title":"Marcus &amp; Marcus Loovad s\u00f6\u00f6gitarvikud \"V\u00e4ike Kokk\" | Gegokids","description":"Marcus & Marcus s\u00f6\u00f6gikomplekt muudab s\u00f6\u00f6gikorra m\u00e4nguliseks ja l\u00f5busaks. Vaakumiga taldrik, silikoonp\u00f5ll ja s\u00f6\u00f6giriistad toetavad iseseisvat s\u00f6\u00f6mist. Sobib alates 6 kuust.","robots":{"index":"index","follow":"follow","max-snippet":"max-snippet:-1","max-image-preview":"max-image-preview:large","max-video-preview":"max-video-preview:-1"},"canonical":"https:\/\/gegokids.ee\/en\/product\/marcus-marcus-loovad-soogitarvikud-vaike-kokk\/","og_locale":"en_US","og_type":"article","og_title":"Marcus &amp; Marcus Loovad s\u00f6\u00f6gitarvikud \"V\u00e4ike Kokk\" | Gegokids","og_description":"Marcus & Marcus s\u00f6\u00f6gikomplekt muudab s\u00f6\u00f6gikorra m\u00e4nguliseks ja l\u00f5busaks. Vaakumiga taldrik, silikoonp\u00f5ll ja s\u00f6\u00f6giriistad toetavad iseseisvat s\u00f6\u00f6mist. Sobib alates 6 kuust.","og_url":"https:\/\/gegokids.ee\/en\/product\/marcus-marcus-loovad-soogitarvikud-vaike-kokk\/","og_site_name":"Gegokids","article_publisher":"https:\/\/www.facebook.com\/GegoKids","article_modified_time":"2026-02-08T23:09:52+00:00","og_image":[{"width":2560,"height":1811,"url":"https:\/\/gegokids.ee\/wp-content\/uploads\/2022\/11\/MNMLS17_pd_1_CP_small-scaled.jpg","type":"image\/jpeg"}],"twitter_card":"summary_large_image","twitter_misc":{"Est. reading time":"1 minute"},"schema":{"@context":"https:\/\/schema.org","@graph":[{"@type":"WebPage","@id":"https:\/\/gegokids.ee\/toode\/marcus-marcus-loovad-soogitarvikud-vaike-kokk\/","url":"https:\/\/gegokids.ee\/toode\/marcus-marcus-loovad-soogitarvikud-vaike-kokk\/","name":"Marcus &amp; Marcus Loovad s\u00f6\u00f6gitarvikud \"V\u00e4ike Kokk\" | Gegokids","isPartOf":{"@id":"https:\/\/gegokids.ee\/#website"},"primaryImageOfPage":{"@id":"https:\/\/gegokids.ee\/toode\/marcus-marcus-loovad-soogitarvikud-vaike-kokk\/#primaryimage"},"image":{"@id":"https:\/\/gegokids.ee\/toode\/marcus-marcus-loovad-soogitarvikud-vaike-kokk\/#primaryimage"},"thumbnailUrl":"https:\/\/gegokids.ee\/wp-content\/uploads\/2022\/11\/MNMLS17_pd_1_CP_small-scaled.jpg","datePublished":"2022-11-16T10:13:29+00:00","dateModified":"2026-02-08T23:09:52+00:00","description":"Marcus & Marcus s\u00f6\u00f6gikomplekt muudab s\u00f6\u00f6gikorra m\u00e4nguliseks ja l\u00f5busaks. Vaakumiga taldrik, silikoonp\u00f5ll ja s\u00f6\u00f6giriistad toetavad iseseisvat s\u00f6\u00f6mist. Sobib alates 6 kuust.","breadcrumb":{"@id":"https:\/\/gegokids.ee\/toode\/marcus-marcus-loovad-soogitarvikud-vaike-kokk\/#breadcrumb"},"inLanguage":"en-US","potentialAction":[{"@type":"ReadAction","target":["https:\/\/gegokids.ee\/toode\/marcus-marcus-loovad-soogitarvikud-vaike-kokk\/"]}]},{"@type":"ImageObject","inLanguage":"en-US","@id":"https:\/\/gegokids.ee\/toode\/marcus-marcus-loovad-soogitarvikud-vaike-kokk\/#primaryimage","url":"https:\/\/gegokids.ee\/wp-content\/uploads\/2022\/11\/MNMLS17_pd_1_CP_small-scaled.jpg","contentUrl":"https:\/\/gegokids.ee\/wp-content\/uploads\/2022\/11\/MNMLS17_pd_1_CP_small-scaled.jpg","width":2560,"height":1811},{"@type":"BreadcrumbList","@id":"https:\/\/gegokids.ee\/toode\/marcus-marcus-loovad-soogitarvikud-vaike-kokk\/#breadcrumb","itemListElement":[{"@type":"ListItem","position":1,"name":"Home","item":"https:\/\/gegokids.ee\/en\/"},{"@type":"ListItem","position":2,"name":"E-pood","item":"https:\/\/gegokids.ee\/e-pood\/"},{"@type":"ListItem","position":3,"name":"Marcus &amp; Marcus Loovad s\u00f6\u00f6gitarvikud &#8220;V\u00e4ike Kokk&#8221;"}]},{"@type":"WebSite","@id":"https:\/\/gegokids.ee\/#website","url":"https:\/\/gegokids.ee\/","name":"Gegokids","description":"Kvaliteetsed ja turvalised laste m\u00e4nguasjad.","publisher":{"@id":"https:\/\/gegokids.ee\/#organization"},"potentialAction":[{"@type":"SearchAction","target":{"@type":"EntryPoint","urlTemplate":"https:\/\/gegokids.ee\/?s={search_term_string}"},"query-input":{"@type":"PropertyValueSpecification","valueRequired":true,"valueName":"search_term_string"}}],"inLanguage":"en-US"},{"@type":"Organization","@id":"https:\/\/gegokids.ee\/#organization","name":"Gegokids","url":"https:\/\/gegokids.ee\/","logo":{"@type":"ImageObject","inLanguage":"en-US","@id":"https:\/\/gegokids.ee\/#\/schema\/logo\/image\/","url":"https:\/\/gegokids.ee\/wp-content\/uploads\/2022\/06\/logo2.png","contentUrl":"https:\/\/gegokids.ee\/wp-content\/uploads\/2022\/06\/logo2.png","width":358,"height":104,"caption":"Gegokids"},"image":{"@id":"https:\/\/gegokids.ee\/#\/schema\/logo\/image\/"},"sameAs":["https:\/\/www.facebook.com\/GegoKids","https:\/\/www.instagram.com\/gegokids.ee\/"]}]}},"_links":{"self":[{"href":"https:\/\/gegokids.ee\/en\/wp-json\/wp\/v2\/product\/27010","targetHints":{"allow":["GET"]}}],"collection":[{"href":"https:\/\/gegokids.ee\/en\/wp-json\/wp\/v2\/product"}],"about":[{"href":"https:\/\/gegokids.ee\/en\/wp-json\/wp\/v2\/types\/product"}],"replies":[{"embeddable":true,"href":"https:\/\/gegokids.ee\/en\/wp-json\/wp\/v2\/comments?post=27010"}],"version-history":[{"count":5,"href":"https:\/\/gegokids.ee\/en\/wp-json\/wp\/v2\/product\/27010\/revisions"}],"predecessor-version":[{"id":29078,"href":"https:\/\/gegokids.ee\/en\/wp-json\/wp\/v2\/product\/27010\/revisions\/29078"}],"wp:featuredmedia":[{"embeddable":true,"href":"https:\/\/gegokids.ee\/en\/wp-json\/wp\/v2\/media\/29076"}],"wp:attachment":[{"href":"https:\/\/gegokids.ee\/en\/wp-json\/wp\/v2\/media?parent=27010"}],"wp:term":[{"taxonomy":"product_brand","embeddable":true,"href":"https:\/\/gegokids.ee\/en\/wp-json\/wp\/v2\/product_brand?post=27010"},{"taxonomy":"product_cat","embeddable":true,"href":"https:\/\/gegokids.ee\/en\/wp-json\/wp\/v2\/product_cat?post=27010"},{"taxonomy":"product_tag","embeddable":true,"href":"https:\/\/gegokids.ee\/en\/wp-json\/wp\/v2\/product_tag?post=27010"}],"curies":[{"name":"wp","href":"https:\/\/api.w.org\/{rel}","templated":true}]}}