{"id":26996,"date":"2022-11-16T09:07:41","date_gmt":"2022-11-16T09:07:41","guid":{"rendered":"https:\/\/gegokids.ee\/?post_type=product&#038;p=26996"},"modified":"2026-04-18T10:48:32","modified_gmt":"2026-04-18T07:48:32","slug":"marcus-marcus-beebi-silikoonist-pesusvamm","status":"publish","type":"product","link":"https:\/\/gegokids.ee\/en\/product\/marcus-marcus-beebi-silikoonist-pesusvamm\/","title":{"rendered":"Marcus &amp; Marcus Beebi silikoonist pesusvamm"},"content":{"rendered":"<p><span style=\"color: #000000;\"><b>PRODUCT SIZE:<\/b><\/span><\/p>\n<p><span style=\"color: #000000;\">3.8 x 16 x 7.8 cm<\/span><\/p>","protected":false},"excerpt":{"rendered":"<p><span style=\"color: #000000;\">Marcus &amp; Marcus silikoonist beebi pesemise svamm on valmistatud BPA- ja ftalaadivabast silikoonist, mis on beebi naha jaoks \u00e4\u00e4rmiselt pehme. Sisseehitatud k\u00e4epide istub lapse juukseid pestes ideaalselt teie k\u00e4e k\u00fclge ja hari aitab eemaldada peanahalt beebik\u00f5\u00f5ma. Harjased on nii \u00f5rnad, et saate oma v\u00e4ikest masseerida ja see meeldib neile! See on suurep\u00e4rane viis enne magamaminekut rahulikuks ja l\u00f5\u00f5gastumiseks.<\/span><\/p>\n<p>&nbsp;<\/p>\n<p><span style=\"color: #000000;\"><strong>Tarne 3-8 t\u00f6\u00f6p\u00e4eva!<\/strong><\/span><\/p>","protected":false},"featured_media":27004,"comment_status":"open","ping_status":"closed","template":"","meta":[],"product_brand":[455],"product_cat":[426,285,476,423],"product_tag":[475,457],"class_list":{"0":"post-26996","1":"product","2":"type-product","3":"status-publish","4":"has-post-thumbnail","6":"product_brand-marcus-marcus","7":"product_cat-kingiideed","8":"product_cat-koik","9":"product_cat-lustakad-vannisobrad","10":"product_cat-laste-vannimanguasjad","11":"product_tag-vannitamine","12":"product_tag-beebidele-0-1-a","14":"first","15":"instock","16":"shipping-taxable","17":"purchasable","18":"product-type-simple"},"yoast_head":"<!-- This site is optimized with the Yoast SEO plugin v26.9 - https:\/\/yoast.com\/product\/yoast-seo-wordpress\/ -->\n<title>Marcus &amp; Marcus Beebi silikoonist pesusvamm | Gegokids<\/title>\n<meta name=\"description\" content=\"Marcus &amp; Marcus silikoonist beebi pesu- ja massaa\u017eihari on \u00f5rn tundlikule nahale. Aitab eemaldada beebik\u00f5\u00f5ma ja pakub rahustavat massaa\u017ei. Sobib alates s\u00fcnnist.\" \/>\n<meta name=\"robots\" content=\"index, follow, max-snippet:-1, max-image-preview:large, max-video-preview:-1\" \/>\n<link rel=\"canonical\" href=\"https:\/\/gegokids.ee\/en\/product\/marcus-marcus-beebi-silikoonist-pesusvamm\/\" \/>\n<meta property=\"og:locale\" content=\"en_US\" \/>\n<meta property=\"og:type\" content=\"article\" \/>\n<meta property=\"og:title\" content=\"Marcus &amp; Marcus Beebi silikoonist pesusvamm | Gegokids\" \/>\n<meta property=\"og:description\" content=\"Marcus &amp; Marcus silikoonist beebi pesu- ja massaa\u017eihari on \u00f5rn tundlikule nahale. Aitab eemaldada beebik\u00f5\u00f5ma ja pakub rahustavat massaa\u017ei. Sobib alates s\u00fcnnist.\" \/>\n<meta property=\"og:url\" content=\"https:\/\/gegokids.ee\/en\/product\/marcus-marcus-beebi-silikoonist-pesusvamm\/\" \/>\n<meta property=\"og:site_name\" content=\"Gegokids\" \/>\n<meta property=\"article:publisher\" content=\"https:\/\/www.facebook.com\/GegoKids\" \/>\n<meta property=\"article:modified_time\" content=\"2026-04-18T07:48:32+00:00\" \/>\n<meta property=\"og:image\" content=\"https:\/\/gegokids.ee\/wp-content\/uploads\/2022\/11\/0S8A3566-scaled.jpg\" \/>\n\t<meta property=\"og:image:width\" content=\"1707\" \/>\n\t<meta property=\"og:image:height\" content=\"2560\" \/>\n\t<meta property=\"og:image:type\" content=\"image\/jpeg\" \/>\n<meta name=\"twitter:card\" content=\"summary_large_image\" \/>\n<meta name=\"twitter:label1\" content=\"Est. reading time\" \/>\n\t<meta name=\"twitter:data1\" content=\"1 minute\" \/>\n<script type=\"application\/ld+json\" class=\"yoast-schema-graph\">{\"@context\":\"https:\/\/schema.org\",\"@graph\":[{\"@type\":\"WebPage\",\"@id\":\"https:\/\/gegokids.ee\/toode\/marcus-marcus-beebi-silikoonist-pesusvamm\/\",\"url\":\"https:\/\/gegokids.ee\/toode\/marcus-marcus-beebi-silikoonist-pesusvamm\/\",\"name\":\"Marcus &amp; Marcus Beebi silikoonist pesusvamm | Gegokids\",\"isPartOf\":{\"@id\":\"https:\/\/gegokids.ee\/#website\"},\"primaryImageOfPage\":{\"@id\":\"https:\/\/gegokids.ee\/toode\/marcus-marcus-beebi-silikoonist-pesusvamm\/#primaryimage\"},\"image\":{\"@id\":\"https:\/\/gegokids.ee\/toode\/marcus-marcus-beebi-silikoonist-pesusvamm\/#primaryimage\"},\"thumbnailUrl\":\"https:\/\/gegokids.ee\/wp-content\/uploads\/2022\/11\/Untitled-design-5.jpg\",\"datePublished\":\"2022-11-16T09:07:41+00:00\",\"dateModified\":\"2026-04-18T07:48:32+00:00\",\"description\":\"Marcus & Marcus silikoonist beebi pesu- ja massaa\u017eihari on \u00f5rn tundlikule nahale. Aitab eemaldada beebik\u00f5\u00f5ma ja pakub rahustavat massaa\u017ei. Sobib alates s\u00fcnnist.\",\"breadcrumb\":{\"@id\":\"https:\/\/gegokids.ee\/toode\/marcus-marcus-beebi-silikoonist-pesusvamm\/#breadcrumb\"},\"inLanguage\":\"en-US\",\"potentialAction\":[{\"@type\":\"ReadAction\",\"target\":[\"https:\/\/gegokids.ee\/toode\/marcus-marcus-beebi-silikoonist-pesusvamm\/\"]}]},{\"@type\":\"ImageObject\",\"inLanguage\":\"en-US\",\"@id\":\"https:\/\/gegokids.ee\/toode\/marcus-marcus-beebi-silikoonist-pesusvamm\/#primaryimage\",\"url\":\"https:\/\/gegokids.ee\/wp-content\/uploads\/2022\/11\/Untitled-design-5.jpg\",\"contentUrl\":\"https:\/\/gegokids.ee\/wp-content\/uploads\/2022\/11\/Untitled-design-5.jpg\",\"width\":800,\"height\":533},{\"@type\":\"BreadcrumbList\",\"@id\":\"https:\/\/gegokids.ee\/toode\/marcus-marcus-beebi-silikoonist-pesusvamm\/#breadcrumb\",\"itemListElement\":[{\"@type\":\"ListItem\",\"position\":1,\"name\":\"Home\",\"item\":\"https:\/\/gegokids.ee\/en\/\"},{\"@type\":\"ListItem\",\"position\":2,\"name\":\"E-pood\",\"item\":\"https:\/\/gegokids.ee\/e-pood\/\"},{\"@type\":\"ListItem\",\"position\":3,\"name\":\"Marcus &amp; Marcus Beebi silikoonist pesusvamm\"}]},{\"@type\":\"WebSite\",\"@id\":\"https:\/\/gegokids.ee\/#website\",\"url\":\"https:\/\/gegokids.ee\/\",\"name\":\"Gegokids\",\"description\":\"Kvaliteetsed ja turvalised laste m\u00e4nguasjad.\",\"publisher\":{\"@id\":\"https:\/\/gegokids.ee\/#organization\"},\"potentialAction\":[{\"@type\":\"SearchAction\",\"target\":{\"@type\":\"EntryPoint\",\"urlTemplate\":\"https:\/\/gegokids.ee\/?s={search_term_string}\"},\"query-input\":{\"@type\":\"PropertyValueSpecification\",\"valueRequired\":true,\"valueName\":\"search_term_string\"}}],\"inLanguage\":\"en-US\"},{\"@type\":\"Organization\",\"@id\":\"https:\/\/gegokids.ee\/#organization\",\"name\":\"Gegokids\",\"url\":\"https:\/\/gegokids.ee\/\",\"logo\":{\"@type\":\"ImageObject\",\"inLanguage\":\"en-US\",\"@id\":\"https:\/\/gegokids.ee\/#\/schema\/logo\/image\/\",\"url\":\"https:\/\/gegokids.ee\/wp-content\/uploads\/2022\/06\/logo2.png\",\"contentUrl\":\"https:\/\/gegokids.ee\/wp-content\/uploads\/2022\/06\/logo2.png\",\"width\":358,\"height\":104,\"caption\":\"Gegokids\"},\"image\":{\"@id\":\"https:\/\/gegokids.ee\/#\/schema\/logo\/image\/\"},\"sameAs\":[\"https:\/\/www.facebook.com\/GegoKids\",\"https:\/\/www.instagram.com\/gegokids.ee\/\"]}]}<\/script>\n<!-- \/ Yoast SEO plugin. -->","yoast_head_json":{"title":"Marcus &amp; Marcus Beebi silikoonist pesusvamm | Gegokids","description":"Marcus & Marcus silikoonist beebi pesu- ja massaa\u017eihari on \u00f5rn tundlikule nahale. Aitab eemaldada beebik\u00f5\u00f5ma ja pakub rahustavat massaa\u017ei. Sobib alates s\u00fcnnist.","robots":{"index":"index","follow":"follow","max-snippet":"max-snippet:-1","max-image-preview":"max-image-preview:large","max-video-preview":"max-video-preview:-1"},"canonical":"https:\/\/gegokids.ee\/en\/product\/marcus-marcus-beebi-silikoonist-pesusvamm\/","og_locale":"en_US","og_type":"article","og_title":"Marcus &amp; Marcus Beebi silikoonist pesusvamm | Gegokids","og_description":"Marcus & Marcus silikoonist beebi pesu- ja massaa\u017eihari on \u00f5rn tundlikule nahale. Aitab eemaldada beebik\u00f5\u00f5ma ja pakub rahustavat massaa\u017ei. Sobib alates s\u00fcnnist.","og_url":"https:\/\/gegokids.ee\/en\/product\/marcus-marcus-beebi-silikoonist-pesusvamm\/","og_site_name":"Gegokids","article_publisher":"https:\/\/www.facebook.com\/GegoKids","article_modified_time":"2026-04-18T07:48:32+00:00","og_image":[{"width":1707,"height":2560,"url":"https:\/\/gegokids.ee\/wp-content\/uploads\/2022\/11\/0S8A3566-scaled.jpg","type":"image\/jpeg"}],"twitter_card":"summary_large_image","twitter_misc":{"Est. reading time":"1 minute"},"schema":{"@context":"https:\/\/schema.org","@graph":[{"@type":"WebPage","@id":"https:\/\/gegokids.ee\/toode\/marcus-marcus-beebi-silikoonist-pesusvamm\/","url":"https:\/\/gegokids.ee\/toode\/marcus-marcus-beebi-silikoonist-pesusvamm\/","name":"Marcus &amp; Marcus Beebi silikoonist pesusvamm | Gegokids","isPartOf":{"@id":"https:\/\/gegokids.ee\/#website"},"primaryImageOfPage":{"@id":"https:\/\/gegokids.ee\/toode\/marcus-marcus-beebi-silikoonist-pesusvamm\/#primaryimage"},"image":{"@id":"https:\/\/gegokids.ee\/toode\/marcus-marcus-beebi-silikoonist-pesusvamm\/#primaryimage"},"thumbnailUrl":"https:\/\/gegokids.ee\/wp-content\/uploads\/2022\/11\/Untitled-design-5.jpg","datePublished":"2022-11-16T09:07:41+00:00","dateModified":"2026-04-18T07:48:32+00:00","description":"Marcus & Marcus silikoonist beebi pesu- ja massaa\u017eihari on \u00f5rn tundlikule nahale. Aitab eemaldada beebik\u00f5\u00f5ma ja pakub rahustavat massaa\u017ei. Sobib alates s\u00fcnnist.","breadcrumb":{"@id":"https:\/\/gegokids.ee\/toode\/marcus-marcus-beebi-silikoonist-pesusvamm\/#breadcrumb"},"inLanguage":"en-US","potentialAction":[{"@type":"ReadAction","target":["https:\/\/gegokids.ee\/toode\/marcus-marcus-beebi-silikoonist-pesusvamm\/"]}]},{"@type":"ImageObject","inLanguage":"en-US","@id":"https:\/\/gegokids.ee\/toode\/marcus-marcus-beebi-silikoonist-pesusvamm\/#primaryimage","url":"https:\/\/gegokids.ee\/wp-content\/uploads\/2022\/11\/Untitled-design-5.jpg","contentUrl":"https:\/\/gegokids.ee\/wp-content\/uploads\/2022\/11\/Untitled-design-5.jpg","width":800,"height":533},{"@type":"BreadcrumbList","@id":"https:\/\/gegokids.ee\/toode\/marcus-marcus-beebi-silikoonist-pesusvamm\/#breadcrumb","itemListElement":[{"@type":"ListItem","position":1,"name":"Home","item":"https:\/\/gegokids.ee\/en\/"},{"@type":"ListItem","position":2,"name":"E-pood","item":"https:\/\/gegokids.ee\/e-pood\/"},{"@type":"ListItem","position":3,"name":"Marcus &amp; Marcus Beebi silikoonist pesusvamm"}]},{"@type":"WebSite","@id":"https:\/\/gegokids.ee\/#website","url":"https:\/\/gegokids.ee\/","name":"Gegokids","description":"Kvaliteetsed ja turvalised laste m\u00e4nguasjad.","publisher":{"@id":"https:\/\/gegokids.ee\/#organization"},"potentialAction":[{"@type":"SearchAction","target":{"@type":"EntryPoint","urlTemplate":"https:\/\/gegokids.ee\/?s={search_term_string}"},"query-input":{"@type":"PropertyValueSpecification","valueRequired":true,"valueName":"search_term_string"}}],"inLanguage":"en-US"},{"@type":"Organization","@id":"https:\/\/gegokids.ee\/#organization","name":"Gegokids","url":"https:\/\/gegokids.ee\/","logo":{"@type":"ImageObject","inLanguage":"en-US","@id":"https:\/\/gegokids.ee\/#\/schema\/logo\/image\/","url":"https:\/\/gegokids.ee\/wp-content\/uploads\/2022\/06\/logo2.png","contentUrl":"https:\/\/gegokids.ee\/wp-content\/uploads\/2022\/06\/logo2.png","width":358,"height":104,"caption":"Gegokids"},"image":{"@id":"https:\/\/gegokids.ee\/#\/schema\/logo\/image\/"},"sameAs":["https:\/\/www.facebook.com\/GegoKids","https:\/\/www.instagram.com\/gegokids.ee\/"]}]}},"_links":{"self":[{"href":"https:\/\/gegokids.ee\/en\/wp-json\/wp\/v2\/product\/26996","targetHints":{"allow":["GET"]}}],"collection":[{"href":"https:\/\/gegokids.ee\/en\/wp-json\/wp\/v2\/product"}],"about":[{"href":"https:\/\/gegokids.ee\/en\/wp-json\/wp\/v2\/types\/product"}],"replies":[{"embeddable":true,"href":"https:\/\/gegokids.ee\/en\/wp-json\/wp\/v2\/comments?post=26996"}],"version-history":[{"count":5,"href":"https:\/\/gegokids.ee\/en\/wp-json\/wp\/v2\/product\/26996\/revisions"}],"predecessor-version":[{"id":29336,"href":"https:\/\/gegokids.ee\/en\/wp-json\/wp\/v2\/product\/26996\/revisions\/29336"}],"wp:featuredmedia":[{"embeddable":true,"href":"https:\/\/gegokids.ee\/en\/wp-json\/wp\/v2\/media\/27004"}],"wp:attachment":[{"href":"https:\/\/gegokids.ee\/en\/wp-json\/wp\/v2\/media?parent=26996"}],"wp:term":[{"taxonomy":"product_brand","embeddable":true,"href":"https:\/\/gegokids.ee\/en\/wp-json\/wp\/v2\/product_brand?post=26996"},{"taxonomy":"product_cat","embeddable":true,"href":"https:\/\/gegokids.ee\/en\/wp-json\/wp\/v2\/product_cat?post=26996"},{"taxonomy":"product_tag","embeddable":true,"href":"https:\/\/gegokids.ee\/en\/wp-json\/wp\/v2\/product_tag?post=26996"}],"curies":[{"name":"wp","href":"https:\/\/api.w.org\/{rel}","templated":true}]}}