{"id":26958,"date":"2022-11-13T12:18:34","date_gmt":"2022-11-13T12:18:34","guid":{"rendered":"https:\/\/www.gegokids.ee\/?post_type=product&#038;p=26958"},"modified":"2026-04-07T12:43:05","modified_gmt":"2026-04-07T09:43:05","slug":"marcus-marcus-loov-iminapaga-taldrik-vaike-kokk-voi-piloot","status":"publish","type":"product","link":"https:\/\/gegokids.ee\/en\/product\/marcus-marcus-loov-iminapaga-taldrik-vaike-kokk-voi-piloot\/","title":{"rendered":"Marcus &amp; Marcus Loov iminapaga taldrik &#8220;V\u00e4ike kokk&#8221; v\u00f5i &#8220;Piloot&#8221;"},"content":{"rendered":"<p><span style=\"color: #000000;\"><strong>PUHASTAMINE JA HOOLDUS:<\/strong><\/span><\/p>\n<p><span style=\"color: #000000;\">\u00dclemisel restil n\u00f5udepesumasinas pestav<\/span><br \/>\n<span style=\"color: #000000;\">Aurusterilisaatoris puhastatav<\/span><br \/>\n<span style=\"color: #000000;\">Plekid saab eemaldada kuuma seebiveega pestes<\/span><br \/>\n<span style=\"color: #000000;\">S\u00fcgavk\u00fclmikukindel<\/span><br \/>\n<span style=\"color: #000000;\">Mikrolaineahjus ohutu kasutada<\/span><\/p>\n<p><span style=\"color: #000000;\"><strong>VANUS<\/strong>:<\/span><\/p>\n<p><span style=\"color: #000000;\">6+ kuud<\/span><\/p>\n<p><span style=\"color: #000000;\"><strong>TOOTE SUURUS:<\/strong><\/span><\/p>\n<p><span style=\"color: #000000;\">248 x 171 x 37 mm<\/span><\/p>\n<p><span style=\"color: #000000;\"><strong>MATERJAL:<\/strong><\/span><\/p>\n<p><span style=\"color: #000000;\">Toidukvaliteediga silikoon<\/span><\/p>\n<p><span style=\"color: #000000;\"><strong>TALUVUSTEMPERATUUR:<\/strong><\/span><\/p>\n<p><span style=\"color: #000000;\">-20\u00b0C kuni 220\u00b0C<\/span><\/p>","protected":false},"excerpt":{"rendered":"<p><span style=\"color: #000000;\">Muutke s\u00f6\u00f6giaeg l\u00f5busaks lastele mitmel viisil. Marcus &amp; Marcus Looval iminapaga taldrikul on 2 teemat, imemisplaat v\u00f5imaldab v\u00e4ikelastel ette kujutada, et nad on s\u00f6\u00f6mise ajal v\u00e4ike kokk v\u00f5i v\u00e4ike piloot! Valige v\u00e4ikese koka loomingulise taldriku jaoks kollane ja roosa. Sinine ja roheline v\u00e4ikese piloodi loomingulise taldriku vahel. V\u00e4ga tugeva haakumisega ning iminapa kinnitumise osa on peidetud lapse eest!<\/span><\/p>\n<p>&nbsp;<\/p>\n<p><span style=\"color: #000000;\"><strong>Tarne 3-8 t\u00f6\u00f6p\u00e4eva!<\/strong><\/span><\/p>","protected":false},"featured_media":27007,"comment_status":"open","ping_status":"closed","template":"","meta":[],"product_brand":[455],"product_cat":[426,285,422],"product_tag":[474,457,458],"class_list":{"0":"post-26958","1":"product","2":"type-product","3":"status-publish","4":"has-post-thumbnail","6":"product_brand-marcus-marcus","7":"product_cat-kingiideed","8":"product_cat-koik","9":"product_cat-laste-soogikomplektid","10":"product_tag-soomistarvikud","11":"product_tag-beebidele-0-1-a","12":"product_tag-vaikelastele-1-3-a","14":"first","15":"instock","16":"shipping-taxable","17":"purchasable","18":"product-type-variable"},"yoast_head":"<!-- This site is optimized with the Yoast SEO plugin v26.9 - https:\/\/yoast.com\/product\/yoast-seo-wordpress\/ -->\n<title>Marcus &amp; Marcus Loov iminapaga taldrik &quot;V\u00e4ike kokk&quot; v\u00f5i &quot;Piloot&quot; | Gegokids<\/title>\n<meta name=\"description\" content=\"Muutke s\u00f6\u00f6giaeg l\u00f5busaks lastele mitmel viisil. Marcus &amp; Marcus Looval iminapaga taldrikul on 2 teemat, imemisplaat v\u00f5imaldab v\u00e4ikelastel ette kujutada, et nad on s\u00f6\u00f6mise ajal v\u00e4ike kokk v\u00f5i v\u00e4ike piloot! Valige v\u00e4ikese koka loomingulise taldriku jaoks kollane ja roosa. Sinine ja roheline v\u00e4ikese piloodi loomingulise taldriku vahel. V\u00e4ga tugeva haakumisega ning iminapa kinnitumise osa on peidetud lapse eest!\" \/>\n<meta name=\"robots\" content=\"index, follow, max-snippet:-1, max-image-preview:large, max-video-preview:-1\" \/>\n<link rel=\"canonical\" href=\"https:\/\/gegokids.ee\/en\/product\/marcus-marcus-loov-iminapaga-taldrik-vaike-kokk-voi-piloot\/\" \/>\n<meta property=\"og:locale\" content=\"en_US\" \/>\n<meta property=\"og:type\" content=\"article\" \/>\n<meta property=\"og:title\" content=\"Marcus &amp; Marcus Loov iminapaga taldrik &quot;V\u00e4ike kokk&quot; v\u00f5i &quot;Piloot&quot; | Gegokids\" \/>\n<meta property=\"og:description\" content=\"Muutke s\u00f6\u00f6giaeg l\u00f5busaks lastele mitmel viisil. Marcus &amp; Marcus Looval iminapaga taldrikul on 2 teemat, imemisplaat v\u00f5imaldab v\u00e4ikelastel ette kujutada, et nad on s\u00f6\u00f6mise ajal v\u00e4ike kokk v\u00f5i v\u00e4ike piloot! Valige v\u00e4ikese koka loomingulise taldriku jaoks kollane ja roosa. Sinine ja roheline v\u00e4ikese piloodi loomingulise taldriku vahel. V\u00e4ga tugeva haakumisega ning iminapa kinnitumise osa on peidetud lapse eest!\" \/>\n<meta property=\"og:url\" content=\"https:\/\/gegokids.ee\/en\/product\/marcus-marcus-loov-iminapaga-taldrik-vaike-kokk-voi-piloot\/\" \/>\n<meta property=\"og:site_name\" content=\"Gegokids\" \/>\n<meta property=\"article:publisher\" content=\"https:\/\/www.facebook.com\/GegoKids\" \/>\n<meta property=\"article:modified_time\" content=\"2026-04-07T09:43:05+00:00\" \/>\n<meta property=\"og:image\" content=\"https:\/\/gegokids.ee\/wp-content\/uploads\/2022\/11\/MNMLS17_lifestyle_2_CP-scaled.jpg\" \/>\n\t<meta property=\"og:image:width\" content=\"2560\" \/>\n\t<meta property=\"og:image:height\" content=\"1707\" \/>\n\t<meta property=\"og:image:type\" content=\"image\/jpeg\" \/>\n<meta name=\"twitter:card\" content=\"summary_large_image\" \/>\n<meta name=\"twitter:label1\" content=\"Est. reading time\" \/>\n\t<meta name=\"twitter:data1\" content=\"1 minute\" \/>\n<script type=\"application\/ld+json\" class=\"yoast-schema-graph\">{\"@context\":\"https:\/\/schema.org\",\"@graph\":[{\"@type\":\"WebPage\",\"@id\":\"https:\/\/gegokids.ee\/toode\/marcus-marcus-loov-iminapaga-taldrik-vaike-kokk-voi-piloot\/\",\"url\":\"https:\/\/gegokids.ee\/toode\/marcus-marcus-loov-iminapaga-taldrik-vaike-kokk-voi-piloot\/\",\"name\":\"Marcus &amp; Marcus Loov iminapaga taldrik \\\"V\u00e4ike kokk\\\" v\u00f5i \\\"Piloot\\\" | Gegokids\",\"isPartOf\":{\"@id\":\"https:\/\/gegokids.ee\/#website\"},\"primaryImageOfPage\":{\"@id\":\"https:\/\/gegokids.ee\/toode\/marcus-marcus-loov-iminapaga-taldrik-vaike-kokk-voi-piloot\/#primaryimage\"},\"image\":{\"@id\":\"https:\/\/gegokids.ee\/toode\/marcus-marcus-loov-iminapaga-taldrik-vaike-kokk-voi-piloot\/#primaryimage\"},\"thumbnailUrl\":\"https:\/\/gegokids.ee\/wp-content\/uploads\/2022\/11\/Untitled-design-7.jpg\",\"datePublished\":\"2022-11-13T12:18:34+00:00\",\"dateModified\":\"2026-04-07T09:43:05+00:00\",\"description\":\"Muutke s\u00f6\u00f6giaeg l\u00f5busaks lastele mitmel viisil. Marcus & Marcus Looval iminapaga taldrikul on 2 teemat, imemisplaat v\u00f5imaldab v\u00e4ikelastel ette kujutada, et nad on s\u00f6\u00f6mise ajal v\u00e4ike kokk v\u00f5i v\u00e4ike piloot! Valige v\u00e4ikese koka loomingulise taldriku jaoks kollane ja roosa. Sinine ja roheline v\u00e4ikese piloodi loomingulise taldriku vahel. V\u00e4ga tugeva haakumisega ning iminapa kinnitumise osa on peidetud lapse eest!\",\"breadcrumb\":{\"@id\":\"https:\/\/gegokids.ee\/toode\/marcus-marcus-loov-iminapaga-taldrik-vaike-kokk-voi-piloot\/#breadcrumb\"},\"inLanguage\":\"en-US\",\"potentialAction\":[{\"@type\":\"ReadAction\",\"target\":[\"https:\/\/gegokids.ee\/toode\/marcus-marcus-loov-iminapaga-taldrik-vaike-kokk-voi-piloot\/\"]}]},{\"@type\":\"ImageObject\",\"inLanguage\":\"en-US\",\"@id\":\"https:\/\/gegokids.ee\/toode\/marcus-marcus-loov-iminapaga-taldrik-vaike-kokk-voi-piloot\/#primaryimage\",\"url\":\"https:\/\/gegokids.ee\/wp-content\/uploads\/2022\/11\/Untitled-design-7.jpg\",\"contentUrl\":\"https:\/\/gegokids.ee\/wp-content\/uploads\/2022\/11\/Untitled-design-7.jpg\",\"width\":800,\"height\":533},{\"@type\":\"BreadcrumbList\",\"@id\":\"https:\/\/gegokids.ee\/toode\/marcus-marcus-loov-iminapaga-taldrik-vaike-kokk-voi-piloot\/#breadcrumb\",\"itemListElement\":[{\"@type\":\"ListItem\",\"position\":1,\"name\":\"Home\",\"item\":\"https:\/\/gegokids.ee\/en\/\"},{\"@type\":\"ListItem\",\"position\":2,\"name\":\"E-pood\",\"item\":\"https:\/\/gegokids.ee\/e-pood\/\"},{\"@type\":\"ListItem\",\"position\":3,\"name\":\"Marcus &amp; Marcus Loov iminapaga taldrik &#8220;V\u00e4ike kokk&#8221; v\u00f5i &#8220;Piloot&#8221;\"}]},{\"@type\":\"WebSite\",\"@id\":\"https:\/\/gegokids.ee\/#website\",\"url\":\"https:\/\/gegokids.ee\/\",\"name\":\"Gegokids\",\"description\":\"Kvaliteetsed ja turvalised laste m\u00e4nguasjad.\",\"publisher\":{\"@id\":\"https:\/\/gegokids.ee\/#organization\"},\"potentialAction\":[{\"@type\":\"SearchAction\",\"target\":{\"@type\":\"EntryPoint\",\"urlTemplate\":\"https:\/\/gegokids.ee\/?s={search_term_string}\"},\"query-input\":{\"@type\":\"PropertyValueSpecification\",\"valueRequired\":true,\"valueName\":\"search_term_string\"}}],\"inLanguage\":\"en-US\"},{\"@type\":\"Organization\",\"@id\":\"https:\/\/gegokids.ee\/#organization\",\"name\":\"Gegokids\",\"url\":\"https:\/\/gegokids.ee\/\",\"logo\":{\"@type\":\"ImageObject\",\"inLanguage\":\"en-US\",\"@id\":\"https:\/\/gegokids.ee\/#\/schema\/logo\/image\/\",\"url\":\"https:\/\/gegokids.ee\/wp-content\/uploads\/2022\/06\/logo2.png\",\"contentUrl\":\"https:\/\/gegokids.ee\/wp-content\/uploads\/2022\/06\/logo2.png\",\"width\":358,\"height\":104,\"caption\":\"Gegokids\"},\"image\":{\"@id\":\"https:\/\/gegokids.ee\/#\/schema\/logo\/image\/\"},\"sameAs\":[\"https:\/\/www.facebook.com\/GegoKids\",\"https:\/\/www.instagram.com\/gegokids.ee\/\"]}]}<\/script>\n<!-- \/ Yoast SEO plugin. -->","yoast_head_json":{"title":"Marcus &amp; Marcus Loov iminapaga taldrik \"V\u00e4ike kokk\" v\u00f5i \"Piloot\" | Gegokids","description":"Muutke s\u00f6\u00f6giaeg l\u00f5busaks lastele mitmel viisil. Marcus & Marcus Looval iminapaga taldrikul on 2 teemat, imemisplaat v\u00f5imaldab v\u00e4ikelastel ette kujutada, et nad on s\u00f6\u00f6mise ajal v\u00e4ike kokk v\u00f5i v\u00e4ike piloot! Valige v\u00e4ikese koka loomingulise taldriku jaoks kollane ja roosa. Sinine ja roheline v\u00e4ikese piloodi loomingulise taldriku vahel. V\u00e4ga tugeva haakumisega ning iminapa kinnitumise osa on peidetud lapse eest!","robots":{"index":"index","follow":"follow","max-snippet":"max-snippet:-1","max-image-preview":"max-image-preview:large","max-video-preview":"max-video-preview:-1"},"canonical":"https:\/\/gegokids.ee\/en\/product\/marcus-marcus-loov-iminapaga-taldrik-vaike-kokk-voi-piloot\/","og_locale":"en_US","og_type":"article","og_title":"Marcus &amp; Marcus Loov iminapaga taldrik \"V\u00e4ike kokk\" v\u00f5i \"Piloot\" | Gegokids","og_description":"Muutke s\u00f6\u00f6giaeg l\u00f5busaks lastele mitmel viisil. Marcus & Marcus Looval iminapaga taldrikul on 2 teemat, imemisplaat v\u00f5imaldab v\u00e4ikelastel ette kujutada, et nad on s\u00f6\u00f6mise ajal v\u00e4ike kokk v\u00f5i v\u00e4ike piloot! Valige v\u00e4ikese koka loomingulise taldriku jaoks kollane ja roosa. Sinine ja roheline v\u00e4ikese piloodi loomingulise taldriku vahel. V\u00e4ga tugeva haakumisega ning iminapa kinnitumise osa on peidetud lapse eest!","og_url":"https:\/\/gegokids.ee\/en\/product\/marcus-marcus-loov-iminapaga-taldrik-vaike-kokk-voi-piloot\/","og_site_name":"Gegokids","article_publisher":"https:\/\/www.facebook.com\/GegoKids","article_modified_time":"2026-04-07T09:43:05+00:00","og_image":[{"width":2560,"height":1707,"url":"https:\/\/gegokids.ee\/wp-content\/uploads\/2022\/11\/MNMLS17_lifestyle_2_CP-scaled.jpg","type":"image\/jpeg"}],"twitter_card":"summary_large_image","twitter_misc":{"Est. reading time":"1 minute"},"schema":{"@context":"https:\/\/schema.org","@graph":[{"@type":"WebPage","@id":"https:\/\/gegokids.ee\/toode\/marcus-marcus-loov-iminapaga-taldrik-vaike-kokk-voi-piloot\/","url":"https:\/\/gegokids.ee\/toode\/marcus-marcus-loov-iminapaga-taldrik-vaike-kokk-voi-piloot\/","name":"Marcus &amp; Marcus Loov iminapaga taldrik \"V\u00e4ike kokk\" v\u00f5i \"Piloot\" | Gegokids","isPartOf":{"@id":"https:\/\/gegokids.ee\/#website"},"primaryImageOfPage":{"@id":"https:\/\/gegokids.ee\/toode\/marcus-marcus-loov-iminapaga-taldrik-vaike-kokk-voi-piloot\/#primaryimage"},"image":{"@id":"https:\/\/gegokids.ee\/toode\/marcus-marcus-loov-iminapaga-taldrik-vaike-kokk-voi-piloot\/#primaryimage"},"thumbnailUrl":"https:\/\/gegokids.ee\/wp-content\/uploads\/2022\/11\/Untitled-design-7.jpg","datePublished":"2022-11-13T12:18:34+00:00","dateModified":"2026-04-07T09:43:05+00:00","description":"Muutke s\u00f6\u00f6giaeg l\u00f5busaks lastele mitmel viisil. Marcus & Marcus Looval iminapaga taldrikul on 2 teemat, imemisplaat v\u00f5imaldab v\u00e4ikelastel ette kujutada, et nad on s\u00f6\u00f6mise ajal v\u00e4ike kokk v\u00f5i v\u00e4ike piloot! Valige v\u00e4ikese koka loomingulise taldriku jaoks kollane ja roosa. Sinine ja roheline v\u00e4ikese piloodi loomingulise taldriku vahel. V\u00e4ga tugeva haakumisega ning iminapa kinnitumise osa on peidetud lapse eest!","breadcrumb":{"@id":"https:\/\/gegokids.ee\/toode\/marcus-marcus-loov-iminapaga-taldrik-vaike-kokk-voi-piloot\/#breadcrumb"},"inLanguage":"en-US","potentialAction":[{"@type":"ReadAction","target":["https:\/\/gegokids.ee\/toode\/marcus-marcus-loov-iminapaga-taldrik-vaike-kokk-voi-piloot\/"]}]},{"@type":"ImageObject","inLanguage":"en-US","@id":"https:\/\/gegokids.ee\/toode\/marcus-marcus-loov-iminapaga-taldrik-vaike-kokk-voi-piloot\/#primaryimage","url":"https:\/\/gegokids.ee\/wp-content\/uploads\/2022\/11\/Untitled-design-7.jpg","contentUrl":"https:\/\/gegokids.ee\/wp-content\/uploads\/2022\/11\/Untitled-design-7.jpg","width":800,"height":533},{"@type":"BreadcrumbList","@id":"https:\/\/gegokids.ee\/toode\/marcus-marcus-loov-iminapaga-taldrik-vaike-kokk-voi-piloot\/#breadcrumb","itemListElement":[{"@type":"ListItem","position":1,"name":"Home","item":"https:\/\/gegokids.ee\/en\/"},{"@type":"ListItem","position":2,"name":"E-pood","item":"https:\/\/gegokids.ee\/e-pood\/"},{"@type":"ListItem","position":3,"name":"Marcus &amp; Marcus Loov iminapaga taldrik &#8220;V\u00e4ike kokk&#8221; v\u00f5i &#8220;Piloot&#8221;"}]},{"@type":"WebSite","@id":"https:\/\/gegokids.ee\/#website","url":"https:\/\/gegokids.ee\/","name":"Gegokids","description":"Kvaliteetsed ja turvalised laste m\u00e4nguasjad.","publisher":{"@id":"https:\/\/gegokids.ee\/#organization"},"potentialAction":[{"@type":"SearchAction","target":{"@type":"EntryPoint","urlTemplate":"https:\/\/gegokids.ee\/?s={search_term_string}"},"query-input":{"@type":"PropertyValueSpecification","valueRequired":true,"valueName":"search_term_string"}}],"inLanguage":"en-US"},{"@type":"Organization","@id":"https:\/\/gegokids.ee\/#organization","name":"Gegokids","url":"https:\/\/gegokids.ee\/","logo":{"@type":"ImageObject","inLanguage":"en-US","@id":"https:\/\/gegokids.ee\/#\/schema\/logo\/image\/","url":"https:\/\/gegokids.ee\/wp-content\/uploads\/2022\/06\/logo2.png","contentUrl":"https:\/\/gegokids.ee\/wp-content\/uploads\/2022\/06\/logo2.png","width":358,"height":104,"caption":"Gegokids"},"image":{"@id":"https:\/\/gegokids.ee\/#\/schema\/logo\/image\/"},"sameAs":["https:\/\/www.facebook.com\/GegoKids","https:\/\/www.instagram.com\/gegokids.ee\/"]}]}},"_links":{"self":[{"href":"https:\/\/gegokids.ee\/en\/wp-json\/wp\/v2\/product\/26958","targetHints":{"allow":["GET"]}}],"collection":[{"href":"https:\/\/gegokids.ee\/en\/wp-json\/wp\/v2\/product"}],"about":[{"href":"https:\/\/gegokids.ee\/en\/wp-json\/wp\/v2\/types\/product"}],"replies":[{"embeddable":true,"href":"https:\/\/gegokids.ee\/en\/wp-json\/wp\/v2\/comments?post=26958"}],"version-history":[{"count":5,"href":"https:\/\/gegokids.ee\/en\/wp-json\/wp\/v2\/product\/26958\/revisions"}],"predecessor-version":[{"id":29313,"href":"https:\/\/gegokids.ee\/en\/wp-json\/wp\/v2\/product\/26958\/revisions\/29313"}],"wp:featuredmedia":[{"embeddable":true,"href":"https:\/\/gegokids.ee\/en\/wp-json\/wp\/v2\/media\/27007"}],"wp:attachment":[{"href":"https:\/\/gegokids.ee\/en\/wp-json\/wp\/v2\/media?parent=26958"}],"wp:term":[{"taxonomy":"product_brand","embeddable":true,"href":"https:\/\/gegokids.ee\/en\/wp-json\/wp\/v2\/product_brand?post=26958"},{"taxonomy":"product_cat","embeddable":true,"href":"https:\/\/gegokids.ee\/en\/wp-json\/wp\/v2\/product_cat?post=26958"},{"taxonomy":"product_tag","embeddable":true,"href":"https:\/\/gegokids.ee\/en\/wp-json\/wp\/v2\/product_tag?post=26958"}],"curies":[{"name":"wp","href":"https:\/\/api.w.org\/{rel}","templated":true}]}}