{"id":26939,"date":"2022-11-13T11:42:56","date_gmt":"2022-11-13T11:42:56","guid":{"rendered":"https:\/\/www.gegokids.ee\/?post_type=product&#038;p=26939"},"modified":"2026-02-08T18:21:02","modified_gmt":"2026-02-08T15:21:02","slug":"marcus-marcus-lai-poll-vaike-kokk","status":"publish","type":"product","link":"https:\/\/gegokids.ee\/en\/product\/marcus-marcus-lai-poll-vaike-kokk\/","title":{"rendered":"Marcus &amp; Marcus Lai p\u00f5ll \u201cV\u00e4ike Kokk\u201d v\u00f5i &#8220;Piloot&#8221;"},"content":{"rendered":"<p><span style=\"color: #000000;\"><strong>PUHASTAMINE JA HOOLDUS<\/strong>:<\/span><\/p>\n<p><span style=\"color: #000000;\">\u00dclemisel restil n\u00f5udepesumasinas pestav<\/span><br \/>\n<span style=\"color: #000000;\">Auruga UV\/steriliseeritav<\/span><br \/>\n<span style=\"color: #000000;\">\u00c4rge n\u00fchkige ega kuumutage, et v\u00e4ltida selle pinna kulumist<\/span><br \/>\n<span style=\"color: #000000;\">Plekid saab eemaldada kuuma seebiveega pestes<\/span><\/p>\n<p><strong><span style=\"color: #000000;\">VANUS:<\/span><\/strong><\/p>\n<p><span style=\"color: #000000;\">6 kuud+<\/span><\/p>\n<p><strong><span style=\"color: #000000;\">TOOTE SUURUS:<\/span><\/strong><\/p>\n<p><span style=\"color: #000000;\">230,6 x 37 x 302 mm<\/span><\/p>\n<p><strong><span style=\"color: #000000;\">MATERJAL:<\/span><\/strong><\/p>\n<p><span style=\"color: #000000;\">Toidukvaliteediga silikoon<\/span><\/p>\n<p><strong><span style=\"color: #000000;\">TALUVUSTEMPERATUUR:<\/span><\/strong><\/p>\n<p><span style=\"color: #000000;\">-20\u00b0C kuni 120\u00b0C<\/span><\/p>","protected":false},"excerpt":{"rendered":"<p><span style=\"color: #000000;\">Marcus &amp; Marcus loominguline p\u00f5ll sisaldab 2 teemat \u2013 V\u00e4ike kokk ja V\u00e4ike piloot. Eriti suur tasku on piisavalt suur, et riided, sh p\u00fcsiksid j\u00e4\u00e4vad puhtaks ja lai \u00f5lakujundus annab teie lapsele rohkem katvust <\/span><span style=\"color: #000000;\">kaelast allapoole. Sisseehitatud kr\u00f5psuga kinnisus muudab reguleerimise nii mugavaks, kuid p\u00fcsib kindlalt lapse peal. Meie beebi pudip\u00f5lled on valmistatud toidukvaliteediga, pehmest ja m\u00e4\u00e4rdumiskindlast silikoonist. Peske see lihtsalt seebiveega ja see on j\u00e4rgmiseks toidukorraks valmis! Kuivab v\u00e4ga kiiresti ning k\u00fclge kuivanud mustus ei ole enam probleem!<\/span><\/p>\n<p>&nbsp;<\/p>\n<p><span style=\"color: #000000;\"><strong>Tarne 2-5 t\u00f6\u00f6p\u00e4eva!<\/strong><\/span><\/p>","protected":false},"featured_media":27006,"comment_status":"open","ping_status":"closed","template":"","meta":[],"product_brand":[455],"product_cat":[426,285,422],"product_tag":[453,474,457,458],"class_list":{"0":"post-26939","1":"product","2":"type-product","3":"status-publish","4":"has-post-thumbnail","6":"product_brand-marcus-marcus","7":"product_cat-kingiideed","8":"product_cat-koik","9":"product_cat-laste-soogikomplektid","10":"product_tag-soogipolled-taskuga","11":"product_tag-soomistarvikud","12":"product_tag-beebidele-0-1-a","13":"product_tag-vaikelastele-1-3-a","15":"first","16":"instock","17":"shipping-taxable","18":"purchasable","19":"product-type-variable"},"yoast_head":"<!-- This site is optimized with the Yoast SEO plugin v26.9 - https:\/\/yoast.com\/product\/yoast-seo-wordpress\/ -->\n<title>Marcus &amp; Marcus Lai p\u00f5ll \u201cV\u00e4ike Kokk\u201d v\u00f5i &quot;Piloot&quot; | Gegokids<\/title>\n<meta name=\"description\" content=\"Marcus &amp; Marcus Loominguline p\u00f5ll sisaldab 2 teemat \u2013 V\u00e4ike kokk ja V\u00e4ike piloot. Eriti suur tasku on piisavalt suur, et riided, sh p\u00fcsiksid j\u00e4\u00e4vad puhtaks ja lai \u00f5lakujundus annab teie lapsele rohkem katvust kaelast allapoole. Sisseehitatud kr\u00f5psuga kinnisus muudab reguleerimise nii mugavaks, kuid p\u00fcsib kindlalt lapse peal. Meie beebi pudip\u00f5lled on valmistatud toidukvaliteediga, pehmest ja m\u00e4\u00e4rdumiskindlast silikoonist. Peske see lihtsalt seebiveega ja see on j\u00e4rgmiseks toidukorraks valmis! Kuivab v\u00e4ga kiiresti ning k\u00fclge kuivanud mustus ei ole enam probleem!\" \/>\n<meta name=\"robots\" content=\"index, follow, max-snippet:-1, max-image-preview:large, max-video-preview:-1\" \/>\n<link rel=\"canonical\" href=\"https:\/\/gegokids.ee\/en\/product\/marcus-marcus-lai-poll-vaike-kokk\/\" \/>\n<meta property=\"og:locale\" content=\"en_US\" \/>\n<meta property=\"og:type\" content=\"article\" \/>\n<meta property=\"og:title\" content=\"Marcus &amp; Marcus Lai p\u00f5ll \u201cV\u00e4ike Kokk\u201d v\u00f5i &quot;Piloot&quot; | Gegokids\" \/>\n<meta property=\"og:description\" content=\"Marcus &amp; Marcus Loominguline p\u00f5ll sisaldab 2 teemat \u2013 V\u00e4ike kokk ja V\u00e4ike piloot. Eriti suur tasku on piisavalt suur, et riided, sh p\u00fcsiksid j\u00e4\u00e4vad puhtaks ja lai \u00f5lakujundus annab teie lapsele rohkem katvust kaelast allapoole. Sisseehitatud kr\u00f5psuga kinnisus muudab reguleerimise nii mugavaks, kuid p\u00fcsib kindlalt lapse peal. Meie beebi pudip\u00f5lled on valmistatud toidukvaliteediga, pehmest ja m\u00e4\u00e4rdumiskindlast silikoonist. Peske see lihtsalt seebiveega ja see on j\u00e4rgmiseks toidukorraks valmis! Kuivab v\u00e4ga kiiresti ning k\u00fclge kuivanud mustus ei ole enam probleem!\" \/>\n<meta property=\"og:url\" content=\"https:\/\/gegokids.ee\/en\/product\/marcus-marcus-lai-poll-vaike-kokk\/\" \/>\n<meta property=\"og:site_name\" content=\"Gegokids\" \/>\n<meta property=\"article:publisher\" content=\"https:\/\/www.facebook.com\/GegoKids\" \/>\n<meta property=\"article:modified_time\" content=\"2026-02-08T15:21:02+00:00\" \/>\n<meta property=\"og:image\" content=\"https:\/\/gegokids.ee\/wp-content\/uploads\/2022\/11\/MNMLS17-HP_lifestyle-scaled.jpg\" \/>\n\t<meta property=\"og:image:width\" content=\"2560\" \/>\n\t<meta property=\"og:image:height\" content=\"1707\" \/>\n\t<meta property=\"og:image:type\" content=\"image\/jpeg\" \/>\n<meta name=\"twitter:card\" content=\"summary_large_image\" \/>\n<meta name=\"twitter:label1\" content=\"Est. reading time\" \/>\n\t<meta name=\"twitter:data1\" content=\"1 minute\" \/>\n<script type=\"application\/ld+json\" class=\"yoast-schema-graph\">{\"@context\":\"https:\/\/schema.org\",\"@graph\":[{\"@type\":\"WebPage\",\"@id\":\"https:\/\/gegokids.ee\/toode\/marcus-marcus-lai-poll-vaike-kokk\/\",\"url\":\"https:\/\/gegokids.ee\/toode\/marcus-marcus-lai-poll-vaike-kokk\/\",\"name\":\"Marcus &amp; Marcus Lai p\u00f5ll \u201cV\u00e4ike Kokk\u201d v\u00f5i \\\"Piloot\\\" | Gegokids\",\"isPartOf\":{\"@id\":\"https:\/\/gegokids.ee\/#website\"},\"primaryImageOfPage\":{\"@id\":\"https:\/\/gegokids.ee\/toode\/marcus-marcus-lai-poll-vaike-kokk\/#primaryimage\"},\"image\":{\"@id\":\"https:\/\/gegokids.ee\/toode\/marcus-marcus-lai-poll-vaike-kokk\/#primaryimage\"},\"thumbnailUrl\":\"https:\/\/gegokids.ee\/wp-content\/uploads\/2022\/11\/Untitled-design-6.jpg\",\"datePublished\":\"2022-11-13T11:42:56+00:00\",\"dateModified\":\"2026-02-08T15:21:02+00:00\",\"description\":\"Marcus & Marcus Loominguline p\u00f5ll sisaldab 2 teemat \u2013 V\u00e4ike kokk ja V\u00e4ike piloot. Eriti suur tasku on piisavalt suur, et riided, sh p\u00fcsiksid j\u00e4\u00e4vad puhtaks ja lai \u00f5lakujundus annab teie lapsele rohkem katvust kaelast allapoole. Sisseehitatud kr\u00f5psuga kinnisus muudab reguleerimise nii mugavaks, kuid p\u00fcsib kindlalt lapse peal. Meie beebi pudip\u00f5lled on valmistatud toidukvaliteediga, pehmest ja m\u00e4\u00e4rdumiskindlast silikoonist. Peske see lihtsalt seebiveega ja see on j\u00e4rgmiseks toidukorraks valmis! Kuivab v\u00e4ga kiiresti ning k\u00fclge kuivanud mustus ei ole enam probleem!\",\"breadcrumb\":{\"@id\":\"https:\/\/gegokids.ee\/toode\/marcus-marcus-lai-poll-vaike-kokk\/#breadcrumb\"},\"inLanguage\":\"en-US\",\"potentialAction\":[{\"@type\":\"ReadAction\",\"target\":[\"https:\/\/gegokids.ee\/toode\/marcus-marcus-lai-poll-vaike-kokk\/\"]}]},{\"@type\":\"ImageObject\",\"inLanguage\":\"en-US\",\"@id\":\"https:\/\/gegokids.ee\/toode\/marcus-marcus-lai-poll-vaike-kokk\/#primaryimage\",\"url\":\"https:\/\/gegokids.ee\/wp-content\/uploads\/2022\/11\/Untitled-design-6.jpg\",\"contentUrl\":\"https:\/\/gegokids.ee\/wp-content\/uploads\/2022\/11\/Untitled-design-6.jpg\",\"width\":800,\"height\":533},{\"@type\":\"BreadcrumbList\",\"@id\":\"https:\/\/gegokids.ee\/toode\/marcus-marcus-lai-poll-vaike-kokk\/#breadcrumb\",\"itemListElement\":[{\"@type\":\"ListItem\",\"position\":1,\"name\":\"Home\",\"item\":\"https:\/\/gegokids.ee\/en\/\"},{\"@type\":\"ListItem\",\"position\":2,\"name\":\"E-pood\",\"item\":\"https:\/\/gegokids.ee\/e-pood\/\"},{\"@type\":\"ListItem\",\"position\":3,\"name\":\"Marcus &amp; Marcus Lai p\u00f5ll \u201cV\u00e4ike Kokk\u201d v\u00f5i &#8220;Piloot&#8221;\"}]},{\"@type\":\"WebSite\",\"@id\":\"https:\/\/gegokids.ee\/#website\",\"url\":\"https:\/\/gegokids.ee\/\",\"name\":\"Gegokids\",\"description\":\"Kvaliteetsed ja turvalised laste m\u00e4nguasjad.\",\"publisher\":{\"@id\":\"https:\/\/gegokids.ee\/#organization\"},\"potentialAction\":[{\"@type\":\"SearchAction\",\"target\":{\"@type\":\"EntryPoint\",\"urlTemplate\":\"https:\/\/gegokids.ee\/?s={search_term_string}\"},\"query-input\":{\"@type\":\"PropertyValueSpecification\",\"valueRequired\":true,\"valueName\":\"search_term_string\"}}],\"inLanguage\":\"en-US\"},{\"@type\":\"Organization\",\"@id\":\"https:\/\/gegokids.ee\/#organization\",\"name\":\"Gegokids\",\"url\":\"https:\/\/gegokids.ee\/\",\"logo\":{\"@type\":\"ImageObject\",\"inLanguage\":\"en-US\",\"@id\":\"https:\/\/gegokids.ee\/#\/schema\/logo\/image\/\",\"url\":\"https:\/\/gegokids.ee\/wp-content\/uploads\/2022\/06\/logo2.png\",\"contentUrl\":\"https:\/\/gegokids.ee\/wp-content\/uploads\/2022\/06\/logo2.png\",\"width\":358,\"height\":104,\"caption\":\"Gegokids\"},\"image\":{\"@id\":\"https:\/\/gegokids.ee\/#\/schema\/logo\/image\/\"},\"sameAs\":[\"https:\/\/www.facebook.com\/GegoKids\",\"https:\/\/www.instagram.com\/gegokids.ee\/\"]}]}<\/script>\n<!-- \/ Yoast SEO plugin. -->","yoast_head_json":{"title":"Marcus &amp; Marcus Lai p\u00f5ll \u201cV\u00e4ike Kokk\u201d v\u00f5i \"Piloot\" | Gegokids","description":"Marcus & Marcus Loominguline p\u00f5ll sisaldab 2 teemat \u2013 V\u00e4ike kokk ja V\u00e4ike piloot. Eriti suur tasku on piisavalt suur, et riided, sh p\u00fcsiksid j\u00e4\u00e4vad puhtaks ja lai \u00f5lakujundus annab teie lapsele rohkem katvust kaelast allapoole. Sisseehitatud kr\u00f5psuga kinnisus muudab reguleerimise nii mugavaks, kuid p\u00fcsib kindlalt lapse peal. Meie beebi pudip\u00f5lled on valmistatud toidukvaliteediga, pehmest ja m\u00e4\u00e4rdumiskindlast silikoonist. Peske see lihtsalt seebiveega ja see on j\u00e4rgmiseks toidukorraks valmis! Kuivab v\u00e4ga kiiresti ning k\u00fclge kuivanud mustus ei ole enam probleem!","robots":{"index":"index","follow":"follow","max-snippet":"max-snippet:-1","max-image-preview":"max-image-preview:large","max-video-preview":"max-video-preview:-1"},"canonical":"https:\/\/gegokids.ee\/en\/product\/marcus-marcus-lai-poll-vaike-kokk\/","og_locale":"en_US","og_type":"article","og_title":"Marcus &amp; Marcus Lai p\u00f5ll \u201cV\u00e4ike Kokk\u201d v\u00f5i \"Piloot\" | Gegokids","og_description":"Marcus & Marcus Loominguline p\u00f5ll sisaldab 2 teemat \u2013 V\u00e4ike kokk ja V\u00e4ike piloot. Eriti suur tasku on piisavalt suur, et riided, sh p\u00fcsiksid j\u00e4\u00e4vad puhtaks ja lai \u00f5lakujundus annab teie lapsele rohkem katvust kaelast allapoole. Sisseehitatud kr\u00f5psuga kinnisus muudab reguleerimise nii mugavaks, kuid p\u00fcsib kindlalt lapse peal. Meie beebi pudip\u00f5lled on valmistatud toidukvaliteediga, pehmest ja m\u00e4\u00e4rdumiskindlast silikoonist. Peske see lihtsalt seebiveega ja see on j\u00e4rgmiseks toidukorraks valmis! Kuivab v\u00e4ga kiiresti ning k\u00fclge kuivanud mustus ei ole enam probleem!","og_url":"https:\/\/gegokids.ee\/en\/product\/marcus-marcus-lai-poll-vaike-kokk\/","og_site_name":"Gegokids","article_publisher":"https:\/\/www.facebook.com\/GegoKids","article_modified_time":"2026-02-08T15:21:02+00:00","og_image":[{"width":2560,"height":1707,"url":"https:\/\/gegokids.ee\/wp-content\/uploads\/2022\/11\/MNMLS17-HP_lifestyle-scaled.jpg","type":"image\/jpeg"}],"twitter_card":"summary_large_image","twitter_misc":{"Est. reading time":"1 minute"},"schema":{"@context":"https:\/\/schema.org","@graph":[{"@type":"WebPage","@id":"https:\/\/gegokids.ee\/toode\/marcus-marcus-lai-poll-vaike-kokk\/","url":"https:\/\/gegokids.ee\/toode\/marcus-marcus-lai-poll-vaike-kokk\/","name":"Marcus &amp; Marcus Lai p\u00f5ll \u201cV\u00e4ike Kokk\u201d v\u00f5i \"Piloot\" | Gegokids","isPartOf":{"@id":"https:\/\/gegokids.ee\/#website"},"primaryImageOfPage":{"@id":"https:\/\/gegokids.ee\/toode\/marcus-marcus-lai-poll-vaike-kokk\/#primaryimage"},"image":{"@id":"https:\/\/gegokids.ee\/toode\/marcus-marcus-lai-poll-vaike-kokk\/#primaryimage"},"thumbnailUrl":"https:\/\/gegokids.ee\/wp-content\/uploads\/2022\/11\/Untitled-design-6.jpg","datePublished":"2022-11-13T11:42:56+00:00","dateModified":"2026-02-08T15:21:02+00:00","description":"Marcus & Marcus Loominguline p\u00f5ll sisaldab 2 teemat \u2013 V\u00e4ike kokk ja V\u00e4ike piloot. Eriti suur tasku on piisavalt suur, et riided, sh p\u00fcsiksid j\u00e4\u00e4vad puhtaks ja lai \u00f5lakujundus annab teie lapsele rohkem katvust kaelast allapoole. Sisseehitatud kr\u00f5psuga kinnisus muudab reguleerimise nii mugavaks, kuid p\u00fcsib kindlalt lapse peal. Meie beebi pudip\u00f5lled on valmistatud toidukvaliteediga, pehmest ja m\u00e4\u00e4rdumiskindlast silikoonist. Peske see lihtsalt seebiveega ja see on j\u00e4rgmiseks toidukorraks valmis! Kuivab v\u00e4ga kiiresti ning k\u00fclge kuivanud mustus ei ole enam probleem!","breadcrumb":{"@id":"https:\/\/gegokids.ee\/toode\/marcus-marcus-lai-poll-vaike-kokk\/#breadcrumb"},"inLanguage":"en-US","potentialAction":[{"@type":"ReadAction","target":["https:\/\/gegokids.ee\/toode\/marcus-marcus-lai-poll-vaike-kokk\/"]}]},{"@type":"ImageObject","inLanguage":"en-US","@id":"https:\/\/gegokids.ee\/toode\/marcus-marcus-lai-poll-vaike-kokk\/#primaryimage","url":"https:\/\/gegokids.ee\/wp-content\/uploads\/2022\/11\/Untitled-design-6.jpg","contentUrl":"https:\/\/gegokids.ee\/wp-content\/uploads\/2022\/11\/Untitled-design-6.jpg","width":800,"height":533},{"@type":"BreadcrumbList","@id":"https:\/\/gegokids.ee\/toode\/marcus-marcus-lai-poll-vaike-kokk\/#breadcrumb","itemListElement":[{"@type":"ListItem","position":1,"name":"Home","item":"https:\/\/gegokids.ee\/en\/"},{"@type":"ListItem","position":2,"name":"E-pood","item":"https:\/\/gegokids.ee\/e-pood\/"},{"@type":"ListItem","position":3,"name":"Marcus &amp; Marcus Lai p\u00f5ll \u201cV\u00e4ike Kokk\u201d v\u00f5i &#8220;Piloot&#8221;"}]},{"@type":"WebSite","@id":"https:\/\/gegokids.ee\/#website","url":"https:\/\/gegokids.ee\/","name":"Gegokids","description":"Kvaliteetsed ja turvalised laste m\u00e4nguasjad.","publisher":{"@id":"https:\/\/gegokids.ee\/#organization"},"potentialAction":[{"@type":"SearchAction","target":{"@type":"EntryPoint","urlTemplate":"https:\/\/gegokids.ee\/?s={search_term_string}"},"query-input":{"@type":"PropertyValueSpecification","valueRequired":true,"valueName":"search_term_string"}}],"inLanguage":"en-US"},{"@type":"Organization","@id":"https:\/\/gegokids.ee\/#organization","name":"Gegokids","url":"https:\/\/gegokids.ee\/","logo":{"@type":"ImageObject","inLanguage":"en-US","@id":"https:\/\/gegokids.ee\/#\/schema\/logo\/image\/","url":"https:\/\/gegokids.ee\/wp-content\/uploads\/2022\/06\/logo2.png","contentUrl":"https:\/\/gegokids.ee\/wp-content\/uploads\/2022\/06\/logo2.png","width":358,"height":104,"caption":"Gegokids"},"image":{"@id":"https:\/\/gegokids.ee\/#\/schema\/logo\/image\/"},"sameAs":["https:\/\/www.facebook.com\/GegoKids","https:\/\/www.instagram.com\/gegokids.ee\/"]}]}},"_links":{"self":[{"href":"https:\/\/gegokids.ee\/en\/wp-json\/wp\/v2\/product\/26939","targetHints":{"allow":["GET"]}}],"collection":[{"href":"https:\/\/gegokids.ee\/en\/wp-json\/wp\/v2\/product"}],"about":[{"href":"https:\/\/gegokids.ee\/en\/wp-json\/wp\/v2\/types\/product"}],"replies":[{"embeddable":true,"href":"https:\/\/gegokids.ee\/en\/wp-json\/wp\/v2\/comments?post=26939"}],"version-history":[{"count":5,"href":"https:\/\/gegokids.ee\/en\/wp-json\/wp\/v2\/product\/26939\/revisions"}],"predecessor-version":[{"id":28986,"href":"https:\/\/gegokids.ee\/en\/wp-json\/wp\/v2\/product\/26939\/revisions\/28986"}],"wp:featuredmedia":[{"embeddable":true,"href":"https:\/\/gegokids.ee\/en\/wp-json\/wp\/v2\/media\/27006"}],"wp:attachment":[{"href":"https:\/\/gegokids.ee\/en\/wp-json\/wp\/v2\/media?parent=26939"}],"wp:term":[{"taxonomy":"product_brand","embeddable":true,"href":"https:\/\/gegokids.ee\/en\/wp-json\/wp\/v2\/product_brand?post=26939"},{"taxonomy":"product_cat","embeddable":true,"href":"https:\/\/gegokids.ee\/en\/wp-json\/wp\/v2\/product_cat?post=26939"},{"taxonomy":"product_tag","embeddable":true,"href":"https:\/\/gegokids.ee\/en\/wp-json\/wp\/v2\/product_tag?post=26939"}],"curies":[{"name":"wp","href":"https:\/\/api.w.org\/{rel}","templated":true}]}}