{"id":26702,"date":"2022-08-18T14:04:26","date_gmt":"2022-08-18T14:04:26","guid":{"rendered":"https:\/\/www.gegokids.ee\/?post_type=product&#038;p=26702"},"modified":"2026-02-09T00:07:15","modified_gmt":"2026-02-08T21:07:15","slug":"marcus-marcus-silikoonist-puuviljavork","status":"publish","type":"product","link":"https:\/\/gegokids.ee\/en\/product\/marcus-marcus-silikoonist-puuviljavork\/","title":{"rendered":"Marcus &amp; Marcus Silikoonist puuviljalutt"},"content":{"rendered":"<p><span style=\"color: #000000;\">Marcus &amp; Marcus Silicone Self Feeder N\u2019Pop ei ole tavaline s\u00f6\u00f6misv\u00f5rk, sellel on 3 funktsiooni.<\/span><br \/>\n<span style=\"color: #000000;\">Silikoonist v\u00f5rgu k\u00e4epidet saab kasutada n\u00e4rimiseks, kuna see on valmistatud BPA- ja ftalaadivabast silikoonist, et teie lapse \u00f5rnad igemed oleksid h\u00e4sti kaitstud. Kui asetate toidud, nagu marjad, apelsinid ja k\u00f6\u00f6giviljad, lihtsalt ideaalse suurusega silikoonkotti ja \u00fchendage hoidjaga, saavad teie v\u00e4ikesed lapsed turvaliselt iseseisvalt n\u00e4ksimist nautida. <\/span><\/p>\n<p><span style=\"color: #000000;\">Segades jogurtit puuviljadega, on need suurep\u00e4rased koostisosad teie v\u00e4ikelastele pulgaj\u00e4\u00e4tise valmistamiseks. K\u00fclmutage see selle komplekti kuuluva pulgaga. Pesemise ja puhastamise h\u00f5lbustamiseks on k\u00f5ik osad eraldatavad.<\/span><\/p>\n<p><span style=\"color: #000000;\">P\u00d5HIFUNKTSIOON:<\/span><br \/>\n<span style=\"color: #000000;\">BPA\/ftalaadivaba<\/span><br \/>\n<span style=\"color: #000000;\">Kolm-\u00fches s\u00f6\u00f6misv\u00f5rk, pulgaj\u00e4\u00e4tise vorm ja sensoorne n\u00e4rimislelu<\/span><br \/>\n<span style=\"color: #000000;\">Paindlik ja lihtne k\u00e4epide<\/span><br \/>\n<span style=\"color: #000000;\">K\u00f5ik \u00fcmarad augud toidu h\u00f5lpsaks voolamiseks<\/span><br \/>\n<span style=\"color: #000000;\">S\u00e4ilituskork parandab h\u00fcgieeni<\/span><br \/>\n<span style=\"color: #000000;\">Sensoorne hambamasin stimulatsiooniks<\/span><br \/>\n<span style=\"color: #000000;\">Pehmed osad kaitsevad \u00f5rnu igemeid<\/span><\/p>\n<p>&nbsp;<\/p>\n<p><span style=\"color: #000000;\">PUHASTAMINE JA HOOLDUS:<\/span><br \/>\n<span style=\"color: #000000;\">\u00dclemise restiga n\u00f5udepesumasinas pestav<\/span><br \/>\n<span style=\"color: #000000;\">UV-sterilisaator<\/span><br \/>\n<span style=\"color: #000000;\">Aurusterilisaator<\/span><br \/>\n<span style=\"color: #000000;\">Mikrolaineahi<\/span><br \/>\n<span style=\"color: #000000;\">S\u00fcgavk\u00fclmik<\/span><br \/>\n<span style=\"color: #000000;\">Plekid saab eemaldada kuuma seebiveega pestes<\/span><br \/>\n<span style=\"color: #000000;\">ASTM-F963, EN 71, EN14372 vastavus<\/span><\/p>\n<p><span style=\"color: #000000;\">VANUS:<\/span><br \/>\n<span style=\"color: #000000;\">6+ kuud<\/span><\/p>\n<p><span style=\"color: #000000;\">TOOTE SUURUS:<\/span><br \/>\n<span style=\"color: #000000;\">61 (L) x 45 (S) x 114 (K) mm (L\u00f5vi)<\/span><br \/>\n<span style=\"color: #000000;\">60 (L) x 45 (S) x 113 (K) mm (P\u00f5rsas)<\/span><br \/>\n<span style=\"color: #000000;\">74,5 (L) x 45 (S) x 114 (K) mm (Elevant)<\/span><\/p>\n<p><span style=\"color: #000000;\">MATERJAL:<\/span><br \/>\n<span style=\"color: #000000;\">S\u00f6\u00f6tur, hammastik, konnektor, paprikapulk: toidukvaliteediga silikoonkumm<\/span><br \/>\n<span style=\"color: #000000;\">Kork: PP<\/span><\/p>\n<p><span style=\"color: #000000;\">TALUVUSTEMPERATUUR:<\/span><br \/>\n<span style=\"color: #000000;\">S\u00f6\u00f6tur, hammastik, pistik, popsticle pulgad: toidukvaliteediga silikoonkumm, talub temperatuure vahemikus -20 \u00b0C kuni 220 \u00b0C\u00a0<\/span><\/p>\n<p><span style=\"color: #000000;\">Kork: PP, talub temperatuure vahemikus -20 \u00b0C kuni 110 \u00b0C\u00a0<\/span><\/p>","protected":false},"excerpt":{"rendered":"<p><span style=\"color: #000000;\">Marcus &amp; Marcus puuviljalutil on 3 funktsiooni. <\/span><span style=\"color: #000000;\">Silikoonist v\u00f5rgu k\u00e4epidet saab kasutada n\u00e4rimiseks, kuna see on valmistatud BPA- ja ftalaadivabast silikoonist, et teie lapse \u00f5rnad igemed oleksid h\u00e4sti kaitstud. Kui asetate toidud, nagu marjad, apelsinid ja k\u00f6\u00f6giviljad, lihtsalt ideaalse suurusega silikoonkotti ja \u00fchendage hoidjaga, saavad teie v\u00e4ikesed lapsed turvaliselt iseseisvalt n\u00e4ksimist nautida. Mis veel! Segades jogurtit puuviljadega, on need suurep\u00e4rased koostisosad teie v\u00e4ikelastele pulgaj\u00e4\u00e4tise valmistamiseks. K\u00fclmutage see selle komplekti kuuluva pulgaga. Pesemise ja puhastamise h\u00f5lbustamiseks on k\u00f5ik osad eraldatavad.<\/span><\/p>","protected":false},"featured_media":29042,"comment_status":"open","ping_status":"closed","template":"","meta":[],"product_brand":[455],"product_cat":[426,285,422],"product_tag":[474,457],"class_list":{"0":"post-26702","1":"product","2":"type-product","3":"status-publish","4":"has-post-thumbnail","6":"product_brand-marcus-marcus","7":"product_cat-kingiideed","8":"product_cat-koik","9":"product_cat-laste-soogikomplektid","10":"product_tag-soomistarvikud","11":"product_tag-beebidele-0-1-a","13":"first","14":"instock","15":"shipping-taxable","16":"purchasable","17":"product-type-variable"},"yoast_head":"<!-- This site is optimized with the Yoast SEO plugin v26.9 - https:\/\/yoast.com\/product\/yoast-seo-wordpress\/ -->\n<title>Marcus &amp; Marcus Silikoonist puuviljalutt | Gegokids<\/title>\n<meta name=\"description\" content=\"Marcus &amp; Marcus puuviljalutil on 3 funktsiooni. Silikoonist v\u00f5rgu k\u00e4epidet saab kasutada n\u00e4rimiseks, kuna see on valmistatud BPA- ja ftalaadivabast silikoonist, et teie lapse \u00f5rnad igemed oleksid h\u00e4sti kaitstud. Kui asetate toidud, nagu marjad, apelsinid ja k\u00f6\u00f6giviljad, lihtsalt ideaalse suurusega silikoonkotti ja \u00fchendage hoidjaga, saavad teie v\u00e4ikesed lapsed turvaliselt iseseisvalt n\u00e4ksimist nautida. Mis veel! Segades jogurtit puuviljadega, on need suurep\u00e4rased koostisosad teie v\u00e4ikelastele pulgaj\u00e4\u00e4tise valmistamiseks. K\u00fclmutage see selle komplekti kuuluva pulgaga. Pesemise ja puhastamise h\u00f5lbustamiseks on k\u00f5ik osad eraldatavad.\" \/>\n<meta name=\"robots\" content=\"index, follow, max-snippet:-1, max-image-preview:large, max-video-preview:-1\" \/>\n<link rel=\"canonical\" href=\"https:\/\/gegokids.ee\/en\/product\/marcus-marcus-silikoonist-puuviljavork\/\" \/>\n<meta property=\"og:locale\" content=\"en_US\" \/>\n<meta property=\"og:type\" content=\"article\" \/>\n<meta property=\"og:title\" content=\"Marcus &amp; Marcus Silikoonist puuviljalutt | Gegokids\" \/>\n<meta property=\"og:description\" content=\"Marcus &amp; Marcus puuviljalutil on 3 funktsiooni. Silikoonist v\u00f5rgu k\u00e4epidet saab kasutada n\u00e4rimiseks, kuna see on valmistatud BPA- ja ftalaadivabast silikoonist, et teie lapse \u00f5rnad igemed oleksid h\u00e4sti kaitstud. Kui asetate toidud, nagu marjad, apelsinid ja k\u00f6\u00f6giviljad, lihtsalt ideaalse suurusega silikoonkotti ja \u00fchendage hoidjaga, saavad teie v\u00e4ikesed lapsed turvaliselt iseseisvalt n\u00e4ksimist nautida. Mis veel! Segades jogurtit puuviljadega, on need suurep\u00e4rased koostisosad teie v\u00e4ikelastele pulgaj\u00e4\u00e4tise valmistamiseks. K\u00fclmutage see selle komplekti kuuluva pulgaga. Pesemise ja puhastamise h\u00f5lbustamiseks on k\u00f5ik osad eraldatavad.\" \/>\n<meta property=\"og:url\" content=\"https:\/\/gegokids.ee\/en\/product\/marcus-marcus-silikoonist-puuviljavork\/\" \/>\n<meta property=\"og:site_name\" content=\"Gegokids\" \/>\n<meta property=\"article:publisher\" content=\"https:\/\/www.facebook.com\/GegoKids\" \/>\n<meta property=\"article:modified_time\" content=\"2026-02-08T21:07:15+00:00\" \/>\n<meta property=\"og:image\" content=\"https:\/\/gegokids.ee\/wp-content\/uploads\/2022\/08\/MNMBB44-PG-pd03-low.jpg\" \/>\n\t<meta property=\"og:image:width\" content=\"500\" \/>\n\t<meta property=\"og:image:height\" content=\"375\" \/>\n\t<meta property=\"og:image:type\" content=\"image\/jpeg\" \/>\n<meta name=\"twitter:card\" content=\"summary_large_image\" \/>\n<meta name=\"twitter:label1\" content=\"Est. reading time\" \/>\n\t<meta name=\"twitter:data1\" content=\"2 minutes\" \/>\n<script type=\"application\/ld+json\" class=\"yoast-schema-graph\">{\"@context\":\"https:\/\/schema.org\",\"@graph\":[{\"@type\":\"WebPage\",\"@id\":\"https:\/\/gegokids.ee\/toode\/marcus-marcus-silikoonist-puuviljavork\/\",\"url\":\"https:\/\/gegokids.ee\/toode\/marcus-marcus-silikoonist-puuviljavork\/\",\"name\":\"Marcus &amp; Marcus Silikoonist puuviljalutt | Gegokids\",\"isPartOf\":{\"@id\":\"https:\/\/gegokids.ee\/#website\"},\"primaryImageOfPage\":{\"@id\":\"https:\/\/gegokids.ee\/toode\/marcus-marcus-silikoonist-puuviljavork\/#primaryimage\"},\"image\":{\"@id\":\"https:\/\/gegokids.ee\/toode\/marcus-marcus-silikoonist-puuviljavork\/#primaryimage\"},\"thumbnailUrl\":\"https:\/\/gegokids.ee\/wp-content\/uploads\/2026\/02\/Gegokids-10.png\",\"datePublished\":\"2022-08-18T14:04:26+00:00\",\"dateModified\":\"2026-02-08T21:07:15+00:00\",\"description\":\"Marcus & Marcus puuviljalutil on 3 funktsiooni. Silikoonist v\u00f5rgu k\u00e4epidet saab kasutada n\u00e4rimiseks, kuna see on valmistatud BPA- ja ftalaadivabast silikoonist, et teie lapse \u00f5rnad igemed oleksid h\u00e4sti kaitstud. Kui asetate toidud, nagu marjad, apelsinid ja k\u00f6\u00f6giviljad, lihtsalt ideaalse suurusega silikoonkotti ja \u00fchendage hoidjaga, saavad teie v\u00e4ikesed lapsed turvaliselt iseseisvalt n\u00e4ksimist nautida. Mis veel! Segades jogurtit puuviljadega, on need suurep\u00e4rased koostisosad teie v\u00e4ikelastele pulgaj\u00e4\u00e4tise valmistamiseks. K\u00fclmutage see selle komplekti kuuluva pulgaga. Pesemise ja puhastamise h\u00f5lbustamiseks on k\u00f5ik osad eraldatavad.\",\"breadcrumb\":{\"@id\":\"https:\/\/gegokids.ee\/toode\/marcus-marcus-silikoonist-puuviljavork\/#breadcrumb\"},\"inLanguage\":\"en-US\",\"potentialAction\":[{\"@type\":\"ReadAction\",\"target\":[\"https:\/\/gegokids.ee\/toode\/marcus-marcus-silikoonist-puuviljavork\/\"]}]},{\"@type\":\"ImageObject\",\"inLanguage\":\"en-US\",\"@id\":\"https:\/\/gegokids.ee\/toode\/marcus-marcus-silikoonist-puuviljavork\/#primaryimage\",\"url\":\"https:\/\/gegokids.ee\/wp-content\/uploads\/2026\/02\/Gegokids-10.png\",\"contentUrl\":\"https:\/\/gegokids.ee\/wp-content\/uploads\/2026\/02\/Gegokids-10.png\",\"width\":600,\"height\":400},{\"@type\":\"BreadcrumbList\",\"@id\":\"https:\/\/gegokids.ee\/toode\/marcus-marcus-silikoonist-puuviljavork\/#breadcrumb\",\"itemListElement\":[{\"@type\":\"ListItem\",\"position\":1,\"name\":\"Home\",\"item\":\"https:\/\/gegokids.ee\/en\/\"},{\"@type\":\"ListItem\",\"position\":2,\"name\":\"E-pood\",\"item\":\"https:\/\/gegokids.ee\/e-pood\/\"},{\"@type\":\"ListItem\",\"position\":3,\"name\":\"Marcus &amp; Marcus Silikoonist puuviljalutt\"}]},{\"@type\":\"WebSite\",\"@id\":\"https:\/\/gegokids.ee\/#website\",\"url\":\"https:\/\/gegokids.ee\/\",\"name\":\"Gegokids\",\"description\":\"Kvaliteetsed ja turvalised laste m\u00e4nguasjad.\",\"publisher\":{\"@id\":\"https:\/\/gegokids.ee\/#organization\"},\"potentialAction\":[{\"@type\":\"SearchAction\",\"target\":{\"@type\":\"EntryPoint\",\"urlTemplate\":\"https:\/\/gegokids.ee\/?s={search_term_string}\"},\"query-input\":{\"@type\":\"PropertyValueSpecification\",\"valueRequired\":true,\"valueName\":\"search_term_string\"}}],\"inLanguage\":\"en-US\"},{\"@type\":\"Organization\",\"@id\":\"https:\/\/gegokids.ee\/#organization\",\"name\":\"Gegokids\",\"url\":\"https:\/\/gegokids.ee\/\",\"logo\":{\"@type\":\"ImageObject\",\"inLanguage\":\"en-US\",\"@id\":\"https:\/\/gegokids.ee\/#\/schema\/logo\/image\/\",\"url\":\"https:\/\/gegokids.ee\/wp-content\/uploads\/2022\/06\/logo2.png\",\"contentUrl\":\"https:\/\/gegokids.ee\/wp-content\/uploads\/2022\/06\/logo2.png\",\"width\":358,\"height\":104,\"caption\":\"Gegokids\"},\"image\":{\"@id\":\"https:\/\/gegokids.ee\/#\/schema\/logo\/image\/\"},\"sameAs\":[\"https:\/\/www.facebook.com\/GegoKids\",\"https:\/\/www.instagram.com\/gegokids.ee\/\"]}]}<\/script>\n<!-- \/ Yoast SEO plugin. -->","yoast_head_json":{"title":"Marcus &amp; Marcus Silikoonist puuviljalutt | Gegokids","description":"Marcus & Marcus puuviljalutil on 3 funktsiooni. Silikoonist v\u00f5rgu k\u00e4epidet saab kasutada n\u00e4rimiseks, kuna see on valmistatud BPA- ja ftalaadivabast silikoonist, et teie lapse \u00f5rnad igemed oleksid h\u00e4sti kaitstud. Kui asetate toidud, nagu marjad, apelsinid ja k\u00f6\u00f6giviljad, lihtsalt ideaalse suurusega silikoonkotti ja \u00fchendage hoidjaga, saavad teie v\u00e4ikesed lapsed turvaliselt iseseisvalt n\u00e4ksimist nautida. Mis veel! Segades jogurtit puuviljadega, on need suurep\u00e4rased koostisosad teie v\u00e4ikelastele pulgaj\u00e4\u00e4tise valmistamiseks. K\u00fclmutage see selle komplekti kuuluva pulgaga. Pesemise ja puhastamise h\u00f5lbustamiseks on k\u00f5ik osad eraldatavad.","robots":{"index":"index","follow":"follow","max-snippet":"max-snippet:-1","max-image-preview":"max-image-preview:large","max-video-preview":"max-video-preview:-1"},"canonical":"https:\/\/gegokids.ee\/en\/product\/marcus-marcus-silikoonist-puuviljavork\/","og_locale":"en_US","og_type":"article","og_title":"Marcus &amp; Marcus Silikoonist puuviljalutt | Gegokids","og_description":"Marcus & Marcus puuviljalutil on 3 funktsiooni. Silikoonist v\u00f5rgu k\u00e4epidet saab kasutada n\u00e4rimiseks, kuna see on valmistatud BPA- ja ftalaadivabast silikoonist, et teie lapse \u00f5rnad igemed oleksid h\u00e4sti kaitstud. Kui asetate toidud, nagu marjad, apelsinid ja k\u00f6\u00f6giviljad, lihtsalt ideaalse suurusega silikoonkotti ja \u00fchendage hoidjaga, saavad teie v\u00e4ikesed lapsed turvaliselt iseseisvalt n\u00e4ksimist nautida. Mis veel! Segades jogurtit puuviljadega, on need suurep\u00e4rased koostisosad teie v\u00e4ikelastele pulgaj\u00e4\u00e4tise valmistamiseks. K\u00fclmutage see selle komplekti kuuluva pulgaga. Pesemise ja puhastamise h\u00f5lbustamiseks on k\u00f5ik osad eraldatavad.","og_url":"https:\/\/gegokids.ee\/en\/product\/marcus-marcus-silikoonist-puuviljavork\/","og_site_name":"Gegokids","article_publisher":"https:\/\/www.facebook.com\/GegoKids","article_modified_time":"2026-02-08T21:07:15+00:00","og_image":[{"width":500,"height":375,"url":"https:\/\/gegokids.ee\/wp-content\/uploads\/2022\/08\/MNMBB44-PG-pd03-low.jpg","type":"image\/jpeg"}],"twitter_card":"summary_large_image","twitter_misc":{"Est. reading time":"2 minutes"},"schema":{"@context":"https:\/\/schema.org","@graph":[{"@type":"WebPage","@id":"https:\/\/gegokids.ee\/toode\/marcus-marcus-silikoonist-puuviljavork\/","url":"https:\/\/gegokids.ee\/toode\/marcus-marcus-silikoonist-puuviljavork\/","name":"Marcus &amp; Marcus Silikoonist puuviljalutt | Gegokids","isPartOf":{"@id":"https:\/\/gegokids.ee\/#website"},"primaryImageOfPage":{"@id":"https:\/\/gegokids.ee\/toode\/marcus-marcus-silikoonist-puuviljavork\/#primaryimage"},"image":{"@id":"https:\/\/gegokids.ee\/toode\/marcus-marcus-silikoonist-puuviljavork\/#primaryimage"},"thumbnailUrl":"https:\/\/gegokids.ee\/wp-content\/uploads\/2026\/02\/Gegokids-10.png","datePublished":"2022-08-18T14:04:26+00:00","dateModified":"2026-02-08T21:07:15+00:00","description":"Marcus & Marcus puuviljalutil on 3 funktsiooni. Silikoonist v\u00f5rgu k\u00e4epidet saab kasutada n\u00e4rimiseks, kuna see on valmistatud BPA- ja ftalaadivabast silikoonist, et teie lapse \u00f5rnad igemed oleksid h\u00e4sti kaitstud. Kui asetate toidud, nagu marjad, apelsinid ja k\u00f6\u00f6giviljad, lihtsalt ideaalse suurusega silikoonkotti ja \u00fchendage hoidjaga, saavad teie v\u00e4ikesed lapsed turvaliselt iseseisvalt n\u00e4ksimist nautida. Mis veel! Segades jogurtit puuviljadega, on need suurep\u00e4rased koostisosad teie v\u00e4ikelastele pulgaj\u00e4\u00e4tise valmistamiseks. K\u00fclmutage see selle komplekti kuuluva pulgaga. Pesemise ja puhastamise h\u00f5lbustamiseks on k\u00f5ik osad eraldatavad.","breadcrumb":{"@id":"https:\/\/gegokids.ee\/toode\/marcus-marcus-silikoonist-puuviljavork\/#breadcrumb"},"inLanguage":"en-US","potentialAction":[{"@type":"ReadAction","target":["https:\/\/gegokids.ee\/toode\/marcus-marcus-silikoonist-puuviljavork\/"]}]},{"@type":"ImageObject","inLanguage":"en-US","@id":"https:\/\/gegokids.ee\/toode\/marcus-marcus-silikoonist-puuviljavork\/#primaryimage","url":"https:\/\/gegokids.ee\/wp-content\/uploads\/2026\/02\/Gegokids-10.png","contentUrl":"https:\/\/gegokids.ee\/wp-content\/uploads\/2026\/02\/Gegokids-10.png","width":600,"height":400},{"@type":"BreadcrumbList","@id":"https:\/\/gegokids.ee\/toode\/marcus-marcus-silikoonist-puuviljavork\/#breadcrumb","itemListElement":[{"@type":"ListItem","position":1,"name":"Home","item":"https:\/\/gegokids.ee\/en\/"},{"@type":"ListItem","position":2,"name":"E-pood","item":"https:\/\/gegokids.ee\/e-pood\/"},{"@type":"ListItem","position":3,"name":"Marcus &amp; Marcus Silikoonist puuviljalutt"}]},{"@type":"WebSite","@id":"https:\/\/gegokids.ee\/#website","url":"https:\/\/gegokids.ee\/","name":"Gegokids","description":"Kvaliteetsed ja turvalised laste m\u00e4nguasjad.","publisher":{"@id":"https:\/\/gegokids.ee\/#organization"},"potentialAction":[{"@type":"SearchAction","target":{"@type":"EntryPoint","urlTemplate":"https:\/\/gegokids.ee\/?s={search_term_string}"},"query-input":{"@type":"PropertyValueSpecification","valueRequired":true,"valueName":"search_term_string"}}],"inLanguage":"en-US"},{"@type":"Organization","@id":"https:\/\/gegokids.ee\/#organization","name":"Gegokids","url":"https:\/\/gegokids.ee\/","logo":{"@type":"ImageObject","inLanguage":"en-US","@id":"https:\/\/gegokids.ee\/#\/schema\/logo\/image\/","url":"https:\/\/gegokids.ee\/wp-content\/uploads\/2022\/06\/logo2.png","contentUrl":"https:\/\/gegokids.ee\/wp-content\/uploads\/2022\/06\/logo2.png","width":358,"height":104,"caption":"Gegokids"},"image":{"@id":"https:\/\/gegokids.ee\/#\/schema\/logo\/image\/"},"sameAs":["https:\/\/www.facebook.com\/GegoKids","https:\/\/www.instagram.com\/gegokids.ee\/"]}]}},"_links":{"self":[{"href":"https:\/\/gegokids.ee\/en\/wp-json\/wp\/v2\/product\/26702","targetHints":{"allow":["GET"]}}],"collection":[{"href":"https:\/\/gegokids.ee\/en\/wp-json\/wp\/v2\/product"}],"about":[{"href":"https:\/\/gegokids.ee\/en\/wp-json\/wp\/v2\/types\/product"}],"replies":[{"embeddable":true,"href":"https:\/\/gegokids.ee\/en\/wp-json\/wp\/v2\/comments?post=26702"}],"version-history":[{"count":5,"href":"https:\/\/gegokids.ee\/en\/wp-json\/wp\/v2\/product\/26702\/revisions"}],"predecessor-version":[{"id":28941,"href":"https:\/\/gegokids.ee\/en\/wp-json\/wp\/v2\/product\/26702\/revisions\/28941"}],"wp:featuredmedia":[{"embeddable":true,"href":"https:\/\/gegokids.ee\/en\/wp-json\/wp\/v2\/media\/29042"}],"wp:attachment":[{"href":"https:\/\/gegokids.ee\/en\/wp-json\/wp\/v2\/media?parent=26702"}],"wp:term":[{"taxonomy":"product_brand","embeddable":true,"href":"https:\/\/gegokids.ee\/en\/wp-json\/wp\/v2\/product_brand?post=26702"},{"taxonomy":"product_cat","embeddable":true,"href":"https:\/\/gegokids.ee\/en\/wp-json\/wp\/v2\/product_cat?post=26702"},{"taxonomy":"product_tag","embeddable":true,"href":"https:\/\/gegokids.ee\/en\/wp-json\/wp\/v2\/product_tag?post=26702"}],"curies":[{"name":"wp","href":"https:\/\/api.w.org\/{rel}","templated":true}]}}