{"id":26624,"date":"2022-07-19T19:46:42","date_gmt":"2022-07-19T19:46:42","guid":{"rendered":"https:\/\/gegokids.ee\/?post_type=product&#038;p=26624"},"modified":"2026-01-22T16:55:51","modified_gmt":"2026-01-22T13:55:51","slug":"komplekt-rainbow-melody","status":"publish","type":"product","link":"https:\/\/gegokids.ee\/en\/product\/komplekt-rainbow-melody\/","title":{"rendered":"Komplekt &#8220;Rainbow melody&#8221;"},"content":{"rendered":"<p data-start=\"314\" data-end=\"554\">Ortonature <strong data-start=\"325\" data-end=\"370\">massaa\u017eimattide komplekt \u201eRainbow Melody\u201c<\/strong> on v\u00e4rvikas puslemattide komplekt lastele ja t\u00e4iskasvanutele. Reljeefse pinnaga matid sobivad m\u00e4nguks ja lihtsateks harjutusteks.<\/p>\n<p data-start=\"558\" data-end=\"591\">Massaa\u017eimattide kasutamine aitab:<\/p>\n<ul data-start=\"592\" data-end=\"789\">\n<li data-start=\"592\" data-end=\"618\">\n<p data-start=\"594\" data-end=\"618\">stimuleerida jalataldu<\/p>\n<\/li>\n<li data-start=\"619\" data-end=\"650\">\n<p data-start=\"621\" data-end=\"650\">toetada vereringet<\/p>\n<\/li>\n<li data-start=\"651\" data-end=\"713\">\n<p data-start=\"653\" data-end=\"713\">aidata kaasa lampjalgsuse ennetamisele ja korrigeerimisele<\/p>\n<\/li>\n<li data-start=\"714\" data-end=\"754\">\n<p data-start=\"716\" data-end=\"754\">v\u00e4hendada jalgade v\u00e4simust ja turset<\/p>\n<\/li>\n<li data-start=\"755\" data-end=\"789\">\n<p data-start=\"757\" data-end=\"789\">arendada tasakaalu ja kehataju<\/p>\n<\/li>\n<\/ul>\n<p data-start=\"791\" data-end=\"978\">Matid on valmistatud <strong data-start=\"812\" data-end=\"845\">kvaliteetsest PVC-materjalist<\/strong>, mis on <strong data-start=\"854\" data-end=\"878\">BPA- ja ftalaadivaba<\/strong>, vastupidav ning kergesti puhastatav. T\u00e4nu tugevale materjalile sobivad matid kasutamiseks aastaid.<\/p>\n<p data-start=\"980\" data-end=\"1167\">Komplekti kuuluvad erineva tekstuuri ja v\u00e4rviga puslematid. Komplekt sisaldab kogu vikerkaare v\u00e4rvivalikut.<\/p>\n<hr data-start=\"1169\" data-end=\"1172\" \/>\n<h3 data-start=\"1174\" data-end=\"1226\">Komplekt \u201eRainbow Melody\u201c sisaldab 9 puslematti:<\/h3>\n<ul data-start=\"1227\" data-end=\"1574\">\n<li data-start=\"1227\" data-end=\"1263\">\n<p data-start=\"1229\" data-end=\"1263\">Ortonature massaa\u017eimatt \u201eSea Star\u201c<\/p>\n<\/li>\n<li data-start=\"1264\" data-end=\"1299\">\n<p data-start=\"1266\" data-end=\"1299\">Ortonature massaa\u017eimatt \u201eEclairs\u201c<\/p>\n<\/li>\n<li data-start=\"1300\" data-end=\"1333\">\n<p data-start=\"1302\" data-end=\"1333\">Ortonature massaa\u017eimatt \u201eGrass\u201c<\/p>\n<\/li>\n<li data-start=\"1334\" data-end=\"1369\">\n<p data-start=\"1336\" data-end=\"1369\">Ortonature massaa\u017eimatt \u201eBerries\u201c<\/p>\n<\/li>\n<li data-start=\"1370\" data-end=\"1406\">\n<p data-start=\"1372\" data-end=\"1406\">Ortonature massaa\u017eimatt \u201eGeometry\u201c<\/p>\n<\/li>\n<li data-start=\"1407\" data-end=\"1441\">\n<p data-start=\"1409\" data-end=\"1441\">Ortonature massaa\u017eimatt \u201eBreeze\u201c<\/p>\n<\/li>\n<li data-start=\"1442\" data-end=\"1478\">\n<p data-start=\"1444\" data-end=\"1478\">Ortonature massaa\u017eimatt \u201eCactuses\u201c<\/p>\n<\/li>\n<li data-start=\"1479\" data-end=\"1526\">\n<p data-start=\"1481\" data-end=\"1526\">Ortonature massaa\u017eimatt \u201eLet\u2019s Play Math 1\u20139\u201c<\/p>\n<\/li>\n<li data-start=\"1527\" data-end=\"1574\">\n<p data-start=\"1529\" data-end=\"1574\">Ortonature massaa\u017eimatt \u201eLet\u2019s Play Math 2\u20138\u201c<\/p>\n<\/li>\n<\/ul>","protected":false},"excerpt":{"rendered":"<p data-start=\"314\" data-end=\"554\">Ortonature <strong data-start=\"325\" data-end=\"370\">massaa\u017eimattide komplekt \u201eRainbow Melody\u201c<\/strong> on v\u00e4rvikas puslemattide komplekt lastele ja t\u00e4iskasvanutele. Reljeefse pinnaga matid sobivad m\u00e4nguks ja lihtsateks harjutusteks.<\/p>\n<p data-start=\"558\" data-end=\"591\">Massaa\u017eimattide kasutamine aitab:<\/p>\n<ul data-start=\"592\" data-end=\"789\">\n<li data-start=\"592\" data-end=\"618\">\n<p data-start=\"594\" data-end=\"618\">stimuleerida jalataldu<\/p>\n<\/li>\n<li data-start=\"619\" data-end=\"650\">\n<p data-start=\"621\" data-end=\"650\">toetada vereringet<\/p>\n<\/li>\n<li data-start=\"651\" data-end=\"713\">\n<p data-start=\"653\" data-end=\"713\">aidata kaasa lampjalgsuse ennetamisele ja korrigeerimisele<\/p>\n<\/li>\n<li data-start=\"714\" data-end=\"754\">\n<p data-start=\"716\" data-end=\"754\">v\u00e4hendada jalgade v\u00e4simust ja turset<\/p>\n<\/li>\n<li data-start=\"755\" data-end=\"789\">\n<p data-start=\"757\" data-end=\"789\">arendada tasakaalu ja kehataju<\/p>\n<\/li>\n<\/ul>","protected":false},"featured_media":28795,"comment_status":"open","ping_status":"closed","template":"","meta":[],"product_brand":[456],"product_cat":[285,425],"product_tag":[460,461],"class_list":{"0":"post-26624","1":"product","2":"type-product","3":"status-publish","4":"has-post-thumbnail","6":"product_brand-ortoto","7":"product_cat-koik","8":"product_cat-vahvad-matid-ja-kotid","9":"product_tag-arendavad-manguasjad","10":"product_tag-461","12":"first","13":"instock","14":"shipping-taxable","15":"purchasable","16":"product-type-simple"},"yoast_head":"<!-- This site is optimized with the Yoast SEO plugin v26.9 - https:\/\/yoast.com\/product\/yoast-seo-wordpress\/ -->\n<title>Komplekt &quot;Rainbow melody&quot; | Gegokids<\/title>\n<meta name=\"robots\" content=\"index, follow, max-snippet:-1, max-image-preview:large, max-video-preview:-1\" \/>\n<link rel=\"canonical\" href=\"https:\/\/gegokids.ee\/en\/product\/komplekt-rainbow-melody\/\" \/>\n<meta property=\"og:locale\" content=\"en_US\" \/>\n<meta property=\"og:type\" content=\"article\" \/>\n<meta property=\"og:title\" content=\"Komplekt &quot;Rainbow melody&quot; | Gegokids\" \/>\n<meta property=\"og:description\" content=\"Ortonature massaa\u017eimattide komplekt \u201eRainbow Melody\u201c on v\u00e4rvikas puslemattide komplekt lastele ja t\u00e4iskasvanutele. Reljeefse pinnaga matid sobivad m\u00e4nguks ja lihtsateks harjutusteks. Massaa\u017eimattide kasutamine aitab:     stimuleerida jalataldu    toetada vereringet    aidata kaasa lampjalgsuse ennetamisele ja korrigeerimisele    v\u00e4hendada jalgade v\u00e4simust ja turset    arendada tasakaalu ja kehataju\" \/>\n<meta property=\"og:url\" content=\"https:\/\/gegokids.ee\/en\/product\/komplekt-rainbow-melody\/\" \/>\n<meta property=\"og:site_name\" content=\"Gegokids\" \/>\n<meta property=\"article:publisher\" content=\"https:\/\/www.facebook.com\/GegoKids\" \/>\n<meta property=\"article:modified_time\" content=\"2026-01-22T13:55:51+00:00\" \/>\n<meta property=\"og:image\" content=\"https:\/\/gegokids.ee\/wp-content\/uploads\/2022\/07\/Gegokids-3.png\" \/>\n\t<meta property=\"og:image:width\" content=\"600\" \/>\n\t<meta property=\"og:image:height\" content=\"400\" \/>\n\t<meta property=\"og:image:type\" content=\"image\/png\" \/>\n<meta name=\"twitter:card\" content=\"summary_large_image\" \/>\n<meta name=\"twitter:label1\" content=\"Est. reading time\" \/>\n\t<meta name=\"twitter:data1\" content=\"1 minute\" \/>\n<script type=\"application\/ld+json\" class=\"yoast-schema-graph\">{\"@context\":\"https:\/\/schema.org\",\"@graph\":[{\"@type\":\"WebPage\",\"@id\":\"https:\/\/gegokids.ee\/en\/product\/komplekt-rainbow-melody\/\",\"url\":\"https:\/\/gegokids.ee\/en\/product\/komplekt-rainbow-melody\/\",\"name\":\"Komplekt \\\"Rainbow melody\\\" | Gegokids\",\"isPartOf\":{\"@id\":\"https:\/\/gegokids.ee\/#website\"},\"primaryImageOfPage\":{\"@id\":\"https:\/\/gegokids.ee\/en\/product\/komplekt-rainbow-melody\/#primaryimage\"},\"image\":{\"@id\":\"https:\/\/gegokids.ee\/en\/product\/komplekt-rainbow-melody\/#primaryimage\"},\"thumbnailUrl\":\"https:\/\/gegokids.ee\/wp-content\/uploads\/2022\/07\/Gegokids-3.png\",\"datePublished\":\"2022-07-19T19:46:42+00:00\",\"dateModified\":\"2026-01-22T13:55:51+00:00\",\"breadcrumb\":{\"@id\":\"https:\/\/gegokids.ee\/en\/product\/komplekt-rainbow-melody\/#breadcrumb\"},\"inLanguage\":\"en-US\",\"potentialAction\":[{\"@type\":\"ReadAction\",\"target\":[\"https:\/\/gegokids.ee\/en\/product\/komplekt-rainbow-melody\/\"]}]},{\"@type\":\"ImageObject\",\"inLanguage\":\"en-US\",\"@id\":\"https:\/\/gegokids.ee\/en\/product\/komplekt-rainbow-melody\/#primaryimage\",\"url\":\"https:\/\/gegokids.ee\/wp-content\/uploads\/2022\/07\/Gegokids-3.png\",\"contentUrl\":\"https:\/\/gegokids.ee\/wp-content\/uploads\/2022\/07\/Gegokids-3.png\",\"width\":600,\"height\":400},{\"@type\":\"BreadcrumbList\",\"@id\":\"https:\/\/gegokids.ee\/en\/product\/komplekt-rainbow-melody\/#breadcrumb\",\"itemListElement\":[{\"@type\":\"ListItem\",\"position\":1,\"name\":\"Home\",\"item\":\"https:\/\/gegokids.ee\/en\/\"},{\"@type\":\"ListItem\",\"position\":2,\"name\":\"E-pood\",\"item\":\"https:\/\/gegokids.ee\/e-pood\/\"},{\"@type\":\"ListItem\",\"position\":3,\"name\":\"Komplekt &#8220;Rainbow melody&#8221;\"}]},{\"@type\":\"WebSite\",\"@id\":\"https:\/\/gegokids.ee\/#website\",\"url\":\"https:\/\/gegokids.ee\/\",\"name\":\"Gegokids\",\"description\":\"Kvaliteetsed ja turvalised laste m\u00e4nguasjad.\",\"publisher\":{\"@id\":\"https:\/\/gegokids.ee\/#organization\"},\"potentialAction\":[{\"@type\":\"SearchAction\",\"target\":{\"@type\":\"EntryPoint\",\"urlTemplate\":\"https:\/\/gegokids.ee\/?s={search_term_string}\"},\"query-input\":{\"@type\":\"PropertyValueSpecification\",\"valueRequired\":true,\"valueName\":\"search_term_string\"}}],\"inLanguage\":\"en-US\"},{\"@type\":\"Organization\",\"@id\":\"https:\/\/gegokids.ee\/#organization\",\"name\":\"Gegokids\",\"url\":\"https:\/\/gegokids.ee\/\",\"logo\":{\"@type\":\"ImageObject\",\"inLanguage\":\"en-US\",\"@id\":\"https:\/\/gegokids.ee\/#\/schema\/logo\/image\/\",\"url\":\"https:\/\/gegokids.ee\/wp-content\/uploads\/2022\/06\/logo2.png\",\"contentUrl\":\"https:\/\/gegokids.ee\/wp-content\/uploads\/2022\/06\/logo2.png\",\"width\":358,\"height\":104,\"caption\":\"Gegokids\"},\"image\":{\"@id\":\"https:\/\/gegokids.ee\/#\/schema\/logo\/image\/\"},\"sameAs\":[\"https:\/\/www.facebook.com\/GegoKids\",\"https:\/\/www.instagram.com\/gegokids.ee\/\"]}]}<\/script>\n<!-- \/ Yoast SEO plugin. -->","yoast_head_json":{"title":"Komplekt \"Rainbow melody\" | Gegokids","robots":{"index":"index","follow":"follow","max-snippet":"max-snippet:-1","max-image-preview":"max-image-preview:large","max-video-preview":"max-video-preview:-1"},"canonical":"https:\/\/gegokids.ee\/en\/product\/komplekt-rainbow-melody\/","og_locale":"en_US","og_type":"article","og_title":"Komplekt \"Rainbow melody\" | Gegokids","og_description":"Ortonature massaa\u017eimattide komplekt \u201eRainbow Melody\u201c on v\u00e4rvikas puslemattide komplekt lastele ja t\u00e4iskasvanutele. Reljeefse pinnaga matid sobivad m\u00e4nguks ja lihtsateks harjutusteks. Massaa\u017eimattide kasutamine aitab:     stimuleerida jalataldu    toetada vereringet    aidata kaasa lampjalgsuse ennetamisele ja korrigeerimisele    v\u00e4hendada jalgade v\u00e4simust ja turset    arendada tasakaalu ja kehataju","og_url":"https:\/\/gegokids.ee\/en\/product\/komplekt-rainbow-melody\/","og_site_name":"Gegokids","article_publisher":"https:\/\/www.facebook.com\/GegoKids","article_modified_time":"2026-01-22T13:55:51+00:00","og_image":[{"width":600,"height":400,"url":"https:\/\/gegokids.ee\/wp-content\/uploads\/2022\/07\/Gegokids-3.png","type":"image\/png"}],"twitter_card":"summary_large_image","twitter_misc":{"Est. reading time":"1 minute"},"schema":{"@context":"https:\/\/schema.org","@graph":[{"@type":"WebPage","@id":"https:\/\/gegokids.ee\/en\/product\/komplekt-rainbow-melody\/","url":"https:\/\/gegokids.ee\/en\/product\/komplekt-rainbow-melody\/","name":"Komplekt \"Rainbow melody\" | Gegokids","isPartOf":{"@id":"https:\/\/gegokids.ee\/#website"},"primaryImageOfPage":{"@id":"https:\/\/gegokids.ee\/en\/product\/komplekt-rainbow-melody\/#primaryimage"},"image":{"@id":"https:\/\/gegokids.ee\/en\/product\/komplekt-rainbow-melody\/#primaryimage"},"thumbnailUrl":"https:\/\/gegokids.ee\/wp-content\/uploads\/2022\/07\/Gegokids-3.png","datePublished":"2022-07-19T19:46:42+00:00","dateModified":"2026-01-22T13:55:51+00:00","breadcrumb":{"@id":"https:\/\/gegokids.ee\/en\/product\/komplekt-rainbow-melody\/#breadcrumb"},"inLanguage":"en-US","potentialAction":[{"@type":"ReadAction","target":["https:\/\/gegokids.ee\/en\/product\/komplekt-rainbow-melody\/"]}]},{"@type":"ImageObject","inLanguage":"en-US","@id":"https:\/\/gegokids.ee\/en\/product\/komplekt-rainbow-melody\/#primaryimage","url":"https:\/\/gegokids.ee\/wp-content\/uploads\/2022\/07\/Gegokids-3.png","contentUrl":"https:\/\/gegokids.ee\/wp-content\/uploads\/2022\/07\/Gegokids-3.png","width":600,"height":400},{"@type":"BreadcrumbList","@id":"https:\/\/gegokids.ee\/en\/product\/komplekt-rainbow-melody\/#breadcrumb","itemListElement":[{"@type":"ListItem","position":1,"name":"Home","item":"https:\/\/gegokids.ee\/en\/"},{"@type":"ListItem","position":2,"name":"E-pood","item":"https:\/\/gegokids.ee\/e-pood\/"},{"@type":"ListItem","position":3,"name":"Komplekt &#8220;Rainbow melody&#8221;"}]},{"@type":"WebSite","@id":"https:\/\/gegokids.ee\/#website","url":"https:\/\/gegokids.ee\/","name":"Gegokids","description":"Kvaliteetsed ja turvalised laste m\u00e4nguasjad.","publisher":{"@id":"https:\/\/gegokids.ee\/#organization"},"potentialAction":[{"@type":"SearchAction","target":{"@type":"EntryPoint","urlTemplate":"https:\/\/gegokids.ee\/?s={search_term_string}"},"query-input":{"@type":"PropertyValueSpecification","valueRequired":true,"valueName":"search_term_string"}}],"inLanguage":"en-US"},{"@type":"Organization","@id":"https:\/\/gegokids.ee\/#organization","name":"Gegokids","url":"https:\/\/gegokids.ee\/","logo":{"@type":"ImageObject","inLanguage":"en-US","@id":"https:\/\/gegokids.ee\/#\/schema\/logo\/image\/","url":"https:\/\/gegokids.ee\/wp-content\/uploads\/2022\/06\/logo2.png","contentUrl":"https:\/\/gegokids.ee\/wp-content\/uploads\/2022\/06\/logo2.png","width":358,"height":104,"caption":"Gegokids"},"image":{"@id":"https:\/\/gegokids.ee\/#\/schema\/logo\/image\/"},"sameAs":["https:\/\/www.facebook.com\/GegoKids","https:\/\/www.instagram.com\/gegokids.ee\/"]}]}},"_links":{"self":[{"href":"https:\/\/gegokids.ee\/en\/wp-json\/wp\/v2\/product\/26624","targetHints":{"allow":["GET"]}}],"collection":[{"href":"https:\/\/gegokids.ee\/en\/wp-json\/wp\/v2\/product"}],"about":[{"href":"https:\/\/gegokids.ee\/en\/wp-json\/wp\/v2\/types\/product"}],"replies":[{"embeddable":true,"href":"https:\/\/gegokids.ee\/en\/wp-json\/wp\/v2\/comments?post=26624"}],"version-history":[{"count":5,"href":"https:\/\/gegokids.ee\/en\/wp-json\/wp\/v2\/product\/26624\/revisions"}],"predecessor-version":[{"id":28776,"href":"https:\/\/gegokids.ee\/en\/wp-json\/wp\/v2\/product\/26624\/revisions\/28776"}],"wp:featuredmedia":[{"embeddable":true,"href":"https:\/\/gegokids.ee\/en\/wp-json\/wp\/v2\/media\/28795"}],"wp:attachment":[{"href":"https:\/\/gegokids.ee\/en\/wp-json\/wp\/v2\/media?parent=26624"}],"wp:term":[{"taxonomy":"product_brand","embeddable":true,"href":"https:\/\/gegokids.ee\/en\/wp-json\/wp\/v2\/product_brand?post=26624"},{"taxonomy":"product_cat","embeddable":true,"href":"https:\/\/gegokids.ee\/en\/wp-json\/wp\/v2\/product_cat?post=26624"},{"taxonomy":"product_tag","embeddable":true,"href":"https:\/\/gegokids.ee\/en\/wp-json\/wp\/v2\/product_tag?post=26624"}],"curies":[{"name":"wp","href":"https:\/\/api.w.org\/{rel}","templated":true}]}}