{"id":21170,"date":"2022-06-18T13:48:29","date_gmt":"2022-06-18T13:48:29","guid":{"rendered":"https:\/\/gegokids.ee\/?post_type=product&#038;p=21170"},"modified":"2026-02-08T18:58:28","modified_gmt":"2026-02-08T15:58:28","slug":"mm-oppimispudeli-asendusnokk","status":"publish","type":"product","link":"https:\/\/gegokids.ee\/en\/product\/mm-oppimispudeli-asendusnokk\/","title":{"rendered":"Marcus &#038; Marcus \u00d5ppimispudeli asendusnokk"},"content":{"rendered":"<p><span style=\"color: #000000; font-size: 12pt; font-weight: bold; letter-spacing: 0px;\">Omadused:<\/span><\/p>\n<div class=\"e3435-28 x-text\">\n<ul>\n<li><span style=\"font-size: 12pt; color: #000000;\">BPA\/Ftalaatide vaba<\/span><\/li>\n<li><span style=\"font-size: 12pt; color: #000000;\">Platinum silikoonkumm<\/span><\/li>\n<li><span style=\"font-size: 12pt; color: #000000;\">UV\/Auruga steriliseeritav<\/span><\/li>\n<li><span style=\"font-size: 12pt; color: #000000;\">Lekkimiskindel<\/span><\/li>\n<li><span style=\"font-size: 12pt; color: #000000;\">Lihtsamaks \u00fcleminekuks imiteeriv klaas\u00e4\u00e4r<\/span><\/li>\n<li><span style=\"font-size: 12pt; color: #000000;\">V\u00e4iksem joogiava vedeliku voolu v\u00e4hendamiseks<\/span><\/li>\n<li><span style=\"font-size: 12pt; color: #000000;\">Unikaalne disain lihtsaks avamiseks<\/span><\/li>\n<\/ul>\n<\/div>\n<div class=\"e3435-30 x-text x-text-headline\">\n<div class=\"x-text-content\">\n<div class=\"x-text-content-text\">\n<h1 class=\"x-text-content-text-primary\"><span style=\"font-size: 12pt; color: #000000;\">Puhastamine ja hooldus:<\/span><\/h1>\n<\/div>\n<\/div>\n<\/div>\n<div class=\"e3435-32 x-text\">\n<ul>\n<li><span style=\"font-size: 12pt; color: #000000;\">N\u00f5udepesumasinas \u00fclemisel riiulil pestav<\/span><\/li>\n<li><span style=\"font-size: 12pt; color: #000000;\">UV steriliseeritav<\/span><\/li>\n<li><span style=\"font-size: 12pt; color: #000000;\">Auruga steriliseeritav<\/span><\/li>\n<li><span style=\"font-size: 12pt; color: #000000;\">Plekid on eemaldatavad sooja seebiveega<\/span><\/li>\n<li><span style=\"font-size: 12pt; color: #000000;\">EN14350 vastavus<\/span><\/li>\n<\/ul>\n<p><strong><span style=\"color: #000000; font-size: 12pt;\">Vanus:<\/span><\/strong><\/p>\n<\/div>\n<div class=\"e3435-34 x-row\">\n<div class=\"x-row-inner\">\n<div class=\"e3435-35 x-col\">\n<div class=\"x-anchor-content\">\n<div class=\"x-anchor-text\"><span class=\"x-anchor-text-primary\" style=\"font-size: 12pt; color: #000000;\">12kuud +<\/span><\/div>\n<\/div>\n<\/div>\n<\/div>\n<\/div>\n<p>&nbsp;<\/p>\n<div class=\"e3435-39 x-text x-text-headline\">\n<div class=\"x-text-content\">\n<div class=\"x-text-content-text\">\n<h1 class=\"x-text-content-text-primary\"><span style=\"font-size: 12pt; color: #000000;\">M\u00f5\u00f5dud:<\/span><\/h1>\n<\/div>\n<\/div>\n<\/div>\n<div class=\"e3435-41 x-text\">\n<ul>\n<li><span style=\"font-size: 12pt; color: #000000;\">52.7 x 50.5 x 24.5 mm<\/span><\/li>\n<\/ul>\n<\/div>\n<div class=\"e3435-43 x-text x-text-headline\">\n<div class=\"x-text-content\">\n<div class=\"x-text-content-text\">\n<h1 class=\"x-text-content-text-primary\"><span style=\"font-size: 12pt; color: #000000;\">Materjal:<\/span><\/h1>\n<\/div>\n<\/div>\n<\/div>\n<div class=\"e3435-45 x-text\">\n<ul>\n<li><span style=\"font-size: 12pt; color: #000000;\">Platinum silikoonkumm<\/span><\/li>\n<\/ul>\n<\/div>\n<div class=\"e3435-47 x-text x-text-headline\">\n<div class=\"x-text-content\">\n<div class=\"x-text-content-text\">\n<h1 class=\"x-text-content-text-primary\"><span style=\"font-size: 12pt; color: #000000;\">Vastupidavus temperatuurid:<\/span><\/h1>\n<\/div>\n<\/div>\n<\/div>\n<div class=\"e3435-48 x-text\">\n<div class=\"e3341-49 x-text\">\n<div class=\"page\" title=\"Page 28\">\n<div class=\"section\">\n<div class=\"layoutArea\">\n<div class=\"column\">\n<ul>\n<li><span style=\"font-size: 12pt; color: #000000;\">-20\u00b0C to 220\u00b0C<\/span><\/li>\n<\/ul>\n<\/div>\n<\/div>\n<\/div>\n<\/div>\n<\/div>\n<\/div>","protected":false},"excerpt":{"rendered":"<div class=\"e3435-20 x-text x-text-headline\">\n<div class=\"x-text-content\">\n<div class=\"x-text-content-text\">\n<p><span style=\"font-size: 12pt; color: #000000;\">V\u00c4IKESELE JOOMISE HARJUTAMISEKS<\/span><\/p>\n<p><span style=\"font-size: 12pt; color: #000000;\">Marcus &amp; Marcus silikoonist nokk on ideaalne v\u00e4ikelastele, et harjutada joomist enne klaasile \u00fcleminekut, kuna \u00e4\u00e4ristila j\u00e4ljendab kergesti avatava sulguriga klaasi\u00e4\u00e4rt.<\/span><\/p>\n<p><span style=\"font-size: 12pt; color: #000000;\">Vanemad saavad muretult olla lekkekindla disainiga, et v\u00e4ltida segadust, ja v\u00e4iksema joogiavaga, mis v\u00e4hendab vedeliku voolu.<\/span><\/p>\n<\/div>\n<p><span style=\"font-size: 12pt; color: #000000;\">Sobib Marcus &amp; Marcuse \u00f5ppimispudelile.<\/span><\/p>\n<div class=\"x-text-content-text\">\n<p><span style=\"font-size: 12pt; color: #000000;\"><strong>Tarneaeg 2-5 t\u00f6\u00f6p\u00e4eva!<\/strong><\/span><\/p>\n<\/div>\n<\/div>\n<\/div>","protected":false},"featured_media":21248,"comment_status":"closed","ping_status":"closed","template":"","meta":[],"product_brand":[455],"product_cat":[285,422],"product_tag":[446,474,457,458],"class_list":{"0":"post-21170","1":"product","2":"type-product","3":"status-publish","4":"has-post-thumbnail","6":"product_brand-marcus-marcus","7":"product_cat-koik","8":"product_cat-laste-soogikomplektid","9":"product_tag-joogipudelid","10":"product_tag-soomistarvikud","11":"product_tag-beebidele-0-1-a","12":"product_tag-vaikelastele-1-3-a","14":"first","15":"instock","16":"shipping-taxable","17":"purchasable","18":"product-type-simple"},"yoast_head":"<!-- This site is optimized with the Yoast SEO plugin v26.9 - https:\/\/yoast.com\/product\/yoast-seo-wordpress\/ -->\n<title>Marcus &amp; Marcus \u00d5ppimispudeli asendusnokk | Gegokids<\/title>\n<meta name=\"description\" content=\"Marcus &amp; Marcus silikoonist nokk on ideaalne v\u00e4ikelastele, et harjutada joomist enne klaasile \u00fcleminekut, kuna \u00e4\u00e4ristila j\u00e4ljendab kergesti avatava sulguriga klaasi\u00e4\u00e4rt.Vanemad saavad muretult olla lekkekindla disainiga, et v\u00e4ltida segadust, ja v\u00e4iksema joogiavaga, mis v\u00e4hendab vedeliku voolu.Sobib Marcus &amp; Marcuse \u00f5ppimispudelile.\" \/>\n<meta name=\"robots\" content=\"index, follow, max-snippet:-1, max-image-preview:large, max-video-preview:-1\" \/>\n<link rel=\"canonical\" href=\"https:\/\/gegokids.ee\/en\/product\/mm-oppimispudeli-asendusnokk\/\" \/>\n<meta property=\"og:locale\" content=\"en_US\" \/>\n<meta property=\"og:type\" content=\"article\" \/>\n<meta property=\"og:title\" content=\"Marcus &amp; Marcus \u00d5ppimispudeli asendusnokk | Gegokids\" \/>\n<meta property=\"og:description\" content=\"Marcus &amp; Marcus silikoonist nokk on ideaalne v\u00e4ikelastele, et harjutada joomist enne klaasile \u00fcleminekut, kuna \u00e4\u00e4ristila j\u00e4ljendab kergesti avatava sulguriga klaasi\u00e4\u00e4rt.Vanemad saavad muretult olla lekkekindla disainiga, et v\u00e4ltida segadust, ja v\u00e4iksema joogiavaga, mis v\u00e4hendab vedeliku voolu.Sobib Marcus &amp; Marcuse \u00f5ppimispudelile.\" \/>\n<meta property=\"og:url\" content=\"https:\/\/gegokids.ee\/en\/product\/mm-oppimispudeli-asendusnokk\/\" \/>\n<meta property=\"og:site_name\" content=\"Gegokids\" \/>\n<meta property=\"article:publisher\" content=\"https:\/\/www.facebook.com\/GegoKids\" \/>\n<meta property=\"article:modified_time\" content=\"2026-02-08T15:58:28+00:00\" \/>\n<meta property=\"og:image\" content=\"https:\/\/gegokids.ee\/wp-content\/uploads\/2022\/06\/xqgd4wtqffyrv3i1z22bsptozw5mkjs7.jpg\" \/>\n\t<meta property=\"og:image:width\" content=\"450\" \/>\n\t<meta property=\"og:image:height\" content=\"300\" \/>\n\t<meta property=\"og:image:type\" content=\"image\/jpeg\" \/>\n<meta name=\"twitter:card\" content=\"summary_large_image\" \/>\n<meta name=\"twitter:label1\" content=\"Est. reading time\" \/>\n\t<meta name=\"twitter:data1\" content=\"1 minute\" \/>\n<script type=\"application\/ld+json\" class=\"yoast-schema-graph\">{\"@context\":\"https:\/\/schema.org\",\"@graph\":[{\"@type\":\"WebPage\",\"@id\":\"https:\/\/gegokids.ee\/toode\/mm-oppimispudeli-asendusnokk\/\",\"url\":\"https:\/\/gegokids.ee\/toode\/mm-oppimispudeli-asendusnokk\/\",\"name\":\"Marcus & Marcus \u00d5ppimispudeli asendusnokk | Gegokids\",\"isPartOf\":{\"@id\":\"https:\/\/gegokids.ee\/#website\"},\"primaryImageOfPage\":{\"@id\":\"https:\/\/gegokids.ee\/toode\/mm-oppimispudeli-asendusnokk\/#primaryimage\"},\"image\":{\"@id\":\"https:\/\/gegokids.ee\/toode\/mm-oppimispudeli-asendusnokk\/#primaryimage\"},\"thumbnailUrl\":\"https:\/\/gegokids.ee\/wp-content\/uploads\/2022\/06\/MNMNU07_pkg_01_low.jpg\",\"datePublished\":\"2022-06-18T13:48:29+00:00\",\"dateModified\":\"2026-02-08T15:58:28+00:00\",\"description\":\"Marcus & Marcus silikoonist nokk on ideaalne v\u00e4ikelastele, et harjutada joomist enne klaasile \u00fcleminekut, kuna \u00e4\u00e4ristila j\u00e4ljendab kergesti avatava sulguriga klaasi\u00e4\u00e4rt.Vanemad saavad muretult olla lekkekindla disainiga, et v\u00e4ltida segadust, ja v\u00e4iksema joogiavaga, mis v\u00e4hendab vedeliku voolu.Sobib Marcus & Marcuse \u00f5ppimispudelile.\",\"breadcrumb\":{\"@id\":\"https:\/\/gegokids.ee\/toode\/mm-oppimispudeli-asendusnokk\/#breadcrumb\"},\"inLanguage\":\"en-US\",\"potentialAction\":[{\"@type\":\"ReadAction\",\"target\":[\"https:\/\/gegokids.ee\/toode\/mm-oppimispudeli-asendusnokk\/\"]}]},{\"@type\":\"ImageObject\",\"inLanguage\":\"en-US\",\"@id\":\"https:\/\/gegokids.ee\/toode\/mm-oppimispudeli-asendusnokk\/#primaryimage\",\"url\":\"https:\/\/gegokids.ee\/wp-content\/uploads\/2022\/06\/MNMNU07_pkg_01_low.jpg\",\"contentUrl\":\"https:\/\/gegokids.ee\/wp-content\/uploads\/2022\/06\/MNMNU07_pkg_01_low.jpg\",\"width\":800,\"height\":533},{\"@type\":\"BreadcrumbList\",\"@id\":\"https:\/\/gegokids.ee\/toode\/mm-oppimispudeli-asendusnokk\/#breadcrumb\",\"itemListElement\":[{\"@type\":\"ListItem\",\"position\":1,\"name\":\"Home\",\"item\":\"https:\/\/gegokids.ee\/en\/\"},{\"@type\":\"ListItem\",\"position\":2,\"name\":\"E-pood\",\"item\":\"https:\/\/gegokids.ee\/e-pood\/\"},{\"@type\":\"ListItem\",\"position\":3,\"name\":\"Marcus &#038; Marcus \u00d5ppimispudeli asendusnokk\"}]},{\"@type\":\"WebSite\",\"@id\":\"https:\/\/gegokids.ee\/#website\",\"url\":\"https:\/\/gegokids.ee\/\",\"name\":\"Gegokids\",\"description\":\"Kvaliteetsed ja turvalised laste m\u00e4nguasjad.\",\"publisher\":{\"@id\":\"https:\/\/gegokids.ee\/#organization\"},\"potentialAction\":[{\"@type\":\"SearchAction\",\"target\":{\"@type\":\"EntryPoint\",\"urlTemplate\":\"https:\/\/gegokids.ee\/?s={search_term_string}\"},\"query-input\":{\"@type\":\"PropertyValueSpecification\",\"valueRequired\":true,\"valueName\":\"search_term_string\"}}],\"inLanguage\":\"en-US\"},{\"@type\":\"Organization\",\"@id\":\"https:\/\/gegokids.ee\/#organization\",\"name\":\"Gegokids\",\"url\":\"https:\/\/gegokids.ee\/\",\"logo\":{\"@type\":\"ImageObject\",\"inLanguage\":\"en-US\",\"@id\":\"https:\/\/gegokids.ee\/#\/schema\/logo\/image\/\",\"url\":\"https:\/\/gegokids.ee\/wp-content\/uploads\/2022\/06\/logo2.png\",\"contentUrl\":\"https:\/\/gegokids.ee\/wp-content\/uploads\/2022\/06\/logo2.png\",\"width\":358,\"height\":104,\"caption\":\"Gegokids\"},\"image\":{\"@id\":\"https:\/\/gegokids.ee\/#\/schema\/logo\/image\/\"},\"sameAs\":[\"https:\/\/www.facebook.com\/GegoKids\",\"https:\/\/www.instagram.com\/gegokids.ee\/\"]}]}<\/script>\n<!-- \/ Yoast SEO plugin. -->","yoast_head_json":{"title":"Marcus & Marcus \u00d5ppimispudeli asendusnokk | Gegokids","description":"Marcus & Marcus silikoonist nokk on ideaalne v\u00e4ikelastele, et harjutada joomist enne klaasile \u00fcleminekut, kuna \u00e4\u00e4ristila j\u00e4ljendab kergesti avatava sulguriga klaasi\u00e4\u00e4rt.Vanemad saavad muretult olla lekkekindla disainiga, et v\u00e4ltida segadust, ja v\u00e4iksema joogiavaga, mis v\u00e4hendab vedeliku voolu.Sobib Marcus & Marcuse \u00f5ppimispudelile.","robots":{"index":"index","follow":"follow","max-snippet":"max-snippet:-1","max-image-preview":"max-image-preview:large","max-video-preview":"max-video-preview:-1"},"canonical":"https:\/\/gegokids.ee\/en\/product\/mm-oppimispudeli-asendusnokk\/","og_locale":"en_US","og_type":"article","og_title":"Marcus & Marcus \u00d5ppimispudeli asendusnokk | Gegokids","og_description":"Marcus & Marcus silikoonist nokk on ideaalne v\u00e4ikelastele, et harjutada joomist enne klaasile \u00fcleminekut, kuna \u00e4\u00e4ristila j\u00e4ljendab kergesti avatava sulguriga klaasi\u00e4\u00e4rt.Vanemad saavad muretult olla lekkekindla disainiga, et v\u00e4ltida segadust, ja v\u00e4iksema joogiavaga, mis v\u00e4hendab vedeliku voolu.Sobib Marcus & Marcuse \u00f5ppimispudelile.","og_url":"https:\/\/gegokids.ee\/en\/product\/mm-oppimispudeli-asendusnokk\/","og_site_name":"Gegokids","article_publisher":"https:\/\/www.facebook.com\/GegoKids","article_modified_time":"2026-02-08T15:58:28+00:00","og_image":[{"width":450,"height":300,"url":"https:\/\/gegokids.ee\/wp-content\/uploads\/2022\/06\/xqgd4wtqffyrv3i1z22bsptozw5mkjs7.jpg","type":"image\/jpeg"}],"twitter_card":"summary_large_image","twitter_misc":{"Est. reading time":"1 minute"},"schema":{"@context":"https:\/\/schema.org","@graph":[{"@type":"WebPage","@id":"https:\/\/gegokids.ee\/toode\/mm-oppimispudeli-asendusnokk\/","url":"https:\/\/gegokids.ee\/toode\/mm-oppimispudeli-asendusnokk\/","name":"Marcus & Marcus \u00d5ppimispudeli asendusnokk | Gegokids","isPartOf":{"@id":"https:\/\/gegokids.ee\/#website"},"primaryImageOfPage":{"@id":"https:\/\/gegokids.ee\/toode\/mm-oppimispudeli-asendusnokk\/#primaryimage"},"image":{"@id":"https:\/\/gegokids.ee\/toode\/mm-oppimispudeli-asendusnokk\/#primaryimage"},"thumbnailUrl":"https:\/\/gegokids.ee\/wp-content\/uploads\/2022\/06\/MNMNU07_pkg_01_low.jpg","datePublished":"2022-06-18T13:48:29+00:00","dateModified":"2026-02-08T15:58:28+00:00","description":"Marcus & Marcus silikoonist nokk on ideaalne v\u00e4ikelastele, et harjutada joomist enne klaasile \u00fcleminekut, kuna \u00e4\u00e4ristila j\u00e4ljendab kergesti avatava sulguriga klaasi\u00e4\u00e4rt.Vanemad saavad muretult olla lekkekindla disainiga, et v\u00e4ltida segadust, ja v\u00e4iksema joogiavaga, mis v\u00e4hendab vedeliku voolu.Sobib Marcus & Marcuse \u00f5ppimispudelile.","breadcrumb":{"@id":"https:\/\/gegokids.ee\/toode\/mm-oppimispudeli-asendusnokk\/#breadcrumb"},"inLanguage":"en-US","potentialAction":[{"@type":"ReadAction","target":["https:\/\/gegokids.ee\/toode\/mm-oppimispudeli-asendusnokk\/"]}]},{"@type":"ImageObject","inLanguage":"en-US","@id":"https:\/\/gegokids.ee\/toode\/mm-oppimispudeli-asendusnokk\/#primaryimage","url":"https:\/\/gegokids.ee\/wp-content\/uploads\/2022\/06\/MNMNU07_pkg_01_low.jpg","contentUrl":"https:\/\/gegokids.ee\/wp-content\/uploads\/2022\/06\/MNMNU07_pkg_01_low.jpg","width":800,"height":533},{"@type":"BreadcrumbList","@id":"https:\/\/gegokids.ee\/toode\/mm-oppimispudeli-asendusnokk\/#breadcrumb","itemListElement":[{"@type":"ListItem","position":1,"name":"Home","item":"https:\/\/gegokids.ee\/en\/"},{"@type":"ListItem","position":2,"name":"E-pood","item":"https:\/\/gegokids.ee\/e-pood\/"},{"@type":"ListItem","position":3,"name":"Marcus &#038; Marcus \u00d5ppimispudeli asendusnokk"}]},{"@type":"WebSite","@id":"https:\/\/gegokids.ee\/#website","url":"https:\/\/gegokids.ee\/","name":"Gegokids","description":"Kvaliteetsed ja turvalised laste m\u00e4nguasjad.","publisher":{"@id":"https:\/\/gegokids.ee\/#organization"},"potentialAction":[{"@type":"SearchAction","target":{"@type":"EntryPoint","urlTemplate":"https:\/\/gegokids.ee\/?s={search_term_string}"},"query-input":{"@type":"PropertyValueSpecification","valueRequired":true,"valueName":"search_term_string"}}],"inLanguage":"en-US"},{"@type":"Organization","@id":"https:\/\/gegokids.ee\/#organization","name":"Gegokids","url":"https:\/\/gegokids.ee\/","logo":{"@type":"ImageObject","inLanguage":"en-US","@id":"https:\/\/gegokids.ee\/#\/schema\/logo\/image\/","url":"https:\/\/gegokids.ee\/wp-content\/uploads\/2022\/06\/logo2.png","contentUrl":"https:\/\/gegokids.ee\/wp-content\/uploads\/2022\/06\/logo2.png","width":358,"height":104,"caption":"Gegokids"},"image":{"@id":"https:\/\/gegokids.ee\/#\/schema\/logo\/image\/"},"sameAs":["https:\/\/www.facebook.com\/GegoKids","https:\/\/www.instagram.com\/gegokids.ee\/"]}]}},"_links":{"self":[{"href":"https:\/\/gegokids.ee\/en\/wp-json\/wp\/v2\/product\/21170","targetHints":{"allow":["GET"]}}],"collection":[{"href":"https:\/\/gegokids.ee\/en\/wp-json\/wp\/v2\/product"}],"about":[{"href":"https:\/\/gegokids.ee\/en\/wp-json\/wp\/v2\/types\/product"}],"replies":[{"embeddable":true,"href":"https:\/\/gegokids.ee\/en\/wp-json\/wp\/v2\/comments?post=21170"}],"version-history":[{"count":5,"href":"https:\/\/gegokids.ee\/en\/wp-json\/wp\/v2\/product\/21170\/revisions"}],"predecessor-version":[{"id":29009,"href":"https:\/\/gegokids.ee\/en\/wp-json\/wp\/v2\/product\/21170\/revisions\/29009"}],"wp:featuredmedia":[{"embeddable":true,"href":"https:\/\/gegokids.ee\/en\/wp-json\/wp\/v2\/media\/21248"}],"wp:attachment":[{"href":"https:\/\/gegokids.ee\/en\/wp-json\/wp\/v2\/media?parent=21170"}],"wp:term":[{"taxonomy":"product_brand","embeddable":true,"href":"https:\/\/gegokids.ee\/en\/wp-json\/wp\/v2\/product_brand?post=21170"},{"taxonomy":"product_cat","embeddable":true,"href":"https:\/\/gegokids.ee\/en\/wp-json\/wp\/v2\/product_cat?post=21170"},{"taxonomy":"product_tag","embeddable":true,"href":"https:\/\/gegokids.ee\/en\/wp-json\/wp\/v2\/product_tag?post=21170"}],"curies":[{"name":"wp","href":"https:\/\/api.w.org\/{rel}","templated":true}]}}