{"id":21169,"date":"2022-06-18T13:48:29","date_gmt":"2022-06-18T13:48:29","guid":{"rendered":"https:\/\/gegokids.ee\/?post_type=product&#038;p=21169"},"modified":"2026-02-07T23:38:25","modified_gmt":"2026-02-07T20:38:25","slug":"mm-oppimispudeli-asenduskors","status":"publish","type":"product","link":"https:\/\/gegokids.ee\/en\/product\/mm-oppimispudeli-asenduskors\/","title":{"rendered":"Marcus &#038; Marcus \u00d5ppimispudeli asendusk\u00f5rs"},"content":{"rendered":"<div class=\"e3431-26 x-text x-text-headline\">\n<div class=\"x-text-content\">\n<div class=\"x-text-content-text\">\n<h1 class=\"x-text-content-text-primary\"><span style=\"font-size: 12pt; color: #000000;\">Omadused:<\/span><\/h1>\n<\/div>\n<\/div>\n<\/div>\n<div class=\"e3431-28 x-text\">\n<ul>\n<li><span style=\"font-size: 12pt; color: #000000;\">BPA\/Ftalaatide vaba<\/span><\/li>\n<li><span style=\"font-size: 12pt; color: #000000;\">Platinum silikoonkumm<\/span><\/li>\n<li><span style=\"font-size: 12pt; color: #000000;\">Lekkimiskindel<\/span><\/li>\n<li><span style=\"font-size: 12pt; color: #000000;\">Pehme k\u00f5rs kaitseb igemeid<\/span><\/li>\n<\/ul>\n<\/div>\n<div class=\"e3431-30 x-text x-text-headline\">\n<div class=\"x-text-content\">\n<div class=\"x-text-content-text\">\n<h1 class=\"x-text-content-text-primary\"><span style=\"font-size: 12pt; color: #000000;\">Puhastamine ja hooldus:<\/span><\/h1>\n<\/div>\n<\/div>\n<\/div>\n<div class=\"e3431-32 x-text\">\n<ul>\n<li><span style=\"font-size: 12pt; color: #000000;\">N\u00f5udepesumasinas \u00fclemisel riiulil pestav<\/span><\/li>\n<li><span style=\"font-size: 12pt; color: #000000;\">UV steriliseeritav<\/span><\/li>\n<li><span style=\"font-size: 12pt; color: #000000;\">Aurutajaga steriliseeritav<\/span><\/li>\n<li><span style=\"font-size: 12pt; color: #000000;\">Plekid eemaldatavad sooja seebiveega<\/span><\/li>\n<li>\n<div class=\"page\" title=\"Page 27\">\n<div class=\"section\">\n<div class=\"layoutArea\">\n<div class=\"column\">\n<p><span style=\"font-size: 12pt; color: #000000;\">EN14350 compliance<\/span><\/p>\n<p><span style=\"color: #000000; font-size: 12pt;\"><b>Vanus<\/b>:<\/span><\/p>\n<p><span style=\"font-size: 12pt; color: #000000;\">6 kuud+<\/span><\/p>\n<\/div>\n<\/div>\n<\/div>\n<\/div>\n<\/li>\n<\/ul>\n<\/div>\n<div class=\"e3431-39 x-text x-text-headline\">\n<div class=\"x-text-content\">\n<div class=\"x-text-content-text\">\n<h1 class=\"x-text-content-text-primary\"><span style=\"font-size: 12pt; color: #000000;\">M\u00f5\u00f5dud:<\/span><\/h1>\n<\/div>\n<\/div>\n<\/div>\n<div class=\"e3431-41 x-text\">\n<ul>\n<li><span style=\"font-size: 12pt; color: #000000;\">Suuosa: 50.5(Dia.) x 42 (K) mm<\/span><\/li>\n<li><span style=\"font-size: 12pt; color: #000000;\">K\u00f5rs: 8.2(Dia.) x 110 (K) mm<\/span><\/li>\n<\/ul>\n<\/div>\n<div class=\"e3431-43 x-text x-text-headline\">\n<div class=\"x-text-content\">\n<div class=\"x-text-content-text\">\n<h1 class=\"x-text-content-text-primary\"><span style=\"font-size: 12pt; color: #000000;\">Materjal:<\/span><\/h1>\n<\/div>\n<\/div>\n<\/div>\n<div class=\"e3431-45 x-text\">\n<div class=\"e3339-44 x-text\">\n<div class=\"page\" title=\"Page 27\">\n<div class=\"section\">\n<div class=\"layoutArea\">\n<div class=\"column\">\n<ul>\n<li><span style=\"font-size: 12pt; color: #000000;\">Suuosa: platinum silikoonkumm<\/span><\/li>\n<li><span style=\"font-size: 12pt; color: #000000;\">K\u00f5rs: toidusilikoon<\/span><\/li>\n<\/ul>\n<\/div>\n<\/div>\n<\/div>\n<\/div>\n<\/div>\n<\/div>\n<div class=\"e3431-47 x-text x-text-headline\">\n<div class=\"x-text-content\">\n<div class=\"x-text-content-text\">\n<h1 class=\"x-text-content-text-primary\"><span style=\"font-size: 12pt; color: #000000;\">Vastupidavus temperatuurid:<\/span><\/h1>\n<\/div>\n<\/div>\n<\/div>\n<div class=\"e3431-48 x-text\">\n<div class=\"e3339-48 x-text\">\n<div class=\"page\" title=\"Page 27\">\n<div class=\"section\">\n<div class=\"layoutArea\">\n<div class=\"column\">\n<div class=\"page\" title=\"Page 27\">\n<div class=\"section\">\n<div class=\"layoutArea\">\n<div class=\"column\">\n<ul>\n<li><span style=\"font-size: 12pt; color: #000000;\">-20\u00b0C kuni 220\u00b0C<\/span><\/li>\n<\/ul>\n<\/div>\n<\/div>\n<\/div>\n<\/div>\n<\/div>\n<\/div>\n<\/div>\n<\/div>\n<\/div>\n<\/div>","protected":false},"excerpt":{"rendered":"<p><span style=\"font-size: 12pt; color: #000000;\">Asendusk\u00f5rs Marcus &amp; Marcuse \u00f5ppimispudelile. Lekkimiskindel disain laseb lapsel maailma avastada ilma suuremat segadust tekitamata.<\/span><\/p>\n<p>&nbsp;<\/p>\n<p><strong><span style=\"font-size: 12pt; color: #000000;\">Tarne 2-5 t\u00f6\u00f6p\u00e4eva!<\/span><\/strong><\/p>","protected":false},"featured_media":21505,"comment_status":"closed","ping_status":"closed","template":"","meta":[],"product_brand":[455],"product_cat":[285,422],"product_tag":[446,474,457,458],"class_list":{"0":"post-21169","1":"product","2":"type-product","3":"status-publish","4":"has-post-thumbnail","6":"product_brand-marcus-marcus","7":"product_cat-koik","8":"product_cat-laste-soogikomplektid","9":"product_tag-joogipudelid","10":"product_tag-soomistarvikud","11":"product_tag-beebidele-0-1-a","12":"product_tag-vaikelastele-1-3-a","14":"first","15":"instock","16":"shipping-taxable","17":"purchasable","18":"product-type-simple"},"yoast_head":"<!-- This site is optimized with the Yoast SEO plugin v26.9 - https:\/\/yoast.com\/product\/yoast-seo-wordpress\/ -->\n<title>Marcus &amp; Marcus \u00d5ppimispudeli asendusk\u00f5rs | Gegokids<\/title>\n<meta name=\"description\" content=\"Asendusk\u00f5rs Marcus &amp; Marcuse \u00f5ppimispudelile. Lekkimiskindel disain laseb lapsel maailma avastada ilma suuremat segadust tekitamata.\" \/>\n<meta name=\"robots\" content=\"index, follow, max-snippet:-1, max-image-preview:large, max-video-preview:-1\" \/>\n<link rel=\"canonical\" href=\"https:\/\/gegokids.ee\/en\/product\/mm-oppimispudeli-asenduskors\/\" \/>\n<meta property=\"og:locale\" content=\"en_US\" \/>\n<meta property=\"og:type\" content=\"article\" \/>\n<meta property=\"og:title\" content=\"Marcus &amp; Marcus \u00d5ppimispudeli asendusk\u00f5rs | Gegokids\" \/>\n<meta property=\"og:description\" content=\"Asendusk\u00f5rs Marcus &amp; Marcuse \u00f5ppimispudelile. Lekkimiskindel disain laseb lapsel maailma avastada ilma suuremat segadust tekitamata.\" \/>\n<meta property=\"og:url\" content=\"https:\/\/gegokids.ee\/en\/product\/mm-oppimispudeli-asenduskors\/\" \/>\n<meta property=\"og:site_name\" content=\"Gegokids\" \/>\n<meta property=\"article:publisher\" content=\"https:\/\/www.facebook.com\/GegoKids\" \/>\n<meta property=\"article:modified_time\" content=\"2026-02-07T20:38:25+00:00\" \/>\n<meta property=\"og:image\" content=\"https:\/\/gegokids.ee\/wp-content\/uploads\/2022\/06\/MM-oppimispudeli-Asendusk8rs.png\" \/>\n\t<meta property=\"og:image:width\" content=\"800\" \/>\n\t<meta property=\"og:image:height\" content=\"533\" \/>\n\t<meta property=\"og:image:type\" content=\"image\/png\" \/>\n<meta name=\"twitter:card\" content=\"summary_large_image\" \/>\n<meta name=\"twitter:label1\" content=\"Est. reading time\" \/>\n\t<meta name=\"twitter:data1\" content=\"1 minute\" \/>\n<script type=\"application\/ld+json\" class=\"yoast-schema-graph\">{\"@context\":\"https:\/\/schema.org\",\"@graph\":[{\"@type\":\"WebPage\",\"@id\":\"https:\/\/gegokids.ee\/toode\/mm-oppimispudeli-asenduskors\/\",\"url\":\"https:\/\/gegokids.ee\/toode\/mm-oppimispudeli-asenduskors\/\",\"name\":\"Marcus & Marcus \u00d5ppimispudeli asendusk\u00f5rs | Gegokids\",\"isPartOf\":{\"@id\":\"https:\/\/gegokids.ee\/#website\"},\"primaryImageOfPage\":{\"@id\":\"https:\/\/gegokids.ee\/toode\/mm-oppimispudeli-asenduskors\/#primaryimage\"},\"image\":{\"@id\":\"https:\/\/gegokids.ee\/toode\/mm-oppimispudeli-asenduskors\/#primaryimage\"},\"thumbnailUrl\":\"https:\/\/gegokids.ee\/wp-content\/uploads\/2022\/06\/MM-oppimispudeli-Asendusk8rs.png\",\"datePublished\":\"2022-06-18T13:48:29+00:00\",\"dateModified\":\"2026-02-07T20:38:25+00:00\",\"description\":\"Asendusk\u00f5rs Marcus & Marcuse \u00f5ppimispudelile. Lekkimiskindel disain laseb lapsel maailma avastada ilma suuremat segadust tekitamata.\",\"breadcrumb\":{\"@id\":\"https:\/\/gegokids.ee\/toode\/mm-oppimispudeli-asenduskors\/#breadcrumb\"},\"inLanguage\":\"en-US\",\"potentialAction\":[{\"@type\":\"ReadAction\",\"target\":[\"https:\/\/gegokids.ee\/toode\/mm-oppimispudeli-asenduskors\/\"]}]},{\"@type\":\"ImageObject\",\"inLanguage\":\"en-US\",\"@id\":\"https:\/\/gegokids.ee\/toode\/mm-oppimispudeli-asenduskors\/#primaryimage\",\"url\":\"https:\/\/gegokids.ee\/wp-content\/uploads\/2022\/06\/MM-oppimispudeli-Asendusk8rs.png\",\"contentUrl\":\"https:\/\/gegokids.ee\/wp-content\/uploads\/2022\/06\/MM-oppimispudeli-Asendusk8rs.png\",\"width\":800,\"height\":533},{\"@type\":\"BreadcrumbList\",\"@id\":\"https:\/\/gegokids.ee\/toode\/mm-oppimispudeli-asenduskors\/#breadcrumb\",\"itemListElement\":[{\"@type\":\"ListItem\",\"position\":1,\"name\":\"Home\",\"item\":\"https:\/\/gegokids.ee\/en\/\"},{\"@type\":\"ListItem\",\"position\":2,\"name\":\"E-pood\",\"item\":\"https:\/\/gegokids.ee\/e-pood\/\"},{\"@type\":\"ListItem\",\"position\":3,\"name\":\"Marcus &#038; Marcus \u00d5ppimispudeli asendusk\u00f5rs\"}]},{\"@type\":\"WebSite\",\"@id\":\"https:\/\/gegokids.ee\/#website\",\"url\":\"https:\/\/gegokids.ee\/\",\"name\":\"Gegokids\",\"description\":\"Kvaliteetsed ja turvalised laste m\u00e4nguasjad.\",\"publisher\":{\"@id\":\"https:\/\/gegokids.ee\/#organization\"},\"potentialAction\":[{\"@type\":\"SearchAction\",\"target\":{\"@type\":\"EntryPoint\",\"urlTemplate\":\"https:\/\/gegokids.ee\/?s={search_term_string}\"},\"query-input\":{\"@type\":\"PropertyValueSpecification\",\"valueRequired\":true,\"valueName\":\"search_term_string\"}}],\"inLanguage\":\"en-US\"},{\"@type\":\"Organization\",\"@id\":\"https:\/\/gegokids.ee\/#organization\",\"name\":\"Gegokids\",\"url\":\"https:\/\/gegokids.ee\/\",\"logo\":{\"@type\":\"ImageObject\",\"inLanguage\":\"en-US\",\"@id\":\"https:\/\/gegokids.ee\/#\/schema\/logo\/image\/\",\"url\":\"https:\/\/gegokids.ee\/wp-content\/uploads\/2022\/06\/logo2.png\",\"contentUrl\":\"https:\/\/gegokids.ee\/wp-content\/uploads\/2022\/06\/logo2.png\",\"width\":358,\"height\":104,\"caption\":\"Gegokids\"},\"image\":{\"@id\":\"https:\/\/gegokids.ee\/#\/schema\/logo\/image\/\"},\"sameAs\":[\"https:\/\/www.facebook.com\/GegoKids\",\"https:\/\/www.instagram.com\/gegokids.ee\/\"]}]}<\/script>\n<!-- \/ Yoast SEO plugin. -->","yoast_head_json":{"title":"Marcus & Marcus \u00d5ppimispudeli asendusk\u00f5rs | Gegokids","description":"Asendusk\u00f5rs Marcus & Marcuse \u00f5ppimispudelile. Lekkimiskindel disain laseb lapsel maailma avastada ilma suuremat segadust tekitamata.","robots":{"index":"index","follow":"follow","max-snippet":"max-snippet:-1","max-image-preview":"max-image-preview:large","max-video-preview":"max-video-preview:-1"},"canonical":"https:\/\/gegokids.ee\/en\/product\/mm-oppimispudeli-asenduskors\/","og_locale":"en_US","og_type":"article","og_title":"Marcus & Marcus \u00d5ppimispudeli asendusk\u00f5rs | Gegokids","og_description":"Asendusk\u00f5rs Marcus & Marcuse \u00f5ppimispudelile. Lekkimiskindel disain laseb lapsel maailma avastada ilma suuremat segadust tekitamata.","og_url":"https:\/\/gegokids.ee\/en\/product\/mm-oppimispudeli-asenduskors\/","og_site_name":"Gegokids","article_publisher":"https:\/\/www.facebook.com\/GegoKids","article_modified_time":"2026-02-07T20:38:25+00:00","og_image":[{"width":800,"height":533,"url":"https:\/\/gegokids.ee\/wp-content\/uploads\/2022\/06\/MM-oppimispudeli-Asendusk8rs.png","type":"image\/png"}],"twitter_card":"summary_large_image","twitter_misc":{"Est. reading time":"1 minute"},"schema":{"@context":"https:\/\/schema.org","@graph":[{"@type":"WebPage","@id":"https:\/\/gegokids.ee\/toode\/mm-oppimispudeli-asenduskors\/","url":"https:\/\/gegokids.ee\/toode\/mm-oppimispudeli-asenduskors\/","name":"Marcus & Marcus \u00d5ppimispudeli asendusk\u00f5rs | Gegokids","isPartOf":{"@id":"https:\/\/gegokids.ee\/#website"},"primaryImageOfPage":{"@id":"https:\/\/gegokids.ee\/toode\/mm-oppimispudeli-asenduskors\/#primaryimage"},"image":{"@id":"https:\/\/gegokids.ee\/toode\/mm-oppimispudeli-asenduskors\/#primaryimage"},"thumbnailUrl":"https:\/\/gegokids.ee\/wp-content\/uploads\/2022\/06\/MM-oppimispudeli-Asendusk8rs.png","datePublished":"2022-06-18T13:48:29+00:00","dateModified":"2026-02-07T20:38:25+00:00","description":"Asendusk\u00f5rs Marcus & Marcuse \u00f5ppimispudelile. Lekkimiskindel disain laseb lapsel maailma avastada ilma suuremat segadust tekitamata.","breadcrumb":{"@id":"https:\/\/gegokids.ee\/toode\/mm-oppimispudeli-asenduskors\/#breadcrumb"},"inLanguage":"en-US","potentialAction":[{"@type":"ReadAction","target":["https:\/\/gegokids.ee\/toode\/mm-oppimispudeli-asenduskors\/"]}]},{"@type":"ImageObject","inLanguage":"en-US","@id":"https:\/\/gegokids.ee\/toode\/mm-oppimispudeli-asenduskors\/#primaryimage","url":"https:\/\/gegokids.ee\/wp-content\/uploads\/2022\/06\/MM-oppimispudeli-Asendusk8rs.png","contentUrl":"https:\/\/gegokids.ee\/wp-content\/uploads\/2022\/06\/MM-oppimispudeli-Asendusk8rs.png","width":800,"height":533},{"@type":"BreadcrumbList","@id":"https:\/\/gegokids.ee\/toode\/mm-oppimispudeli-asenduskors\/#breadcrumb","itemListElement":[{"@type":"ListItem","position":1,"name":"Home","item":"https:\/\/gegokids.ee\/en\/"},{"@type":"ListItem","position":2,"name":"E-pood","item":"https:\/\/gegokids.ee\/e-pood\/"},{"@type":"ListItem","position":3,"name":"Marcus &#038; Marcus \u00d5ppimispudeli asendusk\u00f5rs"}]},{"@type":"WebSite","@id":"https:\/\/gegokids.ee\/#website","url":"https:\/\/gegokids.ee\/","name":"Gegokids","description":"Kvaliteetsed ja turvalised laste m\u00e4nguasjad.","publisher":{"@id":"https:\/\/gegokids.ee\/#organization"},"potentialAction":[{"@type":"SearchAction","target":{"@type":"EntryPoint","urlTemplate":"https:\/\/gegokids.ee\/?s={search_term_string}"},"query-input":{"@type":"PropertyValueSpecification","valueRequired":true,"valueName":"search_term_string"}}],"inLanguage":"en-US"},{"@type":"Organization","@id":"https:\/\/gegokids.ee\/#organization","name":"Gegokids","url":"https:\/\/gegokids.ee\/","logo":{"@type":"ImageObject","inLanguage":"en-US","@id":"https:\/\/gegokids.ee\/#\/schema\/logo\/image\/","url":"https:\/\/gegokids.ee\/wp-content\/uploads\/2022\/06\/logo2.png","contentUrl":"https:\/\/gegokids.ee\/wp-content\/uploads\/2022\/06\/logo2.png","width":358,"height":104,"caption":"Gegokids"},"image":{"@id":"https:\/\/gegokids.ee\/#\/schema\/logo\/image\/"},"sameAs":["https:\/\/www.facebook.com\/GegoKids","https:\/\/www.instagram.com\/gegokids.ee\/"]}]}},"_links":{"self":[{"href":"https:\/\/gegokids.ee\/en\/wp-json\/wp\/v2\/product\/21169","targetHints":{"allow":["GET"]}}],"collection":[{"href":"https:\/\/gegokids.ee\/en\/wp-json\/wp\/v2\/product"}],"about":[{"href":"https:\/\/gegokids.ee\/en\/wp-json\/wp\/v2\/types\/product"}],"replies":[{"embeddable":true,"href":"https:\/\/gegokids.ee\/en\/wp-json\/wp\/v2\/comments?post=21169"}],"version-history":[{"count":2,"href":"https:\/\/gegokids.ee\/en\/wp-json\/wp\/v2\/product\/21169\/revisions"}],"predecessor-version":[{"id":21503,"href":"https:\/\/gegokids.ee\/en\/wp-json\/wp\/v2\/product\/21169\/revisions\/21503"}],"wp:featuredmedia":[{"embeddable":true,"href":"https:\/\/gegokids.ee\/en\/wp-json\/wp\/v2\/media\/21505"}],"wp:attachment":[{"href":"https:\/\/gegokids.ee\/en\/wp-json\/wp\/v2\/media?parent=21169"}],"wp:term":[{"taxonomy":"product_brand","embeddable":true,"href":"https:\/\/gegokids.ee\/en\/wp-json\/wp\/v2\/product_brand?post=21169"},{"taxonomy":"product_cat","embeddable":true,"href":"https:\/\/gegokids.ee\/en\/wp-json\/wp\/v2\/product_cat?post=21169"},{"taxonomy":"product_tag","embeddable":true,"href":"https:\/\/gegokids.ee\/en\/wp-json\/wp\/v2\/product_tag?post=21169"}],"curies":[{"name":"wp","href":"https:\/\/api.w.org\/{rel}","templated":true}]}}