{"id":21166,"date":"2022-06-18T13:48:29","date_gmt":"2022-06-18T13:48:29","guid":{"rendered":"https:\/\/gegokids.ee\/?post_type=product&#038;p=21166"},"modified":"2026-02-08T11:15:50","modified_gmt":"2026-02-08T08:15:50","slug":"mm-silikoonist-hambaharja-asenduspea","status":"publish","type":"product","link":"https:\/\/gegokids.ee\/en\/product\/mm-silikoonist-hambaharja-asenduspea\/","title":{"rendered":"Marcus &#038; Marcus Silikoonist hambaharja asenduspea"},"content":{"rendered":"<p><span style=\"font-size: 12pt; color: #000000;\"><strong>Omadused:<\/strong><\/span><\/p>\n<ul>\n<li><span style=\"font-size: 12pt; color: #000000;\">Eriti pehmed silikoonist harjased<\/span><\/li>\n<li><span style=\"font-size: 12pt; color: #000000;\">Efektiivsed kumerad harjased<\/span><\/li>\n<li><span style=\"font-size: 12pt; color: #000000;\">Sovibad ainult Marcus &amp; Marcus teiste toodetega<\/span><\/li>\n<li><span style=\"color: #000000;\">Harja tagusel keelepuhastaja<\/span><\/li>\n<\/ul>\n<p><span style=\"font-size: 12pt; color: #000000;\"><strong>Puhastamine ja hooldus:<\/strong><\/span><\/p>\n<ul>\n<li><span style=\"font-size: 12pt; color: #000000;\">\u00c4rge pleegitage, kasutage mikrouunis ega steriliseerige toodet<\/span><\/li>\n<li><span style=\"font-size: 12pt; color: #000000;\">Hambaarstid soovitavad hambaharja vahetada iga 3 kuu tagant<\/span>\n<div class=\"page\" title=\"Page 86\">\n<div class=\"section\">\n<div class=\"layoutArea\"><\/div>\n<\/div>\n<\/div>\n<\/li>\n<\/ul>\n<p><span style=\"font-size: 12pt; color: #000000;\"><strong>Vanus:<\/strong><\/span><br \/>\n<span style=\"font-size: 12pt; color: #000000;\">36 kuud+<\/span><\/p>","protected":false},"excerpt":{"rendered":"<p><span style=\"font-size: 12pt; color: #000000;\">Marcus &amp; Marcus elektrilise hambaharja lisatarvikud. Otsikud sobivad ainult Marcus &amp; Marcus toodetega. Pehmed harjased on efektiivsed ning koos elektrilise hambaharjaga tagate oma lapse suus t\u00f5elise h\u00fcgieeni! Hambaharja otsikuid on soovituslik vahetada iga 3 kuu tagant v\u00f5i tihemini.<\/span><\/p>\n<p><strong><span style=\"font-size: 12pt; color: #000000;\">Tarnaega 2-5 t\u00f6\u00f6p\u00e4eva!<\/span><\/strong><\/p>","protected":false},"featured_media":21232,"comment_status":"closed","ping_status":"closed","template":"","meta":[],"product_brand":[455],"product_cat":[298,285],"product_tag":[452,457,458,459],"class_list":{"0":"post-21166","1":"product","2":"type-product","3":"status-publish","4":"has-post-thumbnail","6":"product_brand-marcus-marcus","7":"product_cat-laste-beebide-hambaharjad","8":"product_cat-koik","9":"product_tag-suuhooldus","10":"product_tag-beebidele-0-1-a","11":"product_tag-vaikelastele-1-3-a","12":"product_tag-koolieelikutele-3","14":"first","15":"instock","16":"shipping-taxable","17":"purchasable","18":"product-type-variable"},"yoast_head":"<!-- This site is optimized with the Yoast SEO plugin v26.9 - https:\/\/yoast.com\/product\/yoast-seo-wordpress\/ -->\n<title>Marcus &amp; Marcus Silikoonist hambaharja asenduspea | Gegokids<\/title>\n<meta name=\"description\" content=\"Marcus &amp; Marcus elektrilise hambaharja lisatarvikud. Otsikud sobivad ainult Marcus &amp; Marcus toodetega. Pehmed harjased on efektiivsed ning koos elektrilise hambaharjaga tagate oma lapse suus t\u00f5elise h\u00fcgieeni! Hambaharja otsikuid on soovituslik vahetada iga 3 kuu tagant v\u00f5i tihemini.\" \/>\n<meta name=\"robots\" content=\"index, follow, max-snippet:-1, max-image-preview:large, max-video-preview:-1\" \/>\n<link rel=\"canonical\" href=\"https:\/\/gegokids.ee\/en\/product\/mm-silikoonist-hambaharja-asenduspea\/\" \/>\n<meta property=\"og:locale\" content=\"en_US\" \/>\n<meta property=\"og:type\" content=\"article\" \/>\n<meta property=\"og:title\" content=\"Marcus &amp; Marcus Silikoonist hambaharja asenduspea | Gegokids\" \/>\n<meta property=\"og:description\" content=\"Marcus &amp; Marcus elektrilise hambaharja lisatarvikud. Otsikud sobivad ainult Marcus &amp; Marcus toodetega. Pehmed harjased on efektiivsed ning koos elektrilise hambaharjaga tagate oma lapse suus t\u00f5elise h\u00fcgieeni! Hambaharja otsikuid on soovituslik vahetada iga 3 kuu tagant v\u00f5i tihemini.\" \/>\n<meta property=\"og:url\" content=\"https:\/\/gegokids.ee\/en\/product\/mm-silikoonist-hambaharja-asenduspea\/\" \/>\n<meta property=\"og:site_name\" content=\"Gegokids\" \/>\n<meta property=\"article:publisher\" content=\"https:\/\/www.facebook.com\/GegoKids\" \/>\n<meta property=\"article:modified_time\" content=\"2026-02-08T08:15:50+00:00\" \/>\n<meta property=\"og:image\" content=\"https:\/\/gegokids.ee\/wp-content\/uploads\/2022\/06\/MM-silikoonist-hambaharja-otsik-elustiil-1.png\" \/>\n\t<meta property=\"og:image:width\" content=\"800\" \/>\n\t<meta property=\"og:image:height\" content=\"533\" \/>\n\t<meta property=\"og:image:type\" content=\"image\/png\" \/>\n<meta name=\"twitter:card\" content=\"summary_large_image\" \/>\n<meta name=\"twitter:label1\" content=\"Est. reading time\" \/>\n\t<meta name=\"twitter:data1\" content=\"1 minute\" \/>\n<script type=\"application\/ld+json\" class=\"yoast-schema-graph\">{\"@context\":\"https:\/\/schema.org\",\"@graph\":[{\"@type\":\"WebPage\",\"@id\":\"https:\/\/gegokids.ee\/toode\/mm-silikoonist-hambaharja-asenduspea\/\",\"url\":\"https:\/\/gegokids.ee\/toode\/mm-silikoonist-hambaharja-asenduspea\/\",\"name\":\"Marcus & Marcus Silikoonist hambaharja asenduspea | Gegokids\",\"isPartOf\":{\"@id\":\"https:\/\/gegokids.ee\/#website\"},\"primaryImageOfPage\":{\"@id\":\"https:\/\/gegokids.ee\/toode\/mm-silikoonist-hambaharja-asenduspea\/#primaryimage\"},\"image\":{\"@id\":\"https:\/\/gegokids.ee\/toode\/mm-silikoonist-hambaharja-asenduspea\/#primaryimage\"},\"thumbnailUrl\":\"https:\/\/gegokids.ee\/wp-content\/uploads\/2022\/06\/MNMRC06_pd_RM_all_low.jpg\",\"datePublished\":\"2022-06-18T13:48:29+00:00\",\"dateModified\":\"2026-02-08T08:15:50+00:00\",\"description\":\"Marcus & Marcus elektrilise hambaharja lisatarvikud. Otsikud sobivad ainult Marcus & Marcus toodetega. Pehmed harjased on efektiivsed ning koos elektrilise hambaharjaga tagate oma lapse suus t\u00f5elise h\u00fcgieeni! Hambaharja otsikuid on soovituslik vahetada iga 3 kuu tagant v\u00f5i tihemini.\",\"breadcrumb\":{\"@id\":\"https:\/\/gegokids.ee\/toode\/mm-silikoonist-hambaharja-asenduspea\/#breadcrumb\"},\"inLanguage\":\"en-US\",\"potentialAction\":[{\"@type\":\"ReadAction\",\"target\":[\"https:\/\/gegokids.ee\/toode\/mm-silikoonist-hambaharja-asenduspea\/\"]}]},{\"@type\":\"ImageObject\",\"inLanguage\":\"en-US\",\"@id\":\"https:\/\/gegokids.ee\/toode\/mm-silikoonist-hambaharja-asenduspea\/#primaryimage\",\"url\":\"https:\/\/gegokids.ee\/wp-content\/uploads\/2022\/06\/MNMRC06_pd_RM_all_low.jpg\",\"contentUrl\":\"https:\/\/gegokids.ee\/wp-content\/uploads\/2022\/06\/MNMRC06_pd_RM_all_low.jpg\",\"width\":800,\"height\":533},{\"@type\":\"BreadcrumbList\",\"@id\":\"https:\/\/gegokids.ee\/toode\/mm-silikoonist-hambaharja-asenduspea\/#breadcrumb\",\"itemListElement\":[{\"@type\":\"ListItem\",\"position\":1,\"name\":\"Home\",\"item\":\"https:\/\/gegokids.ee\/en\/\"},{\"@type\":\"ListItem\",\"position\":2,\"name\":\"E-pood\",\"item\":\"https:\/\/gegokids.ee\/e-pood\/\"},{\"@type\":\"ListItem\",\"position\":3,\"name\":\"Marcus &#038; Marcus Silikoonist hambaharja asenduspea\"}]},{\"@type\":\"WebSite\",\"@id\":\"https:\/\/gegokids.ee\/#website\",\"url\":\"https:\/\/gegokids.ee\/\",\"name\":\"Gegokids\",\"description\":\"Kvaliteetsed ja turvalised laste m\u00e4nguasjad.\",\"publisher\":{\"@id\":\"https:\/\/gegokids.ee\/#organization\"},\"potentialAction\":[{\"@type\":\"SearchAction\",\"target\":{\"@type\":\"EntryPoint\",\"urlTemplate\":\"https:\/\/gegokids.ee\/?s={search_term_string}\"},\"query-input\":{\"@type\":\"PropertyValueSpecification\",\"valueRequired\":true,\"valueName\":\"search_term_string\"}}],\"inLanguage\":\"en-US\"},{\"@type\":\"Organization\",\"@id\":\"https:\/\/gegokids.ee\/#organization\",\"name\":\"Gegokids\",\"url\":\"https:\/\/gegokids.ee\/\",\"logo\":{\"@type\":\"ImageObject\",\"inLanguage\":\"en-US\",\"@id\":\"https:\/\/gegokids.ee\/#\/schema\/logo\/image\/\",\"url\":\"https:\/\/gegokids.ee\/wp-content\/uploads\/2022\/06\/logo2.png\",\"contentUrl\":\"https:\/\/gegokids.ee\/wp-content\/uploads\/2022\/06\/logo2.png\",\"width\":358,\"height\":104,\"caption\":\"Gegokids\"},\"image\":{\"@id\":\"https:\/\/gegokids.ee\/#\/schema\/logo\/image\/\"},\"sameAs\":[\"https:\/\/www.facebook.com\/GegoKids\",\"https:\/\/www.instagram.com\/gegokids.ee\/\"]}]}<\/script>\n<!-- \/ Yoast SEO plugin. -->","yoast_head_json":{"title":"Marcus & Marcus Silikoonist hambaharja asenduspea | Gegokids","description":"Marcus & Marcus elektrilise hambaharja lisatarvikud. Otsikud sobivad ainult Marcus & Marcus toodetega. Pehmed harjased on efektiivsed ning koos elektrilise hambaharjaga tagate oma lapse suus t\u00f5elise h\u00fcgieeni! Hambaharja otsikuid on soovituslik vahetada iga 3 kuu tagant v\u00f5i tihemini.","robots":{"index":"index","follow":"follow","max-snippet":"max-snippet:-1","max-image-preview":"max-image-preview:large","max-video-preview":"max-video-preview:-1"},"canonical":"https:\/\/gegokids.ee\/en\/product\/mm-silikoonist-hambaharja-asenduspea\/","og_locale":"en_US","og_type":"article","og_title":"Marcus & Marcus Silikoonist hambaharja asenduspea | Gegokids","og_description":"Marcus & Marcus elektrilise hambaharja lisatarvikud. Otsikud sobivad ainult Marcus & Marcus toodetega. Pehmed harjased on efektiivsed ning koos elektrilise hambaharjaga tagate oma lapse suus t\u00f5elise h\u00fcgieeni! Hambaharja otsikuid on soovituslik vahetada iga 3 kuu tagant v\u00f5i tihemini.","og_url":"https:\/\/gegokids.ee\/en\/product\/mm-silikoonist-hambaharja-asenduspea\/","og_site_name":"Gegokids","article_publisher":"https:\/\/www.facebook.com\/GegoKids","article_modified_time":"2026-02-08T08:15:50+00:00","og_image":[{"width":800,"height":533,"url":"https:\/\/gegokids.ee\/wp-content\/uploads\/2022\/06\/MM-silikoonist-hambaharja-otsik-elustiil-1.png","type":"image\/png"}],"twitter_card":"summary_large_image","twitter_misc":{"Est. reading time":"1 minute"},"schema":{"@context":"https:\/\/schema.org","@graph":[{"@type":"WebPage","@id":"https:\/\/gegokids.ee\/toode\/mm-silikoonist-hambaharja-asenduspea\/","url":"https:\/\/gegokids.ee\/toode\/mm-silikoonist-hambaharja-asenduspea\/","name":"Marcus & Marcus Silikoonist hambaharja asenduspea | Gegokids","isPartOf":{"@id":"https:\/\/gegokids.ee\/#website"},"primaryImageOfPage":{"@id":"https:\/\/gegokids.ee\/toode\/mm-silikoonist-hambaharja-asenduspea\/#primaryimage"},"image":{"@id":"https:\/\/gegokids.ee\/toode\/mm-silikoonist-hambaharja-asenduspea\/#primaryimage"},"thumbnailUrl":"https:\/\/gegokids.ee\/wp-content\/uploads\/2022\/06\/MNMRC06_pd_RM_all_low.jpg","datePublished":"2022-06-18T13:48:29+00:00","dateModified":"2026-02-08T08:15:50+00:00","description":"Marcus & Marcus elektrilise hambaharja lisatarvikud. Otsikud sobivad ainult Marcus & Marcus toodetega. Pehmed harjased on efektiivsed ning koos elektrilise hambaharjaga tagate oma lapse suus t\u00f5elise h\u00fcgieeni! Hambaharja otsikuid on soovituslik vahetada iga 3 kuu tagant v\u00f5i tihemini.","breadcrumb":{"@id":"https:\/\/gegokids.ee\/toode\/mm-silikoonist-hambaharja-asenduspea\/#breadcrumb"},"inLanguage":"en-US","potentialAction":[{"@type":"ReadAction","target":["https:\/\/gegokids.ee\/toode\/mm-silikoonist-hambaharja-asenduspea\/"]}]},{"@type":"ImageObject","inLanguage":"en-US","@id":"https:\/\/gegokids.ee\/toode\/mm-silikoonist-hambaharja-asenduspea\/#primaryimage","url":"https:\/\/gegokids.ee\/wp-content\/uploads\/2022\/06\/MNMRC06_pd_RM_all_low.jpg","contentUrl":"https:\/\/gegokids.ee\/wp-content\/uploads\/2022\/06\/MNMRC06_pd_RM_all_low.jpg","width":800,"height":533},{"@type":"BreadcrumbList","@id":"https:\/\/gegokids.ee\/toode\/mm-silikoonist-hambaharja-asenduspea\/#breadcrumb","itemListElement":[{"@type":"ListItem","position":1,"name":"Home","item":"https:\/\/gegokids.ee\/en\/"},{"@type":"ListItem","position":2,"name":"E-pood","item":"https:\/\/gegokids.ee\/e-pood\/"},{"@type":"ListItem","position":3,"name":"Marcus &#038; Marcus Silikoonist hambaharja asenduspea"}]},{"@type":"WebSite","@id":"https:\/\/gegokids.ee\/#website","url":"https:\/\/gegokids.ee\/","name":"Gegokids","description":"Kvaliteetsed ja turvalised laste m\u00e4nguasjad.","publisher":{"@id":"https:\/\/gegokids.ee\/#organization"},"potentialAction":[{"@type":"SearchAction","target":{"@type":"EntryPoint","urlTemplate":"https:\/\/gegokids.ee\/?s={search_term_string}"},"query-input":{"@type":"PropertyValueSpecification","valueRequired":true,"valueName":"search_term_string"}}],"inLanguage":"en-US"},{"@type":"Organization","@id":"https:\/\/gegokids.ee\/#organization","name":"Gegokids","url":"https:\/\/gegokids.ee\/","logo":{"@type":"ImageObject","inLanguage":"en-US","@id":"https:\/\/gegokids.ee\/#\/schema\/logo\/image\/","url":"https:\/\/gegokids.ee\/wp-content\/uploads\/2022\/06\/logo2.png","contentUrl":"https:\/\/gegokids.ee\/wp-content\/uploads\/2022\/06\/logo2.png","width":358,"height":104,"caption":"Gegokids"},"image":{"@id":"https:\/\/gegokids.ee\/#\/schema\/logo\/image\/"},"sameAs":["https:\/\/www.facebook.com\/GegoKids","https:\/\/www.instagram.com\/gegokids.ee\/"]}]}},"_links":{"self":[{"href":"https:\/\/gegokids.ee\/en\/wp-json\/wp\/v2\/product\/21166","targetHints":{"allow":["GET"]}}],"collection":[{"href":"https:\/\/gegokids.ee\/en\/wp-json\/wp\/v2\/product"}],"about":[{"href":"https:\/\/gegokids.ee\/en\/wp-json\/wp\/v2\/types\/product"}],"replies":[{"embeddable":true,"href":"https:\/\/gegokids.ee\/en\/wp-json\/wp\/v2\/comments?post=21166"}],"version-history":[{"count":2,"href":"https:\/\/gegokids.ee\/en\/wp-json\/wp\/v2\/product\/21166\/revisions"}],"predecessor-version":[{"id":21499,"href":"https:\/\/gegokids.ee\/en\/wp-json\/wp\/v2\/product\/21166\/revisions\/21499"}],"wp:featuredmedia":[{"embeddable":true,"href":"https:\/\/gegokids.ee\/en\/wp-json\/wp\/v2\/media\/21232"}],"wp:attachment":[{"href":"https:\/\/gegokids.ee\/en\/wp-json\/wp\/v2\/media?parent=21166"}],"wp:term":[{"taxonomy":"product_brand","embeddable":true,"href":"https:\/\/gegokids.ee\/en\/wp-json\/wp\/v2\/product_brand?post=21166"},{"taxonomy":"product_cat","embeddable":true,"href":"https:\/\/gegokids.ee\/en\/wp-json\/wp\/v2\/product_cat?post=21166"},{"taxonomy":"product_tag","embeddable":true,"href":"https:\/\/gegokids.ee\/en\/wp-json\/wp\/v2\/product_tag?post=21166"}],"curies":[{"name":"wp","href":"https:\/\/api.w.org\/{rel}","templated":true}]}}