{"id":21126,"date":"2022-06-18T13:48:05","date_gmt":"2022-06-18T13:48:05","guid":{"rendered":"https:\/\/gegokids.ee\/?post_type=product&#038;p=21126"},"modified":"2026-02-15T22:52:09","modified_gmt":"2026-02-15T19:52:09","slug":"mm-vaikelapse-soogiriistade-komplekt","status":"publish","type":"product","link":"https:\/\/gegokids.ee\/en\/product\/mm-vaikelapse-soogiriistade-komplekt\/","title":{"rendered":"Marcus &amp; Marcus V\u00e4ikelapse s\u00f6\u00f6giriistade komplekt"},"content":{"rendered":"<p><span style=\"font-size: 12pt; font-family: georgia, palatino, serif;\"><strong>Omadused:<\/strong><\/span><\/p>\n<p><span style=\"font-size: 12pt; font-family: georgia, palatino, serif;\">BPA\/ftalaadivaba<\/span><br \/>\n<span style=\"font-size: 12pt; font-family: georgia, palatino, serif;\">T\u00f5husad s\u00f6\u00f6giriistad ilma teravate servadeta<\/span><br \/>\n<span style=\"font-size: 12pt; font-family: georgia, palatino, serif;\">Ergonoomiline k\u00e4epide, mis on kohandatud lapse k\u00e4ele<\/span><br \/>\n<span style=\"font-size: 12pt; font-family: georgia, palatino, serif;\">Pehme tekstuuriga k\u00e4epide aitab parandada haarduvust<\/span><\/p>\n<p><span style=\"font-size: 12pt; font-family: georgia, palatino, serif;\"><strong>Hooldus:<\/strong><\/span><\/p>\n<p><span style=\"font-size: 12pt; font-family: georgia, palatino, serif;\">\u00dclemisel restil n\u00f5udepesumasinas pestav<\/span><br \/>\n<span style=\"font-size: 12pt; font-family: georgia, palatino, serif;\">UV-steriliseerijaga puhastatav<\/span><br \/>\n<span style=\"font-size: 12pt; font-family: georgia, palatino, serif;\">Aurusterilisaatoris puhastatav<\/span><br \/>\n<span style=\"font-size: 12pt; font-family: georgia, palatino, serif;\">Plekid saab eemaldada kuuma seebiveega pestes<\/span><br \/>\n<span style=\"font-size: 12pt; font-family: georgia, palatino, serif;\">EN14372 vastavus<\/span><\/p>\n<p><span style=\"font-size: 12pt; font-family: georgia, palatino, serif;\"><strong>Vanus:<\/strong><\/span><\/p>\n<p><span style=\"font-size: 12pt; font-family: georgia, palatino, serif;\">3+<\/span><\/p>\n<p><span style=\"font-size: 12pt; font-family: georgia, palatino, serif;\"><strong>Toote Suurus:<\/strong><\/span><\/p>\n<p><span style=\"font-size: 12pt; font-family: georgia, palatino, serif;\">Lusikas: 32,5 x 22 x 135 mm<\/span><br \/>\n<span style=\"font-size: 12pt; font-family: georgia, palatino, serif;\">Kahvel: 25,5 x 22 x 135 mm<\/span><\/p>\n<p><span style=\"font-size: 12pt; font-family: georgia, palatino, serif;\"><strong>Materjal:<\/strong><\/span><\/p>\n<p><span style=\"font-size: 12pt; font-family: georgia, palatino, serif;\">Toidukvaliteediga silikoonkumm + 304 roostevaba teras<\/span><\/p>","protected":false},"excerpt":{"rendered":"<p><span style=\"font-size: 12pt; color: #000000; font-family: georgia, palatino, serif;\">Marcus &amp; Marcus mugavalt haaratav lusika ja kahvli komplekt edendab ohutut ja iseseisvat s\u00f6\u00f6mist. Komplekt on valmistatud 304 roostevabast terasest, millel on ideaalse suurusega k\u00e4epidemed, mis sobivad paremini v\u00e4iksemate k\u00e4tega lastele.<\/span><\/p>\n<p><span style=\"font-size: 12pt; color: #000000; font-family: georgia, palatino, serif;\">Ergonoomilise disainiga k\u00e4epidemetel olevad s\u00f5rmede taanded annavad lastele suurep\u00e4rase juhise lusika ja kahvli hoidmisel; seega saavad lapsed kiiremini iseseisvalt s\u00f6\u00f6ma. K\u00e4epidemed on valmistatud pehmest tekstuuriga silikoonist, mida on lastel kergem mugavalt haarata.<\/span><\/p>\n<p><span style=\"font-size: 12pt; color: #000000; font-family: georgia, palatino, serif;\"><strong>Tarneaeg 3-8 t\u00f6\u00f6p\u00e4eva!<\/strong><\/span><\/p>","protected":false},"featured_media":21527,"comment_status":"closed","ping_status":"closed","template":"","meta":[],"product_brand":[455],"product_cat":[426,285,422],"product_tag":[474,458,459],"class_list":{"0":"post-21126","1":"product","2":"type-product","3":"status-publish","4":"has-post-thumbnail","6":"product_brand-marcus-marcus","7":"product_cat-kingiideed","8":"product_cat-koik","9":"product_cat-laste-soogikomplektid","10":"product_tag-soomistarvikud","11":"product_tag-vaikelastele-1-3-a","12":"product_tag-koolieelikutele-3","14":"first","15":"instock","16":"shipping-taxable","17":"purchasable","18":"product-type-variable"},"yoast_head":"<!-- This site is optimized with the Yoast SEO plugin v26.9 - https:\/\/yoast.com\/product\/yoast-seo-wordpress\/ -->\n<title>Marcus &amp; Marcus V\u00e4ikelapse s\u00f6\u00f6giriistade komplekt | Gegokids<\/title>\n<meta name=\"description\" content=\"Marcus &amp; Marcus mugavalt haaratav lusika ja kahvli komplekt edendab ohutut ja iseseisvat s\u00f6\u00f6mist. Komplekt on valmistatud 304 roostevabast terasest, millel on ideaalse suurusega k\u00e4epidemed, mis sobivad paremini v\u00e4iksemate k\u00e4tega lastele.\" \/>\n<meta name=\"robots\" content=\"index, follow, max-snippet:-1, max-image-preview:large, max-video-preview:-1\" \/>\n<link rel=\"canonical\" href=\"https:\/\/gegokids.ee\/en\/product\/mm-vaikelapse-soogiriistade-komplekt\/\" \/>\n<meta property=\"og:locale\" content=\"en_US\" \/>\n<meta property=\"og:type\" content=\"article\" \/>\n<meta property=\"og:title\" content=\"Marcus &amp; Marcus V\u00e4ikelapse s\u00f6\u00f6giriistade komplekt | Gegokids\" \/>\n<meta property=\"og:description\" content=\"Marcus &amp; Marcus mugavalt haaratav lusika ja kahvli komplekt edendab ohutut ja iseseisvat s\u00f6\u00f6mist. Komplekt on valmistatud 304 roostevabast terasest, millel on ideaalse suurusega k\u00e4epidemed, mis sobivad paremini v\u00e4iksemate k\u00e4tega lastele.\" \/>\n<meta property=\"og:url\" content=\"https:\/\/gegokids.ee\/en\/product\/mm-vaikelapse-soogiriistade-komplekt\/\" \/>\n<meta property=\"og:site_name\" content=\"Gegokids\" \/>\n<meta property=\"article:publisher\" content=\"https:\/\/www.facebook.com\/GegoKids\" \/>\n<meta property=\"article:modified_time\" content=\"2026-02-15T19:52:09+00:00\" \/>\n<meta property=\"og:image\" content=\"https:\/\/gegokids.ee\/wp-content\/uploads\/2022\/06\/MM-Vaikelapse-Soogiriistade-Komplekt-oranz.png\" \/>\n\t<meta property=\"og:image:width\" content=\"800\" \/>\n\t<meta property=\"og:image:height\" content=\"533\" \/>\n\t<meta property=\"og:image:type\" content=\"image\/png\" \/>\n<meta name=\"twitter:card\" content=\"summary_large_image\" \/>\n<meta name=\"twitter:label1\" content=\"Est. reading time\" \/>\n\t<meta name=\"twitter:data1\" content=\"1 minute\" \/>\n<script type=\"application\/ld+json\" class=\"yoast-schema-graph\">{\"@context\":\"https:\/\/schema.org\",\"@graph\":[{\"@type\":\"WebPage\",\"@id\":\"https:\/\/gegokids.ee\/toode\/mm-vaikelapse-soogiriistade-komplekt\/\",\"url\":\"https:\/\/gegokids.ee\/toode\/mm-vaikelapse-soogiriistade-komplekt\/\",\"name\":\"Marcus &amp; Marcus V\u00e4ikelapse s\u00f6\u00f6giriistade komplekt | Gegokids\",\"isPartOf\":{\"@id\":\"https:\/\/gegokids.ee\/#website\"},\"primaryImageOfPage\":{\"@id\":\"https:\/\/gegokids.ee\/toode\/mm-vaikelapse-soogiriistade-komplekt\/#primaryimage\"},\"image\":{\"@id\":\"https:\/\/gegokids.ee\/toode\/mm-vaikelapse-soogiriistade-komplekt\/#primaryimage\"},\"thumbnailUrl\":\"https:\/\/gegokids.ee\/wp-content\/uploads\/2022\/06\/MM-Vaikelapse-Soogiriistade-Komplekt-oranz.png\",\"datePublished\":\"2022-06-18T13:48:05+00:00\",\"dateModified\":\"2026-02-15T19:52:09+00:00\",\"description\":\"Marcus & Marcus mugavalt haaratav lusika ja kahvli komplekt edendab ohutut ja iseseisvat s\u00f6\u00f6mist. Komplekt on valmistatud 304 roostevabast terasest, millel on ideaalse suurusega k\u00e4epidemed, mis sobivad paremini v\u00e4iksemate k\u00e4tega lastele.\",\"breadcrumb\":{\"@id\":\"https:\/\/gegokids.ee\/toode\/mm-vaikelapse-soogiriistade-komplekt\/#breadcrumb\"},\"inLanguage\":\"en-US\",\"potentialAction\":[{\"@type\":\"ReadAction\",\"target\":[\"https:\/\/gegokids.ee\/toode\/mm-vaikelapse-soogiriistade-komplekt\/\"]}]},{\"@type\":\"ImageObject\",\"inLanguage\":\"en-US\",\"@id\":\"https:\/\/gegokids.ee\/toode\/mm-vaikelapse-soogiriistade-komplekt\/#primaryimage\",\"url\":\"https:\/\/gegokids.ee\/wp-content\/uploads\/2022\/06\/MM-Vaikelapse-Soogiriistade-Komplekt-oranz.png\",\"contentUrl\":\"https:\/\/gegokids.ee\/wp-content\/uploads\/2022\/06\/MM-Vaikelapse-Soogiriistade-Komplekt-oranz.png\",\"width\":800,\"height\":533},{\"@type\":\"BreadcrumbList\",\"@id\":\"https:\/\/gegokids.ee\/toode\/mm-vaikelapse-soogiriistade-komplekt\/#breadcrumb\",\"itemListElement\":[{\"@type\":\"ListItem\",\"position\":1,\"name\":\"Home\",\"item\":\"https:\/\/gegokids.ee\/en\/\"},{\"@type\":\"ListItem\",\"position\":2,\"name\":\"E-pood\",\"item\":\"https:\/\/gegokids.ee\/e-pood\/\"},{\"@type\":\"ListItem\",\"position\":3,\"name\":\"Marcus &amp; Marcus V\u00e4ikelapse s\u00f6\u00f6giriistade komplekt\"}]},{\"@type\":\"WebSite\",\"@id\":\"https:\/\/gegokids.ee\/#website\",\"url\":\"https:\/\/gegokids.ee\/\",\"name\":\"Gegokids\",\"description\":\"Kvaliteetsed ja turvalised laste m\u00e4nguasjad.\",\"publisher\":{\"@id\":\"https:\/\/gegokids.ee\/#organization\"},\"potentialAction\":[{\"@type\":\"SearchAction\",\"target\":{\"@type\":\"EntryPoint\",\"urlTemplate\":\"https:\/\/gegokids.ee\/?s={search_term_string}\"},\"query-input\":{\"@type\":\"PropertyValueSpecification\",\"valueRequired\":true,\"valueName\":\"search_term_string\"}}],\"inLanguage\":\"en-US\"},{\"@type\":\"Organization\",\"@id\":\"https:\/\/gegokids.ee\/#organization\",\"name\":\"Gegokids\",\"url\":\"https:\/\/gegokids.ee\/\",\"logo\":{\"@type\":\"ImageObject\",\"inLanguage\":\"en-US\",\"@id\":\"https:\/\/gegokids.ee\/#\/schema\/logo\/image\/\",\"url\":\"https:\/\/gegokids.ee\/wp-content\/uploads\/2022\/06\/logo2.png\",\"contentUrl\":\"https:\/\/gegokids.ee\/wp-content\/uploads\/2022\/06\/logo2.png\",\"width\":358,\"height\":104,\"caption\":\"Gegokids\"},\"image\":{\"@id\":\"https:\/\/gegokids.ee\/#\/schema\/logo\/image\/\"},\"sameAs\":[\"https:\/\/www.facebook.com\/GegoKids\",\"https:\/\/www.instagram.com\/gegokids.ee\/\"]}]}<\/script>\n<!-- \/ Yoast SEO plugin. -->","yoast_head_json":{"title":"Marcus &amp; Marcus V\u00e4ikelapse s\u00f6\u00f6giriistade komplekt | Gegokids","description":"Marcus & Marcus mugavalt haaratav lusika ja kahvli komplekt edendab ohutut ja iseseisvat s\u00f6\u00f6mist. Komplekt on valmistatud 304 roostevabast terasest, millel on ideaalse suurusega k\u00e4epidemed, mis sobivad paremini v\u00e4iksemate k\u00e4tega lastele.","robots":{"index":"index","follow":"follow","max-snippet":"max-snippet:-1","max-image-preview":"max-image-preview:large","max-video-preview":"max-video-preview:-1"},"canonical":"https:\/\/gegokids.ee\/en\/product\/mm-vaikelapse-soogiriistade-komplekt\/","og_locale":"en_US","og_type":"article","og_title":"Marcus &amp; Marcus V\u00e4ikelapse s\u00f6\u00f6giriistade komplekt | Gegokids","og_description":"Marcus & Marcus mugavalt haaratav lusika ja kahvli komplekt edendab ohutut ja iseseisvat s\u00f6\u00f6mist. Komplekt on valmistatud 304 roostevabast terasest, millel on ideaalse suurusega k\u00e4epidemed, mis sobivad paremini v\u00e4iksemate k\u00e4tega lastele.","og_url":"https:\/\/gegokids.ee\/en\/product\/mm-vaikelapse-soogiriistade-komplekt\/","og_site_name":"Gegokids","article_publisher":"https:\/\/www.facebook.com\/GegoKids","article_modified_time":"2026-02-15T19:52:09+00:00","og_image":[{"width":800,"height":533,"url":"https:\/\/gegokids.ee\/wp-content\/uploads\/2022\/06\/MM-Vaikelapse-Soogiriistade-Komplekt-oranz.png","type":"image\/png"}],"twitter_card":"summary_large_image","twitter_misc":{"Est. reading time":"1 minute"},"schema":{"@context":"https:\/\/schema.org","@graph":[{"@type":"WebPage","@id":"https:\/\/gegokids.ee\/toode\/mm-vaikelapse-soogiriistade-komplekt\/","url":"https:\/\/gegokids.ee\/toode\/mm-vaikelapse-soogiriistade-komplekt\/","name":"Marcus &amp; Marcus V\u00e4ikelapse s\u00f6\u00f6giriistade komplekt | Gegokids","isPartOf":{"@id":"https:\/\/gegokids.ee\/#website"},"primaryImageOfPage":{"@id":"https:\/\/gegokids.ee\/toode\/mm-vaikelapse-soogiriistade-komplekt\/#primaryimage"},"image":{"@id":"https:\/\/gegokids.ee\/toode\/mm-vaikelapse-soogiriistade-komplekt\/#primaryimage"},"thumbnailUrl":"https:\/\/gegokids.ee\/wp-content\/uploads\/2022\/06\/MM-Vaikelapse-Soogiriistade-Komplekt-oranz.png","datePublished":"2022-06-18T13:48:05+00:00","dateModified":"2026-02-15T19:52:09+00:00","description":"Marcus & Marcus mugavalt haaratav lusika ja kahvli komplekt edendab ohutut ja iseseisvat s\u00f6\u00f6mist. Komplekt on valmistatud 304 roostevabast terasest, millel on ideaalse suurusega k\u00e4epidemed, mis sobivad paremini v\u00e4iksemate k\u00e4tega lastele.","breadcrumb":{"@id":"https:\/\/gegokids.ee\/toode\/mm-vaikelapse-soogiriistade-komplekt\/#breadcrumb"},"inLanguage":"en-US","potentialAction":[{"@type":"ReadAction","target":["https:\/\/gegokids.ee\/toode\/mm-vaikelapse-soogiriistade-komplekt\/"]}]},{"@type":"ImageObject","inLanguage":"en-US","@id":"https:\/\/gegokids.ee\/toode\/mm-vaikelapse-soogiriistade-komplekt\/#primaryimage","url":"https:\/\/gegokids.ee\/wp-content\/uploads\/2022\/06\/MM-Vaikelapse-Soogiriistade-Komplekt-oranz.png","contentUrl":"https:\/\/gegokids.ee\/wp-content\/uploads\/2022\/06\/MM-Vaikelapse-Soogiriistade-Komplekt-oranz.png","width":800,"height":533},{"@type":"BreadcrumbList","@id":"https:\/\/gegokids.ee\/toode\/mm-vaikelapse-soogiriistade-komplekt\/#breadcrumb","itemListElement":[{"@type":"ListItem","position":1,"name":"Home","item":"https:\/\/gegokids.ee\/en\/"},{"@type":"ListItem","position":2,"name":"E-pood","item":"https:\/\/gegokids.ee\/e-pood\/"},{"@type":"ListItem","position":3,"name":"Marcus &amp; Marcus V\u00e4ikelapse s\u00f6\u00f6giriistade komplekt"}]},{"@type":"WebSite","@id":"https:\/\/gegokids.ee\/#website","url":"https:\/\/gegokids.ee\/","name":"Gegokids","description":"Kvaliteetsed ja turvalised laste m\u00e4nguasjad.","publisher":{"@id":"https:\/\/gegokids.ee\/#organization"},"potentialAction":[{"@type":"SearchAction","target":{"@type":"EntryPoint","urlTemplate":"https:\/\/gegokids.ee\/?s={search_term_string}"},"query-input":{"@type":"PropertyValueSpecification","valueRequired":true,"valueName":"search_term_string"}}],"inLanguage":"en-US"},{"@type":"Organization","@id":"https:\/\/gegokids.ee\/#organization","name":"Gegokids","url":"https:\/\/gegokids.ee\/","logo":{"@type":"ImageObject","inLanguage":"en-US","@id":"https:\/\/gegokids.ee\/#\/schema\/logo\/image\/","url":"https:\/\/gegokids.ee\/wp-content\/uploads\/2022\/06\/logo2.png","contentUrl":"https:\/\/gegokids.ee\/wp-content\/uploads\/2022\/06\/logo2.png","width":358,"height":104,"caption":"Gegokids"},"image":{"@id":"https:\/\/gegokids.ee\/#\/schema\/logo\/image\/"},"sameAs":["https:\/\/www.facebook.com\/GegoKids","https:\/\/www.instagram.com\/gegokids.ee\/"]}]}},"_links":{"self":[{"href":"https:\/\/gegokids.ee\/en\/wp-json\/wp\/v2\/product\/21126","targetHints":{"allow":["GET"]}}],"collection":[{"href":"https:\/\/gegokids.ee\/en\/wp-json\/wp\/v2\/product"}],"about":[{"href":"https:\/\/gegokids.ee\/en\/wp-json\/wp\/v2\/types\/product"}],"replies":[{"embeddable":true,"href":"https:\/\/gegokids.ee\/en\/wp-json\/wp\/v2\/comments?post=21126"}],"version-history":[{"count":5,"href":"https:\/\/gegokids.ee\/en\/wp-json\/wp\/v2\/product\/21126\/revisions"}],"predecessor-version":[{"id":29108,"href":"https:\/\/gegokids.ee\/en\/wp-json\/wp\/v2\/product\/21126\/revisions\/29108"}],"wp:featuredmedia":[{"embeddable":true,"href":"https:\/\/gegokids.ee\/en\/wp-json\/wp\/v2\/media\/21527"}],"wp:attachment":[{"href":"https:\/\/gegokids.ee\/en\/wp-json\/wp\/v2\/media?parent=21126"}],"wp:term":[{"taxonomy":"product_brand","embeddable":true,"href":"https:\/\/gegokids.ee\/en\/wp-json\/wp\/v2\/product_brand?post=21126"},{"taxonomy":"product_cat","embeddable":true,"href":"https:\/\/gegokids.ee\/en\/wp-json\/wp\/v2\/product_cat?post=21126"},{"taxonomy":"product_tag","embeddable":true,"href":"https:\/\/gegokids.ee\/en\/wp-json\/wp\/v2\/product_tag?post=21126"}],"curies":[{"name":"wp","href":"https:\/\/api.w.org\/{rel}","templated":true}]}}