{"id":21121,"date":"2022-06-18T13:48:05","date_gmt":"2022-06-18T13:48:05","guid":{"rendered":"https:\/\/gegokids.ee\/?post_type=product&#038;p=21121"},"modified":"2026-02-08T19:00:12","modified_gmt":"2026-02-08T16:00:12","slug":"mm-1-osaline-lutt","status":"publish","type":"product","link":"https:\/\/gegokids.ee\/en\/product\/mm-1-osaline-lutt\/","title":{"rendered":"Marcus &amp; Marcus 1-osaline lutt"},"content":{"rendered":"<p style=\"text-align: left;\"><span style=\"font-size: 12pt; font-family: georgia, palatino, serif; color: #000000;\"><strong>Omadused:<\/strong><\/span><\/p>\n<p><span style=\"font-size: 12pt; font-family: georgia, palatino, serif; color: #000000;\">BPA\/ftalaadivaba<\/span><br \/>\n<span style=\"font-size: 12pt; font-family: georgia, palatino, serif; color: #000000;\">Vaba vuukidest v\u00f5i pragudest, kuhu v\u00f5ivad koguneda mustus ja bakterid<\/span><br \/>\n<span style=\"font-size: 12pt; font-family: georgia, palatino, serif; color: #000000;\">Mitmev\u00e4rviline disain, mis stimuleerib beebi sensoorseid v\u00f5imeid<\/span><br \/>\n<span style=\"font-size: 12pt; font-family: georgia, palatino, serif; color: #000000;\">Kergesti hoitav aasakujuline t\u00f5mmits<\/span><br \/>\n<span style=\"font-size: 12pt; font-family: georgia, palatino, serif; color: #000000;\">1-osaline konstruktsioon<\/span><br \/>\n<span style=\"font-size: 12pt; font-family: georgia, palatino, serif; color: #000000;\">EN1400 vastavus<\/span><\/p>\n<p><span style=\"font-size: 12pt; font-family: georgia, palatino, serif; color: #000000;\"><strong>Hooldus<\/strong>:<\/span><\/p>\n<p><span style=\"font-size: 12pt; font-family: georgia, palatino, serif; color: #000000;\">UV-steriliseerijas puhastatav<\/span><br \/>\n<span style=\"font-size: 12pt; font-family: georgia, palatino, serif; color: #000000;\">Aurusterilisaatoris puhastatav<\/span><br \/>\n<span style=\"font-size: 12pt; font-family: georgia, palatino, serif; color: #000000;\">Plekid saab eemaldada kuuma seebiveega pestes<\/span><\/p>\n<p><span style=\"font-size: 12pt; font-family: georgia, palatino, serif; color: #000000;\"><strong>Vanus:<\/strong><\/span><\/p>\n<p><span style=\"font-size: 12pt; font-family: georgia, palatino, serif; color: #000000;\">0+<\/span><\/p>\n<p><span style=\"font-size: 12pt; font-family: georgia, palatino, serif; color: #000000;\"><strong>Toote suurus:<\/strong><\/span><\/p>\n<p><span style=\"font-size: 12pt; font-family: georgia, palatino, serif; color: #000000;\">51 x 46 x 52 mm (Marcus)<\/span><br \/>\n<span style=\"font-size: 12pt; font-family: georgia, palatino, serif; color: #000000;\">49 x 46 x 49 mm (Pokey)<\/span><br \/>\n<span style=\"font-size: 12pt; font-family: georgia, palatino, serif; color: #000000;\">58 x 46 x 47 mm (Ollie)<\/span><br \/>\n<span style=\"font-size: 12pt; font-family: georgia, palatino, serif; color: #000000;\">55 x 46 x 50 mm (Lucas)<\/span><\/p>\n<p><span style=\"font-size: 12pt; font-family: georgia, palatino, serif; color: #000000;\"><strong>Materjal<\/strong>:<\/span><\/p>\n<p><span style=\"font-size: 12pt; font-family: georgia, palatino, serif; color: #000000;\">Plaatina silikoonkumm<\/span><\/p>","protected":false},"excerpt":{"rendered":"<p><span style=\"font-size: 12pt; color: #000000;\">Marcus &amp; Marcus 1-osaline lutt on \u00fchenduskohtade ja pragudeta, nii et mustus ja bakterid ei kogune.<\/span><\/p>\n<p><span style=\"font-size: 12pt; color: #000000;\">Luti silindriline kuju v\u00f5imaldab teie lapsel j\u00e4ljendada rinnaga toitmise ajal tekkivat keelekuju. Marcus &amp; Marcuse lutt on konstrueeritud lihtsalt k\u00e4eshoitava aasakujulise t\u00f5mmitsaga, mis v\u00f5imaldab h\u00f5lpsalt \u00fchendada mis tahes rihma v\u00f5i lutihoidjaga. 1-osaline ehituslutt vastab EN1400 n\u00f5uetele ja on valmistatud kvaliteetsest materjalist \u2013 plaatina toidukvaliteediga silikoonist, BPA ja ftalaadivaba. Valige l\u00f5vi Marcuse, siga Pokey, elevant Ollie ja j\u00f5ehobu Lucase hulgast.<\/span><\/p>\n<p><span style=\"font-size: 12pt; color: #000000;\"><strong>Tarneaeg 2-5 t\u00f6\u00f6p\u00e4eva!<\/strong><\/span><\/p>","protected":false},"featured_media":21201,"comment_status":"closed","ping_status":"closed","template":"","meta":[],"product_brand":[455],"product_cat":[426,285],"product_tag":[457],"class_list":{"0":"post-21121","1":"product","2":"type-product","3":"status-publish","4":"has-post-thumbnail","6":"product_brand-marcus-marcus","7":"product_cat-kingiideed","8":"product_cat-koik","9":"product_tag-beebidele-0-1-a","11":"first","12":"instock","13":"shipping-taxable","14":"purchasable","15":"product-type-variable"},"yoast_head":"<!-- This site is optimized with the Yoast SEO plugin v26.9 - https:\/\/yoast.com\/product\/yoast-seo-wordpress\/ -->\n<title>Marcus &amp; Marcus 1-osaline lutt | Gegokids<\/title>\n<meta name=\"description\" content=\"Luti silindriline kuju v\u00f5imaldab teie lapsel j\u00e4ljendada rinnaga toitmise ajal tekkivat keelekuju. Marcus &amp; Marcuse lutt on konstrueeritud lihtsalt k\u00e4eshoitava aasakujulise t\u00f5mmitsaga, mis v\u00f5imaldab h\u00f5lpsalt \u00fchendada mis tahes rihma v\u00f5i lutihoidjaga. 1-osaline ehituslutt vastab EN1400 n\u00f5uetele ja on valmistatud kvaliteetsest materjalist \u2013 plaatina toidukvaliteediga silikoonist, BPA ja ftalaadivaba. Valige l\u00f5vi Marcuse, siga Pokey, elevant Ollie ja j\u00f5ehobu Lucase hulgast.\" \/>\n<meta name=\"robots\" content=\"index, follow, max-snippet:-1, max-image-preview:large, max-video-preview:-1\" \/>\n<link rel=\"canonical\" href=\"https:\/\/gegokids.ee\/en\/product\/mm-1-osaline-lutt\/\" \/>\n<meta property=\"og:locale\" content=\"en_US\" \/>\n<meta property=\"og:type\" content=\"article\" \/>\n<meta property=\"og:title\" content=\"Marcus &amp; Marcus 1-osaline lutt | Gegokids\" \/>\n<meta property=\"og:description\" content=\"Luti silindriline kuju v\u00f5imaldab teie lapsel j\u00e4ljendada rinnaga toitmise ajal tekkivat keelekuju. Marcus &amp; Marcuse lutt on konstrueeritud lihtsalt k\u00e4eshoitava aasakujulise t\u00f5mmitsaga, mis v\u00f5imaldab h\u00f5lpsalt \u00fchendada mis tahes rihma v\u00f5i lutihoidjaga. 1-osaline ehituslutt vastab EN1400 n\u00f5uetele ja on valmistatud kvaliteetsest materjalist \u2013 plaatina toidukvaliteediga silikoonist, BPA ja ftalaadivaba. Valige l\u00f5vi Marcuse, siga Pokey, elevant Ollie ja j\u00f5ehobu Lucase hulgast.\" \/>\n<meta property=\"og:url\" content=\"https:\/\/gegokids.ee\/en\/product\/mm-1-osaline-lutt\/\" \/>\n<meta property=\"og:site_name\" content=\"Gegokids\" \/>\n<meta property=\"article:publisher\" content=\"https:\/\/www.facebook.com\/GegoKids\" \/>\n<meta property=\"article:modified_time\" content=\"2026-02-08T16:00:12+00:00\" \/>\n<meta property=\"og:image\" content=\"https:\/\/gegokids.ee\/wp-content\/uploads\/2022\/06\/MM-1osalinelutt-elustiil3.png\" \/>\n\t<meta property=\"og:image:width\" content=\"800\" \/>\n\t<meta property=\"og:image:height\" content=\"533\" \/>\n\t<meta property=\"og:image:type\" content=\"image\/png\" \/>\n<meta name=\"twitter:card\" content=\"summary_large_image\" \/>\n<meta name=\"twitter:label1\" content=\"Est. reading time\" \/>\n\t<meta name=\"twitter:data1\" content=\"1 minute\" \/>\n<script type=\"application\/ld+json\" class=\"yoast-schema-graph\">{\"@context\":\"https:\/\/schema.org\",\"@graph\":[{\"@type\":\"WebPage\",\"@id\":\"https:\/\/gegokids.ee\/toode\/mm-1-osaline-lutt\/\",\"url\":\"https:\/\/gegokids.ee\/toode\/mm-1-osaline-lutt\/\",\"name\":\"Marcus &amp; Marcus 1-osaline lutt | Gegokids\",\"isPartOf\":{\"@id\":\"https:\/\/gegokids.ee\/#website\"},\"primaryImageOfPage\":{\"@id\":\"https:\/\/gegokids.ee\/toode\/mm-1-osaline-lutt\/#primaryimage\"},\"image\":{\"@id\":\"https:\/\/gegokids.ee\/toode\/mm-1-osaline-lutt\/#primaryimage\"},\"thumbnailUrl\":\"https:\/\/gegokids.ee\/wp-content\/uploads\/2022\/06\/MNMBB36_HP_pkg_low.jpg\",\"datePublished\":\"2022-06-18T13:48:05+00:00\",\"dateModified\":\"2026-02-08T16:00:12+00:00\",\"description\":\"Luti silindriline kuju v\u00f5imaldab teie lapsel j\u00e4ljendada rinnaga toitmise ajal tekkivat keelekuju. Marcus & Marcuse lutt on konstrueeritud lihtsalt k\u00e4eshoitava aasakujulise t\u00f5mmitsaga, mis v\u00f5imaldab h\u00f5lpsalt \u00fchendada mis tahes rihma v\u00f5i lutihoidjaga. 1-osaline ehituslutt vastab EN1400 n\u00f5uetele ja on valmistatud kvaliteetsest materjalist \u2013 plaatina toidukvaliteediga silikoonist, BPA ja ftalaadivaba. Valige l\u00f5vi Marcuse, siga Pokey, elevant Ollie ja j\u00f5ehobu Lucase hulgast.\",\"breadcrumb\":{\"@id\":\"https:\/\/gegokids.ee\/toode\/mm-1-osaline-lutt\/#breadcrumb\"},\"inLanguage\":\"en-US\",\"potentialAction\":[{\"@type\":\"ReadAction\",\"target\":[\"https:\/\/gegokids.ee\/toode\/mm-1-osaline-lutt\/\"]}]},{\"@type\":\"ImageObject\",\"inLanguage\":\"en-US\",\"@id\":\"https:\/\/gegokids.ee\/toode\/mm-1-osaline-lutt\/#primaryimage\",\"url\":\"https:\/\/gegokids.ee\/wp-content\/uploads\/2022\/06\/MNMBB36_HP_pkg_low.jpg\",\"contentUrl\":\"https:\/\/gegokids.ee\/wp-content\/uploads\/2022\/06\/MNMBB36_HP_pkg_low.jpg\",\"width\":800,\"height\":533},{\"@type\":\"BreadcrumbList\",\"@id\":\"https:\/\/gegokids.ee\/toode\/mm-1-osaline-lutt\/#breadcrumb\",\"itemListElement\":[{\"@type\":\"ListItem\",\"position\":1,\"name\":\"Home\",\"item\":\"https:\/\/gegokids.ee\/en\/\"},{\"@type\":\"ListItem\",\"position\":2,\"name\":\"E-pood\",\"item\":\"https:\/\/gegokids.ee\/e-pood\/\"},{\"@type\":\"ListItem\",\"position\":3,\"name\":\"Marcus &amp; Marcus 1-osaline lutt\"}]},{\"@type\":\"WebSite\",\"@id\":\"https:\/\/gegokids.ee\/#website\",\"url\":\"https:\/\/gegokids.ee\/\",\"name\":\"Gegokids\",\"description\":\"Kvaliteetsed ja turvalised laste m\u00e4nguasjad.\",\"publisher\":{\"@id\":\"https:\/\/gegokids.ee\/#organization\"},\"potentialAction\":[{\"@type\":\"SearchAction\",\"target\":{\"@type\":\"EntryPoint\",\"urlTemplate\":\"https:\/\/gegokids.ee\/?s={search_term_string}\"},\"query-input\":{\"@type\":\"PropertyValueSpecification\",\"valueRequired\":true,\"valueName\":\"search_term_string\"}}],\"inLanguage\":\"en-US\"},{\"@type\":\"Organization\",\"@id\":\"https:\/\/gegokids.ee\/#organization\",\"name\":\"Gegokids\",\"url\":\"https:\/\/gegokids.ee\/\",\"logo\":{\"@type\":\"ImageObject\",\"inLanguage\":\"en-US\",\"@id\":\"https:\/\/gegokids.ee\/#\/schema\/logo\/image\/\",\"url\":\"https:\/\/gegokids.ee\/wp-content\/uploads\/2022\/06\/logo2.png\",\"contentUrl\":\"https:\/\/gegokids.ee\/wp-content\/uploads\/2022\/06\/logo2.png\",\"width\":358,\"height\":104,\"caption\":\"Gegokids\"},\"image\":{\"@id\":\"https:\/\/gegokids.ee\/#\/schema\/logo\/image\/\"},\"sameAs\":[\"https:\/\/www.facebook.com\/GegoKids\",\"https:\/\/www.instagram.com\/gegokids.ee\/\"]}]}<\/script>\n<!-- \/ Yoast SEO plugin. -->","yoast_head_json":{"title":"Marcus &amp; Marcus 1-osaline lutt | Gegokids","description":"Luti silindriline kuju v\u00f5imaldab teie lapsel j\u00e4ljendada rinnaga toitmise ajal tekkivat keelekuju. Marcus & Marcuse lutt on konstrueeritud lihtsalt k\u00e4eshoitava aasakujulise t\u00f5mmitsaga, mis v\u00f5imaldab h\u00f5lpsalt \u00fchendada mis tahes rihma v\u00f5i lutihoidjaga. 1-osaline ehituslutt vastab EN1400 n\u00f5uetele ja on valmistatud kvaliteetsest materjalist \u2013 plaatina toidukvaliteediga silikoonist, BPA ja ftalaadivaba. Valige l\u00f5vi Marcuse, siga Pokey, elevant Ollie ja j\u00f5ehobu Lucase hulgast.","robots":{"index":"index","follow":"follow","max-snippet":"max-snippet:-1","max-image-preview":"max-image-preview:large","max-video-preview":"max-video-preview:-1"},"canonical":"https:\/\/gegokids.ee\/en\/product\/mm-1-osaline-lutt\/","og_locale":"en_US","og_type":"article","og_title":"Marcus &amp; Marcus 1-osaline lutt | Gegokids","og_description":"Luti silindriline kuju v\u00f5imaldab teie lapsel j\u00e4ljendada rinnaga toitmise ajal tekkivat keelekuju. Marcus & Marcuse lutt on konstrueeritud lihtsalt k\u00e4eshoitava aasakujulise t\u00f5mmitsaga, mis v\u00f5imaldab h\u00f5lpsalt \u00fchendada mis tahes rihma v\u00f5i lutihoidjaga. 1-osaline ehituslutt vastab EN1400 n\u00f5uetele ja on valmistatud kvaliteetsest materjalist \u2013 plaatina toidukvaliteediga silikoonist, BPA ja ftalaadivaba. Valige l\u00f5vi Marcuse, siga Pokey, elevant Ollie ja j\u00f5ehobu Lucase hulgast.","og_url":"https:\/\/gegokids.ee\/en\/product\/mm-1-osaline-lutt\/","og_site_name":"Gegokids","article_publisher":"https:\/\/www.facebook.com\/GegoKids","article_modified_time":"2026-02-08T16:00:12+00:00","og_image":[{"width":800,"height":533,"url":"https:\/\/gegokids.ee\/wp-content\/uploads\/2022\/06\/MM-1osalinelutt-elustiil3.png","type":"image\/png"}],"twitter_card":"summary_large_image","twitter_misc":{"Est. reading time":"1 minute"},"schema":{"@context":"https:\/\/schema.org","@graph":[{"@type":"WebPage","@id":"https:\/\/gegokids.ee\/toode\/mm-1-osaline-lutt\/","url":"https:\/\/gegokids.ee\/toode\/mm-1-osaline-lutt\/","name":"Marcus &amp; Marcus 1-osaline lutt | Gegokids","isPartOf":{"@id":"https:\/\/gegokids.ee\/#website"},"primaryImageOfPage":{"@id":"https:\/\/gegokids.ee\/toode\/mm-1-osaline-lutt\/#primaryimage"},"image":{"@id":"https:\/\/gegokids.ee\/toode\/mm-1-osaline-lutt\/#primaryimage"},"thumbnailUrl":"https:\/\/gegokids.ee\/wp-content\/uploads\/2022\/06\/MNMBB36_HP_pkg_low.jpg","datePublished":"2022-06-18T13:48:05+00:00","dateModified":"2026-02-08T16:00:12+00:00","description":"Luti silindriline kuju v\u00f5imaldab teie lapsel j\u00e4ljendada rinnaga toitmise ajal tekkivat keelekuju. Marcus & Marcuse lutt on konstrueeritud lihtsalt k\u00e4eshoitava aasakujulise t\u00f5mmitsaga, mis v\u00f5imaldab h\u00f5lpsalt \u00fchendada mis tahes rihma v\u00f5i lutihoidjaga. 1-osaline ehituslutt vastab EN1400 n\u00f5uetele ja on valmistatud kvaliteetsest materjalist \u2013 plaatina toidukvaliteediga silikoonist, BPA ja ftalaadivaba. Valige l\u00f5vi Marcuse, siga Pokey, elevant Ollie ja j\u00f5ehobu Lucase hulgast.","breadcrumb":{"@id":"https:\/\/gegokids.ee\/toode\/mm-1-osaline-lutt\/#breadcrumb"},"inLanguage":"en-US","potentialAction":[{"@type":"ReadAction","target":["https:\/\/gegokids.ee\/toode\/mm-1-osaline-lutt\/"]}]},{"@type":"ImageObject","inLanguage":"en-US","@id":"https:\/\/gegokids.ee\/toode\/mm-1-osaline-lutt\/#primaryimage","url":"https:\/\/gegokids.ee\/wp-content\/uploads\/2022\/06\/MNMBB36_HP_pkg_low.jpg","contentUrl":"https:\/\/gegokids.ee\/wp-content\/uploads\/2022\/06\/MNMBB36_HP_pkg_low.jpg","width":800,"height":533},{"@type":"BreadcrumbList","@id":"https:\/\/gegokids.ee\/toode\/mm-1-osaline-lutt\/#breadcrumb","itemListElement":[{"@type":"ListItem","position":1,"name":"Home","item":"https:\/\/gegokids.ee\/en\/"},{"@type":"ListItem","position":2,"name":"E-pood","item":"https:\/\/gegokids.ee\/e-pood\/"},{"@type":"ListItem","position":3,"name":"Marcus &amp; Marcus 1-osaline lutt"}]},{"@type":"WebSite","@id":"https:\/\/gegokids.ee\/#website","url":"https:\/\/gegokids.ee\/","name":"Gegokids","description":"Kvaliteetsed ja turvalised laste m\u00e4nguasjad.","publisher":{"@id":"https:\/\/gegokids.ee\/#organization"},"potentialAction":[{"@type":"SearchAction","target":{"@type":"EntryPoint","urlTemplate":"https:\/\/gegokids.ee\/?s={search_term_string}"},"query-input":{"@type":"PropertyValueSpecification","valueRequired":true,"valueName":"search_term_string"}}],"inLanguage":"en-US"},{"@type":"Organization","@id":"https:\/\/gegokids.ee\/#organization","name":"Gegokids","url":"https:\/\/gegokids.ee\/","logo":{"@type":"ImageObject","inLanguage":"en-US","@id":"https:\/\/gegokids.ee\/#\/schema\/logo\/image\/","url":"https:\/\/gegokids.ee\/wp-content\/uploads\/2022\/06\/logo2.png","contentUrl":"https:\/\/gegokids.ee\/wp-content\/uploads\/2022\/06\/logo2.png","width":358,"height":104,"caption":"Gegokids"},"image":{"@id":"https:\/\/gegokids.ee\/#\/schema\/logo\/image\/"},"sameAs":["https:\/\/www.facebook.com\/GegoKids","https:\/\/www.instagram.com\/gegokids.ee\/"]}]}},"_links":{"self":[{"href":"https:\/\/gegokids.ee\/en\/wp-json\/wp\/v2\/product\/21121","targetHints":{"allow":["GET"]}}],"collection":[{"href":"https:\/\/gegokids.ee\/en\/wp-json\/wp\/v2\/product"}],"about":[{"href":"https:\/\/gegokids.ee\/en\/wp-json\/wp\/v2\/types\/product"}],"replies":[{"embeddable":true,"href":"https:\/\/gegokids.ee\/en\/wp-json\/wp\/v2\/comments?post=21121"}],"version-history":[{"count":5,"href":"https:\/\/gegokids.ee\/en\/wp-json\/wp\/v2\/product\/21121\/revisions"}],"predecessor-version":[{"id":29010,"href":"https:\/\/gegokids.ee\/en\/wp-json\/wp\/v2\/product\/21121\/revisions\/29010"}],"wp:featuredmedia":[{"embeddable":true,"href":"https:\/\/gegokids.ee\/en\/wp-json\/wp\/v2\/media\/21201"}],"wp:attachment":[{"href":"https:\/\/gegokids.ee\/en\/wp-json\/wp\/v2\/media?parent=21121"}],"wp:term":[{"taxonomy":"product_brand","embeddable":true,"href":"https:\/\/gegokids.ee\/en\/wp-json\/wp\/v2\/product_brand?post=21121"},{"taxonomy":"product_cat","embeddable":true,"href":"https:\/\/gegokids.ee\/en\/wp-json\/wp\/v2\/product_cat?post=21121"},{"taxonomy":"product_tag","embeddable":true,"href":"https:\/\/gegokids.ee\/en\/wp-json\/wp\/v2\/product_tag?post=21121"}],"curies":[{"name":"wp","href":"https:\/\/api.w.org\/{rel}","templated":true}]}}