{"id":21120,"date":"2022-06-18T13:48:05","date_gmt":"2022-06-18T13:48:05","guid":{"rendered":"https:\/\/gegokids.ee\/?post_type=product&#038;p=21120"},"modified":"2026-02-08T11:30:15","modified_gmt":"2026-02-08T08:30:15","slug":"mm-rinnapiima-sailituskotid","status":"publish","type":"product","link":"https:\/\/gegokids.ee\/en\/product\/mm-rinnapiima-sailituskotid\/","title":{"rendered":"Marcus &amp; Marcus Rinnapiima s\u00e4ilituskotid"},"content":{"rendered":"<p><span style=\"font-size: 12pt; color: #000000;\">Omadused:<\/span><\/p>\n<p><span style=\"font-size: 12pt; color: #000000;\">\u2022 BPA\/ftalaadivaba<\/span><br \/>\n<span style=\"font-size: 12pt; color: #000000;\">\u2022 S\u00fcgavk\u00fclmakindel<\/span><br \/>\n<span style=\"font-size: 12pt; color: #000000;\">\u2022 Eelsteriliseeritud rikkumiskindla tihendiga, t\u00e4iesti h\u00fcgieeniline<\/span><br \/>\n<span style=\"font-size: 12pt; color: #000000;\">\u2022 Valamiseks tilaga disain, et v\u00e4ltida \u00fchegi tilga rinnapiima raiskamist<\/span><br \/>\n<span style=\"font-size: 12pt; color: #000000;\">\u2022 Topeltt\u00f5mblukuga \u00f5mblus ja topelt tihendatud k\u00fclje\u00f5mblused<\/span><br \/>\n<span style=\"font-size: 12pt; color: #000000;\">\u2022 Temperatuuriandur kiireks kasutamiseks<\/span><br \/>\n<span style=\"font-size: 12pt; color: #000000;\">\u2022 Iseseisev disain v\u00f5i tasapinnaline paigutus kompaktseks hoiustamiseks<\/span><\/p>\n<p><span style=\"font-size: 12pt; color: #000000;\">Kasutamine:<\/span><\/p>\n<p><span style=\"font-size: 12pt; color: #000000;\">\u2022 Rinnapiima s\u00e4ilituskoti avamiseks rebige \u00e4ra tihend.<\/span><br \/>\n<span style=\"font-size: 12pt; color: #000000;\">\u2022 Valage kotti pressitud piima kuni 200 ml, sest k\u00fclmumisel rinnapiim paisub.<\/span><br \/>\n<span style=\"font-size: 12pt; color: #000000;\">\u2022 Pigista rinnapiima s\u00e4ilituskotis liigne \u00f5hk v\u00e4lja. Sulgege topeltt\u00f5mblukk.<\/span><br \/>\n<span style=\"font-size: 12pt; color: #000000;\">\u2022 M\u00e4rgistage rinnapiimale selgelt selle v\u00e4ljutamise kuup\u00e4ev.<\/span><br \/>\n<span style=\"font-size: 12pt; color: #000000;\">\u2022 Hoiustada v\u00f5imalikult kiiresti k\u00fclmkapis v\u00f5i s\u00fcgavk\u00fclmas.<\/span><br \/>\n<span style=\"font-size: 12pt; color: #000000;\">\u2022 Rinnapiima v\u00f5ib otse sulatada.<\/span><\/p>\n<p><span style=\"font-size: 12pt; color: #000000;\">Vanus:<\/span><\/p>\n<p><span style=\"font-size: 12pt; color: #000000;\">0 +<\/span><\/p>\n<p><span style=\"font-size: 12pt; color: #000000;\">Toote suurus:<\/span><\/p>\n<p><span style=\"font-size: 12pt; color: #000000;\">110 x 165 mm (50 tk \/ kast), maht: 200 ml<\/span><\/p>\n<p><span style=\"font-size: 12pt; color: #000000;\">Materjal:<\/span><\/p>\n<p><span style=\"font-size: 12pt; color: #000000;\">V\u00e4limine: PET<\/span><br \/>\n<span style=\"font-size: 12pt; color: #000000;\">Sisemine: LDPE<\/span><br \/>\n<span style=\"font-size: 12pt; color: #000000;\">Vastupidavus temp:<\/span><\/p>\n<p><span style=\"font-size: 12pt; color: #000000;\">\u2022 -10\u00b0C kuni 80\u00b0C<\/span><\/p>","protected":false},"excerpt":{"rendered":"<p><span style=\"font-size: 12pt; color: #000000;\">H\u00dcGIEENILINE VIIS RINNAPIIMA S\u00c4ILITAMISEKS<\/span><\/p>\n<p><span style=\"font-size: 12pt; color: #000000;\">Marcuse ja Marcuse rinnapiima s\u00e4ilituskotid pakuvad emadele h\u00fcgieenilist viisi rinnapiima s\u00e4ilitamiseks. Iga kott on eelnevalt steriliseeritud, lekkimiskindla tihendiga ja eraldatud tilaga, mida on lihtne valada ilma \u00fchtki tilka rinnapiima raiskamata.<\/span><\/p>\n<p><span style=\"font-size: 12pt; color: #000000;\">Topeltt\u00f5mblukk ja topelt tihendatud k\u00fclje\u00f5mblused annavad t\u00e4iendava tugevuse rinnapiima turvaliseks s\u00e4ilitamiseks. Emad saavad rinnapiima soojendamisel kiirelt j\u00e4lgides s\u00e4ilituskotil n\u00e4idatud temperatuurianduri visuaali. Kui j\u00f5ehobu Lucas kaob, n\u00e4itab see, et rinnapiim on toitmistemperatuuril umbes 37 \u00b0C valmis. Aga kui ka kaelkirjak Lola kaob, on rinnapiima temperatuur liiga k\u00f5rge.<\/span><\/p>\n<p>&nbsp;<\/p>\n<p><span style=\"font-size: 12pt; color: #000000;\">50 tk pakendis.<\/span><\/p>\n<p><span style=\"font-size: 12pt; color: #000000;\"><strong>Tarneaeg 2-5 t\u00f6\u00f6p\u00e4eva!<\/strong><\/span><\/p>","protected":false},"featured_media":21524,"comment_status":"closed","ping_status":"closed","template":"","meta":[],"product_brand":[455],"product_cat":[285],"product_tag":[469,474,457],"class_list":{"0":"post-21120","1":"product","2":"type-product","3":"status-publish","4":"has-post-thumbnail","6":"product_brand-marcus-marcus","7":"product_cat-koik","8":"product_tag-emale","9":"product_tag-soomistarvikud","10":"product_tag-beebidele-0-1-a","12":"first","13":"instock","14":"shipping-taxable","15":"purchasable","16":"product-type-simple"},"yoast_head":"<!-- This site is optimized with the Yoast SEO plugin v26.9 - https:\/\/yoast.com\/product\/yoast-seo-wordpress\/ -->\n<title>Marcus &amp; Marcus Rinnapiima s\u00e4ilituskotid | Gegokids<\/title>\n<meta name=\"description\" content=\"Marcuse ja Marcuse rinnapiima s\u00e4ilituskotid pakuvad emadele h\u00fcgieenilist viisi rinnapiima s\u00e4ilitamiseks. Iga kott on eelnevalt steriliseeritud, lekkimiskindla tihendiga ja eraldatud tilaga, mida on lihtne valada ilma \u00fchtki tilka rinnapiima raiskamata.\" \/>\n<meta name=\"robots\" content=\"index, follow, max-snippet:-1, max-image-preview:large, max-video-preview:-1\" \/>\n<link rel=\"canonical\" href=\"https:\/\/gegokids.ee\/en\/product\/mm-rinnapiima-sailituskotid\/\" \/>\n<meta property=\"og:locale\" content=\"en_US\" \/>\n<meta property=\"og:type\" content=\"article\" \/>\n<meta property=\"og:title\" content=\"Marcus &amp; Marcus Rinnapiima s\u00e4ilituskotid | Gegokids\" \/>\n<meta property=\"og:description\" content=\"Marcuse ja Marcuse rinnapiima s\u00e4ilituskotid pakuvad emadele h\u00fcgieenilist viisi rinnapiima s\u00e4ilitamiseks. Iga kott on eelnevalt steriliseeritud, lekkimiskindla tihendiga ja eraldatud tilaga, mida on lihtne valada ilma \u00fchtki tilka rinnapiima raiskamata.\" \/>\n<meta property=\"og:url\" content=\"https:\/\/gegokids.ee\/en\/product\/mm-rinnapiima-sailituskotid\/\" \/>\n<meta property=\"og:site_name\" content=\"Gegokids\" \/>\n<meta property=\"article:publisher\" content=\"https:\/\/www.facebook.com\/GegoKids\" \/>\n<meta property=\"article:modified_time\" content=\"2026-02-08T08:30:15+00:00\" \/>\n<meta property=\"og:image\" content=\"https:\/\/gegokids.ee\/wp-content\/uploads\/2022\/06\/MM-Rinnapiima-Sa1lituskotid.png\" \/>\n\t<meta property=\"og:image:width\" content=\"800\" \/>\n\t<meta property=\"og:image:height\" content=\"533\" \/>\n\t<meta property=\"og:image:type\" content=\"image\/png\" \/>\n<meta name=\"twitter:card\" content=\"summary_large_image\" \/>\n<meta name=\"twitter:label1\" content=\"Est. reading time\" \/>\n\t<meta name=\"twitter:data1\" content=\"1 minute\" \/>\n<script type=\"application\/ld+json\" class=\"yoast-schema-graph\">{\"@context\":\"https:\/\/schema.org\",\"@graph\":[{\"@type\":\"WebPage\",\"@id\":\"https:\/\/gegokids.ee\/toode\/mm-rinnapiima-sailituskotid\/\",\"url\":\"https:\/\/gegokids.ee\/toode\/mm-rinnapiima-sailituskotid\/\",\"name\":\"Marcus &amp; Marcus Rinnapiima s\u00e4ilituskotid | Gegokids\",\"isPartOf\":{\"@id\":\"https:\/\/gegokids.ee\/#website\"},\"primaryImageOfPage\":{\"@id\":\"https:\/\/gegokids.ee\/toode\/mm-rinnapiima-sailituskotid\/#primaryimage\"},\"image\":{\"@id\":\"https:\/\/gegokids.ee\/toode\/mm-rinnapiima-sailituskotid\/#primaryimage\"},\"thumbnailUrl\":\"https:\/\/gegokids.ee\/wp-content\/uploads\/2022\/06\/MM-Rinnapiima-Sailituskotid.png\",\"datePublished\":\"2022-06-18T13:48:05+00:00\",\"dateModified\":\"2026-02-08T08:30:15+00:00\",\"description\":\"Marcuse ja Marcuse rinnapiima s\u00e4ilituskotid pakuvad emadele h\u00fcgieenilist viisi rinnapiima s\u00e4ilitamiseks. Iga kott on eelnevalt steriliseeritud, lekkimiskindla tihendiga ja eraldatud tilaga, mida on lihtne valada ilma \u00fchtki tilka rinnapiima raiskamata.\",\"breadcrumb\":{\"@id\":\"https:\/\/gegokids.ee\/toode\/mm-rinnapiima-sailituskotid\/#breadcrumb\"},\"inLanguage\":\"en-US\",\"potentialAction\":[{\"@type\":\"ReadAction\",\"target\":[\"https:\/\/gegokids.ee\/toode\/mm-rinnapiima-sailituskotid\/\"]}]},{\"@type\":\"ImageObject\",\"inLanguage\":\"en-US\",\"@id\":\"https:\/\/gegokids.ee\/toode\/mm-rinnapiima-sailituskotid\/#primaryimage\",\"url\":\"https:\/\/gegokids.ee\/wp-content\/uploads\/2022\/06\/MM-Rinnapiima-Sailituskotid.png\",\"contentUrl\":\"https:\/\/gegokids.ee\/wp-content\/uploads\/2022\/06\/MM-Rinnapiima-Sailituskotid.png\",\"width\":800,\"height\":533},{\"@type\":\"BreadcrumbList\",\"@id\":\"https:\/\/gegokids.ee\/toode\/mm-rinnapiima-sailituskotid\/#breadcrumb\",\"itemListElement\":[{\"@type\":\"ListItem\",\"position\":1,\"name\":\"Home\",\"item\":\"https:\/\/gegokids.ee\/en\/\"},{\"@type\":\"ListItem\",\"position\":2,\"name\":\"E-pood\",\"item\":\"https:\/\/gegokids.ee\/e-pood\/\"},{\"@type\":\"ListItem\",\"position\":3,\"name\":\"Marcus &amp; Marcus Rinnapiima s\u00e4ilituskotid\"}]},{\"@type\":\"WebSite\",\"@id\":\"https:\/\/gegokids.ee\/#website\",\"url\":\"https:\/\/gegokids.ee\/\",\"name\":\"Gegokids\",\"description\":\"Kvaliteetsed ja turvalised laste m\u00e4nguasjad.\",\"publisher\":{\"@id\":\"https:\/\/gegokids.ee\/#organization\"},\"potentialAction\":[{\"@type\":\"SearchAction\",\"target\":{\"@type\":\"EntryPoint\",\"urlTemplate\":\"https:\/\/gegokids.ee\/?s={search_term_string}\"},\"query-input\":{\"@type\":\"PropertyValueSpecification\",\"valueRequired\":true,\"valueName\":\"search_term_string\"}}],\"inLanguage\":\"en-US\"},{\"@type\":\"Organization\",\"@id\":\"https:\/\/gegokids.ee\/#organization\",\"name\":\"Gegokids\",\"url\":\"https:\/\/gegokids.ee\/\",\"logo\":{\"@type\":\"ImageObject\",\"inLanguage\":\"en-US\",\"@id\":\"https:\/\/gegokids.ee\/#\/schema\/logo\/image\/\",\"url\":\"https:\/\/gegokids.ee\/wp-content\/uploads\/2022\/06\/logo2.png\",\"contentUrl\":\"https:\/\/gegokids.ee\/wp-content\/uploads\/2022\/06\/logo2.png\",\"width\":358,\"height\":104,\"caption\":\"Gegokids\"},\"image\":{\"@id\":\"https:\/\/gegokids.ee\/#\/schema\/logo\/image\/\"},\"sameAs\":[\"https:\/\/www.facebook.com\/GegoKids\",\"https:\/\/www.instagram.com\/gegokids.ee\/\"]}]}<\/script>\n<!-- \/ Yoast SEO plugin. -->","yoast_head_json":{"title":"Marcus &amp; Marcus Rinnapiima s\u00e4ilituskotid | Gegokids","description":"Marcuse ja Marcuse rinnapiima s\u00e4ilituskotid pakuvad emadele h\u00fcgieenilist viisi rinnapiima s\u00e4ilitamiseks. Iga kott on eelnevalt steriliseeritud, lekkimiskindla tihendiga ja eraldatud tilaga, mida on lihtne valada ilma \u00fchtki tilka rinnapiima raiskamata.","robots":{"index":"index","follow":"follow","max-snippet":"max-snippet:-1","max-image-preview":"max-image-preview:large","max-video-preview":"max-video-preview:-1"},"canonical":"https:\/\/gegokids.ee\/en\/product\/mm-rinnapiima-sailituskotid\/","og_locale":"en_US","og_type":"article","og_title":"Marcus &amp; Marcus Rinnapiima s\u00e4ilituskotid | Gegokids","og_description":"Marcuse ja Marcuse rinnapiima s\u00e4ilituskotid pakuvad emadele h\u00fcgieenilist viisi rinnapiima s\u00e4ilitamiseks. Iga kott on eelnevalt steriliseeritud, lekkimiskindla tihendiga ja eraldatud tilaga, mida on lihtne valada ilma \u00fchtki tilka rinnapiima raiskamata.","og_url":"https:\/\/gegokids.ee\/en\/product\/mm-rinnapiima-sailituskotid\/","og_site_name":"Gegokids","article_publisher":"https:\/\/www.facebook.com\/GegoKids","article_modified_time":"2026-02-08T08:30:15+00:00","og_image":[{"width":800,"height":533,"url":"https:\/\/gegokids.ee\/wp-content\/uploads\/2022\/06\/MM-Rinnapiima-Sa1lituskotid.png","type":"image\/png"}],"twitter_card":"summary_large_image","twitter_misc":{"Est. reading time":"1 minute"},"schema":{"@context":"https:\/\/schema.org","@graph":[{"@type":"WebPage","@id":"https:\/\/gegokids.ee\/toode\/mm-rinnapiima-sailituskotid\/","url":"https:\/\/gegokids.ee\/toode\/mm-rinnapiima-sailituskotid\/","name":"Marcus &amp; Marcus Rinnapiima s\u00e4ilituskotid | Gegokids","isPartOf":{"@id":"https:\/\/gegokids.ee\/#website"},"primaryImageOfPage":{"@id":"https:\/\/gegokids.ee\/toode\/mm-rinnapiima-sailituskotid\/#primaryimage"},"image":{"@id":"https:\/\/gegokids.ee\/toode\/mm-rinnapiima-sailituskotid\/#primaryimage"},"thumbnailUrl":"https:\/\/gegokids.ee\/wp-content\/uploads\/2022\/06\/MM-Rinnapiima-Sailituskotid.png","datePublished":"2022-06-18T13:48:05+00:00","dateModified":"2026-02-08T08:30:15+00:00","description":"Marcuse ja Marcuse rinnapiima s\u00e4ilituskotid pakuvad emadele h\u00fcgieenilist viisi rinnapiima s\u00e4ilitamiseks. Iga kott on eelnevalt steriliseeritud, lekkimiskindla tihendiga ja eraldatud tilaga, mida on lihtne valada ilma \u00fchtki tilka rinnapiima raiskamata.","breadcrumb":{"@id":"https:\/\/gegokids.ee\/toode\/mm-rinnapiima-sailituskotid\/#breadcrumb"},"inLanguage":"en-US","potentialAction":[{"@type":"ReadAction","target":["https:\/\/gegokids.ee\/toode\/mm-rinnapiima-sailituskotid\/"]}]},{"@type":"ImageObject","inLanguage":"en-US","@id":"https:\/\/gegokids.ee\/toode\/mm-rinnapiima-sailituskotid\/#primaryimage","url":"https:\/\/gegokids.ee\/wp-content\/uploads\/2022\/06\/MM-Rinnapiima-Sailituskotid.png","contentUrl":"https:\/\/gegokids.ee\/wp-content\/uploads\/2022\/06\/MM-Rinnapiima-Sailituskotid.png","width":800,"height":533},{"@type":"BreadcrumbList","@id":"https:\/\/gegokids.ee\/toode\/mm-rinnapiima-sailituskotid\/#breadcrumb","itemListElement":[{"@type":"ListItem","position":1,"name":"Home","item":"https:\/\/gegokids.ee\/en\/"},{"@type":"ListItem","position":2,"name":"E-pood","item":"https:\/\/gegokids.ee\/e-pood\/"},{"@type":"ListItem","position":3,"name":"Marcus &amp; Marcus Rinnapiima s\u00e4ilituskotid"}]},{"@type":"WebSite","@id":"https:\/\/gegokids.ee\/#website","url":"https:\/\/gegokids.ee\/","name":"Gegokids","description":"Kvaliteetsed ja turvalised laste m\u00e4nguasjad.","publisher":{"@id":"https:\/\/gegokids.ee\/#organization"},"potentialAction":[{"@type":"SearchAction","target":{"@type":"EntryPoint","urlTemplate":"https:\/\/gegokids.ee\/?s={search_term_string}"},"query-input":{"@type":"PropertyValueSpecification","valueRequired":true,"valueName":"search_term_string"}}],"inLanguage":"en-US"},{"@type":"Organization","@id":"https:\/\/gegokids.ee\/#organization","name":"Gegokids","url":"https:\/\/gegokids.ee\/","logo":{"@type":"ImageObject","inLanguage":"en-US","@id":"https:\/\/gegokids.ee\/#\/schema\/logo\/image\/","url":"https:\/\/gegokids.ee\/wp-content\/uploads\/2022\/06\/logo2.png","contentUrl":"https:\/\/gegokids.ee\/wp-content\/uploads\/2022\/06\/logo2.png","width":358,"height":104,"caption":"Gegokids"},"image":{"@id":"https:\/\/gegokids.ee\/#\/schema\/logo\/image\/"},"sameAs":["https:\/\/www.facebook.com\/GegoKids","https:\/\/www.instagram.com\/gegokids.ee\/"]}]}},"_links":{"self":[{"href":"https:\/\/gegokids.ee\/en\/wp-json\/wp\/v2\/product\/21120","targetHints":{"allow":["GET"]}}],"collection":[{"href":"https:\/\/gegokids.ee\/en\/wp-json\/wp\/v2\/product"}],"about":[{"href":"https:\/\/gegokids.ee\/en\/wp-json\/wp\/v2\/types\/product"}],"replies":[{"embeddable":true,"href":"https:\/\/gegokids.ee\/en\/wp-json\/wp\/v2\/comments?post=21120"}],"version-history":[{"count":4,"href":"https:\/\/gegokids.ee\/en\/wp-json\/wp\/v2\/product\/21120\/revisions"}],"predecessor-version":[{"id":28733,"href":"https:\/\/gegokids.ee\/en\/wp-json\/wp\/v2\/product\/21120\/revisions\/28733"}],"wp:featuredmedia":[{"embeddable":true,"href":"https:\/\/gegokids.ee\/en\/wp-json\/wp\/v2\/media\/21524"}],"wp:attachment":[{"href":"https:\/\/gegokids.ee\/en\/wp-json\/wp\/v2\/media?parent=21120"}],"wp:term":[{"taxonomy":"product_brand","embeddable":true,"href":"https:\/\/gegokids.ee\/en\/wp-json\/wp\/v2\/product_brand?post=21120"},{"taxonomy":"product_cat","embeddable":true,"href":"https:\/\/gegokids.ee\/en\/wp-json\/wp\/v2\/product_cat?post=21120"},{"taxonomy":"product_tag","embeddable":true,"href":"https:\/\/gegokids.ee\/en\/wp-json\/wp\/v2\/product_tag?post=21120"}],"curies":[{"name":"wp","href":"https:\/\/api.w.org\/{rel}","templated":true}]}}