{"id":21115,"date":"2022-06-18T13:48:05","date_gmt":"2022-06-18T13:48:05","guid":{"rendered":"https:\/\/gegokids.ee\/?post_type=product&#038;p=21115"},"modified":"2026-02-08T18:56:26","modified_gmt":"2026-02-08T15:56:26","slug":"mm-nurgaga-lutipudel-ja-rinnapump","status":"publish","type":"product","link":"https:\/\/gegokids.ee\/en\/product\/mm-nurgaga-lutipudel-ja-rinnapump\/","title":{"rendered":"Marcus &amp; Marcus Nurgaga lutipudel ja rinnapump"},"content":{"rendered":"<p><span style=\"color: #000000;\"><strong><span style=\"font-size: 12pt;\">Omadused:<\/span><\/strong><\/span><\/p>\n<p><span style=\"font-size: 12pt; color: #000000;\">\u2022 BPA\/ftalaadivaba<\/span><br \/>\n<span style=\"font-size: 12pt; color: #000000;\">\u2022 K\u00e4ed-vabad, vastake imetamise vajadustele ja laske rinnapiimal loomulikult v\u00e4lja pumbata<\/span><br \/>\n<span style=\"font-size: 12pt; color: #000000;\">\u2022 K\u00f5ik \u00fches pudelis<\/span><br \/>\n<span style=\"font-size: 12pt; color: #000000;\">\u2022 Lihtsad osad lihtsaks kokkupanekuks ja pesemiseks<\/span><\/p>\n<p><span style=\"font-size: 12pt; color: #000000;\">Looduslik lutt<\/span><br \/>\n<span style=\"font-size: 12pt; color: #000000;\">\u2022 Eriti pehme silikoonlutt keele sujuvaks liikumiseks<\/span><br \/>\n<span style=\"font-size: 12pt; color: #000000;\">\u2022 J\u00e4rkj\u00e4rguline kalle ja tekstuuriga pind loomuliku imemise tagamiseks<\/span><br \/>\n<span style=\"font-size: 12pt; color: #000000;\">\u2022 Kahekordne koolikutevastane s\u00fcsteem gaaside tekke v\u00e4hendamiseks<\/span><\/p>\n<p><span style=\"font-size: 12pt; color: #000000;\">Lutipudel<\/span><br \/>\n<span style=\"font-size: 12pt; color: #000000;\">\u2022 Laia kaelaga pudel<\/span><br \/>\n<span style=\"font-size: 12pt; color: #000000;\">\u2022 Mahum\u00e4rgistus<\/span><br \/>\n<span style=\"font-size: 12pt; color: #000000;\">\u2022 Vastupidav ja k\u00f5rge kuumakindlus<\/span><br \/>\n<span style=\"font-size: 12pt; color: #000000;\">\u2022 Tihendusketas rinnapiima s\u00e4ilitamise ettevalmistamise kuup\u00e4eva \u00fcmberkirjutamiseks<\/span><\/p>\n<p><span style=\"color: #000000;\"><strong><span style=\"font-size: 12pt;\">Puhastastamine ja hooldus:<\/span><\/strong><\/span><\/p>\n<p><span style=\"font-size: 12pt; color: #000000;\">\u2022 \u00dclemisel restil n\u00f5udepesumasinas pestav<\/span><br \/>\n<span style=\"font-size: 12pt; color: #000000;\">\u2022 UV-sterilisaatorikindel<\/span><br \/>\n<span style=\"font-size: 12pt; color: #000000;\">\u2022 Aurusterilisaatori ohutu<\/span><br \/>\n<span style=\"font-size: 12pt; color: #000000;\">\u2022 Plekid saab eemaldada kuuma seebiveega pestes<\/span><br \/>\n<span style=\"font-size: 12pt; color: #000000;\">\u2022 EN14350 vastavus<\/span><\/p>\n<p><span style=\"color: #000000;\"><strong><span style=\"font-size: 12pt;\">Vanus:<\/span><\/strong><\/span><\/p>\n<p><span style=\"font-size: 12pt; color: #000000;\">0+<\/span><\/p>\n<p><span style=\"color: #000000;\"><strong><span style=\"font-size: 12pt;\">Toote m\u00f5\u00f5dud:<\/span><\/strong><\/span><\/p>\n<p><span style=\"font-size: 12pt; color: #000000;\">Silikoonist rinnapump: 109 x 97 x 153 mm<\/span><br \/>\n<span style=\"font-size: 12pt; color: #000000;\">S\u00e4ilituspudel: 78 x 70 x 116 mm<\/span><br \/>\n<span style=\"font-size: 12pt; color: #000000;\">Silikoonist toitepudel: 73 x 70 x 128 mm<\/span><br \/>\n<span style=\"font-size: 12pt; color: #000000;\">Mahutavus: 120 ml \/ 4 untsi<\/span><\/p>\n<p><span style=\"color: #000000;\"><strong><span style=\"font-size: 12pt;\">Materjal:<\/span><\/strong><\/span><\/p>\n<p><span style=\"font-size: 12pt; color: #000000;\">Varjestus, silikoonpudel, looduslik s\u00f6\u00f6tmislutt, tihendusketas: plaatina silikoonkumm<\/span><br \/>\n<span style=\"font-size: 12pt; color: #000000;\">Krae, \u00fchendus, tihendusr\u00f5ngas ja kork: PP<\/span><\/p>\n<p><span style=\"color: #000000;\"><strong><span style=\"font-size: 12pt;\">Vastupidavus temperatuurid:<\/span><\/strong><\/span><\/p>\n<p><span style=\"font-size: 12pt; color: #000000;\">Varjestus, silikoonpudel, looduslik toitmislutt ja tihendusketas:<\/span><br \/>\n<span style=\"font-size: 12pt; color: #000000;\">\u2022 -20\u00b0C kuni 220\u00b0C<\/span><\/p>\n<p><span style=\"font-size: 12pt; color: #000000;\">Krae, \u00fchendus, tihendusr\u00f5ngas ja kork:<\/span><br \/>\n<span style=\"font-size: 12pt; color: #000000;\">\u2022 -20\u00b0C kuni 110\u00b0C<\/span><\/p>","protected":false},"excerpt":{"rendered":"<p><span style=\"font-size: 12pt; color: #000000;\"><strong>LIHTNE JA MUGAV VIIS RINNAPIIMA V\u00c4LJA PUMPAMISEKS\u00a0<\/strong><\/span><\/p>\n<p><span style=\"font-size: 12pt; color: #000000;\">Marcus &amp; Marcus Silikoonist nurga all olev lutipudel ja rinnapump annavad emadele lihtsa ja mugava viisi rinnapiima v\u00e4ljutamiseks, kuna nad v\u00f5ivad last hoida ja toita sama silikoonpudeliga.<\/span><\/p>\n<p><span style=\"font-size: 12pt; color: #000000;\">Marcus &amp; Marcus rinnapumpon loomuliku imemise v\u00f5imsusega, pakkudes emadele mugavat viisi rinnapiima k\u00e4sitsi v\u00e4ljutamiseks. Erinevalt elektrilisest rinnapumbast ei vaja meie rinnapump mingeid juhtmeid. Selle asemel on see kerge ja kaasaskantav.<\/span><\/p>\n<p><span style=\"font-size: 12pt; color: #000000;\">Komplektiga on kaasas aeglase vooluga, plaatina silikoonist toitenippel. Eriti pehme toitmisnibu on kujundatud j\u00e4rkj\u00e4rgulise kaldega, mis sarnaneb inimesesarnase nibuga, mis aitab imikutel rinnaga toitmise ja pudeli toitmise vastu vahetades v\u00e4ltida nibude segadust. Kui rinnapiima ei kasutata kohe, hoidke pudelit koos kaasasoleva tihenduskettaga k\u00fclmikus.<\/span><\/p>\n<p><span style=\"font-size: 12pt; color: #000000;\">Silikoonpudel on kujundatud nurga all, mis aitab edendada poolp\u00fcsti toitmisasendit, mis aitab imikutel gaaside, koolikute tekkimist v\u00e4hendada. Lutipudelil on 3 mahum\u00e4rgist, et vanemad saaksid j\u00e4relej\u00e4\u00e4nud piima lugeda ilma lukust lahti v\u00f5tmata. Kogu komplekt on valmistatud BPA-, PVC- ja ftalaadivabast materjalist, et tagada parim ja ohutum kvaliteet k\u00f5ige v\u00e4\u00e4rtuslikuma rinnapiima s\u00e4ilitamiseks.<\/span><\/p>\n<p><span style=\"color: #000000;\"><strong><span style=\"font-size: 12pt;\">Tarneaeg 2-5 t\u00f6\u00f6p\u00e4eva!<\/span><\/strong><\/span><\/p>","protected":false},"featured_media":21515,"comment_status":"closed","ping_status":"closed","template":"","meta":[],"product_brand":[455],"product_cat":[285,422,424],"product_tag":[469,446,474,457],"class_list":{"0":"post-21115","1":"product","2":"type-product","3":"status-publish","4":"has-post-thumbnail","6":"product_brand-marcus-marcus","7":"product_cat-koik","8":"product_cat-laste-soogikomplektid","9":"product_cat-nutikad-hoiustamiskarbid","10":"product_tag-emale","11":"product_tag-joogipudelid","12":"product_tag-soomistarvikud","13":"product_tag-beebidele-0-1-a","15":"first","16":"instock","17":"shipping-taxable","18":"purchasable","19":"product-type-variable"},"yoast_head":"<!-- This site is optimized with the Yoast SEO plugin v26.9 - https:\/\/yoast.com\/product\/yoast-seo-wordpress\/ -->\n<title>Marcus &amp; Marcus Nurgaga lutipudel ja rinnapump | Gegokids<\/title>\n<meta name=\"description\" content=\"Marcus &amp; Marcus Silikoonist nurga all olev lutipudel ja rinnapump annavad emadele lihtsa ja mugava viisi rinnapiima v\u00e4ljutamiseks, kuna nad v\u00f5ivad last hoida ja toita sama silikoonpudeliga.\" \/>\n<meta name=\"robots\" content=\"index, follow, max-snippet:-1, max-image-preview:large, max-video-preview:-1\" \/>\n<link rel=\"canonical\" href=\"https:\/\/gegokids.ee\/en\/product\/mm-nurgaga-lutipudel-ja-rinnapump\/\" \/>\n<meta property=\"og:locale\" content=\"en_US\" \/>\n<meta property=\"og:type\" content=\"article\" \/>\n<meta property=\"og:title\" content=\"Marcus &amp; Marcus Nurgaga lutipudel ja rinnapump | Gegokids\" \/>\n<meta property=\"og:description\" content=\"Marcus &amp; Marcus Silikoonist nurga all olev lutipudel ja rinnapump annavad emadele lihtsa ja mugava viisi rinnapiima v\u00e4ljutamiseks, kuna nad v\u00f5ivad last hoida ja toita sama silikoonpudeliga.\" \/>\n<meta property=\"og:url\" content=\"https:\/\/gegokids.ee\/en\/product\/mm-nurgaga-lutipudel-ja-rinnapump\/\" \/>\n<meta property=\"og:site_name\" content=\"Gegokids\" \/>\n<meta property=\"article:publisher\" content=\"https:\/\/www.facebook.com\/GegoKids\" \/>\n<meta property=\"article:modified_time\" content=\"2026-02-08T15:56:26+00:00\" \/>\n<meta property=\"og:image\" content=\"https:\/\/gegokids.ee\/wp-content\/uploads\/2022\/06\/MM-Nurgaga-Lutipudel-Ja-Rinnapump.png\" \/>\n\t<meta property=\"og:image:width\" content=\"800\" \/>\n\t<meta property=\"og:image:height\" content=\"533\" \/>\n\t<meta property=\"og:image:type\" content=\"image\/png\" \/>\n<meta name=\"twitter:card\" content=\"summary_large_image\" \/>\n<meta name=\"twitter:label1\" content=\"Est. reading time\" \/>\n\t<meta name=\"twitter:data1\" content=\"2 minutes\" \/>\n<script type=\"application\/ld+json\" class=\"yoast-schema-graph\">{\"@context\":\"https:\/\/schema.org\",\"@graph\":[{\"@type\":\"WebPage\",\"@id\":\"https:\/\/gegokids.ee\/toode\/mm-nurgaga-lutipudel-ja-rinnapump\/\",\"url\":\"https:\/\/gegokids.ee\/toode\/mm-nurgaga-lutipudel-ja-rinnapump\/\",\"name\":\"Marcus &amp; Marcus Nurgaga lutipudel ja rinnapump | Gegokids\",\"isPartOf\":{\"@id\":\"https:\/\/gegokids.ee\/#website\"},\"primaryImageOfPage\":{\"@id\":\"https:\/\/gegokids.ee\/toode\/mm-nurgaga-lutipudel-ja-rinnapump\/#primaryimage\"},\"image\":{\"@id\":\"https:\/\/gegokids.ee\/toode\/mm-nurgaga-lutipudel-ja-rinnapump\/#primaryimage\"},\"thumbnailUrl\":\"https:\/\/gegokids.ee\/wp-content\/uploads\/2022\/06\/MM-Nurgaga-Lutipudel-Ja-Rinnapump.png\",\"datePublished\":\"2022-06-18T13:48:05+00:00\",\"dateModified\":\"2026-02-08T15:56:26+00:00\",\"description\":\"Marcus & Marcus Silikoonist nurga all olev lutipudel ja rinnapump annavad emadele lihtsa ja mugava viisi rinnapiima v\u00e4ljutamiseks, kuna nad v\u00f5ivad last hoida ja toita sama silikoonpudeliga.\",\"breadcrumb\":{\"@id\":\"https:\/\/gegokids.ee\/toode\/mm-nurgaga-lutipudel-ja-rinnapump\/#breadcrumb\"},\"inLanguage\":\"en-US\",\"potentialAction\":[{\"@type\":\"ReadAction\",\"target\":[\"https:\/\/gegokids.ee\/toode\/mm-nurgaga-lutipudel-ja-rinnapump\/\"]}]},{\"@type\":\"ImageObject\",\"inLanguage\":\"en-US\",\"@id\":\"https:\/\/gegokids.ee\/toode\/mm-nurgaga-lutipudel-ja-rinnapump\/#primaryimage\",\"url\":\"https:\/\/gegokids.ee\/wp-content\/uploads\/2022\/06\/MM-Nurgaga-Lutipudel-Ja-Rinnapump.png\",\"contentUrl\":\"https:\/\/gegokids.ee\/wp-content\/uploads\/2022\/06\/MM-Nurgaga-Lutipudel-Ja-Rinnapump.png\",\"width\":800,\"height\":533},{\"@type\":\"BreadcrumbList\",\"@id\":\"https:\/\/gegokids.ee\/toode\/mm-nurgaga-lutipudel-ja-rinnapump\/#breadcrumb\",\"itemListElement\":[{\"@type\":\"ListItem\",\"position\":1,\"name\":\"Home\",\"item\":\"https:\/\/gegokids.ee\/en\/\"},{\"@type\":\"ListItem\",\"position\":2,\"name\":\"E-pood\",\"item\":\"https:\/\/gegokids.ee\/e-pood\/\"},{\"@type\":\"ListItem\",\"position\":3,\"name\":\"Marcus &amp; Marcus Nurgaga lutipudel ja rinnapump\"}]},{\"@type\":\"WebSite\",\"@id\":\"https:\/\/gegokids.ee\/#website\",\"url\":\"https:\/\/gegokids.ee\/\",\"name\":\"Gegokids\",\"description\":\"Kvaliteetsed ja turvalised laste m\u00e4nguasjad.\",\"publisher\":{\"@id\":\"https:\/\/gegokids.ee\/#organization\"},\"potentialAction\":[{\"@type\":\"SearchAction\",\"target\":{\"@type\":\"EntryPoint\",\"urlTemplate\":\"https:\/\/gegokids.ee\/?s={search_term_string}\"},\"query-input\":{\"@type\":\"PropertyValueSpecification\",\"valueRequired\":true,\"valueName\":\"search_term_string\"}}],\"inLanguage\":\"en-US\"},{\"@type\":\"Organization\",\"@id\":\"https:\/\/gegokids.ee\/#organization\",\"name\":\"Gegokids\",\"url\":\"https:\/\/gegokids.ee\/\",\"logo\":{\"@type\":\"ImageObject\",\"inLanguage\":\"en-US\",\"@id\":\"https:\/\/gegokids.ee\/#\/schema\/logo\/image\/\",\"url\":\"https:\/\/gegokids.ee\/wp-content\/uploads\/2022\/06\/logo2.png\",\"contentUrl\":\"https:\/\/gegokids.ee\/wp-content\/uploads\/2022\/06\/logo2.png\",\"width\":358,\"height\":104,\"caption\":\"Gegokids\"},\"image\":{\"@id\":\"https:\/\/gegokids.ee\/#\/schema\/logo\/image\/\"},\"sameAs\":[\"https:\/\/www.facebook.com\/GegoKids\",\"https:\/\/www.instagram.com\/gegokids.ee\/\"]}]}<\/script>\n<!-- \/ Yoast SEO plugin. -->","yoast_head_json":{"title":"Marcus &amp; Marcus Nurgaga lutipudel ja rinnapump | Gegokids","description":"Marcus & Marcus Silikoonist nurga all olev lutipudel ja rinnapump annavad emadele lihtsa ja mugava viisi rinnapiima v\u00e4ljutamiseks, kuna nad v\u00f5ivad last hoida ja toita sama silikoonpudeliga.","robots":{"index":"index","follow":"follow","max-snippet":"max-snippet:-1","max-image-preview":"max-image-preview:large","max-video-preview":"max-video-preview:-1"},"canonical":"https:\/\/gegokids.ee\/en\/product\/mm-nurgaga-lutipudel-ja-rinnapump\/","og_locale":"en_US","og_type":"article","og_title":"Marcus &amp; Marcus Nurgaga lutipudel ja rinnapump | Gegokids","og_description":"Marcus & Marcus Silikoonist nurga all olev lutipudel ja rinnapump annavad emadele lihtsa ja mugava viisi rinnapiima v\u00e4ljutamiseks, kuna nad v\u00f5ivad last hoida ja toita sama silikoonpudeliga.","og_url":"https:\/\/gegokids.ee\/en\/product\/mm-nurgaga-lutipudel-ja-rinnapump\/","og_site_name":"Gegokids","article_publisher":"https:\/\/www.facebook.com\/GegoKids","article_modified_time":"2026-02-08T15:56:26+00:00","og_image":[{"width":800,"height":533,"url":"https:\/\/gegokids.ee\/wp-content\/uploads\/2022\/06\/MM-Nurgaga-Lutipudel-Ja-Rinnapump.png","type":"image\/png"}],"twitter_card":"summary_large_image","twitter_misc":{"Est. reading time":"2 minutes"},"schema":{"@context":"https:\/\/schema.org","@graph":[{"@type":"WebPage","@id":"https:\/\/gegokids.ee\/toode\/mm-nurgaga-lutipudel-ja-rinnapump\/","url":"https:\/\/gegokids.ee\/toode\/mm-nurgaga-lutipudel-ja-rinnapump\/","name":"Marcus &amp; Marcus Nurgaga lutipudel ja rinnapump | Gegokids","isPartOf":{"@id":"https:\/\/gegokids.ee\/#website"},"primaryImageOfPage":{"@id":"https:\/\/gegokids.ee\/toode\/mm-nurgaga-lutipudel-ja-rinnapump\/#primaryimage"},"image":{"@id":"https:\/\/gegokids.ee\/toode\/mm-nurgaga-lutipudel-ja-rinnapump\/#primaryimage"},"thumbnailUrl":"https:\/\/gegokids.ee\/wp-content\/uploads\/2022\/06\/MM-Nurgaga-Lutipudel-Ja-Rinnapump.png","datePublished":"2022-06-18T13:48:05+00:00","dateModified":"2026-02-08T15:56:26+00:00","description":"Marcus & Marcus Silikoonist nurga all olev lutipudel ja rinnapump annavad emadele lihtsa ja mugava viisi rinnapiima v\u00e4ljutamiseks, kuna nad v\u00f5ivad last hoida ja toita sama silikoonpudeliga.","breadcrumb":{"@id":"https:\/\/gegokids.ee\/toode\/mm-nurgaga-lutipudel-ja-rinnapump\/#breadcrumb"},"inLanguage":"en-US","potentialAction":[{"@type":"ReadAction","target":["https:\/\/gegokids.ee\/toode\/mm-nurgaga-lutipudel-ja-rinnapump\/"]}]},{"@type":"ImageObject","inLanguage":"en-US","@id":"https:\/\/gegokids.ee\/toode\/mm-nurgaga-lutipudel-ja-rinnapump\/#primaryimage","url":"https:\/\/gegokids.ee\/wp-content\/uploads\/2022\/06\/MM-Nurgaga-Lutipudel-Ja-Rinnapump.png","contentUrl":"https:\/\/gegokids.ee\/wp-content\/uploads\/2022\/06\/MM-Nurgaga-Lutipudel-Ja-Rinnapump.png","width":800,"height":533},{"@type":"BreadcrumbList","@id":"https:\/\/gegokids.ee\/toode\/mm-nurgaga-lutipudel-ja-rinnapump\/#breadcrumb","itemListElement":[{"@type":"ListItem","position":1,"name":"Home","item":"https:\/\/gegokids.ee\/en\/"},{"@type":"ListItem","position":2,"name":"E-pood","item":"https:\/\/gegokids.ee\/e-pood\/"},{"@type":"ListItem","position":3,"name":"Marcus &amp; Marcus Nurgaga lutipudel ja rinnapump"}]},{"@type":"WebSite","@id":"https:\/\/gegokids.ee\/#website","url":"https:\/\/gegokids.ee\/","name":"Gegokids","description":"Kvaliteetsed ja turvalised laste m\u00e4nguasjad.","publisher":{"@id":"https:\/\/gegokids.ee\/#organization"},"potentialAction":[{"@type":"SearchAction","target":{"@type":"EntryPoint","urlTemplate":"https:\/\/gegokids.ee\/?s={search_term_string}"},"query-input":{"@type":"PropertyValueSpecification","valueRequired":true,"valueName":"search_term_string"}}],"inLanguage":"en-US"},{"@type":"Organization","@id":"https:\/\/gegokids.ee\/#organization","name":"Gegokids","url":"https:\/\/gegokids.ee\/","logo":{"@type":"ImageObject","inLanguage":"en-US","@id":"https:\/\/gegokids.ee\/#\/schema\/logo\/image\/","url":"https:\/\/gegokids.ee\/wp-content\/uploads\/2022\/06\/logo2.png","contentUrl":"https:\/\/gegokids.ee\/wp-content\/uploads\/2022\/06\/logo2.png","width":358,"height":104,"caption":"Gegokids"},"image":{"@id":"https:\/\/gegokids.ee\/#\/schema\/logo\/image\/"},"sameAs":["https:\/\/www.facebook.com\/GegoKids","https:\/\/www.instagram.com\/gegokids.ee\/"]}]}},"_links":{"self":[{"href":"https:\/\/gegokids.ee\/en\/wp-json\/wp\/v2\/product\/21115","targetHints":{"allow":["GET"]}}],"collection":[{"href":"https:\/\/gegokids.ee\/en\/wp-json\/wp\/v2\/product"}],"about":[{"href":"https:\/\/gegokids.ee\/en\/wp-json\/wp\/v2\/types\/product"}],"replies":[{"embeddable":true,"href":"https:\/\/gegokids.ee\/en\/wp-json\/wp\/v2\/comments?post=21115"}],"version-history":[{"count":5,"href":"https:\/\/gegokids.ee\/en\/wp-json\/wp\/v2\/product\/21115\/revisions"}],"predecessor-version":[{"id":28737,"href":"https:\/\/gegokids.ee\/en\/wp-json\/wp\/v2\/product\/21115\/revisions\/28737"}],"wp:featuredmedia":[{"embeddable":true,"href":"https:\/\/gegokids.ee\/en\/wp-json\/wp\/v2\/media\/21515"}],"wp:attachment":[{"href":"https:\/\/gegokids.ee\/en\/wp-json\/wp\/v2\/media?parent=21115"}],"wp:term":[{"taxonomy":"product_brand","embeddable":true,"href":"https:\/\/gegokids.ee\/en\/wp-json\/wp\/v2\/product_brand?post=21115"},{"taxonomy":"product_cat","embeddable":true,"href":"https:\/\/gegokids.ee\/en\/wp-json\/wp\/v2\/product_cat?post=21115"},{"taxonomy":"product_tag","embeddable":true,"href":"https:\/\/gegokids.ee\/en\/wp-json\/wp\/v2\/product_tag?post=21115"}],"curies":[{"name":"wp","href":"https:\/\/api.w.org\/{rel}","templated":true}]}}