{"id":21114,"date":"2022-06-18T13:48:05","date_gmt":"2022-06-18T13:48:05","guid":{"rendered":"https:\/\/gegokids.ee\/?post_type=product&#038;p=21114"},"modified":"2026-02-08T18:56:16","modified_gmt":"2026-02-08T15:56:16","slug":"mm-nurgaga-lutipudel-ja-pureelusikas","status":"publish","type":"product","link":"https:\/\/gegokids.ee\/en\/product\/mm-nurgaga-lutipudel-ja-pureelusikas\/","title":{"rendered":"Marcus &amp; Marcus nurgaga lutipudel ja p\u00fcreelusikas"},"content":{"rendered":"<p><span style=\"font-size: 12pt; font-family: georgia, palatino, serif; color: #000000;\">Omadused:<\/span><\/p>\n<p><span style=\"font-size: 12pt; font-family: georgia, palatino, serif; color: #000000;\">\u2022 BPA\/ftalaadivaba<\/span><br \/>\n<span style=\"font-size: 12pt; font-family: georgia, palatino, serif; color: #000000;\">\u2022 K\u00f5ik \u00fches pudelis<\/span><br \/>\n<span style=\"font-size: 12pt; font-family: georgia, palatino, serif; color: #000000;\">\u2022 Lihtsad osad lihtsaks kokkupanekuks ja pesemiseks<\/span><\/p>\n<p><span style=\"font-size: 12pt; font-family: georgia, palatino, serif; color: #000000;\">Looduslik lutipudeli lutt<\/span><br \/>\n<span style=\"font-size: 12pt; font-family: georgia, palatino, serif; color: #000000;\">\u2022 Eriti pehme silikoonist luttl keele sujuvaks liikumiseks<\/span><br \/>\n<span style=\"font-size: 12pt; font-family: georgia, palatino, serif; color: #000000;\">\u2022 J\u00e4rkj\u00e4rguline kalle ja tekstuuriga pind loomuliku lukustuse tagamiseks<\/span><br \/>\n<span style=\"font-size: 12pt; font-family: georgia, palatino, serif; color: #000000;\">\u2022 Kahekordne koolikutevastane s\u00fcsteem gaasi sissev\u00f5tu v\u00e4hendamiseks<\/span><\/p>\n<p><span style=\"font-size: 12pt; font-family: georgia, palatino, serif; color: #000000;\">Lutipudel<\/span><br \/>\n<span style=\"font-size: 12pt; font-family: georgia, palatino, serif; color: #000000;\">\u2022 Laia kaelaga pudel<\/span><br \/>\n<span style=\"font-size: 12pt; font-family: georgia, palatino, serif; color: #000000;\">\u2022 Mahum\u00e4rgistus<\/span><br \/>\n<span style=\"font-size: 12pt; font-family: georgia, palatino, serif; color: #000000;\">\u2022 Vastupidav ja k\u00f5rge kuumakindlus<\/span><br \/>\n<span style=\"font-size: 12pt; font-family: georgia, palatino, serif; color: #000000;\">\u2022 Tihendusketas rinnapiima s\u00e4ilitamise ettevalmistamise kuup\u00e4eva \u00fcmberkirjutamiseks<\/span><br \/>\n<span style=\"font-size: 12pt; font-family: georgia, palatino, serif; color: #000000;\">\u2022 Doseerimislusikas tagab lihtsa \u00fclemineku tahkele toidule<\/span><br \/>\n<span style=\"font-size: 12pt; font-family: georgia, palatino, serif; color: #000000;\">\u2022 Pehme ots \u00f5rnade igemete jaoks<\/span><\/p>\n<p><span style=\"font-size: 12pt; font-family: georgia, palatino, serif; color: #000000;\">Hooldus:<\/span><\/p>\n<p><span style=\"font-size: 12pt; font-family: georgia, palatino, serif; color: #000000;\">\u2022 \u00dclemisel restil n\u00f5udepesumasinas pestav<\/span><br \/>\n<span style=\"font-size: 12pt; font-family: georgia, palatino, serif; color: #000000;\">\u2022 UV-sterilisaatorikindel<\/span><br \/>\n<span style=\"font-size: 12pt; font-family: georgia, palatino, serif; color: #000000;\">\u2022 Aurusterilisaatoris puhastatav<\/span><br \/>\n<span style=\"font-size: 12pt; font-family: georgia, palatino, serif; color: #000000;\">\u2022 Plekid saab eemaldada kuuma seebiveega pestes<\/span><br \/>\n<span style=\"font-size: 12pt; font-family: georgia, palatino, serif; color: #000000;\">\u2022 EN14350 \/ EN14372 vastavus<\/span><\/p>\n<p><span style=\"font-size: 12pt; font-family: georgia, palatino, serif; color: #000000;\">Vanus:<\/span><\/p>\n<p><span style=\"font-size: 12pt; font-family: georgia, palatino, serif; color: #000000;\">0+<\/span><\/p>\n<p><span style=\"font-size: 12pt; font-family: georgia, palatino, serif; color: #000000;\">Toote suurus:<\/span><\/p>\n<p><span style=\"font-size: 12pt; font-family: georgia, palatino, serif; color: #000000;\">Silikoonist toitepudel: 73 x 70 x 128 mm, mahutavus: 120 ml \/ 4 untsi<\/span><br \/>\n<span style=\"font-size: 12pt; font-family: georgia, palatino, serif; color: #000000;\">S\u00e4ilituspudel: 78 x 70 x 116 mm<\/span><br \/>\n<span style=\"font-size: 12pt; font-family: georgia, palatino, serif; color: #000000;\">Doseerimislusikas: 93,5 x 70 x 152 mm<\/span><\/p>\n<p><span style=\"font-size: 12pt; font-family: georgia, palatino, serif; color: #000000;\">Materjal:<\/span><\/p>\n<p><span style=\"font-size: 12pt; font-family: georgia, palatino, serif; color: #000000;\">Silikoonpudel \/ Looduslik s\u00f6\u00f6tmisnippel \/ Tihendusketas \/ Doseerimislusikas: Plaatina silikoonkumm<\/span><br \/>\n<span style=\"font-size: 12pt; font-family: georgia, palatino, serif; color: #000000;\">Krae, pistik, tihendusr\u00f5ngas ja kork: PP<\/span><br \/>\n<span style=\"font-size: 12pt; font-family: georgia, palatino, serif; color: #000000;\">Doseerimislusika kork: SAN<\/span><\/p>\n<p><span style=\"font-size: 12pt; font-family: georgia, palatino, serif; color: #000000;\">Vastupidavus temp:<\/span><\/p>\n<p><span style=\"font-size: 12pt; font-family: georgia, palatino, serif; color: #000000;\">Silikoonpudel \/ looduslik s\u00f6\u00f6tmisnippel \/ tihendusketas \/ jaotuslusikas:<\/span><br \/>\n<span style=\"font-size: 12pt; font-family: georgia, palatino, serif; color: #000000;\">\u2022 -20\u00b0C kuni 220\u00b0C<\/span><\/p>\n<p><span style=\"font-size: 12pt; font-family: georgia, palatino, serif; color: #000000;\">Krae \/ pistik \/ tihendusr\u00f5ngas \/ kork:<\/span><br \/>\n<span style=\"font-size: 12pt; font-family: georgia, palatino, serif; color: #000000;\">\u2022 -20\u00b0C kuni 110\u00b0C<\/span><\/p>\n<p><span style=\"font-size: 12pt; font-family: georgia, palatino, serif; color: #000000;\">Doseerimislusika kork:<\/span><br \/>\n<span style=\"font-size: 12pt; font-family: georgia, palatino, serif; color: #000000;\">\u2022 0\u00b0C kuni 90\u00b0C<\/span><\/p>","protected":false},"excerpt":{"rendered":"<div class=\"e7655-20 x-text x-text-headline\">\n<div class=\"x-text-content\">\n<div class=\"x-text-content-text\">\n<p><span style=\"font-family: georgia, palatino, serif; font-size: 12pt; color: #000000;\">RINNAPIIMA TOITMISELT \u00dcLEMINEK P\u00dcREEDELE<\/span><\/p>\n<p><span style=\"font-family: georgia, palatino, serif; font-size: 12pt; color: #000000;\">Marcus &amp; Marcus Silikoonist nurgaga lutipudel ja lusikas pakuvad j\u00e4tkusuutlikku lahendust, laiendades sama lutipudeli kasutamist rinnapiimaga toitmisest kuni p\u00fcreeni, mis on eriti kasulik siis, kui laps hakkab tahket toitu s\u00f6\u00f6ma.<\/span><\/p>\n<p><span style=\"font-family: georgia, palatino, serif; font-size: 12pt; color: #000000;\">Seda saab teha, asendades lihtsalt lutipudeli luti p\u00fcreelusikaga, see on kiire ja lihtne. Komplektiga on kaasas aeglase vooluga, plaatina silikoonist lutipudeli lutt. Eriti pehme lutt on kujundatud j\u00e4rkj\u00e4rgulise kaldega, mis sarnaneb inimese rinnanibuga, mis aitab v\u00e4ltida nibude segadust rinnaga toitmise ja pudeli toitmise vahelt vahetamisel. Kui rinnapiima ei kasutata kohe, hoidke pudelit koos kaasasoleva tihenduskettaga k\u00fclmikus.<\/span><\/p>\n<p><span style=\"font-family: georgia, palatino, serif; font-size: 12pt; color: #000000;\"><strong>Tarneaeg 2-5 t\u00f6\u00f6p\u00e4eva!<\/strong><\/span><\/p>\n<\/div>\n<\/div>\n<\/div>","protected":false},"featured_media":21509,"comment_status":"closed","ping_status":"closed","template":"","meta":[],"product_brand":[455],"product_cat":[285,422,396],"product_tag":[469,446,474,457],"class_list":{"0":"post-21114","1":"product","2":"type-product","3":"status-publish","4":"has-post-thumbnail","6":"product_brand-marcus-marcus","7":"product_cat-koik","8":"product_cat-laste-soogikomplektid","9":"product_cat-outlet","10":"product_tag-emale","11":"product_tag-joogipudelid","12":"product_tag-soomistarvikud","13":"product_tag-beebidele-0-1-a","15":"first","16":"instock","17":"shipping-taxable","18":"purchasable","19":"product-type-variable"},"yoast_head":"<!-- This site is optimized with the Yoast SEO plugin v26.9 - https:\/\/yoast.com\/product\/yoast-seo-wordpress\/ -->\n<title>Marcus &amp; Marcus nurgaga lutipudel ja p\u00fcreelusikas | Gegokids<\/title>\n<meta name=\"description\" content=\"Marcus &amp; Marcus Silikoonist nurgaga lutipudel ja lusikas pakuvad j\u00e4tkusuutlikku lahendust, laiendades sama lutipudeli kasutamist rinnapiimaga toitmisest kuni p\u00fcreeni, mis on eriti kasulik siis, kui laps hakkab tahket toitu s\u00f6\u00f6ma.\" \/>\n<meta name=\"robots\" content=\"index, follow, max-snippet:-1, max-image-preview:large, max-video-preview:-1\" \/>\n<link rel=\"canonical\" href=\"https:\/\/gegokids.ee\/en\/product\/mm-nurgaga-lutipudel-ja-pureelusikas\/\" \/>\n<meta property=\"og:locale\" content=\"en_US\" \/>\n<meta property=\"og:type\" content=\"article\" \/>\n<meta property=\"og:title\" content=\"Marcus &amp; Marcus nurgaga lutipudel ja p\u00fcreelusikas | Gegokids\" \/>\n<meta property=\"og:description\" content=\"Marcus &amp; Marcus Silikoonist nurgaga lutipudel ja lusikas pakuvad j\u00e4tkusuutlikku lahendust, laiendades sama lutipudeli kasutamist rinnapiimaga toitmisest kuni p\u00fcreeni, mis on eriti kasulik siis, kui laps hakkab tahket toitu s\u00f6\u00f6ma.\" \/>\n<meta property=\"og:url\" content=\"https:\/\/gegokids.ee\/en\/product\/mm-nurgaga-lutipudel-ja-pureelusikas\/\" \/>\n<meta property=\"og:site_name\" content=\"Gegokids\" \/>\n<meta property=\"article:publisher\" content=\"https:\/\/www.facebook.com\/GegoKids\" \/>\n<meta property=\"article:modified_time\" content=\"2026-02-08T15:56:16+00:00\" \/>\n<meta property=\"og:image\" content=\"https:\/\/gegokids.ee\/wp-content\/uploads\/2022\/06\/MM-Nurgaga-Lutipudel-Ja-Pureelusikas.png\" \/>\n\t<meta property=\"og:image:width\" content=\"800\" \/>\n\t<meta property=\"og:image:height\" content=\"533\" \/>\n\t<meta property=\"og:image:type\" content=\"image\/png\" \/>\n<meta name=\"twitter:card\" content=\"summary_large_image\" \/>\n<meta name=\"twitter:label1\" content=\"Est. reading time\" \/>\n\t<meta name=\"twitter:data1\" content=\"2 minutes\" \/>\n<script type=\"application\/ld+json\" class=\"yoast-schema-graph\">{\"@context\":\"https:\/\/schema.org\",\"@graph\":[{\"@type\":\"WebPage\",\"@id\":\"https:\/\/gegokids.ee\/toode\/mm-nurgaga-lutipudel-ja-pureelusikas\/\",\"url\":\"https:\/\/gegokids.ee\/toode\/mm-nurgaga-lutipudel-ja-pureelusikas\/\",\"name\":\"Marcus &amp; Marcus nurgaga lutipudel ja p\u00fcreelusikas | Gegokids\",\"isPartOf\":{\"@id\":\"https:\/\/gegokids.ee\/#website\"},\"primaryImageOfPage\":{\"@id\":\"https:\/\/gegokids.ee\/toode\/mm-nurgaga-lutipudel-ja-pureelusikas\/#primaryimage\"},\"image\":{\"@id\":\"https:\/\/gegokids.ee\/toode\/mm-nurgaga-lutipudel-ja-pureelusikas\/#primaryimage\"},\"thumbnailUrl\":\"https:\/\/gegokids.ee\/wp-content\/uploads\/2022\/06\/MM-Nurgaga-Lutipudel-Ja-Pureelusikas.png\",\"datePublished\":\"2022-06-18T13:48:05+00:00\",\"dateModified\":\"2026-02-08T15:56:16+00:00\",\"description\":\"Marcus & Marcus Silikoonist nurgaga lutipudel ja lusikas pakuvad j\u00e4tkusuutlikku lahendust, laiendades sama lutipudeli kasutamist rinnapiimaga toitmisest kuni p\u00fcreeni, mis on eriti kasulik siis, kui laps hakkab tahket toitu s\u00f6\u00f6ma.\",\"breadcrumb\":{\"@id\":\"https:\/\/gegokids.ee\/toode\/mm-nurgaga-lutipudel-ja-pureelusikas\/#breadcrumb\"},\"inLanguage\":\"en-US\",\"potentialAction\":[{\"@type\":\"ReadAction\",\"target\":[\"https:\/\/gegokids.ee\/toode\/mm-nurgaga-lutipudel-ja-pureelusikas\/\"]}]},{\"@type\":\"ImageObject\",\"inLanguage\":\"en-US\",\"@id\":\"https:\/\/gegokids.ee\/toode\/mm-nurgaga-lutipudel-ja-pureelusikas\/#primaryimage\",\"url\":\"https:\/\/gegokids.ee\/wp-content\/uploads\/2022\/06\/MM-Nurgaga-Lutipudel-Ja-Pureelusikas.png\",\"contentUrl\":\"https:\/\/gegokids.ee\/wp-content\/uploads\/2022\/06\/MM-Nurgaga-Lutipudel-Ja-Pureelusikas.png\",\"width\":800,\"height\":533},{\"@type\":\"BreadcrumbList\",\"@id\":\"https:\/\/gegokids.ee\/toode\/mm-nurgaga-lutipudel-ja-pureelusikas\/#breadcrumb\",\"itemListElement\":[{\"@type\":\"ListItem\",\"position\":1,\"name\":\"Home\",\"item\":\"https:\/\/gegokids.ee\/en\/\"},{\"@type\":\"ListItem\",\"position\":2,\"name\":\"E-pood\",\"item\":\"https:\/\/gegokids.ee\/e-pood\/\"},{\"@type\":\"ListItem\",\"position\":3,\"name\":\"Marcus &amp; Marcus nurgaga lutipudel ja p\u00fcreelusikas\"}]},{\"@type\":\"WebSite\",\"@id\":\"https:\/\/gegokids.ee\/#website\",\"url\":\"https:\/\/gegokids.ee\/\",\"name\":\"Gegokids\",\"description\":\"Kvaliteetsed ja turvalised laste m\u00e4nguasjad.\",\"publisher\":{\"@id\":\"https:\/\/gegokids.ee\/#organization\"},\"potentialAction\":[{\"@type\":\"SearchAction\",\"target\":{\"@type\":\"EntryPoint\",\"urlTemplate\":\"https:\/\/gegokids.ee\/?s={search_term_string}\"},\"query-input\":{\"@type\":\"PropertyValueSpecification\",\"valueRequired\":true,\"valueName\":\"search_term_string\"}}],\"inLanguage\":\"en-US\"},{\"@type\":\"Organization\",\"@id\":\"https:\/\/gegokids.ee\/#organization\",\"name\":\"Gegokids\",\"url\":\"https:\/\/gegokids.ee\/\",\"logo\":{\"@type\":\"ImageObject\",\"inLanguage\":\"en-US\",\"@id\":\"https:\/\/gegokids.ee\/#\/schema\/logo\/image\/\",\"url\":\"https:\/\/gegokids.ee\/wp-content\/uploads\/2022\/06\/logo2.png\",\"contentUrl\":\"https:\/\/gegokids.ee\/wp-content\/uploads\/2022\/06\/logo2.png\",\"width\":358,\"height\":104,\"caption\":\"Gegokids\"},\"image\":{\"@id\":\"https:\/\/gegokids.ee\/#\/schema\/logo\/image\/\"},\"sameAs\":[\"https:\/\/www.facebook.com\/GegoKids\",\"https:\/\/www.instagram.com\/gegokids.ee\/\"]}]}<\/script>\n<!-- \/ Yoast SEO plugin. -->","yoast_head_json":{"title":"Marcus &amp; Marcus nurgaga lutipudel ja p\u00fcreelusikas | Gegokids","description":"Marcus & Marcus Silikoonist nurgaga lutipudel ja lusikas pakuvad j\u00e4tkusuutlikku lahendust, laiendades sama lutipudeli kasutamist rinnapiimaga toitmisest kuni p\u00fcreeni, mis on eriti kasulik siis, kui laps hakkab tahket toitu s\u00f6\u00f6ma.","robots":{"index":"index","follow":"follow","max-snippet":"max-snippet:-1","max-image-preview":"max-image-preview:large","max-video-preview":"max-video-preview:-1"},"canonical":"https:\/\/gegokids.ee\/en\/product\/mm-nurgaga-lutipudel-ja-pureelusikas\/","og_locale":"en_US","og_type":"article","og_title":"Marcus &amp; Marcus nurgaga lutipudel ja p\u00fcreelusikas | Gegokids","og_description":"Marcus & Marcus Silikoonist nurgaga lutipudel ja lusikas pakuvad j\u00e4tkusuutlikku lahendust, laiendades sama lutipudeli kasutamist rinnapiimaga toitmisest kuni p\u00fcreeni, mis on eriti kasulik siis, kui laps hakkab tahket toitu s\u00f6\u00f6ma.","og_url":"https:\/\/gegokids.ee\/en\/product\/mm-nurgaga-lutipudel-ja-pureelusikas\/","og_site_name":"Gegokids","article_publisher":"https:\/\/www.facebook.com\/GegoKids","article_modified_time":"2026-02-08T15:56:16+00:00","og_image":[{"width":800,"height":533,"url":"https:\/\/gegokids.ee\/wp-content\/uploads\/2022\/06\/MM-Nurgaga-Lutipudel-Ja-Pureelusikas.png","type":"image\/png"}],"twitter_card":"summary_large_image","twitter_misc":{"Est. reading time":"2 minutes"},"schema":{"@context":"https:\/\/schema.org","@graph":[{"@type":"WebPage","@id":"https:\/\/gegokids.ee\/toode\/mm-nurgaga-lutipudel-ja-pureelusikas\/","url":"https:\/\/gegokids.ee\/toode\/mm-nurgaga-lutipudel-ja-pureelusikas\/","name":"Marcus &amp; Marcus nurgaga lutipudel ja p\u00fcreelusikas | Gegokids","isPartOf":{"@id":"https:\/\/gegokids.ee\/#website"},"primaryImageOfPage":{"@id":"https:\/\/gegokids.ee\/toode\/mm-nurgaga-lutipudel-ja-pureelusikas\/#primaryimage"},"image":{"@id":"https:\/\/gegokids.ee\/toode\/mm-nurgaga-lutipudel-ja-pureelusikas\/#primaryimage"},"thumbnailUrl":"https:\/\/gegokids.ee\/wp-content\/uploads\/2022\/06\/MM-Nurgaga-Lutipudel-Ja-Pureelusikas.png","datePublished":"2022-06-18T13:48:05+00:00","dateModified":"2026-02-08T15:56:16+00:00","description":"Marcus & Marcus Silikoonist nurgaga lutipudel ja lusikas pakuvad j\u00e4tkusuutlikku lahendust, laiendades sama lutipudeli kasutamist rinnapiimaga toitmisest kuni p\u00fcreeni, mis on eriti kasulik siis, kui laps hakkab tahket toitu s\u00f6\u00f6ma.","breadcrumb":{"@id":"https:\/\/gegokids.ee\/toode\/mm-nurgaga-lutipudel-ja-pureelusikas\/#breadcrumb"},"inLanguage":"en-US","potentialAction":[{"@type":"ReadAction","target":["https:\/\/gegokids.ee\/toode\/mm-nurgaga-lutipudel-ja-pureelusikas\/"]}]},{"@type":"ImageObject","inLanguage":"en-US","@id":"https:\/\/gegokids.ee\/toode\/mm-nurgaga-lutipudel-ja-pureelusikas\/#primaryimage","url":"https:\/\/gegokids.ee\/wp-content\/uploads\/2022\/06\/MM-Nurgaga-Lutipudel-Ja-Pureelusikas.png","contentUrl":"https:\/\/gegokids.ee\/wp-content\/uploads\/2022\/06\/MM-Nurgaga-Lutipudel-Ja-Pureelusikas.png","width":800,"height":533},{"@type":"BreadcrumbList","@id":"https:\/\/gegokids.ee\/toode\/mm-nurgaga-lutipudel-ja-pureelusikas\/#breadcrumb","itemListElement":[{"@type":"ListItem","position":1,"name":"Home","item":"https:\/\/gegokids.ee\/en\/"},{"@type":"ListItem","position":2,"name":"E-pood","item":"https:\/\/gegokids.ee\/e-pood\/"},{"@type":"ListItem","position":3,"name":"Marcus &amp; Marcus nurgaga lutipudel ja p\u00fcreelusikas"}]},{"@type":"WebSite","@id":"https:\/\/gegokids.ee\/#website","url":"https:\/\/gegokids.ee\/","name":"Gegokids","description":"Kvaliteetsed ja turvalised laste m\u00e4nguasjad.","publisher":{"@id":"https:\/\/gegokids.ee\/#organization"},"potentialAction":[{"@type":"SearchAction","target":{"@type":"EntryPoint","urlTemplate":"https:\/\/gegokids.ee\/?s={search_term_string}"},"query-input":{"@type":"PropertyValueSpecification","valueRequired":true,"valueName":"search_term_string"}}],"inLanguage":"en-US"},{"@type":"Organization","@id":"https:\/\/gegokids.ee\/#organization","name":"Gegokids","url":"https:\/\/gegokids.ee\/","logo":{"@type":"ImageObject","inLanguage":"en-US","@id":"https:\/\/gegokids.ee\/#\/schema\/logo\/image\/","url":"https:\/\/gegokids.ee\/wp-content\/uploads\/2022\/06\/logo2.png","contentUrl":"https:\/\/gegokids.ee\/wp-content\/uploads\/2022\/06\/logo2.png","width":358,"height":104,"caption":"Gegokids"},"image":{"@id":"https:\/\/gegokids.ee\/#\/schema\/logo\/image\/"},"sameAs":["https:\/\/www.facebook.com\/GegoKids","https:\/\/www.instagram.com\/gegokids.ee\/"]}]}},"_links":{"self":[{"href":"https:\/\/gegokids.ee\/en\/wp-json\/wp\/v2\/product\/21114","targetHints":{"allow":["GET"]}}],"collection":[{"href":"https:\/\/gegokids.ee\/en\/wp-json\/wp\/v2\/product"}],"about":[{"href":"https:\/\/gegokids.ee\/en\/wp-json\/wp\/v2\/types\/product"}],"replies":[{"embeddable":true,"href":"https:\/\/gegokids.ee\/en\/wp-json\/wp\/v2\/comments?post=21114"}],"version-history":[{"count":4,"href":"https:\/\/gegokids.ee\/en\/wp-json\/wp\/v2\/product\/21114\/revisions"}],"predecessor-version":[{"id":28745,"href":"https:\/\/gegokids.ee\/en\/wp-json\/wp\/v2\/product\/21114\/revisions\/28745"}],"wp:featuredmedia":[{"embeddable":true,"href":"https:\/\/gegokids.ee\/en\/wp-json\/wp\/v2\/media\/21509"}],"wp:attachment":[{"href":"https:\/\/gegokids.ee\/en\/wp-json\/wp\/v2\/media?parent=21114"}],"wp:term":[{"taxonomy":"product_brand","embeddable":true,"href":"https:\/\/gegokids.ee\/en\/wp-json\/wp\/v2\/product_brand?post=21114"},{"taxonomy":"product_cat","embeddable":true,"href":"https:\/\/gegokids.ee\/en\/wp-json\/wp\/v2\/product_cat?post=21114"},{"taxonomy":"product_tag","embeddable":true,"href":"https:\/\/gegokids.ee\/en\/wp-json\/wp\/v2\/product_tag?post=21114"}],"curies":[{"name":"wp","href":"https:\/\/api.w.org\/{rel}","templated":true}]}}