{"id":21072,"date":"2022-06-18T13:47:44","date_gmt":"2022-06-18T13:47:44","guid":{"rendered":"https:\/\/gegokids.ee\/?post_type=product&#038;p=21072"},"modified":"2026-02-07T23:39:49","modified_gmt":"2026-02-07T20:39:49","slug":"mm-silikoonist-elektriline-hambahari","status":"publish","type":"product","link":"https:\/\/gegokids.ee\/en\/product\/mm-silikoonist-elektriline-hambahari\/","title":{"rendered":"Marcus &amp; Marcus Silikoonist elektriline hambahari"},"content":{"rendered":"<div class=\"e1403-30 x-text x-text-headline\">\n<div class=\"x-text-content\">\n<div class=\"x-text-content-text\">\n<h1 class=\"x-text-content-text-primary\"><span style=\"font-size: 12pt; color: #000000;\">Omadused:<\/span><\/h1>\n<\/div>\n<\/div>\n<\/div>\n<div class=\"e1403-33 x-text\">\n<div class=\"page\" title=\"Page 125\">\n<div class=\"section\">\n<div class=\"layoutArea\">\n<div class=\"column\">\n<p><span style=\"font-size: 12pt; color: #000000;\">\u2022 2 minuti taimer<\/span><br \/>\n<span style=\"font-size: 12pt; color: #000000;\">\u2022 30 sekundi interval<\/span><br \/>\n<span style=\"font-size: 12pt; color: #000000;\">\u2022 Massa\u017ei &amp; igemete hooldus<\/span><br \/>\n<span style=\"font-size: 12pt; color: #000000;\">\u2022 Pehme &amp; paendlik kauakestev hambaharja otsik<\/span><br \/>\n<span style=\"font-size: 12pt; color: #000000;\">\u2022 Kahepoolne- keelepuhastaja tagusel<\/span><br \/>\n<span style=\"font-size: 12pt; color: #000000;\">\u2022 Ergonoomiline k\u00e4epide disainitud v\u00e4ikestele k\u00e4tele<\/span><br \/>\n<span style=\"font-size: 12pt; color: #000000;\">\u2022 Asenduspead<\/span><br \/>\n<span style=\"font-size: 12pt; color: #000000;\">\u2022 \u00dchendarav Marcus &amp; Marcus LCD ekraaniga<\/span><br \/>\n<span style=\"font-size: 12pt; color: #000000;\">\u2022 Marcus &amp; Marcus asenduspeadega kasutatav<\/span><\/p>\n<\/div>\n<\/div>\n<\/div>\n<\/div>\n<\/div>\n<div class=\"e1403-34 x-text x-text-headline\">\n<div class=\"x-text-content\">\n<div class=\"x-text-content-text\">\n<h1 class=\"x-text-content-text-primary\"><span style=\"font-size: 12pt; color: #000000;\">Puhastamine ja hooldus:<\/span><\/h1>\n<\/div>\n<\/div>\n<\/div>\n<div class=\"e1403-36 x-text\">\n<div class=\"page\" title=\"Page 125\">\n<div class=\"section\">\n<div class=\"layoutArea\">\n<div class=\"column\">\n<p><span style=\"font-size: 12pt; color: #000000;\">\u2022 \u00c4rge pleegitage toodet, kasutage mikrolaineahjus, steriliseerige auruga<\/span><br \/>\n<span style=\"font-size: 12pt; color: #000000;\">\u2022 Hambaarstid soovitavad otsikut vahetada iga 6 kuu m\u00f6\u00f6dudes v\u00f5i varem, kui harjapea on kahjustunud<\/span><br \/>\n<span style=\"font-size: 12pt; color: #000000;\">\u2022 Elektriline silikoonist hambahari vajab AAA patareid<\/span><\/p>\n<\/div>\n<\/div>\n<\/div>\n<\/div>\n<\/div>\n<div class=\"e1403-38 x-row\">\n<div class=\"x-row-inner\">\n<div class=\"e1403-39 x-col\">\n<div class=\"e1403-40 x-text x-text-headline\">\n<div class=\"x-text-content\">\n<div class=\"x-text-content-text\">\n<h1 class=\"x-text-content-text-primary\"><span style=\"font-size: 12pt; color: #000000;\">Vanus:<\/span><\/h1>\n<\/div>\n<\/div>\n<\/div>\n<div class=\"x-anchor-content\">\n<div class=\"x-anchor-text\"><span class=\"x-anchor-text-primary\" style=\"font-size: 12pt; color: #000000;\">3+<\/span><\/div>\n<\/div>\n<\/div>\n<\/div>\n<\/div>\n<div class=\"e1403-43 x-text x-text-headline\">\n<div class=\"x-text-content\">\n<div class=\"x-text-content-text\">\n<h1 class=\"x-text-content-text-primary\"><span style=\"font-size: 12pt; color: #000000;\">Toote m\u00f5\u00f5dud:<\/span><\/h1>\n<\/div>\n<\/div>\n<\/div>\n<div class=\"e1403-45 x-text\">\n<div class=\"page\" title=\"Page 125\">\n<div class=\"section\">\n<div class=\"layoutArea\">\n<div class=\"column\">\n<p><span style=\"font-size: 12pt; color: #000000;\">21.6 x 20.6 x 177 mm<\/span><\/p>\n<\/div>\n<\/div>\n<\/div>\n<\/div>\n<\/div>\n<div class=\"e1403-47 x-text x-text-headline\">\n<div class=\"x-text-content\">\n<div class=\"x-text-content-text\">\n<h1 class=\"x-text-content-text-primary\"><span style=\"font-size: 12pt; color: #000000;\">Materjal:<\/span><\/h1>\n<\/div>\n<\/div>\n<\/div>\n<div class=\"e1403-49 x-text\">\n<div class=\"page\" title=\"Page 125\">\n<div class=\"section\">\n<div class=\"layoutArea\">\n<div class=\"column\">\n<p><span style=\"font-size: 12pt; color: #000000;\">Elektriline hambahari: PP, TPE, silikoonkumm, nailon<\/span><\/p>\n<\/div>\n<\/div>\n<\/div>\n<\/div>\n<\/div>","protected":false},"excerpt":{"rendered":"<div class=\"e1403-26 x-text\">\n<div class=\"page\" title=\"Page 125\">\n<div class=\"section\">\n<div class=\"layoutArea\">\n<div class=\"column\">\n<p><span style=\"font-size: 12pt; color: #000000;\">\u00d5peta oma lapsele, et hambapesu v\u00f5ib olla l\u00f5bus! Marcus &amp; Marcuse elektriline silikoonist harjapeaga hambahari on kasutatav eraldiseisvalt ning LCD ekraaniga. LCD ekraan ei kuulu komplekti.<\/span><\/p>\n<\/div>\n<\/div>\n<\/div>\n<\/div>\n<\/div>\n<div class=\"e1403-28 x-text\">\n<div class=\"page\" title=\"Page 125\">\n<div class=\"section\">\n<div class=\"layoutArea\">\n<div class=\"column\">\n<p><span style=\"font-size: 12pt; color: #000000;\">Sama LCD monitor on \u00fchendatav mitme hambaharjaga, selleks, et lapsed saaksid koos hambaid pesta. Ekstra pehme silikoonist harjapea tagab t\u00e4ieliku hammaste \u00f5rna hoolduse . Hambahari vibreerib iga 30 sekundi tagant intensiivsemalt, et anda m\u00e4rku sellest, et v\u00f5ib vahetada pesemise piirkonda. Vibratsioon on piisavalt tugev, et puhastada hoolikalt hambad, samas piisavalt \u00f5rn, et mitte kahjustada hambaid.\u00a0<\/span><\/p>\n<\/div>\n<p><strong><span style=\"font-size: 12pt; color: #000000;\">Tarne 2-5 t\u00f6\u00f6p\u00e4eva!<\/span><\/strong><\/p>\n<\/div>\n<\/div>\n<\/div>\n<\/div>","protected":false},"featured_media":21547,"comment_status":"closed","ping_status":"closed","template":"","meta":[],"product_brand":[455],"product_cat":[298,285],"product_tag":[452,458,459],"class_list":{"0":"post-21072","1":"product","2":"type-product","3":"status-publish","4":"has-post-thumbnail","6":"product_brand-marcus-marcus","7":"product_cat-laste-beebide-hambaharjad","8":"product_cat-koik","9":"product_tag-suuhooldus","10":"product_tag-vaikelastele-1-3-a","11":"product_tag-koolieelikutele-3","13":"first","14":"instock","15":"shipping-taxable","16":"purchasable","17":"product-type-variable"},"yoast_head":"<!-- This site is optimized with the Yoast SEO plugin v26.9 - https:\/\/yoast.com\/product\/yoast-seo-wordpress\/ -->\n<title>Marcus &amp; Marcus Silikoonist elektriline hambahari | Gegokids<\/title>\n<meta name=\"description\" content=\"\u00d5peta oma lapsele, et hambapesu v\u00f5ib olla l\u00f5bus! Marcus &amp; Marcuse elektriline silikoonist harjapeaga hambahari on kasutatav eraldiseisvalt ning LCD ekraaniga. LCD ekraan ei kuulu komplekti.\" \/>\n<meta name=\"robots\" content=\"index, follow, max-snippet:-1, max-image-preview:large, max-video-preview:-1\" \/>\n<link rel=\"canonical\" href=\"https:\/\/gegokids.ee\/en\/product\/mm-silikoonist-elektriline-hambahari\/\" \/>\n<meta property=\"og:locale\" content=\"en_US\" \/>\n<meta property=\"og:type\" content=\"article\" \/>\n<meta property=\"og:title\" content=\"Marcus &amp; Marcus Silikoonist elektriline hambahari | Gegokids\" \/>\n<meta property=\"og:description\" content=\"\u00d5peta oma lapsele, et hambapesu v\u00f5ib olla l\u00f5bus! Marcus &amp; Marcuse elektriline silikoonist harjapeaga hambahari on kasutatav eraldiseisvalt ning LCD ekraaniga. LCD ekraan ei kuulu komplekti.\" \/>\n<meta property=\"og:url\" content=\"https:\/\/gegokids.ee\/en\/product\/mm-silikoonist-elektriline-hambahari\/\" \/>\n<meta property=\"og:site_name\" content=\"Gegokids\" \/>\n<meta property=\"article:publisher\" content=\"https:\/\/www.facebook.com\/GegoKids\" \/>\n<meta property=\"article:modified_time\" content=\"2026-02-07T20:39:49+00:00\" \/>\n<meta property=\"og:image\" content=\"https:\/\/gegokids.ee\/wp-content\/uploads\/2022\/06\/MM-Silikoonist-Elektriline-Hambahari-k.png\" \/>\n\t<meta property=\"og:image:width\" content=\"800\" \/>\n\t<meta property=\"og:image:height\" content=\"533\" \/>\n\t<meta property=\"og:image:type\" content=\"image\/png\" \/>\n<meta name=\"twitter:card\" content=\"summary_large_image\" \/>\n<meta name=\"twitter:label1\" content=\"Est. reading time\" \/>\n\t<meta name=\"twitter:data1\" content=\"1 minute\" \/>\n<script type=\"application\/ld+json\" class=\"yoast-schema-graph\">{\"@context\":\"https:\/\/schema.org\",\"@graph\":[{\"@type\":\"WebPage\",\"@id\":\"https:\/\/gegokids.ee\/toode\/mm-silikoonist-elektriline-hambahari\/\",\"url\":\"https:\/\/gegokids.ee\/toode\/mm-silikoonist-elektriline-hambahari\/\",\"name\":\"Marcus &amp; Marcus Silikoonist elektriline hambahari | Gegokids\",\"isPartOf\":{\"@id\":\"https:\/\/gegokids.ee\/#website\"},\"primaryImageOfPage\":{\"@id\":\"https:\/\/gegokids.ee\/toode\/mm-silikoonist-elektriline-hambahari\/#primaryimage\"},\"image\":{\"@id\":\"https:\/\/gegokids.ee\/toode\/mm-silikoonist-elektriline-hambahari\/#primaryimage\"},\"thumbnailUrl\":\"https:\/\/gegokids.ee\/wp-content\/uploads\/2022\/06\/MM-Silikoonist-Elektriline-Hambahari-k.png\",\"datePublished\":\"2022-06-18T13:47:44+00:00\",\"dateModified\":\"2026-02-07T20:39:49+00:00\",\"description\":\"\u00d5peta oma lapsele, et hambapesu v\u00f5ib olla l\u00f5bus! Marcus & Marcuse elektriline silikoonist harjapeaga hambahari on kasutatav eraldiseisvalt ning LCD ekraaniga. LCD ekraan ei kuulu komplekti.\",\"breadcrumb\":{\"@id\":\"https:\/\/gegokids.ee\/toode\/mm-silikoonist-elektriline-hambahari\/#breadcrumb\"},\"inLanguage\":\"en-US\",\"potentialAction\":[{\"@type\":\"ReadAction\",\"target\":[\"https:\/\/gegokids.ee\/toode\/mm-silikoonist-elektriline-hambahari\/\"]}]},{\"@type\":\"ImageObject\",\"inLanguage\":\"en-US\",\"@id\":\"https:\/\/gegokids.ee\/toode\/mm-silikoonist-elektriline-hambahari\/#primaryimage\",\"url\":\"https:\/\/gegokids.ee\/wp-content\/uploads\/2022\/06\/MM-Silikoonist-Elektriline-Hambahari-k.png\",\"contentUrl\":\"https:\/\/gegokids.ee\/wp-content\/uploads\/2022\/06\/MM-Silikoonist-Elektriline-Hambahari-k.png\",\"width\":800,\"height\":533},{\"@type\":\"BreadcrumbList\",\"@id\":\"https:\/\/gegokids.ee\/toode\/mm-silikoonist-elektriline-hambahari\/#breadcrumb\",\"itemListElement\":[{\"@type\":\"ListItem\",\"position\":1,\"name\":\"Home\",\"item\":\"https:\/\/gegokids.ee\/en\/\"},{\"@type\":\"ListItem\",\"position\":2,\"name\":\"E-pood\",\"item\":\"https:\/\/gegokids.ee\/e-pood\/\"},{\"@type\":\"ListItem\",\"position\":3,\"name\":\"Marcus &amp; Marcus Silikoonist elektriline hambahari\"}]},{\"@type\":\"WebSite\",\"@id\":\"https:\/\/gegokids.ee\/#website\",\"url\":\"https:\/\/gegokids.ee\/\",\"name\":\"Gegokids\",\"description\":\"Kvaliteetsed ja turvalised laste m\u00e4nguasjad.\",\"publisher\":{\"@id\":\"https:\/\/gegokids.ee\/#organization\"},\"potentialAction\":[{\"@type\":\"SearchAction\",\"target\":{\"@type\":\"EntryPoint\",\"urlTemplate\":\"https:\/\/gegokids.ee\/?s={search_term_string}\"},\"query-input\":{\"@type\":\"PropertyValueSpecification\",\"valueRequired\":true,\"valueName\":\"search_term_string\"}}],\"inLanguage\":\"en-US\"},{\"@type\":\"Organization\",\"@id\":\"https:\/\/gegokids.ee\/#organization\",\"name\":\"Gegokids\",\"url\":\"https:\/\/gegokids.ee\/\",\"logo\":{\"@type\":\"ImageObject\",\"inLanguage\":\"en-US\",\"@id\":\"https:\/\/gegokids.ee\/#\/schema\/logo\/image\/\",\"url\":\"https:\/\/gegokids.ee\/wp-content\/uploads\/2022\/06\/logo2.png\",\"contentUrl\":\"https:\/\/gegokids.ee\/wp-content\/uploads\/2022\/06\/logo2.png\",\"width\":358,\"height\":104,\"caption\":\"Gegokids\"},\"image\":{\"@id\":\"https:\/\/gegokids.ee\/#\/schema\/logo\/image\/\"},\"sameAs\":[\"https:\/\/www.facebook.com\/GegoKids\",\"https:\/\/www.instagram.com\/gegokids.ee\/\"]}]}<\/script>\n<!-- \/ Yoast SEO plugin. -->","yoast_head_json":{"title":"Marcus &amp; Marcus Silikoonist elektriline hambahari | Gegokids","description":"\u00d5peta oma lapsele, et hambapesu v\u00f5ib olla l\u00f5bus! Marcus & Marcuse elektriline silikoonist harjapeaga hambahari on kasutatav eraldiseisvalt ning LCD ekraaniga. LCD ekraan ei kuulu komplekti.","robots":{"index":"index","follow":"follow","max-snippet":"max-snippet:-1","max-image-preview":"max-image-preview:large","max-video-preview":"max-video-preview:-1"},"canonical":"https:\/\/gegokids.ee\/en\/product\/mm-silikoonist-elektriline-hambahari\/","og_locale":"en_US","og_type":"article","og_title":"Marcus &amp; Marcus Silikoonist elektriline hambahari | Gegokids","og_description":"\u00d5peta oma lapsele, et hambapesu v\u00f5ib olla l\u00f5bus! Marcus & Marcuse elektriline silikoonist harjapeaga hambahari on kasutatav eraldiseisvalt ning LCD ekraaniga. LCD ekraan ei kuulu komplekti.","og_url":"https:\/\/gegokids.ee\/en\/product\/mm-silikoonist-elektriline-hambahari\/","og_site_name":"Gegokids","article_publisher":"https:\/\/www.facebook.com\/GegoKids","article_modified_time":"2026-02-07T20:39:49+00:00","og_image":[{"width":800,"height":533,"url":"https:\/\/gegokids.ee\/wp-content\/uploads\/2022\/06\/MM-Silikoonist-Elektriline-Hambahari-k.png","type":"image\/png"}],"twitter_card":"summary_large_image","twitter_misc":{"Est. reading time":"1 minute"},"schema":{"@context":"https:\/\/schema.org","@graph":[{"@type":"WebPage","@id":"https:\/\/gegokids.ee\/toode\/mm-silikoonist-elektriline-hambahari\/","url":"https:\/\/gegokids.ee\/toode\/mm-silikoonist-elektriline-hambahari\/","name":"Marcus &amp; Marcus Silikoonist elektriline hambahari | Gegokids","isPartOf":{"@id":"https:\/\/gegokids.ee\/#website"},"primaryImageOfPage":{"@id":"https:\/\/gegokids.ee\/toode\/mm-silikoonist-elektriline-hambahari\/#primaryimage"},"image":{"@id":"https:\/\/gegokids.ee\/toode\/mm-silikoonist-elektriline-hambahari\/#primaryimage"},"thumbnailUrl":"https:\/\/gegokids.ee\/wp-content\/uploads\/2022\/06\/MM-Silikoonist-Elektriline-Hambahari-k.png","datePublished":"2022-06-18T13:47:44+00:00","dateModified":"2026-02-07T20:39:49+00:00","description":"\u00d5peta oma lapsele, et hambapesu v\u00f5ib olla l\u00f5bus! Marcus & Marcuse elektriline silikoonist harjapeaga hambahari on kasutatav eraldiseisvalt ning LCD ekraaniga. LCD ekraan ei kuulu komplekti.","breadcrumb":{"@id":"https:\/\/gegokids.ee\/toode\/mm-silikoonist-elektriline-hambahari\/#breadcrumb"},"inLanguage":"en-US","potentialAction":[{"@type":"ReadAction","target":["https:\/\/gegokids.ee\/toode\/mm-silikoonist-elektriline-hambahari\/"]}]},{"@type":"ImageObject","inLanguage":"en-US","@id":"https:\/\/gegokids.ee\/toode\/mm-silikoonist-elektriline-hambahari\/#primaryimage","url":"https:\/\/gegokids.ee\/wp-content\/uploads\/2022\/06\/MM-Silikoonist-Elektriline-Hambahari-k.png","contentUrl":"https:\/\/gegokids.ee\/wp-content\/uploads\/2022\/06\/MM-Silikoonist-Elektriline-Hambahari-k.png","width":800,"height":533},{"@type":"BreadcrumbList","@id":"https:\/\/gegokids.ee\/toode\/mm-silikoonist-elektriline-hambahari\/#breadcrumb","itemListElement":[{"@type":"ListItem","position":1,"name":"Home","item":"https:\/\/gegokids.ee\/en\/"},{"@type":"ListItem","position":2,"name":"E-pood","item":"https:\/\/gegokids.ee\/e-pood\/"},{"@type":"ListItem","position":3,"name":"Marcus &amp; Marcus Silikoonist elektriline hambahari"}]},{"@type":"WebSite","@id":"https:\/\/gegokids.ee\/#website","url":"https:\/\/gegokids.ee\/","name":"Gegokids","description":"Kvaliteetsed ja turvalised laste m\u00e4nguasjad.","publisher":{"@id":"https:\/\/gegokids.ee\/#organization"},"potentialAction":[{"@type":"SearchAction","target":{"@type":"EntryPoint","urlTemplate":"https:\/\/gegokids.ee\/?s={search_term_string}"},"query-input":{"@type":"PropertyValueSpecification","valueRequired":true,"valueName":"search_term_string"}}],"inLanguage":"en-US"},{"@type":"Organization","@id":"https:\/\/gegokids.ee\/#organization","name":"Gegokids","url":"https:\/\/gegokids.ee\/","logo":{"@type":"ImageObject","inLanguage":"en-US","@id":"https:\/\/gegokids.ee\/#\/schema\/logo\/image\/","url":"https:\/\/gegokids.ee\/wp-content\/uploads\/2022\/06\/logo2.png","contentUrl":"https:\/\/gegokids.ee\/wp-content\/uploads\/2022\/06\/logo2.png","width":358,"height":104,"caption":"Gegokids"},"image":{"@id":"https:\/\/gegokids.ee\/#\/schema\/logo\/image\/"},"sameAs":["https:\/\/www.facebook.com\/GegoKids","https:\/\/www.instagram.com\/gegokids.ee\/"]}]}},"_links":{"self":[{"href":"https:\/\/gegokids.ee\/en\/wp-json\/wp\/v2\/product\/21072","targetHints":{"allow":["GET"]}}],"collection":[{"href":"https:\/\/gegokids.ee\/en\/wp-json\/wp\/v2\/product"}],"about":[{"href":"https:\/\/gegokids.ee\/en\/wp-json\/wp\/v2\/types\/product"}],"replies":[{"embeddable":true,"href":"https:\/\/gegokids.ee\/en\/wp-json\/wp\/v2\/comments?post=21072"}],"version-history":[{"count":4,"href":"https:\/\/gegokids.ee\/en\/wp-json\/wp\/v2\/product\/21072\/revisions"}],"predecessor-version":[{"id":28723,"href":"https:\/\/gegokids.ee\/en\/wp-json\/wp\/v2\/product\/21072\/revisions\/28723"}],"wp:featuredmedia":[{"embeddable":true,"href":"https:\/\/gegokids.ee\/en\/wp-json\/wp\/v2\/media\/21547"}],"wp:attachment":[{"href":"https:\/\/gegokids.ee\/en\/wp-json\/wp\/v2\/media?parent=21072"}],"wp:term":[{"taxonomy":"product_brand","embeddable":true,"href":"https:\/\/gegokids.ee\/en\/wp-json\/wp\/v2\/product_brand?post=21072"},{"taxonomy":"product_cat","embeddable":true,"href":"https:\/\/gegokids.ee\/en\/wp-json\/wp\/v2\/product_cat?post=21072"},{"taxonomy":"product_tag","embeddable":true,"href":"https:\/\/gegokids.ee\/en\/wp-json\/wp\/v2\/product_tag?post=21072"}],"curies":[{"name":"wp","href":"https:\/\/api.w.org\/{rel}","templated":true}]}}