{"id":21068,"date":"2022-06-18T13:47:44","date_gmt":"2022-06-18T13:47:44","guid":{"rendered":"https:\/\/gegokids.ee\/?post_type=product&#038;p=21068"},"modified":"2026-02-09T00:44:14","modified_gmt":"2026-02-08T21:44:14","slug":"mm-naturaalne-lutipudeli-lutt-2-tk","status":"publish","type":"product","link":"https:\/\/gegokids.ee\/en\/product\/mm-naturaalne-lutipudeli-lutt-2-tk\/","title":{"rendered":"Marcus &#038; Marcus Naturaalne lutipudeli lutt (2 tk)"},"content":{"rendered":"<div class=\"e7437-26 x-text x-text-headline\">\n<div class=\"x-text-content\">\n<div class=\"x-text-content-text\">\n<div class=\"e5838-26 x-text x-text-headline\">\n<div class=\"x-text-content\">\n<div class=\"x-text-content-text\">\n<div class=\"e5838-34 x-row\">\n<div class=\"x-row-inner\">\n<div class=\"e5838-35 x-col\">\n<div class=\"e5838-36 x-text x-text-headline\">\n<div class=\"x-text-content\">\n<div class=\"x-text-content-text\"><\/div>\n<\/div>\n<\/div>\n<\/div>\n<\/div>\n<\/div>\n<div class=\"e5838-43 x-text x-text-headline\">\n<div class=\"x-text-content\">\n<div class=\"x-text-content-text\">\n<pre class=\"x-text-content-text-primary\"><span style=\"font-size: 12pt; color: #1b1919; font-family: Georgia, 'Times New Roman', 'Bitstream Charter', Times, serif;\">Omadused:<\/span><\/pre>\n<\/div>\n<\/div>\n<\/div>\n<\/div>\n<\/div>\n<\/div>\n<div class=\"e5838-28 x-text\">\n<div class=\"page\" title=\"Page 20\">\n<div class=\"section\">\n<div class=\"layoutArea\">\n<div class=\"column\">\n<div class=\"page\" title=\"Page 30\">\n<div class=\"section\">\n<div class=\"layoutArea\">\n<div class=\"column\">\n<p><span style=\"font-size: 12pt;\">\u2022 BPA\/Ftalaatide vaba<\/span><br \/>\n<span style=\"font-size: 12pt;\">\u2022 UV\/ Auruga steriliseeritav<\/span><br \/>\n<span style=\"font-size: 12pt;\">\u2022 KEskmise voolavusega lutipudeli otsik<\/span><br \/>\n<span style=\"font-size: 12pt;\">\u2022 Mahulised m\u00e4rgised aitavad j\u00e4lgida tarbitud piima kogust<\/span><br \/>\n<span style=\"font-size: 12pt;\">\u2022 Anti-koolikute vastane s\u00fcsteem aitab \u00e4ra hoida gaase<\/span><br \/>\n<span style=\"font-size: 12pt;\">\u2022 Eriti pehme silikoonist nippel keele sujuvaks liikumiseks<\/span><br \/>\n<span style=\"font-size: 12pt;\">\u2022 Piimasegu eraldamiseks kahepoolne tihendusketas<\/span><br \/>\n<span style=\"font-size: 12pt;\">\u2022 Kahepoolne tihendusketas rinnapiima s\u00e4ilitamise ettevalmistuskuup\u00e4eva peale kirjutamiseks<\/span><br \/>\n<span style=\"font-size: 12pt;\">\u2022 Vastupidava materjaliga PPSU, k\u00f5rge kuumakindlus<\/span><br \/>\n<span style=\"font-size: 12pt;\">\u2022 Lai kael h\u00f5lbustab puhastamist<\/span><br \/>\n<span style=\"font-size: 12pt;\">\u2022 Lihtsad osad h\u00f5lpsaks kokkupanekuks ja pesemiseks<\/span><br \/>\n<span style=\"font-size: 12pt;\">\u2022 Kergekaaluline<\/span><br \/>\n<span style=\"font-size: 12pt;\">\u2022 Kustutatava pinnaga tihend, kuhu saab peale kirjutada<\/span><\/p>\n<\/div>\n<\/div>\n<\/div>\n<\/div>\n<\/div>\n<\/div>\n<\/div>\n<\/div>\n<\/div>\n<div class=\"e5838-30 x-text x-text-headline\">\n<div class=\"x-text-content\">\n<div class=\"x-text-content-text\">\n<h1 class=\"x-text-content-text-primary\"><span style=\"font-size: 12pt;\">Puhastamine ja hooldus:<\/span><\/h1>\n<\/div>\n<\/div>\n<\/div>\n<div class=\"e5838-32 x-text\">\n<div class=\"page\" title=\"Page 20\">\n<div class=\"section\">\n<div class=\"layoutArea\">\n<div class=\"column\">\n<p><span style=\"font-size: 12pt;\">\u2022 Pestav n\u00f5udepesumasinas ainult \u00fclemisel riiulil<\/span><br \/>\n<span style=\"font-size: 12pt;\">\u2022 UV steriliseeritav<\/span><br \/>\n<span style=\"font-size: 12pt;\">\u2022 Auruga steriliseeritav<\/span><br \/>\n<span style=\"font-size: 12pt;\">\u2022 Plekid on eemaldatavad sooja seebiveega\u00a0<\/span><br \/>\n<span style=\"font-size: 12pt;\">\u2022 \u00c4rge pange mikrouuni<\/span><br \/>\n<span style=\"font-size: 12pt;\">\u2022 EN14350 vastavus<\/span><\/p>\n<\/div>\n<\/div>\n<\/div>\n<\/div>\n<\/div>\n<div class=\"e5838-34 x-row\">\n<div class=\"x-row-inner\">\n<div class=\"e5838-35 x-col\">\n<div class=\"e5838-36 x-text x-text-headline\">\n<div class=\"x-text-content\">\n<div class=\"x-text-content-text\"><\/div>\n<\/div>\n<\/div>\n<\/div>\n<\/div>\n<\/div>\n<div class=\"e5838-43 x-text x-text-headline\">\n<div class=\"x-text-content\">\n<div class=\"x-text-content-text\">\n<h1 class=\"x-text-content-text-primary\"><span style=\"font-size: 12pt;\">Vastupidavus temperatuurid:<\/span><\/h1>\n<\/div>\n<\/div>\n<\/div>\n<div class=\"e5838-45 x-text\">\n<div class=\"page\" title=\"Page 20\">\n<div class=\"section\">\n<div class=\"layoutArea\">\n<div class=\"column\">\n<p><span style=\"font-size: 12pt;\">Silikoonist lutt<\/span><br \/>\n<span style=\"font-size: 12pt;\">-20\u00b0C to 220\u00b0C<\/span><\/p>\n<\/div>\n<\/div>\n<\/div>\n<\/div>\n<\/div>\n<\/div>\n<\/div>\n<\/div>","protected":false},"excerpt":{"rendered":"<div class=\"e7437-22 x-text\">\n<div class=\"page\" title=\"Page 20\">\n<div class=\"section\">\n<div class=\"layoutArea\">\n<div class=\"column\">\n<div class=\"page\" title=\"Page 31\">\n<div class=\"section\">\n<div class=\"layoutArea\">\n<div class=\"column\">\n<div class=\"page\" title=\"Page 40\">\n<div class=\"section\">\n<div class=\"layoutArea\">\n<div class=\"column\">\n<p><span style=\"font-size: 12pt;\">Marcus &amp; Marcus naturaalne lutipudeli lutt on disainitud\u00a0j\u00e4rkj\u00e4rgulise n\u00f5lvakujuga, mis sarnaneb inimese nibuga ja aitab seega imikutel v\u00e4ltida nibude segadust rinnaga toitmise ja pudeliga toitmise vahel vahetamisel.<\/span><\/p>\n<\/div>\n<\/div>\n<\/div>\n<\/div>\n<\/div>\n<\/div>\n<\/div>\n<\/div>\n<\/div>\n<\/div>\n<\/div>\n<\/div>\n<\/div>\n<div class=\"e7437-24 x-text\">\n<div class=\"page\" title=\"Page 20\">\n<div class=\"section\">\n<div class=\"layoutArea\">\n<div class=\"column\">\n<div class=\"page\" title=\"Page 31\">\n<div class=\"section\">\n<div class=\"layoutArea\">\n<div class=\"column\">\n<div class=\"page\" title=\"Page 40\">\n<div class=\"section\">\n<div class=\"layoutArea\">\n<div class=\"column\">\n<p><span style=\"font-size: 12pt;\">Tekstuuriga pind v\u00f5imaldab imikutel h\u00f5lpsasti kinni haarata ja topelt-koolikutevastane s\u00fcsteem v\u00e4hendab gaaside tarbimist. Eriti pehme s\u00f6\u00f6tmise nippel on valmistatud plaatina r\u00e4ni-, PVC-, BPA- ja ftalaadivabast materjalist, mis tagab t\u00e4ieliku meelerahu.<\/span><\/p>\n<\/div>\n<p><span style=\"font-size: 12pt;\"><strong>Tarne 3-8 t\u00f6\u00f6p\u00e4eva!<\/strong><\/span><\/p>\n<\/div>\n<\/div>\n<\/div>\n<\/div>\n<\/div>\n<\/div>\n<\/div>\n<\/div>\n<\/div>\n<\/div>\n<\/div>\n<\/div>","protected":false},"featured_media":21556,"comment_status":"closed","ping_status":"closed","template":"","meta":[],"product_brand":[455],"product_cat":[285,422],"product_tag":[446,474,457],"class_list":{"0":"post-21068","1":"product","2":"type-product","3":"status-publish","4":"has-post-thumbnail","6":"product_brand-marcus-marcus","7":"product_cat-koik","8":"product_cat-laste-soogikomplektid","9":"product_tag-joogipudelid","10":"product_tag-soomistarvikud","11":"product_tag-beebidele-0-1-a","13":"first","14":"instock","15":"shipping-taxable","16":"purchasable","17":"product-type-variable"},"yoast_head":"<!-- This site is optimized with the Yoast SEO plugin v26.9 - https:\/\/yoast.com\/product\/yoast-seo-wordpress\/ -->\n<title>Marcus &amp; Marcus Naturaalne lutipudeli lutt (2 tk) | Gegokids<\/title>\n<meta name=\"description\" content=\"Marcus &amp; Marcus eriti pehme silikoonlutt tagab mugava ja loomuliku toitmise. Tekstuuriga pind ja koolikutevastane s\u00fcsteem v\u00e4hendavad \u00f5hu neelamist. Sobib alates s\u00fcnnist.\" \/>\n<meta name=\"robots\" content=\"index, follow, max-snippet:-1, max-image-preview:large, max-video-preview:-1\" \/>\n<link rel=\"canonical\" href=\"https:\/\/gegokids.ee\/en\/product\/mm-naturaalne-lutipudeli-lutt-2-tk\/\" \/>\n<meta property=\"og:locale\" content=\"en_US\" \/>\n<meta property=\"og:type\" content=\"article\" \/>\n<meta property=\"og:title\" content=\"Marcus &amp; Marcus Naturaalne lutipudeli lutt (2 tk) | Gegokids\" \/>\n<meta property=\"og:description\" content=\"Marcus &amp; Marcus eriti pehme silikoonlutt tagab mugava ja loomuliku toitmise. Tekstuuriga pind ja koolikutevastane s\u00fcsteem v\u00e4hendavad \u00f5hu neelamist. Sobib alates s\u00fcnnist.\" \/>\n<meta property=\"og:url\" content=\"https:\/\/gegokids.ee\/en\/product\/mm-naturaalne-lutipudeli-lutt-2-tk\/\" \/>\n<meta property=\"og:site_name\" content=\"Gegokids\" \/>\n<meta property=\"article:publisher\" content=\"https:\/\/www.facebook.com\/GegoKids\" \/>\n<meta property=\"article:modified_time\" content=\"2026-02-08T21:44:14+00:00\" \/>\n<meta property=\"og:image\" content=\"https:\/\/gegokids.ee\/wp-content\/uploads\/2022\/06\/MM-Naturaalne-Lutipudeli-Lutt-photo.png\" \/>\n\t<meta property=\"og:image:width\" content=\"800\" \/>\n\t<meta property=\"og:image:height\" content=\"533\" \/>\n\t<meta property=\"og:image:type\" content=\"image\/png\" \/>\n<meta name=\"twitter:card\" content=\"summary_large_image\" \/>\n<meta name=\"twitter:label1\" content=\"Est. reading time\" \/>\n\t<meta name=\"twitter:data1\" content=\"1 minute\" \/>\n<script type=\"application\/ld+json\" class=\"yoast-schema-graph\">{\"@context\":\"https:\/\/schema.org\",\"@graph\":[{\"@type\":\"WebPage\",\"@id\":\"https:\/\/gegokids.ee\/toode\/mm-naturaalne-lutipudeli-lutt-2-tk\/\",\"url\":\"https:\/\/gegokids.ee\/toode\/mm-naturaalne-lutipudeli-lutt-2-tk\/\",\"name\":\"Marcus & Marcus Naturaalne lutipudeli lutt (2 tk) | Gegokids\",\"isPartOf\":{\"@id\":\"https:\/\/gegokids.ee\/#website\"},\"primaryImageOfPage\":{\"@id\":\"https:\/\/gegokids.ee\/toode\/mm-naturaalne-lutipudeli-lutt-2-tk\/#primaryimage\"},\"image\":{\"@id\":\"https:\/\/gegokids.ee\/toode\/mm-naturaalne-lutipudeli-lutt-2-tk\/#primaryimage\"},\"thumbnailUrl\":\"https:\/\/gegokids.ee\/wp-content\/uploads\/2022\/06\/MM-Naturaalne-Lutipudeli-Lutt.png\",\"datePublished\":\"2022-06-18T13:47:44+00:00\",\"dateModified\":\"2026-02-08T21:44:14+00:00\",\"description\":\"Marcus & Marcus eriti pehme silikoonlutt tagab mugava ja loomuliku toitmise. Tekstuuriga pind ja koolikutevastane s\u00fcsteem v\u00e4hendavad \u00f5hu neelamist. Sobib alates s\u00fcnnist.\",\"breadcrumb\":{\"@id\":\"https:\/\/gegokids.ee\/toode\/mm-naturaalne-lutipudeli-lutt-2-tk\/#breadcrumb\"},\"inLanguage\":\"en-US\",\"potentialAction\":[{\"@type\":\"ReadAction\",\"target\":[\"https:\/\/gegokids.ee\/toode\/mm-naturaalne-lutipudeli-lutt-2-tk\/\"]}]},{\"@type\":\"ImageObject\",\"inLanguage\":\"en-US\",\"@id\":\"https:\/\/gegokids.ee\/toode\/mm-naturaalne-lutipudeli-lutt-2-tk\/#primaryimage\",\"url\":\"https:\/\/gegokids.ee\/wp-content\/uploads\/2022\/06\/MM-Naturaalne-Lutipudeli-Lutt.png\",\"contentUrl\":\"https:\/\/gegokids.ee\/wp-content\/uploads\/2022\/06\/MM-Naturaalne-Lutipudeli-Lutt.png\",\"width\":800,\"height\":533},{\"@type\":\"BreadcrumbList\",\"@id\":\"https:\/\/gegokids.ee\/toode\/mm-naturaalne-lutipudeli-lutt-2-tk\/#breadcrumb\",\"itemListElement\":[{\"@type\":\"ListItem\",\"position\":1,\"name\":\"Home\",\"item\":\"https:\/\/gegokids.ee\/en\/\"},{\"@type\":\"ListItem\",\"position\":2,\"name\":\"E-pood\",\"item\":\"https:\/\/gegokids.ee\/e-pood\/\"},{\"@type\":\"ListItem\",\"position\":3,\"name\":\"Marcus &#038; Marcus Naturaalne lutipudeli lutt (2 tk)\"}]},{\"@type\":\"WebSite\",\"@id\":\"https:\/\/gegokids.ee\/#website\",\"url\":\"https:\/\/gegokids.ee\/\",\"name\":\"Gegokids\",\"description\":\"Kvaliteetsed ja turvalised laste m\u00e4nguasjad.\",\"publisher\":{\"@id\":\"https:\/\/gegokids.ee\/#organization\"},\"potentialAction\":[{\"@type\":\"SearchAction\",\"target\":{\"@type\":\"EntryPoint\",\"urlTemplate\":\"https:\/\/gegokids.ee\/?s={search_term_string}\"},\"query-input\":{\"@type\":\"PropertyValueSpecification\",\"valueRequired\":true,\"valueName\":\"search_term_string\"}}],\"inLanguage\":\"en-US\"},{\"@type\":\"Organization\",\"@id\":\"https:\/\/gegokids.ee\/#organization\",\"name\":\"Gegokids\",\"url\":\"https:\/\/gegokids.ee\/\",\"logo\":{\"@type\":\"ImageObject\",\"inLanguage\":\"en-US\",\"@id\":\"https:\/\/gegokids.ee\/#\/schema\/logo\/image\/\",\"url\":\"https:\/\/gegokids.ee\/wp-content\/uploads\/2022\/06\/logo2.png\",\"contentUrl\":\"https:\/\/gegokids.ee\/wp-content\/uploads\/2022\/06\/logo2.png\",\"width\":358,\"height\":104,\"caption\":\"Gegokids\"},\"image\":{\"@id\":\"https:\/\/gegokids.ee\/#\/schema\/logo\/image\/\"},\"sameAs\":[\"https:\/\/www.facebook.com\/GegoKids\",\"https:\/\/www.instagram.com\/gegokids.ee\/\"]}]}<\/script>\n<!-- \/ Yoast SEO plugin. -->","yoast_head_json":{"title":"Marcus & Marcus Naturaalne lutipudeli lutt (2 tk) | Gegokids","description":"Marcus & Marcus eriti pehme silikoonlutt tagab mugava ja loomuliku toitmise. Tekstuuriga pind ja koolikutevastane s\u00fcsteem v\u00e4hendavad \u00f5hu neelamist. Sobib alates s\u00fcnnist.","robots":{"index":"index","follow":"follow","max-snippet":"max-snippet:-1","max-image-preview":"max-image-preview:large","max-video-preview":"max-video-preview:-1"},"canonical":"https:\/\/gegokids.ee\/en\/product\/mm-naturaalne-lutipudeli-lutt-2-tk\/","og_locale":"en_US","og_type":"article","og_title":"Marcus & Marcus Naturaalne lutipudeli lutt (2 tk) | Gegokids","og_description":"Marcus & Marcus eriti pehme silikoonlutt tagab mugava ja loomuliku toitmise. Tekstuuriga pind ja koolikutevastane s\u00fcsteem v\u00e4hendavad \u00f5hu neelamist. Sobib alates s\u00fcnnist.","og_url":"https:\/\/gegokids.ee\/en\/product\/mm-naturaalne-lutipudeli-lutt-2-tk\/","og_site_name":"Gegokids","article_publisher":"https:\/\/www.facebook.com\/GegoKids","article_modified_time":"2026-02-08T21:44:14+00:00","og_image":[{"width":800,"height":533,"url":"https:\/\/gegokids.ee\/wp-content\/uploads\/2022\/06\/MM-Naturaalne-Lutipudeli-Lutt-photo.png","type":"image\/png"}],"twitter_card":"summary_large_image","twitter_misc":{"Est. reading time":"1 minute"},"schema":{"@context":"https:\/\/schema.org","@graph":[{"@type":"WebPage","@id":"https:\/\/gegokids.ee\/toode\/mm-naturaalne-lutipudeli-lutt-2-tk\/","url":"https:\/\/gegokids.ee\/toode\/mm-naturaalne-lutipudeli-lutt-2-tk\/","name":"Marcus & Marcus Naturaalne lutipudeli lutt (2 tk) | Gegokids","isPartOf":{"@id":"https:\/\/gegokids.ee\/#website"},"primaryImageOfPage":{"@id":"https:\/\/gegokids.ee\/toode\/mm-naturaalne-lutipudeli-lutt-2-tk\/#primaryimage"},"image":{"@id":"https:\/\/gegokids.ee\/toode\/mm-naturaalne-lutipudeli-lutt-2-tk\/#primaryimage"},"thumbnailUrl":"https:\/\/gegokids.ee\/wp-content\/uploads\/2022\/06\/MM-Naturaalne-Lutipudeli-Lutt.png","datePublished":"2022-06-18T13:47:44+00:00","dateModified":"2026-02-08T21:44:14+00:00","description":"Marcus & Marcus eriti pehme silikoonlutt tagab mugava ja loomuliku toitmise. Tekstuuriga pind ja koolikutevastane s\u00fcsteem v\u00e4hendavad \u00f5hu neelamist. Sobib alates s\u00fcnnist.","breadcrumb":{"@id":"https:\/\/gegokids.ee\/toode\/mm-naturaalne-lutipudeli-lutt-2-tk\/#breadcrumb"},"inLanguage":"en-US","potentialAction":[{"@type":"ReadAction","target":["https:\/\/gegokids.ee\/toode\/mm-naturaalne-lutipudeli-lutt-2-tk\/"]}]},{"@type":"ImageObject","inLanguage":"en-US","@id":"https:\/\/gegokids.ee\/toode\/mm-naturaalne-lutipudeli-lutt-2-tk\/#primaryimage","url":"https:\/\/gegokids.ee\/wp-content\/uploads\/2022\/06\/MM-Naturaalne-Lutipudeli-Lutt.png","contentUrl":"https:\/\/gegokids.ee\/wp-content\/uploads\/2022\/06\/MM-Naturaalne-Lutipudeli-Lutt.png","width":800,"height":533},{"@type":"BreadcrumbList","@id":"https:\/\/gegokids.ee\/toode\/mm-naturaalne-lutipudeli-lutt-2-tk\/#breadcrumb","itemListElement":[{"@type":"ListItem","position":1,"name":"Home","item":"https:\/\/gegokids.ee\/en\/"},{"@type":"ListItem","position":2,"name":"E-pood","item":"https:\/\/gegokids.ee\/e-pood\/"},{"@type":"ListItem","position":3,"name":"Marcus &#038; Marcus Naturaalne lutipudeli lutt (2 tk)"}]},{"@type":"WebSite","@id":"https:\/\/gegokids.ee\/#website","url":"https:\/\/gegokids.ee\/","name":"Gegokids","description":"Kvaliteetsed ja turvalised laste m\u00e4nguasjad.","publisher":{"@id":"https:\/\/gegokids.ee\/#organization"},"potentialAction":[{"@type":"SearchAction","target":{"@type":"EntryPoint","urlTemplate":"https:\/\/gegokids.ee\/?s={search_term_string}"},"query-input":{"@type":"PropertyValueSpecification","valueRequired":true,"valueName":"search_term_string"}}],"inLanguage":"en-US"},{"@type":"Organization","@id":"https:\/\/gegokids.ee\/#organization","name":"Gegokids","url":"https:\/\/gegokids.ee\/","logo":{"@type":"ImageObject","inLanguage":"en-US","@id":"https:\/\/gegokids.ee\/#\/schema\/logo\/image\/","url":"https:\/\/gegokids.ee\/wp-content\/uploads\/2022\/06\/logo2.png","contentUrl":"https:\/\/gegokids.ee\/wp-content\/uploads\/2022\/06\/logo2.png","width":358,"height":104,"caption":"Gegokids"},"image":{"@id":"https:\/\/gegokids.ee\/#\/schema\/logo\/image\/"},"sameAs":["https:\/\/www.facebook.com\/GegoKids","https:\/\/www.instagram.com\/gegokids.ee\/"]}]}},"_links":{"self":[{"href":"https:\/\/gegokids.ee\/en\/wp-json\/wp\/v2\/product\/21068","targetHints":{"allow":["GET"]}}],"collection":[{"href":"https:\/\/gegokids.ee\/en\/wp-json\/wp\/v2\/product"}],"about":[{"href":"https:\/\/gegokids.ee\/en\/wp-json\/wp\/v2\/types\/product"}],"replies":[{"embeddable":true,"href":"https:\/\/gegokids.ee\/en\/wp-json\/wp\/v2\/comments?post=21068"}],"version-history":[{"count":5,"href":"https:\/\/gegokids.ee\/en\/wp-json\/wp\/v2\/product\/21068\/revisions"}],"predecessor-version":[{"id":29060,"href":"https:\/\/gegokids.ee\/en\/wp-json\/wp\/v2\/product\/21068\/revisions\/29060"}],"wp:featuredmedia":[{"embeddable":true,"href":"https:\/\/gegokids.ee\/en\/wp-json\/wp\/v2\/media\/21556"}],"wp:attachment":[{"href":"https:\/\/gegokids.ee\/en\/wp-json\/wp\/v2\/media?parent=21068"}],"wp:term":[{"taxonomy":"product_brand","embeddable":true,"href":"https:\/\/gegokids.ee\/en\/wp-json\/wp\/v2\/product_brand?post=21068"},{"taxonomy":"product_cat","embeddable":true,"href":"https:\/\/gegokids.ee\/en\/wp-json\/wp\/v2\/product_cat?post=21068"},{"taxonomy":"product_tag","embeddable":true,"href":"https:\/\/gegokids.ee\/en\/wp-json\/wp\/v2\/product_tag?post=21068"}],"curies":[{"name":"wp","href":"https:\/\/api.w.org\/{rel}","templated":true}]}}