{"id":21014,"date":"2022-06-18T13:47:18","date_gmt":"2022-06-18T13:47:18","guid":{"rendered":"https:\/\/gegokids.ee\/?post_type=product&#038;p=21014"},"modified":"2026-02-08T19:02:41","modified_gmt":"2026-02-08T16:02:41","slug":"mm-vaikelapse-taaskasutatav-silikoonist-hambahari","status":"publish","type":"product","link":"https:\/\/gegokids.ee\/en\/product\/mm-vaikelapse-taaskasutatav-silikoonist-hambahari\/","title":{"rendered":"Marcus &amp; Marcus v\u00e4ikelapse taaskasutatav silikoonist hambahari"},"content":{"rendered":"<div class=\"e3500-28 x-text x-text-headline\">\n<div class=\"x-text-content\">\n<div class=\"x-text-content-text\">\n<h1 class=\"x-text-content-text-primary\"><span style=\"font-size: 12pt; color: #000000;\">Omadused ja hooldus:<\/span><\/h1>\n<\/div>\n<\/div>\n<\/div>\n<div class=\"e3500-30 x-text\">\n<ul>\n<li><span style=\"font-size: 12pt; color: #000000;\">BPA\/Ftalaatide vaba<\/span><\/li>\n<li><span style=\"font-size: 12pt; color: #000000;\">Massaa\u017e ja igemete hooldus <\/span><\/li>\n<li><span style=\"font-size: 12pt; color: #000000;\">Pehme ja paindlik pikatoimeline silikoonist harjas<\/span><\/li>\n<li><span style=\"font-size: 12pt; color: #000000;\">Keelepuhstaja harja seljal<\/span><\/li>\n<li><span style=\"font-size: 12pt; color: #000000;\">T\u00f5husam harjamine nurga all oleva harjapeaga <\/span><\/li>\n<li><span style=\"font-size: 12pt; color: #000000;\">Libisemisvastane pealispind<\/span><\/li>\n<li><span style=\"font-size: 12pt; color: #000000;\">Iminapp p\u00f5hjal<\/span><\/li>\n<\/ul>\n<p><span style=\"font-size: 12pt; color: #000000;\">(Marcus &amp; Marcus silikoonist asenduspeadeks sobituvad Marcus &amp; Marcus asenduspeade komplektiga.)<\/span><\/p>\n<\/div>\n<div class=\"e3500-32 x-text x-text-headline\">\n<div class=\"x-text-content\"><\/div>\n<\/div>\n<div class=\"e3500-34 x-text\">\n<ul>\n<li><span style=\"font-size: 12pt; color: #000000;\">\u00c4rge pleegitage, kasutage mikrouunis<\/span><\/li>\n<li><span style=\"font-size: 12pt; color: #000000;\">Hambaarstid soovitavad harjapead vahetada v\u00e4hemalt iga 6 kuu j\u00e4rel.<\/span><\/li>\n<\/ul>\n<\/div>\n<div class=\"e3500-36 x-row\">\n<div class=\"x-row-inner\">\n<div class=\"e3500-37 x-col\">\n<div class=\"e3500-38 x-text x-text-headline\">\n<div class=\"x-text-content\">\n<div class=\"x-text-content-text\">\n<h1 class=\"x-text-content-text-primary\"><span style=\"font-size: 12pt; color: #000000;\">Vanus:<\/span><\/h1>\n<\/div>\n<\/div>\n<\/div>\n<div class=\"x-anchor-content\">\n<div class=\"x-anchor-text\"><span class=\"x-anchor-text-primary\" style=\"font-size: 12pt; color: #000000;\">24kuud+<\/span><\/div>\n<\/div>\n<\/div>\n<\/div>\n<\/div>","protected":false},"excerpt":{"rendered":"<div class=\"e3500-24 x-text\">\n<p><span style=\"font-size: 12pt; color: #000000;\">V\u00e4ike elustiili muudatus v\u00f5ib muuta maailmap\u00e4\u00e4stmisel v\u00e4ga palju! Kasuta vahetatava hambaharjaotsikuga hambaharja, nii ei pea iga kord hambaharja \u00e4ra viskama.<\/span><\/p>\n<\/div>\n<div class=\"e3500-26 x-text\">\n<div class=\"page\" title=\"Page 56\">\n<div class=\"section\">\n<div class=\"layoutArea\">\n<div class=\"column\">\n<p><span style=\"font-size: 12pt; color: #000000;\">Hambahari on valmistatud toiudsilikoonist. Harjased on pehmed, kuid puhastavad \u00f5rnalt ning t\u00f5husalt v\u00e4ikesed hambad. Hari ei kahjusta ega \u00e4rrita igemeid. Hambahari on disainitud spetsiaalselt v\u00e4ikestele k\u00e4tele, laiem otsik suunab harja lapsele k\u00e4tte koheselt \u00f5iges asendis. Hari on iminapaga kinnituv, see muudab harjamis l\u00f5busamaks!<\/span><\/p>\n<\/div>\n<p><span style=\"font-size: 12pt; color: #000000;\"><strong>Tarne 2-5 t\u00f6\u00f6p\u00e4eva!<\/strong><\/span><\/p>\n<\/div>\n<\/div>\n<\/div>\n<\/div>","protected":false},"featured_media":21579,"comment_status":"closed","ping_status":"closed","template":"","meta":[],"product_brand":[455],"product_cat":[298,285],"product_tag":[452,458],"class_list":{"0":"post-21014","1":"product","2":"type-product","3":"status-publish","4":"has-post-thumbnail","6":"product_brand-marcus-marcus","7":"product_cat-laste-beebide-hambaharjad","8":"product_cat-koik","9":"product_tag-suuhooldus","10":"product_tag-vaikelastele-1-3-a","12":"first","13":"instock","14":"shipping-taxable","15":"purchasable","16":"product-type-variable"},"yoast_head":"<!-- This site is optimized with the Yoast SEO plugin v26.9 - https:\/\/yoast.com\/product\/yoast-seo-wordpress\/ -->\n<title>Marcus &amp; Marcus v\u00e4ikelapse taaskasutatav silikoonist hambahari | Gegokids<\/title>\n<meta name=\"description\" content=\"V\u00e4ike elustiili muudatus v\u00f5ib muuta maailmap\u00e4\u00e4stmisel v\u00e4ga palju! Kasuta vahetatava hambaharjaotsikuga hambaharja, nii ei pea iga kord hambaharja \u00e4ra viskama.Hambahari on valmistatud toiudsilikoonist. Harjased on pehmed, kuid puhastavad \u00f5rnalt ning t\u00f5husalt v\u00e4ikesed hambad. Hari ei kahjusta ega \u00e4rrita igemeid. Hambahari on disainitud spetsiaalselt v\u00e4ikestele k\u00e4tele, laiem otsik suunab harja lapsele k\u00e4tte koheselt \u00f5iges asendis. Hari on iminapaga kinnituv, see muudab harjamis l\u00f5busamaks!\" \/>\n<meta name=\"robots\" content=\"index, follow, max-snippet:-1, max-image-preview:large, max-video-preview:-1\" \/>\n<link rel=\"canonical\" href=\"https:\/\/gegokids.ee\/en\/product\/mm-vaikelapse-taaskasutatav-silikoonist-hambahari\/\" \/>\n<meta property=\"og:locale\" content=\"en_US\" \/>\n<meta property=\"og:type\" content=\"article\" \/>\n<meta property=\"og:title\" content=\"Marcus &amp; Marcus v\u00e4ikelapse taaskasutatav silikoonist hambahari | Gegokids\" \/>\n<meta property=\"og:description\" content=\"V\u00e4ike elustiili muudatus v\u00f5ib muuta maailmap\u00e4\u00e4stmisel v\u00e4ga palju! Kasuta vahetatava hambaharjaotsikuga hambaharja, nii ei pea iga kord hambaharja \u00e4ra viskama.Hambahari on valmistatud toiudsilikoonist. Harjased on pehmed, kuid puhastavad \u00f5rnalt ning t\u00f5husalt v\u00e4ikesed hambad. Hari ei kahjusta ega \u00e4rrita igemeid. Hambahari on disainitud spetsiaalselt v\u00e4ikestele k\u00e4tele, laiem otsik suunab harja lapsele k\u00e4tte koheselt \u00f5iges asendis. Hari on iminapaga kinnituv, see muudab harjamis l\u00f5busamaks!\" \/>\n<meta property=\"og:url\" content=\"https:\/\/gegokids.ee\/en\/product\/mm-vaikelapse-taaskasutatav-silikoonist-hambahari\/\" \/>\n<meta property=\"og:site_name\" content=\"Gegokids\" \/>\n<meta property=\"article:publisher\" content=\"https:\/\/www.facebook.com\/GegoKids\" \/>\n<meta property=\"article:modified_time\" content=\"2026-02-08T16:02:41+00:00\" \/>\n<meta property=\"og:image\" content=\"https:\/\/gegokids.ee\/wp-content\/uploads\/2022\/06\/MM-Vaikelapse-Taaskasutatav-Silikoonist-Hambahari.png\" \/>\n\t<meta property=\"og:image:width\" content=\"800\" \/>\n\t<meta property=\"og:image:height\" content=\"533\" \/>\n\t<meta property=\"og:image:type\" content=\"image\/png\" \/>\n<meta name=\"twitter:card\" content=\"summary_large_image\" \/>\n<meta name=\"twitter:label1\" content=\"Est. reading time\" \/>\n\t<meta name=\"twitter:data1\" content=\"1 minute\" \/>\n<script type=\"application\/ld+json\" class=\"yoast-schema-graph\">{\"@context\":\"https:\/\/schema.org\",\"@graph\":[{\"@type\":\"WebPage\",\"@id\":\"https:\/\/gegokids.ee\/toode\/mm-vaikelapse-taaskasutatav-silikoonist-hambahari\/\",\"url\":\"https:\/\/gegokids.ee\/toode\/mm-vaikelapse-taaskasutatav-silikoonist-hambahari\/\",\"name\":\"Marcus &amp; Marcus v\u00e4ikelapse taaskasutatav silikoonist hambahari | Gegokids\",\"isPartOf\":{\"@id\":\"https:\/\/gegokids.ee\/#website\"},\"primaryImageOfPage\":{\"@id\":\"https:\/\/gegokids.ee\/toode\/mm-vaikelapse-taaskasutatav-silikoonist-hambahari\/#primaryimage\"},\"image\":{\"@id\":\"https:\/\/gegokids.ee\/toode\/mm-vaikelapse-taaskasutatav-silikoonist-hambahari\/#primaryimage\"},\"thumbnailUrl\":\"https:\/\/gegokids.ee\/wp-content\/uploads\/2022\/06\/MM-Vaikelapse-Taaskasutatav-Silikoonist-Hambahari.png\",\"datePublished\":\"2022-06-18T13:47:18+00:00\",\"dateModified\":\"2026-02-08T16:02:41+00:00\",\"description\":\"V\u00e4ike elustiili muudatus v\u00f5ib muuta maailmap\u00e4\u00e4stmisel v\u00e4ga palju! Kasuta vahetatava hambaharjaotsikuga hambaharja, nii ei pea iga kord hambaharja \u00e4ra viskama.Hambahari on valmistatud toiudsilikoonist. Harjased on pehmed, kuid puhastavad \u00f5rnalt ning t\u00f5husalt v\u00e4ikesed hambad. Hari ei kahjusta ega \u00e4rrita igemeid. Hambahari on disainitud spetsiaalselt v\u00e4ikestele k\u00e4tele, laiem otsik suunab harja lapsele k\u00e4tte koheselt \u00f5iges asendis. Hari on iminapaga kinnituv, see muudab harjamis l\u00f5busamaks!\",\"breadcrumb\":{\"@id\":\"https:\/\/gegokids.ee\/toode\/mm-vaikelapse-taaskasutatav-silikoonist-hambahari\/#breadcrumb\"},\"inLanguage\":\"en-US\",\"potentialAction\":[{\"@type\":\"ReadAction\",\"target\":[\"https:\/\/gegokids.ee\/toode\/mm-vaikelapse-taaskasutatav-silikoonist-hambahari\/\"]}]},{\"@type\":\"ImageObject\",\"inLanguage\":\"en-US\",\"@id\":\"https:\/\/gegokids.ee\/toode\/mm-vaikelapse-taaskasutatav-silikoonist-hambahari\/#primaryimage\",\"url\":\"https:\/\/gegokids.ee\/wp-content\/uploads\/2022\/06\/MM-Vaikelapse-Taaskasutatav-Silikoonist-Hambahari.png\",\"contentUrl\":\"https:\/\/gegokids.ee\/wp-content\/uploads\/2022\/06\/MM-Vaikelapse-Taaskasutatav-Silikoonist-Hambahari.png\",\"width\":800,\"height\":533},{\"@type\":\"BreadcrumbList\",\"@id\":\"https:\/\/gegokids.ee\/toode\/mm-vaikelapse-taaskasutatav-silikoonist-hambahari\/#breadcrumb\",\"itemListElement\":[{\"@type\":\"ListItem\",\"position\":1,\"name\":\"Home\",\"item\":\"https:\/\/gegokids.ee\/en\/\"},{\"@type\":\"ListItem\",\"position\":2,\"name\":\"E-pood\",\"item\":\"https:\/\/gegokids.ee\/e-pood\/\"},{\"@type\":\"ListItem\",\"position\":3,\"name\":\"Marcus &amp; Marcus v\u00e4ikelapse taaskasutatav silikoonist hambahari\"}]},{\"@type\":\"WebSite\",\"@id\":\"https:\/\/gegokids.ee\/#website\",\"url\":\"https:\/\/gegokids.ee\/\",\"name\":\"Gegokids\",\"description\":\"Kvaliteetsed ja turvalised laste m\u00e4nguasjad.\",\"publisher\":{\"@id\":\"https:\/\/gegokids.ee\/#organization\"},\"potentialAction\":[{\"@type\":\"SearchAction\",\"target\":{\"@type\":\"EntryPoint\",\"urlTemplate\":\"https:\/\/gegokids.ee\/?s={search_term_string}\"},\"query-input\":{\"@type\":\"PropertyValueSpecification\",\"valueRequired\":true,\"valueName\":\"search_term_string\"}}],\"inLanguage\":\"en-US\"},{\"@type\":\"Organization\",\"@id\":\"https:\/\/gegokids.ee\/#organization\",\"name\":\"Gegokids\",\"url\":\"https:\/\/gegokids.ee\/\",\"logo\":{\"@type\":\"ImageObject\",\"inLanguage\":\"en-US\",\"@id\":\"https:\/\/gegokids.ee\/#\/schema\/logo\/image\/\",\"url\":\"https:\/\/gegokids.ee\/wp-content\/uploads\/2022\/06\/logo2.png\",\"contentUrl\":\"https:\/\/gegokids.ee\/wp-content\/uploads\/2022\/06\/logo2.png\",\"width\":358,\"height\":104,\"caption\":\"Gegokids\"},\"image\":{\"@id\":\"https:\/\/gegokids.ee\/#\/schema\/logo\/image\/\"},\"sameAs\":[\"https:\/\/www.facebook.com\/GegoKids\",\"https:\/\/www.instagram.com\/gegokids.ee\/\"]}]}<\/script>\n<!-- \/ Yoast SEO plugin. -->","yoast_head_json":{"title":"Marcus &amp; Marcus v\u00e4ikelapse taaskasutatav silikoonist hambahari | Gegokids","description":"V\u00e4ike elustiili muudatus v\u00f5ib muuta maailmap\u00e4\u00e4stmisel v\u00e4ga palju! Kasuta vahetatava hambaharjaotsikuga hambaharja, nii ei pea iga kord hambaharja \u00e4ra viskama.Hambahari on valmistatud toiudsilikoonist. Harjased on pehmed, kuid puhastavad \u00f5rnalt ning t\u00f5husalt v\u00e4ikesed hambad. Hari ei kahjusta ega \u00e4rrita igemeid. Hambahari on disainitud spetsiaalselt v\u00e4ikestele k\u00e4tele, laiem otsik suunab harja lapsele k\u00e4tte koheselt \u00f5iges asendis. Hari on iminapaga kinnituv, see muudab harjamis l\u00f5busamaks!","robots":{"index":"index","follow":"follow","max-snippet":"max-snippet:-1","max-image-preview":"max-image-preview:large","max-video-preview":"max-video-preview:-1"},"canonical":"https:\/\/gegokids.ee\/en\/product\/mm-vaikelapse-taaskasutatav-silikoonist-hambahari\/","og_locale":"en_US","og_type":"article","og_title":"Marcus &amp; Marcus v\u00e4ikelapse taaskasutatav silikoonist hambahari | Gegokids","og_description":"V\u00e4ike elustiili muudatus v\u00f5ib muuta maailmap\u00e4\u00e4stmisel v\u00e4ga palju! Kasuta vahetatava hambaharjaotsikuga hambaharja, nii ei pea iga kord hambaharja \u00e4ra viskama.Hambahari on valmistatud toiudsilikoonist. Harjased on pehmed, kuid puhastavad \u00f5rnalt ning t\u00f5husalt v\u00e4ikesed hambad. Hari ei kahjusta ega \u00e4rrita igemeid. Hambahari on disainitud spetsiaalselt v\u00e4ikestele k\u00e4tele, laiem otsik suunab harja lapsele k\u00e4tte koheselt \u00f5iges asendis. Hari on iminapaga kinnituv, see muudab harjamis l\u00f5busamaks!","og_url":"https:\/\/gegokids.ee\/en\/product\/mm-vaikelapse-taaskasutatav-silikoonist-hambahari\/","og_site_name":"Gegokids","article_publisher":"https:\/\/www.facebook.com\/GegoKids","article_modified_time":"2026-02-08T16:02:41+00:00","og_image":[{"width":800,"height":533,"url":"https:\/\/gegokids.ee\/wp-content\/uploads\/2022\/06\/MM-Vaikelapse-Taaskasutatav-Silikoonist-Hambahari.png","type":"image\/png"}],"twitter_card":"summary_large_image","twitter_misc":{"Est. reading time":"1 minute"},"schema":{"@context":"https:\/\/schema.org","@graph":[{"@type":"WebPage","@id":"https:\/\/gegokids.ee\/toode\/mm-vaikelapse-taaskasutatav-silikoonist-hambahari\/","url":"https:\/\/gegokids.ee\/toode\/mm-vaikelapse-taaskasutatav-silikoonist-hambahari\/","name":"Marcus &amp; Marcus v\u00e4ikelapse taaskasutatav silikoonist hambahari | Gegokids","isPartOf":{"@id":"https:\/\/gegokids.ee\/#website"},"primaryImageOfPage":{"@id":"https:\/\/gegokids.ee\/toode\/mm-vaikelapse-taaskasutatav-silikoonist-hambahari\/#primaryimage"},"image":{"@id":"https:\/\/gegokids.ee\/toode\/mm-vaikelapse-taaskasutatav-silikoonist-hambahari\/#primaryimage"},"thumbnailUrl":"https:\/\/gegokids.ee\/wp-content\/uploads\/2022\/06\/MM-Vaikelapse-Taaskasutatav-Silikoonist-Hambahari.png","datePublished":"2022-06-18T13:47:18+00:00","dateModified":"2026-02-08T16:02:41+00:00","description":"V\u00e4ike elustiili muudatus v\u00f5ib muuta maailmap\u00e4\u00e4stmisel v\u00e4ga palju! Kasuta vahetatava hambaharjaotsikuga hambaharja, nii ei pea iga kord hambaharja \u00e4ra viskama.Hambahari on valmistatud toiudsilikoonist. Harjased on pehmed, kuid puhastavad \u00f5rnalt ning t\u00f5husalt v\u00e4ikesed hambad. Hari ei kahjusta ega \u00e4rrita igemeid. Hambahari on disainitud spetsiaalselt v\u00e4ikestele k\u00e4tele, laiem otsik suunab harja lapsele k\u00e4tte koheselt \u00f5iges asendis. Hari on iminapaga kinnituv, see muudab harjamis l\u00f5busamaks!","breadcrumb":{"@id":"https:\/\/gegokids.ee\/toode\/mm-vaikelapse-taaskasutatav-silikoonist-hambahari\/#breadcrumb"},"inLanguage":"en-US","potentialAction":[{"@type":"ReadAction","target":["https:\/\/gegokids.ee\/toode\/mm-vaikelapse-taaskasutatav-silikoonist-hambahari\/"]}]},{"@type":"ImageObject","inLanguage":"en-US","@id":"https:\/\/gegokids.ee\/toode\/mm-vaikelapse-taaskasutatav-silikoonist-hambahari\/#primaryimage","url":"https:\/\/gegokids.ee\/wp-content\/uploads\/2022\/06\/MM-Vaikelapse-Taaskasutatav-Silikoonist-Hambahari.png","contentUrl":"https:\/\/gegokids.ee\/wp-content\/uploads\/2022\/06\/MM-Vaikelapse-Taaskasutatav-Silikoonist-Hambahari.png","width":800,"height":533},{"@type":"BreadcrumbList","@id":"https:\/\/gegokids.ee\/toode\/mm-vaikelapse-taaskasutatav-silikoonist-hambahari\/#breadcrumb","itemListElement":[{"@type":"ListItem","position":1,"name":"Home","item":"https:\/\/gegokids.ee\/en\/"},{"@type":"ListItem","position":2,"name":"E-pood","item":"https:\/\/gegokids.ee\/e-pood\/"},{"@type":"ListItem","position":3,"name":"Marcus &amp; Marcus v\u00e4ikelapse taaskasutatav silikoonist hambahari"}]},{"@type":"WebSite","@id":"https:\/\/gegokids.ee\/#website","url":"https:\/\/gegokids.ee\/","name":"Gegokids","description":"Kvaliteetsed ja turvalised laste m\u00e4nguasjad.","publisher":{"@id":"https:\/\/gegokids.ee\/#organization"},"potentialAction":[{"@type":"SearchAction","target":{"@type":"EntryPoint","urlTemplate":"https:\/\/gegokids.ee\/?s={search_term_string}"},"query-input":{"@type":"PropertyValueSpecification","valueRequired":true,"valueName":"search_term_string"}}],"inLanguage":"en-US"},{"@type":"Organization","@id":"https:\/\/gegokids.ee\/#organization","name":"Gegokids","url":"https:\/\/gegokids.ee\/","logo":{"@type":"ImageObject","inLanguage":"en-US","@id":"https:\/\/gegokids.ee\/#\/schema\/logo\/image\/","url":"https:\/\/gegokids.ee\/wp-content\/uploads\/2022\/06\/logo2.png","contentUrl":"https:\/\/gegokids.ee\/wp-content\/uploads\/2022\/06\/logo2.png","width":358,"height":104,"caption":"Gegokids"},"image":{"@id":"https:\/\/gegokids.ee\/#\/schema\/logo\/image\/"},"sameAs":["https:\/\/www.facebook.com\/GegoKids","https:\/\/www.instagram.com\/gegokids.ee\/"]}]}},"_links":{"self":[{"href":"https:\/\/gegokids.ee\/en\/wp-json\/wp\/v2\/product\/21014","targetHints":{"allow":["GET"]}}],"collection":[{"href":"https:\/\/gegokids.ee\/en\/wp-json\/wp\/v2\/product"}],"about":[{"href":"https:\/\/gegokids.ee\/en\/wp-json\/wp\/v2\/types\/product"}],"replies":[{"embeddable":true,"href":"https:\/\/gegokids.ee\/en\/wp-json\/wp\/v2\/comments?post=21014"}],"version-history":[{"count":5,"href":"https:\/\/gegokids.ee\/en\/wp-json\/wp\/v2\/product\/21014\/revisions"}],"predecessor-version":[{"id":28751,"href":"https:\/\/gegokids.ee\/en\/wp-json\/wp\/v2\/product\/21014\/revisions\/28751"}],"wp:featuredmedia":[{"embeddable":true,"href":"https:\/\/gegokids.ee\/en\/wp-json\/wp\/v2\/media\/21579"}],"wp:attachment":[{"href":"https:\/\/gegokids.ee\/en\/wp-json\/wp\/v2\/media?parent=21014"}],"wp:term":[{"taxonomy":"product_brand","embeddable":true,"href":"https:\/\/gegokids.ee\/en\/wp-json\/wp\/v2\/product_brand?post=21014"},{"taxonomy":"product_cat","embeddable":true,"href":"https:\/\/gegokids.ee\/en\/wp-json\/wp\/v2\/product_cat?post=21014"},{"taxonomy":"product_tag","embeddable":true,"href":"https:\/\/gegokids.ee\/en\/wp-json\/wp\/v2\/product_tag?post=21014"}],"curies":[{"name":"wp","href":"https:\/\/api.w.org\/{rel}","templated":true}]}}