{"id":20984,"date":"2022-06-18T13:46:52","date_gmt":"2022-06-18T13:46:52","guid":{"rendered":"https:\/\/gegokids.ee\/?post_type=product&#038;p=20984"},"modified":"2026-02-11T22:48:43","modified_gmt":"2026-02-11T19:48:43","slug":"mm-beebi-esimene-soomise-komplekt","status":"publish","type":"product","link":"https:\/\/gegokids.ee\/en\/product\/mm-beebi-esimene-soomise-komplekt\/","title":{"rendered":"Marcus &amp; Marcus Beebi esimene s\u00f6\u00f6mise komplekt"},"content":{"rendered":"<p><strong>Lusikas ja kauss:<\/strong><\/p>\n<p><span style=\"font-size: 12pt;\"><strong>Omadused:<\/strong><\/span><\/p>\n<ul>\n<li><span style=\"font-size: 12pt;\">BPA\/Ftalaatide vaba<\/span><\/li>\n<li><span style=\"font-size: 12pt;\">Koduste p\u00fcreede lihtsaks ettevalmistuseks<\/span><\/li>\n<li><span style=\"font-size: 12pt;\">Lusikas \u2013 pehmetipuline \u00f5rnadele igemetele<\/span><\/li>\n<li><span style=\"font-size: 12pt;\">2-\u00fches tampija ja lusikas<\/span><\/li>\n<\/ul>\n<p>&nbsp;<\/p>\n<p><span style=\"font-size: 12pt;\"><strong>Puhastamine ja hooldus:<\/strong><\/span><\/p>\n<ul>\n<li><span style=\"font-size: 12pt;\">Pestav n\u00f5udepesumasinas AINULT \u00fclemisel restil<\/span><\/li>\n<li><span style=\"font-size: 12pt;\">Sobib s\u00fcgavk\u00fclmas kasutamiseks<\/span><\/li>\n<li><span style=\"font-size: 12pt;\">Mikrolaineahjus kasutatav (ainult taldrik)<\/span><\/li>\n<li><span style=\"font-size: 12pt;\">Auruga steriliseeritav<\/span><\/li>\n<li><span style=\"font-size: 12pt;\">Plekid on lihtsasti eemaldatavad sooja seebiveega<\/span><\/li>\n<\/ul>\n<p><strong>S\u00f6\u00f6gip\u00f5ll:<\/strong><\/p>\n<p><span style=\"font-size: 12pt; font-family: georgia, palatino, serif;\"><strong>Omadused:<\/strong><\/span><\/p>\n<ul>\n<li><span style=\"font-size: 12pt; font-family: georgia, palatino, serif;\">BPA\/ftalaatide vaba<\/span><\/li>\n<li><span style=\"font-size: 12pt; font-family: georgia, palatino, serif;\">Ekstra suur kogumistasku<\/span><\/li>\n<li><span style=\"font-size: 12pt; font-family: georgia, palatino, serif;\">Pehme silikoon on hell lapse kaela vastu<\/span><\/li>\n<li><span style=\"font-size: 12pt; font-family: georgia, palatino, serif;\">Kaks reguleeritavat astet<\/span><\/li>\n<li>Kiiresti kuivav<\/li>\n<\/ul>\n<p><span style=\"font-size: 12pt; font-family: georgia, palatino, serif;\"><strong>Puhastamine ja hooldus:<\/strong><\/span><\/p>\n<ul>\n<li><span style=\"font-size: 12pt; font-family: georgia, palatino, serif;\">N\u00f5udepesumasina \u00fclemisel riiulil pestav<\/span><\/li>\n<li><span style=\"font-size: 12pt; font-family: georgia, palatino, serif;\">Aurusterilisaatoris puhastatav<\/span><\/li>\n<li><span style=\"font-size: 12pt; font-family: georgia, palatino, serif;\">Plekid on eemaldatavad sooja seebiveega<\/span><\/li>\n<\/ul>","protected":false},"excerpt":{"rendered":"<p><span style=\"font-size: 12pt;\">Marcus and Marcus tambiga p\u00fcreelusikas ja kausi komplekti kuulub 2-\u00fches lusikat, mille \u00fches otsas on pehmetipuline lusika otsik ja teises otsas p\u00fcreestaja, millega saab pehmeks keedetud\/aurutatud toidu p\u00fcreeks purustada. Komplekt sobib imeliselt esimesteks v\u00e4ikesteks ampsudeks, pakkudes sealjuures beebile v\u00e4rskeimat ja parimat toitu. Kausi p\u00f5hi on disainitud nii, et toidu purustamine oleks kiire ja lihtne. Lusikas on eriti pehme tipuga, et hoida \u00f5rnasid igemeid. <span style=\"font-family: georgia, palatino, serif; font-size: 12pt;\">Marcus &amp; Marcus p\u00f5lled on valmistatud eriti pehmest ja plekikindlast silikoonist, katsudes on see siidine ja sa ei usuks, et tegemist on silikoonp\u00f5llega. Reguleeritavad n\u00f6\u00f6bid muudavad p\u00f5lle universaalseks ning sellel on pikk kasutusiga. P\u00f5ll on kerge kaaluga ning ei kurna lapse kaela. \u00a0Ekstra suur kogumistasku hoolitseb selle eest, et riided j\u00e4\u00e4ksid puhtaks ning pudenev toit kukuks taskusse, mida on lihtne puhastada. S\u00f6\u00f6gip\u00f5ll on lihtsasti puhastatav ja kiiresti<\/span><span style=\"font-family: georgia, palatino, serif; font-size: 12pt;\">\u00a0kuivav ning seda v\u00f5ib pesta n\u00f5udepesumasinas \u00fclemisel riiulil v\u00f5i sooja seebiveega. <\/span><\/span><\/p>\n<p><span style=\"font-size: 12pt;\"><span style=\"font-family: georgia, palatino, serif; font-size: 12pt;\">Komplekt on valmistatud BPA ja ftalaatide vabast toidusilikoonist.<\/span> <\/span><\/p>\n<p>&nbsp;<\/p>\n<p><strong>Tarne 3-8 t\u00f6\u00f6p\u00e4eva!<\/strong><\/p>","protected":false},"featured_media":25976,"comment_status":"closed","ping_status":"closed","template":"","meta":[],"product_brand":[455],"product_cat":[285,422],"product_tag":[453,474,457,458],"class_list":{"0":"post-20984","1":"product","2":"type-product","3":"status-publish","4":"has-post-thumbnail","6":"product_brand-marcus-marcus","7":"product_cat-koik","8":"product_cat-laste-soogikomplektid","9":"product_tag-soogipolled-taskuga","10":"product_tag-soomistarvikud","11":"product_tag-beebidele-0-1-a","12":"product_tag-vaikelastele-1-3-a","14":"first","15":"instock","16":"shipping-taxable","17":"purchasable","18":"product-type-variable"},"yoast_head":"<!-- This site is optimized with the Yoast SEO plugin v26.9 - https:\/\/yoast.com\/product\/yoast-seo-wordpress\/ -->\n<title>Marcus &amp; Marcus Beebi esimene s\u00f6\u00f6mise komplekt | Gegokids<\/title>\n<meta name=\"description\" content=\"Marcus and Marcus tambiga p\u00fcreelusikas ja kausi komplekti kuulub 2-\u00fches lusikat, mille \u00fches otsas on pehmetipuline lusika otsik ja teises otsas p\u00fcreestaja, millega saab pehmeks keedetud\/aurutatud toidu p\u00fcreeks purustada. Komplekt sobib imeliselt esimesteks v\u00e4ikesteks ampsudeks, pakkudes sealjuures beebile v\u00e4rskeimat ja parimat toitu. Kausi p\u00f5hi on disainitud nii, et toidu purustamine oleks kiire ja lihtne. Lusikas on eriti pehme tipuga, et hoida \u00f5rnasid igemeid. Marcus &amp; Marcus p\u00f5lled on valmistatud eriti pehmest ja plekikindlast silikoonist, katsudes on see siidine ja sa ei usuks, et tegemist on silikoonp\u00f5llega. Reguleeritavad n\u00f6\u00f6bid muudavad p\u00f5lle universaalseks ning sellel on pikk kasutusiga. P\u00f5ll on kerge kaaluga ning ei kurna lapse kaela. \u00a0Ekstra suur kogumistasku hoolitseb selle eest, et riided j\u00e4\u00e4ksid puhtaks ning pudenev toit kukuks taskusse, mida on lihtne puhastada. S\u00f6\u00f6gip\u00f5ll on lihtsasti puhastatav ja kiiresti\u00a0kuivav ning seda v\u00f5ib pesta n\u00f5udepesumasinas \u00fclemisel riiulil v\u00f5i sooja seebiveega.Komplekt on valmistatud BPA ja ftalaatide vabast toidusilikoonist.\" \/>\n<meta name=\"robots\" content=\"index, follow, max-snippet:-1, max-image-preview:large, max-video-preview:-1\" \/>\n<link rel=\"canonical\" href=\"https:\/\/gegokids.ee\/en\/product\/mm-beebi-esimene-soomise-komplekt\/\" \/>\n<meta property=\"og:locale\" content=\"en_US\" \/>\n<meta property=\"og:type\" content=\"article\" \/>\n<meta property=\"og:title\" content=\"Marcus &amp; Marcus Beebi esimene s\u00f6\u00f6mise komplekt | Gegokids\" \/>\n<meta property=\"og:description\" content=\"Marcus and Marcus tambiga p\u00fcreelusikas ja kausi komplekti kuulub 2-\u00fches lusikat, mille \u00fches otsas on pehmetipuline lusika otsik ja teises otsas p\u00fcreestaja, millega saab pehmeks keedetud\/aurutatud toidu p\u00fcreeks purustada. Komplekt sobib imeliselt esimesteks v\u00e4ikesteks ampsudeks, pakkudes sealjuures beebile v\u00e4rskeimat ja parimat toitu. Kausi p\u00f5hi on disainitud nii, et toidu purustamine oleks kiire ja lihtne. Lusikas on eriti pehme tipuga, et hoida \u00f5rnasid igemeid. Marcus &amp; Marcus p\u00f5lled on valmistatud eriti pehmest ja plekikindlast silikoonist, katsudes on see siidine ja sa ei usuks, et tegemist on silikoonp\u00f5llega. Reguleeritavad n\u00f6\u00f6bid muudavad p\u00f5lle universaalseks ning sellel on pikk kasutusiga. P\u00f5ll on kerge kaaluga ning ei kurna lapse kaela. \u00a0Ekstra suur kogumistasku hoolitseb selle eest, et riided j\u00e4\u00e4ksid puhtaks ning pudenev toit kukuks taskusse, mida on lihtne puhastada. S\u00f6\u00f6gip\u00f5ll on lihtsasti puhastatav ja kiiresti\u00a0kuivav ning seda v\u00f5ib pesta n\u00f5udepesumasinas \u00fclemisel riiulil v\u00f5i sooja seebiveega.Komplekt on valmistatud BPA ja ftalaatide vabast toidusilikoonist.\" \/>\n<meta property=\"og:url\" content=\"https:\/\/gegokids.ee\/en\/product\/mm-beebi-esimene-soomise-komplekt\/\" \/>\n<meta property=\"og:site_name\" content=\"Gegokids\" \/>\n<meta property=\"article:publisher\" content=\"https:\/\/www.facebook.com\/GegoKids\" \/>\n<meta property=\"article:modified_time\" content=\"2026-02-11T19:48:43+00:00\" \/>\n<meta property=\"og:image\" content=\"https:\/\/gegokids.ee\/wp-content\/uploads\/2022\/06\/MM-Beebi-Esimene-Soomise-Komplekt-sinine.png\" \/>\n\t<meta property=\"og:image:width\" content=\"800\" \/>\n\t<meta property=\"og:image:height\" content=\"533\" \/>\n\t<meta property=\"og:image:type\" content=\"image\/png\" \/>\n<meta name=\"twitter:card\" content=\"summary_large_image\" \/>\n<meta name=\"twitter:label1\" content=\"Est. reading time\" \/>\n\t<meta name=\"twitter:data1\" content=\"1 minute\" \/>\n<script type=\"application\/ld+json\" class=\"yoast-schema-graph\">{\"@context\":\"https:\/\/schema.org\",\"@graph\":[{\"@type\":\"WebPage\",\"@id\":\"https:\/\/gegokids.ee\/toode\/mm-beebi-esimene-soomise-komplekt\/\",\"url\":\"https:\/\/gegokids.ee\/toode\/mm-beebi-esimene-soomise-komplekt\/\",\"name\":\"Marcus &amp; Marcus Beebi esimene s\u00f6\u00f6mise komplekt | Gegokids\",\"isPartOf\":{\"@id\":\"https:\/\/gegokids.ee\/#website\"},\"primaryImageOfPage\":{\"@id\":\"https:\/\/gegokids.ee\/toode\/mm-beebi-esimene-soomise-komplekt\/#primaryimage\"},\"image\":{\"@id\":\"https:\/\/gegokids.ee\/toode\/mm-beebi-esimene-soomise-komplekt\/#primaryimage\"},\"thumbnailUrl\":\"https:\/\/gegokids.ee\/wp-content\/uploads\/2022\/06\/MM-Beebi-Esimene-Soomise-Komplekt-sinine.png\",\"datePublished\":\"2022-06-18T13:46:52+00:00\",\"dateModified\":\"2026-02-11T19:48:43+00:00\",\"description\":\"Marcus and Marcus tambiga p\u00fcreelusikas ja kausi komplekti kuulub 2-\u00fches lusikat, mille \u00fches otsas on pehmetipuline lusika otsik ja teises otsas p\u00fcreestaja, millega saab pehmeks keedetud\/aurutatud toidu p\u00fcreeks purustada. Komplekt sobib imeliselt esimesteks v\u00e4ikesteks ampsudeks, pakkudes sealjuures beebile v\u00e4rskeimat ja parimat toitu. Kausi p\u00f5hi on disainitud nii, et toidu purustamine oleks kiire ja lihtne. Lusikas on eriti pehme tipuga, et hoida \u00f5rnasid igemeid. Marcus & Marcus p\u00f5lled on valmistatud eriti pehmest ja plekikindlast silikoonist, katsudes on see siidine ja sa ei usuks, et tegemist on silikoonp\u00f5llega. Reguleeritavad n\u00f6\u00f6bid muudavad p\u00f5lle universaalseks ning sellel on pikk kasutusiga. P\u00f5ll on kerge kaaluga ning ei kurna lapse kaela. \u00a0Ekstra suur kogumistasku hoolitseb selle eest, et riided j\u00e4\u00e4ksid puhtaks ning pudenev toit kukuks taskusse, mida on lihtne puhastada. S\u00f6\u00f6gip\u00f5ll on lihtsasti puhastatav ja kiiresti\u00a0kuivav ning seda v\u00f5ib pesta n\u00f5udepesumasinas \u00fclemisel riiulil v\u00f5i sooja seebiveega.Komplekt on valmistatud BPA ja ftalaatide vabast toidusilikoonist.\",\"breadcrumb\":{\"@id\":\"https:\/\/gegokids.ee\/toode\/mm-beebi-esimene-soomise-komplekt\/#breadcrumb\"},\"inLanguage\":\"en-US\",\"potentialAction\":[{\"@type\":\"ReadAction\",\"target\":[\"https:\/\/gegokids.ee\/toode\/mm-beebi-esimene-soomise-komplekt\/\"]}]},{\"@type\":\"ImageObject\",\"inLanguage\":\"en-US\",\"@id\":\"https:\/\/gegokids.ee\/toode\/mm-beebi-esimene-soomise-komplekt\/#primaryimage\",\"url\":\"https:\/\/gegokids.ee\/wp-content\/uploads\/2022\/06\/MM-Beebi-Esimene-Soomise-Komplekt-sinine.png\",\"contentUrl\":\"https:\/\/gegokids.ee\/wp-content\/uploads\/2022\/06\/MM-Beebi-Esimene-Soomise-Komplekt-sinine.png\",\"width\":800,\"height\":533},{\"@type\":\"BreadcrumbList\",\"@id\":\"https:\/\/gegokids.ee\/toode\/mm-beebi-esimene-soomise-komplekt\/#breadcrumb\",\"itemListElement\":[{\"@type\":\"ListItem\",\"position\":1,\"name\":\"Home\",\"item\":\"https:\/\/gegokids.ee\/en\/\"},{\"@type\":\"ListItem\",\"position\":2,\"name\":\"E-pood\",\"item\":\"https:\/\/gegokids.ee\/e-pood\/\"},{\"@type\":\"ListItem\",\"position\":3,\"name\":\"Marcus &amp; Marcus Beebi esimene s\u00f6\u00f6mise komplekt\"}]},{\"@type\":\"WebSite\",\"@id\":\"https:\/\/gegokids.ee\/#website\",\"url\":\"https:\/\/gegokids.ee\/\",\"name\":\"Gegokids\",\"description\":\"Kvaliteetsed ja turvalised laste m\u00e4nguasjad.\",\"publisher\":{\"@id\":\"https:\/\/gegokids.ee\/#organization\"},\"potentialAction\":[{\"@type\":\"SearchAction\",\"target\":{\"@type\":\"EntryPoint\",\"urlTemplate\":\"https:\/\/gegokids.ee\/?s={search_term_string}\"},\"query-input\":{\"@type\":\"PropertyValueSpecification\",\"valueRequired\":true,\"valueName\":\"search_term_string\"}}],\"inLanguage\":\"en-US\"},{\"@type\":\"Organization\",\"@id\":\"https:\/\/gegokids.ee\/#organization\",\"name\":\"Gegokids\",\"url\":\"https:\/\/gegokids.ee\/\",\"logo\":{\"@type\":\"ImageObject\",\"inLanguage\":\"en-US\",\"@id\":\"https:\/\/gegokids.ee\/#\/schema\/logo\/image\/\",\"url\":\"https:\/\/gegokids.ee\/wp-content\/uploads\/2022\/06\/logo2.png\",\"contentUrl\":\"https:\/\/gegokids.ee\/wp-content\/uploads\/2022\/06\/logo2.png\",\"width\":358,\"height\":104,\"caption\":\"Gegokids\"},\"image\":{\"@id\":\"https:\/\/gegokids.ee\/#\/schema\/logo\/image\/\"},\"sameAs\":[\"https:\/\/www.facebook.com\/GegoKids\",\"https:\/\/www.instagram.com\/gegokids.ee\/\"]}]}<\/script>\n<!-- \/ Yoast SEO plugin. -->","yoast_head_json":{"title":"Marcus &amp; Marcus Beebi esimene s\u00f6\u00f6mise komplekt | Gegokids","description":"Marcus and Marcus tambiga p\u00fcreelusikas ja kausi komplekti kuulub 2-\u00fches lusikat, mille \u00fches otsas on pehmetipuline lusika otsik ja teises otsas p\u00fcreestaja, millega saab pehmeks keedetud\/aurutatud toidu p\u00fcreeks purustada. Komplekt sobib imeliselt esimesteks v\u00e4ikesteks ampsudeks, pakkudes sealjuures beebile v\u00e4rskeimat ja parimat toitu. Kausi p\u00f5hi on disainitud nii, et toidu purustamine oleks kiire ja lihtne. Lusikas on eriti pehme tipuga, et hoida \u00f5rnasid igemeid. Marcus & Marcus p\u00f5lled on valmistatud eriti pehmest ja plekikindlast silikoonist, katsudes on see siidine ja sa ei usuks, et tegemist on silikoonp\u00f5llega. Reguleeritavad n\u00f6\u00f6bid muudavad p\u00f5lle universaalseks ning sellel on pikk kasutusiga. P\u00f5ll on kerge kaaluga ning ei kurna lapse kaela. \u00a0Ekstra suur kogumistasku hoolitseb selle eest, et riided j\u00e4\u00e4ksid puhtaks ning pudenev toit kukuks taskusse, mida on lihtne puhastada. S\u00f6\u00f6gip\u00f5ll on lihtsasti puhastatav ja kiiresti\u00a0kuivav ning seda v\u00f5ib pesta n\u00f5udepesumasinas \u00fclemisel riiulil v\u00f5i sooja seebiveega.Komplekt on valmistatud BPA ja ftalaatide vabast toidusilikoonist.","robots":{"index":"index","follow":"follow","max-snippet":"max-snippet:-1","max-image-preview":"max-image-preview:large","max-video-preview":"max-video-preview:-1"},"canonical":"https:\/\/gegokids.ee\/en\/product\/mm-beebi-esimene-soomise-komplekt\/","og_locale":"en_US","og_type":"article","og_title":"Marcus &amp; Marcus Beebi esimene s\u00f6\u00f6mise komplekt | Gegokids","og_description":"Marcus and Marcus tambiga p\u00fcreelusikas ja kausi komplekti kuulub 2-\u00fches lusikat, mille \u00fches otsas on pehmetipuline lusika otsik ja teises otsas p\u00fcreestaja, millega saab pehmeks keedetud\/aurutatud toidu p\u00fcreeks purustada. Komplekt sobib imeliselt esimesteks v\u00e4ikesteks ampsudeks, pakkudes sealjuures beebile v\u00e4rskeimat ja parimat toitu. Kausi p\u00f5hi on disainitud nii, et toidu purustamine oleks kiire ja lihtne. Lusikas on eriti pehme tipuga, et hoida \u00f5rnasid igemeid. Marcus & Marcus p\u00f5lled on valmistatud eriti pehmest ja plekikindlast silikoonist, katsudes on see siidine ja sa ei usuks, et tegemist on silikoonp\u00f5llega. Reguleeritavad n\u00f6\u00f6bid muudavad p\u00f5lle universaalseks ning sellel on pikk kasutusiga. P\u00f5ll on kerge kaaluga ning ei kurna lapse kaela. \u00a0Ekstra suur kogumistasku hoolitseb selle eest, et riided j\u00e4\u00e4ksid puhtaks ning pudenev toit kukuks taskusse, mida on lihtne puhastada. S\u00f6\u00f6gip\u00f5ll on lihtsasti puhastatav ja kiiresti\u00a0kuivav ning seda v\u00f5ib pesta n\u00f5udepesumasinas \u00fclemisel riiulil v\u00f5i sooja seebiveega.Komplekt on valmistatud BPA ja ftalaatide vabast toidusilikoonist.","og_url":"https:\/\/gegokids.ee\/en\/product\/mm-beebi-esimene-soomise-komplekt\/","og_site_name":"Gegokids","article_publisher":"https:\/\/www.facebook.com\/GegoKids","article_modified_time":"2026-02-11T19:48:43+00:00","og_image":[{"width":800,"height":533,"url":"https:\/\/gegokids.ee\/wp-content\/uploads\/2022\/06\/MM-Beebi-Esimene-Soomise-Komplekt-sinine.png","type":"image\/png"}],"twitter_card":"summary_large_image","twitter_misc":{"Est. reading time":"1 minute"},"schema":{"@context":"https:\/\/schema.org","@graph":[{"@type":"WebPage","@id":"https:\/\/gegokids.ee\/toode\/mm-beebi-esimene-soomise-komplekt\/","url":"https:\/\/gegokids.ee\/toode\/mm-beebi-esimene-soomise-komplekt\/","name":"Marcus &amp; Marcus Beebi esimene s\u00f6\u00f6mise komplekt | Gegokids","isPartOf":{"@id":"https:\/\/gegokids.ee\/#website"},"primaryImageOfPage":{"@id":"https:\/\/gegokids.ee\/toode\/mm-beebi-esimene-soomise-komplekt\/#primaryimage"},"image":{"@id":"https:\/\/gegokids.ee\/toode\/mm-beebi-esimene-soomise-komplekt\/#primaryimage"},"thumbnailUrl":"https:\/\/gegokids.ee\/wp-content\/uploads\/2022\/06\/MM-Beebi-Esimene-Soomise-Komplekt-sinine.png","datePublished":"2022-06-18T13:46:52+00:00","dateModified":"2026-02-11T19:48:43+00:00","description":"Marcus and Marcus tambiga p\u00fcreelusikas ja kausi komplekti kuulub 2-\u00fches lusikat, mille \u00fches otsas on pehmetipuline lusika otsik ja teises otsas p\u00fcreestaja, millega saab pehmeks keedetud\/aurutatud toidu p\u00fcreeks purustada. Komplekt sobib imeliselt esimesteks v\u00e4ikesteks ampsudeks, pakkudes sealjuures beebile v\u00e4rskeimat ja parimat toitu. Kausi p\u00f5hi on disainitud nii, et toidu purustamine oleks kiire ja lihtne. Lusikas on eriti pehme tipuga, et hoida \u00f5rnasid igemeid. Marcus & Marcus p\u00f5lled on valmistatud eriti pehmest ja plekikindlast silikoonist, katsudes on see siidine ja sa ei usuks, et tegemist on silikoonp\u00f5llega. Reguleeritavad n\u00f6\u00f6bid muudavad p\u00f5lle universaalseks ning sellel on pikk kasutusiga. P\u00f5ll on kerge kaaluga ning ei kurna lapse kaela. \u00a0Ekstra suur kogumistasku hoolitseb selle eest, et riided j\u00e4\u00e4ksid puhtaks ning pudenev toit kukuks taskusse, mida on lihtne puhastada. S\u00f6\u00f6gip\u00f5ll on lihtsasti puhastatav ja kiiresti\u00a0kuivav ning seda v\u00f5ib pesta n\u00f5udepesumasinas \u00fclemisel riiulil v\u00f5i sooja seebiveega.Komplekt on valmistatud BPA ja ftalaatide vabast toidusilikoonist.","breadcrumb":{"@id":"https:\/\/gegokids.ee\/toode\/mm-beebi-esimene-soomise-komplekt\/#breadcrumb"},"inLanguage":"en-US","potentialAction":[{"@type":"ReadAction","target":["https:\/\/gegokids.ee\/toode\/mm-beebi-esimene-soomise-komplekt\/"]}]},{"@type":"ImageObject","inLanguage":"en-US","@id":"https:\/\/gegokids.ee\/toode\/mm-beebi-esimene-soomise-komplekt\/#primaryimage","url":"https:\/\/gegokids.ee\/wp-content\/uploads\/2022\/06\/MM-Beebi-Esimene-Soomise-Komplekt-sinine.png","contentUrl":"https:\/\/gegokids.ee\/wp-content\/uploads\/2022\/06\/MM-Beebi-Esimene-Soomise-Komplekt-sinine.png","width":800,"height":533},{"@type":"BreadcrumbList","@id":"https:\/\/gegokids.ee\/toode\/mm-beebi-esimene-soomise-komplekt\/#breadcrumb","itemListElement":[{"@type":"ListItem","position":1,"name":"Home","item":"https:\/\/gegokids.ee\/en\/"},{"@type":"ListItem","position":2,"name":"E-pood","item":"https:\/\/gegokids.ee\/e-pood\/"},{"@type":"ListItem","position":3,"name":"Marcus &amp; Marcus Beebi esimene s\u00f6\u00f6mise komplekt"}]},{"@type":"WebSite","@id":"https:\/\/gegokids.ee\/#website","url":"https:\/\/gegokids.ee\/","name":"Gegokids","description":"Kvaliteetsed ja turvalised laste m\u00e4nguasjad.","publisher":{"@id":"https:\/\/gegokids.ee\/#organization"},"potentialAction":[{"@type":"SearchAction","target":{"@type":"EntryPoint","urlTemplate":"https:\/\/gegokids.ee\/?s={search_term_string}"},"query-input":{"@type":"PropertyValueSpecification","valueRequired":true,"valueName":"search_term_string"}}],"inLanguage":"en-US"},{"@type":"Organization","@id":"https:\/\/gegokids.ee\/#organization","name":"Gegokids","url":"https:\/\/gegokids.ee\/","logo":{"@type":"ImageObject","inLanguage":"en-US","@id":"https:\/\/gegokids.ee\/#\/schema\/logo\/image\/","url":"https:\/\/gegokids.ee\/wp-content\/uploads\/2022\/06\/logo2.png","contentUrl":"https:\/\/gegokids.ee\/wp-content\/uploads\/2022\/06\/logo2.png","width":358,"height":104,"caption":"Gegokids"},"image":{"@id":"https:\/\/gegokids.ee\/#\/schema\/logo\/image\/"},"sameAs":["https:\/\/www.facebook.com\/GegoKids","https:\/\/www.instagram.com\/gegokids.ee\/"]}]}},"_links":{"self":[{"href":"https:\/\/gegokids.ee\/en\/wp-json\/wp\/v2\/product\/20984","targetHints":{"allow":["GET"]}}],"collection":[{"href":"https:\/\/gegokids.ee\/en\/wp-json\/wp\/v2\/product"}],"about":[{"href":"https:\/\/gegokids.ee\/en\/wp-json\/wp\/v2\/types\/product"}],"replies":[{"embeddable":true,"href":"https:\/\/gegokids.ee\/en\/wp-json\/wp\/v2\/comments?post=20984"}],"version-history":[{"count":5,"href":"https:\/\/gegokids.ee\/en\/wp-json\/wp\/v2\/product\/20984\/revisions"}],"predecessor-version":[{"id":29106,"href":"https:\/\/gegokids.ee\/en\/wp-json\/wp\/v2\/product\/20984\/revisions\/29106"}],"wp:featuredmedia":[{"embeddable":true,"href":"https:\/\/gegokids.ee\/en\/wp-json\/wp\/v2\/media\/25976"}],"wp:attachment":[{"href":"https:\/\/gegokids.ee\/en\/wp-json\/wp\/v2\/media?parent=20984"}],"wp:term":[{"taxonomy":"product_brand","embeddable":true,"href":"https:\/\/gegokids.ee\/en\/wp-json\/wp\/v2\/product_brand?post=20984"},{"taxonomy":"product_cat","embeddable":true,"href":"https:\/\/gegokids.ee\/en\/wp-json\/wp\/v2\/product_cat?post=20984"},{"taxonomy":"product_tag","embeddable":true,"href":"https:\/\/gegokids.ee\/en\/wp-json\/wp\/v2\/product_tag?post=20984"}],"curies":[{"name":"wp","href":"https:\/\/api.w.org\/{rel}","templated":true}]}}