{"id":20977,"date":"2022-06-18T13:46:52","date_gmt":"2022-06-18T13:46:52","guid":{"rendered":"https:\/\/gegokids.ee\/?post_type=product&#038;p=20977"},"modified":"2026-02-07T22:55:14","modified_gmt":"2026-02-07T19:55:14","slug":"mm-360-hambahari-oppimiseks","status":"publish","type":"product","link":"https:\/\/gegokids.ee\/en\/product\/mm-360-hambahari-oppimiseks\/","title":{"rendered":"Marcus &amp; Marcus 360\u00b0 hambahari \u00f5ppimiseks"},"content":{"rendered":"<div class=\"e4271-29 x-text x-text-headline\">\n<div class=\"x-text-content\">\n<div class=\"x-text-content-text\">\n<h1 class=\"x-text-content-text-primary\"><span style=\"font-size: 12pt; color: #000000;\">Omadused:<\/span><\/h1>\n<\/div>\n<\/div>\n<\/div>\n<div class=\"e4271-31 x-text\">\n<div class=\"page\" title=\"Page 54\">\n<div class=\"section\">\n<div class=\"layoutArea\">\n<div class=\"column\">\n<p><span style=\"font-size: 12pt; color: #000000;\">\u2022 BPA\/Ftalaatide vaba<\/span><\/p>\n<p><span style=\"font-size: 12pt; color: #000000;\">\u2022Masseerib igemeid<\/span><br \/>\n<span style=\"font-size: 12pt; color: #000000;\">\u2022 360\u00b0 silikoonist harjased<\/span><br \/>\n<span style=\"font-size: 12pt; color: #000000;\">\u2022 Pehmed ja elastsed kauakestvad silikoonist harjased laiade vahedega<\/span><br \/>\n<span style=\"font-size: 12pt; color: #000000;\">\u2022 Peopesa haaramisega disain lapse arendamiseks<\/span><br \/>\n<span style=\"font-size: 12pt; color: #000000;\">\u2022 Eemaldatav kaitsev\u00f5ru, et v\u00e4ltida harja liiga s\u00fcgavat kurku sattumist<\/span><br \/>\n<span style=\"font-size: 12pt; color: #000000;\">\u2022 Iminapaga kinnitus<\/span><\/p>\n<\/div>\n<\/div>\n<\/div>\n<\/div>\n<\/div>\n<div class=\"e4271-33 x-text x-text-headline\">\n<div class=\"x-text-content\">\n<div class=\"x-text-content-text\">\n<h1 class=\"x-text-content-text-primary\"><span style=\"font-size: 12pt; color: #000000;\">Puhastamine ja hoolus:<\/span><\/h1>\n<\/div>\n<\/div>\n<\/div>\n<div class=\"e4271-35 x-text\">\n<div class=\"page\" title=\"Page 54\">\n<div class=\"section\">\n<div class=\"layoutArea\">\n<div class=\"column\">\n<p><span style=\"font-size: 12pt; color: #000000;\">\u2022 Pestav n\u00f5udepesumasinas \u00fclemisel riiulil<\/span><br \/>\n<span style=\"font-size: 12pt; color: #000000;\">\u2022 UV steriliseeritav<\/span><br \/>\n<span style=\"font-size: 12pt; color: #000000;\">\u2022 SAuruga steriliseeritav<\/span><br \/>\n<span style=\"font-size: 12pt; color: #000000;\">\u2022 Plekid on eemaldatavad sooja seebiveega<\/span><\/p>\n<\/div>\n<\/div>\n<\/div>\n<\/div>\n<\/div>\n<div class=\"e4271-37 x-row\">\n<div class=\"x-row-inner\">\n<div class=\"e4271-38 x-col\">\n<div class=\"e4271-39 x-text x-text-headline\">\n<div class=\"x-text-content\">\n<div class=\"x-text-content-text\">\n<h1 class=\"x-text-content-text-primary\"><span style=\"font-size: 12pt; color: #000000;\">Vanus:<\/span><\/h1>\n<\/div>\n<\/div>\n<\/div>\n<div class=\"x-anchor-content\">\n<div class=\"x-anchor-text\"><span class=\"x-anchor-text-primary\" style=\"font-size: 12pt; color: #000000;\">12 kuud+<\/span><\/div>\n<\/div>\n<\/div>\n<\/div>\n<\/div>","protected":false},"excerpt":{"rendered":"<div class=\"e4271-22 x-text\">\n<p><span style=\"color: #000000;\"><span style=\"font-size: 12pt;\">Marcus &amp; Marcus 360\u00b0 hambahari \u00f5ppimiseks on ideaalne v\u00e4ikelastele, kes alustavad iseseisvat hammaste pesemist.\u00a0<\/span><span style=\"font-size: 12pt;\">360\u00b0 asetsevad harjased muudavad hammaste pesu efektiivseks ning samal ajal masseerides igemeid. Harjased on valmistatud toidusilikoonist ning asetsevad laiade vahedega, mis muudavad harja pehmeks kaitsmaks igemeid. 360\u00b0-sel hambaharjal on eemaldatav kaitsev\u00f5ru, mis hoiab \u00e4ra harja liiga s\u00fcgavale kurku sattumise.\u00a0<\/span><\/span><\/p>\n<\/div>\n<p><span style=\"font-size: 12pt; color: #000000;\"><strong>Tarne 2-5 t\u00f6\u00f6p\u00e4eva!<\/strong><\/span><\/p>","protected":false},"featured_media":26526,"comment_status":"closed","ping_status":"closed","template":"","meta":[],"product_brand":[455],"product_cat":[298,285],"product_tag":[452,458],"class_list":{"0":"post-20977","1":"product","2":"type-product","3":"status-publish","4":"has-post-thumbnail","6":"product_brand-marcus-marcus","7":"product_cat-laste-beebide-hambaharjad","8":"product_cat-koik","9":"product_tag-suuhooldus","10":"product_tag-vaikelastele-1-3-a","12":"first","13":"instock","14":"shipping-taxable","15":"purchasable","16":"product-type-variable"},"yoast_head":"<!-- This site is optimized with the Yoast SEO plugin v26.9 - https:\/\/yoast.com\/product\/yoast-seo-wordpress\/ -->\n<title>Marcus &amp; Marcus 360\u00b0 hambahari \u00f5ppimiseks | Gegokids<\/title>\n<meta name=\"description\" content=\"360\u00b0 hambahari \u00f5ppimiseks on ideaalne v\u00e4ikelastele, kes alustavad iseseisvat hammaste pesemist.\u00a0360\u00b0 asetsevad harjased muudavad hammaste pesu efektiivseks ning samal ajal masseerides igemeid.\" \/>\n<meta name=\"robots\" content=\"index, follow, max-snippet:-1, max-image-preview:large, max-video-preview:-1\" \/>\n<link rel=\"canonical\" href=\"https:\/\/gegokids.ee\/en\/product\/mm-360-hambahari-oppimiseks\/\" \/>\n<meta property=\"og:locale\" content=\"en_US\" \/>\n<meta property=\"og:type\" content=\"article\" \/>\n<meta property=\"og:title\" content=\"Marcus &amp; Marcus 360\u00b0 hambahari \u00f5ppimiseks | Gegokids\" \/>\n<meta property=\"og:description\" content=\"360\u00b0 hambahari \u00f5ppimiseks on ideaalne v\u00e4ikelastele, kes alustavad iseseisvat hammaste pesemist.\u00a0360\u00b0 asetsevad harjased muudavad hammaste pesu efektiivseks ning samal ajal masseerides igemeid.\" \/>\n<meta property=\"og:url\" content=\"https:\/\/gegokids.ee\/en\/product\/mm-360-hambahari-oppimiseks\/\" \/>\n<meta property=\"og:site_name\" content=\"Gegokids\" \/>\n<meta property=\"article:publisher\" content=\"https:\/\/www.facebook.com\/GegoKids\" \/>\n<meta property=\"article:modified_time\" content=\"2026-02-07T19:55:14+00:00\" \/>\n<meta property=\"og:image\" content=\"https:\/\/gegokids.ee\/wp-content\/uploads\/2022\/06\/MM-360\u00b0-Hambahari-oppimiseks-roosapng.png\" \/>\n\t<meta property=\"og:image:width\" content=\"800\" \/>\n\t<meta property=\"og:image:height\" content=\"533\" \/>\n\t<meta property=\"og:image:type\" content=\"image\/png\" \/>\n<meta name=\"twitter:card\" content=\"summary_large_image\" \/>\n<meta name=\"twitter:label1\" content=\"Est. reading time\" \/>\n\t<meta name=\"twitter:data1\" content=\"1 minute\" \/>\n<script type=\"application\/ld+json\" class=\"yoast-schema-graph\">{\"@context\":\"https:\/\/schema.org\",\"@graph\":[{\"@type\":\"WebPage\",\"@id\":\"https:\/\/gegokids.ee\/toode\/mm-360-hambahari-oppimiseks\/\",\"url\":\"https:\/\/gegokids.ee\/toode\/mm-360-hambahari-oppimiseks\/\",\"name\":\"Marcus &amp; Marcus 360\u00b0 hambahari \u00f5ppimiseks | Gegokids\",\"isPartOf\":{\"@id\":\"https:\/\/gegokids.ee\/#website\"},\"primaryImageOfPage\":{\"@id\":\"https:\/\/gegokids.ee\/toode\/mm-360-hambahari-oppimiseks\/#primaryimage\"},\"image\":{\"@id\":\"https:\/\/gegokids.ee\/toode\/mm-360-hambahari-oppimiseks\/#primaryimage\"},\"thumbnailUrl\":\"https:\/\/gegokids.ee\/wp-content\/uploads\/2022\/06\/MM-360\u00b0-Hambahari-oppimiseks-punane.png\",\"datePublished\":\"2022-06-18T13:46:52+00:00\",\"dateModified\":\"2026-02-07T19:55:14+00:00\",\"description\":\"360\u00b0 hambahari \u00f5ppimiseks on ideaalne v\u00e4ikelastele, kes alustavad iseseisvat hammaste pesemist.\u00a0360\u00b0 asetsevad harjased muudavad hammaste pesu efektiivseks ning samal ajal masseerides igemeid.\",\"breadcrumb\":{\"@id\":\"https:\/\/gegokids.ee\/toode\/mm-360-hambahari-oppimiseks\/#breadcrumb\"},\"inLanguage\":\"en-US\",\"potentialAction\":[{\"@type\":\"ReadAction\",\"target\":[\"https:\/\/gegokids.ee\/toode\/mm-360-hambahari-oppimiseks\/\"]}]},{\"@type\":\"ImageObject\",\"inLanguage\":\"en-US\",\"@id\":\"https:\/\/gegokids.ee\/toode\/mm-360-hambahari-oppimiseks\/#primaryimage\",\"url\":\"https:\/\/gegokids.ee\/wp-content\/uploads\/2022\/06\/MM-360\u00b0-Hambahari-oppimiseks-punane.png\",\"contentUrl\":\"https:\/\/gegokids.ee\/wp-content\/uploads\/2022\/06\/MM-360\u00b0-Hambahari-oppimiseks-punane.png\",\"width\":800,\"height\":533},{\"@type\":\"BreadcrumbList\",\"@id\":\"https:\/\/gegokids.ee\/toode\/mm-360-hambahari-oppimiseks\/#breadcrumb\",\"itemListElement\":[{\"@type\":\"ListItem\",\"position\":1,\"name\":\"Home\",\"item\":\"https:\/\/gegokids.ee\/en\/\"},{\"@type\":\"ListItem\",\"position\":2,\"name\":\"E-pood\",\"item\":\"https:\/\/gegokids.ee\/e-pood\/\"},{\"@type\":\"ListItem\",\"position\":3,\"name\":\"Marcus &amp; Marcus 360\u00b0 hambahari \u00f5ppimiseks\"}]},{\"@type\":\"WebSite\",\"@id\":\"https:\/\/gegokids.ee\/#website\",\"url\":\"https:\/\/gegokids.ee\/\",\"name\":\"Gegokids\",\"description\":\"Kvaliteetsed ja turvalised laste m\u00e4nguasjad.\",\"publisher\":{\"@id\":\"https:\/\/gegokids.ee\/#organization\"},\"potentialAction\":[{\"@type\":\"SearchAction\",\"target\":{\"@type\":\"EntryPoint\",\"urlTemplate\":\"https:\/\/gegokids.ee\/?s={search_term_string}\"},\"query-input\":{\"@type\":\"PropertyValueSpecification\",\"valueRequired\":true,\"valueName\":\"search_term_string\"}}],\"inLanguage\":\"en-US\"},{\"@type\":\"Organization\",\"@id\":\"https:\/\/gegokids.ee\/#organization\",\"name\":\"Gegokids\",\"url\":\"https:\/\/gegokids.ee\/\",\"logo\":{\"@type\":\"ImageObject\",\"inLanguage\":\"en-US\",\"@id\":\"https:\/\/gegokids.ee\/#\/schema\/logo\/image\/\",\"url\":\"https:\/\/gegokids.ee\/wp-content\/uploads\/2022\/06\/logo2.png\",\"contentUrl\":\"https:\/\/gegokids.ee\/wp-content\/uploads\/2022\/06\/logo2.png\",\"width\":358,\"height\":104,\"caption\":\"Gegokids\"},\"image\":{\"@id\":\"https:\/\/gegokids.ee\/#\/schema\/logo\/image\/\"},\"sameAs\":[\"https:\/\/www.facebook.com\/GegoKids\",\"https:\/\/www.instagram.com\/gegokids.ee\/\"]}]}<\/script>\n<!-- \/ Yoast SEO plugin. -->","yoast_head_json":{"title":"Marcus &amp; Marcus 360\u00b0 hambahari \u00f5ppimiseks | Gegokids","description":"360\u00b0 hambahari \u00f5ppimiseks on ideaalne v\u00e4ikelastele, kes alustavad iseseisvat hammaste pesemist.\u00a0360\u00b0 asetsevad harjased muudavad hammaste pesu efektiivseks ning samal ajal masseerides igemeid.","robots":{"index":"index","follow":"follow","max-snippet":"max-snippet:-1","max-image-preview":"max-image-preview:large","max-video-preview":"max-video-preview:-1"},"canonical":"https:\/\/gegokids.ee\/en\/product\/mm-360-hambahari-oppimiseks\/","og_locale":"en_US","og_type":"article","og_title":"Marcus &amp; Marcus 360\u00b0 hambahari \u00f5ppimiseks | Gegokids","og_description":"360\u00b0 hambahari \u00f5ppimiseks on ideaalne v\u00e4ikelastele, kes alustavad iseseisvat hammaste pesemist.\u00a0360\u00b0 asetsevad harjased muudavad hammaste pesu efektiivseks ning samal ajal masseerides igemeid.","og_url":"https:\/\/gegokids.ee\/en\/product\/mm-360-hambahari-oppimiseks\/","og_site_name":"Gegokids","article_publisher":"https:\/\/www.facebook.com\/GegoKids","article_modified_time":"2026-02-07T19:55:14+00:00","og_image":[{"width":800,"height":533,"url":"https:\/\/gegokids.ee\/wp-content\/uploads\/2022\/06\/MM-360\u00b0-Hambahari-oppimiseks-roosapng.png","type":"image\/png"}],"twitter_card":"summary_large_image","twitter_misc":{"Est. reading time":"1 minute"},"schema":{"@context":"https:\/\/schema.org","@graph":[{"@type":"WebPage","@id":"https:\/\/gegokids.ee\/toode\/mm-360-hambahari-oppimiseks\/","url":"https:\/\/gegokids.ee\/toode\/mm-360-hambahari-oppimiseks\/","name":"Marcus &amp; Marcus 360\u00b0 hambahari \u00f5ppimiseks | Gegokids","isPartOf":{"@id":"https:\/\/gegokids.ee\/#website"},"primaryImageOfPage":{"@id":"https:\/\/gegokids.ee\/toode\/mm-360-hambahari-oppimiseks\/#primaryimage"},"image":{"@id":"https:\/\/gegokids.ee\/toode\/mm-360-hambahari-oppimiseks\/#primaryimage"},"thumbnailUrl":"https:\/\/gegokids.ee\/wp-content\/uploads\/2022\/06\/MM-360\u00b0-Hambahari-oppimiseks-punane.png","datePublished":"2022-06-18T13:46:52+00:00","dateModified":"2026-02-07T19:55:14+00:00","description":"360\u00b0 hambahari \u00f5ppimiseks on ideaalne v\u00e4ikelastele, kes alustavad iseseisvat hammaste pesemist.\u00a0360\u00b0 asetsevad harjased muudavad hammaste pesu efektiivseks ning samal ajal masseerides igemeid.","breadcrumb":{"@id":"https:\/\/gegokids.ee\/toode\/mm-360-hambahari-oppimiseks\/#breadcrumb"},"inLanguage":"en-US","potentialAction":[{"@type":"ReadAction","target":["https:\/\/gegokids.ee\/toode\/mm-360-hambahari-oppimiseks\/"]}]},{"@type":"ImageObject","inLanguage":"en-US","@id":"https:\/\/gegokids.ee\/toode\/mm-360-hambahari-oppimiseks\/#primaryimage","url":"https:\/\/gegokids.ee\/wp-content\/uploads\/2022\/06\/MM-360\u00b0-Hambahari-oppimiseks-punane.png","contentUrl":"https:\/\/gegokids.ee\/wp-content\/uploads\/2022\/06\/MM-360\u00b0-Hambahari-oppimiseks-punane.png","width":800,"height":533},{"@type":"BreadcrumbList","@id":"https:\/\/gegokids.ee\/toode\/mm-360-hambahari-oppimiseks\/#breadcrumb","itemListElement":[{"@type":"ListItem","position":1,"name":"Home","item":"https:\/\/gegokids.ee\/en\/"},{"@type":"ListItem","position":2,"name":"E-pood","item":"https:\/\/gegokids.ee\/e-pood\/"},{"@type":"ListItem","position":3,"name":"Marcus &amp; Marcus 360\u00b0 hambahari \u00f5ppimiseks"}]},{"@type":"WebSite","@id":"https:\/\/gegokids.ee\/#website","url":"https:\/\/gegokids.ee\/","name":"Gegokids","description":"Kvaliteetsed ja turvalised laste m\u00e4nguasjad.","publisher":{"@id":"https:\/\/gegokids.ee\/#organization"},"potentialAction":[{"@type":"SearchAction","target":{"@type":"EntryPoint","urlTemplate":"https:\/\/gegokids.ee\/?s={search_term_string}"},"query-input":{"@type":"PropertyValueSpecification","valueRequired":true,"valueName":"search_term_string"}}],"inLanguage":"en-US"},{"@type":"Organization","@id":"https:\/\/gegokids.ee\/#organization","name":"Gegokids","url":"https:\/\/gegokids.ee\/","logo":{"@type":"ImageObject","inLanguage":"en-US","@id":"https:\/\/gegokids.ee\/#\/schema\/logo\/image\/","url":"https:\/\/gegokids.ee\/wp-content\/uploads\/2022\/06\/logo2.png","contentUrl":"https:\/\/gegokids.ee\/wp-content\/uploads\/2022\/06\/logo2.png","width":358,"height":104,"caption":"Gegokids"},"image":{"@id":"https:\/\/gegokids.ee\/#\/schema\/logo\/image\/"},"sameAs":["https:\/\/www.facebook.com\/GegoKids","https:\/\/www.instagram.com\/gegokids.ee\/"]}]}},"_links":{"self":[{"href":"https:\/\/gegokids.ee\/en\/wp-json\/wp\/v2\/product\/20977","targetHints":{"allow":["GET"]}}],"collection":[{"href":"https:\/\/gegokids.ee\/en\/wp-json\/wp\/v2\/product"}],"about":[{"href":"https:\/\/gegokids.ee\/en\/wp-json\/wp\/v2\/types\/product"}],"replies":[{"embeddable":true,"href":"https:\/\/gegokids.ee\/en\/wp-json\/wp\/v2\/comments?post=20977"}],"version-history":[{"count":5,"href":"https:\/\/gegokids.ee\/en\/wp-json\/wp\/v2\/product\/20977\/revisions"}],"predecessor-version":[{"id":28713,"href":"https:\/\/gegokids.ee\/en\/wp-json\/wp\/v2\/product\/20977\/revisions\/28713"}],"wp:featuredmedia":[{"embeddable":true,"href":"https:\/\/gegokids.ee\/en\/wp-json\/wp\/v2\/media\/26526"}],"wp:attachment":[{"href":"https:\/\/gegokids.ee\/en\/wp-json\/wp\/v2\/media?parent=20977"}],"wp:term":[{"taxonomy":"product_brand","embeddable":true,"href":"https:\/\/gegokids.ee\/en\/wp-json\/wp\/v2\/product_brand?post=20977"},{"taxonomy":"product_cat","embeddable":true,"href":"https:\/\/gegokids.ee\/en\/wp-json\/wp\/v2\/product_cat?post=20977"},{"taxonomy":"product_tag","embeddable":true,"href":"https:\/\/gegokids.ee\/en\/wp-json\/wp\/v2\/product_tag?post=20977"}],"curies":[{"name":"wp","href":"https:\/\/api.w.org\/{rel}","templated":true}]}}