{"id":20905,"date":"2022-06-18T13:46:05","date_gmt":"2022-06-18T13:46:05","guid":{"rendered":"https:\/\/gegokids.ee\/?post_type=product&#038;p=20905"},"modified":"2026-02-09T02:19:01","modified_gmt":"2026-02-08T23:19:01","slug":"mm-vaikelapse-silikoonist-noudekomplekt","status":"publish","type":"product","link":"https:\/\/gegokids.ee\/en\/product\/mm-vaikelapse-silikoonist-noudekomplekt\/","title":{"rendered":"Marcus &amp; Marcus V\u00e4ikelapse silikoonist n\u00f5udekomplekt"},"content":{"rendered":"<div class=\"e5233-26 x-text x-text-headline\">\n<div class=\"x-text-content\">\n<div class=\"x-text-content-text\">\n<h1 class=\"x-text-content-text-primary\"><span style=\"font-size: 12pt;\">Omadused:<\/span><\/h1>\n<\/div>\n<\/div>\n<\/div>\n<div class=\"e5233-28 x-text\">\n<div class=\"page\" title=\"Page 63\">\n<div class=\"section\">\n<div class=\"layoutArea\">\n<div class=\"column\">\n<p><span style=\"font-size: 12pt;\">Silikoonist s\u00f6\u00f6giriistade komplekt<\/span><br \/>\n<span style=\"font-size: 12pt;\">\u2022 BPA\/Ftalaatide vaba<\/span><br \/>\n<span style=\"font-size: 12pt;\">\u2022 Pehme tipuline<\/span><br \/>\n<span style=\"font-size: 12pt;\">\u2022 Peopesaga haaratav<\/span><br \/>\n<span style=\"font-size: 12pt;\">\u2022 V\u00e4ikestele k\u00e4tele\u00a0<\/span><br \/>\n<span style=\"font-size: 12pt;\">\u2022 Kergekaalulised<\/span><\/p>\n<p><span style=\"font-size: 12pt;\">Laua k\u00fclge kinnituv kauss kaanega<\/span><br \/>\n<span style=\"font-size: 12pt;\">\u2022 BPA\/Ftalaatide vaba<\/span><br \/>\n<span style=\"font-size: 12pt;\">\u2022 Kausi sees kumerused aitavad toitu s\u00f6\u00f6giriistale suunata<\/span><br \/>\n<span style=\"font-size: 12pt;\">\u2022 K\u00e4epidemed<\/span><br \/>\n<span style=\"font-size: 12pt;\">\u2022 Tugev iminapaga kinnitus<\/span><\/p>\n<\/div>\n<\/div>\n<\/div>\n<\/div>\n<\/div>\n<div class=\"e5233-30 x-text x-text-headline\">\n<div class=\"x-text-content\">\n<div class=\"x-text-content-text\">\n<h1 class=\"x-text-content-text-primary\"><span style=\"font-size: 12pt;\">Puhastamine ja hooldus:<\/span><\/h1>\n<\/div>\n<\/div>\n<\/div>\n<div class=\"e5233-32 x-text\">\n<div class=\"page\" title=\"Page 63\">\n<div class=\"section\">\n<div class=\"layoutArea\">\n<div class=\"column\">\n<p><span style=\"font-size: 12pt;\">Silikoonist s\u00f6\u00f6giriistade komplekt<\/span><\/p>\n<ul>\n<li><span style=\"font-size: 12pt;\">Pestav n\u00f5udepesumasina \u00fclemisel riiulil<\/span><\/li>\n<li><span style=\"font-size: 12pt;\">UV steriliseeritav<\/span><\/li>\n<li><span style=\"font-size: 12pt;\">Auruga steriliseeritav<\/span><\/li>\n<li><span style=\"font-size: 12pt;\">Plekid on eemaldatavad sooja seebiveega<\/span><\/li>\n<\/ul>\n<p><span style=\"font-size: 12pt;\">Laua k\u00fclge kinnituv kauss kaanega<\/span><\/p>\n<p><span style=\"font-size: 12pt;\">\u2022<\/span><span style=\"font-size: 12pt;\">Pestav n\u00f5udepesumasina \u00fclemisel riiulil<\/span><\/p>\n<p><span style=\"font-size: 12pt;\">\u2022 Jahutatav s\u00fcgavk\u00fclmas<\/span><br \/>\n<span style=\"font-size: 12pt;\">\u2022 Mikrouunis kasutatav<\/span><br \/>\n<span style=\"font-size: 12pt;\">\u2022 Auruga steriliseeritav<\/span><br \/>\n<span style=\"font-size: 12pt;\">\u2022Plekid on eemaldatavad sooja seebiveega<\/span><\/p>\n<\/div>\n<\/div>\n<\/div>\n<\/div>\n<\/div>\n<div class=\"e5233-34 x-row\">\n<div class=\"x-row-inner\">\n<div class=\"e5233-35 x-col\">\n<div class=\"e5233-36 x-text x-text-headline\">\n<div class=\"x-text-content\">\n<div class=\"x-text-content-text\">\n<h1 class=\"x-text-content-text-primary\"><span style=\"font-size: 12pt;\">Vanus:<\/span><\/h1>\n<\/div>\n<\/div>\n<\/div>\n<\/div>\n<div class=\"e5233-37 x-col\">\n<div class=\"x-anchor-content\">\n<div class=\"x-anchor-text\"><span class=\"x-anchor-text-primary\" style=\"font-size: 12pt;\">12 kuud+<\/span><\/div>\n<\/div>\n<\/div>\n<\/div>\n<\/div>","protected":false},"excerpt":{"rendered":"<div class=\"e5233-22 x-text\">\n<div class=\"page\" title=\"Page 63\">\n<div class=\"section\">\n<div class=\"layoutArea\">\n<div class=\"column\">\n<p><span style=\"font-size: 12pt;\">Marcus &amp; Marcus v\u00e4ikelapse esimene silikoonist lauan\u00f5ude komplekt sisaldab kaanega laua k\u00fclge tugevalt haakuvat kaussi ning turvalisi v\u00e4ikestele k\u00e4tele loodud s\u00f6\u00f6giriistasid. Marcus &amp; Marcus silikoonist lusika ja kahvli komplekt on disainitud m\u00f5eldes v\u00e4ikestele k\u00e4tele ning sobivad iseseisva s\u00f6\u00f6mise harjutamiseks. M\u00f5lemad s\u00f6\u00f6giriistad on valmistatud toidusilikoonist ning on \u00f5rnad beebi igemete vastu. Spetsiaalne paksem k\u00e4epide muudab s\u00f6\u00f6giriistade kasutamise beebi jaoks mugavaks. Tooted on valmistatud BPA ja ftalaatide vabast materjalist,\u00a0<\/span><\/p>\n<\/div>\n<p><span style=\"font-size: 12pt;\"><strong>Tarne 3-8 t\u00f6\u00f6p\u00e4eva!<\/strong><\/span><\/p>\n<\/div>\n<\/div>\n<\/div>\n<\/div>","protected":false},"featured_media":25993,"comment_status":"closed","ping_status":"closed","template":"","meta":[],"product_brand":[455],"product_cat":[285,422],"product_tag":[474,458,461],"class_list":{"0":"post-20905","1":"product","2":"type-product","3":"status-publish","4":"has-post-thumbnail","6":"product_brand-marcus-marcus","7":"product_cat-koik","8":"product_cat-laste-soogikomplektid","9":"product_tag-soomistarvikud","10":"product_tag-vaikelastele-1-3-a","11":"product_tag-461","13":"first","14":"instock","15":"shipping-taxable","16":"purchasable","17":"product-type-variable"},"yoast_head":"<!-- This site is optimized with the Yoast SEO plugin v26.9 - https:\/\/yoast.com\/product\/yoast-seo-wordpress\/ -->\n<title>Marcus &amp; Marcus V\u00e4ikelapse silikoonist n\u00f5udekomplekt | Gegokids<\/title>\n<meta name=\"description\" content=\"Iseseisva s\u00f6\u00f6mise komplekt v\u00e4ikelastele, mis sisaldab vaakumkaussi ja Palm Grasp lusikat-kahvlit. Marcus &amp; Marcus komplekt sobib alates 12 kuust.\" \/>\n<meta name=\"robots\" content=\"index, follow, max-snippet:-1, max-image-preview:large, max-video-preview:-1\" \/>\n<link rel=\"canonical\" href=\"https:\/\/gegokids.ee\/en\/product\/mm-vaikelapse-silikoonist-noudekomplekt\/\" \/>\n<meta property=\"og:locale\" content=\"en_US\" \/>\n<meta property=\"og:type\" content=\"article\" \/>\n<meta property=\"og:title\" content=\"Marcus &amp; Marcus V\u00e4ikelapse silikoonist n\u00f5udekomplekt | Gegokids\" \/>\n<meta property=\"og:description\" content=\"Iseseisva s\u00f6\u00f6mise komplekt v\u00e4ikelastele, mis sisaldab vaakumkaussi ja Palm Grasp lusikat-kahvlit. Marcus &amp; Marcus komplekt sobib alates 12 kuust.\" \/>\n<meta property=\"og:url\" content=\"https:\/\/gegokids.ee\/en\/product\/mm-vaikelapse-silikoonist-noudekomplekt\/\" \/>\n<meta property=\"og:site_name\" content=\"Gegokids\" \/>\n<meta property=\"article:publisher\" content=\"https:\/\/www.facebook.com\/GegoKids\" \/>\n<meta property=\"article:modified_time\" content=\"2026-02-08T23:19:01+00:00\" \/>\n<meta property=\"og:image\" content=\"https:\/\/gegokids.ee\/wp-content\/uploads\/2022\/06\/MM-Vaikelapse-Silikoonist-Noudekomplekt-kollane.png\" \/>\n\t<meta property=\"og:image:width\" content=\"800\" \/>\n\t<meta property=\"og:image:height\" content=\"533\" \/>\n\t<meta property=\"og:image:type\" content=\"image\/png\" \/>\n<meta name=\"twitter:card\" content=\"summary_large_image\" \/>\n<meta name=\"twitter:label1\" content=\"Est. reading time\" \/>\n\t<meta name=\"twitter:data1\" content=\"1 minute\" \/>\n<script type=\"application\/ld+json\" class=\"yoast-schema-graph\">{\"@context\":\"https:\/\/schema.org\",\"@graph\":[{\"@type\":\"WebPage\",\"@id\":\"https:\/\/gegokids.ee\/toode\/mm-vaikelapse-silikoonist-noudekomplekt\/\",\"url\":\"https:\/\/gegokids.ee\/toode\/mm-vaikelapse-silikoonist-noudekomplekt\/\",\"name\":\"Marcus &amp; Marcus V\u00e4ikelapse silikoonist n\u00f5udekomplekt | Gegokids\",\"isPartOf\":{\"@id\":\"https:\/\/gegokids.ee\/#website\"},\"primaryImageOfPage\":{\"@id\":\"https:\/\/gegokids.ee\/toode\/mm-vaikelapse-silikoonist-noudekomplekt\/#primaryimage\"},\"image\":{\"@id\":\"https:\/\/gegokids.ee\/toode\/mm-vaikelapse-silikoonist-noudekomplekt\/#primaryimage\"},\"thumbnailUrl\":\"https:\/\/gegokids.ee\/wp-content\/uploads\/2022\/06\/MM-Vaikelapse-Silikoonist-Noudekomplekt-kollane.png\",\"datePublished\":\"2022-06-18T13:46:05+00:00\",\"dateModified\":\"2026-02-08T23:19:01+00:00\",\"description\":\"Iseseisva s\u00f6\u00f6mise komplekt v\u00e4ikelastele, mis sisaldab vaakumkaussi ja Palm Grasp lusikat-kahvlit. Marcus & Marcus komplekt sobib alates 12 kuust.\",\"breadcrumb\":{\"@id\":\"https:\/\/gegokids.ee\/toode\/mm-vaikelapse-silikoonist-noudekomplekt\/#breadcrumb\"},\"inLanguage\":\"en-US\",\"potentialAction\":[{\"@type\":\"ReadAction\",\"target\":[\"https:\/\/gegokids.ee\/toode\/mm-vaikelapse-silikoonist-noudekomplekt\/\"]}]},{\"@type\":\"ImageObject\",\"inLanguage\":\"en-US\",\"@id\":\"https:\/\/gegokids.ee\/toode\/mm-vaikelapse-silikoonist-noudekomplekt\/#primaryimage\",\"url\":\"https:\/\/gegokids.ee\/wp-content\/uploads\/2022\/06\/MM-Vaikelapse-Silikoonist-Noudekomplekt-kollane.png\",\"contentUrl\":\"https:\/\/gegokids.ee\/wp-content\/uploads\/2022\/06\/MM-Vaikelapse-Silikoonist-Noudekomplekt-kollane.png\",\"width\":800,\"height\":533},{\"@type\":\"BreadcrumbList\",\"@id\":\"https:\/\/gegokids.ee\/toode\/mm-vaikelapse-silikoonist-noudekomplekt\/#breadcrumb\",\"itemListElement\":[{\"@type\":\"ListItem\",\"position\":1,\"name\":\"Home\",\"item\":\"https:\/\/gegokids.ee\/en\/\"},{\"@type\":\"ListItem\",\"position\":2,\"name\":\"E-pood\",\"item\":\"https:\/\/gegokids.ee\/e-pood\/\"},{\"@type\":\"ListItem\",\"position\":3,\"name\":\"Marcus &amp; Marcus V\u00e4ikelapse silikoonist n\u00f5udekomplekt\"}]},{\"@type\":\"WebSite\",\"@id\":\"https:\/\/gegokids.ee\/#website\",\"url\":\"https:\/\/gegokids.ee\/\",\"name\":\"Gegokids\",\"description\":\"Kvaliteetsed ja turvalised laste m\u00e4nguasjad.\",\"publisher\":{\"@id\":\"https:\/\/gegokids.ee\/#organization\"},\"potentialAction\":[{\"@type\":\"SearchAction\",\"target\":{\"@type\":\"EntryPoint\",\"urlTemplate\":\"https:\/\/gegokids.ee\/?s={search_term_string}\"},\"query-input\":{\"@type\":\"PropertyValueSpecification\",\"valueRequired\":true,\"valueName\":\"search_term_string\"}}],\"inLanguage\":\"en-US\"},{\"@type\":\"Organization\",\"@id\":\"https:\/\/gegokids.ee\/#organization\",\"name\":\"Gegokids\",\"url\":\"https:\/\/gegokids.ee\/\",\"logo\":{\"@type\":\"ImageObject\",\"inLanguage\":\"en-US\",\"@id\":\"https:\/\/gegokids.ee\/#\/schema\/logo\/image\/\",\"url\":\"https:\/\/gegokids.ee\/wp-content\/uploads\/2022\/06\/logo2.png\",\"contentUrl\":\"https:\/\/gegokids.ee\/wp-content\/uploads\/2022\/06\/logo2.png\",\"width\":358,\"height\":104,\"caption\":\"Gegokids\"},\"image\":{\"@id\":\"https:\/\/gegokids.ee\/#\/schema\/logo\/image\/\"},\"sameAs\":[\"https:\/\/www.facebook.com\/GegoKids\",\"https:\/\/www.instagram.com\/gegokids.ee\/\"]}]}<\/script>\n<!-- \/ Yoast SEO plugin. -->","yoast_head_json":{"title":"Marcus &amp; Marcus V\u00e4ikelapse silikoonist n\u00f5udekomplekt | Gegokids","description":"Iseseisva s\u00f6\u00f6mise komplekt v\u00e4ikelastele, mis sisaldab vaakumkaussi ja Palm Grasp lusikat-kahvlit. Marcus & Marcus komplekt sobib alates 12 kuust.","robots":{"index":"index","follow":"follow","max-snippet":"max-snippet:-1","max-image-preview":"max-image-preview:large","max-video-preview":"max-video-preview:-1"},"canonical":"https:\/\/gegokids.ee\/en\/product\/mm-vaikelapse-silikoonist-noudekomplekt\/","og_locale":"en_US","og_type":"article","og_title":"Marcus &amp; Marcus V\u00e4ikelapse silikoonist n\u00f5udekomplekt | Gegokids","og_description":"Iseseisva s\u00f6\u00f6mise komplekt v\u00e4ikelastele, mis sisaldab vaakumkaussi ja Palm Grasp lusikat-kahvlit. Marcus & Marcus komplekt sobib alates 12 kuust.","og_url":"https:\/\/gegokids.ee\/en\/product\/mm-vaikelapse-silikoonist-noudekomplekt\/","og_site_name":"Gegokids","article_publisher":"https:\/\/www.facebook.com\/GegoKids","article_modified_time":"2026-02-08T23:19:01+00:00","og_image":[{"width":800,"height":533,"url":"https:\/\/gegokids.ee\/wp-content\/uploads\/2022\/06\/MM-Vaikelapse-Silikoonist-Noudekomplekt-kollane.png","type":"image\/png"}],"twitter_card":"summary_large_image","twitter_misc":{"Est. reading time":"1 minute"},"schema":{"@context":"https:\/\/schema.org","@graph":[{"@type":"WebPage","@id":"https:\/\/gegokids.ee\/toode\/mm-vaikelapse-silikoonist-noudekomplekt\/","url":"https:\/\/gegokids.ee\/toode\/mm-vaikelapse-silikoonist-noudekomplekt\/","name":"Marcus &amp; Marcus V\u00e4ikelapse silikoonist n\u00f5udekomplekt | Gegokids","isPartOf":{"@id":"https:\/\/gegokids.ee\/#website"},"primaryImageOfPage":{"@id":"https:\/\/gegokids.ee\/toode\/mm-vaikelapse-silikoonist-noudekomplekt\/#primaryimage"},"image":{"@id":"https:\/\/gegokids.ee\/toode\/mm-vaikelapse-silikoonist-noudekomplekt\/#primaryimage"},"thumbnailUrl":"https:\/\/gegokids.ee\/wp-content\/uploads\/2022\/06\/MM-Vaikelapse-Silikoonist-Noudekomplekt-kollane.png","datePublished":"2022-06-18T13:46:05+00:00","dateModified":"2026-02-08T23:19:01+00:00","description":"Iseseisva s\u00f6\u00f6mise komplekt v\u00e4ikelastele, mis sisaldab vaakumkaussi ja Palm Grasp lusikat-kahvlit. Marcus & Marcus komplekt sobib alates 12 kuust.","breadcrumb":{"@id":"https:\/\/gegokids.ee\/toode\/mm-vaikelapse-silikoonist-noudekomplekt\/#breadcrumb"},"inLanguage":"en-US","potentialAction":[{"@type":"ReadAction","target":["https:\/\/gegokids.ee\/toode\/mm-vaikelapse-silikoonist-noudekomplekt\/"]}]},{"@type":"ImageObject","inLanguage":"en-US","@id":"https:\/\/gegokids.ee\/toode\/mm-vaikelapse-silikoonist-noudekomplekt\/#primaryimage","url":"https:\/\/gegokids.ee\/wp-content\/uploads\/2022\/06\/MM-Vaikelapse-Silikoonist-Noudekomplekt-kollane.png","contentUrl":"https:\/\/gegokids.ee\/wp-content\/uploads\/2022\/06\/MM-Vaikelapse-Silikoonist-Noudekomplekt-kollane.png","width":800,"height":533},{"@type":"BreadcrumbList","@id":"https:\/\/gegokids.ee\/toode\/mm-vaikelapse-silikoonist-noudekomplekt\/#breadcrumb","itemListElement":[{"@type":"ListItem","position":1,"name":"Home","item":"https:\/\/gegokids.ee\/en\/"},{"@type":"ListItem","position":2,"name":"E-pood","item":"https:\/\/gegokids.ee\/e-pood\/"},{"@type":"ListItem","position":3,"name":"Marcus &amp; Marcus V\u00e4ikelapse silikoonist n\u00f5udekomplekt"}]},{"@type":"WebSite","@id":"https:\/\/gegokids.ee\/#website","url":"https:\/\/gegokids.ee\/","name":"Gegokids","description":"Kvaliteetsed ja turvalised laste m\u00e4nguasjad.","publisher":{"@id":"https:\/\/gegokids.ee\/#organization"},"potentialAction":[{"@type":"SearchAction","target":{"@type":"EntryPoint","urlTemplate":"https:\/\/gegokids.ee\/?s={search_term_string}"},"query-input":{"@type":"PropertyValueSpecification","valueRequired":true,"valueName":"search_term_string"}}],"inLanguage":"en-US"},{"@type":"Organization","@id":"https:\/\/gegokids.ee\/#organization","name":"Gegokids","url":"https:\/\/gegokids.ee\/","logo":{"@type":"ImageObject","inLanguage":"en-US","@id":"https:\/\/gegokids.ee\/#\/schema\/logo\/image\/","url":"https:\/\/gegokids.ee\/wp-content\/uploads\/2022\/06\/logo2.png","contentUrl":"https:\/\/gegokids.ee\/wp-content\/uploads\/2022\/06\/logo2.png","width":358,"height":104,"caption":"Gegokids"},"image":{"@id":"https:\/\/gegokids.ee\/#\/schema\/logo\/image\/"},"sameAs":["https:\/\/www.facebook.com\/GegoKids","https:\/\/www.instagram.com\/gegokids.ee\/"]}]}},"_links":{"self":[{"href":"https:\/\/gegokids.ee\/en\/wp-json\/wp\/v2\/product\/20905","targetHints":{"allow":["GET"]}}],"collection":[{"href":"https:\/\/gegokids.ee\/en\/wp-json\/wp\/v2\/product"}],"about":[{"href":"https:\/\/gegokids.ee\/en\/wp-json\/wp\/v2\/types\/product"}],"replies":[{"embeddable":true,"href":"https:\/\/gegokids.ee\/en\/wp-json\/wp\/v2\/comments?post=20905"}],"version-history":[{"count":5,"href":"https:\/\/gegokids.ee\/en\/wp-json\/wp\/v2\/product\/20905\/revisions"}],"predecessor-version":[{"id":29094,"href":"https:\/\/gegokids.ee\/en\/wp-json\/wp\/v2\/product\/20905\/revisions\/29094"}],"wp:featuredmedia":[{"embeddable":true,"href":"https:\/\/gegokids.ee\/en\/wp-json\/wp\/v2\/media\/25993"}],"wp:attachment":[{"href":"https:\/\/gegokids.ee\/en\/wp-json\/wp\/v2\/media?parent=20905"}],"wp:term":[{"taxonomy":"product_brand","embeddable":true,"href":"https:\/\/gegokids.ee\/en\/wp-json\/wp\/v2\/product_brand?post=20905"},{"taxonomy":"product_cat","embeddable":true,"href":"https:\/\/gegokids.ee\/en\/wp-json\/wp\/v2\/product_cat?post=20905"},{"taxonomy":"product_tag","embeddable":true,"href":"https:\/\/gegokids.ee\/en\/wp-json\/wp\/v2\/product_tag?post=20905"}],"curies":[{"name":"wp","href":"https:\/\/api.w.org\/{rel}","templated":true}]}}