{"id":20874,"date":"2022-06-18T13:45:35","date_gmt":"2022-06-18T13:45:35","guid":{"rendered":"https:\/\/gegokids.ee\/?post_type=product&#038;p=20874"},"modified":"2026-02-07T23:26:37","modified_gmt":"2026-02-07T20:26:37","slug":"mm-silikoonist-lusika-ja-kahvli-komplekt","status":"publish","type":"product","link":"https:\/\/gegokids.ee\/en\/product\/mm-silikoonist-lusika-ja-kahvli-komplekt\/","title":{"rendered":"Marcus &amp; Marcus Silikoonist lusika ja kahvli komplekt"},"content":{"rendered":"<div class=\"e5109-28 x-text x-text-headline\">\n<div class=\"x-text-content\">\n<div class=\"x-text-content-text\">\n<h1 class=\"x-text-content-text-primary\"><span style=\"font-size: 12pt; color: #000000;\">Omadused:<\/span><\/h1>\n<\/div>\n<\/div>\n<\/div>\n<div class=\"e5109-30 x-text\">\n<ul>\n<li><span style=\"font-size: 12pt; color: #000000;\">BPA\/Ftalaatide vaba<\/span><\/li>\n<li><span style=\"font-size: 12pt; color: #000000;\">Pehme silikoonist tipp on hell igemete vastu<\/span><\/li>\n<li><span style=\"font-size: 12pt; color: #000000;\">Peopesa haaramisega<\/span><\/li>\n<li><span style=\"font-size: 12pt; color: #000000;\">Mugav haarata v\u00e4ikestel k\u00e4tel<\/span><\/li>\n<li><span style=\"font-size: 12pt; color: #000000;\">Kergekaaluline<\/span><\/li>\n<\/ul>\n<\/div>\n<div class=\"e5109-32 x-text x-text-headline\">\n<div class=\"x-text-content\">\n<div class=\"x-text-content-text\">\n<h1 class=\"x-text-content-text-primary\"><span style=\"font-size: 12pt; color: #000000;\">Omadused ja hooldus:<\/span><\/h1>\n<\/div>\n<\/div>\n<\/div>\n<div class=\"e5109-34 x-text\">\n<ul>\n<li><span style=\"font-size: 12pt; color: #000000;\">Pestav n\u00f5udepesumasina \u00fclemisel riiulil<\/span><\/li>\n<li><span style=\"font-size: 12pt; color: #000000;\">UV steriliseeritav<\/span><\/li>\n<li><span style=\"font-size: 12pt; color: #000000;\">Auruga steriliseeritav<\/span><\/li>\n<li><span style=\"font-size: 12pt; color: #000000;\">Plekid on eemaldatavad sooja seebiveega<\/span><\/li>\n<\/ul>\n<\/div>\n<div class=\"e5109-36 x-row\">\n<div class=\"x-row-inner\">\n<div class=\"e5109-37 x-col\">\n<div class=\"e5109-38 x-text x-text-headline\">\n<div class=\"x-text-content\">\n<div class=\"x-text-content-text\">\n<h1 class=\"x-text-content-text-primary\"><span style=\"font-size: 12pt; color: #000000;\">Vanus:<\/span><\/h1>\n<\/div>\n<\/div>\n<\/div>\n<div class=\"x-anchor-content\">\n<div class=\"x-anchor-text\"><span class=\"x-anchor-text-primary\" style=\"font-size: 12pt; color: #000000;\">12 kuud+<\/span><\/div>\n<\/div>\n<\/div>\n<\/div>\n<\/div>","protected":false},"excerpt":{"rendered":"<div class=\"e5109-24 x-text\">\n<div class=\"page\" title=\"Page 30\">\n<div class=\"section\">\n<div class=\"layoutArea\">\n<div class=\"column\">\n<p><span style=\"font-size: 12pt; color: #000000;\">Marcus &amp; Marcus silikoonist lusika ja kahvli komplekt on disainitud m\u00f5eldes v\u00e4ikestele k\u00e4tele ning sobivad iseseisva s\u00f6\u00f6mise harjutamiseks. M\u00f5lemad s\u00f6\u00f6giriistad on valmistatud toidusilikoonist ning on \u00f5rnad beebi igemete vastu. Spetsiaalne paksem k\u00e4epide muudab s\u00f6\u00f6giriistade kasutamise beebi jaoks mugavaks. Tooted on valmistatud BPA ja ftalaatide vabast materjalist.<\/span><\/p>\n<\/div>\n<p><span style=\"color: #000000;\"><strong>Tarne 2-5 t\u00f6\u00f6p\u00e4eva!<\/strong><\/span><\/p>\n<\/div>\n<\/div>\n<\/div>\n<\/div>","protected":false},"featured_media":25997,"comment_status":"closed","ping_status":"closed","template":"","meta":[],"product_brand":[455],"product_cat":[285,422],"product_tag":[474,457,458],"class_list":{"0":"post-20874","1":"product","2":"type-product","3":"status-publish","4":"has-post-thumbnail","6":"product_brand-marcus-marcus","7":"product_cat-koik","8":"product_cat-laste-soogikomplektid","9":"product_tag-soomistarvikud","10":"product_tag-beebidele-0-1-a","11":"product_tag-vaikelastele-1-3-a","13":"first","14":"instock","15":"shipping-taxable","16":"purchasable","17":"product-type-variable"},"yoast_head":"<!-- This site is optimized with the Yoast SEO plugin v26.9 - https:\/\/yoast.com\/product\/yoast-seo-wordpress\/ -->\n<title>Marcus &amp; Marcus Silikoonist lusika ja kahvli komplekt | Gegokids<\/title>\n<meta name=\"description\" content=\"V\u00e4ikestele k\u00e4tele lusika ja kahvli komplekt on ideaalne s\u00f6\u00f6misega alustavale beebile! Turvaline ja ohutu valik! Tooted on valmistatud BPA ja ftalaatide vabast toidusilikoonist.\" \/>\n<meta name=\"robots\" content=\"index, follow, max-snippet:-1, max-image-preview:large, max-video-preview:-1\" \/>\n<link rel=\"canonical\" href=\"https:\/\/gegokids.ee\/en\/product\/mm-silikoonist-lusika-ja-kahvli-komplekt\/\" \/>\n<meta property=\"og:locale\" content=\"en_US\" \/>\n<meta property=\"og:type\" content=\"article\" \/>\n<meta property=\"og:title\" content=\"Marcus &amp; Marcus Silikoonist lusika ja kahvli komplekt | Gegokids\" \/>\n<meta property=\"og:description\" content=\"V\u00e4ikestele k\u00e4tele lusika ja kahvli komplekt on ideaalne s\u00f6\u00f6misega alustavale beebile! Turvaline ja ohutu valik! Tooted on valmistatud BPA ja ftalaatide vabast toidusilikoonist.\" \/>\n<meta property=\"og:url\" content=\"https:\/\/gegokids.ee\/en\/product\/mm-silikoonist-lusika-ja-kahvli-komplekt\/\" \/>\n<meta property=\"og:site_name\" content=\"Gegokids\" \/>\n<meta property=\"article:publisher\" content=\"https:\/\/www.facebook.com\/GegoKids\" \/>\n<meta property=\"article:modified_time\" content=\"2026-02-07T20:26:37+00:00\" \/>\n<meta property=\"og:image\" content=\"https:\/\/gegokids.ee\/wp-content\/uploads\/2022\/06\/MM-Silikoonist-Lusika-Ja-Kahvli-Komplekt-roheline.png\" \/>\n\t<meta property=\"og:image:width\" content=\"800\" \/>\n\t<meta property=\"og:image:height\" content=\"533\" \/>\n\t<meta property=\"og:image:type\" content=\"image\/png\" \/>\n<meta name=\"twitter:card\" content=\"summary_large_image\" \/>\n<meta name=\"twitter:label1\" content=\"Est. reading time\" \/>\n\t<meta name=\"twitter:data1\" content=\"1 minute\" \/>\n<script type=\"application\/ld+json\" class=\"yoast-schema-graph\">{\"@context\":\"https:\/\/schema.org\",\"@graph\":[{\"@type\":\"WebPage\",\"@id\":\"https:\/\/gegokids.ee\/toode\/mm-silikoonist-lusika-ja-kahvli-komplekt\/\",\"url\":\"https:\/\/gegokids.ee\/toode\/mm-silikoonist-lusika-ja-kahvli-komplekt\/\",\"name\":\"Marcus &amp; Marcus Silikoonist lusika ja kahvli komplekt | Gegokids\",\"isPartOf\":{\"@id\":\"https:\/\/gegokids.ee\/#website\"},\"primaryImageOfPage\":{\"@id\":\"https:\/\/gegokids.ee\/toode\/mm-silikoonist-lusika-ja-kahvli-komplekt\/#primaryimage\"},\"image\":{\"@id\":\"https:\/\/gegokids.ee\/toode\/mm-silikoonist-lusika-ja-kahvli-komplekt\/#primaryimage\"},\"thumbnailUrl\":\"https:\/\/gegokids.ee\/wp-content\/uploads\/2022\/06\/MM-Silikoonist-Lusika-Ja-Kahvli-Komplekt-roheline.png\",\"datePublished\":\"2022-06-18T13:45:35+00:00\",\"dateModified\":\"2026-02-07T20:26:37+00:00\",\"description\":\"V\u00e4ikestele k\u00e4tele lusika ja kahvli komplekt on ideaalne s\u00f6\u00f6misega alustavale beebile! Turvaline ja ohutu valik! Tooted on valmistatud BPA ja ftalaatide vabast toidusilikoonist.\",\"breadcrumb\":{\"@id\":\"https:\/\/gegokids.ee\/toode\/mm-silikoonist-lusika-ja-kahvli-komplekt\/#breadcrumb\"},\"inLanguage\":\"en-US\",\"potentialAction\":[{\"@type\":\"ReadAction\",\"target\":[\"https:\/\/gegokids.ee\/toode\/mm-silikoonist-lusika-ja-kahvli-komplekt\/\"]}]},{\"@type\":\"ImageObject\",\"inLanguage\":\"en-US\",\"@id\":\"https:\/\/gegokids.ee\/toode\/mm-silikoonist-lusika-ja-kahvli-komplekt\/#primaryimage\",\"url\":\"https:\/\/gegokids.ee\/wp-content\/uploads\/2022\/06\/MM-Silikoonist-Lusika-Ja-Kahvli-Komplekt-roheline.png\",\"contentUrl\":\"https:\/\/gegokids.ee\/wp-content\/uploads\/2022\/06\/MM-Silikoonist-Lusika-Ja-Kahvli-Komplekt-roheline.png\",\"width\":800,\"height\":533},{\"@type\":\"BreadcrumbList\",\"@id\":\"https:\/\/gegokids.ee\/toode\/mm-silikoonist-lusika-ja-kahvli-komplekt\/#breadcrumb\",\"itemListElement\":[{\"@type\":\"ListItem\",\"position\":1,\"name\":\"Home\",\"item\":\"https:\/\/gegokids.ee\/en\/\"},{\"@type\":\"ListItem\",\"position\":2,\"name\":\"E-pood\",\"item\":\"https:\/\/gegokids.ee\/e-pood\/\"},{\"@type\":\"ListItem\",\"position\":3,\"name\":\"Marcus &amp; Marcus Silikoonist lusika ja kahvli komplekt\"}]},{\"@type\":\"WebSite\",\"@id\":\"https:\/\/gegokids.ee\/#website\",\"url\":\"https:\/\/gegokids.ee\/\",\"name\":\"Gegokids\",\"description\":\"Kvaliteetsed ja turvalised laste m\u00e4nguasjad.\",\"publisher\":{\"@id\":\"https:\/\/gegokids.ee\/#organization\"},\"potentialAction\":[{\"@type\":\"SearchAction\",\"target\":{\"@type\":\"EntryPoint\",\"urlTemplate\":\"https:\/\/gegokids.ee\/?s={search_term_string}\"},\"query-input\":{\"@type\":\"PropertyValueSpecification\",\"valueRequired\":true,\"valueName\":\"search_term_string\"}}],\"inLanguage\":\"en-US\"},{\"@type\":\"Organization\",\"@id\":\"https:\/\/gegokids.ee\/#organization\",\"name\":\"Gegokids\",\"url\":\"https:\/\/gegokids.ee\/\",\"logo\":{\"@type\":\"ImageObject\",\"inLanguage\":\"en-US\",\"@id\":\"https:\/\/gegokids.ee\/#\/schema\/logo\/image\/\",\"url\":\"https:\/\/gegokids.ee\/wp-content\/uploads\/2022\/06\/logo2.png\",\"contentUrl\":\"https:\/\/gegokids.ee\/wp-content\/uploads\/2022\/06\/logo2.png\",\"width\":358,\"height\":104,\"caption\":\"Gegokids\"},\"image\":{\"@id\":\"https:\/\/gegokids.ee\/#\/schema\/logo\/image\/\"},\"sameAs\":[\"https:\/\/www.facebook.com\/GegoKids\",\"https:\/\/www.instagram.com\/gegokids.ee\/\"]}]}<\/script>\n<!-- \/ Yoast SEO plugin. -->","yoast_head_json":{"title":"Marcus &amp; Marcus Silikoonist lusika ja kahvli komplekt | Gegokids","description":"V\u00e4ikestele k\u00e4tele lusika ja kahvli komplekt on ideaalne s\u00f6\u00f6misega alustavale beebile! Turvaline ja ohutu valik! Tooted on valmistatud BPA ja ftalaatide vabast toidusilikoonist.","robots":{"index":"index","follow":"follow","max-snippet":"max-snippet:-1","max-image-preview":"max-image-preview:large","max-video-preview":"max-video-preview:-1"},"canonical":"https:\/\/gegokids.ee\/en\/product\/mm-silikoonist-lusika-ja-kahvli-komplekt\/","og_locale":"en_US","og_type":"article","og_title":"Marcus &amp; Marcus Silikoonist lusika ja kahvli komplekt | Gegokids","og_description":"V\u00e4ikestele k\u00e4tele lusika ja kahvli komplekt on ideaalne s\u00f6\u00f6misega alustavale beebile! Turvaline ja ohutu valik! Tooted on valmistatud BPA ja ftalaatide vabast toidusilikoonist.","og_url":"https:\/\/gegokids.ee\/en\/product\/mm-silikoonist-lusika-ja-kahvli-komplekt\/","og_site_name":"Gegokids","article_publisher":"https:\/\/www.facebook.com\/GegoKids","article_modified_time":"2026-02-07T20:26:37+00:00","og_image":[{"width":800,"height":533,"url":"https:\/\/gegokids.ee\/wp-content\/uploads\/2022\/06\/MM-Silikoonist-Lusika-Ja-Kahvli-Komplekt-roheline.png","type":"image\/png"}],"twitter_card":"summary_large_image","twitter_misc":{"Est. reading time":"1 minute"},"schema":{"@context":"https:\/\/schema.org","@graph":[{"@type":"WebPage","@id":"https:\/\/gegokids.ee\/toode\/mm-silikoonist-lusika-ja-kahvli-komplekt\/","url":"https:\/\/gegokids.ee\/toode\/mm-silikoonist-lusika-ja-kahvli-komplekt\/","name":"Marcus &amp; Marcus Silikoonist lusika ja kahvli komplekt | Gegokids","isPartOf":{"@id":"https:\/\/gegokids.ee\/#website"},"primaryImageOfPage":{"@id":"https:\/\/gegokids.ee\/toode\/mm-silikoonist-lusika-ja-kahvli-komplekt\/#primaryimage"},"image":{"@id":"https:\/\/gegokids.ee\/toode\/mm-silikoonist-lusika-ja-kahvli-komplekt\/#primaryimage"},"thumbnailUrl":"https:\/\/gegokids.ee\/wp-content\/uploads\/2022\/06\/MM-Silikoonist-Lusika-Ja-Kahvli-Komplekt-roheline.png","datePublished":"2022-06-18T13:45:35+00:00","dateModified":"2026-02-07T20:26:37+00:00","description":"V\u00e4ikestele k\u00e4tele lusika ja kahvli komplekt on ideaalne s\u00f6\u00f6misega alustavale beebile! Turvaline ja ohutu valik! Tooted on valmistatud BPA ja ftalaatide vabast toidusilikoonist.","breadcrumb":{"@id":"https:\/\/gegokids.ee\/toode\/mm-silikoonist-lusika-ja-kahvli-komplekt\/#breadcrumb"},"inLanguage":"en-US","potentialAction":[{"@type":"ReadAction","target":["https:\/\/gegokids.ee\/toode\/mm-silikoonist-lusika-ja-kahvli-komplekt\/"]}]},{"@type":"ImageObject","inLanguage":"en-US","@id":"https:\/\/gegokids.ee\/toode\/mm-silikoonist-lusika-ja-kahvli-komplekt\/#primaryimage","url":"https:\/\/gegokids.ee\/wp-content\/uploads\/2022\/06\/MM-Silikoonist-Lusika-Ja-Kahvli-Komplekt-roheline.png","contentUrl":"https:\/\/gegokids.ee\/wp-content\/uploads\/2022\/06\/MM-Silikoonist-Lusika-Ja-Kahvli-Komplekt-roheline.png","width":800,"height":533},{"@type":"BreadcrumbList","@id":"https:\/\/gegokids.ee\/toode\/mm-silikoonist-lusika-ja-kahvli-komplekt\/#breadcrumb","itemListElement":[{"@type":"ListItem","position":1,"name":"Home","item":"https:\/\/gegokids.ee\/en\/"},{"@type":"ListItem","position":2,"name":"E-pood","item":"https:\/\/gegokids.ee\/e-pood\/"},{"@type":"ListItem","position":3,"name":"Marcus &amp; Marcus Silikoonist lusika ja kahvli komplekt"}]},{"@type":"WebSite","@id":"https:\/\/gegokids.ee\/#website","url":"https:\/\/gegokids.ee\/","name":"Gegokids","description":"Kvaliteetsed ja turvalised laste m\u00e4nguasjad.","publisher":{"@id":"https:\/\/gegokids.ee\/#organization"},"potentialAction":[{"@type":"SearchAction","target":{"@type":"EntryPoint","urlTemplate":"https:\/\/gegokids.ee\/?s={search_term_string}"},"query-input":{"@type":"PropertyValueSpecification","valueRequired":true,"valueName":"search_term_string"}}],"inLanguage":"en-US"},{"@type":"Organization","@id":"https:\/\/gegokids.ee\/#organization","name":"Gegokids","url":"https:\/\/gegokids.ee\/","logo":{"@type":"ImageObject","inLanguage":"en-US","@id":"https:\/\/gegokids.ee\/#\/schema\/logo\/image\/","url":"https:\/\/gegokids.ee\/wp-content\/uploads\/2022\/06\/logo2.png","contentUrl":"https:\/\/gegokids.ee\/wp-content\/uploads\/2022\/06\/logo2.png","width":358,"height":104,"caption":"Gegokids"},"image":{"@id":"https:\/\/gegokids.ee\/#\/schema\/logo\/image\/"},"sameAs":["https:\/\/www.facebook.com\/GegoKids","https:\/\/www.instagram.com\/gegokids.ee\/"]}]}},"_links":{"self":[{"href":"https:\/\/gegokids.ee\/en\/wp-json\/wp\/v2\/product\/20874","targetHints":{"allow":["GET"]}}],"collection":[{"href":"https:\/\/gegokids.ee\/en\/wp-json\/wp\/v2\/product"}],"about":[{"href":"https:\/\/gegokids.ee\/en\/wp-json\/wp\/v2\/types\/product"}],"replies":[{"embeddable":true,"href":"https:\/\/gegokids.ee\/en\/wp-json\/wp\/v2\/comments?post=20874"}],"version-history":[{"count":5,"href":"https:\/\/gegokids.ee\/en\/wp-json\/wp\/v2\/product\/20874\/revisions"}],"predecessor-version":[{"id":28943,"href":"https:\/\/gegokids.ee\/en\/wp-json\/wp\/v2\/product\/20874\/revisions\/28943"}],"wp:featuredmedia":[{"embeddable":true,"href":"https:\/\/gegokids.ee\/en\/wp-json\/wp\/v2\/media\/25997"}],"wp:attachment":[{"href":"https:\/\/gegokids.ee\/en\/wp-json\/wp\/v2\/media?parent=20874"}],"wp:term":[{"taxonomy":"product_brand","embeddable":true,"href":"https:\/\/gegokids.ee\/en\/wp-json\/wp\/v2\/product_brand?post=20874"},{"taxonomy":"product_cat","embeddable":true,"href":"https:\/\/gegokids.ee\/en\/wp-json\/wp\/v2\/product_cat?post=20874"},{"taxonomy":"product_tag","embeddable":true,"href":"https:\/\/gegokids.ee\/en\/wp-json\/wp\/v2\/product_tag?post=20874"}],"curies":[{"name":"wp","href":"https:\/\/api.w.org\/{rel}","templated":true}]}}