{"id":20786,"date":"2022-06-18T13:44:12","date_gmt":"2022-06-18T13:44:12","guid":{"rendered":"https:\/\/gegokids.ee\/?post_type=product&#038;p=20786"},"modified":"2026-02-08T23:35:53","modified_gmt":"2026-02-08T20:35:53","slug":"mm-oppimispudel","status":"publish","type":"product","link":"https:\/\/gegokids.ee\/en\/product\/mm-oppimispudel\/","title":{"rendered":"Marcus &#038; Marcus PPSU \u00f5ppimispudel: 300ml"},"content":{"rendered":"<p><span style=\"color: #000000; font-family: georgia, palatino, serif; font-size: 12pt;\">OMADUSED &amp; HOOLDUS:<\/span><\/p>\n<div class=\"e1807-33 x-text\">\n<div class=\"e1807-28 x-text\">\n<div class=\"page\" title=\"Page 23\">\n<div class=\"section\">\n<div class=\"layoutArea\">\n<div class=\"column\">\n<ul>\n<li><span style=\"color: #000000; font-family: georgia, palatino, serif; font-size: 12pt;\">BPA\/Ftalaatide vaba<\/span><\/li>\n<li><span style=\"color: #000000; font-family: georgia, palatino, serif; font-size: 12pt;\">K\u00f5ik \u00fches pudel<\/span><\/li>\n<li><span style=\"font-family: georgia, palatino, serif; font-size: 12pt;\"><span style=\"color: #000000;\">Lihtsad osad mugavaks puhastamiseks<\/span><\/span><\/li>\n<li><span style=\"color: #000000; font-family: georgia, palatino, serif; font-size: 12pt;\">Platinum silikoonkumm<\/span><\/li>\n<li><span style=\"color: #000000; font-family: georgia, palatino, serif; font-size: 12pt;\">Lekkimiskindel disain<\/span><\/li>\n<li><span style=\"color: #000000; font-family: georgia, palatino, serif; font-size: 12pt;\">Lihtne sulgemine<\/span><\/li>\n<li><span style=\"color: #000000; font-family: georgia, palatino, serif; font-size: 12pt;\">Klaasist \u00e4\u00e4re j\u00e4ljendus<\/span><\/li>\n<li><span style=\"color: #000000; font-family: georgia, palatino, serif; font-size: 12pt;\">Silikoonist k\u00f5rs<\/span><\/li>\n<li><span style=\"font-family: georgia, palatino, serif; font-size: 12pt;\"><span style=\"color: #000000;\">Pehme k\u00f5rs\u00a0<\/span><\/span><\/li>\n<li><span style=\"color: #000000; font-family: georgia, palatino, serif; font-size: 12pt;\">M\u00f5\u00f5distus<\/span><\/li>\n<li><span style=\"color: #000000; font-family: georgia, palatino, serif; font-size: 12pt;\">Vastupidav<\/span><\/li>\n<li><span style=\"color: #000000; font-family: georgia, palatino, serif; font-size: 12pt;\">Kerge kaaluga<\/span><\/li>\n<li><span style=\"color: #000000; font-family: georgia, palatino, serif; font-size: 12pt;\">Sangad haaramiseks<\/span><\/li>\n<li><span style=\"color: #000000; font-family: georgia, palatino, serif; font-size: 12pt;\">Mugavalt haaratav<\/span><\/li>\n<li><span style=\"color: #000000; font-family: georgia, palatino, serif; font-size: 12pt;\">Libisemisvastane pealispind<\/span><\/li>\n<\/ul>\n<\/div>\n<\/div>\n<\/div>\n<\/div>\n<\/div>\n<\/div>\n<p><span style=\"color: #000000; font-family: georgia, palatino, serif; font-size: 12pt;\">Vanus 6 kuud +<\/span><\/p>","protected":false},"excerpt":{"rendered":"<p><span style=\"font-size: 12pt;\">Aita lapsel avastada joomise kunst l\u00e4bi muudetava pudeli, millega on jooma \u00f5ppimine samm sammult \u00f5pitav. K\u00f5ik saab tehtud \u00fche pudeliga, millel on kaasas erinevad otsikud. Alustage sangadega ja kui laps on valmis, saate sangad eemaldada. Pudel on nagu p\u00e4ris klaas ja lekkimiskindel, seega annab lapsevanematele murevabaduse!<\/span><\/p>\n<p>&nbsp;<\/p>\n<p><span style=\"font-size: 12pt;\"><strong>Tarne 3-8 t\u00f6\u00f6p\u00e4eva!<\/strong><\/span><\/p>","protected":false},"featured_media":29033,"comment_status":"closed","ping_status":"closed","template":"","meta":[],"product_brand":[455],"product_cat":[426,285,422],"product_tag":[446,474,457],"class_list":{"0":"post-20786","1":"product","2":"type-product","3":"status-publish","4":"has-post-thumbnail","6":"product_brand-marcus-marcus","7":"product_cat-kingiideed","8":"product_cat-koik","9":"product_cat-laste-soogikomplektid","10":"product_tag-joogipudelid","11":"product_tag-soomistarvikud","12":"product_tag-beebidele-0-1-a","14":"first","15":"instock","16":"sale","17":"shipping-taxable","18":"purchasable","19":"product-type-variable"},"yoast_head":"<!-- This site is optimized with the Yoast SEO plugin v26.9 - https:\/\/yoast.com\/product\/yoast-seo-wordpress\/ -->\n<title>Marcus &amp; Marcus PPSU \u00f5ppimispudel: 300ml | Gegokids<\/title>\n<meta name=\"description\" content=\"Aita lapsel avastada joomise kunst l\u00e4bi muudetava pudeli, millega on jooma \u00f5ppimine samm sammult \u00f5pitav. K\u00f5ik saab tehtud \u00fche pudeliga, millel on kaasas erinevad otsikud. Alustage sangadega ja kui laps on valmis, saate sangad eemaldada. Pudel on nagu p\u00e4ris klaas ja lekkimiskindel, seega annab lapsevanematele murevabaduse!\" \/>\n<meta name=\"robots\" content=\"index, follow, max-snippet:-1, max-image-preview:large, max-video-preview:-1\" \/>\n<link rel=\"canonical\" href=\"https:\/\/gegokids.ee\/en\/product\/mm-oppimispudel\/\" \/>\n<meta property=\"og:locale\" content=\"en_US\" \/>\n<meta property=\"og:type\" content=\"article\" \/>\n<meta property=\"og:title\" content=\"\u00f5ppimispudel\" \/>\n<meta property=\"og:description\" content=\"Aita lapsel avastada joomise kunst l\u00e4bi muudetava pudeli, millega on jooma \u00f5ppimine samm sammult \u00f5pitav. K\u00f5ik saab tehtud \u00fche pudeliga, millel on kaasas erinevad otsikud. Alustage sangadega ja kui laps on valmis, saate sangad eemaldada. Pudel on nagu p\u00e4ris klaas ja lekkimiskindel, seega annab lapsevanematele murevabaduse!\" \/>\n<meta property=\"og:url\" content=\"https:\/\/gegokids.ee\/en\/product\/mm-oppimispudel\/\" \/>\n<meta property=\"og:site_name\" content=\"Gegokids\" \/>\n<meta property=\"article:publisher\" content=\"https:\/\/www.facebook.com\/GegoKids\" \/>\n<meta property=\"article:modified_time\" content=\"2026-02-08T20:35:53+00:00\" \/>\n<meta property=\"og:image\" content=\"https:\/\/gegokids.ee\/wp-content\/uploads\/2022\/06\/MM-oppimispudeli-Asendusk7rs.png\" \/>\n\t<meta property=\"og:image:width\" content=\"800\" \/>\n\t<meta property=\"og:image:height\" content=\"533\" \/>\n\t<meta property=\"og:image:type\" content=\"image\/png\" \/>\n<meta name=\"twitter:card\" content=\"summary_large_image\" \/>\n<meta name=\"twitter:label1\" content=\"Est. reading time\" \/>\n\t<meta name=\"twitter:data1\" content=\"1 minute\" \/>\n<script type=\"application\/ld+json\" class=\"yoast-schema-graph\">{\"@context\":\"https:\/\/schema.org\",\"@graph\":[{\"@type\":\"WebPage\",\"@id\":\"https:\/\/gegokids.ee\/toode\/mm-oppimispudel\/\",\"url\":\"https:\/\/gegokids.ee\/toode\/mm-oppimispudel\/\",\"name\":\"Marcus & Marcus PPSU \u00f5ppimispudel: 300ml | Gegokids\",\"isPartOf\":{\"@id\":\"https:\/\/gegokids.ee\/#website\"},\"primaryImageOfPage\":{\"@id\":\"https:\/\/gegokids.ee\/toode\/mm-oppimispudel\/#primaryimage\"},\"image\":{\"@id\":\"https:\/\/gegokids.ee\/toode\/mm-oppimispudel\/#primaryimage\"},\"thumbnailUrl\":\"https:\/\/gegokids.ee\/wp-content\/uploads\/2022\/06\/Gegokids-9.png\",\"datePublished\":\"2022-06-18T13:44:12+00:00\",\"dateModified\":\"2026-02-08T20:35:53+00:00\",\"description\":\"Aita lapsel avastada joomise kunst l\u00e4bi muudetava pudeli, millega on jooma \u00f5ppimine samm sammult \u00f5pitav. K\u00f5ik saab tehtud \u00fche pudeliga, millel on kaasas erinevad otsikud. Alustage sangadega ja kui laps on valmis, saate sangad eemaldada. Pudel on nagu p\u00e4ris klaas ja lekkimiskindel, seega annab lapsevanematele murevabaduse!\",\"breadcrumb\":{\"@id\":\"https:\/\/gegokids.ee\/toode\/mm-oppimispudel\/#breadcrumb\"},\"inLanguage\":\"en-US\",\"potentialAction\":[{\"@type\":\"ReadAction\",\"target\":[\"https:\/\/gegokids.ee\/toode\/mm-oppimispudel\/\"]}]},{\"@type\":\"ImageObject\",\"inLanguage\":\"en-US\",\"@id\":\"https:\/\/gegokids.ee\/toode\/mm-oppimispudel\/#primaryimage\",\"url\":\"https:\/\/gegokids.ee\/wp-content\/uploads\/2022\/06\/Gegokids-9.png\",\"contentUrl\":\"https:\/\/gegokids.ee\/wp-content\/uploads\/2022\/06\/Gegokids-9.png\",\"width\":600,\"height\":400},{\"@type\":\"BreadcrumbList\",\"@id\":\"https:\/\/gegokids.ee\/toode\/mm-oppimispudel\/#breadcrumb\",\"itemListElement\":[{\"@type\":\"ListItem\",\"position\":1,\"name\":\"Home\",\"item\":\"https:\/\/gegokids.ee\/en\/\"},{\"@type\":\"ListItem\",\"position\":2,\"name\":\"E-pood\",\"item\":\"https:\/\/gegokids.ee\/e-pood\/\"},{\"@type\":\"ListItem\",\"position\":3,\"name\":\"Marcus &#038; Marcus PPSU \u00f5ppimispudel: 300ml\"}]},{\"@type\":\"WebSite\",\"@id\":\"https:\/\/gegokids.ee\/#website\",\"url\":\"https:\/\/gegokids.ee\/\",\"name\":\"Gegokids\",\"description\":\"Kvaliteetsed ja turvalised laste m\u00e4nguasjad.\",\"publisher\":{\"@id\":\"https:\/\/gegokids.ee\/#organization\"},\"potentialAction\":[{\"@type\":\"SearchAction\",\"target\":{\"@type\":\"EntryPoint\",\"urlTemplate\":\"https:\/\/gegokids.ee\/?s={search_term_string}\"},\"query-input\":{\"@type\":\"PropertyValueSpecification\",\"valueRequired\":true,\"valueName\":\"search_term_string\"}}],\"inLanguage\":\"en-US\"},{\"@type\":\"Organization\",\"@id\":\"https:\/\/gegokids.ee\/#organization\",\"name\":\"Gegokids\",\"url\":\"https:\/\/gegokids.ee\/\",\"logo\":{\"@type\":\"ImageObject\",\"inLanguage\":\"en-US\",\"@id\":\"https:\/\/gegokids.ee\/#\/schema\/logo\/image\/\",\"url\":\"https:\/\/gegokids.ee\/wp-content\/uploads\/2022\/06\/logo2.png\",\"contentUrl\":\"https:\/\/gegokids.ee\/wp-content\/uploads\/2022\/06\/logo2.png\",\"width\":358,\"height\":104,\"caption\":\"Gegokids\"},\"image\":{\"@id\":\"https:\/\/gegokids.ee\/#\/schema\/logo\/image\/\"},\"sameAs\":[\"https:\/\/www.facebook.com\/GegoKids\",\"https:\/\/www.instagram.com\/gegokids.ee\/\"]}]}<\/script>\n<!-- \/ Yoast SEO plugin. -->","yoast_head_json":{"title":"Marcus & Marcus PPSU \u00f5ppimispudel: 300ml | Gegokids","description":"Aita lapsel avastada joomise kunst l\u00e4bi muudetava pudeli, millega on jooma \u00f5ppimine samm sammult \u00f5pitav. K\u00f5ik saab tehtud \u00fche pudeliga, millel on kaasas erinevad otsikud. Alustage sangadega ja kui laps on valmis, saate sangad eemaldada. Pudel on nagu p\u00e4ris klaas ja lekkimiskindel, seega annab lapsevanematele murevabaduse!","robots":{"index":"index","follow":"follow","max-snippet":"max-snippet:-1","max-image-preview":"max-image-preview:large","max-video-preview":"max-video-preview:-1"},"canonical":"https:\/\/gegokids.ee\/en\/product\/mm-oppimispudel\/","og_locale":"en_US","og_type":"article","og_title":"\u00f5ppimispudel","og_description":"Aita lapsel avastada joomise kunst l\u00e4bi muudetava pudeli, millega on jooma \u00f5ppimine samm sammult \u00f5pitav. K\u00f5ik saab tehtud \u00fche pudeliga, millel on kaasas erinevad otsikud. Alustage sangadega ja kui laps on valmis, saate sangad eemaldada. Pudel on nagu p\u00e4ris klaas ja lekkimiskindel, seega annab lapsevanematele murevabaduse!","og_url":"https:\/\/gegokids.ee\/en\/product\/mm-oppimispudel\/","og_site_name":"Gegokids","article_publisher":"https:\/\/www.facebook.com\/GegoKids","article_modified_time":"2026-02-08T20:35:53+00:00","og_image":[{"width":800,"height":533,"url":"https:\/\/gegokids.ee\/wp-content\/uploads\/2022\/06\/MM-oppimispudeli-Asendusk7rs.png","type":"image\/png"}],"twitter_card":"summary_large_image","twitter_misc":{"Est. reading time":"1 minute"},"schema":{"@context":"https:\/\/schema.org","@graph":[{"@type":"WebPage","@id":"https:\/\/gegokids.ee\/toode\/mm-oppimispudel\/","url":"https:\/\/gegokids.ee\/toode\/mm-oppimispudel\/","name":"Marcus & Marcus PPSU \u00f5ppimispudel: 300ml | Gegokids","isPartOf":{"@id":"https:\/\/gegokids.ee\/#website"},"primaryImageOfPage":{"@id":"https:\/\/gegokids.ee\/toode\/mm-oppimispudel\/#primaryimage"},"image":{"@id":"https:\/\/gegokids.ee\/toode\/mm-oppimispudel\/#primaryimage"},"thumbnailUrl":"https:\/\/gegokids.ee\/wp-content\/uploads\/2022\/06\/Gegokids-9.png","datePublished":"2022-06-18T13:44:12+00:00","dateModified":"2026-02-08T20:35:53+00:00","description":"Aita lapsel avastada joomise kunst l\u00e4bi muudetava pudeli, millega on jooma \u00f5ppimine samm sammult \u00f5pitav. K\u00f5ik saab tehtud \u00fche pudeliga, millel on kaasas erinevad otsikud. Alustage sangadega ja kui laps on valmis, saate sangad eemaldada. Pudel on nagu p\u00e4ris klaas ja lekkimiskindel, seega annab lapsevanematele murevabaduse!","breadcrumb":{"@id":"https:\/\/gegokids.ee\/toode\/mm-oppimispudel\/#breadcrumb"},"inLanguage":"en-US","potentialAction":[{"@type":"ReadAction","target":["https:\/\/gegokids.ee\/toode\/mm-oppimispudel\/"]}]},{"@type":"ImageObject","inLanguage":"en-US","@id":"https:\/\/gegokids.ee\/toode\/mm-oppimispudel\/#primaryimage","url":"https:\/\/gegokids.ee\/wp-content\/uploads\/2022\/06\/Gegokids-9.png","contentUrl":"https:\/\/gegokids.ee\/wp-content\/uploads\/2022\/06\/Gegokids-9.png","width":600,"height":400},{"@type":"BreadcrumbList","@id":"https:\/\/gegokids.ee\/toode\/mm-oppimispudel\/#breadcrumb","itemListElement":[{"@type":"ListItem","position":1,"name":"Home","item":"https:\/\/gegokids.ee\/en\/"},{"@type":"ListItem","position":2,"name":"E-pood","item":"https:\/\/gegokids.ee\/e-pood\/"},{"@type":"ListItem","position":3,"name":"Marcus &#038; Marcus PPSU \u00f5ppimispudel: 300ml"}]},{"@type":"WebSite","@id":"https:\/\/gegokids.ee\/#website","url":"https:\/\/gegokids.ee\/","name":"Gegokids","description":"Kvaliteetsed ja turvalised laste m\u00e4nguasjad.","publisher":{"@id":"https:\/\/gegokids.ee\/#organization"},"potentialAction":[{"@type":"SearchAction","target":{"@type":"EntryPoint","urlTemplate":"https:\/\/gegokids.ee\/?s={search_term_string}"},"query-input":{"@type":"PropertyValueSpecification","valueRequired":true,"valueName":"search_term_string"}}],"inLanguage":"en-US"},{"@type":"Organization","@id":"https:\/\/gegokids.ee\/#organization","name":"Gegokids","url":"https:\/\/gegokids.ee\/","logo":{"@type":"ImageObject","inLanguage":"en-US","@id":"https:\/\/gegokids.ee\/#\/schema\/logo\/image\/","url":"https:\/\/gegokids.ee\/wp-content\/uploads\/2022\/06\/logo2.png","contentUrl":"https:\/\/gegokids.ee\/wp-content\/uploads\/2022\/06\/logo2.png","width":358,"height":104,"caption":"Gegokids"},"image":{"@id":"https:\/\/gegokids.ee\/#\/schema\/logo\/image\/"},"sameAs":["https:\/\/www.facebook.com\/GegoKids","https:\/\/www.instagram.com\/gegokids.ee\/"]}]}},"_links":{"self":[{"href":"https:\/\/gegokids.ee\/en\/wp-json\/wp\/v2\/product\/20786","targetHints":{"allow":["GET"]}}],"collection":[{"href":"https:\/\/gegokids.ee\/en\/wp-json\/wp\/v2\/product"}],"about":[{"href":"https:\/\/gegokids.ee\/en\/wp-json\/wp\/v2\/types\/product"}],"replies":[{"embeddable":true,"href":"https:\/\/gegokids.ee\/en\/wp-json\/wp\/v2\/comments?post=20786"}],"version-history":[{"count":5,"href":"https:\/\/gegokids.ee\/en\/wp-json\/wp\/v2\/product\/20786\/revisions"}],"predecessor-version":[{"id":29032,"href":"https:\/\/gegokids.ee\/en\/wp-json\/wp\/v2\/product\/20786\/revisions\/29032"}],"wp:featuredmedia":[{"embeddable":true,"href":"https:\/\/gegokids.ee\/en\/wp-json\/wp\/v2\/media\/29033"}],"wp:attachment":[{"href":"https:\/\/gegokids.ee\/en\/wp-json\/wp\/v2\/media?parent=20786"}],"wp:term":[{"taxonomy":"product_brand","embeddable":true,"href":"https:\/\/gegokids.ee\/en\/wp-json\/wp\/v2\/product_brand?post=20786"},{"taxonomy":"product_cat","embeddable":true,"href":"https:\/\/gegokids.ee\/en\/wp-json\/wp\/v2\/product_cat?post=20786"},{"taxonomy":"product_tag","embeddable":true,"href":"https:\/\/gegokids.ee\/en\/wp-json\/wp\/v2\/product_tag?post=20786"}],"curies":[{"name":"wp","href":"https:\/\/api.w.org\/{rel}","templated":true}]}}