{"id":20782,"date":"2022-06-18T13:44:12","date_gmt":"2022-06-18T13:44:12","guid":{"rendered":"https:\/\/gegokids.ee\/?post_type=product&#038;p=20782"},"modified":"2026-02-08T18:31:39","modified_gmt":"2026-02-08T15:31:39","slug":"mm-vaikelapse-taaskasutatav-hambahari","status":"publish","type":"product","link":"https:\/\/gegokids.ee\/en\/product\/mm-vaikelapse-taaskasutatav-hambahari\/","title":{"rendered":"Marcus &#038; Marcus v\u00e4ikelapse taaskasutatav hambahari"},"content":{"rendered":"<div class=\"e3504-26 x-text x-text-headline\">\n<div class=\"x-text-content\">\n<div class=\"x-text-content-text\">\n<h1 class=\"x-text-content-text-primary\"><span style=\"font-family: georgia, palatino, serif; font-size: 12pt; color: #000000;\">OMADUSED:<\/span><\/h1>\n<\/div>\n<\/div>\n<\/div>\n<div class=\"e3504-28 x-text\">\n<ul>\n<li><span style=\"font-family: georgia, palatino, serif; font-size: 12pt; color: #000000;\">BPA\/Ftalaatide vaba<\/span><\/li>\n<li><span style=\"font-family: georgia, palatino, serif; font-size: 12pt; color: #000000;\">Pehme ja paendlik kauakestev ergonoomilise kujuga k\u00e4epide<\/span><\/li>\n<li><span style=\"font-family: georgia, palatino, serif; font-size: 12pt; color: #000000;\">Efetiivne kumer kuju k\u00e4epidemel<\/span><\/li>\n<li><span style=\"font-size: 12pt; color: #000000; font-family: georgia, palatino, serif;\">Lihtsam harjamine nurga all oleva harjapeaga<\/span><\/li>\n<li><span style=\"font-family: georgia, palatino, serif; font-size: 12pt; color: #000000;\">libisemisvastane k\u00e4epide<\/span><\/li>\n<li><span style=\"font-size: 12pt; color: #000000; font-family: georgia, palatino, serif;\">Iminapaga kinnituv\u00a0(Marcus &amp; Marcus silikoonist ja harjastega asenduspead on sobilikud ainult Marcus &amp; Marcus asenduspeadega.)<\/span><\/li>\n<\/ul>\n<\/div>\n<div class=\"e3504-30 x-text x-text-headline\">\n<div class=\"x-text-content\">\n<div class=\"x-text-content-text\">\n<h1 class=\"x-text-content-text-primary\"><span style=\"font-family: georgia, palatino, serif; font-size: 12pt; color: #000000;\">PUHASTAMINE JA HOOLDUS:<\/span><\/h1>\n<\/div>\n<\/div>\n<\/div>\n<div class=\"e3504-32 x-text\">\n<ul>\n<li><span style=\"font-family: georgia, palatino, serif; font-size: 12pt; color: #000000;\">\u00c4rge pleegitage, kasutage mikrolaineahjus ega steriliseerige auruga<\/span><\/li>\n<li><span style=\"font-family: georgia, palatino, serif; font-size: 12pt; color: #000000;\">Hambaarstid soovitavad vahetada hambaharja iga 6 kuu tagant v\u00f5i varem, kui see tundub kulunud.<\/span><\/li>\n<\/ul>\n<\/div>\n<div class=\"e3504-34 x-row\">\n<div class=\"x-row-inner\">\n<div class=\"e3504-35 x-col\">\n<div class=\"x-anchor-content\">\n<div><\/div>\n<div class=\"x-anchor-text\"><span style=\"font-size: 12pt; color: #000000; font-family: georgia, palatino, serif;\"><strong><span class=\"x-anchor-text-primary\">VANUS:<\/span><\/strong><\/span><\/div>\n<div class=\"x-anchor-text\"><span class=\"x-anchor-text-primary\" style=\"font-family: georgia, palatino, serif; font-size: 12pt; color: #000000;\">2 aastat+<\/span><\/div>\n<\/div>\n<\/div>\n<\/div>\n<\/div>\n<div class=\"e3504-39 x-text x-text-headline\">\n<div class=\"x-text-content\">\n<div class=\"x-text-content-text\">\n<h1 class=\"x-text-content-text-primary\"><span style=\"font-family: georgia, palatino, serif; font-size: 12pt; color: #000000;\">M\u00d5\u00d5DUD:<\/span><\/h1>\n<\/div>\n<\/div>\n<\/div>\n<div class=\"e3504-41 x-text\">\n<ul>\n<li><span style=\"font-family: georgia, palatino, serif; font-size: 12pt; color: #000000;\">27.6 x 22.5 x 152 mm<\/span><\/li>\n<\/ul>\n<\/div>\n<div class=\"e3504-43 x-text x-text-headline\">\n<div class=\"x-text-content\">\n<div class=\"x-text-content-text\">\n<h1 class=\"x-text-content-text-primary\"><span style=\"font-family: georgia, palatino, serif; font-size: 12pt; color: #000000;\">MATERJAL:<\/span><\/h1>\n<\/div>\n<\/div>\n<\/div>\n<div class=\"e3504-45 x-text\">\n<ul>\n<li><span style=\"font-family: georgia, palatino, serif; font-size: 12pt; color: #000000;\">PP, TPE, silikoon, nailon<\/span><\/li>\n<\/ul>\n<\/div>","protected":false},"excerpt":{"rendered":"<div class=\"e3504-22 x-text\">\n<p><span style=\"font-family: georgia, palatino, serif; font-size: 12pt; color: #000000;\">\u00dcks lihtne elustiili muutus aitab p\u00e4\u00e4sta loodust.<\/span><\/p>\n<\/div>\n<div class=\"e3504-24 x-text\">\n<p><span style=\"font-family: georgia, palatino, serif; font-size: 12pt; color: #000000;\">Asenda iga 6 kuu tagant terve hambaharja \u00e4ra viskamine hoopis uue vahetatavate asenduspeadega v\u00e4ikelapse hambaharja vastu! V\u00e4ikene mugav ja k\u00e4ep\u00e4rane hambahari on valmistatud vastupidavast silikoonist, ei sisalda ohtlikke kemikaale ning harjapead on pehmed hellade igemete vastu. Hambahari on disainitud nurga all oleva harjapeaga, mis h\u00f5lbustab raskesti ligip\u00e4\u00e4setavate kohtade harjamist. Iminapaga alus muudab hoiustamise l\u00f5busaks ja lihtsaks!<\/span><\/p>\n<\/div>\n<p><span style=\"font-size: 12pt; color: #000000;\">Pakendis hambahari + \u00fcks lisa asenduspea<\/span><\/p>\n<p><span style=\"font-size: 12pt; color: #000000;\"><strong>Tarne 2-5 t\u00f6\u00f6p\u00e4eva!<\/strong><\/span><\/p>","protected":false},"featured_media":21652,"comment_status":"closed","ping_status":"closed","template":"","meta":[],"product_brand":[455],"product_cat":[298,285],"product_tag":[452,457,458],"class_list":{"0":"post-20782","1":"product","2":"type-product","3":"status-publish","4":"has-post-thumbnail","6":"product_brand-marcus-marcus","7":"product_cat-laste-beebide-hambaharjad","8":"product_cat-koik","9":"product_tag-suuhooldus","10":"product_tag-beebidele-0-1-a","11":"product_tag-vaikelastele-1-3-a","13":"first","14":"instock","15":"shipping-taxable","16":"purchasable","17":"product-type-variable"},"yoast_head":"<!-- This site is optimized with the Yoast SEO plugin v26.9 - https:\/\/yoast.com\/product\/yoast-seo-wordpress\/ -->\n<title>Marcus &amp; Marcus v\u00e4ikelapse taaskasutatav hambahari | Gegokids<\/title>\n<meta name=\"description\" content=\"\u00dcks lihtne elustiili muutus aitab p\u00e4\u00e4sta loodust. Asenda iga 6 kuu tagant terve hambaharja \u00e4ra viskamine hoopis uue vahetatavate asenduspeadega v\u00e4ikelapse hambaharja vastu! V\u00e4ikene mugav ja k\u00e4ep\u00e4rane hambahari on valmistatud vastupidavast silikoonist, ei sisalda ohtlikke kemikaale ning harjapead on pehmed hellade igemete vastu. Hambahari on disainitud nurga all oleva harjapeaga, mis h\u00f5lbustab raskesti ligip\u00e4\u00e4setavate kohtade harjamist. Iminapaga alus muudab hoiustamise l\u00f5busaks ja lihtsaks!\" \/>\n<meta name=\"robots\" content=\"index, follow, max-snippet:-1, max-image-preview:large, max-video-preview:-1\" \/>\n<link rel=\"canonical\" href=\"https:\/\/gegokids.ee\/en\/product\/mm-vaikelapse-taaskasutatav-hambahari\/\" \/>\n<meta property=\"og:locale\" content=\"en_US\" \/>\n<meta property=\"og:type\" content=\"article\" \/>\n<meta property=\"og:title\" content=\"Marcus &amp; Marcus v\u00e4ikelapse taaskasutatav hambahari | Gegokids\" \/>\n<meta property=\"og:description\" content=\"\u00dcks lihtne elustiili muutus aitab p\u00e4\u00e4sta loodust. Asenda iga 6 kuu tagant terve hambaharja \u00e4ra viskamine hoopis uue vahetatavate asenduspeadega v\u00e4ikelapse hambaharja vastu! V\u00e4ikene mugav ja k\u00e4ep\u00e4rane hambahari on valmistatud vastupidavast silikoonist, ei sisalda ohtlikke kemikaale ning harjapead on pehmed hellade igemete vastu. Hambahari on disainitud nurga all oleva harjapeaga, mis h\u00f5lbustab raskesti ligip\u00e4\u00e4setavate kohtade harjamist. Iminapaga alus muudab hoiustamise l\u00f5busaks ja lihtsaks!\" \/>\n<meta property=\"og:url\" content=\"https:\/\/gegokids.ee\/en\/product\/mm-vaikelapse-taaskasutatav-hambahari\/\" \/>\n<meta property=\"og:site_name\" content=\"Gegokids\" \/>\n<meta property=\"article:publisher\" content=\"https:\/\/www.facebook.com\/GegoKids\" \/>\n<meta property=\"article:modified_time\" content=\"2026-02-08T15:31:39+00:00\" \/>\n<meta property=\"og:image\" content=\"https:\/\/gegokids.ee\/wp-content\/uploads\/2022\/06\/MM-Vaikelapse-Taaskasutatav-Silikoonist-Hambahari-photo.png\" \/>\n\t<meta property=\"og:image:width\" content=\"800\" \/>\n\t<meta property=\"og:image:height\" content=\"533\" \/>\n\t<meta property=\"og:image:type\" content=\"image\/png\" \/>\n<meta name=\"twitter:card\" content=\"summary_large_image\" \/>\n<meta name=\"twitter:label1\" content=\"Est. reading time\" \/>\n\t<meta name=\"twitter:data1\" content=\"1 minute\" \/>\n<script type=\"application\/ld+json\" class=\"yoast-schema-graph\">{\"@context\":\"https:\/\/schema.org\",\"@graph\":[{\"@type\":\"WebPage\",\"@id\":\"https:\/\/gegokids.ee\/toode\/mm-vaikelapse-taaskasutatav-hambahari\/\",\"url\":\"https:\/\/gegokids.ee\/toode\/mm-vaikelapse-taaskasutatav-hambahari\/\",\"name\":\"Marcus & Marcus v\u00e4ikelapse taaskasutatav hambahari | Gegokids\",\"isPartOf\":{\"@id\":\"https:\/\/gegokids.ee\/#website\"},\"primaryImageOfPage\":{\"@id\":\"https:\/\/gegokids.ee\/toode\/mm-vaikelapse-taaskasutatav-hambahari\/#primaryimage\"},\"image\":{\"@id\":\"https:\/\/gegokids.ee\/toode\/mm-vaikelapse-taaskasutatav-hambahari\/#primaryimage\"},\"thumbnailUrl\":\"https:\/\/gegokids.ee\/wp-content\/uploads\/2022\/06\/MM-Vaikelapse-Taaskasutatav-Hambahari-sinine2.png\",\"datePublished\":\"2022-06-18T13:44:12+00:00\",\"dateModified\":\"2026-02-08T15:31:39+00:00\",\"description\":\"\u00dcks lihtne elustiili muutus aitab p\u00e4\u00e4sta loodust. Asenda iga 6 kuu tagant terve hambaharja \u00e4ra viskamine hoopis uue vahetatavate asenduspeadega v\u00e4ikelapse hambaharja vastu! V\u00e4ikene mugav ja k\u00e4ep\u00e4rane hambahari on valmistatud vastupidavast silikoonist, ei sisalda ohtlikke kemikaale ning harjapead on pehmed hellade igemete vastu. Hambahari on disainitud nurga all oleva harjapeaga, mis h\u00f5lbustab raskesti ligip\u00e4\u00e4setavate kohtade harjamist. Iminapaga alus muudab hoiustamise l\u00f5busaks ja lihtsaks!\",\"breadcrumb\":{\"@id\":\"https:\/\/gegokids.ee\/toode\/mm-vaikelapse-taaskasutatav-hambahari\/#breadcrumb\"},\"inLanguage\":\"en-US\",\"potentialAction\":[{\"@type\":\"ReadAction\",\"target\":[\"https:\/\/gegokids.ee\/toode\/mm-vaikelapse-taaskasutatav-hambahari\/\"]}]},{\"@type\":\"ImageObject\",\"inLanguage\":\"en-US\",\"@id\":\"https:\/\/gegokids.ee\/toode\/mm-vaikelapse-taaskasutatav-hambahari\/#primaryimage\",\"url\":\"https:\/\/gegokids.ee\/wp-content\/uploads\/2022\/06\/MM-Vaikelapse-Taaskasutatav-Hambahari-sinine2.png\",\"contentUrl\":\"https:\/\/gegokids.ee\/wp-content\/uploads\/2022\/06\/MM-Vaikelapse-Taaskasutatav-Hambahari-sinine2.png\",\"width\":800,\"height\":533},{\"@type\":\"BreadcrumbList\",\"@id\":\"https:\/\/gegokids.ee\/toode\/mm-vaikelapse-taaskasutatav-hambahari\/#breadcrumb\",\"itemListElement\":[{\"@type\":\"ListItem\",\"position\":1,\"name\":\"Home\",\"item\":\"https:\/\/gegokids.ee\/en\/\"},{\"@type\":\"ListItem\",\"position\":2,\"name\":\"E-pood\",\"item\":\"https:\/\/gegokids.ee\/e-pood\/\"},{\"@type\":\"ListItem\",\"position\":3,\"name\":\"Marcus &#038; Marcus v\u00e4ikelapse taaskasutatav hambahari\"}]},{\"@type\":\"WebSite\",\"@id\":\"https:\/\/gegokids.ee\/#website\",\"url\":\"https:\/\/gegokids.ee\/\",\"name\":\"Gegokids\",\"description\":\"Kvaliteetsed ja turvalised laste m\u00e4nguasjad.\",\"publisher\":{\"@id\":\"https:\/\/gegokids.ee\/#organization\"},\"potentialAction\":[{\"@type\":\"SearchAction\",\"target\":{\"@type\":\"EntryPoint\",\"urlTemplate\":\"https:\/\/gegokids.ee\/?s={search_term_string}\"},\"query-input\":{\"@type\":\"PropertyValueSpecification\",\"valueRequired\":true,\"valueName\":\"search_term_string\"}}],\"inLanguage\":\"en-US\"},{\"@type\":\"Organization\",\"@id\":\"https:\/\/gegokids.ee\/#organization\",\"name\":\"Gegokids\",\"url\":\"https:\/\/gegokids.ee\/\",\"logo\":{\"@type\":\"ImageObject\",\"inLanguage\":\"en-US\",\"@id\":\"https:\/\/gegokids.ee\/#\/schema\/logo\/image\/\",\"url\":\"https:\/\/gegokids.ee\/wp-content\/uploads\/2022\/06\/logo2.png\",\"contentUrl\":\"https:\/\/gegokids.ee\/wp-content\/uploads\/2022\/06\/logo2.png\",\"width\":358,\"height\":104,\"caption\":\"Gegokids\"},\"image\":{\"@id\":\"https:\/\/gegokids.ee\/#\/schema\/logo\/image\/\"},\"sameAs\":[\"https:\/\/www.facebook.com\/GegoKids\",\"https:\/\/www.instagram.com\/gegokids.ee\/\"]}]}<\/script>\n<!-- \/ Yoast SEO plugin. -->","yoast_head_json":{"title":"Marcus & Marcus v\u00e4ikelapse taaskasutatav hambahari | Gegokids","description":"\u00dcks lihtne elustiili muutus aitab p\u00e4\u00e4sta loodust. Asenda iga 6 kuu tagant terve hambaharja \u00e4ra viskamine hoopis uue vahetatavate asenduspeadega v\u00e4ikelapse hambaharja vastu! V\u00e4ikene mugav ja k\u00e4ep\u00e4rane hambahari on valmistatud vastupidavast silikoonist, ei sisalda ohtlikke kemikaale ning harjapead on pehmed hellade igemete vastu. Hambahari on disainitud nurga all oleva harjapeaga, mis h\u00f5lbustab raskesti ligip\u00e4\u00e4setavate kohtade harjamist. Iminapaga alus muudab hoiustamise l\u00f5busaks ja lihtsaks!","robots":{"index":"index","follow":"follow","max-snippet":"max-snippet:-1","max-image-preview":"max-image-preview:large","max-video-preview":"max-video-preview:-1"},"canonical":"https:\/\/gegokids.ee\/en\/product\/mm-vaikelapse-taaskasutatav-hambahari\/","og_locale":"en_US","og_type":"article","og_title":"Marcus & Marcus v\u00e4ikelapse taaskasutatav hambahari | Gegokids","og_description":"\u00dcks lihtne elustiili muutus aitab p\u00e4\u00e4sta loodust. Asenda iga 6 kuu tagant terve hambaharja \u00e4ra viskamine hoopis uue vahetatavate asenduspeadega v\u00e4ikelapse hambaharja vastu! V\u00e4ikene mugav ja k\u00e4ep\u00e4rane hambahari on valmistatud vastupidavast silikoonist, ei sisalda ohtlikke kemikaale ning harjapead on pehmed hellade igemete vastu. Hambahari on disainitud nurga all oleva harjapeaga, mis h\u00f5lbustab raskesti ligip\u00e4\u00e4setavate kohtade harjamist. Iminapaga alus muudab hoiustamise l\u00f5busaks ja lihtsaks!","og_url":"https:\/\/gegokids.ee\/en\/product\/mm-vaikelapse-taaskasutatav-hambahari\/","og_site_name":"Gegokids","article_publisher":"https:\/\/www.facebook.com\/GegoKids","article_modified_time":"2026-02-08T15:31:39+00:00","og_image":[{"width":800,"height":533,"url":"https:\/\/gegokids.ee\/wp-content\/uploads\/2022\/06\/MM-Vaikelapse-Taaskasutatav-Silikoonist-Hambahari-photo.png","type":"image\/png"}],"twitter_card":"summary_large_image","twitter_misc":{"Est. reading time":"1 minute"},"schema":{"@context":"https:\/\/schema.org","@graph":[{"@type":"WebPage","@id":"https:\/\/gegokids.ee\/toode\/mm-vaikelapse-taaskasutatav-hambahari\/","url":"https:\/\/gegokids.ee\/toode\/mm-vaikelapse-taaskasutatav-hambahari\/","name":"Marcus & Marcus v\u00e4ikelapse taaskasutatav hambahari | Gegokids","isPartOf":{"@id":"https:\/\/gegokids.ee\/#website"},"primaryImageOfPage":{"@id":"https:\/\/gegokids.ee\/toode\/mm-vaikelapse-taaskasutatav-hambahari\/#primaryimage"},"image":{"@id":"https:\/\/gegokids.ee\/toode\/mm-vaikelapse-taaskasutatav-hambahari\/#primaryimage"},"thumbnailUrl":"https:\/\/gegokids.ee\/wp-content\/uploads\/2022\/06\/MM-Vaikelapse-Taaskasutatav-Hambahari-sinine2.png","datePublished":"2022-06-18T13:44:12+00:00","dateModified":"2026-02-08T15:31:39+00:00","description":"\u00dcks lihtne elustiili muutus aitab p\u00e4\u00e4sta loodust. Asenda iga 6 kuu tagant terve hambaharja \u00e4ra viskamine hoopis uue vahetatavate asenduspeadega v\u00e4ikelapse hambaharja vastu! V\u00e4ikene mugav ja k\u00e4ep\u00e4rane hambahari on valmistatud vastupidavast silikoonist, ei sisalda ohtlikke kemikaale ning harjapead on pehmed hellade igemete vastu. Hambahari on disainitud nurga all oleva harjapeaga, mis h\u00f5lbustab raskesti ligip\u00e4\u00e4setavate kohtade harjamist. Iminapaga alus muudab hoiustamise l\u00f5busaks ja lihtsaks!","breadcrumb":{"@id":"https:\/\/gegokids.ee\/toode\/mm-vaikelapse-taaskasutatav-hambahari\/#breadcrumb"},"inLanguage":"en-US","potentialAction":[{"@type":"ReadAction","target":["https:\/\/gegokids.ee\/toode\/mm-vaikelapse-taaskasutatav-hambahari\/"]}]},{"@type":"ImageObject","inLanguage":"en-US","@id":"https:\/\/gegokids.ee\/toode\/mm-vaikelapse-taaskasutatav-hambahari\/#primaryimage","url":"https:\/\/gegokids.ee\/wp-content\/uploads\/2022\/06\/MM-Vaikelapse-Taaskasutatav-Hambahari-sinine2.png","contentUrl":"https:\/\/gegokids.ee\/wp-content\/uploads\/2022\/06\/MM-Vaikelapse-Taaskasutatav-Hambahari-sinine2.png","width":800,"height":533},{"@type":"BreadcrumbList","@id":"https:\/\/gegokids.ee\/toode\/mm-vaikelapse-taaskasutatav-hambahari\/#breadcrumb","itemListElement":[{"@type":"ListItem","position":1,"name":"Home","item":"https:\/\/gegokids.ee\/en\/"},{"@type":"ListItem","position":2,"name":"E-pood","item":"https:\/\/gegokids.ee\/e-pood\/"},{"@type":"ListItem","position":3,"name":"Marcus &#038; Marcus v\u00e4ikelapse taaskasutatav hambahari"}]},{"@type":"WebSite","@id":"https:\/\/gegokids.ee\/#website","url":"https:\/\/gegokids.ee\/","name":"Gegokids","description":"Kvaliteetsed ja turvalised laste m\u00e4nguasjad.","publisher":{"@id":"https:\/\/gegokids.ee\/#organization"},"potentialAction":[{"@type":"SearchAction","target":{"@type":"EntryPoint","urlTemplate":"https:\/\/gegokids.ee\/?s={search_term_string}"},"query-input":{"@type":"PropertyValueSpecification","valueRequired":true,"valueName":"search_term_string"}}],"inLanguage":"en-US"},{"@type":"Organization","@id":"https:\/\/gegokids.ee\/#organization","name":"Gegokids","url":"https:\/\/gegokids.ee\/","logo":{"@type":"ImageObject","inLanguage":"en-US","@id":"https:\/\/gegokids.ee\/#\/schema\/logo\/image\/","url":"https:\/\/gegokids.ee\/wp-content\/uploads\/2022\/06\/logo2.png","contentUrl":"https:\/\/gegokids.ee\/wp-content\/uploads\/2022\/06\/logo2.png","width":358,"height":104,"caption":"Gegokids"},"image":{"@id":"https:\/\/gegokids.ee\/#\/schema\/logo\/image\/"},"sameAs":["https:\/\/www.facebook.com\/GegoKids","https:\/\/www.instagram.com\/gegokids.ee\/"]}]}},"_links":{"self":[{"href":"https:\/\/gegokids.ee\/en\/wp-json\/wp\/v2\/product\/20782","targetHints":{"allow":["GET"]}}],"collection":[{"href":"https:\/\/gegokids.ee\/en\/wp-json\/wp\/v2\/product"}],"about":[{"href":"https:\/\/gegokids.ee\/en\/wp-json\/wp\/v2\/types\/product"}],"replies":[{"embeddable":true,"href":"https:\/\/gegokids.ee\/en\/wp-json\/wp\/v2\/comments?post=20782"}],"version-history":[{"count":2,"href":"https:\/\/gegokids.ee\/en\/wp-json\/wp\/v2\/product\/20782\/revisions"}],"predecessor-version":[{"id":21653,"href":"https:\/\/gegokids.ee\/en\/wp-json\/wp\/v2\/product\/20782\/revisions\/21653"}],"wp:featuredmedia":[{"embeddable":true,"href":"https:\/\/gegokids.ee\/en\/wp-json\/wp\/v2\/media\/21652"}],"wp:attachment":[{"href":"https:\/\/gegokids.ee\/en\/wp-json\/wp\/v2\/media?parent=20782"}],"wp:term":[{"taxonomy":"product_brand","embeddable":true,"href":"https:\/\/gegokids.ee\/en\/wp-json\/wp\/v2\/product_brand?post=20782"},{"taxonomy":"product_cat","embeddable":true,"href":"https:\/\/gegokids.ee\/en\/wp-json\/wp\/v2\/product_cat?post=20782"},{"taxonomy":"product_tag","embeddable":true,"href":"https:\/\/gegokids.ee\/en\/wp-json\/wp\/v2\/product_tag?post=20782"}],"curies":[{"name":"wp","href":"https:\/\/api.w.org\/{rel}","templated":true}]}}