{"id":20720,"date":"2022-06-18T13:43:08","date_gmt":"2022-06-18T13:43:08","guid":{"rendered":"https:\/\/gegokids.ee\/?post_type=product&#038;p=20720"},"modified":"2026-02-09T01:27:30","modified_gmt":"2026-02-08T22:27:30","slug":"mm-interaktiivne-hambahoolduse-komplekt","status":"publish","type":"product","link":"https:\/\/gegokids.ee\/en\/product\/mm-interaktiivne-hambahoolduse-komplekt\/","title":{"rendered":"Marcus &#038; Marcus laste interaktiivne elektrilise silikoon hambaharja komplekt"},"content":{"rendered":"<h4 data-start=\"1046\" data-end=\"1058\">Omadused<\/h4>\n<p data-start=\"1060\" data-end=\"1097\"><strong data-start=\"1060\" data-end=\"1097\">Elektriline silikoonist hambahari<\/strong><\/p>\n<ul data-start=\"1098\" data-end=\"1387\">\n<li data-start=\"1098\" data-end=\"1133\">\n<p data-start=\"1100\" data-end=\"1133\">igemete masseerimine ja hooldus<\/p>\n<\/li>\n<li data-start=\"1134\" data-end=\"1174\">\n<p data-start=\"1136\" data-end=\"1174\">pehmed ja painduvad silikoonharjased<\/p>\n<\/li>\n<li data-start=\"1175\" data-end=\"1215\">\n<p data-start=\"1177\" data-end=\"1215\">kahepoolne disain, sh keelepuhastaja<\/p>\n<\/li>\n<li data-start=\"1216\" data-end=\"1260\">\n<p data-start=\"1218\" data-end=\"1260\">ergonoomiline k\u00e4epide, sobib lapse k\u00e4ele<\/p>\n<\/li>\n<li data-start=\"1261\" data-end=\"1283\">\n<p data-start=\"1263\" data-end=\"1283\">vahetatav harjapea<\/p>\n<\/li>\n<li data-start=\"1284\" data-end=\"1387\">\n<p data-start=\"1286\" data-end=\"1387\">Marcus &amp; Marcus vahetatavad silikoon- ja harjapead sobivad k\u00f5ikidele Marcus &amp; Marcus hambaharjadele<\/p>\n<\/li>\n<\/ul>\n<p><strong>Komplektiga sobib: <a href=\"https:\/\/gegokids.ee\/en\/product\/mm-hambaharja-asenduspead\/\">Marcus &amp; Marcus hambaharja asenduspead<\/a><\/strong><\/p>\n<p>&nbsp;<\/p>\n<p data-start=\"1389\" data-end=\"1421\"><strong data-start=\"1389\" data-end=\"1421\">Interaktiivne LCD-pesutaimer<\/strong><\/p>\n<ul data-start=\"1422\" data-end=\"1572\">\n<li data-start=\"1422\" data-end=\"1473\">\n<p data-start=\"1424\" data-end=\"1473\">optiline sensor: seade aktiveerub automaatselt<\/p>\n<\/li>\n<li data-start=\"1474\" data-end=\"1525\">\n<p data-start=\"1476\" data-end=\"1525\">animatsioonid, mis \u00f5petavad pesema 2 minutit<\/p>\n<\/li>\n<li data-start=\"1526\" data-end=\"1572\">\n<p data-start=\"1528\" data-end=\"1572\">vibratsioonim\u00e4rguanne iga 30 sekundi j\u00e4rel<\/p>\n<\/li>\n<\/ul>\n<p data-start=\"1574\" data-end=\"1601\"><strong data-start=\"1574\" data-end=\"1601\">Hammaste pesemise tabel<\/strong><\/p>\n<ul data-start=\"1602\" data-end=\"1654\">\n<li data-start=\"1602\" data-end=\"1654\">\n<p data-start=\"1604\" data-end=\"1654\">aitab lastel kujundada regulaarset pesuharjumust<\/p>\n<\/li>\n<\/ul>\n<hr data-start=\"1656\" data-end=\"1659\" \/>\n<h4 data-start=\"1661\" data-end=\"1687\">Puhastamine ja hooldus<\/h4>\n<ul data-start=\"1688\" data-end=\"1865\">\n<li data-start=\"1688\" data-end=\"1708\">\n<p data-start=\"1690\" data-end=\"1708\">mitte valgendada<\/p>\n<\/li>\n<li data-start=\"1709\" data-end=\"1767\">\n<p data-start=\"1711\" data-end=\"1767\">mitte kasutada mikrolaineahjus ega aurusterilisaatoris<\/p>\n<\/li>\n<li data-start=\"1768\" data-end=\"1865\">\n<p data-start=\"1770\" data-end=\"1865\">hambaarstid soovitavad hambaharja vahetada iga 6 kuu j\u00e4rel v\u00f5i varem, kui harjapea on kulunud<\/p>\n<\/li>\n<\/ul>\n<hr data-start=\"1867\" data-end=\"1870\" \/>\n<h4 data-start=\"1872\" data-end=\"1890\">Tehniline info<\/h4>\n<ul data-start=\"1891\" data-end=\"2012\">\n<li data-start=\"1891\" data-end=\"1977\">\n<p data-start=\"1893\" data-end=\"1977\"><strong data-start=\"1893\" data-end=\"1925\">Elektriline silikoonhambari:<\/strong> t\u00f6\u00f6tab AAA patareiga, sagedus 7000 v\u00f5nget minutis<\/p>\n<\/li>\n<li data-start=\"1978\" data-end=\"2012\">\n<p data-start=\"1980\" data-end=\"2012\"><strong data-start=\"1980\" data-end=\"1999\">LCD-pesutaimer:<\/strong> USB-laetav<\/p>\n<\/li>\n<\/ul>\n<hr data-start=\"2014\" data-end=\"2017\" \/>\n<h4 data-start=\"2019\" data-end=\"2033\">Materjalid<\/h4>\n<ul data-start=\"2034\" data-end=\"2156\">\n<li data-start=\"2034\" data-end=\"2062\">\n<p data-start=\"2036\" data-end=\"2062\">LCD-pesutaimer: ABS, TPE<\/p>\n<\/li>\n<li data-start=\"2063\" data-end=\"2121\">\n<p data-start=\"2065\" data-end=\"2121\">Elektriline silikoonhambari: PP, TPE, silikoon, nailon<\/p>\n<\/li>\n<li data-start=\"2122\" data-end=\"2156\">\n<p data-start=\"2124\" data-end=\"2156\">Hammaste pesemise tabel: paber<\/p>\n<\/li>\n<\/ul>\n<hr data-start=\"2158\" data-end=\"2161\" \/>\n<p data-start=\"2163\" data-end=\"2187\"><strong data-start=\"2163\" data-end=\"2184\">Soovitatav vanus:<\/strong> 3+<\/p>","protected":false},"excerpt":{"rendered":"<p>Marcus &amp; Marcus laste interaktiivne elektrilise silikoonharja komplekt aitab muuta hammaste pesemise lapse jaoks lihtsaks ja j\u00e4rjepidevaks harjumuseks. Komplekti kuuluvad elektriline silikoonist hambahari ja interaktiivne LCD-taimer, mis juhendab last hammaste pesemisel samm-sammult.<\/p>\n<p>LCD-taimeris on l\u00f5busad animatsioonid, mis aitavad lapsel pesta hambaid soovitatud 2-minutit. Elektriline hambahari vibreerib iga 30 sekundi j\u00e4rel, andes m\u00e4rku, et on aeg liikuda suu j\u00e4rgmise piirkonna juurde. See aitab lapsel \u00f5ppida \u00f5iget pesur\u00fctmi ilma vanema pideva juhendamiseta.<\/p>\n<p>Hambaharja pea on valmistatud toidukvaliteediga silikoonist ning on piisavalt pehme, et kaitsta lapse igemeid. Laiad ja painduvad harjased sobivad h\u00e4sti v\u00e4ikelaste tundlikule suule.<\/p>\n<p>&nbsp;<\/p>\n<p><span style=\"color: #000000;\"><strong><span style=\"font-size: 12pt;\">Tarne 3-8 t\u00f6\u00f6p\u00e4eva!<\/span><\/strong><\/span><\/p>","protected":false},"featured_media":28921,"comment_status":"closed","ping_status":"closed","template":"","meta":[],"product_brand":[455],"product_cat":[298,285],"product_tag":[452,459],"class_list":{"0":"post-20720","1":"product","2":"type-product","3":"status-publish","4":"has-post-thumbnail","6":"product_brand-marcus-marcus","7":"product_cat-laste-beebide-hambaharjad","8":"product_cat-koik","9":"product_tag-suuhooldus","10":"product_tag-koolieelikutele-3","12":"first","13":"onbackorder","14":"shipping-taxable","15":"purchasable","16":"product-type-variable"},"yoast_head":"<!-- This site is optimized with the Yoast SEO plugin v26.9 - https:\/\/yoast.com\/product\/yoast-seo-wordpress\/ -->\n<title>Marcus &amp; Marcus laste interaktiivne elektrilise silikoon hambaharja komplekt | Gegokids<\/title>\n<meta name=\"description\" content=\"Marcus &amp; Marcus interaktiivne Sonic hambaharja komplekt muudab hammaste pesu l\u00f5busaks. Silikoonharjased, 30-sekundilised m\u00e4rguanded ja LCD-taimer aitavad lastel \u00f5ppida \u00f5iget suuhooldust.\" \/>\n<meta name=\"robots\" content=\"index, follow, max-snippet:-1, max-image-preview:large, max-video-preview:-1\" \/>\n<link rel=\"canonical\" href=\"https:\/\/gegokids.ee\/en\/product\/mm-interaktiivne-hambahoolduse-komplekt\/\" \/>\n<meta property=\"og:locale\" content=\"en_US\" \/>\n<meta property=\"og:type\" content=\"article\" \/>\n<meta property=\"og:title\" content=\"Marcus &amp; Marcus laste interaktiivne elektrilise silikoon hambaharja komplekt | Gegokids\" \/>\n<meta property=\"og:description\" content=\"Marcus &amp; Marcus interaktiivne Sonic hambaharja komplekt muudab hammaste pesu l\u00f5busaks. Silikoonharjased, 30-sekundilised m\u00e4rguanded ja LCD-taimer aitavad lastel \u00f5ppida \u00f5iget suuhooldust.\" \/>\n<meta property=\"og:url\" content=\"https:\/\/gegokids.ee\/en\/product\/mm-interaktiivne-hambahoolduse-komplekt\/\" \/>\n<meta property=\"og:site_name\" content=\"Gegokids\" \/>\n<meta property=\"article:publisher\" content=\"https:\/\/www.facebook.com\/GegoKids\" \/>\n<meta property=\"article:modified_time\" content=\"2026-02-08T22:27:30+00:00\" \/>\n<meta property=\"og:image\" content=\"https:\/\/gegokids.ee\/wp-content\/uploads\/2022\/06\/Pilt-2-scaled.jpg\" \/>\n\t<meta property=\"og:image:width\" content=\"1920\" \/>\n\t<meta property=\"og:image:height\" content=\"2560\" \/>\n\t<meta property=\"og:image:type\" content=\"image\/jpeg\" \/>\n<meta name=\"twitter:card\" content=\"summary_large_image\" \/>\n<meta name=\"twitter:label1\" content=\"Est. reading time\" \/>\n\t<meta name=\"twitter:data1\" content=\"1 minute\" \/>\n<script type=\"application\/ld+json\" class=\"yoast-schema-graph\">{\"@context\":\"https:\/\/schema.org\",\"@graph\":[{\"@type\":\"WebPage\",\"@id\":\"https:\/\/gegokids.ee\/toode\/mm-interaktiivne-hambahoolduse-komplekt\/\",\"url\":\"https:\/\/gegokids.ee\/toode\/mm-interaktiivne-hambahoolduse-komplekt\/\",\"name\":\"Marcus & Marcus laste interaktiivne elektrilise silikoon hambaharja komplekt | Gegokids\",\"isPartOf\":{\"@id\":\"https:\/\/gegokids.ee\/#website\"},\"primaryImageOfPage\":{\"@id\":\"https:\/\/gegokids.ee\/toode\/mm-interaktiivne-hambahoolduse-komplekt\/#primaryimage\"},\"image\":{\"@id\":\"https:\/\/gegokids.ee\/toode\/mm-interaktiivne-hambahoolduse-komplekt\/#primaryimage\"},\"thumbnailUrl\":\"https:\/\/gegokids.ee\/wp-content\/uploads\/2022\/06\/Gegokids-5.png\",\"datePublished\":\"2022-06-18T13:43:08+00:00\",\"dateModified\":\"2026-02-08T22:27:30+00:00\",\"description\":\"Marcus & Marcus interaktiivne Sonic hambaharja komplekt muudab hammaste pesu l\u00f5busaks. Silikoonharjased, 30-sekundilised m\u00e4rguanded ja LCD-taimer aitavad lastel \u00f5ppida \u00f5iget suuhooldust.\",\"breadcrumb\":{\"@id\":\"https:\/\/gegokids.ee\/toode\/mm-interaktiivne-hambahoolduse-komplekt\/#breadcrumb\"},\"inLanguage\":\"en-US\",\"potentialAction\":[{\"@type\":\"ReadAction\",\"target\":[\"https:\/\/gegokids.ee\/toode\/mm-interaktiivne-hambahoolduse-komplekt\/\"]}]},{\"@type\":\"ImageObject\",\"inLanguage\":\"en-US\",\"@id\":\"https:\/\/gegokids.ee\/toode\/mm-interaktiivne-hambahoolduse-komplekt\/#primaryimage\",\"url\":\"https:\/\/gegokids.ee\/wp-content\/uploads\/2022\/06\/Gegokids-5.png\",\"contentUrl\":\"https:\/\/gegokids.ee\/wp-content\/uploads\/2022\/06\/Gegokids-5.png\",\"width\":600,\"height\":400},{\"@type\":\"BreadcrumbList\",\"@id\":\"https:\/\/gegokids.ee\/toode\/mm-interaktiivne-hambahoolduse-komplekt\/#breadcrumb\",\"itemListElement\":[{\"@type\":\"ListItem\",\"position\":1,\"name\":\"Home\",\"item\":\"https:\/\/gegokids.ee\/en\/\"},{\"@type\":\"ListItem\",\"position\":2,\"name\":\"E-pood\",\"item\":\"https:\/\/gegokids.ee\/e-pood\/\"},{\"@type\":\"ListItem\",\"position\":3,\"name\":\"Marcus &#038; Marcus laste interaktiivne elektrilise silikoon hambaharja komplekt\"}]},{\"@type\":\"WebSite\",\"@id\":\"https:\/\/gegokids.ee\/#website\",\"url\":\"https:\/\/gegokids.ee\/\",\"name\":\"Gegokids\",\"description\":\"Kvaliteetsed ja turvalised laste m\u00e4nguasjad.\",\"publisher\":{\"@id\":\"https:\/\/gegokids.ee\/#organization\"},\"potentialAction\":[{\"@type\":\"SearchAction\",\"target\":{\"@type\":\"EntryPoint\",\"urlTemplate\":\"https:\/\/gegokids.ee\/?s={search_term_string}\"},\"query-input\":{\"@type\":\"PropertyValueSpecification\",\"valueRequired\":true,\"valueName\":\"search_term_string\"}}],\"inLanguage\":\"en-US\"},{\"@type\":\"Organization\",\"@id\":\"https:\/\/gegokids.ee\/#organization\",\"name\":\"Gegokids\",\"url\":\"https:\/\/gegokids.ee\/\",\"logo\":{\"@type\":\"ImageObject\",\"inLanguage\":\"en-US\",\"@id\":\"https:\/\/gegokids.ee\/#\/schema\/logo\/image\/\",\"url\":\"https:\/\/gegokids.ee\/wp-content\/uploads\/2022\/06\/logo2.png\",\"contentUrl\":\"https:\/\/gegokids.ee\/wp-content\/uploads\/2022\/06\/logo2.png\",\"width\":358,\"height\":104,\"caption\":\"Gegokids\"},\"image\":{\"@id\":\"https:\/\/gegokids.ee\/#\/schema\/logo\/image\/\"},\"sameAs\":[\"https:\/\/www.facebook.com\/GegoKids\",\"https:\/\/www.instagram.com\/gegokids.ee\/\"]}]}<\/script>\n<!-- \/ Yoast SEO plugin. -->","yoast_head_json":{"title":"Marcus & Marcus laste interaktiivne elektrilise silikoon hambaharja komplekt | Gegokids","description":"Marcus & Marcus interaktiivne Sonic hambaharja komplekt muudab hammaste pesu l\u00f5busaks. Silikoonharjased, 30-sekundilised m\u00e4rguanded ja LCD-taimer aitavad lastel \u00f5ppida \u00f5iget suuhooldust.","robots":{"index":"index","follow":"follow","max-snippet":"max-snippet:-1","max-image-preview":"max-image-preview:large","max-video-preview":"max-video-preview:-1"},"canonical":"https:\/\/gegokids.ee\/en\/product\/mm-interaktiivne-hambahoolduse-komplekt\/","og_locale":"en_US","og_type":"article","og_title":"Marcus & Marcus laste interaktiivne elektrilise silikoon hambaharja komplekt | Gegokids","og_description":"Marcus & Marcus interaktiivne Sonic hambaharja komplekt muudab hammaste pesu l\u00f5busaks. Silikoonharjased, 30-sekundilised m\u00e4rguanded ja LCD-taimer aitavad lastel \u00f5ppida \u00f5iget suuhooldust.","og_url":"https:\/\/gegokids.ee\/en\/product\/mm-interaktiivne-hambahoolduse-komplekt\/","og_site_name":"Gegokids","article_publisher":"https:\/\/www.facebook.com\/GegoKids","article_modified_time":"2026-02-08T22:27:30+00:00","og_image":[{"width":1920,"height":2560,"url":"https:\/\/gegokids.ee\/wp-content\/uploads\/2022\/06\/Pilt-2-scaled.jpg","type":"image\/jpeg"}],"twitter_card":"summary_large_image","twitter_misc":{"Est. reading time":"1 minute"},"schema":{"@context":"https:\/\/schema.org","@graph":[{"@type":"WebPage","@id":"https:\/\/gegokids.ee\/toode\/mm-interaktiivne-hambahoolduse-komplekt\/","url":"https:\/\/gegokids.ee\/toode\/mm-interaktiivne-hambahoolduse-komplekt\/","name":"Marcus & Marcus laste interaktiivne elektrilise silikoon hambaharja komplekt | Gegokids","isPartOf":{"@id":"https:\/\/gegokids.ee\/#website"},"primaryImageOfPage":{"@id":"https:\/\/gegokids.ee\/toode\/mm-interaktiivne-hambahoolduse-komplekt\/#primaryimage"},"image":{"@id":"https:\/\/gegokids.ee\/toode\/mm-interaktiivne-hambahoolduse-komplekt\/#primaryimage"},"thumbnailUrl":"https:\/\/gegokids.ee\/wp-content\/uploads\/2022\/06\/Gegokids-5.png","datePublished":"2022-06-18T13:43:08+00:00","dateModified":"2026-02-08T22:27:30+00:00","description":"Marcus & Marcus interaktiivne Sonic hambaharja komplekt muudab hammaste pesu l\u00f5busaks. Silikoonharjased, 30-sekundilised m\u00e4rguanded ja LCD-taimer aitavad lastel \u00f5ppida \u00f5iget suuhooldust.","breadcrumb":{"@id":"https:\/\/gegokids.ee\/toode\/mm-interaktiivne-hambahoolduse-komplekt\/#breadcrumb"},"inLanguage":"en-US","potentialAction":[{"@type":"ReadAction","target":["https:\/\/gegokids.ee\/toode\/mm-interaktiivne-hambahoolduse-komplekt\/"]}]},{"@type":"ImageObject","inLanguage":"en-US","@id":"https:\/\/gegokids.ee\/toode\/mm-interaktiivne-hambahoolduse-komplekt\/#primaryimage","url":"https:\/\/gegokids.ee\/wp-content\/uploads\/2022\/06\/Gegokids-5.png","contentUrl":"https:\/\/gegokids.ee\/wp-content\/uploads\/2022\/06\/Gegokids-5.png","width":600,"height":400},{"@type":"BreadcrumbList","@id":"https:\/\/gegokids.ee\/toode\/mm-interaktiivne-hambahoolduse-komplekt\/#breadcrumb","itemListElement":[{"@type":"ListItem","position":1,"name":"Home","item":"https:\/\/gegokids.ee\/en\/"},{"@type":"ListItem","position":2,"name":"E-pood","item":"https:\/\/gegokids.ee\/e-pood\/"},{"@type":"ListItem","position":3,"name":"Marcus &#038; Marcus laste interaktiivne elektrilise silikoon hambaharja komplekt"}]},{"@type":"WebSite","@id":"https:\/\/gegokids.ee\/#website","url":"https:\/\/gegokids.ee\/","name":"Gegokids","description":"Kvaliteetsed ja turvalised laste m\u00e4nguasjad.","publisher":{"@id":"https:\/\/gegokids.ee\/#organization"},"potentialAction":[{"@type":"SearchAction","target":{"@type":"EntryPoint","urlTemplate":"https:\/\/gegokids.ee\/?s={search_term_string}"},"query-input":{"@type":"PropertyValueSpecification","valueRequired":true,"valueName":"search_term_string"}}],"inLanguage":"en-US"},{"@type":"Organization","@id":"https:\/\/gegokids.ee\/#organization","name":"Gegokids","url":"https:\/\/gegokids.ee\/","logo":{"@type":"ImageObject","inLanguage":"en-US","@id":"https:\/\/gegokids.ee\/#\/schema\/logo\/image\/","url":"https:\/\/gegokids.ee\/wp-content\/uploads\/2022\/06\/logo2.png","contentUrl":"https:\/\/gegokids.ee\/wp-content\/uploads\/2022\/06\/logo2.png","width":358,"height":104,"caption":"Gegokids"},"image":{"@id":"https:\/\/gegokids.ee\/#\/schema\/logo\/image\/"},"sameAs":["https:\/\/www.facebook.com\/GegoKids","https:\/\/www.instagram.com\/gegokids.ee\/"]}]}},"_links":{"self":[{"href":"https:\/\/gegokids.ee\/en\/wp-json\/wp\/v2\/product\/20720","targetHints":{"allow":["GET"]}}],"collection":[{"href":"https:\/\/gegokids.ee\/en\/wp-json\/wp\/v2\/product"}],"about":[{"href":"https:\/\/gegokids.ee\/en\/wp-json\/wp\/v2\/types\/product"}],"replies":[{"embeddable":true,"href":"https:\/\/gegokids.ee\/en\/wp-json\/wp\/v2\/comments?post=20720"}],"version-history":[{"count":5,"href":"https:\/\/gegokids.ee\/en\/wp-json\/wp\/v2\/product\/20720\/revisions"}],"predecessor-version":[{"id":29073,"href":"https:\/\/gegokids.ee\/en\/wp-json\/wp\/v2\/product\/20720\/revisions\/29073"}],"wp:featuredmedia":[{"embeddable":true,"href":"https:\/\/gegokids.ee\/en\/wp-json\/wp\/v2\/media\/28921"}],"wp:attachment":[{"href":"https:\/\/gegokids.ee\/en\/wp-json\/wp\/v2\/media?parent=20720"}],"wp:term":[{"taxonomy":"product_brand","embeddable":true,"href":"https:\/\/gegokids.ee\/en\/wp-json\/wp\/v2\/product_brand?post=20720"},{"taxonomy":"product_cat","embeddable":true,"href":"https:\/\/gegokids.ee\/en\/wp-json\/wp\/v2\/product_cat?post=20720"},{"taxonomy":"product_tag","embeddable":true,"href":"https:\/\/gegokids.ee\/en\/wp-json\/wp\/v2\/product_tag?post=20720"}],"curies":[{"name":"wp","href":"https:\/\/api.w.org\/{rel}","templated":true}]}}