{"id":20716,"date":"2022-06-18T13:43:08","date_gmt":"2022-06-18T13:43:08","guid":{"rendered":"https:\/\/gegokids.ee\/?post_type=product&#038;p=20716"},"modified":"2026-02-09T00:13:10","modified_gmt":"2026-02-08T21:13:10","slug":"mm-iminapaga-sektoritega-taldrik","status":"publish","type":"product","link":"https:\/\/gegokids.ee\/en\/product\/mm-iminapaga-sektoritega-taldrik\/","title":{"rendered":"Marcus &#038; Marcus iminapaga sektoritega taldrik"},"content":{"rendered":"<p><span style=\"font-size: 12pt; color: #000000;\"><strong>Omadused<\/strong>:<\/span><\/p>\n<ul>\n<li><span style=\"font-size: 12pt; color: #000000;\">BPA\/ftalaatide vaba<\/span><\/li>\n<li><span style=\"font-size: 12pt; color: #000000;\">Tugev kinnitus<\/span><\/li>\n<li><span style=\"font-size: 12pt; color: #000000;\">Lapats aitab mugavalt kinnituse vabastada<\/span><\/li>\n<li><span style=\"font-size: 12pt; color: #000000;\">Kastme lisamine aitab lisada l\u00f5busust<\/span><\/li>\n<li><span style=\"font-size: 12pt; color: #000000;\">\u00dcmarad \u00e4\u00e4red aitavad toitu s\u00f6\u00f6giriistadele<\/span><\/li>\n<li><span style=\"font-size: 12pt; color: #000000;\">K\u00e4epidemed<\/span><\/li>\n<li><span style=\"font-size: 12pt; color: #000000;\">Beebi juhitud v\u00f5\u00f5rutamine<\/span><\/li>\n<li><span style=\"font-size: 12pt; color: #000000;\">Sobib enamustele s\u00f6\u00f6gitoolidele<\/span><\/li>\n<li><span style=\"font-size: 12pt; color: #000000;\">Purunematu<\/span><\/li>\n<\/ul>\n<p><strong><span style=\"font-size: 12pt; color: #000000;\">Puhastamine ja hooldus:<\/span><\/strong><\/p>\n<ul>\n<li><span style=\"font-size: 12pt; color: #000000;\">Pestav n\u00f5udepesumasinas \u00fclemisel riiulil<\/span><\/li>\n<li><span style=\"font-size: 12pt; color: #000000;\">S\u00fcgavk\u00fclmas kasutatav<\/span><\/li>\n<li><span style=\"font-size: 12pt; color: #000000;\">Mikrolaineahjus kasutatav<\/span><\/li>\n<li><span style=\"font-size: 12pt; color: #000000;\">Auruga steriliseeritav<\/span><\/li>\n<li><span style=\"font-size: 12pt; color: #000000;\">Plekid on eemaldatavad sooja seebiveega<\/span><\/li>\n<\/ul>\n<p><strong><span style=\"font-size: 12pt; color: #000000;\">M\u00f5\u00f5dud:<\/span><\/strong><br \/>\n<span style=\"font-size: 12pt; color: #000000;\">279 x 176 x 52 mm<\/span><\/p>\n<p><strong><span style=\"font-size: 12pt; color: #000000;\">Materjal:<\/span><\/strong><br \/>\n<span style=\"font-size: 12pt; color: #000000;\">Toidusilikoon<\/span><\/p>\n<p><strong><span style=\"font-size: 12pt; color: #000000;\">Vastupidavus temperatuurid:<\/span><\/strong><br \/>\n<span style=\"font-size: 12pt; color: #000000;\">-20\u00b0C kuni 220\u00b0C<\/span><\/p>\n<p><strong><span style=\"font-size: 12pt; color: #000000;\">Vanus:<\/span><\/strong><br \/>\n<span style=\"font-size: 12pt; color: #000000;\">18 kuud +<\/span><\/p>","protected":false},"excerpt":{"rendered":"<p><span style=\"font-size: 12pt; color: #000000;\">Marcus &amp; Marcus dipitopsiga sektoritega taldrik lubab lapsele natukene l\u00f5busamat s\u00f6\u00f6giaega nautida. Iminapaga alus kinnitub kindlalt laua k\u00fclge ning ei lase kausil liikuda oma kohalt. Lapatsist t\u00f5mmates on taldrik lihtsasti laua k\u00fcljest eemaldatav. Sektorid on jaotatud vastavalt soovituslikele portsjonitele, mis on aitab toitu jagada. Taldrik on valmistatud BPA ja ftalaatide vabast toidusilikoonist ning sobib kasutamiseks mikrolaineahjus. Samuti on pestav n\u00f5udepesumasinas \u00fclemisel riiulil ning s\u00fcgavk\u00fclmas kasutatav.<\/span><\/p>\n<p>&nbsp;<\/p>\n<p><strong><span style=\"font-size: 12pt; color: #000000;\">Tarne 3-8 t\u00f6\u00f6p\u00e4eva!<\/span><\/strong><\/p>","protected":false},"featured_media":26054,"comment_status":"closed","ping_status":"closed","template":"","meta":[],"product_brand":[455],"product_cat":[285,422],"product_tag":[474,458],"class_list":{"0":"post-20716","1":"product","2":"type-product","3":"status-publish","4":"has-post-thumbnail","6":"product_brand-marcus-marcus","7":"product_cat-koik","8":"product_cat-laste-soogikomplektid","9":"product_tag-soomistarvikud","10":"product_tag-vaikelastele-1-3-a","12":"first","13":"instock","14":"shipping-taxable","15":"purchasable","16":"product-type-variable"},"yoast_head":"<!-- This site is optimized with the Yoast SEO plugin v26.9 - https:\/\/yoast.com\/product\/yoast-seo-wordpress\/ -->\n<title>Marcus &amp; Marcus iminapaga sektoritega taldrik | Gegokids<\/title>\n<meta name=\"description\" content=\"Marcus &amp; Marcus dipitopsiga sektoritega taldrik lubab lapsele natukene l\u00f5busamat s\u00f6\u00f6giaega nautida. Iminapaga alus kinnitub kindlalt laua k\u00fclge ning ei lase kausil liikuda oma kohalt. Lapatsist t\u00f5mmates on taldrik lihtsasti laua k\u00fcljest eemaldatav. Sektorid on jaotatud vastavalt soovituslikele portsjonitele, mis on aitab toitu jagada. Taldrik on valmistatud BPA ja ftalaatide vabast toidusilikoonist ning sobib kasutamiseks mikrolaineahjus. Samuti on pestav n\u00f5udepesumasinas \u00fclemisel riiulil ning s\u00fcgavk\u00fclmas kasutatav.\" \/>\n<meta name=\"robots\" content=\"index, follow, max-snippet:-1, max-image-preview:large, max-video-preview:-1\" \/>\n<link rel=\"canonical\" href=\"https:\/\/gegokids.ee\/en\/product\/mm-iminapaga-sektoritega-taldrik\/\" \/>\n<meta property=\"og:locale\" content=\"en_US\" \/>\n<meta property=\"og:type\" content=\"article\" \/>\n<meta property=\"og:title\" content=\"Marcus &amp; Marcus iminapaga sektoritega taldrik | Gegokids\" \/>\n<meta property=\"og:description\" content=\"Marcus &amp; Marcus dipitopsiga sektoritega taldrik lubab lapsele natukene l\u00f5busamat s\u00f6\u00f6giaega nautida. Iminapaga alus kinnitub kindlalt laua k\u00fclge ning ei lase kausil liikuda oma kohalt. Lapatsist t\u00f5mmates on taldrik lihtsasti laua k\u00fcljest eemaldatav. Sektorid on jaotatud vastavalt soovituslikele portsjonitele, mis on aitab toitu jagada. Taldrik on valmistatud BPA ja ftalaatide vabast toidusilikoonist ning sobib kasutamiseks mikrolaineahjus. Samuti on pestav n\u00f5udepesumasinas \u00fclemisel riiulil ning s\u00fcgavk\u00fclmas kasutatav.\" \/>\n<meta property=\"og:url\" content=\"https:\/\/gegokids.ee\/en\/product\/mm-iminapaga-sektoritega-taldrik\/\" \/>\n<meta property=\"og:site_name\" content=\"Gegokids\" \/>\n<meta property=\"article:publisher\" content=\"https:\/\/www.facebook.com\/GegoKids\" \/>\n<meta property=\"article:modified_time\" content=\"2026-02-08T21:13:10+00:00\" \/>\n<meta property=\"og:image\" content=\"https:\/\/gegokids.ee\/wp-content\/uploads\/2022\/06\/MM-Iminapaga-Sektoritega-Taldrik-Foto.png\" \/>\n\t<meta property=\"og:image:width\" content=\"800\" \/>\n\t<meta property=\"og:image:height\" content=\"533\" \/>\n\t<meta property=\"og:image:type\" content=\"image\/png\" \/>\n<meta name=\"twitter:card\" content=\"summary_large_image\" \/>\n<meta name=\"twitter:label1\" content=\"Est. reading time\" \/>\n\t<meta name=\"twitter:data1\" content=\"1 minute\" \/>\n<script type=\"application\/ld+json\" class=\"yoast-schema-graph\">{\"@context\":\"https:\/\/schema.org\",\"@graph\":[{\"@type\":\"WebPage\",\"@id\":\"https:\/\/gegokids.ee\/toode\/mm-iminapaga-sektoritega-taldrik\/\",\"url\":\"https:\/\/gegokids.ee\/toode\/mm-iminapaga-sektoritega-taldrik\/\",\"name\":\"Marcus & Marcus iminapaga sektoritega taldrik | Gegokids\",\"isPartOf\":{\"@id\":\"https:\/\/gegokids.ee\/#website\"},\"primaryImageOfPage\":{\"@id\":\"https:\/\/gegokids.ee\/toode\/mm-iminapaga-sektoritega-taldrik\/#primaryimage\"},\"image\":{\"@id\":\"https:\/\/gegokids.ee\/toode\/mm-iminapaga-sektoritega-taldrik\/#primaryimage\"},\"thumbnailUrl\":\"https:\/\/gegokids.ee\/wp-content\/uploads\/2022\/06\/MM-Iminapaga-Sektoritega-Taldrik-Punane.png\",\"datePublished\":\"2022-06-18T13:43:08+00:00\",\"dateModified\":\"2026-02-08T21:13:10+00:00\",\"description\":\"Marcus & Marcus dipitopsiga sektoritega taldrik lubab lapsele natukene l\u00f5busamat s\u00f6\u00f6giaega nautida. Iminapaga alus kinnitub kindlalt laua k\u00fclge ning ei lase kausil liikuda oma kohalt. Lapatsist t\u00f5mmates on taldrik lihtsasti laua k\u00fcljest eemaldatav. Sektorid on jaotatud vastavalt soovituslikele portsjonitele, mis on aitab toitu jagada. Taldrik on valmistatud BPA ja ftalaatide vabast toidusilikoonist ning sobib kasutamiseks mikrolaineahjus. Samuti on pestav n\u00f5udepesumasinas \u00fclemisel riiulil ning s\u00fcgavk\u00fclmas kasutatav.\",\"breadcrumb\":{\"@id\":\"https:\/\/gegokids.ee\/toode\/mm-iminapaga-sektoritega-taldrik\/#breadcrumb\"},\"inLanguage\":\"en-US\",\"potentialAction\":[{\"@type\":\"ReadAction\",\"target\":[\"https:\/\/gegokids.ee\/toode\/mm-iminapaga-sektoritega-taldrik\/\"]}]},{\"@type\":\"ImageObject\",\"inLanguage\":\"en-US\",\"@id\":\"https:\/\/gegokids.ee\/toode\/mm-iminapaga-sektoritega-taldrik\/#primaryimage\",\"url\":\"https:\/\/gegokids.ee\/wp-content\/uploads\/2022\/06\/MM-Iminapaga-Sektoritega-Taldrik-Punane.png\",\"contentUrl\":\"https:\/\/gegokids.ee\/wp-content\/uploads\/2022\/06\/MM-Iminapaga-Sektoritega-Taldrik-Punane.png\",\"width\":800,\"height\":533},{\"@type\":\"BreadcrumbList\",\"@id\":\"https:\/\/gegokids.ee\/toode\/mm-iminapaga-sektoritega-taldrik\/#breadcrumb\",\"itemListElement\":[{\"@type\":\"ListItem\",\"position\":1,\"name\":\"Home\",\"item\":\"https:\/\/gegokids.ee\/en\/\"},{\"@type\":\"ListItem\",\"position\":2,\"name\":\"E-pood\",\"item\":\"https:\/\/gegokids.ee\/e-pood\/\"},{\"@type\":\"ListItem\",\"position\":3,\"name\":\"Marcus &#038; Marcus iminapaga sektoritega taldrik\"}]},{\"@type\":\"WebSite\",\"@id\":\"https:\/\/gegokids.ee\/#website\",\"url\":\"https:\/\/gegokids.ee\/\",\"name\":\"Gegokids\",\"description\":\"Kvaliteetsed ja turvalised laste m\u00e4nguasjad.\",\"publisher\":{\"@id\":\"https:\/\/gegokids.ee\/#organization\"},\"potentialAction\":[{\"@type\":\"SearchAction\",\"target\":{\"@type\":\"EntryPoint\",\"urlTemplate\":\"https:\/\/gegokids.ee\/?s={search_term_string}\"},\"query-input\":{\"@type\":\"PropertyValueSpecification\",\"valueRequired\":true,\"valueName\":\"search_term_string\"}}],\"inLanguage\":\"en-US\"},{\"@type\":\"Organization\",\"@id\":\"https:\/\/gegokids.ee\/#organization\",\"name\":\"Gegokids\",\"url\":\"https:\/\/gegokids.ee\/\",\"logo\":{\"@type\":\"ImageObject\",\"inLanguage\":\"en-US\",\"@id\":\"https:\/\/gegokids.ee\/#\/schema\/logo\/image\/\",\"url\":\"https:\/\/gegokids.ee\/wp-content\/uploads\/2022\/06\/logo2.png\",\"contentUrl\":\"https:\/\/gegokids.ee\/wp-content\/uploads\/2022\/06\/logo2.png\",\"width\":358,\"height\":104,\"caption\":\"Gegokids\"},\"image\":{\"@id\":\"https:\/\/gegokids.ee\/#\/schema\/logo\/image\/\"},\"sameAs\":[\"https:\/\/www.facebook.com\/GegoKids\",\"https:\/\/www.instagram.com\/gegokids.ee\/\"]}]}<\/script>\n<!-- \/ Yoast SEO plugin. -->","yoast_head_json":{"title":"Marcus & Marcus iminapaga sektoritega taldrik | Gegokids","description":"Marcus & Marcus dipitopsiga sektoritega taldrik lubab lapsele natukene l\u00f5busamat s\u00f6\u00f6giaega nautida. Iminapaga alus kinnitub kindlalt laua k\u00fclge ning ei lase kausil liikuda oma kohalt. Lapatsist t\u00f5mmates on taldrik lihtsasti laua k\u00fcljest eemaldatav. Sektorid on jaotatud vastavalt soovituslikele portsjonitele, mis on aitab toitu jagada. Taldrik on valmistatud BPA ja ftalaatide vabast toidusilikoonist ning sobib kasutamiseks mikrolaineahjus. Samuti on pestav n\u00f5udepesumasinas \u00fclemisel riiulil ning s\u00fcgavk\u00fclmas kasutatav.","robots":{"index":"index","follow":"follow","max-snippet":"max-snippet:-1","max-image-preview":"max-image-preview:large","max-video-preview":"max-video-preview:-1"},"canonical":"https:\/\/gegokids.ee\/en\/product\/mm-iminapaga-sektoritega-taldrik\/","og_locale":"en_US","og_type":"article","og_title":"Marcus & Marcus iminapaga sektoritega taldrik | Gegokids","og_description":"Marcus & Marcus dipitopsiga sektoritega taldrik lubab lapsele natukene l\u00f5busamat s\u00f6\u00f6giaega nautida. Iminapaga alus kinnitub kindlalt laua k\u00fclge ning ei lase kausil liikuda oma kohalt. Lapatsist t\u00f5mmates on taldrik lihtsasti laua k\u00fcljest eemaldatav. Sektorid on jaotatud vastavalt soovituslikele portsjonitele, mis on aitab toitu jagada. Taldrik on valmistatud BPA ja ftalaatide vabast toidusilikoonist ning sobib kasutamiseks mikrolaineahjus. Samuti on pestav n\u00f5udepesumasinas \u00fclemisel riiulil ning s\u00fcgavk\u00fclmas kasutatav.","og_url":"https:\/\/gegokids.ee\/en\/product\/mm-iminapaga-sektoritega-taldrik\/","og_site_name":"Gegokids","article_publisher":"https:\/\/www.facebook.com\/GegoKids","article_modified_time":"2026-02-08T21:13:10+00:00","og_image":[{"width":800,"height":533,"url":"https:\/\/gegokids.ee\/wp-content\/uploads\/2022\/06\/MM-Iminapaga-Sektoritega-Taldrik-Foto.png","type":"image\/png"}],"twitter_card":"summary_large_image","twitter_misc":{"Est. reading time":"1 minute"},"schema":{"@context":"https:\/\/schema.org","@graph":[{"@type":"WebPage","@id":"https:\/\/gegokids.ee\/toode\/mm-iminapaga-sektoritega-taldrik\/","url":"https:\/\/gegokids.ee\/toode\/mm-iminapaga-sektoritega-taldrik\/","name":"Marcus & Marcus iminapaga sektoritega taldrik | Gegokids","isPartOf":{"@id":"https:\/\/gegokids.ee\/#website"},"primaryImageOfPage":{"@id":"https:\/\/gegokids.ee\/toode\/mm-iminapaga-sektoritega-taldrik\/#primaryimage"},"image":{"@id":"https:\/\/gegokids.ee\/toode\/mm-iminapaga-sektoritega-taldrik\/#primaryimage"},"thumbnailUrl":"https:\/\/gegokids.ee\/wp-content\/uploads\/2022\/06\/MM-Iminapaga-Sektoritega-Taldrik-Punane.png","datePublished":"2022-06-18T13:43:08+00:00","dateModified":"2026-02-08T21:13:10+00:00","description":"Marcus & Marcus dipitopsiga sektoritega taldrik lubab lapsele natukene l\u00f5busamat s\u00f6\u00f6giaega nautida. Iminapaga alus kinnitub kindlalt laua k\u00fclge ning ei lase kausil liikuda oma kohalt. Lapatsist t\u00f5mmates on taldrik lihtsasti laua k\u00fcljest eemaldatav. Sektorid on jaotatud vastavalt soovituslikele portsjonitele, mis on aitab toitu jagada. Taldrik on valmistatud BPA ja ftalaatide vabast toidusilikoonist ning sobib kasutamiseks mikrolaineahjus. Samuti on pestav n\u00f5udepesumasinas \u00fclemisel riiulil ning s\u00fcgavk\u00fclmas kasutatav.","breadcrumb":{"@id":"https:\/\/gegokids.ee\/toode\/mm-iminapaga-sektoritega-taldrik\/#breadcrumb"},"inLanguage":"en-US","potentialAction":[{"@type":"ReadAction","target":["https:\/\/gegokids.ee\/toode\/mm-iminapaga-sektoritega-taldrik\/"]}]},{"@type":"ImageObject","inLanguage":"en-US","@id":"https:\/\/gegokids.ee\/toode\/mm-iminapaga-sektoritega-taldrik\/#primaryimage","url":"https:\/\/gegokids.ee\/wp-content\/uploads\/2022\/06\/MM-Iminapaga-Sektoritega-Taldrik-Punane.png","contentUrl":"https:\/\/gegokids.ee\/wp-content\/uploads\/2022\/06\/MM-Iminapaga-Sektoritega-Taldrik-Punane.png","width":800,"height":533},{"@type":"BreadcrumbList","@id":"https:\/\/gegokids.ee\/toode\/mm-iminapaga-sektoritega-taldrik\/#breadcrumb","itemListElement":[{"@type":"ListItem","position":1,"name":"Home","item":"https:\/\/gegokids.ee\/en\/"},{"@type":"ListItem","position":2,"name":"E-pood","item":"https:\/\/gegokids.ee\/e-pood\/"},{"@type":"ListItem","position":3,"name":"Marcus &#038; Marcus iminapaga sektoritega taldrik"}]},{"@type":"WebSite","@id":"https:\/\/gegokids.ee\/#website","url":"https:\/\/gegokids.ee\/","name":"Gegokids","description":"Kvaliteetsed ja turvalised laste m\u00e4nguasjad.","publisher":{"@id":"https:\/\/gegokids.ee\/#organization"},"potentialAction":[{"@type":"SearchAction","target":{"@type":"EntryPoint","urlTemplate":"https:\/\/gegokids.ee\/?s={search_term_string}"},"query-input":{"@type":"PropertyValueSpecification","valueRequired":true,"valueName":"search_term_string"}}],"inLanguage":"en-US"},{"@type":"Organization","@id":"https:\/\/gegokids.ee\/#organization","name":"Gegokids","url":"https:\/\/gegokids.ee\/","logo":{"@type":"ImageObject","inLanguage":"en-US","@id":"https:\/\/gegokids.ee\/#\/schema\/logo\/image\/","url":"https:\/\/gegokids.ee\/wp-content\/uploads\/2022\/06\/logo2.png","contentUrl":"https:\/\/gegokids.ee\/wp-content\/uploads\/2022\/06\/logo2.png","width":358,"height":104,"caption":"Gegokids"},"image":{"@id":"https:\/\/gegokids.ee\/#\/schema\/logo\/image\/"},"sameAs":["https:\/\/www.facebook.com\/GegoKids","https:\/\/www.instagram.com\/gegokids.ee\/"]}]}},"_links":{"self":[{"href":"https:\/\/gegokids.ee\/en\/wp-json\/wp\/v2\/product\/20716","targetHints":{"allow":["GET"]}}],"collection":[{"href":"https:\/\/gegokids.ee\/en\/wp-json\/wp\/v2\/product"}],"about":[{"href":"https:\/\/gegokids.ee\/en\/wp-json\/wp\/v2\/types\/product"}],"replies":[{"embeddable":true,"href":"https:\/\/gegokids.ee\/en\/wp-json\/wp\/v2\/comments?post=20716"}],"version-history":[{"count":3,"href":"https:\/\/gegokids.ee\/en\/wp-json\/wp\/v2\/product\/20716\/revisions"}],"predecessor-version":[{"id":29049,"href":"https:\/\/gegokids.ee\/en\/wp-json\/wp\/v2\/product\/20716\/revisions\/29049"}],"wp:featuredmedia":[{"embeddable":true,"href":"https:\/\/gegokids.ee\/en\/wp-json\/wp\/v2\/media\/26054"}],"wp:attachment":[{"href":"https:\/\/gegokids.ee\/en\/wp-json\/wp\/v2\/media?parent=20716"}],"wp:term":[{"taxonomy":"product_brand","embeddable":true,"href":"https:\/\/gegokids.ee\/en\/wp-json\/wp\/v2\/product_brand?post=20716"},{"taxonomy":"product_cat","embeddable":true,"href":"https:\/\/gegokids.ee\/en\/wp-json\/wp\/v2\/product_cat?post=20716"},{"taxonomy":"product_tag","embeddable":true,"href":"https:\/\/gegokids.ee\/en\/wp-json\/wp\/v2\/product_tag?post=20716"}],"curies":[{"name":"wp","href":"https:\/\/api.w.org\/{rel}","templated":true}]}}