{"id":20663,"date":"2022-06-18T13:42:15","date_gmt":"2022-06-18T13:42:15","guid":{"rendered":"https:\/\/gegokids.ee\/?post_type=product&#038;p=20663"},"modified":"2026-02-11T22:47:58","modified_gmt":"2026-02-11T19:47:58","slug":"mm-vaikelapse-iseseisva-soomise-komplekt","status":"publish","type":"product","link":"https:\/\/gegokids.ee\/en\/product\/mm-vaikelapse-iseseisva-soomise-komplekt\/","title":{"rendered":"Marcus &amp; Marcus v\u00e4ikelapse iseseisva s\u00f6\u00f6mise komplekt"},"content":{"rendered":"<p><span style=\"font-size: 12pt; color: #000000; font-family: georgia, palatino, serif;\"><strong>Omadused:<\/strong><\/span><\/p>\n<p><span style=\"color: #000000; font-size: 12pt; font-family: georgia, palatino, serif;\">Reisip\u00f5ll<\/span><\/p>\n<ul>\n<li><span style=\"font-size: 12pt; color: #000000; font-family: georgia, palatino, serif;\">BPA\/Ftalaatide vaba<\/span><\/li>\n<li><span style=\"font-size: 12pt; color: #000000; font-family: georgia, palatino, serif;\">Ekstra suur kogumistasku<\/span><\/li>\n<li><span style=\"font-size: 12pt; color: #000000; font-family: georgia, palatino, serif;\">Kergekaaluline<\/span><\/li>\n<li><span style=\"font-size: 12pt; color: #000000; font-family: georgia, palatino, serif;\">Kinnitus on reguleeritav<\/span><\/li>\n<li><span style=\"font-size: 12pt; color: #000000; font-family: georgia, palatino, serif;\">Tasku on p\u00f5lle k\u00fcljest eemaldatav ning kasutatav s\u00f6\u00f6giriistade taskuna<\/span><\/li>\n<\/ul>\n<p><span style=\"font-size: 12pt; color: #000000; font-family: georgia, palatino, serif;\">V\u00e4ikestele k\u00e4tele disainitud lusikas<\/span><\/p>\n<ul>\n<li><span style=\"font-size: 12pt; color: #000000; font-family: georgia, palatino, serif;\">BPA\/Ftalaatide vaba<\/span><\/li>\n<li><span style=\"font-size: 12pt; color: #000000; font-family: georgia, palatino, serif;\">Pehmetipuline otsik on hell igemete vastu<\/span><\/li>\n<li><span style=\"font-size: 12pt; color: #000000; font-family: georgia, palatino, serif;\">Mugavalt haaratav, disainitud v\u00e4ikestele k\u00e4tele<\/span><\/li>\n<\/ul>\n<p><span style=\"font-size: 12pt; color: #000000; font-family: georgia, palatino, serif;\">Iminapaga kauss kaanega<\/span><\/p>\n<ul>\n<li><span style=\"font-size: 12pt; color: #000000; font-family: georgia, palatino, serif;\">BPA\/Ftalaatide vaba<\/span><\/li>\n<li><span style=\"font-size: 12pt; color: #000000; font-family: georgia, palatino, serif;\">\u00c4\u00e4red on disainitud, et suunata toitu lusikale<\/span><\/li>\n<li><span style=\"font-size: 12pt; color: #000000; font-family: georgia, palatino, serif;\">Kaas toidu hoiustamiseks<\/span><\/li>\n<li><span style=\"font-size: 12pt; color: #000000; font-family: georgia, palatino, serif;\">Tugev kinnitus laua k\u00fclge, sobib ka spoonitud lauale<\/span><\/li>\n<\/ul>\n<p><span style=\"font-size: 12pt; color: #000000; font-family: georgia, palatino, serif;\"><strong>Omadused ja hooldus:<\/strong><\/span><\/p>\n<p><span style=\"font-size: 12pt; color: #000000; font-family: georgia, palatino, serif;\">Veekindel p\u00f5ll<\/span><\/p>\n<ul>\n<li><span style=\"font-size: 12pt; color: #000000; font-family: georgia, palatino, serif;\">Puhastatav sooja seebiveega, kuivatada \u00f5hu k\u00e4es<\/span><\/li>\n<li><span style=\"font-size: 12pt; color: #000000; font-family: georgia, palatino, serif;\">\u00c4rge pleegitage, triikige ega kasutage kuivatis toodet<\/span><\/li>\n<\/ul>\n<p><span style=\"font-size: 12pt; color: #000000; font-family: georgia, palatino, serif;\">Silikoonist tasku \/ V\u00e4ikestele k\u00e4tele disainitud lusikas<\/span><\/p>\n<ul>\n<li><span style=\"font-size: 12pt; font-family: georgia, palatino, serif; color: #000000;\">Pestav n\u00f5udepesumasinas \u00fclemisel riiulil<\/span><\/li>\n<li><span style=\"font-size: 12pt; font-family: georgia, palatino, serif; color: #000000;\">Auruga steriliseeritav<\/span><\/li>\n<li><span style=\"font-size: 12pt; font-family: georgia, palatino, serif; color: #000000;\">Plekid on eemaldatavad sooja seebiveega<\/span><\/li>\n<\/ul>\n<p><span style=\"font-size: 12pt; color: #000000; font-family: georgia, palatino, serif;\">Iminapaga kauss kaanega<\/span><\/p>\n<ul>\n<li><span style=\"font-size: 12pt; font-family: georgia, palatino, serif; color: #000000;\">Pestav n\u00f5udepesumasinas \u00fclemisel riiulil<\/span><\/li>\n<li><span style=\"font-size: 12pt; font-family: georgia, palatino, serif; color: #000000;\">S\u00fcgavk\u00fclmas kasutatav<\/span><\/li>\n<li><span style=\"font-size: 12pt; font-family: georgia, palatino, serif; color: #000000;\">Mikrolaineahjus kasutatav<\/span><\/li>\n<li><span style=\"font-size: 12pt; font-family: georgia, palatino, serif; color: #000000;\">Auruga steriliseeritav<\/span><\/li>\n<li><span style=\"font-size: 12pt; font-family: georgia, palatino, serif; color: #000000;\">Plekid on eemaldatavad sooja seebiveega<\/span><\/li>\n<\/ul>\n<p><span style=\"font-size: 12pt; color: #000000; font-family: georgia, palatino, serif;\"><strong>M\u00f5\u00f5dud:<\/strong><\/span><br \/>\n<span style=\"font-size: 12pt; color: #000000; font-family: georgia, palatino, serif;\">Reisip\u00f5ll: 210 x 38 x 320 mm<\/span><br \/>\n<span style=\"font-size: 12pt; color: #000000; font-family: georgia, palatino, serif;\">Lusikas: 29 x 22 x 90 mm<\/span><br \/>\n<span style=\"font-size: 12pt; color: #000000; font-family: georgia, palatino, serif;\">Kauss: 171 x 141 x 60 mm<\/span><\/p>\n<p><span style=\"font-size: 12pt; color: #000000; font-family: georgia, palatino, serif;\"><strong>Materjal:<\/strong><\/span><br \/>\n<span style=\"font-size: 12pt; color: #000000; font-family: georgia, palatino, serif;\">Reisip\u00f5ll, lusikas, kauss: Toidusilikoon<\/span><br \/>\n<span style=\"font-size: 12pt; color: #000000; font-family: georgia, palatino, serif;\">P\u00f5ll: pol\u00fcester<\/span><\/p>\n<p><span style=\"font-size: 12pt; color: #000000; font-family: georgia, palatino, serif;\"><strong>Vastupidavus temperatuurid:<\/strong><\/span><br \/>\n<span style=\"font-size: 12pt; color: #000000; font-family: georgia, palatino, serif;\">Lusikas:<\/span><br \/>\n<span style=\"font-size: 12pt; color: #000000; font-family: georgia, palatino, serif;\">-20\u00b0C kuni 120\u00b0C<\/span><\/p>\n<p><span style=\"font-size: 12pt; color: #000000; font-family: georgia, palatino, serif;\">Kauss \/ Silikoonist tasku:<\/span><br \/>\n<span style=\"font-size: 12pt; color: #000000; font-family: georgia, palatino, serif;\">-20\u00b0C kuni 220\u00b0C<\/span><\/p>\n<p><span style=\"font-size: 12pt; color: #000000; font-family: georgia, palatino, serif;\"><strong>Vanus:<\/strong><\/span><br \/>\n<span style=\"font-size: 12pt; color: #000000; font-family: georgia, palatino, serif;\">12 kuud+<\/span><\/p>","protected":false},"excerpt":{"rendered":"<p><span style=\"font-size: 12pt; color: #000000;\">Marcus &amp; Marcus iseseivaks s\u00f6\u00f6miseks m\u00f5eldud komplekt on loodud v\u00e4ikelastele, kes soovivad s\u00fc\u00fca iseseisvalt ning on valmis tegema j\u00e4rgmised sammud iseseisva s\u00f6\u00f6mise suunas. Tugevalt laua k\u00fclge kinnituv kauss on kumerate \u00e4\u00e4rtega, et suunata toitu s\u00f6\u00f6giriistale. Kausi kaant kasutades on mugav hoiustada j\u00e4rele j\u00e4\u00e4nud toitu k\u00fclmkappi, et pakkuda seda taas j\u00e4rgmistel toidukordadel. Lihtsasti haaratav lusikas aitab sooritada 90-kraadise p\u00f6\u00f6rde koos toiduga suu suunas ning kiired edusammud on lapse jaoks veelgi ergutavamad. Veekindel reisip\u00f5ll annab vabaduse liikuda lapsega rohkem ringi ning avastada maailma. S\u00f6\u00f6giriistad ning p\u00f5lle saab hoiustada p\u00f5llelt eemaldatavasse taskusse. Tooted on valmistatud BPA ja ftalaatide vabadest materjalidest.<\/span><\/p>\n<p>&nbsp;<\/p>\n<p><span style=\"font-size: 12pt; color: #000000;\">PS! Komplekt on pakendatud kinkepakendisse ja sobib ideaalselt n\u00e4iteks aastase lapse s\u00fcnnip\u00e4evale kingituseks!<\/span><\/p>\n<p>&nbsp;<\/p>\n<p><strong><span style=\"font-size: 12pt; color: #000000;\">Tarne 3-8 t\u00f6\u00f6p\u00e4eva!<\/span><\/strong><\/p>","protected":false},"featured_media":21714,"comment_status":"closed","ping_status":"closed","template":"","meta":[],"product_brand":[455],"product_cat":[285,422,396],"product_tag":[474,457,458],"class_list":{"0":"post-20663","1":"product","2":"type-product","3":"status-publish","4":"has-post-thumbnail","6":"product_brand-marcus-marcus","7":"product_cat-koik","8":"product_cat-laste-soogikomplektid","9":"product_cat-outlet","10":"product_tag-soomistarvikud","11":"product_tag-beebidele-0-1-a","12":"product_tag-vaikelastele-1-3-a","14":"first","15":"instock","16":"shipping-taxable","17":"purchasable","18":"product-type-variable"},"yoast_head":"<!-- This site is optimized with the Yoast SEO plugin v26.9 - https:\/\/yoast.com\/product\/yoast-seo-wordpress\/ -->\n<title>Marcus &amp; Marcus v\u00e4ikelapse iseseisva s\u00f6\u00f6mise komplekt | Gegokids<\/title>\n<meta name=\"description\" content=\"Marcus &amp; Marcus iseseivaks s\u00f6\u00f6miseks m\u00f5eldud komplekt on loodud v\u00e4ikelastele, kes soovivad s\u00fc\u00fca iseseisvalt ning on valmis tegema j\u00e4rgmised sammud iseseisva s\u00f6\u00f6mise suunas. Tugevalt laua k\u00fclge kinnituv kauss on kumerate \u00e4\u00e4rtega, et suunata toitu s\u00f6\u00f6giriistale. Kausi kaant kasutades on mugav hoiustada j\u00e4rele j\u00e4\u00e4nud toitu k\u00fclmkappi, et pakkuda seda taas j\u00e4rgmistel toidukordadel. Lihtsasti haaratav lusikas aitab sooritada 90-kraadise p\u00f6\u00f6rde koos toiduga suu suunas ning kiired edusammud on lapse jaoks veelgi ergutavamad. Veekindel reisip\u00f5ll annab vabaduse liikuda lapsega rohkem ringi ning avastada maailma. S\u00f6\u00f6giriistad ning p\u00f5lle saab hoiustada p\u00f5llelt eemaldatavasse taskusse. Tooted on valmistatud BPA ja ftalaatide vabadest materjalidest.\" \/>\n<meta name=\"robots\" content=\"index, follow, max-snippet:-1, max-image-preview:large, max-video-preview:-1\" \/>\n<link rel=\"canonical\" href=\"https:\/\/gegokids.ee\/en\/product\/mm-vaikelapse-iseseisva-soomise-komplekt\/\" \/>\n<meta property=\"og:locale\" content=\"en_US\" \/>\n<meta property=\"og:type\" content=\"article\" \/>\n<meta property=\"og:title\" content=\"Marcus &amp; Marcus v\u00e4ikelapse iseseisva s\u00f6\u00f6mise komplekt | Gegokids\" \/>\n<meta property=\"og:description\" content=\"Marcus &amp; Marcus iseseivaks s\u00f6\u00f6miseks m\u00f5eldud komplekt on loodud v\u00e4ikelastele, kes soovivad s\u00fc\u00fca iseseisvalt ning on valmis tegema j\u00e4rgmised sammud iseseisva s\u00f6\u00f6mise suunas. Tugevalt laua k\u00fclge kinnituv kauss on kumerate \u00e4\u00e4rtega, et suunata toitu s\u00f6\u00f6giriistale. Kausi kaant kasutades on mugav hoiustada j\u00e4rele j\u00e4\u00e4nud toitu k\u00fclmkappi, et pakkuda seda taas j\u00e4rgmistel toidukordadel. Lihtsasti haaratav lusikas aitab sooritada 90-kraadise p\u00f6\u00f6rde koos toiduga suu suunas ning kiired edusammud on lapse jaoks veelgi ergutavamad. Veekindel reisip\u00f5ll annab vabaduse liikuda lapsega rohkem ringi ning avastada maailma. S\u00f6\u00f6giriistad ning p\u00f5lle saab hoiustada p\u00f5llelt eemaldatavasse taskusse. Tooted on valmistatud BPA ja ftalaatide vabadest materjalidest.\" \/>\n<meta property=\"og:url\" content=\"https:\/\/gegokids.ee\/en\/product\/mm-vaikelapse-iseseisva-soomise-komplekt\/\" \/>\n<meta property=\"og:site_name\" content=\"Gegokids\" \/>\n<meta property=\"article:publisher\" content=\"https:\/\/www.facebook.com\/GegoKids\" \/>\n<meta property=\"article:modified_time\" content=\"2026-02-11T19:47:58+00:00\" \/>\n<meta property=\"og:image\" content=\"https:\/\/gegokids.ee\/wp-content\/uploads\/2022\/06\/MM-Vaikelapse-Iseseisva-Soomise-Komplekt-Sinine.png\" \/>\n\t<meta property=\"og:image:width\" content=\"800\" \/>\n\t<meta property=\"og:image:height\" content=\"533\" \/>\n\t<meta property=\"og:image:type\" content=\"image\/png\" \/>\n<meta name=\"twitter:card\" content=\"summary_large_image\" \/>\n<meta name=\"twitter:label1\" content=\"Est. reading time\" \/>\n\t<meta name=\"twitter:data1\" content=\"2 minutes\" \/>\n<script type=\"application\/ld+json\" class=\"yoast-schema-graph\">{\"@context\":\"https:\/\/schema.org\",\"@graph\":[{\"@type\":\"WebPage\",\"@id\":\"https:\/\/gegokids.ee\/toode\/mm-vaikelapse-iseseisva-soomise-komplekt\/\",\"url\":\"https:\/\/gegokids.ee\/toode\/mm-vaikelapse-iseseisva-soomise-komplekt\/\",\"name\":\"Marcus &amp; Marcus v\u00e4ikelapse iseseisva s\u00f6\u00f6mise komplekt | Gegokids\",\"isPartOf\":{\"@id\":\"https:\/\/gegokids.ee\/#website\"},\"primaryImageOfPage\":{\"@id\":\"https:\/\/gegokids.ee\/toode\/mm-vaikelapse-iseseisva-soomise-komplekt\/#primaryimage\"},\"image\":{\"@id\":\"https:\/\/gegokids.ee\/toode\/mm-vaikelapse-iseseisva-soomise-komplekt\/#primaryimage\"},\"thumbnailUrl\":\"https:\/\/gegokids.ee\/wp-content\/uploads\/2022\/06\/MM-Vaikelapse-Iseseisva-Soomise-Komplekt-Roheline.png\",\"datePublished\":\"2022-06-18T13:42:15+00:00\",\"dateModified\":\"2026-02-11T19:47:58+00:00\",\"description\":\"Marcus & Marcus iseseivaks s\u00f6\u00f6miseks m\u00f5eldud komplekt on loodud v\u00e4ikelastele, kes soovivad s\u00fc\u00fca iseseisvalt ning on valmis tegema j\u00e4rgmised sammud iseseisva s\u00f6\u00f6mise suunas. Tugevalt laua k\u00fclge kinnituv kauss on kumerate \u00e4\u00e4rtega, et suunata toitu s\u00f6\u00f6giriistale. Kausi kaant kasutades on mugav hoiustada j\u00e4rele j\u00e4\u00e4nud toitu k\u00fclmkappi, et pakkuda seda taas j\u00e4rgmistel toidukordadel. Lihtsasti haaratav lusikas aitab sooritada 90-kraadise p\u00f6\u00f6rde koos toiduga suu suunas ning kiired edusammud on lapse jaoks veelgi ergutavamad. Veekindel reisip\u00f5ll annab vabaduse liikuda lapsega rohkem ringi ning avastada maailma. S\u00f6\u00f6giriistad ning p\u00f5lle saab hoiustada p\u00f5llelt eemaldatavasse taskusse. Tooted on valmistatud BPA ja ftalaatide vabadest materjalidest.\",\"breadcrumb\":{\"@id\":\"https:\/\/gegokids.ee\/toode\/mm-vaikelapse-iseseisva-soomise-komplekt\/#breadcrumb\"},\"inLanguage\":\"en-US\",\"potentialAction\":[{\"@type\":\"ReadAction\",\"target\":[\"https:\/\/gegokids.ee\/toode\/mm-vaikelapse-iseseisva-soomise-komplekt\/\"]}]},{\"@type\":\"ImageObject\",\"inLanguage\":\"en-US\",\"@id\":\"https:\/\/gegokids.ee\/toode\/mm-vaikelapse-iseseisva-soomise-komplekt\/#primaryimage\",\"url\":\"https:\/\/gegokids.ee\/wp-content\/uploads\/2022\/06\/MM-Vaikelapse-Iseseisva-Soomise-Komplekt-Roheline.png\",\"contentUrl\":\"https:\/\/gegokids.ee\/wp-content\/uploads\/2022\/06\/MM-Vaikelapse-Iseseisva-Soomise-Komplekt-Roheline.png\",\"width\":800,\"height\":533},{\"@type\":\"BreadcrumbList\",\"@id\":\"https:\/\/gegokids.ee\/toode\/mm-vaikelapse-iseseisva-soomise-komplekt\/#breadcrumb\",\"itemListElement\":[{\"@type\":\"ListItem\",\"position\":1,\"name\":\"Home\",\"item\":\"https:\/\/gegokids.ee\/en\/\"},{\"@type\":\"ListItem\",\"position\":2,\"name\":\"E-pood\",\"item\":\"https:\/\/gegokids.ee\/e-pood\/\"},{\"@type\":\"ListItem\",\"position\":3,\"name\":\"Marcus &amp; Marcus v\u00e4ikelapse iseseisva s\u00f6\u00f6mise komplekt\"}]},{\"@type\":\"WebSite\",\"@id\":\"https:\/\/gegokids.ee\/#website\",\"url\":\"https:\/\/gegokids.ee\/\",\"name\":\"Gegokids\",\"description\":\"Kvaliteetsed ja turvalised laste m\u00e4nguasjad.\",\"publisher\":{\"@id\":\"https:\/\/gegokids.ee\/#organization\"},\"potentialAction\":[{\"@type\":\"SearchAction\",\"target\":{\"@type\":\"EntryPoint\",\"urlTemplate\":\"https:\/\/gegokids.ee\/?s={search_term_string}\"},\"query-input\":{\"@type\":\"PropertyValueSpecification\",\"valueRequired\":true,\"valueName\":\"search_term_string\"}}],\"inLanguage\":\"en-US\"},{\"@type\":\"Organization\",\"@id\":\"https:\/\/gegokids.ee\/#organization\",\"name\":\"Gegokids\",\"url\":\"https:\/\/gegokids.ee\/\",\"logo\":{\"@type\":\"ImageObject\",\"inLanguage\":\"en-US\",\"@id\":\"https:\/\/gegokids.ee\/#\/schema\/logo\/image\/\",\"url\":\"https:\/\/gegokids.ee\/wp-content\/uploads\/2022\/06\/logo2.png\",\"contentUrl\":\"https:\/\/gegokids.ee\/wp-content\/uploads\/2022\/06\/logo2.png\",\"width\":358,\"height\":104,\"caption\":\"Gegokids\"},\"image\":{\"@id\":\"https:\/\/gegokids.ee\/#\/schema\/logo\/image\/\"},\"sameAs\":[\"https:\/\/www.facebook.com\/GegoKids\",\"https:\/\/www.instagram.com\/gegokids.ee\/\"]}]}<\/script>\n<!-- \/ Yoast SEO plugin. -->","yoast_head_json":{"title":"Marcus &amp; Marcus v\u00e4ikelapse iseseisva s\u00f6\u00f6mise komplekt | Gegokids","description":"Marcus & Marcus iseseivaks s\u00f6\u00f6miseks m\u00f5eldud komplekt on loodud v\u00e4ikelastele, kes soovivad s\u00fc\u00fca iseseisvalt ning on valmis tegema j\u00e4rgmised sammud iseseisva s\u00f6\u00f6mise suunas. Tugevalt laua k\u00fclge kinnituv kauss on kumerate \u00e4\u00e4rtega, et suunata toitu s\u00f6\u00f6giriistale. Kausi kaant kasutades on mugav hoiustada j\u00e4rele j\u00e4\u00e4nud toitu k\u00fclmkappi, et pakkuda seda taas j\u00e4rgmistel toidukordadel. Lihtsasti haaratav lusikas aitab sooritada 90-kraadise p\u00f6\u00f6rde koos toiduga suu suunas ning kiired edusammud on lapse jaoks veelgi ergutavamad. Veekindel reisip\u00f5ll annab vabaduse liikuda lapsega rohkem ringi ning avastada maailma. S\u00f6\u00f6giriistad ning p\u00f5lle saab hoiustada p\u00f5llelt eemaldatavasse taskusse. Tooted on valmistatud BPA ja ftalaatide vabadest materjalidest.","robots":{"index":"index","follow":"follow","max-snippet":"max-snippet:-1","max-image-preview":"max-image-preview:large","max-video-preview":"max-video-preview:-1"},"canonical":"https:\/\/gegokids.ee\/en\/product\/mm-vaikelapse-iseseisva-soomise-komplekt\/","og_locale":"en_US","og_type":"article","og_title":"Marcus &amp; Marcus v\u00e4ikelapse iseseisva s\u00f6\u00f6mise komplekt | Gegokids","og_description":"Marcus & Marcus iseseivaks s\u00f6\u00f6miseks m\u00f5eldud komplekt on loodud v\u00e4ikelastele, kes soovivad s\u00fc\u00fca iseseisvalt ning on valmis tegema j\u00e4rgmised sammud iseseisva s\u00f6\u00f6mise suunas. Tugevalt laua k\u00fclge kinnituv kauss on kumerate \u00e4\u00e4rtega, et suunata toitu s\u00f6\u00f6giriistale. Kausi kaant kasutades on mugav hoiustada j\u00e4rele j\u00e4\u00e4nud toitu k\u00fclmkappi, et pakkuda seda taas j\u00e4rgmistel toidukordadel. Lihtsasti haaratav lusikas aitab sooritada 90-kraadise p\u00f6\u00f6rde koos toiduga suu suunas ning kiired edusammud on lapse jaoks veelgi ergutavamad. Veekindel reisip\u00f5ll annab vabaduse liikuda lapsega rohkem ringi ning avastada maailma. S\u00f6\u00f6giriistad ning p\u00f5lle saab hoiustada p\u00f5llelt eemaldatavasse taskusse. Tooted on valmistatud BPA ja ftalaatide vabadest materjalidest.","og_url":"https:\/\/gegokids.ee\/en\/product\/mm-vaikelapse-iseseisva-soomise-komplekt\/","og_site_name":"Gegokids","article_publisher":"https:\/\/www.facebook.com\/GegoKids","article_modified_time":"2026-02-11T19:47:58+00:00","og_image":[{"width":800,"height":533,"url":"https:\/\/gegokids.ee\/wp-content\/uploads\/2022\/06\/MM-Vaikelapse-Iseseisva-Soomise-Komplekt-Sinine.png","type":"image\/png"}],"twitter_card":"summary_large_image","twitter_misc":{"Est. reading time":"2 minutes"},"schema":{"@context":"https:\/\/schema.org","@graph":[{"@type":"WebPage","@id":"https:\/\/gegokids.ee\/toode\/mm-vaikelapse-iseseisva-soomise-komplekt\/","url":"https:\/\/gegokids.ee\/toode\/mm-vaikelapse-iseseisva-soomise-komplekt\/","name":"Marcus &amp; Marcus v\u00e4ikelapse iseseisva s\u00f6\u00f6mise komplekt | Gegokids","isPartOf":{"@id":"https:\/\/gegokids.ee\/#website"},"primaryImageOfPage":{"@id":"https:\/\/gegokids.ee\/toode\/mm-vaikelapse-iseseisva-soomise-komplekt\/#primaryimage"},"image":{"@id":"https:\/\/gegokids.ee\/toode\/mm-vaikelapse-iseseisva-soomise-komplekt\/#primaryimage"},"thumbnailUrl":"https:\/\/gegokids.ee\/wp-content\/uploads\/2022\/06\/MM-Vaikelapse-Iseseisva-Soomise-Komplekt-Roheline.png","datePublished":"2022-06-18T13:42:15+00:00","dateModified":"2026-02-11T19:47:58+00:00","description":"Marcus & Marcus iseseivaks s\u00f6\u00f6miseks m\u00f5eldud komplekt on loodud v\u00e4ikelastele, kes soovivad s\u00fc\u00fca iseseisvalt ning on valmis tegema j\u00e4rgmised sammud iseseisva s\u00f6\u00f6mise suunas. Tugevalt laua k\u00fclge kinnituv kauss on kumerate \u00e4\u00e4rtega, et suunata toitu s\u00f6\u00f6giriistale. Kausi kaant kasutades on mugav hoiustada j\u00e4rele j\u00e4\u00e4nud toitu k\u00fclmkappi, et pakkuda seda taas j\u00e4rgmistel toidukordadel. Lihtsasti haaratav lusikas aitab sooritada 90-kraadise p\u00f6\u00f6rde koos toiduga suu suunas ning kiired edusammud on lapse jaoks veelgi ergutavamad. Veekindel reisip\u00f5ll annab vabaduse liikuda lapsega rohkem ringi ning avastada maailma. S\u00f6\u00f6giriistad ning p\u00f5lle saab hoiustada p\u00f5llelt eemaldatavasse taskusse. Tooted on valmistatud BPA ja ftalaatide vabadest materjalidest.","breadcrumb":{"@id":"https:\/\/gegokids.ee\/toode\/mm-vaikelapse-iseseisva-soomise-komplekt\/#breadcrumb"},"inLanguage":"en-US","potentialAction":[{"@type":"ReadAction","target":["https:\/\/gegokids.ee\/toode\/mm-vaikelapse-iseseisva-soomise-komplekt\/"]}]},{"@type":"ImageObject","inLanguage":"en-US","@id":"https:\/\/gegokids.ee\/toode\/mm-vaikelapse-iseseisva-soomise-komplekt\/#primaryimage","url":"https:\/\/gegokids.ee\/wp-content\/uploads\/2022\/06\/MM-Vaikelapse-Iseseisva-Soomise-Komplekt-Roheline.png","contentUrl":"https:\/\/gegokids.ee\/wp-content\/uploads\/2022\/06\/MM-Vaikelapse-Iseseisva-Soomise-Komplekt-Roheline.png","width":800,"height":533},{"@type":"BreadcrumbList","@id":"https:\/\/gegokids.ee\/toode\/mm-vaikelapse-iseseisva-soomise-komplekt\/#breadcrumb","itemListElement":[{"@type":"ListItem","position":1,"name":"Home","item":"https:\/\/gegokids.ee\/en\/"},{"@type":"ListItem","position":2,"name":"E-pood","item":"https:\/\/gegokids.ee\/e-pood\/"},{"@type":"ListItem","position":3,"name":"Marcus &amp; Marcus v\u00e4ikelapse iseseisva s\u00f6\u00f6mise komplekt"}]},{"@type":"WebSite","@id":"https:\/\/gegokids.ee\/#website","url":"https:\/\/gegokids.ee\/","name":"Gegokids","description":"Kvaliteetsed ja turvalised laste m\u00e4nguasjad.","publisher":{"@id":"https:\/\/gegokids.ee\/#organization"},"potentialAction":[{"@type":"SearchAction","target":{"@type":"EntryPoint","urlTemplate":"https:\/\/gegokids.ee\/?s={search_term_string}"},"query-input":{"@type":"PropertyValueSpecification","valueRequired":true,"valueName":"search_term_string"}}],"inLanguage":"en-US"},{"@type":"Organization","@id":"https:\/\/gegokids.ee\/#organization","name":"Gegokids","url":"https:\/\/gegokids.ee\/","logo":{"@type":"ImageObject","inLanguage":"en-US","@id":"https:\/\/gegokids.ee\/#\/schema\/logo\/image\/","url":"https:\/\/gegokids.ee\/wp-content\/uploads\/2022\/06\/logo2.png","contentUrl":"https:\/\/gegokids.ee\/wp-content\/uploads\/2022\/06\/logo2.png","width":358,"height":104,"caption":"Gegokids"},"image":{"@id":"https:\/\/gegokids.ee\/#\/schema\/logo\/image\/"},"sameAs":["https:\/\/www.facebook.com\/GegoKids","https:\/\/www.instagram.com\/gegokids.ee\/"]}]}},"_links":{"self":[{"href":"https:\/\/gegokids.ee\/en\/wp-json\/wp\/v2\/product\/20663","targetHints":{"allow":["GET"]}}],"collection":[{"href":"https:\/\/gegokids.ee\/en\/wp-json\/wp\/v2\/product"}],"about":[{"href":"https:\/\/gegokids.ee\/en\/wp-json\/wp\/v2\/types\/product"}],"replies":[{"embeddable":true,"href":"https:\/\/gegokids.ee\/en\/wp-json\/wp\/v2\/comments?post=20663"}],"version-history":[{"count":5,"href":"https:\/\/gegokids.ee\/en\/wp-json\/wp\/v2\/product\/20663\/revisions"}],"predecessor-version":[{"id":29105,"href":"https:\/\/gegokids.ee\/en\/wp-json\/wp\/v2\/product\/20663\/revisions\/29105"}],"wp:featuredmedia":[{"embeddable":true,"href":"https:\/\/gegokids.ee\/en\/wp-json\/wp\/v2\/media\/21714"}],"wp:attachment":[{"href":"https:\/\/gegokids.ee\/en\/wp-json\/wp\/v2\/media?parent=20663"}],"wp:term":[{"taxonomy":"product_brand","embeddable":true,"href":"https:\/\/gegokids.ee\/en\/wp-json\/wp\/v2\/product_brand?post=20663"},{"taxonomy":"product_cat","embeddable":true,"href":"https:\/\/gegokids.ee\/en\/wp-json\/wp\/v2\/product_cat?post=20663"},{"taxonomy":"product_tag","embeddable":true,"href":"https:\/\/gegokids.ee\/en\/wp-json\/wp\/v2\/product_tag?post=20663"}],"curies":[{"name":"wp","href":"https:\/\/api.w.org\/{rel}","templated":true}]}}